{"id":80379,"date":"2024-09-19T18:03:55","date_gmt":"2024-09-19T16:03:55","guid":{"rendered":"https:\/\/micronordic.com\/product\/dell-latitude-7030-rugged-extreme-tablet-new\/"},"modified":"2025-11-17T09:56:53","modified_gmt":"2025-11-17T08:56:53","slug":"dell-latitude-7030-rugged-extreme-tablet","status":"publish","type":"product","link":"https:\/\/micronordic.com\/sv\/product\/dell-latitude-7030-rugged-extreme-tablet\/","title":{"rendered":"Dell Latitude 7030 Rugged Extreme Tablet (NY)"},"content":{"rendered":"<?xml encoding=\"utf-8\" ?><h2 data-start=\"246\" data-end=\"290\">Dell Latitude 7030 Rugged Extreme Tablet<\/h2><p data-start=\"292\" data-end=\"879\"><strong data-start=\"296\" data-end=\"333\">Dell Latitude 7030 Rugged Extreme<\/strong> &auml;r en kompakt, helt rugged tablet som &auml;r utformad f&ouml;r yrkesverksamma som beh&ouml;ver maximal b&auml;rbarhet utan att kompromissa med h&aring;llbarheten. Den &auml;r byggd f&ouml;r att klara tuffa f&ouml;rh&aring;llanden och kombinerar prestanda i f&ouml;retagsklass med rugged-certifieringar, vilket g&ouml;r den idealisk f&ouml;r f&auml;ltservice, allm&auml;nnyttiga f&ouml;retag, offentlig s&auml;kerhet och industriella milj&ouml;er. Med sin l&auml;tta formfaktor p&aring; 10,1 tum, sk&auml;rm med h&ouml;g ljusstyrka och batterier som kan bytas direkt ger Latitude 7030 flexibiliteten att vara produktiv i uppdragskritiska situationer d&auml;r konsumenternas tabletter inte r&auml;cker till.   Nya produkter har 3 &aring;rs tillverkargaranti.<\/p><h2 data-start=\"881\" data-end=\"939\">Viktiga funktioner i Dell Latitude 7030 Rugged Extreme<\/h2><ul data-start=\"941\" data-end=\"2007\">\n<li data-start=\"941\" data-end=\"1076\">\n<p data-start=\"943\" data-end=\"1076\"><strong data-start=\"943\" data-end=\"966\">Helt rugged design<\/strong> &ndash; IP65-klassad, MIL-STD-810H-certifierad och testad mot fall, st&ouml;tar, vibrationer, damm och vattenintr&auml;ngning.<\/p>\n<\/li>\n<li data-start=\"1077\" data-end=\"1219\">\n<p data-start=\"1079\" data-end=\"1219\"><strong data-start=\"1079\" data-end=\"1110\">10,1&Prime; sk&auml;rm f&ouml;r utomhusbruk<\/strong> &ndash; FHD+ (1920&times;1200) med 1 000 nits ljusstyrka, antireflexbel&auml;ggning och touchinmatning med handske\/pennfunktion.<\/p>\n<\/li>\n<li data-start=\"1220\" data-end=\"1340\">\n<p data-start=\"1222\" data-end=\"1340\"><strong data-start=\"1222\" data-end=\"1258\">12:e generationens Intel&reg; Core&trade;-processorer<\/strong> &ndash; i3, i5 eller i7 med vPro&reg; som tillval f&ouml;r hanterbarhet i f&ouml;retagsklass.<\/p>\n<\/li>\n<li data-start=\"1341\" data-end=\"1453\">\n<p data-start=\"1343\" data-end=\"1453\"><strong data-start=\"1343\" data-end=\"1380\">Integrerad Intel Iris Xe-grafik<\/strong> &ndash; eller UHD-grafik p&aring; i3-modeller, vilket ger tillf&ouml;rlitlig visuell prestanda.<\/p>\n<\/li>\n<li data-start=\"1454\" data-end=\"1533\">\n<p data-start=\"1456\" data-end=\"1533\"><strong data-start=\"1456\" data-end=\"1474\">Minnesalternativ<\/strong> &ndash; 8 GB (basmodell), uppgraderingsbart till 32 GB LPDDR5, l&ouml;dda f&ouml;r rugged reliability.<\/p>\n<\/li>\n<li data-start=\"1534\" data-end=\"1610\">\n<p data-start=\"1536\" data-end=\"1610\"><strong data-start=\"1536\" data-end=\"1556\">Snabb SSD-lagring<\/strong> &ndash; 256 GB PCIe NVMe SSD-enheter (basmodell), uppgraderingsbara till 2 TB<\/p>\n<\/li>\n<li data-start=\"1611\" data-end=\"1726\">\n<p data-start=\"1613\" data-end=\"1726\"><strong data-start=\"1613\" data-end=\"1638\">Flexibla anslutningsm&ouml;jligheter<\/strong> &ndash; Wi-Fi, Bluetooth, 4G\/5G LTE som tillval, GPS och eSIM-st&ouml;d f&ouml;r mobila installationer.<\/p>\n<\/li>\n<li data-start=\"1727\" data-end=\"1827\">\n<p data-start=\"1729\" data-end=\"1827\"><strong data-start=\"1729\" data-end=\"1753\">Rugged I\/O-expansion<\/strong> &ndash; dubbla Thunderbolt 4 \/ USB-C-portar med valfria moduler f&ouml;r expansionsfack.<\/p>\n<\/li>\n<li data-start=\"1828\" data-end=\"1914\">\n<p data-start=\"1830\" data-end=\"1914\"><strong data-start=\"1830\" data-end=\"1862\">Hot-swappable batterisystem<\/strong> &ndash; oavbruten str&ouml;mf&ouml;rs&ouml;rjning under l&aring;nga arbetspass.<\/p>\n<\/li>\n<li data-start=\"1915\" data-end=\"2007\">\n<p data-start=\"1917\" data-end=\"2007\"><strong data-start=\"1917\" data-end=\"1934\">Kompakt konstruktion<\/strong> &ndash; l&auml;tt, rugged design p&aring; strax &ouml;ver 1 kg, optimerad f&ouml;r mobilitet.<\/p>\n<\/li>\n<\/ul><h2 data-start=\"2009\" data-end=\"2062\">Viktiga f&ouml;rdelar med Latitude 7030 Rugged Extreme<\/h2><h3 data-start=\"2064\" data-end=\"2096\">Kompakt Rugged Portabilitet<\/h3><p data-start=\"2097\" data-end=\"2400\">Till skillnad fr&aring;n mer skrymmande, robusta laptops ger Latitude 7030 fullt robust skydd i en 10,1-tums Tablet. Med en vikt p&aring; bara drygt 1 kg &auml;r den l&auml;tt att b&auml;ra med sig ut p&aring; f&auml;ltet, montera i fordon eller anv&auml;nda till fots. Detta g&ouml;r den s&auml;rskilt v&auml;rdefull f&ouml;r mobila yrkesverksamma som beh&ouml;ver en p&aring;litlig men l&auml;tt rugged enhet.  <\/p><h3 data-start=\"2402\" data-end=\"2432\">Utomhusl&auml;sbar display<\/h3><p data-start=\"2433\" data-end=\"2708\">7030:s FHD+-sk&auml;rm med 1 000 nit ger utm&auml;rkt synlighet i direkt solljus, och den LumiBond&reg;-liknande tekniken g&ouml;r det m&ouml;jligt att anv&auml;nda handskar och pekpennor. Arbetare inom bygg- och anl&auml;ggningsbranschen, el- och vattenf&ouml;rs&ouml;rjning samt inspektioner kan anv&auml;nda tabletten effektivt &auml;ven under ljusa utomhusf&ouml;rh&aring;llanden. <\/p><h3 data-start=\"2710\" data-end=\"2744\">Prestanda i f&ouml;retagsklass<\/h3><p data-start=\"2745\" data-end=\"3038\">Med 12:e generationens Intel&reg; Core&trade;-processorer och vPro&reg; som tillval st&ouml;der Latitude 7030 kr&auml;vande aff&auml;rsapplikationer samtidigt som den ger IT-teamen avancerad hanterbarhet. Integrerad Iris Xe-grafik hanterar visuella arbetsbelastningar som GIS-kartl&auml;ggning, teknisk dokumentation och inspektionsrapporter. <\/p><h3 data-start=\"3040\" data-end=\"3092\">Kontinuerlig drifttid med batterier som kan bytas ut direkt<\/h3><p data-start=\"3093\" data-end=\"3315\">Det varmbytbara batterisystemet &auml;r utformat f&ouml;r l&aring;ngvarig anv&auml;ndning p&aring; f&auml;ltet och garanterar inga driftstopp. Medarbetarna kan byta batterier n&auml;r de &auml;r p&aring; spr&aring;ng utan att beh&ouml;va st&auml;nga av str&ouml;mmen, vilket g&ouml;r att verksamheten kan forts&auml;tta under l&aring;nga arbetspass och p&aring; distans. <\/p><h3 data-start=\"3317\" data-end=\"3350\">Konnektivitet utan gr&auml;nser<\/h3><p data-start=\"3351\" data-end=\"3647\">Oavsett om du befinner dig p&aring; ett lager, i ett fordon eller utomhus h&aring;ller Latitude 7030 teamen uppkopplade. Med Wi-Fi, Bluetooth och LTE\/5G plus GPS (tillval) &auml;r kommunikation och platssp&aring;rning i realtid alltid tillg&auml;ngliga. eSIM-st&ouml;d effektiviserar installationen av mobiln&auml;tet och g&ouml;r drifts&auml;ttningen mer effektiv.  <\/p><h3 data-start=\"3649\" data-end=\"3688\">Rugged Expansion och anpassningsbarhet<\/h3><p data-start=\"3689\" data-end=\"3985\">Tabletten har st&ouml;d f&ouml;r expansionsmoduler, vilket g&ouml;r att f&ouml;retag kan anpassa arbetsfl&ouml;den med ytterligare I\/O-portar, skannrar eller annan kringutrustning. Dess dubbla Thunderbolt 4-portar m&ouml;jligg&ouml;r snabb data&ouml;verf&ouml;ring och st&ouml;d f&ouml;r extern sk&auml;rm, vilket ut&ouml;kar tablettens funktionalitet ut&ouml;ver vanliga rugged tablets. <\/p><h3 data-start=\"3987\" data-end=\"4030\">Byggd f&ouml;r att t&aring;la tuffa milj&ouml;er<\/h3><p data-start=\"4031\" data-end=\"4257\">Med IP65-skydd och MIL-STD-810H-certifiering &auml;r Latitude 7030 motst&aring;ndskraftig mot damm, vatten, vibrationer och extrema temperaturer. Den &auml;r specialbyggd f&ouml;r milj&ouml;er d&auml;r vanliga enheter snabbt skulle g&aring; s&ouml;nder. <\/p><h3 data-start=\"4259\" data-end=\"4290\">P&aring;litlighet och support<\/h3><p data-start=\"4291\" data-end=\"4539\">7030 &auml;r utformad f&ouml;r l&aring;ngsiktig tillf&ouml;rlitlighet och backas upp av Dells ekosystem f&ouml;r support och garanti f&ouml;r rugged-produkter. F&ouml;retag drar nytta av f&ouml;ruts&auml;gbar livscykelhantering och global servicetillg&auml;nglighet, vilket s&auml;kerst&auml;ller kontinuitet i kritiska verksamheter. <\/p><h2 data-start=\"4541\" data-end=\"4603\">Idealiska anv&auml;ndningsomr&aring;den f&ouml;r Dell Latitude 7030 Rugged Extreme<\/h2><ul data-start=\"4605\" data-end=\"5218\">\n<li data-start=\"4605\" data-end=\"4723\">\n<p data-start=\"4607\" data-end=\"4723\"><strong data-start=\"4607\" data-end=\"4638\">F&auml;ltservice och inspektioner<\/strong> &ndash; Kompakt och t&aring;lig f&ouml;r tekniker som arbetar i mobila milj&ouml;er och utomhus.<\/p>\n<\/li>\n<li data-start=\"4724\" data-end=\"4841\">\n<p data-start=\"4726\" data-end=\"4841\"><strong data-start=\"4726\" data-end=\"4748\">Verktyg och energi<\/strong> &ndash; P&aring;litlig f&ouml;r m&auml;taravl&auml;sning, n&auml;tinspektioner och underh&aring;ll under kr&auml;vande f&ouml;rh&aring;llanden.<\/p>\n<\/li>\n<li data-start=\"4842\" data-end=\"4983\">\n<p data-start=\"4844\" data-end=\"4983\"><strong data-start=\"4844\" data-end=\"4880\">Allm&auml;n s&auml;kerhet och r&auml;ddningstj&auml;nst<\/strong> &ndash; En p&aring;litlig, rugged plattform f&ouml;r data&aring;tkomst, kommunikation och samordning i n&ouml;dsituationer.<\/p>\n<\/li>\n<li data-start=\"4984\" data-end=\"5101\">\n<p data-start=\"4986\" data-end=\"5101\"><strong data-start=\"4986\" data-end=\"5013\">Logistik &amp; lager<\/strong> &ndash; L&auml;ttviktare f&ouml;r inventering, skanning och uppdatering av data i realtid n&auml;r du &auml;r p&aring; resande fot.<\/p>\n<\/li>\n<li data-start=\"5102\" data-end=\"5218\">\n<p data-start=\"5104\" data-end=\"5218\"><strong data-start=\"5104\" data-end=\"5129\">Industriell verksamhet<\/strong> &ndash; T&aring;lig mot damm, fukt och vibrationer i fabriker, anl&auml;ggningar och verkst&auml;der.<\/p>\n<\/li>\n<\/ul><h2 data-start=\"5220\" data-end=\"5263\">Dell Latitude 7030 Produktj&auml;mf&ouml;relser<\/h2><p data-start=\"5265\" data-end=\"5481\">Dell Latitude 7030 Rugged Extreme &auml;r byggd f&ouml;r yrkesverksamma som kr&auml;ver rugged prestanda i ett kompakt format. F&ouml;r organisationer som utv&auml;rderar alternativ finns det andra rugged-l&ouml;sningar tillg&auml;ngliga p&aring; MicroNordic, bland annat <\/p><ul data-start=\"5483\" data-end=\"6093\">\n<li data-start=\"5483\" data-end=\"5680\">\n<p data-start=\"5485\" data-end=\"5680\"><a href=\"https:\/\/micronordic.com\/product\/dell-rugged-extreme-5430-new\/\"><b>Dell Latitude 5430 Rugged Laptop <\/b><\/a>&ndash; En Semi-Rugged Laptop som balanserar mobilitet och h&aring;llbarhet med en st&ouml;rre sk&auml;rmstorlek.<\/p>\n<\/li>\n<li data-start=\"5681\" data-end=\"5890\">\n<p data-start=\"5683\" data-end=\"5890\"><a href=\"https:\/\/micronordic.com\/product\/panasonic-toughpad-fz-m1-refurbished\/\"><strong data-start=\"5683\" data-end=\"5802\">Panasonic TOUGHBOOK FZ-M1 Rugged Tablet<\/strong> <\/a>&ndash; En helt rugged 7&Prime; tablet utformad f&ouml;r extrem b&auml;rbarhet i specialiserade arbetsfl&ouml;den.<\/p>\n<\/li>\n<li data-start=\"5891\" data-end=\"6093\">\n<p data-start=\"5893\" data-end=\"6093\"><b><a href=\"https:\/\/micronordic.com\/product\/getac-f110-touch-fully-rugged-tablet\/\">Getac F110 Rugged Tablet<\/a> <\/b>&ndash; En Fully Rugged 11,6&Prime; Tablet med en st&ouml;rre sk&auml;rm f&ouml;r professionella anv&auml;ndare som beh&ouml;ver mer sk&auml;rmyta.<\/p>\n<\/li>\n<\/ul>\n","protected":false},"excerpt":{"rendered":"<h3>Specifikationer:<\/h3>\n<ul>\n<li><strong>Sk\u00e4rm:<\/strong> 10,1\u2033 FHD+ (1920\u00d71200), 1 000 nits solljusavl\u00e4sning, st\u00f6d f\u00f6r handskar och penna<\/li>\n<li><strong>Processor:<\/strong> 12:e generationens Intel\u00ae Core\u2122 i3 \/ i5 \/ i7, vPro\u00ae som tillval<\/li>\n<li><strong>Grafik:<\/strong> Integrerad Intel\u00ae Iris Xe (UHD p\u00e5 i3)<\/li>\n<li><strong>Minne:<\/strong> 8 GB (basmodell), uppgraderingsbart till 2 GB LPDDR5 RAM<\/li>\n<li><strong>Lagring:<\/strong> 256 PCIe NVMe SSD (basmodell), uppgraderingsbar till 2 TB<\/li>\n<li><strong>Anslutningsm\u00f6jligheter:<\/strong> Wi-Fi, Bluetooth, 4G\/5G LTE och GPS (tillval) med st\u00f6d f\u00f6r eSIM<\/li>\n<li><strong>Rugged certifieringar:<\/strong> MIL-STD-810H, IP65, droppt\u00e5lig, testad f\u00f6r extrema vibrationer och temperaturer<\/li>\n<li><strong>S\u00e4kerhet:<\/strong> TPM 2.0, Windows Hello, fingeravtrycksl\u00e4sare, smartkort och RFID (tillval)<\/li>\n<li><strong>Batteri:<\/strong> Hot-swapable batterisystem f\u00f6r kontinuerlig drifttid<\/li>\n<li><strong>M\u00e5tt och vikt:<\/strong> 262,5 \u00d7 188 \u00d7 25,4 mm, ca 1,01 kg <\/li>\n<li><strong>Garanti:<\/strong> 3 \u00e5rs standardgaranti fr\u00e5n Dell<\/li>\n<\/ul>\n","protected":false},"author":24,"featured_media":100112,"template":"","meta":{"_acf_changed":false,"inline_featured_image":false},"product-condition":[5257],"product_brand":[8938],"product_cat":[5218,5216,5221],"product_tag":[],"class_list":{"0":"post-80379","1":"product","2":"type-product","3":"status-publish","4":"has-post-thumbnail","6":"product-condition-new-in-box","7":"product_brand-dell","8":"product_cat-dell-rugged","9":"product_cat-all-rugged-tablets","10":"product_cat-new-in-box-rugged-hardware","12":"first","13":"instock","14":"taxable","15":"shipping-taxable","16":"purchasable","17":"product-type-simple"},"acf":[],"_links":{"self":[{"href":"https:\/\/micronordic.com\/sv\/wp-json\/wp\/v2\/product\/80379","targetHints":{"allow":["GET"]}}],"collection":[{"href":"https:\/\/micronordic.com\/sv\/wp-json\/wp\/v2\/product"}],"about":[{"href":"https:\/\/micronordic.com\/sv\/wp-json\/wp\/v2\/types\/product"}],"author":[{"embeddable":true,"href":"https:\/\/micronordic.com\/sv\/wp-json\/wp\/v2\/users\/24"}],"version-history":[{"count":2,"href":"https:\/\/micronordic.com\/sv\/wp-json\/wp\/v2\/product\/80379\/revisions"}],"predecessor-version":[{"id":97746,"href":"https:\/\/micronordic.com\/sv\/wp-json\/wp\/v2\/product\/80379\/revisions\/97746"}],"wp:featuredmedia":[{"embeddable":true,"href":"https:\/\/micronordic.com\/sv\/wp-json\/wp\/v2\/media\/100112"}],"wp:attachment":[{"href":"https:\/\/micronordic.com\/sv\/wp-json\/wp\/v2\/media?parent=80379"}],"wp:term":[{"taxonomy":"product-condition","embeddable":true,"href":"https:\/\/micronordic.com\/sv\/wp-json\/wp\/v2\/product-condition?post=80379"},{"taxonomy":"product_brand","embeddable":true,"href":"https:\/\/micronordic.com\/sv\/wp-json\/wp\/v2\/product_brand?post=80379"},{"taxonomy":"product_cat","embeddable":true,"href":"https:\/\/micronordic.com\/sv\/wp-json\/wp\/v2\/product_cat?post=80379"},{"taxonomy":"product_tag","embeddable":true,"href":"https:\/\/micronordic.com\/sv\/wp-json\/wp\/v2\/product_tag?post=80379"}],"curies":[{"name":"wp","href":"https:\/\/api.w.org\/{rel}","templated":true}]}}