{"id":80377,"date":"2024-08-02T13:29:58","date_gmt":"2024-08-02T11:29:58","guid":{"rendered":"https:\/\/micronordic.com\/product\/zebra-et65-rugged-enterprise-tablet-new\/"},"modified":"2025-11-17T10:40:51","modified_gmt":"2025-11-17T09:40:51","slug":"zebra-et65-rugged-enterprise-tablet","status":"publish","type":"product","link":"https:\/\/micronordic.com\/sv\/product\/zebra-et65-rugged-enterprise-tablet\/","title":{"rendered":"Zebra ET65 Rugged Tablet (NY)"},"content":{"rendered":"<?xml encoding=\"utf-8\" ?><h2 data-start=\"384\" data-end=\"423\">Zebra ET65 Rugged Tablet f&ouml;r f&ouml;retag<\/h2><p data-start=\"425\" data-end=\"981\"><strong data-start=\"429\" data-end=\"468\">Zebra ET65 Rugged Enterprise Tablet<\/strong> &auml;r utformad f&ouml;r de tuffaste utomhus- och industrimilj&ouml;erna och ger n&auml;sta niv&aring; av h&aring;llbarhet, ultraljus sk&auml;rmteknik och banbrytande anslutningsm&ouml;jligheter. ET65 bygger p&aring; den bepr&ouml;vade ET60-plattformen och &auml;r optimerad f&ouml;r f&auml;ltbaserad verksamhet med 5G-f&ouml;rsta design, f&ouml;rb&auml;ttrad GPS-noggrannhet och &ouml;verl&auml;gsna rugged-certifieringar. Det &auml;r det perfekta valet f&ouml;r organisationer som beh&ouml;ver en kraftfull, anpassningsbar Tablet som trivs i uppdragskritiska f&ouml;rh&aring;llanden som allm&auml;n s&auml;kerhet, allm&auml;nnyttiga f&ouml;retag och transport.   Nya produkter har 2 &aring;rs tillverkargaranti.<\/p><h2 data-start=\"983\" data-end=\"1032\">Viktiga funktioner i Zebra ET65 Rugged Tablet<\/h2><ul data-start=\"1034\" data-end=\"2074\">\n<li data-start=\"1034\" data-end=\"1144\">\n<p data-start=\"1036\" data-end=\"1144\"><strong data-start=\"1036\" data-end=\"1059\">Ultra-rugged design<\/strong> &ndash; MIL-STD-810H-certifierad, IP66\/IP68-klassad och falltestad f&ouml;r extrem h&aring;llbarhet.<\/p>\n<\/li>\n<li data-start=\"1145\" data-end=\"1255\">\n<p data-start=\"1147\" data-end=\"1255\"><strong data-start=\"1147\" data-end=\"1175\">12&Prime; ultra-ljusstark<\/strong> sk&auml;rm &ndash; 1 000+ nits solljusl&auml;sbar peksk&auml;rm med st&ouml;d f&ouml;r handskar och v&aring;t ber&ouml;ring.<\/p>\n<\/li>\n<li data-start=\"1256\" data-end=\"1354\">\n<p data-start=\"1258\" data-end=\"1354\"><strong data-start=\"1258\" data-end=\"1282\">N&auml;sta generations prestanda<\/strong> &ndash; Qualcomm&reg; 6490 octa-core processor med integrerad AI-acceleration.<\/p>\n<\/li>\n<li data-start=\"1355\" data-end=\"1468\">\n<p data-start=\"1357\" data-end=\"1468\"><strong data-start=\"1357\" data-end=\"1382\">5G-anslutning<\/strong> &ndash; Inbyggd 5G, Wi-Fi 6E, Bluetooth 5.2 och f&ouml;rb&auml;ttrad GPS f&ouml;r global mobilitet p&aring; f&auml;ltet.<\/p>\n<\/li>\n<li data-start=\"1469\" data-end=\"1582\">\n<p data-start=\"1471\" data-end=\"1582\"><strong data-start=\"1471\" data-end=\"1496\">M&aring;ngsidig formfaktor<\/strong> &ndash; valfritt rugged tangentbord och fordonsdocka g&ouml;r den till en ers&auml;ttare f&ouml;r laptop.<\/p>\n<\/li>\n<li data-start=\"1583\" data-end=\"1681\">\n<p data-start=\"1585\" data-end=\"1681\">Snabbt <strong data-start=\"1585\" data-end=\"1612\">utbytbara batterier<\/strong> &ndash; standard och ut&ouml;kade alternativ f&ouml;r oavbruten anv&auml;ndning under flera skift.<\/p>\n<\/li>\n<li data-start=\"1682\" data-end=\"1780\">\n<p data-start=\"1684\" data-end=\"1780\"><strong data-start=\"1684\" data-end=\"1717\">Datainsamling i f&ouml;retagsklass<\/strong> &ndash; Integrerad 2D-streckkodsl&auml;sare och h&ouml;guppl&ouml;sta kameror.<\/p>\n<\/li>\n<li data-start=\"1781\" data-end=\"1885\">\n<p data-start=\"1783\" data-end=\"1885\"><strong data-start=\"1783\" data-end=\"1811\">Zebra Mobility DNA tools<\/strong> &ndash; Ekosystem f&ouml;r programvara f&ouml;r enhetsdistribution, anslutning och s&auml;kerhet.<\/p>\n<\/li>\n<li data-start=\"1886\" data-end=\"1994\">\n<p data-start=\"1888\" data-end=\"1994\"><strong data-start=\"1888\" data-end=\"1911\">Ekosystem f&ouml;r tillbeh&ouml;r<\/strong> &ndash; Dockningsstationer, fordonsf&auml;sten och laddningsl&ouml;sningar f&ouml;r f&ouml;retag finns tillg&auml;ngliga.<\/p>\n<\/li>\n<li data-start=\"1995\" data-end=\"2074\">\n<p data-start=\"1997\" data-end=\"2074\"><strong data-start=\"1997\" data-end=\"2018\">Garantit&auml;ckning<\/strong> &ndash; omfattas av Zebras standard 2-&aring;rs begr&auml;nsade garanti.<\/p>\n<\/li>\n<\/ul><h2 data-start=\"2076\" data-end=\"2136\">Viktiga f&ouml;rdelar med Zebra ET65 Rugged Tablet f&ouml;r f&ouml;retag<\/h2><h3 data-start=\"2138\" data-end=\"2176\">Rugged prestanda bortom alla gr&auml;nser<\/h3><p data-start=\"2177\" data-end=\"2473\">ET65 &auml;r specialbyggd f&ouml;r att klara sig i de tuffaste milj&ouml;erna. Med IP66\/IP68-t&auml;tning st&aring;r den emot damm, kraftigt regn och neds&auml;nkning i vatten. MIL-STD-810H-certifiering s&auml;kerst&auml;ller motst&aring;ndskraft mot vibrationer, st&ouml;tar och extrema temperaturer, vilket g&ouml;r den till en p&aring;litlig enhet f&ouml;r frontlinjearbetare.  <\/p><h3 data-start=\"2475\" data-end=\"2509\">Ljusstark och l&auml;sbar &ouml;verallt<\/h3><p data-start=\"2510\" data-end=\"2756\">Den ultra-ljusstarka 12&Prime;-sk&auml;rmen ger utm&auml;rkt l&auml;sbarhet &auml;ven i direkt solljus. St&ouml;d f&ouml;r handskar och v&aring;t ber&ouml;ring m&ouml;jligg&ouml;r oavbruten anv&auml;ndning i utmanande v&auml;der, vilket g&ouml;r det m&ouml;jligt f&ouml;r f&auml;ltarbetare att komma &aring;t viktiga data och applikationer utan kompromisser. <\/p><h3 data-start=\"2758\" data-end=\"2798\">Optimerad f&ouml;r uppkoppling utomhus<\/h3><p data-start=\"2799\" data-end=\"3092\">Till skillnad fr&aring;n ET60 &auml;r ET65 konstruerad som en 5G-f&ouml;rsta Rugged Tablet. Med avancerad GPS-funktionalitet s&auml;kerst&auml;ller den mycket exakt positionering, medan 5G och Wi-Fi 6E ger ultrasnabb kommunikation f&ouml;r datatunga applikationer som direktuppspelning av video, GIS-kartl&auml;ggning och fj&auml;rrinspektioner. <\/p><h3 data-start=\"3094\" data-end=\"3128\">Prestanda i f&ouml;retagsklass<\/h3><p data-start=\"3129\" data-end=\"3368\">ET65 &auml;r utrustad med Qualcomm&reg; 6490-processor och ger kraftfull multitasking och AI-redo prestanda. Fr&aring;n industriell IoT-datainsamling till CAD-visualisering ger ET65 smidig drift och framtidss&auml;krad processorkraft. <\/p><h3 data-start=\"3370\" data-end=\"3403\">Flexibelt byte av laptop<\/h3><p data-start=\"3404\" data-end=\"3669\">Det ruggade tangentbordet och fordonsdockningsl&ouml;sningen (tillval) g&ouml;r ET65 till ett fullv&auml;rdigt alternativ till en laptop. Denna m&aring;ngsidighet minskar behovet av flera enheter och g&ouml;r det m&ouml;jligt f&ouml;r team att anpassa ET65 till olika arbetsfl&ouml;den, oavsett om det &auml;r p&aring; kontoret, i fordonet eller p&aring; f&auml;ltet. <\/p><h3 data-start=\"3671\" data-end=\"3699\">Ut&ouml;kad batterikapacitet<\/h3><p data-start=\"3700\" data-end=\"3907\">Batterier som kan bytas direkt s&auml;kerst&auml;ller kontinuerlig drifttid, &auml;ven under dubbla skift. Medarbetarna kan byta batterier p&aring; n&aring;gra sekunder utan att beh&ouml;va st&auml;nga av, vilket ger maximal produktivitet i verksamhetskritisk drift. <\/p><h3 data-start=\"3909\" data-end=\"3948\">Tillf&ouml;rlitlig dataf&aring;ngst och bildbehandling<\/h3><p data-start=\"3949\" data-end=\"4192\">Den integrerade 2D-streckkodsl&auml;saren och de h&ouml;guppl&ouml;sta kamerorna g&ouml;r ET65 idealisk f&ouml;r sp&aring;rning av tillg&aring;ngar, dokumentation av skick och rapportering i realtid. Skanningstekniken &auml;r optimerad f&ouml;r noggrannhet &auml;ven under kr&auml;vande f&ouml;rh&aring;llanden. <\/p><h3 data-start=\"4194\" data-end=\"4227\">S&auml;ker och f&ouml;retagsanpassad<\/h3><p data-start=\"4228\" data-end=\"4463\">Med Zebra Mobility DNA ger ET65 s&auml;kerhet och hanterbarhet p&aring; f&ouml;retagsniv&aring;. IT-team f&aring;r kontroll genom verktyg som StageNow, Enterprise Home Screen och WorryFree WiFi, vilket s&auml;kerst&auml;ller optimerad prestanda och minskad TCO. <\/p><h3 data-start=\"4465\" data-end=\"4494\">L&aring;ngsiktig tillf&ouml;rlitlighet<\/h3><p data-start=\"4495\" data-end=\"4700\">ET65 levereras med tre &aring;rs begr&auml;nsad garanti och Zebra supporttj&auml;nster som tillval. Organisationer kan lita p&aring; konsekvent prestanda och ut&ouml;kad livscykelhantering f&ouml;r uppdragskritiska implementeringar. <\/p><h2 data-start=\"4702\" data-end=\"4755\">Idealiska anv&auml;ndningsomr&aring;den f&ouml;r Zebra ET65 Rugged Tablet<\/h2><ul data-start=\"4757\" data-end=\"5320\">\n<li data-start=\"4757\" data-end=\"4877\">\n<p data-start=\"4759\" data-end=\"4877\"><strong data-start=\"4759\" data-end=\"4786\">Allm&auml;n s&auml;kerhet och f&ouml;rsvar<\/strong> &ndash; S&auml;kra och rugged kommunikationsverktyg f&ouml;r poliser och r&auml;ddningspersonal i frontlinjen.<\/p>\n<\/li>\n<li data-start=\"4878\" data-end=\"4995\">\n<p data-start=\"4880\" data-end=\"4995\"><strong data-start=\"4880\" data-end=\"4909\">Allm&auml;nnyttiga f&ouml;retag och f&auml;ltservice<\/strong> &ndash; Tillf&ouml;rlitlig i h&aring;rt v&auml;der och avl&auml;gsna omr&aring;den med avancerad GPS och 5G-anslutning.<\/p>\n<\/li>\n<li data-start=\"4996\" data-end=\"5107\">\n<p data-start=\"4998\" data-end=\"5107\"><strong data-start=\"4998\" data-end=\"5028\">Transport &amp; logistik<\/strong> &ndash; Fordonsmonterade arbetsfl&ouml;den, ruttoptimering och datadelning i realtid.<\/p>\n<\/li>\n<li data-start=\"5108\" data-end=\"5213\">\n<p data-start=\"5110\" data-end=\"5213\"><strong data-start=\"5110\" data-end=\"5140\">Konstruktion &amp; teknik<\/strong> &ndash; H&aring;llbar design och st&ouml;d f&ouml;r stora sk&auml;rmar p&aring; plats projektledning.<\/p>\n<\/li>\n<li data-start=\"5214\" data-end=\"5320\">\n<p data-start=\"5216\" data-end=\"5320\"><strong data-start=\"5216\" data-end=\"5244\">Industriell tillverkning<\/strong> &ndash; Fungerar felfritt vid vibrationer, damm och temperaturvariationer.<\/p>\n<\/li>\n<\/ul><h2 data-start=\"145\" data-end=\"181\">Zebra ET65 Produktj&auml;mf&ouml;relser<\/h2><p data-start=\"183\" data-end=\"412\">Zebra ET65 bygger vidare p&aring; ET60-plattformen och levererar starkare utomhusberedskap med 5G-f&ouml;rsta anslutningsm&ouml;jligheter och IP68-certifiering. F&ouml;r f&ouml;retag som utv&auml;rderar alternativ finns andra Rugged Tablets tillg&auml;ngliga p&aring; Micro Nordic, inklusive: <\/p><ul data-start=\"414\" data-end=\"855\">\n<li data-start=\"414\" data-end=\"574\">\n<p data-start=\"416\" data-end=\"574\"><a href=\"https:\/\/micronordic.com\/product\/zebra-et60-rugged-enterprise-tablet\/\"><strong data-start=\"416\" data-end=\"455\">Zebra ET60 Rugged Tablet f&ouml;r f&ouml;retag<\/strong><\/a> &ndash; Basplattformen med m&aring;ngsidig formfaktor och rugged prestanda, perfekt f&ouml;r blandade arbetsfl&ouml;den inomhus och utomhus.<\/p>\n<\/li>\n<li data-start=\"575\" data-end=\"698\">\n<p data-start=\"577\" data-end=\"698\"><a href=\"https:\/\/micronordic.com\/product\/getac-f110-touch-fully-rugged-tablet\/\"><strong data-start=\"577\" data-end=\"611\">Getac F110 Fully Rugged Tablet<\/strong><\/a> &ndash; En 11,6&Prime; Fully Rugged Tablet med Windows som &auml;r utformad f&ouml;r industri- och f&auml;ltverksamhet.<\/p>\n<\/li>\n<li data-start=\"699\" data-end=\"855\">\n<p data-start=\"701\" data-end=\"855\"><a href=\"https:\/\/micronordic.com\/product\/panasonic-toughpad-fz-m1-refurbished\/\"><strong data-start=\"701\" data-end=\"758\">Panasonic TOUGHBOOK FZ-M1 Rugged Tablet<\/strong><\/a> &ndash; En kompakt 7&Prime; Rugged Tablet som erbjuder b&auml;rbarhet och prisv&auml;rdhet f&ouml;r specialiserade anv&auml;ndningsomr&aring;den.<\/p>\n<\/li>\n<\/ul>\n","protected":false},"excerpt":{"rendered":"<h3>Specifikationer:<\/h3>\n<ul>\n<li><strong>Sk\u00e4rm:<\/strong> 12\u2033 ultra-ljusstark FHD-peksk\u00e4rm, 1000+ nits, st\u00f6d f\u00f6r handsk- och v\u00e5tpekning<\/li>\n<li><strong>Processor:<\/strong> Qualcomm\u00ae 6490 \u00e5ttak\u00e4rnig processor med AI-acceleration<\/li>\n<li><strong>Grafik:<\/strong> Integrerad Qualcomm Adreno GPU<\/li>\n<li><strong>Minne:<\/strong> Upp till 8 GB RAM<\/li>\n<li><strong>Lagringsutrymme:<\/strong> 64 GB &#8211; 128 GB UFS, utbyggbart via microSD<\/li>\n<li><strong>Anslutningsm\u00f6jligheter:<\/strong> 5G, Wi-Fi 6E, Bluetooth 5.2, GPS<\/li>\n<li><strong>Rugged certifieringar:<\/strong> MIL-STD-810H, IP66\/IP68, t\u00e5lig mot fall<\/li>\n<li><strong>S\u00e4kerhet:<\/strong> Android Enterprise-s\u00e4kerhet, EMM-kompatibilitet<\/li>\n<li><strong>Batteri:<\/strong> Hot-swappable standardbatteri och ut\u00f6kat batteri<\/li>\n<li><strong>M\u00e5tt och vikt:<\/strong> Cirka 12\u2033 modell, ~1,3 kg <\/li>\n<li><strong>Garanti:<\/strong> Standard 2-\u00e5rs begr\u00e4nsad garanti<\/li>\n<\/ul>\n","protected":false},"author":24,"featured_media":100172,"template":"","meta":{"_acf_changed":false,"inline_featured_image":false},"product-condition":[5257],"product_brand":[9005],"product_cat":[5216,5221,5224],"product_tag":[],"class_list":{"0":"post-80377","1":"product","2":"type-product","3":"status-publish","4":"has-post-thumbnail","6":"product-condition-new-in-box","7":"product_brand-zebra","8":"product_cat-all-rugged-tablets","9":"product_cat-new-in-box-rugged-hardware","10":"product_cat-zebra","12":"first","13":"instock","14":"taxable","15":"shipping-taxable","16":"purchasable","17":"product-type-simple"},"acf":[],"_links":{"self":[{"href":"https:\/\/micronordic.com\/sv\/wp-json\/wp\/v2\/product\/80377","targetHints":{"allow":["GET"]}}],"collection":[{"href":"https:\/\/micronordic.com\/sv\/wp-json\/wp\/v2\/product"}],"about":[{"href":"https:\/\/micronordic.com\/sv\/wp-json\/wp\/v2\/types\/product"}],"author":[{"embeddable":true,"href":"https:\/\/micronordic.com\/sv\/wp-json\/wp\/v2\/users\/24"}],"version-history":[{"count":2,"href":"https:\/\/micronordic.com\/sv\/wp-json\/wp\/v2\/product\/80377\/revisions"}],"predecessor-version":[{"id":97825,"href":"https:\/\/micronordic.com\/sv\/wp-json\/wp\/v2\/product\/80377\/revisions\/97825"}],"wp:featuredmedia":[{"embeddable":true,"href":"https:\/\/micronordic.com\/sv\/wp-json\/wp\/v2\/media\/100172"}],"wp:attachment":[{"href":"https:\/\/micronordic.com\/sv\/wp-json\/wp\/v2\/media?parent=80377"}],"wp:term":[{"taxonomy":"product-condition","embeddable":true,"href":"https:\/\/micronordic.com\/sv\/wp-json\/wp\/v2\/product-condition?post=80377"},{"taxonomy":"product_brand","embeddable":true,"href":"https:\/\/micronordic.com\/sv\/wp-json\/wp\/v2\/product_brand?post=80377"},{"taxonomy":"product_cat","embeddable":true,"href":"https:\/\/micronordic.com\/sv\/wp-json\/wp\/v2\/product_cat?post=80377"},{"taxonomy":"product_tag","embeddable":true,"href":"https:\/\/micronordic.com\/sv\/wp-json\/wp\/v2\/product_tag?post=80377"}],"curies":[{"name":"wp","href":"https:\/\/api.w.org\/{rel}","templated":true}]}}