{"id":80375,"date":"2024-08-02T13:58:55","date_gmt":"2024-08-02T11:58:55","guid":{"rendered":"https:\/\/micronordic.com\/product\/zebra-et60-rugged-enterprise-tablet-new\/"},"modified":"2025-11-17T10:25:28","modified_gmt":"2025-11-17T09:25:28","slug":"zebra-et60-rugged-enterprise-tablet","status":"publish","type":"product","link":"https:\/\/micronordic.com\/sv\/product\/zebra-et60-rugged-enterprise-tablet\/","title":{"rendered":"Zebra ET60 Rugged Tablet (NY)"},"content":{"rendered":"<?xml encoding=\"utf-8\" ?><h2 data-start=\"341\" data-end=\"380\">Zebra ET60 Rugged Tablet f&ouml;r f&ouml;retag<\/h2><p data-start=\"382\" data-end=\"886\"><strong data-start=\"386\" data-end=\"425\">Zebra ET60 Rugged Enterprise Tablet<\/strong> &auml;r en helt rugged enhet konstruerad f&ouml;r de mest kr&auml;vande milj&ouml;erna. ET60 &auml;r byggd f&ouml;r att leverera tillf&ouml;rlitlig prestanda i branscher som logistik, tillverkning, verktyg och allm&auml;n s&auml;kerhet och ger exceptionell h&aring;llbarhet, h&ouml;ghastighetsanslutning och flexibla konfigurationer. Med valfria l&ouml;stagbara tangentbord och en fordonsdocka kan den enkelt omvandlas till en rugged Laptop-ers&auml;ttning, vilket g&ouml;r den till en av Zebras mest m&aring;ngsidiga rugged tablets hittills.   Nya produkter har 2 &aring;rs tillverkargaranti.<\/p><h2 data-start=\"888\" data-end=\"937\">Viktiga funktioner i Zebra ET60 Rugged Tablet<\/h2><ul data-start=\"939\" data-end=\"1969\">\n<li data-start=\"939\" data-end=\"1044\">\n<p data-start=\"941\" data-end=\"1044\"><strong data-start=\"941\" data-end=\"964\">Fullt rugged design<\/strong> &ndash; MIL-STD-810H-certifierad, IP66-klassad och falltestad f&ouml;r extrem h&aring;llbarhet.<\/p>\n<\/li>\n<li data-start=\"1045\" data-end=\"1161\">\n<p data-start=\"1047\" data-end=\"1161\"><strong data-start=\"1047\" data-end=\"1079\">12&Prime; utomhusl&auml;sbar<\/strong> sk&auml;rm &ndash; Ultrastark peksk&auml;rm med st&ouml;d f&ouml;r handskar och v&aring;t ber&ouml;ring f&ouml;r alla f&ouml;rh&aring;llanden.<\/p>\n<\/li>\n<li data-start=\"1162\" data-end=\"1257\">\n<p data-start=\"1164\" data-end=\"1257\"><strong data-start=\"1164\" data-end=\"1187\">Kraftfull bearbetning<\/strong> &ndash; Qualcomm&reg; 6490 octa-core processor med avancerade AI-funktioner.<\/p>\n<\/li>\n<li data-start=\"1258\" data-end=\"1382\">\n<p data-start=\"1260\" data-end=\"1382\"><strong data-start=\"1260\" data-end=\"1284\">Flexibel formfaktor<\/strong> &ndash; konvertibel design med rugged tangentbord och fordonsdocka som tillval f&ouml;r arbetsfl&ouml;den som liknar laptop.<\/p>\n<\/li>\n<li data-start=\"1383\" data-end=\"1488\">\n<p data-start=\"1385\" data-end=\"1488\"><strong data-start=\"1385\" data-end=\"1418\">Anslutningsm&ouml;jligheter i f&ouml;retagsklass<\/strong> &ndash; Wi-Fi 6E, Bluetooth 5.2, GPS och 5G som tillval f&ouml;r mobilitet p&aring; f&auml;ltet.<\/p>\n<\/li>\n<li data-start=\"1489\" data-end=\"1577\">\n<p data-start=\"1491\" data-end=\"1577\">Batteri med <strong data-start=\"1491\" data-end=\"1515\">l&aring;ng livsl&auml;ngd<\/strong> &ndash; Batterialternativ med h&ouml;g kapacitet och st&ouml;d f&ouml;r hot swap.<\/p>\n<\/li>\n<li data-start=\"1578\" data-end=\"1668\">\n<p data-start=\"1580\" data-end=\"1668\"><strong data-start=\"1580\" data-end=\"1605\">Avancerad datainsamling<\/strong> &ndash; Integrerad 2D-streckkodsl&auml;sare och h&ouml;guppl&ouml;sta kameror.<\/p>\n<\/li>\n<li data-start=\"1669\" data-end=\"1779\">\n<p data-start=\"1671\" data-end=\"1779\"><strong data-start=\"1671\" data-end=\"1699\">Zebra Mobility DNA tools<\/strong> &ndash; F&ouml;rinstallerad programvarusvit f&ouml;r distribution, hantering och s&auml;ker drift.<\/p>\n<\/li>\n<li data-start=\"1780\" data-end=\"1889\">\n<p data-start=\"1782\" data-end=\"1889\"><strong data-start=\"1782\" data-end=\"1805\">Modul&auml;ra tillbeh&ouml;r<\/strong> &ndash; St&ouml;d f&ouml;r dockning, f&auml;sten, expansionsmoduler och laddningsl&ouml;sningar f&ouml;r f&ouml;retag.<\/p>\n<\/li>\n<li data-start=\"1890\" data-end=\"1969\">\n<p data-start=\"1892\" data-end=\"1969\"><strong data-start=\"1892\" data-end=\"1913\">Garanti ing&aring;r<\/strong> &ndash; omfattas av Zebras standard 2-&aring;rs begr&auml;nsade garanti.<\/p>\n<\/li>\n<\/ul><h2 data-start=\"1971\" data-end=\"2031\">Viktiga f&ouml;rdelar med Zebra ET60 Rugged Tablet f&ouml;r f&ouml;retag<\/h2><h3 data-start=\"2033\" data-end=\"2080\">Rugged tillf&ouml;rlitlighet f&ouml;r tuffa milj&ouml;er<\/h3><p data-start=\"2081\" data-end=\"2368\">ET60 &auml;r specialbyggd f&ouml;r extrema f&ouml;rh&aring;llanden, med MIL-STD-810H-certifiering och IP66-t&auml;tning som skyddar mot damm, vatten, vibrationer och extrema temperaturer. Fr&aring;n lager till f&auml;ltarbete utomhus, ET60 garanterar oavbruten prestanda d&auml;r konsumenternas tabletter skulle misslyckas. <\/p><h3 data-start=\"2370\" data-end=\"2403\">&Ouml;verl&auml;gsen synlighet p&aring; displayen<\/h3><p data-start=\"2404\" data-end=\"2697\">Med en stor 12&Prime; ultra-ljusstark display erbjuder ET60 utm&auml;rkt l&auml;sbarhet b&aring;de inomhus och utomhus. Sk&auml;rmen st&ouml;der inmatning med handskar och v&aring;t touch, vilket g&ouml;r den enkel att anv&auml;nda i regn, sn&ouml; eller dammiga milj&ouml;er. Denna synlighet &auml;r avg&ouml;rande f&ouml;r arbetare som f&ouml;rlitar sig p&aring; realtidsdata ute p&aring; f&auml;ltet.  <\/p><h3 data-start=\"2699\" data-end=\"2732\">H&ouml;gpresterande bearbetning<\/h3><p data-start=\"2733\" data-end=\"3031\">ET60 drivs av Qualcomm&reg; 6490 octa-core-processor och ger prestanda i f&ouml;retagsklass f&ouml;r kr&auml;vande arbetsbelastningar som GIS-kartl&auml;ggning, logistiksp&aring;rning och komplexa f&auml;ltserviceapplikationer. Dess AI-klara arkitektur s&auml;kerst&auml;ller framtidss&auml;ker anpassningsf&ouml;rm&aring;ga f&ouml;r nya f&ouml;retagsl&ouml;sningar. <\/p><h3 data-start=\"3033\" data-end=\"3060\">M&aring;ngsidig formfaktor<\/h3><p data-start=\"3061\" data-end=\"3317\">ET60 &auml;r mer &auml;n bara en Tablet. Med det robusta tangentbordet och fordonsdockan som tillval kan den fungera som en robust laptop. Denna m&aring;ngsidighet g&ouml;r det m&ouml;jligt f&ouml;r organisationer att minska enhetsflottan genom att konsolidera laptops och tablets till en plattform.  <\/p><h3 data-start=\"3319\" data-end=\"3357\">F&ouml;retagskonnektivitet &ouml;verallt<\/h3><p data-start=\"3358\" data-end=\"3603\">Med st&ouml;d f&ouml;r Wi-Fi 6E, Bluetooth 5.2, GPS och 5G (tillval) h&aring;ller ET60 teamen uppkopplade i alla situationer. Oavsett om det &auml;r i en fabrik, i ett fordon i r&ouml;relse eller p&aring; avl&auml;gsna f&auml;lt, s&auml;kerst&auml;ller tillf&ouml;rlitlig h&ouml;ghastighetskommunikation kontinuerlig produktivitet. <\/p><h3 data-start=\"3605\" data-end=\"3641\">F&ouml;rl&auml;ngd effekt f&ouml;r l&aring;nga skift<\/h3><p data-start=\"3642\" data-end=\"3883\">ET60 &auml;r utformad f&ouml;r att anv&auml;ndas hela dagen och har h&ouml;gkapacitetsbatterier med hot-swap-st&ouml;d, vilket g&ouml;r att medarbetarna kan byta batterier n&auml;r de &auml;r p&aring; spr&aring;ng utan att avbryta arbetsfl&ouml;det. Detta g&ouml;r den s&auml;rskilt l&auml;mplig f&ouml;r l&aring;nga skift och 24\/7-verksamhet. <\/p><h3 data-start=\"3885\" data-end=\"3920\">Avancerad skanning och bildbehandling<\/h3><p data-start=\"3921\" data-end=\"4149\">Med en integrerad 2D-skanner och h&ouml;guppl&ouml;sta kameror m&ouml;jligg&ouml;r ET60 snabb och exakt dataf&aring;ngst. Fr&aring;n streckkodsskanning inom logistik till bilddokumentation inom f&auml;ltservice &ndash; den f&ouml;rb&auml;ttrar effektiviteten och minskar antalet fel. <\/p><h3 data-start=\"4151\" data-end=\"4179\">Mobilitet DNA-ekosystem<\/h3><p data-start=\"4180\" data-end=\"4421\">ET60 &auml;r f&ouml;rinstallerad med Zebras Mobility DNA-programvarusvit och ger en komplett f&ouml;retagsl&ouml;sning. Verktyg f&ouml;r drifts&auml;ttning, s&auml;kerhet, optimering av anslutningar och anv&auml;ndarhantering ger IT-team kontroll samtidigt som de f&ouml;rb&auml;ttrar medarbetarnas produktivitet. <\/p><h3 data-start=\"4423\" data-end=\"4467\">Uppbackad av Zebras garanti och support<\/h3><p data-start=\"4468\" data-end=\"4695\">ET60 har tre &aring;rs begr&auml;nsad garanti, vilket s&auml;kerst&auml;ller l&aring;ngsiktig tillf&ouml;rlitlighet. Zebras supporttj&auml;nster f&ouml;r f&ouml;retag ut&ouml;kar livscykelhanteringen ytterligare, vilket ger organisationer sinnesro och minskad total &auml;gandekostnad. <\/p><h2 data-start=\"4697\" data-end=\"4750\">Idealiska anv&auml;ndningsomr&aring;den f&ouml;r Zebra ET60 Rugged Tablet<\/h2><ul data-start=\"4752\" data-end=\"5297\">\n<li data-start=\"4752\" data-end=\"4865\">\n<p data-start=\"4754\" data-end=\"4865\"><strong data-start=\"4754\" data-end=\"4781\">Logistik &amp; lagerh&aring;llning &ndash; Lagersp&aring;rning<\/strong> i realtid, streckkodsl&auml;sning och arbetsfl&ouml;den med gaffeltruckar.<\/p>\n<\/li>\n<li data-start=\"4866\" data-end=\"4975\">\n<p data-start=\"4868\" data-end=\"4975\"><strong data-start=\"4868\" data-end=\"4897\">F&auml;ltservice &amp; verktyg<\/strong> &ndash; H&aring;llbar och uppkopplad enhet f&ouml;r inspektioner, rapportering och underh&aring;ll.<\/p>\n<\/li>\n<li data-start=\"4976\" data-end=\"5085\">\n<p data-start=\"4978\" data-end=\"5085\"><strong data-start=\"4978\" data-end=\"4995\">Tillverkning<\/strong> &ndash; Tillf&ouml;rlitlig i produktionsmilj&ouml;er med utmaningar i form av damm, vibrationer och temperatur.<\/p>\n<\/li>\n<li data-start=\"5086\" data-end=\"5189\">\n<p data-start=\"5088\" data-end=\"5189\"><strong data-start=\"5088\" data-end=\"5115\">Offentlig s&auml;kerhet och f&ouml;rsvar<\/strong> &ndash; S&auml;ker kommunikation och rugged prestanda f&ouml;r frontlinjeoperationer.<\/p>\n<\/li>\n<li data-start=\"5190\" data-end=\"5297\">\n<p data-start=\"5192\" data-end=\"5297\"><strong data-start=\"5192\" data-end=\"5224\">Transport &amp; fleet management<\/strong> &ndash; Dockningsl&ouml;sningar och 5G-anslutning m&ouml;jligg&ouml;r mobila kommandocentraler.<\/p>\n<\/li>\n<\/ul><h2 data-start=\"139\" data-end=\"175\">Zebra ET60 Produktj&auml;mf&ouml;relser<\/h2><p data-start=\"177\" data-end=\"374\">Zebra ET60 ger o&ouml;vertr&auml;ffad m&aring;ngsidighet genom att &ouml;verbrygga klyftan mellan Rugged Tablets och laptops. F&ouml;r f&ouml;retag som j&auml;mf&ouml;r alternativ finns andra rugged enheter tillg&auml;ngliga p&aring; MicroNordic: <\/p><ul data-start=\"376\" data-end=\"778\">\n<li data-start=\"376\" data-end=\"501\">\n<p data-start=\"378\" data-end=\"501\"><a href=\"https:\/\/micronordic.com\/product\/zebra-et65-rugged-enterprise-tablet\/\"><strong data-start=\"378\" data-end=\"417\">Zebra ET65 Rugged Tablet f&ouml;r f&ouml;retag<\/strong><\/a> &ndash; En n&auml;rbesl&auml;ktad modell med avancerade utomhusfunktioner och 5G-f&ouml;rsta design.<\/p>\n<\/li>\n<li data-start=\"502\" data-end=\"634\">\n<p data-start=\"504\" data-end=\"634\"><a href=\"https:\/\/micronordic.com\/product\/getac-f110-touch-fully-rugged-tablet\/\"><strong data-start=\"504\" data-end=\"538\">Getac F110 Fully Rugged Tablet<\/strong><\/a> &ndash; En 11,6&Prime; Fully Rugged Tablet med Windows som &auml;r byggd f&ouml;r kr&auml;vande industri- och f&auml;lttill&auml;mpningar.<\/p>\n<\/li>\n<li data-start=\"635\" data-end=\"778\">\n<p data-start=\"637\" data-end=\"778\"><a href=\"https:\/\/micronordic.com\/product\/panasonic-toughpad-fz-m1-refurbished\/\"><strong data-start=\"637\" data-end=\"694\">Panasonic TOUGHBOOK FZ-M1 Rugged Tablet (renoverad)<\/strong><\/a> &ndash; En mindre 7&Prime; Rugged Tablet som ger b&auml;rbarhet f&ouml;r specialiserade arbetsfl&ouml;den.<\/p>\n<\/li>\n<\/ul>\n","protected":false},"excerpt":{"rendered":"<h3>Specifikationer:<\/h3>\n<ul>\n<li><strong>Display:<\/strong> 12\u2033 ultra-ljus peksk\u00e4rm, l\u00e4sbar i solljus, st\u00f6d f\u00f6r handskar och v\u00e5t ber\u00f6ring<\/li>\n<li><strong>Processor:<\/strong> Qualcomm\u00ae 6490 \u00e5ttak\u00e4rnig processor med AI-acceleration<\/li>\n<li><strong>Grafik:<\/strong> Integrerad Qualcomm Adreno GPU<\/li>\n<li><strong>Minne:<\/strong> Upp till 8 GB RAM<\/li>\n<li><strong>Lagringsutrymme:<\/strong> 64 GB &#8211; 128 GB UFS, utbyggbart via microSD<\/li>\n<li><strong>Anslutningsm\u00f6jligheter:<\/strong> Wi-Fi 6E, Bluetooth 5.2, GPS, 5G (tillval)<\/li>\n<li><strong>Rugged certifieringar:<\/strong> MIL-STD-810H, IP66, fallt\u00e5lig<\/li>\n<li><strong>S\u00e4kerhet:<\/strong> Android Enterprise-s\u00e4kerhet, EMM-kompatibilitet<\/li>\n<li><strong>Batteri:<\/strong> Hot-swappable standardbatteri och ut\u00f6kat batteri<\/li>\n<li><strong>M\u00e5tt och vikt:<\/strong> Cirka 12\u2033 modell, ~1,3 kg <\/li>\n<li><strong>Garanti:<\/strong> Standard 2-\u00e5rs begr\u00e4nsad garanti<\/li>\n<\/ul>\n","protected":false},"author":24,"featured_media":100172,"template":"","meta":{"_acf_changed":false,"inline_featured_image":false},"product-condition":[5257],"product_brand":[9005],"product_cat":[5216,5221,5224],"product_tag":[],"class_list":{"0":"post-80375","1":"product","2":"type-product","3":"status-publish","4":"has-post-thumbnail","6":"product-condition-new-in-box","7":"product_brand-zebra","8":"product_cat-all-rugged-tablets","9":"product_cat-new-in-box-rugged-hardware","10":"product_cat-zebra","12":"first","13":"instock","14":"taxable","15":"shipping-taxable","16":"purchasable","17":"product-type-simple"},"acf":[],"_links":{"self":[{"href":"https:\/\/micronordic.com\/sv\/wp-json\/wp\/v2\/product\/80375","targetHints":{"allow":["GET"]}}],"collection":[{"href":"https:\/\/micronordic.com\/sv\/wp-json\/wp\/v2\/product"}],"about":[{"href":"https:\/\/micronordic.com\/sv\/wp-json\/wp\/v2\/types\/product"}],"author":[{"embeddable":true,"href":"https:\/\/micronordic.com\/sv\/wp-json\/wp\/v2\/users\/24"}],"version-history":[{"count":3,"href":"https:\/\/micronordic.com\/sv\/wp-json\/wp\/v2\/product\/80375\/revisions"}],"predecessor-version":[{"id":97789,"href":"https:\/\/micronordic.com\/sv\/wp-json\/wp\/v2\/product\/80375\/revisions\/97789"}],"wp:featuredmedia":[{"embeddable":true,"href":"https:\/\/micronordic.com\/sv\/wp-json\/wp\/v2\/media\/100172"}],"wp:attachment":[{"href":"https:\/\/micronordic.com\/sv\/wp-json\/wp\/v2\/media?parent=80375"}],"wp:term":[{"taxonomy":"product-condition","embeddable":true,"href":"https:\/\/micronordic.com\/sv\/wp-json\/wp\/v2\/product-condition?post=80375"},{"taxonomy":"product_brand","embeddable":true,"href":"https:\/\/micronordic.com\/sv\/wp-json\/wp\/v2\/product_brand?post=80375"},{"taxonomy":"product_cat","embeddable":true,"href":"https:\/\/micronordic.com\/sv\/wp-json\/wp\/v2\/product_cat?post=80375"},{"taxonomy":"product_tag","embeddable":true,"href":"https:\/\/micronordic.com\/sv\/wp-json\/wp\/v2\/product_tag?post=80375"}],"curies":[{"name":"wp","href":"https:\/\/api.w.org\/{rel}","templated":true}]}}