{"id":80371,"date":"2024-08-02T13:58:55","date_gmt":"2024-08-02T11:58:55","guid":{"rendered":"https:\/\/micronordic.com\/product\/zebra-et40-rugged-enterprise-tablet-new\/"},"modified":"2025-11-17T10:36:15","modified_gmt":"2025-11-17T09:36:15","slug":"zebra-et40-rugged-enterprise-tablet","status":"publish","type":"product","link":"https:\/\/micronordic.com\/sv\/product\/zebra-et40-rugged-enterprise-tablet\/","title":{"rendered":"Zebra ET40 Rugged Tablet (NY)"},"content":{"rendered":"<?xml encoding=\"utf-8\" ?><h2 data-start=\"283\" data-end=\"322\">Zebra ET40 Rugged Tablet f&ouml;r f&ouml;retag<\/h2><p data-start=\"324\" data-end=\"841\"><strong data-start=\"328\" data-end=\"367\">Zebra ET40 Rugged Tablet<\/strong> &auml;r utformad f&ouml;r f&ouml;retag som kr&auml;ver mer &auml;n vad enheter i konsumentklass kan erbjuda. Genom att kombinera en l&auml;tt formfaktor med h&aring;llbarhet p&aring; f&ouml;retagsniv&aring; ger ET40 en kostnadseffektiv l&ouml;sning f&ouml;r branscher som detaljhandel, g&auml;stfrihet, transport, logistik och f&auml;lttj&auml;nster. Med rugged certifieringar, avancerad datainsamling och l&aring;ngvarig prestanda s&auml;kerst&auml;ller ET40 tillf&ouml;rlitlig drift oavsett om det &auml;r p&aring; verkstadsgolvet, i lagret eller ute p&aring; f&auml;ltet. Nya produkter har 2 &aring;rs tillverkargaranti.   <\/p><h2 data-start=\"843\" data-end=\"892\">Viktiga funktioner i Zebra ET40 Rugged Tablet<\/h2><ul data-start=\"894\" data-end=\"1953\">\n<li data-start=\"894\" data-end=\"1009\">\n<p data-start=\"896\" data-end=\"1009\"><strong data-start=\"896\" data-end=\"913\">Rugged design<\/strong> &ndash; Falltestad till 1,2 m (4 ft) p&aring; betong och IP65-certifierad f&ouml;r skydd mot damm och vatten.<\/p>\n<\/li>\n<li data-start=\"1010\" data-end=\"1120\">\n<p data-start=\"1012\" data-end=\"1120\"><strong data-start=\"1012\" data-end=\"1039\">Display med h&ouml;g synlighet<\/strong> &ndash; 10,1&Prime; FHD-peksk&auml;rm med l&auml;sbarhet i dagsljus och st&ouml;d f&ouml;r handsk- och v&aring;ttouch.<\/p>\n<\/li>\n<li data-start=\"1121\" data-end=\"1244\">\n<p data-start=\"1123\" data-end=\"1244\"><strong data-start=\"1123\" data-end=\"1155\">Prestanda i f&ouml;retagsklass<\/strong> &ndash; drivs av en &aring;ttak&auml;rnig processor med smidig multitasking och applikationshantering.<\/p>\n<\/li>\n<li data-start=\"1245\" data-end=\"1344\">\n<p data-start=\"1247\" data-end=\"1344\"><strong data-start=\"1247\" data-end=\"1273\">M&aring;ngsidiga anslutningsm&ouml;jligheter<\/strong> &ndash; Wi-Fi 6, Bluetooth 5.0 och 4G LTE som tillval f&ouml;r mobil drift.<\/p>\n<\/li>\n<li data-start=\"1345\" data-end=\"1436\">\n<p data-start=\"1347\" data-end=\"1436\">Redo <strong data-start=\"1347\" data-end=\"1369\">f&ouml;r datainsamling<\/strong> &ndash; Integrerad 2D-streckkodsl&auml;sare och h&ouml;guppl&ouml;st bakre kamera.<\/p>\n<\/li>\n<li data-start=\"1437\" data-end=\"1535\">\n<p data-start=\"1439\" data-end=\"1535\"><strong data-start=\"1439\" data-end=\"1462\">Batteriflexibilitet<\/strong> &ndash; l&aring;ngvarigt batteri med hot-swap-funktion f&ouml;r oavbruten anv&auml;ndning.<\/p>\n<\/li>\n<li data-start=\"1536\" data-end=\"1649\">\n<p data-start=\"1538\" data-end=\"1649\"><strong data-start=\"1538\" data-end=\"1560\">Mobility DNA-svit<\/strong> &ndash; Inneh&aring;ller Zebras programvaruverktyg f&ouml;r f&ouml;retag f&ouml;r installation, hantering och s&auml;kerhet av enheter.<\/p>\n<\/li>\n<li data-start=\"1650\" data-end=\"1740\">\n<p data-start=\"1652\" data-end=\"1740\"><strong data-start=\"1652\" data-end=\"1681\">L&auml;tt och ergonomisk<\/strong> &ndash; tunn formfaktor utformad f&ouml;r bekv&auml;m anv&auml;ndning hela dagen.<\/p>\n<\/li>\n<li data-start=\"1741\" data-end=\"1852\">\n<p data-start=\"1743\" data-end=\"1852\"><strong data-start=\"1743\" data-end=\"1773\">Tillbeh&ouml;r f&ouml;r f&ouml;retag<\/strong> &ndash; St&ouml;d f&ouml;r dockning, fordonsf&auml;sten och laddningsl&ouml;sningar f&ouml;r f&ouml;retag.<\/p>\n<\/li>\n<li data-start=\"1853\" data-end=\"1953\">\n<p data-start=\"1855\" data-end=\"1953\"><strong data-start=\"1855\" data-end=\"1876\">Garanti ing&aring;r<\/strong> &ndash; Standard 2-&aring;rs begr&auml;nsad garanti med Zebra service- och supportalternativ.<\/p>\n<\/li>\n<\/ul><h2 data-start=\"1955\" data-end=\"2015\">Viktiga f&ouml;rdelar med Zebra ET40 Rugged Tablet f&ouml;r f&ouml;retag<\/h2><h3 data-start=\"2017\" data-end=\"2064\">Rugged h&aring;llbarhet med l&auml;ttviktsdesign<\/h3><p data-start=\"2065\" data-end=\"2263\">ET40 &auml;r konstruerad f&ouml;r att t&aring;la fall, damm och vatten samtidigt som den &auml;r l&auml;tt och enkel att b&auml;ra. Med en vikt p&aring; drygt 1 kg erbjuder den b&auml;rbarhet utan att kompromissa med den rugged tillf&ouml;rlitligheten. <\/p><h3 data-start=\"2265\" data-end=\"2295\">Utomhusl&auml;sbar display<\/h3><p data-start=\"2296\" data-end=\"2525\">FHD-sk&auml;rmen p&aring; 10,1&Prime; ger kristallklar synlighet i b&aring;de inomhus- och utomhusmilj&ouml;er. Med st&ouml;d f&ouml;r handskar och v&aring;t ber&ouml;ring kan medarbetarna interagera med enheten oavsett f&ouml;rh&aring;llanden, vilket s&auml;kerst&auml;ller oavbrutna arbetsfl&ouml;den. <\/p><h3 data-start=\"2527\" data-end=\"2578\">Kraftfull bearbetning f&ouml;r aff&auml;rsapplikationer<\/h3><p data-start=\"2579\" data-end=\"2829\">ET40 &auml;r utrustad med en avancerad &aring;ttak&auml;rnig processor som g&ouml;r det enkelt att hantera f&ouml;retagsapplikationer. Oavsett om du k&ouml;r POS-programvara i detaljhandeln, schemal&auml;ggningssystem i hotellbranschen eller tillg&aring;ngssp&aring;rning i logistikbranschen, f&ouml;rblir prestandan j&auml;mn och responsiv. <\/p><h3 data-start=\"2831\" data-end=\"2860\">Kontinuerlig anslutning<\/h3><p data-start=\"2861\" data-end=\"3123\">ET40 har st&ouml;d f&ouml;r Wi-Fi 6 och Bluetooth 5.0 f&ouml;r h&ouml;ghastighetskommunikation. F&ouml;r team ute p&aring; f&auml;ltet garanterar 4G LTE (tillval) oavbruten &aring;tkomst till viktiga data och molnbaserade applikationer. Den h&auml;r anslutningen m&ouml;jligg&ouml;r samarbete och beslutsfattande i realtid.  <\/p><h3 data-start=\"3125\" data-end=\"3152\">Avancerad datainsamling<\/h3><p data-start=\"3153\" data-end=\"3397\">Med sin inbyggda 2D-streckkodsl&auml;sare och h&ouml;guppl&ouml;sta kamera effektiviserar ET40 arbetsfl&ouml;den som lagerhantering, paketsp&aring;rning och dokumentinsamling. &Auml;ven skadade eller d&aring;ligt utskrivna streckkoder kan l&auml;sas med snabbhet och noggrannhet. <\/p><h3 data-start=\"3399\" data-end=\"3426\">F&ouml;rl&auml;ngd batteritid<\/h3><p data-start=\"3427\" data-end=\"3642\">ET40 &auml;r utformad f&ouml;r l&aring;nga arbetspass och har ett batteri med h&ouml;g kapacitet som klarar en hel dags arbete. Hot-swap-funktionen garanterar noll driftstopp, s&aring; att batterierna kan bytas ut n&auml;r du &auml;r p&aring; spr&aring;ng utan att st&auml;nga av enheten. <\/p><h3 data-start=\"3644\" data-end=\"3679\">Ekosystem f&ouml;r programvara f&ouml;r f&ouml;retag<\/h3><p data-start=\"3680\" data-end=\"3939\">Zebra Mobility DNA-sviten f&ouml;rb&auml;ttrar ET40 med verktyg f&ouml;r s&auml;ker enhetsinstallation, optimerad Wi-Fi-anslutning och f&ouml;rb&auml;ttrad anv&auml;ndarproduktivitet. Funktioner som Enterprise Home Screen och StageNow f&ouml;renklar drifts&auml;ttning och hantering av stora enhetsflottor. <\/p><h3 data-start=\"3941\" data-end=\"3976\">Tillf&ouml;rlitlig garanti och support<\/h3><p data-start=\"3977\" data-end=\"4189\">Med en tre&aring;rig begr&auml;nsad standardgaranti ger ET40 sinnesro f&ouml;r f&ouml;retag. Zebras serviceerbjudanden ut&ouml;kar ytterligare enhetens livscykelhantering, vilket s&auml;kerst&auml;ller maximal ROI och minimal driftstopp. <\/p><h2 data-start=\"4191\" data-end=\"4244\">Idealiska anv&auml;ndningsomr&aring;den f&ouml;r Zebra ET40 Rugged Tablet<\/h2><ul data-start=\"4246\" data-end=\"4780\">\n<li data-start=\"4246\" data-end=\"4350\">\n<p data-start=\"4248\" data-end=\"4350\"><strong data-start=\"4248\" data-end=\"4272\">Retail &amp; hospitality<\/strong> &ndash; Mobila kassasystem, lagerhantering och kundservice p&aring; butiksgolvet.<\/p>\n<\/li>\n<li data-start=\"4351\" data-end=\"4452\">\n<p data-start=\"4353\" data-end=\"4452\"><strong data-start=\"4353\" data-end=\"4383\">Transport &amp; logistik<\/strong> &ndash; Sp&aring;rning i realtid, streckkodsl&auml;sning och leveransbekr&auml;ftelse.<\/p>\n<\/li>\n<li data-start=\"4453\" data-end=\"4567\">\n<p data-start=\"4455\" data-end=\"4567\"><strong data-start=\"4455\" data-end=\"4484\">Field service &amp; utilities<\/strong> &ndash; P&aring;litlig prestanda f&ouml;r inspektioner, underh&aring;ll och rapportering p&aring; f&auml;ltet.<\/p>\n<\/li>\n<li data-start=\"4568\" data-end=\"4667\">\n<p data-start=\"4570\" data-end=\"4667\"><strong data-start=\"4570\" data-end=\"4585\">Lagerh&aring;llning<\/strong> &ndash; Effektiv plockning, packning och lagerstyrning med skanning och uppkoppling.<\/p>\n<\/li>\n<li data-start=\"4668\" data-end=\"4780\">\n<p data-start=\"4670\" data-end=\"4780\"><strong data-start=\"4670\" data-end=\"4687\">Offentlig sektor<\/strong> &ndash; En h&aring;llbar, b&auml;rbar enhet f&ouml;r medarbetare i frontlinjen som beh&ouml;ver s&auml;kra och uppkopplade arbetsfl&ouml;den.<\/p>\n<\/li>\n<\/ul><h2 data-start=\"281\" data-end=\"317\">Zebra ET40 Produktj&auml;mf&ouml;relser<\/h2><p data-start=\"319\" data-end=\"549\">Zebra ET40 &auml;r utformad som en kostnadseffektiv, rugged tablet f&ouml;r f&ouml;retag som balanserar h&aring;llbarhet, b&auml;rbarhet och prestanda. F&ouml;r organisationer som utv&auml;rderar alternativ finns andra rugged-l&ouml;sningar tillg&auml;ngliga p&aring; <strong>Micro Nordic<\/strong>, t.ex: <\/p><ul data-start=\"551\" data-end=\"927\">\n<li data-start=\"551\" data-end=\"672\">\n<p data-start=\"553\" data-end=\"672\"><a href=\"https:\/\/micronordic.com\/product\/zebra-et45-rugged-enterprise-tablet\/\"><strong data-start=\"553\" data-end=\"581\">Zebra ET45 Rugged Tablet<\/strong> <\/a>&ndash; Liknande design som ET40, men med ut&ouml;kade anslutningsm&ouml;jligheter och f&auml;ltfokuserade funktioner.<\/p>\n<\/li>\n<li data-start=\"673\" data-end=\"802\">\n<p data-start=\"675\" data-end=\"802\"><a href=\"https:\/\/micronordic.com\/product\/panasonic-toughpad-fz-m1-refurbished\/\"><strong data-start=\"675\" data-end=\"718\">Panasonic TOUGHBOOK FZ-M1 Rugged Tablet<\/strong><\/a> &ndash; En helt rugged 7&Prime; tablet byggd f&ouml;r extrem b&auml;rbarhet och kr&auml;vande f&auml;ltanv&auml;ndning.<\/p>\n<\/li>\n<li data-start=\"803\" data-end=\"927\">\n<p data-start=\"805\" data-end=\"927\"><strong data-start=\"805\" data-end=\"839\"><a href=\"https:\/\/micronordic.com\/product\/getac-f110-touch-fully-rugged-tablet\/\">Getac F110 Fully Rugged Tablet <\/a><\/strong>&ndash; En st&ouml;rre 11,6&Prime; Rugged Tablet som &auml;r utformad f&ouml;r anv&auml;ndare som beh&ouml;ver extra sk&auml;rmutrymme.<\/p>\n<\/li>\n<\/ul><p>&nbsp;<\/p>\n","protected":false},"excerpt":{"rendered":"<h3>Specifikationer:<\/h3>\n<ul>\n<li><strong>Sk\u00e4rm:<\/strong> 10,1\u2033 FHD (1920\u00d71200), peksk\u00e4rm som kan l\u00e4sas i solljus med st\u00f6d f\u00f6r handskar och v\u00e5t ber\u00f6ring<\/li>\n<li><strong>Processor:<\/strong> Octa-core Qualcomm Snapdragon-processor<\/li>\n<li><strong>Grafik:<\/strong> Integrerad Qualcomm Adreno GPU<\/li>\n<li><strong>Minne:<\/strong> 4 GB &#8211; 8 GB RAM-alternativ<\/li>\n<li><strong>Lagringsutrymme:<\/strong> 64 GB &#8211; 128 GB eMMC, utbyggbart via microSD<\/li>\n<li><strong>Anslutningsm\u00f6jligheter:<\/strong> Wi-Fi 6, Bluetooth 5.0, 4G LTE som tillval<\/li>\n<li><strong>Rugged certifieringar:<\/strong> MIL-STD-810H-testad, IP65-certifierad, 4 ft fallmotst\u00e5nd<\/li>\n<li><strong>S\u00e4kerhet:<\/strong> Android Enterprise-s\u00e4kerhet, valfritt st\u00f6d f\u00f6r Enterprise Mobility Management<\/li>\n<li><strong>Batteri: Standard<\/strong> batteri eller ut\u00f6kat batteri, hot swappable<\/li>\n<li><strong>M\u00e5tt och vikt:<\/strong> 10,1\u2033 modell ca 1,04 kg <\/li>\n<li><strong>Garanti:<\/strong> Standard 2-\u00e5rs begr\u00e4nsad garanti<\/li>\n<\/ul>\n","protected":false},"author":24,"featured_media":100157,"template":"","meta":{"_acf_changed":false,"inline_featured_image":false},"product-condition":[5257],"product_brand":[9005],"product_cat":[5216,5221,5224],"product_tag":[],"class_list":{"0":"post-80371","1":"product","2":"type-product","3":"status-publish","4":"has-post-thumbnail","6":"product-condition-new-in-box","7":"product_brand-zebra","8":"product_cat-all-rugged-tablets","9":"product_cat-new-in-box-rugged-hardware","10":"product_cat-zebra","12":"first","13":"instock","14":"taxable","15":"shipping-taxable","16":"purchasable","17":"product-type-simple"},"acf":[],"_links":{"self":[{"href":"https:\/\/micronordic.com\/sv\/wp-json\/wp\/v2\/product\/80371","targetHints":{"allow":["GET"]}}],"collection":[{"href":"https:\/\/micronordic.com\/sv\/wp-json\/wp\/v2\/product"}],"about":[{"href":"https:\/\/micronordic.com\/sv\/wp-json\/wp\/v2\/types\/product"}],"author":[{"embeddable":true,"href":"https:\/\/micronordic.com\/sv\/wp-json\/wp\/v2\/users\/24"}],"version-history":[{"count":4,"href":"https:\/\/micronordic.com\/sv\/wp-json\/wp\/v2\/product\/80371\/revisions"}],"predecessor-version":[{"id":97822,"href":"https:\/\/micronordic.com\/sv\/wp-json\/wp\/v2\/product\/80371\/revisions\/97822"}],"wp:featuredmedia":[{"embeddable":true,"href":"https:\/\/micronordic.com\/sv\/wp-json\/wp\/v2\/media\/100157"}],"wp:attachment":[{"href":"https:\/\/micronordic.com\/sv\/wp-json\/wp\/v2\/media?parent=80371"}],"wp:term":[{"taxonomy":"product-condition","embeddable":true,"href":"https:\/\/micronordic.com\/sv\/wp-json\/wp\/v2\/product-condition?post=80371"},{"taxonomy":"product_brand","embeddable":true,"href":"https:\/\/micronordic.com\/sv\/wp-json\/wp\/v2\/product_brand?post=80371"},{"taxonomy":"product_cat","embeddable":true,"href":"https:\/\/micronordic.com\/sv\/wp-json\/wp\/v2\/product_cat?post=80371"},{"taxonomy":"product_tag","embeddable":true,"href":"https:\/\/micronordic.com\/sv\/wp-json\/wp\/v2\/product_tag?post=80371"}],"curies":[{"name":"wp","href":"https:\/\/api.w.org\/{rel}","templated":true}]}}