{"id":80369,"date":"2024-08-01T20:13:44","date_gmt":"2024-08-01T18:13:44","guid":{"rendered":"https:\/\/micronordic.com\/product\/zebra-tc58e-handheld-mobile-computer-new\/"},"modified":"2025-11-17T10:42:39","modified_gmt":"2025-11-17T09:42:39","slug":"zebra-tc58e-handheld-mobile-computer","status":"publish","type":"product","link":"https:\/\/micronordic.com\/sv\/product\/zebra-tc58e-handheld-mobile-computer\/","title":{"rendered":"Zebra TC58e Handheld Mobile Computer (NY)"},"content":{"rendered":"<?xml encoding=\"utf-8\" ?><h2 data-start=\"289\" data-end=\"327\">Zebra TC58e Rugged mobil dator<\/h2><p data-start=\"329\" data-end=\"787\"><strong data-start=\"333\" data-end=\"371\">Zebra TC58e Rugged Mobile Computer<\/strong> levererar den senaste generationen av f&ouml;retagsmobilitet i en kompakt handh&aring;llen design. TC58e &auml;r byggd f&ouml;r kr&auml;vande branscher som logistik, detaljhandel, transport och f&auml;lttj&auml;nster och kombinerar rugged h&aring;llbarhet, 5G-f&ouml;rsta anslutning, avancerad datainsamling och l&aring;ng batteritid. Oavsett om den anv&auml;nds inomhus eller utomhus ger den medarbetarna ett tillf&ouml;rlitligt, kraftfullt och s&auml;kert verktyg f&ouml;r uppdragskritiska arbetsfl&ouml;den.   Nya produkter har 2 &aring;rs tillverkargaranti.<\/p><h2 data-start=\"789\" data-end=\"825\">Viktiga egenskaper hos Zebra TC58e<\/h2><ul data-start=\"827\" data-end=\"1768\">\n<li data-start=\"827\" data-end=\"949\">\n<p data-start=\"829\" data-end=\"949\"><strong data-start=\"829\" data-end=\"846\">Rugged design<\/strong> &ndash; IP65\/IP68-klassad f&ouml;r damm- och vattent&aring;lighet, och falltestad f&ouml;r h&aring;llbarhet i tuffa f&ouml;rh&aring;llanden.<\/p>\n<\/li>\n<li data-start=\"950\" data-end=\"1055\">\n<p data-start=\"952\" data-end=\"1055\"><strong data-start=\"952\" data-end=\"975\">Ljusstark 6,0&Prime;-sk&auml;rm<\/strong> &ndash; Full HD+ peksk&auml;rm med 600 nits ljusstyrka, st&ouml;d f&ouml;r handskar och v&aring;t ber&ouml;ring.<\/p>\n<\/li>\n<li data-start=\"1056\" data-end=\"1149\">\n<p data-start=\"1058\" data-end=\"1149\"><strong data-start=\"1058\" data-end=\"1079\">Modern bearbetning<\/strong> &ndash; Qualcomm&reg; octa-core-plattform garanterar snabb och effektiv prestanda.<\/p>\n<\/li>\n<li data-start=\"1150\" data-end=\"1231\">\n<p data-start=\"1152\" data-end=\"1231\"><strong data-start=\"1152\" data-end=\"1179\">Anslutningsm&ouml;jligheter f&ouml;r f&ouml;retag<\/strong> &ndash; 5G, Wi-Fi 6E, Bluetooth, GPS och eSIM-alternativ.<\/p>\n<\/li>\n<li data-start=\"1232\" data-end=\"1333\">\n<p data-start=\"1234\" data-end=\"1333\"><strong data-start=\"1234\" data-end=\"1250\">Datainsamling<\/strong> &ndash; Integrerad 2D-streckkodsl&auml;sare (SE4720) samt bakre kamera p&aring; 16 MP och fr&auml;mre kamera p&aring; 8 MP.<\/p>\n<\/li>\n<li data-start=\"1334\" data-end=\"1428\">\n<p data-start=\"1336\" data-end=\"1428\"><strong data-start=\"1336\" data-end=\"1362\">Batteri som kan bytas ut i v&auml;rmen<\/strong> &ndash; 4680 mAh-batteri f&ouml;r kontinuerliga skift utan driftstopp.<\/p>\n<\/li>\n<li data-start=\"1429\" data-end=\"1500\">\n<p data-start=\"1431\" data-end=\"1500\"><strong data-start=\"1431\" data-end=\"1453\">L&auml;ttviktsdesign<\/strong> &ndash; v&auml;ger ca 282 g f&ouml;r enkel daglig anv&auml;ndning. <\/p>\n<\/li>\n<li data-start=\"1501\" data-end=\"1595\">\n<p data-start=\"1503\" data-end=\"1595\"><strong data-start=\"1503\" data-end=\"1524\">Inbyggd s&auml;kerhet<\/strong> &ndash; Android Enterprise ready, med s&auml;kerhetsfunktioner i f&ouml;retagsklass.<\/p>\n<\/li>\n<li data-start=\"1596\" data-end=\"1697\">\n<p data-start=\"1598\" data-end=\"1697\"><strong data-start=\"1598\" data-end=\"1620\">Mobility DNA-verktyg<\/strong> &ndash; Zebras ekosystem av appar f&ouml;r att f&ouml;renkla installation, drifts&auml;ttning och hantering.<\/p>\n<\/li>\n<li data-start=\"1698\" data-end=\"1768\">\n<p data-start=\"1700\" data-end=\"1768\"><strong data-start=\"1700\" data-end=\"1712\">Garanti<\/strong> &ndash; omfattas av en 2-&aring;rs begr&auml;nsad standardgaranti fr&aring;n tillverkaren.<\/p>\n<\/li>\n<\/ul><h2 data-start=\"1770\" data-end=\"1829\">Viktiga f&ouml;rdelar med Zebra TC58e Rugged Mobile Computer<\/h2><h3 data-start=\"1831\" data-end=\"1873\">Rugged tillf&ouml;rlitlighet i ett kompakt format<\/h3><p data-start=\"1874\" data-end=\"2063\">Trots sin l&auml;tta och slimmade design &auml;r TC58e Fully Rugged. Med IP65\/IP68-t&auml;tning och fallt&aring;lighet klarar den kr&auml;vande milj&ouml;er d&auml;r smartphones f&ouml;r konsumenter skulle misslyckas. <\/p><h3 data-start=\"2065\" data-end=\"2096\">Tydlig synlighet &ouml;verallt<\/h3><p data-start=\"2097\" data-end=\"2301\">Sk&auml;rmen p&aring; 6,0&Prime; ger utm&auml;rkt klarhet med 600 nits, vilket s&auml;kerst&auml;ller anv&auml;ndbarhet b&aring;de inomhus och utomhus. Med st&ouml;d f&ouml;r handskar och v&aring;t ber&ouml;ring kan medarbetarna h&aring;lla sig produktiva i regn, damm eller kalla v&auml;derf&ouml;rh&aring;llanden. <\/p><h3 data-start=\"2303\" data-end=\"2332\">H&ouml;ghastighetsanslutning<\/h3><p data-start=\"2333\" data-end=\"2573\">TC58e &auml;r utformad som en 5G-first mobil dator och m&ouml;jligg&ouml;r ultrasnabb data&ouml;verf&ouml;ring, videostreaming och anv&auml;ndning av applikationer i realtid. I kombination med Wi-Fi 6E och Bluetooth 5.0 garanterar den stabila och flexibla anslutningar i alla arbetsfl&ouml;den. <\/p><h3 data-start=\"2575\" data-end=\"2602\">Avancerad datainsamling<\/h3><p data-start=\"2603\" data-end=\"2838\">Den integrerade streckkodsl&auml;saren SE4720 hanterar &auml;ven skadade eller d&aring;ligt utskrivna streckkoder med snabbhet och precision. I kombination med h&ouml;guppl&ouml;sta kameror &auml;r TC58e idealisk f&ouml;r leveransbevis, dokumentation av tillg&aring;ngar och arbetsfl&ouml;den inom detaljhandeln. <\/p><h3 data-start=\"2840\" data-end=\"2878\">Batteri f&ouml;r kontinuerlig drift<\/h3><p data-start=\"2879\" data-end=\"3058\">Det varmbytbara 4680 mAh-batteriet g&ouml;r att medarbetarna kan h&aring;lla enheterna ig&aring;ng under l&aring;nga arbetspass. Batterierna kan bytas ut utan att enheten st&auml;ngs av, vilket s&auml;kerst&auml;ller oavbrutna arbetsfl&ouml;den. <\/p><h3 data-start=\"3060\" data-end=\"3099\">F&ouml;retagss&auml;kerhet och ekosystem<\/h3><p data-start=\"3100\" data-end=\"3326\">TC58e k&ouml;r Android med Zebras Mobility DNA-verktyg och kombinerar h&aring;rdvara och mjukvara till en verklig f&ouml;retagsklar l&ouml;sning. IT-team kan effektivisera distributionen, uppr&auml;tth&aring;lla policyer och optimera anslutningen mellan enheter. <\/p><h3 data-start=\"3328\" data-end=\"3361\">M&aring;ngsidig inom olika branscher<\/h3><p data-start=\"3362\" data-end=\"3579\">TC58e anpassar sig s&ouml;ml&ouml;st till allt fr&aring;n butiksgolv till leveransbilar. Kombinationen av robusthet, skanning, anslutningsm&ouml;jligheter och b&auml;rbarhet g&ouml;r den l&auml;mplig f&ouml;r b&aring;de logistik, f&auml;ltservice och detaljhandel. <\/p><h2 data-start=\"3581\" data-end=\"3621\">Idealiska anv&auml;ndningsomr&aring;den f&ouml;r Zebra TC58e<\/h2><ul data-start=\"3623\" data-end=\"4131\">\n<li data-start=\"3623\" data-end=\"3721\">\n<p data-start=\"3625\" data-end=\"3721\"><strong data-start=\"3625\" data-end=\"3649\">Detaljhandel och hotell- och restaurangbranschen<\/strong> &ndash; mobila kassor, inventering och kundkontakt p&aring; golvet.<\/p>\n<\/li>\n<li data-start=\"3722\" data-end=\"3827\">\n<p data-start=\"3724\" data-end=\"3827\"><strong data-start=\"3724\" data-end=\"3754\">Transport &amp; logistik<\/strong> &ndash; Leveransbevis, ruttplanering i realtid och sp&aring;rning av paket.<\/p>\n<\/li>\n<li data-start=\"3828\" data-end=\"3927\">\n<p data-start=\"3830\" data-end=\"3927\"><strong data-start=\"3830\" data-end=\"3859\">F&auml;ltservice och verktyg<\/strong> &ndash; Inspektioner, reparationer och datainsamling i utomhusmilj&ouml;er.<\/p>\n<\/li>\n<li data-start=\"3928\" data-end=\"4022\">\n<p data-start=\"3930\" data-end=\"4022\"><strong data-start=\"3930\" data-end=\"3945\">Lagerh&aring;llning<\/strong> &ndash; Plockning, scanning och lagerhantering i rugged industriella f&ouml;rh&aring;llanden.<\/p>\n<\/li>\n<li data-start=\"4023\" data-end=\"4131\">\n<p data-start=\"4025\" data-end=\"4131\"><strong data-start=\"4025\" data-end=\"4055\">Offentlig s&auml;kerhet och myndigheter<\/strong> &ndash; Tillf&ouml;rlitlig, s&auml;ker kommunikation och dokumentation f&ouml;r frontlinjearbetare.<\/p>\n<\/li>\n<\/ul><h2 data-start=\"4133\" data-end=\"4169\">Zebra TC58e Produktj&auml;mf&ouml;relser<\/h2><p data-start=\"224\" data-end=\"448\">Zebra TC58e representerar den senaste generationen av rugged handdatorer, optimerade f&ouml;r 5G-anslutning och avancerade arbetsfl&ouml;den. F&ouml;r organisationer som &ouml;verv&auml;ger alternativ finns andra rugged enheter tillg&auml;ngliga p&aring; Micro Nordic, bland annat: <\/p><ul data-start=\"450\" data-end=\"871\">\n<li data-start=\"450\" data-end=\"588\">\n<p data-start=\"452\" data-end=\"588\"><a href=\"https:\/\/micronordic.com\/product\/zebra-tc53e-handheld-mobile-computer\/\"><strong data-start=\"452\" data-end=\"490\">Zebra TC53e Handheld Mobile Computer<\/strong> <\/a>&ndash; En Wi-Fi-variant av samma plattform, idealisk d&auml;r mobilanslutning inte kr&auml;vs.<\/p>\n<\/li>\n<li data-start=\"589\" data-end=\"733\">\n<p data-start=\"591\" data-end=\"733\"><a href=\"https:\/\/micronordic.com\/product\/zebra-tc77-mobile-handheld-computer-refurbished\/\"><strong data-start=\"591\" data-end=\"635\">Zebra TC77 Handheld Mobile Computer<\/strong><\/a>&ndash; En &auml;ldre rugged enhet som &auml;r tillg&auml;nglig renoverad och erbjuder kraftig h&aring;llbarhet till en l&auml;gre kostnad.<\/p>\n<\/li>\n<li data-start=\"734\" data-end=\"871\">\n<p data-start=\"736\" data-end=\"871\"><a href=\"https:\/\/micronordic.com\/product\/zebra-et65-rugged-enterprise-tablet\/\"><strong data-start=\"736\" data-end=\"775\">Zebra ET65 Rugged Tablet<\/strong><\/a> &ndash; En st&ouml;rre 12&Prime; Rugged Tablet med 5G-anslutning f&ouml;r arbetsfl&ouml;den som kr&auml;ver mer sk&auml;rmutrymme.<\/p>\n<\/li>\n<\/ul>\n","protected":false},"excerpt":{"rendered":"<h3>Specifikationer:<\/h3>\n<ul>\n<li><strong>Sk\u00e4rm:<\/strong> 6,0\u2033 FHD+ (2160\u00d71080), 600 nits ljusstyrka, st\u00f6d f\u00f6r handskar och v\u00e5t ber\u00f6ring<\/li>\n<li><strong>Processor:<\/strong> Qualcomm octa-core upp till 2,4 GHz<\/li>\n<li><strong>Minne och lagring:<\/strong> 6 GB RAM, 64 GB flash<\/li>\n<li><strong>Anslutningsm\u00f6jligheter:<\/strong> 5G, Wi-Fi 6E, Bluetooth 5.0, GPS, eSIM<\/li>\n<li><strong>Datainsamling och kameror:<\/strong> 2D-imager (SE4720), 16 MP bakre kamera, 8 MP fr\u00e4mre kamera<\/li>\n<li><strong>Batteri:<\/strong> 4680 mAh varmt utbytbart batteri<\/li>\n<li><strong>Rugged-certifieringar:<\/strong> IP65\/IP68-klassad, fallt\u00e5lig<\/li>\n<li><strong>S\u00e4kerhet:<\/strong> Android Enterprise-funktioner, NFC, kryptering p\u00e5 f\u00f6retagsniv\u00e5<\/li>\n<li><strong>M\u00e5tt och vikt:<\/strong> Cirka 282 g <\/li>\n<li><strong>Garanti:<\/strong> 2 \u00e5rs begr\u00e4nsad standardgaranti fr\u00e5n tillverkaren<\/li>\n<\/ul>\n","protected":false},"author":24,"featured_media":100293,"template":"","meta":{"_acf_changed":false,"inline_featured_image":false},"product-condition":[5257],"product_brand":[9005],"product_cat":[5224,5217,5221],"product_tag":[],"class_list":{"0":"post-80369","1":"product","2":"type-product","3":"status-publish","4":"has-post-thumbnail","6":"product-condition-new-in-box","7":"product_brand-zebra","8":"product_cat-zebra","9":"product_cat-all-barcode-scanners","10":"product_cat-new-in-box-rugged-hardware","12":"first","13":"instock","14":"taxable","15":"shipping-taxable","16":"purchasable","17":"product-type-simple"},"acf":[],"_links":{"self":[{"href":"https:\/\/micronordic.com\/sv\/wp-json\/wp\/v2\/product\/80369","targetHints":{"allow":["GET"]}}],"collection":[{"href":"https:\/\/micronordic.com\/sv\/wp-json\/wp\/v2\/product"}],"about":[{"href":"https:\/\/micronordic.com\/sv\/wp-json\/wp\/v2\/types\/product"}],"author":[{"embeddable":true,"href":"https:\/\/micronordic.com\/sv\/wp-json\/wp\/v2\/users\/24"}],"version-history":[{"count":3,"href":"https:\/\/micronordic.com\/sv\/wp-json\/wp\/v2\/product\/80369\/revisions"}],"predecessor-version":[{"id":97842,"href":"https:\/\/micronordic.com\/sv\/wp-json\/wp\/v2\/product\/80369\/revisions\/97842"}],"wp:featuredmedia":[{"embeddable":true,"href":"https:\/\/micronordic.com\/sv\/wp-json\/wp\/v2\/media\/100293"}],"wp:attachment":[{"href":"https:\/\/micronordic.com\/sv\/wp-json\/wp\/v2\/media?parent=80369"}],"wp:term":[{"taxonomy":"product-condition","embeddable":true,"href":"https:\/\/micronordic.com\/sv\/wp-json\/wp\/v2\/product-condition?post=80369"},{"taxonomy":"product_brand","embeddable":true,"href":"https:\/\/micronordic.com\/sv\/wp-json\/wp\/v2\/product_brand?post=80369"},{"taxonomy":"product_cat","embeddable":true,"href":"https:\/\/micronordic.com\/sv\/wp-json\/wp\/v2\/product_cat?post=80369"},{"taxonomy":"product_tag","embeddable":true,"href":"https:\/\/micronordic.com\/sv\/wp-json\/wp\/v2\/product_tag?post=80369"}],"curies":[{"name":"wp","href":"https:\/\/api.w.org\/{rel}","templated":true}]}}