{"id":80367,"date":"2024-08-01T20:13:37","date_gmt":"2024-08-01T18:13:37","guid":{"rendered":"https:\/\/micronordic.com\/product\/zebra-tc53e-handheld-mobile-computer-new\/"},"modified":"2025-11-17T10:56:18","modified_gmt":"2025-11-17T09:56:18","slug":"zebra-tc53e-handheld-mobile-computer","status":"publish","type":"product","link":"https:\/\/micronordic.com\/sv\/product\/zebra-tc53e-handheld-mobile-computer\/","title":{"rendered":"Zebra TC53e Handheld Mobile Computer (NY)"},"content":{"rendered":"<?xml encoding=\"utf-8\" ?><h2 data-start=\"186\" data-end=\"224\">Zebra TC53e Rugged Handheld Mobile Computer<\/h2><p data-start=\"226\" data-end=\"769\"><strong data-start=\"230\" data-end=\"268\">Zebra TC53e Handheld Mobile Computer<\/strong> &auml;r n&auml;sta generations robusta f&ouml;retagsenhet som &auml;r utformad f&ouml;r att ge f&ouml;retag robust h&aring;llbarhet, &ouml;verl&auml;gsen anslutning och kraftfull prestanda f&ouml;r den dagliga verksamheten. TC53e &auml;r byggd p&aring; samma avancerade plattform som TC58e och erbjuder f&ouml;retagsmobilitet med en Wi-Fi f&ouml;rst-design, vilket g&ouml;r den till ett utm&auml;rkt val f&ouml;r detaljhandel, lager, tillverkning och g&auml;stfrihet. Kompakt men &auml;nd&aring; kraftfull, ger den organisationer prestandan hos en modern handenhet i kombination med Zebras bepr&ouml;vade rugged tillf&ouml;rlitlighet.   Nya produkter har 2 &aring;rs tillverkargaranti.<\/p><h2 data-start=\"771\" data-end=\"807\">Viktiga funktioner i Zebra TC53e Handheld Mobile Computer<\/h2><ul data-start=\"809\" data-end=\"1736\">\n<li data-start=\"809\" data-end=\"915\">\n<p data-start=\"811\" data-end=\"915\"><strong data-start=\"811\" data-end=\"832\">Rugged h&aring;llbarhet<\/strong> &ndash; IP65\/IP68-certifierad och falltestad, vilket garanterar prestanda under tuffa f&ouml;rh&aring;llanden.<\/p>\n<\/li>\n<li data-start=\"916\" data-end=\"1027\">\n<p data-start=\"918\" data-end=\"1027\"><strong data-start=\"918\" data-end=\"939\">6,0&Prime; FHD+-sk&auml;rm<\/strong> &ndash; 600 nits ljusstyrka med handsk- och v&aring;ttouchfunktion f&ouml;r anv&auml;ndning b&aring;de inomhus och utomhus.<\/p>\n<\/li>\n<li data-start=\"1028\" data-end=\"1118\">\n<p data-start=\"1030\" data-end=\"1118\"><strong data-start=\"1030\" data-end=\"1057\">Modern processorkraft<\/strong> &ndash; Qualcomm&reg; 6490 octa-core processor med AI-acceleration.<\/p>\n<\/li>\n<li data-start=\"1119\" data-end=\"1224\">\n<p data-start=\"1121\" data-end=\"1224\"><strong data-start=\"1121\" data-end=\"1137\">Anslutningsm&ouml;jligheter<\/strong> &ndash; Wi-Fi 6E, Bluetooth 5.2, GPS och eSIM-alternativ f&ouml;r tillf&ouml;rlitligt f&ouml;retagsn&auml;tverk.<\/p>\n<\/li>\n<li data-start=\"1225\" data-end=\"1324\">\n<p data-start=\"1227\" data-end=\"1324\"><strong data-start=\"1227\" data-end=\"1243\">Datainsamling<\/strong> &ndash; Integrerad SE4720 2D-streckkodsl&auml;sare samt bakre kamera p&aring; 16 MP och fr&auml;mre kamera p&aring; 8 MP.<\/p>\n<\/li>\n<li data-start=\"1325\" data-end=\"1400\">\n<p data-start=\"1327\" data-end=\"1400\"><strong data-start=\"1327\" data-end=\"1353\">Varmbytbart batteri<\/strong> &ndash; 4680 mAh batteri f&ouml;r kontinuerlig drift.<\/p>\n<\/li>\n<li data-start=\"1401\" data-end=\"1481\">\n<p data-start=\"1403\" data-end=\"1481\"><strong data-start=\"1403\" data-end=\"1425\">L&auml;ttviktsdesign<\/strong> &ndash; Smal, ergonomisk formfaktor som v&auml;ger ca 282 g. <\/p>\n<\/li>\n<li data-start=\"1482\" data-end=\"1568\">\n<p data-start=\"1484\" data-end=\"1568\"><strong data-start=\"1484\" data-end=\"1507\">S&auml;kerhet<\/strong> f&ouml;r f&ouml;retag &ndash; Android Enterprise &auml;r redo f&ouml;r f&ouml;retag med inbyggd s&auml;kerhet och NFC.<\/p>\n<\/li>\n<li data-start=\"1569\" data-end=\"1672\">\n<p data-start=\"1571\" data-end=\"1672\"><strong data-start=\"1571\" data-end=\"1599\">Zebra Mobility DNA tools<\/strong> &ndash; Svit av programvarul&ouml;sningar f&ouml;r installation, anslutning och hantering.<\/p>\n<\/li>\n<li data-start=\"1673\" data-end=\"1736\">\n<p data-start=\"1675\" data-end=\"1736\"><strong data-start=\"1675\" data-end=\"1687\">Garanti<\/strong> &ndash; omfattas av Zebras 2-&aring;rs begr&auml;nsade standardgaranti.<\/p>\n<\/li>\n<\/ul><h2 data-start=\"1738\" data-end=\"1797\">Viktiga f&ouml;rdelar med Zebra TC53e Rugged Mobile Computer<\/h2><h3 data-start=\"1799\" data-end=\"1825\">H&aring;llbar och p&aring;litlig<\/h3><p data-start=\"1826\" data-end=\"2036\">TC53e &auml;r tillr&auml;ckligt rugged f&ouml;r att trivas i hektiska butikslokaler, lager och back-of-house-milj&ouml;er. Dess IP65\/IP68-certifiering och fallt&aring;lighet g&ouml;r den till ett p&aring;litligt verktyg f&ouml;r h&ouml;gintensiva arbetsfl&ouml;den. <\/p><h3 data-start=\"2038\" data-end=\"2078\">Utm&auml;rkt display f&ouml;r produktivitet<\/h3><p data-start=\"2079\" data-end=\"2331\">TC53e har en ljusstark 6,0&Prime;-sk&auml;rm och inmatning med handsk- och v&aring;ttouch, vilket ger tydlig l&auml;sbarhet och smidig interaktion under olika f&ouml;rh&aring;llanden. Detta &auml;r s&auml;rskilt anv&auml;ndbart f&ouml;r butiksanst&auml;llda, lagerpersonal och f&auml;ltanv&auml;ndare som hanterar uppgifter p&aring; resande fot. <\/p><h3 data-start=\"2333\" data-end=\"2357\">Wi-Fi f&ouml;rst i design<\/h3><p data-start=\"2358\" data-end=\"2603\">Till skillnad fr&aring;n TC58e &auml;r TC53e optimerad f&ouml;r milj&ouml;er d&auml;r Wi-Fi &auml;r den prim&auml;ra anslutningen. Med Wi-Fi 6E kan medarbetarna dra nytta av snabb, stabil och s&auml;ker kommunikation &ouml;ver f&ouml;retagsn&auml;tverk, vilket g&ouml;r den idealisk f&ouml;r arbetsfl&ouml;den som kr&auml;ver mycket inomhusarbete. <\/p><h3 data-start=\"2605\" data-end=\"2639\">Prestanda p&aring; f&ouml;retagsniv&aring;<\/h3><p data-start=\"2640\" data-end=\"2883\">TC53e drivs av Qualcomm&reg; 6490 octa-core-processor och levererar stark multitasking och AI-klar prestanda. Oavsett om det handlar om att hantera lager, bearbeta order eller k&ouml;ra kr&auml;vande aff&auml;rsappar garanterar TC53e smidig prestanda. <\/p><h3 data-start=\"2885\" data-end=\"2915\">Effektiviserad datainsamling<\/h3><p data-start=\"2916\" data-end=\"3143\">Den integrerade 2D-streckkodsl&auml;saren SE4720 ger snabb och exakt scanning, &auml;ven av skadade streckkoder. I kombination med h&ouml;guppl&ouml;sta kameror st&ouml;der TC53e dokumentation, produktverifiering och detaljhandelstill&auml;mpningar. <\/p><h3 data-start=\"3145\" data-end=\"3173\">Tillf&ouml;rlitlig batterikraft<\/h3><p data-start=\"3174\" data-end=\"3340\">Med ett varmbytbart 4680 mAh-batteri klarar TC53e l&aring;nga arbetspass utan avbrott. Medarbetarna kan byta batterier utan att st&auml;nga av str&ouml;mmen, vilket maximerar drifttiden. <\/p><h3 data-start=\"3342\" data-end=\"3374\">S&auml;kerhet och hanterbarhet<\/h3><p data-start=\"3375\" data-end=\"3602\">TC53e integreras med Zebras Mobility DNA-svit, som f&ouml;renklar drifts&auml;ttning, &ouml;kar anslutningsm&ouml;jligheterna och f&ouml;rb&auml;ttrar s&auml;kerheten. Funktioner som StageNow och Enterprise Home Screen g&ouml;r det m&ouml;jligt f&ouml;r IT-team att hantera enheter p&aring; ett enkelt s&auml;tt. <\/p><h3 data-start=\"3604\" data-end=\"3637\">Ergonomisk och l&auml;tt att b&auml;ra<\/h3><p data-start=\"3638\" data-end=\"3806\">TC53e har en l&aring;g vikt p&aring; bara 282 g och &auml;r utformad f&ouml;r att vara bekv&auml;m under l&aring;nga arbetspass. Den smala profilen g&ouml;r den portabel och bekv&auml;m utan att ge avkall p&aring; h&aring;llbarheten. <\/p><h2 data-start=\"3808\" data-end=\"3848\">Idealiska anv&auml;ndningsomr&aring;den f&ouml;r Zebra TC53e<\/h2><ul data-start=\"3850\" data-end=\"4381\">\n<li data-start=\"3850\" data-end=\"3955\">\n<p data-start=\"3852\" data-end=\"3955\"><strong data-start=\"3852\" data-end=\"3876\">Detaljhandel och hotell<\/strong> &ndash; mobila kassor, lagerhantering, kundservice och transaktioner p&aring; golvet.<\/p>\n<\/li>\n<li data-start=\"3956\" data-end=\"4073\">\n<p data-start=\"3958\" data-end=\"4073\"><strong data-start=\"3958\" data-end=\"3988\">Lager &amp; distribution<\/strong> &ndash; Lagerkontroller, orderplockning och streckkodsl&auml;sning i verksamheter med stora volymer.<\/p>\n<\/li>\n<li data-start=\"4074\" data-end=\"4170\">\n<p data-start=\"4076\" data-end=\"4170\"><strong data-start=\"4076\" data-end=\"4093\">Tillverkning<\/strong> &ndash; Arbetsfl&ouml;den p&aring; verkstadsgolvet som kr&auml;ver h&aring;llbara handdatorer med snabb datainsamling.<\/p>\n<\/li>\n<li data-start=\"4171\" data-end=\"4269\">\n<p data-start=\"4173\" data-end=\"4269\"><strong data-start=\"4173\" data-end=\"4190\">F&auml;ltservice<\/strong> &ndash; Tillf&ouml;rlitlig Wi-Fi-prestanda och robusthet f&ouml;r tekniker som arbetar p&aring; plats.<\/p>\n<\/li>\n<li data-start=\"4270\" data-end=\"4381\">\n<p data-start=\"4272\" data-end=\"4381\"><strong data-start=\"4272\" data-end=\"4294\">Support f&ouml;r sjukv&aring;rden<\/strong> &ndash; insamling av patientdata, kontroll av utrustning och s&auml;ker &aring;tkomst till medicinska applikationer.<\/p>\n<\/li>\n<\/ul><h2 data-start=\"4383\" data-end=\"4419\">Zebra TC53e Produktj&auml;mf&ouml;relser<\/h2><p data-start=\"179\" data-end=\"403\">Zebra TC58e representerar den senaste generationen av rugged handdatorer, optimerade f&ouml;r 5G-anslutning och avancerade arbetsfl&ouml;den. F&ouml;r organisationer som &ouml;verv&auml;ger alternativ finns andra rugged enheter tillg&auml;ngliga p&aring; Micro Nordic, bland annat: <\/p><ul data-start=\"405\" data-end=\"826\">\n<li data-start=\"405\" data-end=\"543\">\n<p data-start=\"407\" data-end=\"543\"><a href=\"https:\/\/micronordic.com\/product\/zebra-tc53e-handheld-mobile-computer\/\"><strong data-start=\"407\" data-end=\"445\">Zebra TC53e Handheld Mobile Computer<\/strong><\/a>&ndash; En Wi-Fi-variant av samma plattform, idealisk d&auml;r mobilanslutning inte kr&auml;vs.<\/p>\n<\/li>\n<li data-start=\"544\" data-end=\"688\">\n<p data-start=\"546\" data-end=\"688\"><a href=\"https:\/\/micronordic.com\/product\/zebra-tc77-mobile-handheld-computer-refurbished\/\"><strong data-start=\"546\" data-end=\"590\">Zebra TC77 Handheld Mobile Computer<\/strong><\/a> &ndash; En &auml;ldre rugged enhet som &auml;r tillg&auml;nglig renoverad och erbjuder kraftig h&aring;llbarhet till en l&auml;gre kostnad.<\/p>\n<\/li>\n<li data-start=\"689\" data-end=\"826\">\n<p data-start=\"691\" data-end=\"826\"><a href=\"https:\/\/micronordic.com\/product\/zebra-et65-rugged-enterprise-tablet\/\"><strong data-start=\"691\" data-end=\"730\">Zebra ET65 Tablet<\/strong><\/a> &ndash; En st&ouml;rre 12&Prime; Rugged Tablet med 5G-anslutning f&ouml;r arbetsfl&ouml;den som kr&auml;ver mer sk&auml;rmutrymme.<\/p>\n<\/li>\n<\/ul>\n","protected":false},"excerpt":{"rendered":"<h3>Specifikationer:<\/h3>\n<ul>\n<li><strong>Sk\u00e4rm:<\/strong> 6,0\u2033 FHD+ (2160\u00d71080), 600 nits ljusstyrka, st\u00f6d f\u00f6r handskar och v\u00e5t ber\u00f6ring<\/li>\n<li><strong>Processor:<\/strong> Qualcomm\u00ae 6490 \u00e5ttak\u00e4rnig processor<\/li>\n<li><strong>Minne och lagring:<\/strong> 6 GB RAM, 64 GB flash<\/li>\n<li><strong>Anslutningsm\u00f6jligheter:<\/strong> Wi-Fi 6E, Bluetooth 5.2, GPS, eSIM<\/li>\n<li><strong>Datainsamling och kameror:<\/strong> 2D-imager (SE4720), 16 MP bakre kamera, 8 MP fr\u00e4mre kamera<\/li>\n<li><strong>Batteri:<\/strong> 4680 mAh varmt utbytbart batteri<\/li>\n<li><strong>Rugged Certifieringar:<\/strong> IP65\/IP68, motst\u00e5ndskraft mot fall<\/li>\n<li><strong>S\u00e4kerhet:<\/strong> Android Enterprise, NFC, s\u00e4kerhetsfunktioner i f\u00f6retagsklass<\/li>\n<li><strong>M\u00e5tt och vikt:<\/strong> Cirka 282 g <\/li>\n<li><strong>Garanti:<\/strong> 2 \u00e5rs begr\u00e4nsad standardgaranti fr\u00e5n tillverkaren<\/li>\n<\/ul>\n","protected":false},"author":24,"featured_media":100278,"template":"","meta":{"_acf_changed":false,"inline_featured_image":false},"product-condition":[5257],"product_brand":[9005],"product_cat":[5224,5217,5221],"product_tag":[],"class_list":{"0":"post-80367","1":"product","2":"type-product","3":"status-publish","4":"has-post-thumbnail","6":"product-condition-new-in-box","7":"product_brand-zebra","8":"product_cat-zebra","9":"product_cat-all-barcode-scanners","10":"product_cat-new-in-box-rugged-hardware","12":"first","13":"instock","14":"taxable","15":"shipping-taxable","16":"purchasable","17":"product-type-simple"},"acf":[],"_links":{"self":[{"href":"https:\/\/micronordic.com\/sv\/wp-json\/wp\/v2\/product\/80367","targetHints":{"allow":["GET"]}}],"collection":[{"href":"https:\/\/micronordic.com\/sv\/wp-json\/wp\/v2\/product"}],"about":[{"href":"https:\/\/micronordic.com\/sv\/wp-json\/wp\/v2\/types\/product"}],"author":[{"embeddable":true,"href":"https:\/\/micronordic.com\/sv\/wp-json\/wp\/v2\/users\/24"}],"version-history":[{"count":3,"href":"https:\/\/micronordic.com\/sv\/wp-json\/wp\/v2\/product\/80367\/revisions"}],"predecessor-version":[{"id":97854,"href":"https:\/\/micronordic.com\/sv\/wp-json\/wp\/v2\/product\/80367\/revisions\/97854"}],"wp:featuredmedia":[{"embeddable":true,"href":"https:\/\/micronordic.com\/sv\/wp-json\/wp\/v2\/media\/100278"}],"wp:attachment":[{"href":"https:\/\/micronordic.com\/sv\/wp-json\/wp\/v2\/media?parent=80367"}],"wp:term":[{"taxonomy":"product-condition","embeddable":true,"href":"https:\/\/micronordic.com\/sv\/wp-json\/wp\/v2\/product-condition?post=80367"},{"taxonomy":"product_brand","embeddable":true,"href":"https:\/\/micronordic.com\/sv\/wp-json\/wp\/v2\/product_brand?post=80367"},{"taxonomy":"product_cat","embeddable":true,"href":"https:\/\/micronordic.com\/sv\/wp-json\/wp\/v2\/product_cat?post=80367"},{"taxonomy":"product_tag","embeddable":true,"href":"https:\/\/micronordic.com\/sv\/wp-json\/wp\/v2\/product_tag?post=80367"}],"curies":[{"name":"wp","href":"https:\/\/api.w.org\/{rel}","templated":true}]}}