{"id":80363,"date":"2024-08-01T20:13:06","date_gmt":"2024-08-01T18:13:06","guid":{"rendered":"https:\/\/micronordic.com\/product\/zebra-tc53-handheld-mobile-computer-new\/"},"modified":"2025-11-17T11:17:07","modified_gmt":"2025-11-17T10:17:07","slug":"zebra-tc53-handheld-mobile-computer","status":"publish","type":"product","link":"https:\/\/micronordic.com\/sv\/product\/zebra-tc53-handheld-mobile-computer\/","title":{"rendered":"Zebra TC53 Handheld Mobile Computer (NY)"},"content":{"rendered":"<?xml encoding=\"utf-8\" ?><h2 data-start=\"306\" data-end=\"343\">Zebra TC53 Rugged Handheld Mobile Computer<\/h2><p data-start=\"345\" data-end=\"824\"><strong data-start=\"349\" data-end=\"386\">Zebra TC53 Handheld Mobile Computer<\/strong> &auml;r en avancerad handdator f&ouml;r f&ouml;retag som &auml;r utformad f&ouml;r organisationer som beh&ouml;ver prestanda, anslutningsm&ouml;jligheter och rugged h&aring;llbarhet i en tunn, modern enhet. Som en del av TC5X-serien kombinerar TC53 Zebras rugged design med en Wi-Fi-f&ouml;rsta strategi, vilket g&ouml;r den till den perfekta l&ouml;sningen f&ouml;r f&ouml;retag som fr&auml;mst arbetar inomhus. Oavsett om det g&auml;ller detaljhandel, lagerh&aring;llning eller hotell- och restaurangbranschen ger TC53 effektivitet, synlighet och l&aring;ngsiktig tillf&ouml;rlitlighet.  <\/p><p class=\"p1\">Nya produkter har 2 &aring;rs tillverkargaranti.<\/p><h2 data-start=\"826\" data-end=\"861\">Viktiga egenskaper hos Zebra TC53:<\/h2><ul data-start=\"863\" data-end=\"1798\">\n<li data-start=\"863\" data-end=\"982\">\n<p data-start=\"865\" data-end=\"982\"><strong data-start=\"865\" data-end=\"886\">Rugged h&aring;llbarhet<\/strong> &ndash; IP65\/IP68-certifierad och falltestad, vilket garanterar konsekvent prestanda i tuffa milj&ouml;er.<\/p>\n<\/li>\n<li data-start=\"983\" data-end=\"1090\">\n<p data-start=\"985\" data-end=\"1090\"><strong data-start=\"985\" data-end=\"1006\">6,0-tums FHD+-sk&auml;rm<\/strong> &ndash; 600 nits ljusstyrka, st&ouml;d f&ouml;r handskar och wet touch samt Gorilla Glass-skydd.<\/p>\n<\/li>\n<li data-start=\"1091\" data-end=\"1206\">\n<p data-start=\"1093\" data-end=\"1206\"><strong data-start=\"1093\" data-end=\"1118\">H&ouml;ghastighetsbearbetning<\/strong> &ndash; Qualcomm&reg; 6490 &aring;ttak&auml;rnig processor med AI-acceleration f&ouml;r kr&auml;vande applikationer.<\/p>\n<\/li>\n<li data-start=\"1207\" data-end=\"1288\">\n<p data-start=\"1209\" data-end=\"1288\"><strong data-start=\"1209\" data-end=\"1236\">F&ouml;retagsanslutning<\/strong> &ndash; Wi-Fi 6E, Bluetooth 5.2, GPS och eSIM-alternativ.<\/p>\n<\/li>\n<li data-start=\"1289\" data-end=\"1379\">\n<p data-start=\"1291\" data-end=\"1379\"><strong data-start=\"1291\" data-end=\"1307\">Dataf&aring;ngst<\/strong> &ndash; Integrerad SE4720 2D-skanner, 16 MP bakre kamera, 8 MP fr&auml;mre kamera.<\/p>\n<\/li>\n<li data-start=\"1380\" data-end=\"1450\">\n<p data-start=\"1382\" data-end=\"1450\"><strong data-start=\"1382\" data-end=\"1393\">Batteri<\/strong> &ndash; 4680 mAh batteri som kan bytas varmt f&ouml;r drift hela dagen.<\/p>\n<\/li>\n<li data-start=\"1451\" data-end=\"1531\">\n<p data-start=\"1453\" data-end=\"1531\"><strong data-start=\"1453\" data-end=\"1475\">L&auml;ttviktsdesign<\/strong> &ndash; Smal, ergonomisk formfaktor som v&auml;ger ca 282 g. <\/p>\n<\/li>\n<li data-start=\"1532\" data-end=\"1619\">\n<p data-start=\"1534\" data-end=\"1619\"><strong data-start=\"1534\" data-end=\"1562\">Android Enterprise-klar<\/strong> &ndash; OS-st&ouml;d i f&ouml;retagsklass med ut&ouml;kad livscykel.<\/p>\n<\/li>\n<li data-start=\"1620\" data-end=\"1730\">\n<p data-start=\"1622\" data-end=\"1730\"><strong data-start=\"1622\" data-end=\"1644\">Mobility DNA-verktyg<\/strong> &ndash; Zebras programvarusvit f&ouml;r distribution, hantering och optimering av anslutning.<\/p>\n<\/li>\n<li data-start=\"1731\" data-end=\"1798\">\n<p data-start=\"1733\" data-end=\"1798\"><strong data-start=\"1733\" data-end=\"1745\">Garanti<\/strong> &ndash; omfattas av Zebras 2-&aring;rs begr&auml;nsade tillverkargaranti.<\/p>\n<\/li>\n<\/ul><h2 data-start=\"1800\" data-end=\"1858\">Viktiga f&ouml;rdelar med Zebra TC53 Rugged Mobile Computer<\/h2><h3 data-start=\"1860\" data-end=\"1906\">P&aring;litlig robusthet f&ouml;r daglig drift<\/h3><p data-start=\"1907\" data-end=\"2066\">TC53 har IP65\/IP68 t&auml;tnings- och fallskydd, vilket s&auml;kerst&auml;ller att den klarar hektiska arbetsfl&ouml;den i lager, butiksmilj&ouml;er och inomhuslogistik.<\/p><h3 data-start=\"2068\" data-end=\"2103\">Ljusstark och funktionell sk&auml;rm<\/h3><p data-start=\"2104\" data-end=\"2277\">Dess 6,0-tums FHD+-sk&auml;rm med st&ouml;d f&ouml;r handskar och wet touch s&auml;kerst&auml;ller produktivitet under alla f&ouml;rh&aring;llanden. Det slitstarka Gorilla Glass ger skydd mot repor och st&ouml;tar. <\/p><h3 data-start=\"2279\" data-end=\"2319\">Wi-Fi f&ouml;rst f&ouml;r inomhusprestanda<\/h3><p data-start=\"2320\" data-end=\"2510\">Till skillnad fr&aring;n TC58 &auml;r TC53 optimerad f&ouml;r Wi-Fi-first-milj&ouml;er, vilket g&ouml;r den till det r&auml;tta valet f&ouml;r f&ouml;retag som f&ouml;rlitar sig p&aring; tr&aring;dl&ouml;sa n&auml;tverk i f&ouml;retagsklass i byggnader eller lager.<\/p><h3 data-start=\"2512\" data-end=\"2549\">Smidig och effektiv bearbetning<\/h3><p data-start=\"2550\" data-end=\"2743\">Med en Qualcomm&reg; 6490 octa-core-processor levererar TC53 den hastighet och effektivitet som kr&auml;vs f&ouml;r multitasking och AI-drivna applikationer som lagerhantering och prediktiv analys.<\/p><h3 data-start=\"2745\" data-end=\"2772\">S&ouml;ml&ouml;s datainsamling<\/h3><p data-start=\"2773\" data-end=\"2937\">Utrustad med Zebras SE4720 streckkodsl&auml;sare och h&ouml;guppl&ouml;sta kameror g&ouml;r TC53 det m&ouml;jligt f&ouml;r anv&auml;ndare att f&aring;nga streckkoder, dokument och bilder snabbt och exakt.<\/p><h3 data-start=\"2939\" data-end=\"2969\">Batteri byggt f&ouml;r skift<\/h3><p data-start=\"2970\" data-end=\"3150\">Det varmutbytbara 4680 mAh-batteriet s&auml;kerst&auml;ller kontinuerlig drift under l&aring;nga skift. Arbetare kan byta batterier utan att st&auml;nga av, vilket uppr&auml;tth&aring;ller drifttiden i alla arbetsfl&ouml;den. <\/p><h3 data-start=\"3152\" data-end=\"3191\">F&ouml;retagss&auml;kerhet och ekosystem<\/h3><p data-start=\"3192\" data-end=\"3354\">TC53 k&ouml;r Android Enterprise och &auml;r f&ouml;rb&auml;ttrad med Zebras Mobility DNA-verktyg och kombinerar s&auml;kerhet, hanterbarhet och produktivitet i ett str&ouml;mlinjeformat paket.<\/p><h3 data-start=\"3356\" data-end=\"3382\">Designad f&ouml;r komfort<\/h3><p data-start=\"3383\" data-end=\"3498\">Med en vikt p&aring; endast 282 g &auml;r TC53 l&auml;tt och b&auml;rbar, vilket minskar anv&auml;ndarens tr&ouml;tthet samtidigt som den beh&aring;ller robusta certifieringar.<\/p><h2 data-start=\"3500\" data-end=\"3539\">Idealiska anv&auml;ndningsfall f&ouml;r Zebra TC53<\/h2><ul data-start=\"3541\" data-end=\"3985\">\n<li data-start=\"3541\" data-end=\"3632\">\n<p data-start=\"3543\" data-end=\"3632\"><strong data-start=\"3543\" data-end=\"3567\">Detaljhandel och g&auml;stfrihet<\/strong> &ndash; POS, lagerhantering och kundengagemang p&aring; golvet.<\/p>\n<\/li>\n<li data-start=\"3633\" data-end=\"3718\">\n<p data-start=\"3635\" data-end=\"3718\"><strong data-start=\"3635\" data-end=\"3662\">Lager och logistik<\/strong> &ndash; Lagerkontroll, skanning och orderuppfyllelse.<\/p>\n<\/li>\n<li data-start=\"3719\" data-end=\"3810\">\n<p data-start=\"3721\" data-end=\"3810\"><strong data-start=\"3721\" data-end=\"3738\">Tillverkning<\/strong> &ndash; Till&auml;mpningar p&aring; verkstadsgolvet som kr&auml;ver h&aring;llbarhet och snabb datainsamling.<\/p>\n<\/li>\n<li data-start=\"3811\" data-end=\"3906\">\n<p data-start=\"3813\" data-end=\"3906\"><strong data-start=\"3813\" data-end=\"3835\">H&auml;lso- och sjukv&aring;rdssupport<\/strong> &ndash; Patientsp&aring;rning, utrustningshantering och s&auml;ker &aring;tkomst till data.<\/p>\n<\/li>\n<li data-start=\"3907\" data-end=\"3985\">\n<p data-start=\"3909\" data-end=\"3985\"><strong data-start=\"3909\" data-end=\"3926\">F&auml;ltservice<\/strong> &ndash; Rugged handh&aring;llen drift i Wi-Fi-rika milj&ouml;er.<\/p>\n<\/li>\n<\/ul><h2 data-start=\"3987\" data-end=\"4022\">Zebra TC53 Produktj&auml;mf&ouml;relser<\/h2><p data-start=\"177\" data-end=\"365\">Zebra TC53 &auml;r optimerad f&ouml;r Wi-Fi-milj&ouml;er med bibeh&aring;llen rugged tillf&ouml;rlitlighet. F&ouml;r organisationer som &ouml;verv&auml;ger alternativ finns andra relevanta produkter hos Micro Nordic, bland annat <\/p><ul data-start=\"367\" data-end=\"789\">\n<li data-start=\"367\" data-end=\"497\">\n<p data-start=\"369\" data-end=\"497\"><a href=\"https:\/\/micronordic.com\/product\/zebra-tc58-handheld-mobile-computer\/\"><strong data-start=\"369\" data-end=\"406\">Zebra TC58 Handheld Mobile Computer<\/strong> <\/a>&ndash; Den mobilanpassade varianten med 5G f&ouml;r f&ouml;retag som beh&ouml;ver avancerad mobilitet utomhus.<\/p>\n<\/li>\n<li data-start=\"498\" data-end=\"653\">\n<p data-start=\"500\" data-end=\"653\"><a href=\"https:\/\/micronordic.com\/product\/zebra-tc52-mobile-handheld-computer-refurbished\/\"><strong data-start=\"500\" data-end=\"540\">Zebra TC52 Handheld Mobile Computer<\/strong><\/a>&ndash; En &auml;ldre modell som &auml;r tillg&auml;nglig renoverad, idealisk f&ouml;r kostnadsk&auml;nsliga verksamheter som fortfarande kr&auml;ver rugged h&aring;llbarhet.<\/p>\n<\/li>\n<li data-start=\"654\" data-end=\"789\">\n<p data-start=\"656\" data-end=\"789\"><a href=\"https:\/\/micronordic.com\/product\/zebra-tc22-handheld-mobile-computer\/\"><strong data-start=\"656\" data-end=\"693\">Zebra TC22 Handheld Mobile Computer<\/strong><\/a>&ndash; Ett kompakt, budgetv&auml;nligt alternativ f&ouml;r organisationer som beh&ouml;ver en mindre, rugged handdator.<\/p>\n<\/li>\n<\/ul>\n","protected":false},"excerpt":{"rendered":"<h3>Specifikationer:<\/h3>\n<ul>\n<li><strong>Sk\u00e4rm:<\/strong> 6,0\u2033 FHD+ (2160\u00d71080), 600 nits ljusstyrka, Gorilla Glass, st\u00f6d f\u00f6r handskar och v\u00e5t ber\u00f6ring<\/li>\n<li><strong>Processor:<\/strong> Qualcomm\u00ae 6490 \u00e5ttak\u00e4rnig processor med AI-acceleration<\/li>\n<li><strong>Minne och lagring:<\/strong> 6 GB RAM, 64 GB flash<\/li>\n<li><strong>Anslutningsm\u00f6jligheter:<\/strong> Wi-Fi 6E, Bluetooth 5.2, GPS, eSIM<\/li>\n<li><strong>Datainsamling och kameror:<\/strong> SE4720 2D-skanner, 16 MP bakre kamera, 8 MP fr\u00e4mre kamera<\/li>\n<li><strong>Batteri:<\/strong> 4680 mAh varmt utbytbart batteri<\/li>\n<li><strong>Rugged Certifieringar:<\/strong> IP65\/IP68, t\u00e5lig mot fall<\/li>\n<li><strong>S\u00e4kerhet:<\/strong> Android Enterprise-funktioner, kryptering i f\u00f6retagsklass, NFC<\/li>\n<li><strong>M\u00e5tt och vikt:<\/strong> Cirka 282 g <\/li>\n<li><strong><strong>Garanti: <\/strong><\/strong>2 \u00e5rs begr\u00e4nsad standardgaranti fr\u00e5n tillverkaren<\/li>\n<\/ul>\n","protected":false},"author":24,"featured_media":100263,"template":"","meta":{"_acf_changed":false,"inline_featured_image":false},"product-condition":[5257],"product_brand":[9005],"product_cat":[5224,5217,5221],"product_tag":[],"class_list":{"0":"post-80363","1":"product","2":"type-product","3":"status-publish","4":"has-post-thumbnail","6":"product-condition-new-in-box","7":"product_brand-zebra","8":"product_cat-zebra","9":"product_cat-all-barcode-scanners","10":"product_cat-new-in-box-rugged-hardware","12":"first","13":"instock","14":"taxable","15":"shipping-taxable","16":"purchasable","17":"product-type-simple"},"acf":[],"_links":{"self":[{"href":"https:\/\/micronordic.com\/sv\/wp-json\/wp\/v2\/product\/80363","targetHints":{"allow":["GET"]}}],"collection":[{"href":"https:\/\/micronordic.com\/sv\/wp-json\/wp\/v2\/product"}],"about":[{"href":"https:\/\/micronordic.com\/sv\/wp-json\/wp\/v2\/types\/product"}],"author":[{"embeddable":true,"href":"https:\/\/micronordic.com\/sv\/wp-json\/wp\/v2\/users\/24"}],"version-history":[{"count":3,"href":"https:\/\/micronordic.com\/sv\/wp-json\/wp\/v2\/product\/80363\/revisions"}],"predecessor-version":[{"id":97892,"href":"https:\/\/micronordic.com\/sv\/wp-json\/wp\/v2\/product\/80363\/revisions\/97892"}],"wp:featuredmedia":[{"embeddable":true,"href":"https:\/\/micronordic.com\/sv\/wp-json\/wp\/v2\/media\/100263"}],"wp:attachment":[{"href":"https:\/\/micronordic.com\/sv\/wp-json\/wp\/v2\/media?parent=80363"}],"wp:term":[{"taxonomy":"product-condition","embeddable":true,"href":"https:\/\/micronordic.com\/sv\/wp-json\/wp\/v2\/product-condition?post=80363"},{"taxonomy":"product_brand","embeddable":true,"href":"https:\/\/micronordic.com\/sv\/wp-json\/wp\/v2\/product_brand?post=80363"},{"taxonomy":"product_cat","embeddable":true,"href":"https:\/\/micronordic.com\/sv\/wp-json\/wp\/v2\/product_cat?post=80363"},{"taxonomy":"product_tag","embeddable":true,"href":"https:\/\/micronordic.com\/sv\/wp-json\/wp\/v2\/product_tag?post=80363"}],"curies":[{"name":"wp","href":"https:\/\/api.w.org\/{rel}","templated":true}]}}