{"id":80357,"date":"2024-06-25T20:47:43","date_gmt":"2024-06-25T18:47:43","guid":{"rendered":"https:\/\/micronordic.com\/product\/getac-x600-fully-rugged-mobile-workstation-new\/"},"modified":"2025-10-28T14:36:57","modified_gmt":"2025-10-28T13:36:57","slug":"getac-x600-fully-rugged-mobile-workstation","status":"publish","type":"product","link":"https:\/\/micronordic.com\/sv\/product\/getac-x600-fully-rugged-mobile-workstation\/","title":{"rendered":"Getac X600 Fully Rugged Mobile Workstation (NY)"},"content":{"rendered":"<?xml encoding=\"utf-8\" ?><h2 data-start=\"435\" data-end=\"481\">Getac X600 Fully Rugged Mobile arbetsstation<\/h2><p data-start=\"483\" data-end=\"1092\"><strong data-start=\"487\" data-end=\"533\">Getac X600 Fully Rugged Mobile Workstation<\/strong> &auml;r konstruerad f&ouml;r yrkesverksamma som kr&auml;ver prestanda i arbetsstationsklass i milj&ouml;er d&auml;r vanliga laptops inte kan &ouml;verleva. Till skillnad fr&aring;n vanliga robusta b&auml;rbara datorer &auml;r X600 utformad som en <strong data-start=\"723\" data-end=\"745\">mobil<\/strong> arbetsstation, som levererar kraften hos en station&auml;r arbetsstation med mobiliteten och h&aring;llbarheten hos en Fully Rugged-enhet. X600 &auml;r byggd f&ouml;r att klara extrema f&ouml;rh&aring;llanden och utrustad med avancerade processorer, grafik och expansionsalternativ och &auml;r det ultimata valet f&ouml;r branscher som f&ouml;rsvar, teknik, olja och gas och uppdragskritisk f&auml;ltverksamhet.  <\/p><h2 data-start=\"1094\" data-end=\"1129\">Viktiga funktioner i Getac X600<\/h2><ul data-start=\"1131\" data-end=\"2262\">\n<li data-start=\"1131\" data-end=\"1272\">\n<p data-start=\"1133\" data-end=\"1272\"><strong data-start=\"1133\" data-end=\"1163\">Fully Rugged-certifiering<\/strong> &ndash; MIL-STD-810H, MIL-STD-461G och IP66-klassad; motst&aring;ndskraftig mot fall fr&aring;n 4 ft, damm, vibrationer och vattenintr&auml;ngning.<\/p>\n<\/li>\n<li data-start=\"1273\" data-end=\"1427\">\n<p data-start=\"1275\" data-end=\"1427\"><strong data-start=\"1275\" data-end=\"1298\">Stor 15,6&Prime;<\/strong> sk&auml;rm &ndash; Full HD-sk&auml;rm som kan l&auml;sas i solljus med en ljusstyrka p&aring; 1 000 nits och LumiBond&reg; 2.0-teknik f&ouml;r anv&auml;ndning med handskar och v&aring;t ber&ouml;ring.<\/p>\n<\/li>\n<li data-start=\"1428\" data-end=\"1576\">\n<p data-start=\"1430\" data-end=\"1576\"><strong data-start=\"1430\" data-end=\"1462\">Processorer<\/strong> i <strong data-start=\"1430\" data-end=\"1462\">arbetsstationsklass<\/strong> &ndash; Intel&reg; 11:e generationens Core&trade; i5\/i7- eller Xeon&reg;-processorer, NVIDIA&reg; RTX A2000-grafik som tillval och st&ouml;d f&ouml;r ECC-minne.<\/p>\n<\/li>\n<li data-start=\"1577\" data-end=\"1746\">\n<p data-start=\"1579\" data-end=\"1746\"><strong data-start=\"1579\" data-end=\"1607\">Utbyggnadsm&ouml;jligheter f&ouml;r f&ouml;retag<\/strong> &ndash; Dubbla batterier som kan bytas ut direkt, upp till 128 GB DDR4 RAM, PCI\/PCIe-expansionsplatser (Pro-modeller) och flera lagringsalternativ (RAID 0\/1\/5).<\/p>\n<\/li>\n<li data-start=\"1747\" data-end=\"1878\">\n<p data-start=\"1749\" data-end=\"1878\"><strong data-start=\"1749\" data-end=\"1770\">M&aring;nga anslutningsm&ouml;jligheter<\/strong> &ndash; Wi-Fi 6, Bluetooth 5.2, 4G LTE\/5G som tillval och avancerad I\/O inklusive Thunderbolt&trade; 4 och &auml;ldre portar.<\/p>\n<\/li>\n<li data-start=\"1879\" data-end=\"2014\">\n<p data-start=\"1881\" data-end=\"2014\"><strong data-start=\"1881\" data-end=\"1903\">F&auml;ltt&aring;lig design<\/strong> &ndash; fungerar i temperaturer fr&aring;n -29 &deg;C till 63 &deg;C, med handskv&auml;nligt tangentbord och anpassningsbara I\/O-portar.<\/p>\n<\/li>\n<li data-start=\"2015\" data-end=\"2155\">\n<p data-start=\"2017\" data-end=\"2155\"><strong data-start=\"2017\" data-end=\"2040\">F&ouml;retagss&auml;kerhet<\/strong> &ndash; TPM 2.0, smartkortsl&auml;sare, Windows Hello ansiktsigenk&auml;nning, fingeravtrycksl&auml;sare och sj&auml;lvkrypterande h&aring;rddiskar.<\/p>\n<\/li>\n<li data-start=\"2156\" data-end=\"2262\">\n<p data-start=\"2158\" data-end=\"2262\"><strong data-start=\"2158\" data-end=\"2183\">L&aring;ngsiktig tillf&ouml;rlitlighet<\/strong> &ndash; 3 &aring;rs garanti fr&aring;n st&ouml;tf&aring;ngare till st&ouml;tf&aring;ngare, inklusive oavsiktlig skada.<\/p>\n<\/li>\n<\/ul><h2 data-start=\"2264\" data-end=\"2331\">Viktiga f&ouml;rdelar med Getac X600 Fully Rugged Mobile Workstation<\/h2><h3 data-start=\"2333\" data-end=\"2375\">Kraft i arbetsstationsklass p&aring; f&auml;ltet<\/h3><p data-start=\"2376\" data-end=\"2902\">Till skillnad fr&aring;n Rugged Laptops som S410 eller S510 &auml;r X600 klassificerad som en <strong data-start=\"2452\" data-end=\"2474\">mobil arbetsstation<\/strong>. Det inneb&auml;r att den erbjuder samma processorkraft och utbyggnadsm&ouml;jligheter som en station&auml;r arbetsstation &ndash; Intel Xeon-processorer, professionell NVIDIA RTX-grafik, ECC-minne och lagring p&aring; flera enheter &ndash; i en b&auml;rbar, helt rugged formfaktor. F&ouml;r ingenj&ouml;rer, analytiker och f&ouml;rsvarsoperat&ouml;rer inneb&auml;r detta s&ouml;ml&ouml;s CAD, 3D-modellering, GIS-kartl&auml;ggning och uppdragskritisk dataanalys varhelst jobbet kr&auml;ver det.  <\/p><h3 data-start=\"2904\" data-end=\"2934\">Fully Rugged tillf&ouml;rlitlighet<\/h3><p data-start=\"2935\" data-end=\"3259\">X600 &auml;r certifierad enligt MIL-STD-810H, MIL-STD-461G och IP66-standarderna. Den st&aring;r emot fall, vibrationer, vatten och damm, samtidigt som den fungerar i extrema temperaturer fr&aring;n -29 &deg;C till 63 &deg;C. Detta s&auml;kerst&auml;ller oavbruten drift under sv&aring;ra f&ouml;rh&aring;llanden som i &ouml;knar, p&aring; offshore-plattformar eller vid milit&auml;ra insatser.  <\/p><h3 data-start=\"3261\" data-end=\"3297\">Avancerad display f&ouml;r f&auml;ltbruk<\/h3><p data-start=\"3298\" data-end=\"3558\">Den 15,6&Prime; stora FHD-sk&auml;rmen med en ljusstyrka p&aring; 1 000 nits s&auml;kerst&auml;ller synlighet &auml;ven i direkt solljus. LumiBond&reg; 2.0-teknik f&ouml;rb&auml;ttrar tydligheten och g&ouml;r att peksk&auml;rmen kan anv&auml;ndas med handskar eller i v&aring;ta f&ouml;rh&aring;llanden, vilket st&ouml;der produktiviteten i alla milj&ouml;er. <\/p><h3 data-start=\"3560\" data-end=\"3593\">Skalbart minne och lagring<\/h3><p data-start=\"3594\" data-end=\"3864\">Med upp till 128 GB DDR4 RAM och flera SSD-platser, inklusive RAID-konfigurationer, kan X600 hantera dataintensiva applikationer med l&auml;tthet. Valfria PCI\/PCIe-platser i Pro-modellerna ut&ouml;kar funktionaliteten ytterligare, vilket g&ouml;r den anpassningsbar till h&ouml;gspecialiserade arbetsfl&ouml;den. <\/p><h3 data-start=\"3866\" data-end=\"3891\">Hot-swappable str&ouml;mf&ouml;rs&ouml;rjning<\/h3><p data-start=\"3892\" data-end=\"4095\">X600 har dubbla batterier som kan bytas ut under drift, vilket m&ouml;jligg&ouml;r kontinuerlig drift utan str&ouml;mavbrott. Den h&auml;r designen g&ouml;r det m&ouml;jligt att arbeta hela dagen ute p&aring; f&auml;ltet, &auml;ven n&auml;r laddningsm&ouml;jligheterna &auml;r begr&auml;nsade. <\/p><h3 data-start=\"4097\" data-end=\"4131\">Inbyggd s&auml;kerhet f&ouml;r f&ouml;retag<\/h3><p data-start=\"4132\" data-end=\"4409\">S&auml;kerhetsfunktionerna omfattar TPM 2.0, Windows Hello ansiktsigenk&auml;nning, fingeravtrycksl&auml;sning och st&ouml;d f&ouml;r smartkort. I kombination med sj&auml;lvkrypterande h&aring;rddiskar som tillval s&auml;kerst&auml;ller X600 dataintegritet f&ouml;r k&auml;nsliga branscher som f&ouml;rsvar, allm&auml;nnyttiga f&ouml;retag och kritisk infrastruktur. <\/p><h3 data-start=\"4411\" data-end=\"4447\">Anslutningsm&ouml;jligheter var du &auml;n arbetar<\/h3><p data-start=\"4448\" data-end=\"4676\">Med Wi-Fi 6, Bluetooth 5.2, 4G LTE\/5G som tillval och Thunderbolt&trade; 4 ger X600 snabb och s&auml;ker anslutning. Dess blandning av moderna och &auml;ldre I\/O-portar s&auml;kerst&auml;ller kompatibilitet med befintlig utrustning och framtida teknik. <\/p><h2 data-start=\"4678\" data-end=\"4717\">Idealiska anv&auml;ndningsomr&aring;den f&ouml;r Getac X600<\/h2><ul data-start=\"4719\" data-end=\"5346\">\n<li data-start=\"4719\" data-end=\"4848\">\n<p data-start=\"4721\" data-end=\"4848\"><strong data-start=\"4721\" data-end=\"4743\">F&ouml;rsvar &amp; milit&auml;r<\/strong> &ndash; S&auml;kra uppdragskritisk datahantering, GIS-kartl&auml;ggning och taktiska operationer i extrema milj&ouml;er.<\/p>\n<\/li>\n<li data-start=\"4849\" data-end=\"4968\">\n<p data-start=\"4851\" data-end=\"4968\"><strong data-start=\"4851\" data-end=\"4879\">Teknik och CAD-design<\/strong> &ndash; bearbetning i arbetsstationsklass f&ouml;r 3D-modellering, simulering och designgranskning p&aring; plats.<\/p>\n<\/li>\n<li data-start=\"4969\" data-end=\"5094\">\n<p data-start=\"4971\" data-end=\"5094\"><strong data-start=\"4971\" data-end=\"4996\">Olje- och gasprospektering<\/strong> &ndash; F&auml;ltbaserad analys och beslutsfattande i realtid under rugged offshore- och onshore-f&ouml;rh&aring;llanden.<\/p>\n<\/li>\n<li data-start=\"5095\" data-end=\"5214\">\n<p data-start=\"5097\" data-end=\"5214\"><strong data-start=\"5097\" data-end=\"5119\">F&ouml;rs&ouml;rjning och energi<\/strong> &ndash; Inspektion av infrastruktur, f&ouml;rvaltning av tillg&aring;ngar och dataintensiva till&auml;mpningar p&aring; f&auml;ltet.<\/p>\n<\/li>\n<li data-start=\"5215\" data-end=\"5346\">\n<p data-start=\"5217\" data-end=\"5346\"><strong data-start=\"5217\" data-end=\"5255\">Allm&auml;n s&auml;kerhet och r&auml;ddningstj&auml;nst<\/strong> &ndash; Tillf&ouml;rlitlig mobil arbetsstation f&ouml;r krissamordning, kartl&auml;ggning och kommunikation.<\/p>\n<\/li>\n<\/ul><h2 data-start=\"5348\" data-end=\"5383\">Getac X600 Produktj&auml;mf&ouml;relser<\/h2><p data-start=\"172\" data-end=\"370\">Getac X600 utm&auml;rker sig som en helt rugged mobil arbetsstation och levererar mer kraft och utbyggnadsm&ouml;jligheter &auml;n vanliga Rugged Laptops. F&ouml;r f&ouml;retag som utv&auml;rderar alternativ erbjuder MicroNordic ocks&aring;: <\/p><ul data-start=\"372\" data-end=\"863\">\n<li data-start=\"372\" data-end=\"623\">\n<p data-start=\"374\" data-end=\"623\"><strong data-start=\"374\" data-end=\"424\">Getac X600 Pro Fully Rugged Mobile Workstation<\/strong> &ndash; Den h&auml;r produkten kan konfigureras till en Pro-modell. V&auml;nligen v&auml;lj modell h&ouml;gst upp p&aring; sidan. PRO-versionen l&auml;gger till PCI\/PCIe-expansionsplatser, avancerade anslutningsm&ouml;jligheter och f&ouml;rb&auml;ttrad lagringsskalbarhet.  <\/p>\n<\/li>\n<li data-start=\"624\" data-end=\"737\">\n<p data-start=\"626\" data-end=\"737\"><a href=\"https:\/\/micronordic.com\/product\/getac-b360-g2-fully-rugged-laptop\/\"><strong data-start=\"626\" data-end=\"654\">Getac B360 Rugged Laptop<\/strong><\/a> &ndash; En Fully Rugged 13,3&Prime; laptop utformad f&ouml;r f&auml;ltarbete under extrema f&ouml;rh&aring;llanden.<\/p>\n<\/li>\n<li data-start=\"738\" data-end=\"863\">\n<p data-start=\"740\" data-end=\"863\"><a href=\"https:\/\/micronordic.com\/product\/panasonic-toughbook-fz-55\/\"><strong data-start=\"740\" data-end=\"766\">Panasonic TOUGHBOOK 55<\/strong><\/a> &ndash; En Semi-Rugged modul&auml;r laptop, som erbjuder l&auml;ttare mobilitet men mindre kraft j&auml;mf&ouml;rt med X600.<\/p>\n<\/li>\n<\/ul>\n","protected":false},"excerpt":{"rendered":"<h3>Specifikationer:<\/h3>\n<ul>\n<li><strong>Sk\u00e4rm:<\/strong> 15,6\u2033 FHD (1920\u00d71080), 1 000 nits, LumiBond\u00ae 2.0 med st\u00f6d f\u00f6r ber\u00f6ring med handskar\/v\u00e5ta ytor<\/li>\n<li><strong>Processor:<\/strong> Intel\u00ae 11:e generationens Core\u2122 i5\/i7 eller Xeon\u00ae.<\/li>\n<li><strong>Grafik:<\/strong> Integrerad Intel\u00ae UHD eller NVIDIA\u00ae RTX A2000 som tillval<\/li>\n<li><strong>Minne:<\/strong> 16 GB DDR4 (basmodell), uppgraderingsbart till 64 GB<\/li>\n<li><strong>Lagringskapacitet: <\/strong>512 GB PCIe SSD (basmodell), uppgraderingsbar till 1 TB<\/li>\n<li><strong>Anslutningsm\u00f6jligheter:<\/strong> Wi-Fi 6, Bluetooth 5.2, 4G LTE\/5G (tillval), Thunderbolt\u2122 4<\/li>\n<li><strong>Rugged-certifieringar:<\/strong> MIL-STD-810H, MIL-STD-461G, IP66, fallt\u00e5lig upp till 4 ft<\/li>\n<li><strong>S\u00e4kerhetsdetaljer:<\/strong> TPM 2.0, fingeravtrycksl\u00e4sare, Windows Hello, smartkort, sj\u00e4lvkrypterande SSD-enheter<\/li>\n<li><strong>Batteri:<\/strong> Dubbla utbytbara batterier f\u00f6r kontinuerlig drift<\/li>\n<li><strong>M\u00e5tt och vikt:<\/strong> ~39,4 \u00d7 29,1 \u00d7 5,1 cm, ca 5,2 kg <\/li>\n<li><strong>Garanti:<\/strong> 3 \u00e5rs garanti fr\u00e5n st\u00f6tf\u00e5ngare till st\u00f6tf\u00e5ngare<\/li>\n<\/ul>\n","protected":false},"author":24,"featured_media":99758,"template":"","meta":{"_acf_changed":false,"inline_featured_image":false},"product-condition":[5257],"product_brand":[8962],"product_cat":[5219,5215,5221],"product_tag":[],"class_list":{"0":"post-80357","1":"product","2":"type-product","3":"status-publish","4":"has-post-thumbnail","6":"product-condition-new-in-box","7":"product_brand-getac","8":"product_cat-getac-rugged","9":"product_cat-all-rugged-laptops","10":"product_cat-new-in-box-rugged-hardware","12":"first","13":"instock","14":"taxable","15":"shipping-taxable","16":"purchasable","17":"product-type-simple"},"acf":[],"_links":{"self":[{"href":"https:\/\/micronordic.com\/sv\/wp-json\/wp\/v2\/product\/80357","targetHints":{"allow":["GET"]}}],"collection":[{"href":"https:\/\/micronordic.com\/sv\/wp-json\/wp\/v2\/product"}],"about":[{"href":"https:\/\/micronordic.com\/sv\/wp-json\/wp\/v2\/types\/product"}],"author":[{"embeddable":true,"href":"https:\/\/micronordic.com\/sv\/wp-json\/wp\/v2\/users\/24"}],"version-history":[{"count":1,"href":"https:\/\/micronordic.com\/sv\/wp-json\/wp\/v2\/product\/80357\/revisions"}],"predecessor-version":[{"id":87688,"href":"https:\/\/micronordic.com\/sv\/wp-json\/wp\/v2\/product\/80357\/revisions\/87688"}],"wp:featuredmedia":[{"embeddable":true,"href":"https:\/\/micronordic.com\/sv\/wp-json\/wp\/v2\/media\/99758"}],"wp:attachment":[{"href":"https:\/\/micronordic.com\/sv\/wp-json\/wp\/v2\/media?parent=80357"}],"wp:term":[{"taxonomy":"product-condition","embeddable":true,"href":"https:\/\/micronordic.com\/sv\/wp-json\/wp\/v2\/product-condition?post=80357"},{"taxonomy":"product_brand","embeddable":true,"href":"https:\/\/micronordic.com\/sv\/wp-json\/wp\/v2\/product_brand?post=80357"},{"taxonomy":"product_cat","embeddable":true,"href":"https:\/\/micronordic.com\/sv\/wp-json\/wp\/v2\/product_cat?post=80357"},{"taxonomy":"product_tag","embeddable":true,"href":"https:\/\/micronordic.com\/sv\/wp-json\/wp\/v2\/product_tag?post=80357"}],"curies":[{"name":"wp","href":"https:\/\/api.w.org\/{rel}","templated":true}]}}