{"id":80355,"date":"2024-06-24T18:12:21","date_gmt":"2024-06-24T16:12:21","guid":{"rendered":"https:\/\/micronordic.com\/product\/getac-ux10-g3-fully-rugged-tablet-new\/"},"modified":"2025-11-17T09:36:45","modified_gmt":"2025-11-17T08:36:45","slug":"getac-ux10-g3-fully-rugged-tablet","status":"publish","type":"product","link":"https:\/\/micronordic.com\/sv\/product\/getac-ux10-g3-fully-rugged-tablet\/","title":{"rendered":"Getac UX10 G3 Fully Rugged Tablet (NY)"},"content":{"rendered":"<?xml encoding=\"utf-8\" ?><h2 data-start=\"256\" data-end=\"293\">Getac UX10 G3 Fully Rugged Tablet<\/h2><p data-start=\"295\" data-end=\"827\">Getac UX10 G3 &auml;r en fullt rugged 10,1&Prime; tablet som &auml;r konstruerad f&ouml;r att leverera kompromissl&ouml;s prestanda, h&aring;llbarhet och mobilitet. UX10 G3 &auml;r byggd f&ouml;r branscher som kr&auml;ver tillf&ouml;rlitlighet under utmanande f&ouml;rh&aring;llanden, t.ex. f&auml;ltservice, allm&auml;nnyttiga f&ouml;retag, f&ouml;rsvar och allm&auml;n s&auml;kerhet, och s&auml;kerst&auml;ller att yrkesverksamma kan h&aring;lla sig produktiva varhelst jobbet tar dem. Kombinationen av robusta, rugged certifieringar, kraftfulla Intel&reg; Core&trade;-processorer och flexibla anslutningsm&ouml;jligheter g&ouml;r den till en av de mest p&aring;litliga rugged tablets som finns p&aring; marknaden idag.<\/p><h2 data-start=\"829\" data-end=\"867\">Viktiga egenskaper hos Getac UX10 G3<\/h2><ul data-start=\"869\" data-end=\"1959\">\n<li data-start=\"869\" data-end=\"1005\">\n<p data-start=\"871\" data-end=\"1005\"><strong data-start=\"871\" data-end=\"898\">Fully Rugged h&aring;llbarhet<\/strong> &ndash; MIL-STD-810H och IP66-certifierad, 1,8 m (6 ft) falltestad, med driftomr&aring;de fr&aring;n -29 &deg;C till +63 &deg;C.<\/p>\n<\/li>\n<li data-start=\"1006\" data-end=\"1147\">\n<p data-start=\"1008\" data-end=\"1147\"><strong data-start=\"1008\" data-end=\"1043\">10,1&Prime;-sk&auml;rm som kan l&auml;sas i solljus<\/strong> &ndash; FHD (1920&times;1200) LumiBond&reg;-peksk&auml;rm, ljusstyrka p&aring; 1.000 nits, kan anv&auml;ndas med handskar, penna eller finger.<\/p>\n<\/li>\n<li data-start=\"1148\" data-end=\"1300\">\n<p data-start=\"1150\" data-end=\"1300\"><strong data-start=\"1150\" data-end=\"1173\">Kraftfull bearbetning<\/strong> &ndash; 12:e generationens Intel&reg; Core&trade; i5\/i7-processorer, vPro&reg; som tillval, st&ouml;djer kr&auml;vande f&ouml;retags- och uppdragskritiska applikationer.<\/p>\n<\/li>\n<li data-start=\"1301\" data-end=\"1388\">\n<p data-start=\"1303\" data-end=\"1388\"><strong data-start=\"1303\" data-end=\"1320\">Kraft hela dagen<\/strong> &ndash; Batterier som kan bytas ut direkt m&ouml;jligg&ouml;r kontinuerlig anv&auml;ndning utan driftstopp.<\/p>\n<\/li>\n<li data-start=\"1389\" data-end=\"1487\">\n<p data-start=\"1391\" data-end=\"1487\"><strong data-start=\"1391\" data-end=\"1413\">Flexibel expansion<\/strong> &ndash; dedikerade portar f&ouml;r serie-, LAN- och streckkodsl&auml;sare som tillval.<\/p>\n<\/li>\n<li data-start=\"1488\" data-end=\"1600\">\n<p data-start=\"1490\" data-end=\"1600\"><strong data-start=\"1490\" data-end=\"1513\">Moderna anslutningsm&ouml;jligheter<\/strong> &ndash; Wi-Fi 6E, Bluetooth 5.3, 4G LTE eller 5G som tillval och GPS f&ouml;r global t&auml;ckning.<\/p>\n<\/li>\n<li data-start=\"1601\" data-end=\"1733\">\n<p data-start=\"1603\" data-end=\"1733\"><strong data-start=\"1603\" data-end=\"1624\">Avancerad s&auml;kerhet<\/strong> &ndash; TPM 2.0, fingeravtrycksl&auml;sare, smartkort- och RFID-l&auml;sare samt Windows Hello ansiktsigenk&auml;nning.<\/p>\n<\/li>\n<li data-start=\"1734\" data-end=\"1855\">\n<p data-start=\"1736\" data-end=\"1855\"><strong data-start=\"1736\" data-end=\"1760\">L&aring;g vikt<\/strong> &ndash; tunn, ergonomisk design som v&auml;ger drygt 1,3 kg f&ouml;r bekv&auml;m transport p&aring; f&auml;ltet.<\/p>\n<\/li>\n<li data-start=\"1856\" data-end=\"1959\">\n<p data-start=\"1858\" data-end=\"1959\"><strong data-start=\"1858\" data-end=\"1879\">Garanti ing&aring;r<\/strong> &ndash; 3 &aring;rs begr&auml;nsad standardgaranti med Getacs omfattande support f&ouml;r rugged.<\/p>\n<\/li>\n<\/ul><h2 data-start=\"1961\" data-end=\"2006\">Viktiga f&ouml;rdelar med Getac UX10 G3 Tablet<\/h2><h3 data-start=\"2008\" data-end=\"2045\">Rugged tillf&ouml;rlitlighet i f&auml;lt<\/h3><p data-start=\"2046\" data-end=\"2400\">Getac UX10 G3 &auml;r utformad f&ouml;r att fungera under f&ouml;rh&aring;llanden d&auml;r vanliga konsumenttabletter inte klarar sig. Med sin Fully Rugged-konstruktion, IP66-t&auml;tning och fallt&aring;lighet p&aring; upp till 1,5 meter klarar den damm, vatten, vibrationer och st&ouml;tar. Oavsett om den anv&auml;nds i kraftigt regn, extrem v&auml;rme eller isande kyla, s&auml;kerst&auml;ller UX10 G3 kontinuerlig drift utan kompromisser.<\/p><h3 data-start=\"2402\" data-end=\"2438\">Exceptionell synlighet utomhus<\/h3><p data-start=\"2439\" data-end=\"2732\">UX10 G3 &auml;r utrustad med en 10,1&Prime; FHD LumiBond&reg;-sk&auml;rm som ger skarpa och tydliga bilder &auml;ven i direkt solljus. Med en ljusstyrka p&aring; 1 000 nits och en responsiv multi-touch-sk&auml;rm som fungerar med handskar, pekpenna eller bara h&auml;nderna kan f&auml;ltarbetare lita p&aring; konsekvent synlighet i alla milj&ouml;er.<\/p><h3 data-start=\"2734\" data-end=\"2768\">Prestanda i f&ouml;retagsklass<\/h3><p data-start=\"2769\" data-end=\"3062\">UX10 G3 drivs av de senaste 12:e generationens Intel&reg; Core&trade;-processorerna och ger stark prestanda f&ouml;r kr&auml;vande f&ouml;retagsprogramvara, dataanalys och uppdragskritiska arbetsfl&ouml;den. I kombination med DDR5-minne och SSD-lagring garanterar den snabba svarstider och s&ouml;ml&ouml;s multitasking ute p&aring; f&auml;ltet.<\/p><h3 data-start=\"3064\" data-end=\"3097\">Mobilitet utan kompromisser<\/h3><p data-start=\"3098\" data-end=\"3382\">Trots sin rugged design &auml;r UX10 G3 fortfarande l&auml;tt och b&auml;rbar med en vikt p&aring; drygt 1,3 kg. Det slimmade formatet g&ouml;r den l&auml;tt att b&auml;ra med sig under hela arbetspasset, medan handremmar, axelremmar och fordonsdockor som tillval &ouml;kar anv&auml;ndbarheten i m&aring;nga olika arbetsmilj&ouml;er.<\/p><h3 data-start=\"3384\" data-end=\"3423\">Anslutningsm&ouml;jligheter f&ouml;r moderna arbetsfl&ouml;den<\/h3><p data-start=\"3424\" data-end=\"3707\">Med Wi-Fi 6E, Bluetooth 5.3 och 4G LTE eller 5G som tillval m&ouml;jligg&ouml;r UX10 G3 data&aring;tkomst, kommunikation och platstj&auml;nster i realtid varhelst arbetet utf&ouml;rs. Detta s&auml;kerst&auml;ller s&ouml;ml&ouml;st samarbete mellan f&auml;ltteam och huvudkontor, vilket minskar stillest&aring;ndstiden och f&ouml;rb&auml;ttrar effektiviteten.<\/p><h3 data-start=\"3709\" data-end=\"3737\">Flexibel kundanpassning<\/h3><p data-start=\"3738\" data-end=\"4019\">Den modul&auml;ra designen hos UX10 G3 g&ouml;r det m&ouml;jligt f&ouml;r f&ouml;retag att skr&auml;ddarsy enheten efter sina specifika behov. Expansionsalternativen omfattar portar f&ouml;r &auml;ldre seriella anslutningar, dedikerat LAN eller en integrerad streckkodsl&auml;sare, vilket g&ouml;r UX10 G3 anpassningsbar f&ouml;r olika arbetsfl&ouml;den och branscher.<\/p><h3 data-start=\"4021\" data-end=\"4049\">S&auml;kert dataskydd<\/h3><p data-start=\"4050\" data-end=\"4343\">S&auml;kerhet har h&ouml;gsta prioritet f&ouml;r UX10 G3, som inkluderar TPM 2.0, sj&auml;lvkrypterande lagring, st&ouml;d f&ouml;r smartkort och RFID, fingeravtrycksl&auml;sning och Windows Hello ansiktsigenk&auml;nning. Dessa funktioner hj&auml;lper organisationer att uppfylla strikta efterlevnadskrav samtidigt som k&auml;nsliga data skyddas.<\/p><h2 data-start=\"4345\" data-end=\"4387\">Idealiska anv&auml;ndningsomr&aring;den f&ouml;r Getac UX10 G3<\/h2><ul data-start=\"4389\" data-end=\"5195\">\n<li data-start=\"4389\" data-end=\"4562\">\n<p data-start=\"4391\" data-end=\"4562\"><strong data-start=\"4391\" data-end=\"4422\">F&auml;ltservice och allm&auml;nnyttiga<\/strong> f&ouml;retag &ndash; Tillf&ouml;rlitlig avl&auml;sning utomhus, batterier som kan bytas ut direkt och rugged h&aring;llbarhet s&auml;kerst&auml;ller smidiga arbetsfl&ouml;den i avl&auml;gsna eller tuffa milj&ouml;er.<\/p>\n<\/li>\n<li data-start=\"4563\" data-end=\"4741\">\n<p data-start=\"4565\" data-end=\"4741\"><strong data-start=\"4565\" data-end=\"4594\">Allm&auml;n s&auml;kerhet och f&ouml;rsvar<\/strong> &ndash; Uppdragskritiska s&auml;kerhetsfunktioner och rugged p&aring;litlighet g&ouml;r UX10 G3 till ett p&aring;litligt verktyg f&ouml;r polis, brandk&aring;r, milit&auml;r och r&auml;ddningsinsatser.<\/p>\n<\/li>\n<li data-start=\"4742\" data-end=\"4887\">\n<p data-start=\"4744\" data-end=\"4887\"><strong data-start=\"4744\" data-end=\"4758\">Sjukv&aring;rd<\/strong> &ndash; Fully Rugged men &auml;nd&aring; l&auml;tt design som l&auml;mpar sig f&ouml;r sjukhusronder, hembes&ouml;k eller akutinsatser med enkel sanering.<\/p>\n<\/li>\n<li data-start=\"4888\" data-end=\"5049\">\n<p data-start=\"4890\" data-end=\"5049\"><strong data-start=\"4890\" data-end=\"4922\">Industri och tillverkning<\/strong> &ndash; Hanterar damm, vibrationer och varierande temperaturer, vilket ger en tillf&ouml;rlitlig plattform f&ouml;r fabriks- och lagerverksamhet.<\/p>\n<\/li>\n<li data-start=\"5050\" data-end=\"5195\">\n<p data-start=\"5052\" data-end=\"5195\"><strong data-start=\"5052\" data-end=\"5079\">Transport och logistik<\/strong> &ndash; GPS, mobil uppkoppling och datafunktioner i realtid g&ouml;r att flottan och logistikverksamheten fungerar smidigt.<\/p>\n<\/li>\n<\/ul><h2 data-start=\"5197\" data-end=\"5235\">Getac UX10 G3 Produktj&auml;mf&ouml;relser<\/h2><p data-start=\"5237\" data-end=\"5413\">Getac UX10 G3 erbjuder den perfekta balansen mellan b&auml;rbarhet, rugged h&aring;llbarhet och f&ouml;retagsprestanda. F&ouml;r organisationer som utforskar alternativ erbjuder Micro Nordic ocks&aring;:<\/p><ul data-start=\"5415\" data-end=\"5856\">\n<li data-start=\"5415\" data-end=\"5553\">\n<p data-start=\"5417\" data-end=\"5553\"><a href=\"https:\/\/micronordic.com\/product\/getac-f110-touch-fully-rugged-tablet\/\"><strong data-start=\"5417\" data-end=\"5451\">Getac F110 Fully Rugged Tablet<\/strong> <\/a>&ndash; En st&ouml;rre 11,6&Prime; Rugged Tablet f&ouml;r anv&auml;ndare som beh&ouml;ver mer sk&auml;rmutrymme och multitasking-kapacitet.<\/p>\n<\/li>\n<li data-start=\"5554\" data-end=\"5695\">\n<p data-start=\"5556\" data-end=\"5695\"><a href=\"https:\/\/micronordic.com\/product\/dell-latitude-rugged-extreme-7230-tablet\/\"><strong data-start=\"988\" data-end=\"1032\">Dell Latitude 7230 Rugged Extreme Tablet<\/strong><\/a> &ndash; En Fully Rugged 12&Prime; Windows Tablet som ger en alternativ plattform med stark prestanda och l&auml;sbarhet utomhus.<\/p>\n<\/li>\n<li data-start=\"5696\" data-end=\"5856\">\n<p data-start=\"5698\" data-end=\"5856\"><a href=\"https:\/\/micronordic.com\/product\/panasonic-toughpad-fz-m1-refurbished\/\"><strong data-start=\"5698\" data-end=\"5741\">Panasonic TOUGHBOOK FZ-M1<\/strong><\/a>&ndash; En kompakt 7&Prime; Rugged Tablet utformad f&ouml;r maximal b&auml;rbarhet, tillg&auml;nglig renoverad som ett kostnadseffektivt alternativ.<\/p>\n<\/li>\n<\/ul>\n","protected":false},"excerpt":{"rendered":"<h3>Specifikationer:<\/h3>\n<ul>\n<li><strong>Sk\u00e4rm:<\/strong> 10,1\u2033 FHD (1920\u00d71200), 1000 nits solljusl\u00e4sbar LumiBond\u00ae-peksk\u00e4rm<\/li>\n<li><strong>Processor:<\/strong> 12:e generationens Intel\u00ae Core\u2122 i5\/i7 med Iris\u00ae Xe-grafik<\/li>\n<li><strong>Grafik:<\/strong> Integrerad Intel\u00ae Iris\u00ae Xe<\/li>\n<li><strong>Minne:<\/strong> 8 GB RAM (basmodell), uppgraderingsbart till 32 GB DDR4<\/li>\n<li><strong>Lagring:<\/strong> 256 GB SSD (basmodell), uppgraderingsbar till 1 TB PCIe<\/li>\n<li><strong>Anslutningsm\u00f6jligheter:<\/strong> Wi-Fi 6E, Bluetooth 5.3, 4G LTE\/5G (tillval) och GPS<\/li>\n<li><strong>Rugged-certifieringar:<\/strong> MIL-STD-810H, IP66, 6 ft fallmotst\u00e5nd<\/li>\n<li><strong>S\u00e4kerhet:<\/strong> TPM 2.0, fingeravtrycksl\u00e4sare, smartkortsl\u00e4sare, RFID\/NFC, Windows Hello<\/li>\n<li><strong>Batteri:<\/strong> Dubbla utbytbara batterier, h\u00f6gkapacitetsbatteri som tillval<\/li>\n<li><strong>M\u00e5tt och vikt:<\/strong> Cirka 280 \u00d7 192 \u00d7 23,5 mm, 1,4 kg<\/li>\n<li><strong>Garanti:<\/strong> 3 \u00e5r fr\u00e5n st\u00f6tf\u00e5ngare till st\u00f6tf\u00e5ngare<\/li>\n<\/ul>\n","protected":false},"author":24,"featured_media":100187,"template":"","meta":{"_acf_changed":false,"inline_featured_image":false},"product-condition":[5257],"product_brand":[8962],"product_cat":[5219,5216,5221],"product_tag":[],"class_list":{"0":"post-80355","1":"product","2":"type-product","3":"status-publish","4":"has-post-thumbnail","6":"product-condition-new-in-box","7":"product_brand-getac","8":"product_cat-getac-rugged","9":"product_cat-all-rugged-tablets","10":"product_cat-new-in-box-rugged-hardware","12":"first","13":"instock","14":"taxable","15":"shipping-taxable","16":"purchasable","17":"product-type-simple"},"acf":[],"_links":{"self":[{"href":"https:\/\/micronordic.com\/sv\/wp-json\/wp\/v2\/product\/80355","targetHints":{"allow":["GET"]}}],"collection":[{"href":"https:\/\/micronordic.com\/sv\/wp-json\/wp\/v2\/product"}],"about":[{"href":"https:\/\/micronordic.com\/sv\/wp-json\/wp\/v2\/types\/product"}],"author":[{"embeddable":true,"href":"https:\/\/micronordic.com\/sv\/wp-json\/wp\/v2\/users\/24"}],"version-history":[{"count":2,"href":"https:\/\/micronordic.com\/sv\/wp-json\/wp\/v2\/product\/80355\/revisions"}],"predecessor-version":[{"id":97724,"href":"https:\/\/micronordic.com\/sv\/wp-json\/wp\/v2\/product\/80355\/revisions\/97724"}],"wp:featuredmedia":[{"embeddable":true,"href":"https:\/\/micronordic.com\/sv\/wp-json\/wp\/v2\/media\/100187"}],"wp:attachment":[{"href":"https:\/\/micronordic.com\/sv\/wp-json\/wp\/v2\/media?parent=80355"}],"wp:term":[{"taxonomy":"product-condition","embeddable":true,"href":"https:\/\/micronordic.com\/sv\/wp-json\/wp\/v2\/product-condition?post=80355"},{"taxonomy":"product_brand","embeddable":true,"href":"https:\/\/micronordic.com\/sv\/wp-json\/wp\/v2\/product_brand?post=80355"},{"taxonomy":"product_cat","embeddable":true,"href":"https:\/\/micronordic.com\/sv\/wp-json\/wp\/v2\/product_cat?post=80355"},{"taxonomy":"product_tag","embeddable":true,"href":"https:\/\/micronordic.com\/sv\/wp-json\/wp\/v2\/product_tag?post=80355"}],"curies":[{"name":"wp","href":"https:\/\/api.w.org\/{rel}","templated":true}]}}