{"id":80353,"date":"2024-06-21T17:13:53","date_gmt":"2024-06-21T15:13:53","guid":{"rendered":"https:\/\/micronordic.com\/product\/getac-b360-g2-fully-rugged-laptop-13-3-fhd-new\/"},"modified":"2025-11-17T09:36:59","modified_gmt":"2025-11-17T08:36:59","slug":"getac-b360-g2-fully-rugged-laptop","status":"publish","type":"product","link":"https:\/\/micronordic.com\/sv\/product\/getac-b360-g2-fully-rugged-laptop\/","title":{"rendered":"Getac B360 G2 Fully Rugged Laptop (NY)"},"content":{"rendered":"<?xml encoding=\"utf-8\" ?><h2 data-start=\"252\" data-end=\"289\">Getac B360 G2 Fully Rugged Laptop<\/h2><p data-start=\"291\" data-end=\"636\"><strong>Getac B360 G2<\/strong> &auml;r en fullt rugged 13,3&Prime; laptop som &auml;r konstruerad f&ouml;r yrkesverksamma som arbetar i extrema milj&ouml;er och kr&auml;ver kompromissl&ouml;s tillf&ouml;rlitlighet. Den &auml;r kompakt men kraftfull och kombinerar h&aring;llbarhet i milit&auml;rklass med prestanda i f&ouml;retagsklass, vilket g&ouml;r den till en p&aring;litlig l&ouml;sning f&ouml;r f&ouml;rsvar, offentlig s&auml;kerhet, allm&auml;nnyttiga f&ouml;retag och f&auml;ltservice.<\/p><h2 data-start=\"638\" data-end=\"655\">Viktiga funktioner<\/h2><ul data-start=\"657\" data-end=\"1536\">\n<li data-start=\"657\" data-end=\"758\">\n<p data-start=\"659\" data-end=\"758\"><strong>Fully Rugged design<\/strong> &ndash; Certifierad MIL-STD-810H, MIL-STD-461G och IP66 med 6-fots fallmotst&aring;nd.<\/p>\n<\/li>\n<li data-start=\"759\" data-end=\"860\">\n<p data-start=\"761\" data-end=\"860\"><strong>13,3&Prime; FHD-sk&auml;rm som kan l&auml;sas i solljus<\/strong> &ndash; 1400 nits ljusstyrka med LumiBond&reg;-peksk&auml;rmsteknik.<\/p>\n<\/li>\n<li data-start=\"861\" data-end=\"950\">\n<p data-start=\"863\" data-end=\"950\"><strong>H&ouml;g prestanda<\/strong> &ndash; 12:e generationens Intel&reg; Core&trade; i5\/i7-processorer med Intel&reg; vPro&reg; som tillval.<\/p>\n<\/li>\n<li data-start=\"951\" data-end=\"1051\">\n<p data-start=\"953\" data-end=\"1051\"><strong>Grafikalternativ<\/strong> &ndash; Integrerad Intel&reg; Iris&reg; Xe eller diskret NVIDIA&reg; GeForce GTX-grafik som tillval.<\/p>\n<\/li>\n<li data-start=\"1052\" data-end=\"1149\">\n<p data-start=\"1054\" data-end=\"1149\"><strong>Dubbla batterier som kan bytas<\/strong> direkt &ndash; kontinuerlig anv&auml;ndning i f&auml;lt med tillvalspaket med h&ouml;g kapacitet.<\/p>\n<\/li>\n<li data-start=\"1150\" data-end=\"1233\">\n<p data-start=\"1152\" data-end=\"1233\"><strong>Anslutningsm&ouml;jligheter f&ouml;r f&ouml;retag<\/strong> &ndash; Wi-Fi 6E, Bluetooth 5.3, 4G LTE\/5G som tillval och GPS.<\/p>\n<\/li>\n<li data-start=\"1234\" data-end=\"1338\">\n<p data-start=\"1236\" data-end=\"1338\"><strong>S&auml;kerhetsfunktioner<\/strong> &ndash; TPM 2.0, Windows Hello, fingeravtrycksl&auml;sare, st&ouml;d f&ouml;r smartkort och RFID-l&auml;sare.<\/p>\n<\/li>\n<li data-start=\"1339\" data-end=\"1446\">\n<p data-start=\"1341\" data-end=\"1446\"><strong>M&aring;ngsidiga expansionsm&ouml;jligheter<\/strong> &ndash; valfritt mediafack f&ouml;r ytterligare lagring, optisk enhet eller I\/O-anpassning.<\/p>\n<\/li>\n<li data-start=\"1447\" data-end=\"1536\">\n<p data-start=\"1449\" data-end=\"1536\"><strong>L&aring;ng livscykel<\/strong> &ndash; Byggd f&ouml;r tillf&ouml;rlitlighet med Getacs 3-&aring;rsgaranti fr&aring;n st&ouml;tf&aring;ngare till st&ouml;tf&aring;ngare.<\/p>\n<\/li>\n<\/ul><h2 data-start=\"1538\" data-end=\"1555\">Viktiga f&ouml;rdelar<\/h2><h3 data-start=\"1557\" data-end=\"1580\">Rugged h&aring;llbarhet<\/h3><p data-start=\"1581\" data-end=\"1884\">B360 G2 &auml;r byggd fr&aring;n grunden f&ouml;r de mest kr&auml;vande f&ouml;rh&aring;llanden. Den har MIL-STD-810H- och MIL-STD-461G-certifieringar, IP66-t&auml;tning mot damm och vatten samt fallt&aring;lighet fr&aring;n upp till 6 fot. Den fungerar i extrema temperaturer, vilket g&ouml;r den till en p&aring;litlig partner p&aring; f&auml;ltet i alla milj&ouml;er.<\/p><h3 data-start=\"1886\" data-end=\"1920\">Ljusstark display som &auml;r redo f&ouml;r utomhusbruk<\/h3><p data-start=\"1921\" data-end=\"2149\">FHD-sk&auml;rmen p&aring; 13,3&Prime; har en ljusstyrka p&aring; 1400 nits, vilket ger utm&auml;rkt l&auml;sbarhet &auml;ven i direkt solljus. LumiBond&reg;-teknik f&ouml;rb&auml;ttrar kontrast och f&auml;rgprestanda samtidigt som den st&ouml;der pekinmatning med handskar, pennor eller regn.<\/p><h3 data-start=\"2151\" data-end=\"2185\">Prestanda i f&ouml;retagsklass<\/h3><p data-start=\"2186\" data-end=\"2423\">Utrustad med Intel&reg; 12th Gen Core&trade;-processorer och upp till 64 GB DDR5 RAM hanterar B360 G2 kr&auml;vande arbetsbelastningar med l&auml;tthet. Diskret NVIDIA&reg;-grafik som tillval &ouml;kar prestandan ytterligare f&ouml;r applikationer som CAD, GIS och 3D-rendering.<\/p><h3 data-start=\"2425\" data-end=\"2444\">Kraft hela dagen<\/h3><p data-start=\"2445\" data-end=\"2634\">Dubbla batterier som kan bytas ut under drift ger oavbruten drift. F&auml;ltpersonal kan byta ut f&ouml;rbrukade batterier utan att st&auml;nga av str&ouml;mmen, vilket s&auml;kerst&auml;ller att uppdragskritiska uppgifter forts&auml;tter s&ouml;ml&ouml;st.<\/p><h3 data-start=\"2636\" data-end=\"2673\">Anslutningsm&ouml;jligheter utan kompromisser<\/h3><p data-start=\"2674\" data-end=\"2928\">Wi-Fi 6E och Bluetooth 5.3 ger snabb och stabil tr&aring;dl&ouml;s kommunikation, medan valfria 4G LTE- eller 5G-moduler med dedikerad GPS h&aring;ller teamen uppkopplade globalt. Denna m&aring;ngsidighet s&auml;kerst&auml;ller tillf&ouml;rlitlig kommunikation inomhus, utomhus och p&aring; avl&auml;gsna platser.<\/p><h3 data-start=\"2930\" data-end=\"2962\">S&auml;kerhet f&ouml;r kritisk data<\/h3><p data-start=\"2963\" data-end=\"3167\">F&ouml;retagss&auml;kerhet &auml;r k&auml;rnan i B360 G2. TPM 2.0, fingeravtrycksl&auml;sare, smartkortsl&auml;sare och RFID-autentisering (tillval) s&auml;kerst&auml;ller efterlevnad av s&auml;kerhetsstandarder f&ouml;r myndigheter och f&ouml;retag.<\/p><h3 data-start=\"3169\" data-end=\"3195\">Modul&auml;r och flexibel<\/h3><p data-start=\"3196\" data-end=\"3412\">Med tillvalet media bay expansion kan anv&auml;ndare konfigurera B360 G2 f&ouml;r att inkludera en andra SSD, optisk enhet eller ytterligare I\/O. Denna anpassningsbarhet g&ouml;r den l&auml;mplig f&ouml;r alla branscher med unika arbetsfl&ouml;deskrav.<\/p><h2 data-start=\"3414\" data-end=\"3434\">Idealiska anv&auml;ndningsfall<\/h2><ul data-start=\"3436\" data-end=\"3951\">\n<li data-start=\"3436\" data-end=\"3562\">\n<p data-start=\"3438\" data-end=\"3562\"><strong data-start=\"3438\" data-end=\"3460\">F&ouml;rsvar &amp; milit&auml;r<\/strong> &ndash; P&aring;litlig databehandling med avancerad s&auml;kerhet och rugged h&aring;llbarhet f&ouml;r uppdragskritiska installationer.<\/p>\n<\/li>\n<li data-start=\"3563\" data-end=\"3657\">\n<p data-start=\"3565\" data-end=\"3657\"><strong data-start=\"3565\" data-end=\"3582\">Allm&auml;n s&auml;kerhet<\/strong> &ndash; S&auml;ker, uppkopplad verksamhet f&ouml;r polis, brandk&aring;r och r&auml;ddningstj&auml;nst.<\/p>\n<\/li>\n<li data-start=\"3658\" data-end=\"3757\">\n<p data-start=\"3660\" data-end=\"3757\"><strong data-start=\"3660\" data-end=\"3689\">F&auml;ltservice och allm&auml;nnyttiga tj&auml;nster<\/strong> &ndash; Tillf&ouml;rlitlig str&ouml;mf&ouml;rs&ouml;rjning och anslutning hela dagen f&ouml;r tekniker p&aring; distans.<\/p>\n<\/li>\n<li data-start=\"3758\" data-end=\"3853\">\n<p data-start=\"3760\" data-end=\"3853\"><strong data-start=\"3760\" data-end=\"3787\">Industriella milj&ouml;er<\/strong> &ndash; Byggd f&ouml;r att t&aring;la vibrationer, damm och extrema temperaturer.<\/p>\n<\/li>\n<li data-start=\"3854\" data-end=\"3951\">\n<p data-start=\"3856\" data-end=\"3951\"><strong data-start=\"3856\" data-end=\"3886\">Bygg &amp; anl&auml;ggning<\/strong> &ndash; H&ouml;g ljusstyrka och h&aring;llbarhet f&ouml;r utomhusprojekt.<\/p>\n<\/li>\n<\/ul><h2 data-start=\"3953\" data-end=\"3977\">Produktj&auml;mf&ouml;relser<\/h2><p data-start=\"3979\" data-end=\"4137\">Getac B360 G2 ger en unik balans mellan b&auml;rbarhet, robusthet och prestanda. F&ouml;r organisationer som utv&auml;rderar alternativ erbjuder MicroNordic ocks&aring;:<\/p><ul data-start=\"4139\" data-end=\"4576\">\n<li data-start=\"4139\" data-end=\"4276\">\n<p data-start=\"4141\" data-end=\"4276\"><a href=\"https:\/\/micronordic.com\/product\/getac-x600-fully-rugged-mobile-workstation\/\"><strong data-start=\"4141\" data-end=\"4187\">Getac X600 Fully Rugged Mobile arbetsstation<\/strong><\/a> &ndash; Ett st&ouml;rre och kraftfullare alternativ med prestanda och utbyggnadsm&ouml;jligheter i arbetsstationsklass.<\/p>\n<\/li>\n<li data-start=\"4277\" data-end=\"4425\">\n<p data-start=\"4279\" data-end=\"4425\"><a href=\"https:\/\/micronordic.com\/product\/product-getac-s510-g1-semi-rugged-laptop\/\"><strong data-start=\"4279\" data-end=\"4312\">Getac S510 SemiRugged Laptop<\/strong><\/a> &ndash; En tunnare och l&auml;ttare modell f&ouml;r mindre extrema f&ouml;rh&aring;llanden, som erbjuder rugged tillf&ouml;rlitlighet med &ouml;kad r&ouml;rlighet.<\/p>\n<\/li>\n<li data-start=\"4426\" data-end=\"4576\">\n<p data-start=\"4428\" data-end=\"4576\"><a href=\"https:\/\/micronordic.com\/product\/panasonic-toughbook-fz-55\/\"><strong data-start=\"4428\" data-end=\"4473\">Panasonic TOUGHBOOK 55 MK1-3 Semi-Rugged Laptop<\/strong><\/a> &ndash; En modul&auml;r Semi-Rugged Laptop med m&aring;ngsidig expansion, idealisk f&ouml;r arbetsfl&ouml;den i f&auml;lt och p&aring; kontor.<\/p>\n<\/li>\n<\/ul>\n","protected":false},"excerpt":{"rendered":"<h3>Specifikationer:<\/h3>\n<ul>\n<li><strong>Sk\u00e4rm:<\/strong> 13,3\u2033 FHD (1920\u00d71080), 1400 nits solljusl\u00e4sbar LumiBond\u00ae-peksk\u00e4rm<\/li>\n<li><strong>Processor:<\/strong> 12:e generationens Intel\u00ae Core\u2122 i5\/i7 med vPro\u00ae som tillval<\/li>\n<li><strong>Grafik:<\/strong> Integrerad Intel\u00ae Iris\u00ae Xe, tillval NVIDIA\u00ae GeForce GTX<\/li>\n<li><strong>Minne:<\/strong> 8 GB DDR4 (basmodell), uppgraderingsbart till 64 GB DDR5 RAM<\/li>\n<li><strong>Lagring:<\/strong> 256 GB (basmodell), uppgraderingsbar till 2 TB PCIe SSD<\/li>\n<li><strong>Anslutningsm\u00f6jligheter:<\/strong> Wi-Fi 6E, Bluetooth 5.3, 4G LTE\/5G (tillval) och GPS<\/li>\n<li><strong>Rugged-certifieringar:<\/strong> MIL-STD-810H, MIL-STD-461G, IP66, 6 ft fallt\u00e5lighet<\/li>\n<li><strong>S\u00e4kerhet:<\/strong> TPM 2.0, fingeravtrycksl\u00e4sare, smartkortsl\u00e4sare, RFID, Windows Hello<\/li>\n<li><strong>Batteri:<\/strong> Dubbla utbytbara batterier, tillval av h\u00f6gkapacitetsbatterier<\/li>\n<li><strong>M\u00e5tt och vikt:<\/strong> Cirka 342 \u00d7 281 \u00d7 34,9 mm, 2,32 kg<\/li>\n<li><strong>Garanti:<\/strong> 3 \u00e5r fr\u00e5n st\u00f6tf\u00e5ngare till st\u00f6tf\u00e5ngare<\/li>\n<\/ul>\n","protected":false},"author":24,"featured_media":58470,"template":"","meta":{"_acf_changed":false,"inline_featured_image":false},"product-condition":[5257],"product_brand":[8962],"product_cat":[5219,5215,5221],"product_tag":[5321],"class_list":{"0":"post-80353","1":"product","2":"type-product","3":"status-publish","4":"has-post-thumbnail","6":"product-condition-new-in-box","7":"product_brand-getac","8":"product_cat-getac-rugged","9":"product_cat-all-rugged-laptops","10":"product_cat-new-in-box-rugged-hardware","11":"product_tag-windows-11-pro","13":"first","14":"instock","15":"taxable","16":"shipping-taxable","17":"purchasable","18":"product-type-simple"},"acf":[],"_links":{"self":[{"href":"https:\/\/micronordic.com\/sv\/wp-json\/wp\/v2\/product\/80353","targetHints":{"allow":["GET"]}}],"collection":[{"href":"https:\/\/micronordic.com\/sv\/wp-json\/wp\/v2\/product"}],"about":[{"href":"https:\/\/micronordic.com\/sv\/wp-json\/wp\/v2\/types\/product"}],"author":[{"embeddable":true,"href":"https:\/\/micronordic.com\/sv\/wp-json\/wp\/v2\/users\/24"}],"version-history":[{"count":2,"href":"https:\/\/micronordic.com\/sv\/wp-json\/wp\/v2\/product\/80353\/revisions"}],"predecessor-version":[{"id":97725,"href":"https:\/\/micronordic.com\/sv\/wp-json\/wp\/v2\/product\/80353\/revisions\/97725"}],"wp:featuredmedia":[{"embeddable":true,"href":"https:\/\/micronordic.com\/sv\/wp-json\/wp\/v2\/media\/58470"}],"wp:attachment":[{"href":"https:\/\/micronordic.com\/sv\/wp-json\/wp\/v2\/media?parent=80353"}],"wp:term":[{"taxonomy":"product-condition","embeddable":true,"href":"https:\/\/micronordic.com\/sv\/wp-json\/wp\/v2\/product-condition?post=80353"},{"taxonomy":"product_brand","embeddable":true,"href":"https:\/\/micronordic.com\/sv\/wp-json\/wp\/v2\/product_brand?post=80353"},{"taxonomy":"product_cat","embeddable":true,"href":"https:\/\/micronordic.com\/sv\/wp-json\/wp\/v2\/product_cat?post=80353"},{"taxonomy":"product_tag","embeddable":true,"href":"https:\/\/micronordic.com\/sv\/wp-json\/wp\/v2\/product_tag?post=80353"}],"curies":[{"name":"wp","href":"https:\/\/api.w.org\/{rel}","templated":true}]}}