{"id":80351,"date":"2023-10-10T19:24:14","date_gmt":"2023-10-10T17:24:14","guid":{"rendered":"https:\/\/micronordic.com\/product\/dell-latitude-13-rugged-extreme-7330-barbar-dator-ny\/"},"modified":"2025-11-17T11:43:27","modified_gmt":"2025-11-17T10:43:27","slug":"dell-latitude-7330-rugged-extreme","status":"publish","type":"product","link":"https:\/\/micronordic.com\/sv\/product\/dell-latitude-7330-rugged-extreme\/","title":{"rendered":"Dell Latitude 7330 Rugged Extreme Laptop (NY)"},"content":{"rendered":"<?xml encoding=\"utf-8\" ?><h2 data-start=\"194\" data-end=\"238\">Dell Latitude 7330 Rugged Extreme Laptop<\/h2><p data-start=\"240\" data-end=\"734\">Dell Latitude 7330 Rugged Extreme &auml;r en 13,3-tums fully Rugged Laptop som &auml;r utformad f&ouml;r yrkesverksamma som arbetar under de tuffaste f&ouml;rh&aring;llandena. Den kombinerar h&aring;llbarhet i milit&auml;rklass med prestanda i f&ouml;retagsklass och ger den kraft, anslutningsm&ouml;jligheter och tillf&ouml;rlitlighet som kr&auml;vs f&ouml;r arbetsfl&ouml;den inom f&ouml;rsvar, allm&auml;n s&auml;kerhet, f&auml;ltservice och industri. Med sin l&auml;tta design och sina m&aring;ngsidiga konfigurationsalternativ utm&auml;rker sig Latitude 7330 som en av de mest mobila, fullt Rugged Laptop-datorerna i sin klass.  <\/p><p class=\"p1\">Nya produkter har 3 &aring;rs tillverkargaranti.<\/p><h2 data-start=\"736\" data-end=\"794\">Viktiga funktioner i Dell Latitude 7330 Rugged Extreme<\/h2><ul data-start=\"796\" data-end=\"1593\">\n<li data-start=\"796\" data-end=\"886\">\n<p data-start=\"798\" data-end=\"886\"><strong>Fully Rugged design<\/strong> &ndash; MIL-STD-810H-certifierad, IP65-klassad och falltestad fr&aring;n 6 fot.<\/p>\n<\/li>\n<li data-start=\"887\" data-end=\"983\">\n<p data-start=\"889\" data-end=\"983\"><strong>13,3&Prime; FHD-sk&auml;rm som kan l&auml;sas i solljus<\/strong> &ndash; 1400 nits ljusstyrka med st&ouml;d f&ouml;r handskar och v&aring;t ber&ouml;ring.<\/p>\n<\/li>\n<li data-start=\"984\" data-end=\"1076\">\n<p data-start=\"986\" data-end=\"1076\"><strong>Prestandaalternativ<\/strong> &ndash; 11:e generationens Intel&reg; Core&trade; i5\/i7-processorer med Intel&reg; vPro&reg; som tillval.<\/p>\n<\/li>\n<li data-start=\"1077\" data-end=\"1145\">\n<p data-start=\"1079\" data-end=\"1145\"><strong>Minne och lagring<\/strong> &ndash; Konfigurerbar upp till 32 GB DDR4 RAM och upp till 2 TB PCIe SSD.<\/p>\n<\/li>\n<li data-start=\"1146\" data-end=\"1236\">\n<p data-start=\"1148\" data-end=\"1236\"><strong>Anslutningsm&ouml;jligheter<\/strong> &ndash; Wi-Fi 6E, Bluetooth 5.2, 4G LTE\/5G (tillval), GPS och &auml;ldre I\/O-portar.<\/p>\n<\/li>\n<li data-start=\"1237\" data-end=\"1331\">\n<p data-start=\"1239\" data-end=\"1331\"><strong>S&auml;kerhet<\/strong> &ndash; TPM 2.0, fingeravtrycksl&auml;sare, Windows Hello, st&ouml;d f&ouml;r smartkort och RFID-l&auml;sare.<\/p>\n<\/li>\n<li data-start=\"1332\" data-end=\"1427\">\n<p data-start=\"1334\" data-end=\"1427\"><strong>Batterier<\/strong> som kan bytas ut snabbt &ndash; dubbla batterier som kan bytas ut snabbt med st&ouml;d f&ouml;r ExpressCharge som tillval.<\/p>\n<\/li>\n<li data-start=\"1428\" data-end=\"1523\">\n<p data-start=\"1430\" data-end=\"1523\"><strong>L&auml;tt och b&auml;rbar<\/strong> &ndash; Med en vikt fr&aring;n 1,97 kg &auml;r den en av de l&auml;ttaste i sin klass.<\/p>\n<\/li>\n<li data-start=\"1524\" data-end=\"1593\">\n<p data-start=\"1526\" data-end=\"1593\"><strong>Garanti<\/strong> &ndash; Backas upp av Dell ProSupport med upp till 3 &aring;rs t&auml;ckning.<\/p>\n<\/li>\n<\/ul><h2 data-start=\"1595\" data-end=\"1642\">Varf&ouml;r v&auml;lja Latitude 7330 Rugged Laptop<\/h2><h3 data-start=\"1644\" data-end=\"1667\">Rugged h&aring;llbarhet<\/h3><p data-start=\"1668\" data-end=\"1921\">Latitude 7330 Rugged Extreme &auml;r konstruerad f&ouml;r att &ouml;verleva under de tuffaste f&ouml;rh&aring;llandena. Med MIL-STD-810H-certifiering, IP65-t&auml;tning och fallt&aring;lighet p&aring; upp till 2,5 meter &auml;r den utformad f&ouml;r att klara damm, vatten, st&ouml;tar, vibrationer och extrema temperaturer. <\/p><h3 data-start=\"1923\" data-end=\"1950\">Display som &auml;r redo f&ouml;r utomhusbruk<\/h3><p data-start=\"1951\" data-end=\"2178\">Den 13,3&Prime; stora FHD-sk&auml;rmen har en ljusstyrka p&aring; 1400 nits f&ouml;r maximal l&auml;sbarhet i direkt solljus. Pekinmatningen f&ouml;rblir tillf&ouml;rlitlig i regn, med handskar eller med en pekpenna, vilket g&ouml;r den mycket l&auml;mplig f&ouml;r utomhus- och f&auml;ltarbete. <\/p><h3 data-start=\"2180\" data-end=\"2214\">Prestanda i f&ouml;retagsklass<\/h3><p data-start=\"2215\" data-end=\"2454\">Latitude 7330 drivs av Intel&reg; 11:e generationens Core&trade;-processorer med vPro&reg; som tillval och upp till 32 GB RAM, vilket ger smidig multitasking. PCIe SSD-lagring ger snabba uppstartstider och snabb data&aring;tkomst, perfekt f&ouml;r dataintensiva program. <\/p><h3 data-start=\"2456\" data-end=\"2483\">Anslutningsm&ouml;jligheter &ouml;verallt<\/h3><p data-start=\"2484\" data-end=\"2738\">Med Wi-Fi 6E, Bluetooth 5.2 och 4G LTE eller 5G som tillval s&auml;kerst&auml;ller Latitude 7330 konsekvent kommunikation. Inbyggd GPS m&ouml;jligg&ouml;r exakt platssp&aring;rning f&ouml;r f&auml;ltarbete, medan flera I\/O-alternativ ger kompatibilitet med &auml;ldre system. <\/p><h3 data-start=\"2740\" data-end=\"2759\">Kraft hela dagen<\/h3><p data-start=\"2760\" data-end=\"2976\">Dubbelt hot-swap-batterist&ouml;d inneb&auml;r att Latitude 7330 kan k&ouml;ras kontinuerligt utan driftstopp. Dells ExpressCharge-teknik m&ouml;jligg&ouml;r dessutom snabb laddning, s&aring; att verksamheten kan forts&auml;tta med minimal stillest&aring;ndstid. <\/p><h3 data-start=\"2978\" data-end=\"3004\">S&auml;kert och kompatibelt<\/h3><p data-start=\"3005\" data-end=\"3234\">Med TPM 2.0, fingeravtrycksl&auml;sare, smartkortsl&auml;sare och RFID-autentisering erbjuder Latitude 7330 flera lager av s&auml;kerhet. Dessa funktioner hj&auml;lper organisationer att uppfylla strikta efterlevnadsstandarder f&ouml;r f&ouml;retag och myndigheter. <\/p><h3 data-start=\"3236\" data-end=\"3269\">L&auml;ttvikt Rugged Mobilitet<\/h3><p data-start=\"3270\" data-end=\"3482\">Med en vikt p&aring; under 2 kg &auml;r Latitude 7330 Rugged Extreme en av de l&auml;ttaste helt robusta laptops som finns. Denna b&auml;rbarhet g&ouml;r den s&auml;rskilt v&auml;rdefull f&ouml;r mobila yrkesm&auml;nniskor som kr&auml;ver h&aring;llbarhet utan volym. <\/p><h2 data-start=\"3484\" data-end=\"3527\">Idealiska anv&auml;ndningsomr&aring;den f&ouml;r Dell Latitude 7330<\/h2><ul data-start=\"3529\" data-end=\"4018\">\n<li data-start=\"3529\" data-end=\"3623\">\n<p data-start=\"3531\" data-end=\"3623\"><strong data-start=\"3531\" data-end=\"3553\">F&ouml;rsvar &amp; milit&auml;r<\/strong> &ndash; En l&auml;tt, fully Rugged-l&ouml;sning f&ouml;r s&auml;ker f&auml;ltverksamhet.<\/p>\n<\/li>\n<li data-start=\"3624\" data-end=\"3726\">\n<p data-start=\"3626\" data-end=\"3726\"><strong data-start=\"3626\" data-end=\"3643\">Allm&auml;n s&auml;kerhet<\/strong> &ndash; Tillf&ouml;rlitlig uppkoppling och h&aring;llbarhet f&ouml;r polis, brandk&aring;r och r&auml;ddningstj&auml;nst.<\/p>\n<\/li>\n<li data-start=\"3727\" data-end=\"3822\">\n<p data-start=\"3729\" data-end=\"3822\"><strong data-start=\"3729\" data-end=\"3758\">F&auml;ltservice och verktyg<\/strong> &ndash; Rugged mobilitet med l&aring;ng drifttid och modul&auml;ra anslutningsm&ouml;jligheter.<\/p>\n<\/li>\n<li data-start=\"3823\" data-end=\"3916\">\n<p data-start=\"3825\" data-end=\"3916\"><strong data-start=\"3825\" data-end=\"3852\">Industriella milj&ouml;er<\/strong> &ndash; Byggd f&ouml;r att motst&aring; damm, vibrationer och extrema f&ouml;rh&aring;llanden.<\/p>\n<\/li>\n<li data-start=\"3917\" data-end=\"4018\">\n<p data-start=\"3919\" data-end=\"4018\"><strong data-start=\"3919\" data-end=\"3949\">Bygg &amp; anl&auml;ggning<\/strong> &ndash; Display som kan l&auml;sas av i solljus och rugged konstruktion f&ouml;r utomhusprojekt.<\/p>\n<\/li>\n<\/ul><h2 data-start=\"4020\" data-end=\"4077\">Produktj&auml;mf&ouml;relser: Alternativ till Dell Latitude 7330<\/h2><p data-start=\"3971\" data-end=\"4165\">Dell Latitude 7330 Rugged Extreme &auml;r utformad f&ouml;r anv&auml;ndare som beh&ouml;ver en l&auml;ttviktig, helt Rugged Laptop med prestanda p&aring; f&ouml;retagsniv&aring;. Andra rugged-enheter som finns tillg&auml;ngliga p&aring; Micro Nordic inkluderar: <\/p><ul data-start=\"4167\" data-end=\"4549\">\n<li data-start=\"4167\" data-end=\"4288\">\n<p data-start=\"4169\" data-end=\"4288\"><a href=\"https:\/\/micronordic.com\/product\/dell-rugged-extreme-5430-new\/\"><strong data-start=\"4169\" data-end=\"4205\">Dell Latitude 5430 Rugged Laptop<\/strong><\/a> &ndash; En Semi-Rugged-modell som erbjuder l&auml;ttare h&aring;llbarhet f&ouml;r mindre extrema milj&ouml;er.<\/p>\n<\/li>\n<li data-start=\"4289\" data-end=\"4421\">\n<p data-start=\"4291\" data-end=\"4421\"><a href=\"https:\/\/micronordic.com\/product\/getac-b360-g2-fully-rugged-laptop\/\"><strong data-start=\"4291\" data-end=\"4328\">Getac B360 G2 Fully Rugged Laptop<\/strong><\/a> &ndash; Ett Fully Rugged 13,3&Prime;-alternativ med NVIDIA&reg;-grafik som tillval och str&ouml;mf&ouml;rs&ouml;rjning som kan bytas ut direkt.<\/p>\n<\/li>\n<li data-start=\"4422\" data-end=\"4549\">\n<p data-start=\"4424\" data-end=\"4549\"><a href=\"https:\/\/micronordic.com\/product\/panasonic-toughbook-fz-55\/\"><strong data-start=\"4424\" data-end=\"4469\">Panasonic TOUGHBOOK 55 MK1-3 Semi-Rugged Laptop<\/strong><\/a> &ndash; En modul&auml;r Semi-Rugged Laptop, idealisk f&ouml;r flexibla arbetsfl&ouml;den mellan f&auml;lt och kontor.<\/p>\n<\/li>\n<\/ul>\n","protected":false},"excerpt":{"rendered":"<h3>Specifikationer:<\/h3>\n<ul>\n<li><strong>Sk\u00e4rm:<\/strong> 13,3\u2033 FHD (1920\u00d71080), 1400 nits peksk\u00e4rm som kan l\u00e4sas i solljus<\/li>\n<li><strong>Processor:<\/strong> 11:e generationens Intel\u00ae Core\u2122 i5\/i7 med vPro\u00ae som tillval<\/li>\n<li><strong>Grafik:<\/strong> Integrerad Intel\u00ae Iris\u00ae Xe-grafik<\/li>\n<li><strong>Minne:<\/strong> 8 GB (basmodell), uppgraderingsbart till 32 GB DDR4 RAM<\/li>\n<li><strong>Lagring:<\/strong> 256 GB (basmodell), uppgraderingsbar 2 TB PCIe SSD<\/li>\n<li><strong>Anslutningsm\u00f6jligheter:<\/strong> Wi-Fi 6E, Bluetooth 5.2, 4G LTE\/5G (tillval) och GPS<\/li>\n<li><strong>Rugged-certifieringar:<\/strong> MIL-STD-810H, IP65, 6 ft fallmotst\u00e5nd<\/li>\n<li><strong>S\u00e4kerhet:<\/strong> TPM 2.0, fingeravtrycksl\u00e4sare, st\u00f6d f\u00f6r smartkort och RFID, Windows Hello<\/li>\n<li><strong>Batteri:<\/strong> Dubbla utbytbara batterier med st\u00f6d f\u00f6r ExpressCharge<\/li>\n<li><strong>M\u00e5tt och vikt:<\/strong> Cirka 330 \u00d7 220 \u00d7 32 mm, fr\u00e5n 1,97 kg <\/li>\n<li><strong><strong>Garanti: <\/strong><\/strong>3 \u00e5rs Dell ProSupport<\/li>\n<\/ul>\n","protected":false},"author":24,"featured_media":99939,"template":"","meta":{"_acf_changed":false,"inline_featured_image":false},"product-condition":[5257],"product_brand":[8938],"product_cat":[5218,5215,5221],"product_tag":[],"class_list":{"0":"post-80351","1":"product","2":"type-product","3":"status-publish","4":"has-post-thumbnail","6":"product-condition-new-in-box","7":"product_brand-dell","8":"product_cat-dell-rugged","9":"product_cat-all-rugged-laptops","10":"product_cat-new-in-box-rugged-hardware","12":"first","13":"instock","14":"taxable","15":"shipping-taxable","16":"purchasable","17":"product-type-simple"},"acf":[],"_links":{"self":[{"href":"https:\/\/micronordic.com\/sv\/wp-json\/wp\/v2\/product\/80351","targetHints":{"allow":["GET"]}}],"collection":[{"href":"https:\/\/micronordic.com\/sv\/wp-json\/wp\/v2\/product"}],"about":[{"href":"https:\/\/micronordic.com\/sv\/wp-json\/wp\/v2\/types\/product"}],"author":[{"embeddable":true,"href":"https:\/\/micronordic.com\/sv\/wp-json\/wp\/v2\/users\/24"}],"version-history":[{"count":2,"href":"https:\/\/micronordic.com\/sv\/wp-json\/wp\/v2\/product\/80351\/revisions"}],"predecessor-version":[{"id":97939,"href":"https:\/\/micronordic.com\/sv\/wp-json\/wp\/v2\/product\/80351\/revisions\/97939"}],"wp:featuredmedia":[{"embeddable":true,"href":"https:\/\/micronordic.com\/sv\/wp-json\/wp\/v2\/media\/99939"}],"wp:attachment":[{"href":"https:\/\/micronordic.com\/sv\/wp-json\/wp\/v2\/media?parent=80351"}],"wp:term":[{"taxonomy":"product-condition","embeddable":true,"href":"https:\/\/micronordic.com\/sv\/wp-json\/wp\/v2\/product-condition?post=80351"},{"taxonomy":"product_brand","embeddable":true,"href":"https:\/\/micronordic.com\/sv\/wp-json\/wp\/v2\/product_brand?post=80351"},{"taxonomy":"product_cat","embeddable":true,"href":"https:\/\/micronordic.com\/sv\/wp-json\/wp\/v2\/product_cat?post=80351"},{"taxonomy":"product_tag","embeddable":true,"href":"https:\/\/micronordic.com\/sv\/wp-json\/wp\/v2\/product_tag?post=80351"}],"curies":[{"name":"wp","href":"https:\/\/api.w.org\/{rel}","templated":true}]}}