{"id":80345,"date":"2023-03-01T09:30:14","date_gmt":"2023-03-01T08:30:14","guid":{"rendered":"https:\/\/micronordic.com\/product\/honeywell-ck65-mobil-handdator-renoverad\/"},"modified":"2025-11-17T12:38:58","modified_gmt":"2025-11-17T11:38:58","slug":"honeywell-ck65-mobile-handheld-computer-refurbished","status":"publish","type":"product","link":"https:\/\/micronordic.com\/sv\/product\/honeywell-ck65-mobile-handheld-computer-refurbished\/","title":{"rendered":"Honeywell CK65 Handheld Mobile Computer (EX-DEMO)"},"content":{"rendered":"<?xml encoding=\"utf-8\" ?><h2 data-start=\"573\" data-end=\"617\">Honeywell CK65 Handheld Mobile Computer<\/h2><p data-start=\"619\" data-end=\"1092\"><strong data-start=\"623\" data-end=\"666\">Honeywell CK65 Handheld Mobile Computer<\/strong> &auml;r byggd f&ouml;r att maximera arbetskraftens produktivitet och enhetens livsl&auml;ngd i kr&auml;vande industriella milj&ouml;er. CK65 erbjuder avancerad datainsamling, rugged h&aring;llbarhet och flexibla anslutningsm&ouml;jligheter och &auml;r idealisk f&ouml;r lager, tillverkningsanl&auml;ggningar, logistikcenter och distributionscentraler. <\/p><p>Den finns b&aring;de som <strong data-start=\"964\" data-end=\"975\">EX-DEMO<\/strong> och <strong data-start=\"980\" data-end=\"994\">NEW IN BOX<\/strong> och ger f&ouml;retag m&ouml;jlighet att v&auml;lja mellan kostnadseffektivitet och helt ny, fabriksf&ouml;rseglad h&aring;rdvara. Ex-Demo-enheter har <strong>12 m&aring;naders garanti<\/strong>, medan <strong data-start=\"52\" data-end=\"83\">fabriksnya rugged scanners<\/strong> levereras med en <strong data-start=\"104\" data-end=\"132\">standardgaranti p&aring; 2 &aring;r<\/strong> f&ouml;r tillf&ouml;rlitlig sinnesro.<\/p><h2 data-start=\"1094\" data-end=\"1133\">Viktiga funktioner i Honeywell CK65<\/h2><ul data-start=\"1135\" data-end=\"2270\">\n<li data-start=\"1135\" data-end=\"1277\">\n<p data-start=\"1137\" data-end=\"1277\"><strong data-start=\"1137\" data-end=\"1158\">Rugged h&aring;llbarhet<\/strong> &ndash; MIL-STD-810G-certifierad med IP65- och IP68-klassning; fallt&aring;lig upp till 3 meter och tumlingstestad upp till 3 000 g&aring;nger.<\/p>\n<\/li>\n<li data-start=\"1278\" data-end=\"1362\">\n<p data-start=\"1280\" data-end=\"1362\"><strong data-start=\"1280\" data-end=\"1291\">Sk&auml;rm<\/strong> &ndash; 4&Prime; WVGA multi-touch-sk&auml;rm, l&auml;sbar i solljus och handskv&auml;nlig.<\/p>\n<\/li>\n<li data-start=\"1363\" data-end=\"1466\">\n<p data-start=\"1365\" data-end=\"1466\"><strong data-start=\"1365\" data-end=\"1385\">Processorkraft<\/strong> &ndash; Qualcomm&reg; SD660 octa-core, 2,2 GHz processor med l&aring;ngvarigt Android-st&ouml;d.<\/p>\n<\/li>\n<li data-start=\"1467\" data-end=\"1577\">\n<p data-start=\"1469\" data-end=\"1577\"><strong data-start=\"1469\" data-end=\"1489\">Operativsystem<\/strong> &ndash; Android 9, uppgraderingsbart till Android 13 med Honeywells Mobility Edge&trade;-plattform.<\/p>\n<\/li>\n<li data-start=\"1578\" data-end=\"1619\">\n<p data-start=\"1580\" data-end=\"1619\"><strong data-start=\"1580\" data-end=\"1590\">Minne<\/strong> &ndash; 3 GB \/ 4 GB RAM-alternativ.<\/p>\n<\/li>\n<li data-start=\"1620\" data-end=\"1702\">\n<p data-start=\"1622\" data-end=\"1702\"><strong data-start=\"1622\" data-end=\"1633\">Lagring<\/strong> &ndash; 32 GB \/ 64 GB flashlagring med microSD-expansion upp till 512 GB.<\/p>\n<\/li>\n<li data-start=\"1703\" data-end=\"1805\">\n<p data-start=\"1705\" data-end=\"1805\"><strong data-start=\"1705\" data-end=\"1725\">Scanningsalternativ<\/strong> &ndash; Val av N6703, N6803FR, EX20 n&auml;r-\/fj&auml;rrbildsgivare f&ouml;r 1D\/2D streckkodsskanning.<\/p>\n<\/li>\n<li data-start=\"1806\" data-end=\"1885\">\n<p data-start=\"1808\" data-end=\"1885\"><strong data-start=\"1808\" data-end=\"1824\">Anslutningsm&ouml;jligheter<\/strong> &ndash; Wi-Fi 802.11 a\/b\/g\/n\/ac, Bluetooth 5.0, 4G LTE som tillval.<\/p>\n<\/li>\n<li data-start=\"1886\" data-end=\"1962\">\n<p data-start=\"1888\" data-end=\"1962\"><strong data-start=\"1888\" data-end=\"1899\">Batteri<\/strong> &ndash; Smart 7.000 mAh Li-Ion-batteri med upp till 28 timmars anv&auml;ndning.<\/p>\n<\/li>\n<li data-start=\"1963\" data-end=\"2072\">\n<p data-start=\"1965\" data-end=\"2072\"><strong data-start=\"1965\" data-end=\"1977\">S&auml;kerhet<\/strong> &ndash; Integrerad med Honeywells s&auml;kerhet p&aring; f&ouml;retagsniv&aring; och patchning via Mobility Edge&trade;.<\/p>\n<\/li>\n<li data-start=\"2073\" data-end=\"2162\">\n<p data-start=\"2075\" data-end=\"2162\"><strong data-start=\"2075\" data-end=\"2090\">Formfaktor<\/strong> &ndash; Ergonomiskt pistolgrepp finns som tillval f&ouml;r l&auml;ngre scanningsuppgifter.<\/p>\n<\/li>\n<li data-start=\"2163\" data-end=\"2270\">\n<p data-start=\"2165\" data-end=\"2270\"><strong data-start=\"2165\" data-end=\"2181\">Tillg&auml;nglighet<\/strong> &ndash; Erbjuds som <strong data-start=\"2195\" data-end=\"2206\">EX-DEMO<\/strong> (l&auml;tt anv&auml;nda demoenheter) eller <strong data-start=\"2236\" data-end=\"2250\">NEW IN BOX<\/strong> (fabriksf&ouml;rseglad).<\/p>\n<\/li>\n<\/ul><h2 data-start=\"2272\" data-end=\"2311\">De viktigaste f&ouml;rdelarna med Honeywell CK65<\/h2><h3 data-start=\"2313\" data-end=\"2337\">Rugged tillf&ouml;rlitlighet<\/h3><p data-start=\"2338\" data-end=\"2554\">Med IP65\/IP68-klassning och testad f&ouml;r fall upp till 3 meter klarar CK65 de tuffaste milj&ouml;erna. Den ruggeda konstruktionen s&auml;kerst&auml;ller konsekvent prestanda i kylrum, dammiga lagerlokaler och hektiska fabriksgolv. <\/p><h3 data-start=\"2556\" data-end=\"2590\">Framtidss&auml;kert Android-st&ouml;d<\/h3><p data-start=\"2591\" data-end=\"2799\">CK65 &auml;r en del av Honeywells Mobility Edge&trade;-plattform, som erbjuder garanterade Android-uppgraderingar till och med version 13. Detta skyddar din investering och s&auml;kerst&auml;ller kompatibilitet med framtida f&ouml;retagsapplikationer. <\/p><h3 data-start=\"2801\" data-end=\"2828\">F&ouml;rl&auml;ngd batteritid<\/h3><p data-start=\"2829\" data-end=\"2990\">Det kraftfulla 7.000 mAh-batteriet ger upp till 28 timmars anv&auml;ndning, vilket m&ouml;jligg&ouml;r verkliga flerskiftsoperationer. Batterier som kan bytas direkt minskar stillest&aring;ndstiden ytterligare. <\/p><h3 data-start=\"2992\" data-end=\"3023\">H&ouml;gpresterande skanning<\/h3><p data-start=\"3024\" data-end=\"3183\">Med flera olika skanningsmotorer kan CK65 l&auml;sa streckkoder under utmanande f&ouml;rh&aring;llanden, t.ex. skadade etiketter eller skanning p&aring; l&aring;nga avst&aring;nd i stora lagerlokaler.<\/p><h3 data-start=\"3185\" data-end=\"3219\">Flexibla f&ouml;rv&auml;rvsalternativ<\/h3><p data-start=\"3220\" data-end=\"3489\">F&ouml;retagen kan v&auml;lja mellan kostnadseffektiva <strong data-start=\"3266\" data-end=\"3283\">EX-DEMO-enheter<\/strong>, som &auml;r l&auml;tt hanterade demoenheter, och <strong data-start=\"3329\" data-end=\"3349\">NEW IN BOX-enheter<\/strong>, som &auml;r fabriksf&ouml;rseglade och aldrig anv&auml;nda. Detta g&ouml;r det m&ouml;jligt f&ouml;r f&ouml;retag att matcha budgetar med operativa behov utan att kompromissa med kvaliteten. <\/p><h2 data-start=\"3491\" data-end=\"3530\">Idealiska anv&auml;ndningsomr&aring;den f&ouml;r Honeywell CK65<\/h2><ul data-start=\"3532\" data-end=\"4016\">\n<li data-start=\"3532\" data-end=\"3641\">\n<p data-start=\"3534\" data-end=\"3641\"><strong data-start=\"3534\" data-end=\"3566\">Lagerh&aring;llning och distribution<\/strong> &ndash; tillf&ouml;rlitlig scanning och data&aring;tkomst i kr&auml;vande logistikmilj&ouml;er.<\/p>\n<\/li>\n<li data-start=\"3642\" data-end=\"3728\">\n<p data-start=\"3644\" data-end=\"3728\"><strong data-start=\"3644\" data-end=\"3661\">Tillverkning<\/strong> &ndash; Byggd f&ouml;r att t&aring;la vibrationer, damm och industriella f&ouml;rh&aring;llanden.<\/p>\n<\/li>\n<li data-start=\"3729\" data-end=\"3828\">\n<p data-start=\"3731\" data-end=\"3828\"><strong data-start=\"3731\" data-end=\"3772\">Kyl- och frysmilj&ouml;er<\/strong> &ndash; Rugged design st&ouml;der ut&ouml;kade temperaturintervall.<\/p>\n<\/li>\n<li data-start=\"3829\" data-end=\"3930\">\n<p data-start=\"3831\" data-end=\"3930\"><strong data-start=\"3831\" data-end=\"3862\">F&auml;ltservice och logistik<\/strong> &ndash; Tr&aring;dl&ouml;s uppkoppling och l&aring;ng batteritid f&ouml;r mobila medarbetare.<\/p>\n<\/li>\n<li data-start=\"3931\" data-end=\"4016\">\n<p data-start=\"3933\" data-end=\"4016\"><strong data-start=\"3933\" data-end=\"3963\">Backroom-verksamhet i detaljhandeln<\/strong> &ndash; effektiv streckkodsl&auml;sning och lagerhantering.<\/p>\n<\/li>\n<\/ul><h2 data-start=\"4018\" data-end=\"4071\">Produktj&auml;mf&ouml;relser: Honeywell CK65 Alternativ<\/h2><p data-start=\"4073\" data-end=\"4177\">F&ouml;r f&ouml;retag som utforskar rugged handhelds &auml;r andra relevanta produkter som finns tillg&auml;ngliga hos Micro Nordic<\/p><ul data-start=\"4179\" data-end=\"4552\">\n<li data-start=\"4179\" data-end=\"4302\">\n<p data-start=\"4181\" data-end=\"4302\"><a href=\"https:\/\/micronordic.com\/product\/zebra-tc58-handheld-mobile-computer\/\"><strong data-start=\"4181\" data-end=\"4218\">Zebra TC58 Rugged Handheld Mobile Computer<\/strong><\/a> &ndash; En n&auml;sta generations Android-handdator med 5G-anslutning f&ouml;r avancerade arbetsfl&ouml;den.<\/p>\n<\/li>\n<li data-start=\"4303\" data-end=\"4434\">\n<p data-start=\"4305\" data-end=\"4434\"><a href=\"https:\/\/micronordic.com\/product\/honeywell-dolphin-ct40-mobile-handheld-computer\/\"><strong>Honeywell Dolphin CT40<\/strong><\/a> &ndash; En m&aring;ngsidig, rugged handdator med Android-st&ouml;d och avancerad s&auml;kerhet f&ouml;r f&ouml;retagsmobilitet.<\/p>\n<\/li>\n<li data-start=\"4435\" data-end=\"4552\">\n<p data-start=\"4437\" data-end=\"4552\"><a href=\"https:\/\/micronordic.com\/product\/zebra-mc9300-mobile-handheld-computer-refurbished\/\"><strong data-start=\"4437\" data-end=\"4478\">Zebra MC9300 Rugged Handheld Mobile Computer<\/strong> <\/a>&ndash; En st&ouml;rre, ultraruggad enhet som &auml;r utformad f&ouml;r tung industriell anv&auml;ndning.<\/p>\n<\/li>\n<\/ul>\n","protected":false},"excerpt":{"rendered":"<p>V\u00c4LJ EN VARIANT NEDAN! Ring oss om du beh\u00f6ver hj\u00e4lp med att hitta r\u00e4tt produktvariant. <\/p>\n<h3>Specifikationer:<\/h3>\n<ul>\n<li><strong>Display:<\/strong> 4\u2033 WVGA (480\u00d7800), avl\u00e4sbar i solljus, handskv\u00e4nlig touch<\/li>\n<li><strong>Processor:<\/strong> Qualcomm\u00ae SD660 octa-core, 2,2 GHz<\/li>\n<li><strong>Grafik:<\/strong> Integrerad Adreno\u2122 512 GPU<\/li>\n<li><strong>Minne:<\/strong> 3 GB \/ 4 GB RAM<\/li>\n<li><strong>Lagringsutrymme:<\/strong> 32 GB \/ 64 GB flash, microSD upp till 512 GB<\/li>\n<li><strong>Anslutningsm\u00f6jligheter:<\/strong> Wi-Fi 802.11 a\/b\/g\/n\/ac, Bluetooth 5.0, 4G LTE som tillval<\/li>\n<li><strong>Rugged-certifieringar:<\/strong> MIL-STD-810G, IP65 &amp; IP68, 3 m fallmotst\u00e5nd, 3.000 tumlingar<\/li>\n<li><strong>Alternativ f\u00f6r skanning:<\/strong> N6703, N6803FR, EX20 1D\/2D-bildbehandlare<\/li>\n<li><strong>Batteri:<\/strong> 7.000 mAh Li-Ion, upp till 28 timmars drifttid<\/li>\n<li><strong>M\u00e5tt och vikt:<\/strong> 22,2 \u00d7 8,3 \u00d7 4,2 cm, ca 584 g <\/li>\n<li><strong><strong><strong>Garanti: <\/strong><\/strong><\/strong>Finns som EX-DEMO med 12 m\u00e5naders garanti eller NEW IN BOX med 2 \u00e5rs garanti.<\/li>\n<\/ul>\n<p><strong>V\u00e4nligen v\u00e4lj r\u00e4tt modell nedan innan du l\u00e4gger den i varukorgen<\/strong><\/p>\n","protected":false},"author":24,"featured_media":100571,"template":"","meta":{"_acf_changed":false,"inline_featured_image":false},"product-condition":[5286],"product_brand":[8965],"product_cat":[5220,5217,5223],"product_tag":[],"class_list":{"0":"post-80345","1":"product","2":"type-product","3":"status-publish","4":"has-post-thumbnail","6":"product-condition-ex-demo","7":"product_brand-honeywell-intermec","8":"product_cat-honeywell-intermec","9":"product_cat-all-barcode-scanners","10":"product_cat-refurbished-rugged-hardware","11":"pa_model-part-number-ck65-l0n-amn210e","12":"pa_model-part-number-ck65-l0n-asn210e","13":"pa_model-part-number-ck65-l0n-b8c214e","14":"pa_model-part-number-ck65-l0n-bsc210e","15":"pa_model-part-number-ck65-l0n-cmn210e","16":"pa_model-part-number-ck65-l0n-dmc210e","17":"pa_model-part-number-ck65-l0n-e8c214e","19":"first","20":"instock","21":"taxable","22":"shipping-taxable","23":"purchasable","24":"product-type-variable","25":"has-default-attributes"},"acf":[],"_links":{"self":[{"href":"https:\/\/micronordic.com\/sv\/wp-json\/wp\/v2\/product\/80345","targetHints":{"allow":["GET"]}}],"collection":[{"href":"https:\/\/micronordic.com\/sv\/wp-json\/wp\/v2\/product"}],"about":[{"href":"https:\/\/micronordic.com\/sv\/wp-json\/wp\/v2\/types\/product"}],"author":[{"embeddable":true,"href":"https:\/\/micronordic.com\/sv\/wp-json\/wp\/v2\/users\/24"}],"version-history":[{"count":3,"href":"https:\/\/micronordic.com\/sv\/wp-json\/wp\/v2\/product\/80345\/revisions"}],"predecessor-version":[{"id":98108,"href":"https:\/\/micronordic.com\/sv\/wp-json\/wp\/v2\/product\/80345\/revisions\/98108"}],"wp:featuredmedia":[{"embeddable":true,"href":"https:\/\/micronordic.com\/sv\/wp-json\/wp\/v2\/media\/100571"}],"wp:attachment":[{"href":"https:\/\/micronordic.com\/sv\/wp-json\/wp\/v2\/media?parent=80345"}],"wp:term":[{"taxonomy":"product-condition","embeddable":true,"href":"https:\/\/micronordic.com\/sv\/wp-json\/wp\/v2\/product-condition?post=80345"},{"taxonomy":"product_brand","embeddable":true,"href":"https:\/\/micronordic.com\/sv\/wp-json\/wp\/v2\/product_brand?post=80345"},{"taxonomy":"product_cat","embeddable":true,"href":"https:\/\/micronordic.com\/sv\/wp-json\/wp\/v2\/product_cat?post=80345"},{"taxonomy":"product_tag","embeddable":true,"href":"https:\/\/micronordic.com\/sv\/wp-json\/wp\/v2\/product_tag?post=80345"}],"curies":[{"name":"wp","href":"https:\/\/api.w.org\/{rel}","templated":true}]}}