{"id":80341,"date":"2023-02-03T10:28:50","date_gmt":"2023-02-03T09:28:50","guid":{"rendered":"https:\/\/micronordic.com\/product\/zebra-tc720l-robust-pekdator-renoverad\/"},"modified":"2025-11-17T12:45:56","modified_gmt":"2025-11-17T11:45:56","slug":"zebra-tc720l-rugged-touch-computer-refurbished","status":"publish","type":"product","link":"https:\/\/micronordic.com\/sv\/product\/zebra-tc720l-rugged-touch-computer-refurbished\/","title":{"rendered":"Zebra TC72 Handheld Mobile Computer (EX-DEMO)"},"content":{"rendered":"<?xml encoding=\"utf-8\" ?><h2 data-start=\"267\" data-end=\"314\">Zebra TC72 Rugged Handheld Mobile Computer<\/h2><p data-start=\"316\" data-end=\"769\"><strong data-start=\"320\" data-end=\"366\">Zebra TC72 Rugged Handheld Mobile Computer<\/strong> &auml;r utformad f&ouml;r f&ouml;retag som beh&ouml;ver en kraftfull, p&aring;litlig och ultraruggad mobil enhet f&ouml;r frontlinjeverksamhet. Som den enda Wi-Fi-kompanjonen till TC77 erbjuder TC72 enast&aring;ende prestanda, avancerad skanning och f&ouml;retagsklar s&auml;kerhet. Den finns tillg&auml;nglig hos Micro Nordic b&aring;de som <strong data-start=\"656\" data-end=\"673\">EX-DEMO-enheter<\/strong> och <strong data-start=\"678\" data-end=\"692\">NEW IN BOX<\/strong>, vilket ger organisationer flexibilitet att balansera kostnad och prestanda.  <\/p><p data-start=\"316\" data-end=\"769\">EX-DEMO-enheter har <strong data-start=\"24\" data-end=\"44\">12 m&aring;naders garanti<\/strong>, medan <strong data-start=\"52\" data-end=\"83\">fabriksnya rugged scanners<\/strong> levereras med <strong data-start=\"104\" data-end=\"132\">2 &aring;rs standardgaranti<\/strong> f&ouml;r tillf&ouml;rlitlig sinnesro.<\/p><article class=\"text-token-text-primary w-full focus:outline-none [--shadow-height:45px] has-data-writing-block:pointer-events-none has-data-writing-block:-mt-(--shadow-height) has-data-writing-block:pt-(--shadow-height) [&amp;:has([data-writing-block])&gt;*]:pointer-events-auto [content-visibility:auto] supports-[content-visibility:auto]:[contain-intrinsic-size:auto_100lvh] scroll-mt-[calc(var(--header-height)+min(200px,max(70px,20svh)))]\" dir=\"auto\" tabindex=\"-1\" data-turn-id=\"f528b850-6584-4b34-aac1-df93fd9290ef\" data-testid=\"conversation-turn-48\" data-scroll-anchor=\"false\" data-turn=\"assistant\">\n<div class=\"text-base my-auto mx-auto [--thread-content-margin:--spacing(4)] thread-sm:[--thread-content-margin:--spacing(6)] thread-lg:[--thread-content-margin:--spacing(16)] px-(--thread-content-margin)\">\n<div class=\"[--thread-content-max-width:40rem] thread-lg:[--thread-content-max-width:48rem] mx-auto max-w-(--thread-content-max-width) flex-1 group\/turn-messages focus-visible:outline-hidden relative flex w-full min-w-0 flex-col agent-turn\" tabindex=\"-1\">\n<div class=\"z-0 flex min-h-[46px] justify-start\">Med sin ljusstarka 4,7&Prime; HD-sk&auml;rm, Qualcomm Snapdragon&trade; octa-core processor och Android-st&ouml;d i f&ouml;retagsklass &auml;r TC72 ett p&aring;litligt val f&ouml;r branscher som kr&auml;ver oavbruten uppkoppling, rugged tillf&ouml;rlitlighet och st&ouml;d under l&aring;ng livscykel.<\/div>\n<\/div>\n<\/div>\n<\/article><h2 data-start=\"1019\" data-end=\"1054\">Viktiga funktioner i Zebra TC72<\/h2><ul data-start=\"1056\" data-end=\"1968\">\n<li data-start=\"1056\" data-end=\"1165\">\n<p data-start=\"1058\" data-end=\"1165\"><strong data-start=\"1058\" data-end=\"1075\">Robust design<\/strong> &ndash; MIL-STD-810G-certifierad, IP65\/IP67-klassad, klarar fall upp till 2,4 m med rugged boot.<\/p>\n<\/li>\n<li data-start=\"1166\" data-end=\"1269\">\n<p data-start=\"1168\" data-end=\"1269\"><strong data-start=\"1168\" data-end=\"1179\">Sk&auml;rm<\/strong> &ndash; 4,7&Prime; HD (1280&times;720) peksk&auml;rm, l&auml;sbar i solljus, fungerar med handskar och v&aring;ta fingrar.<\/p>\n<\/li>\n<li data-start=\"1270\" data-end=\"1334\">\n<p data-start=\"1272\" data-end=\"1334\"><strong data-start=\"1272\" data-end=\"1285\">Processor<\/strong> &ndash; Qualcomm Snapdragon&trade; 660 octa-core, 2,2 GHz.<\/p>\n<\/li>\n<li data-start=\"1335\" data-end=\"1438\">\n<p data-start=\"1337\" data-end=\"1438\"><strong data-start=\"1337\" data-end=\"1357\">Operativsystem<\/strong> &ndash; Android 8.1 Oreo, uppgraderingsbar till Android 11 med st&ouml;d f&ouml;r Zebras LifeGuard&trade;.<\/p>\n<\/li>\n<li data-start=\"1439\" data-end=\"1465\">\n<p data-start=\"1441\" data-end=\"1465\"><strong data-start=\"1441\" data-end=\"1451\">Minne<\/strong> &ndash; 4 GB RAM.<\/p>\n<\/li>\n<li data-start=\"1466\" data-end=\"1537\">\n<p data-start=\"1468\" data-end=\"1537\"><strong data-start=\"1468\" data-end=\"1479\">Lagring<\/strong> &ndash; 32 GB internt, utbyggbart med microSD upp till 256 GB.<\/p>\n<\/li>\n<li data-start=\"1538\" data-end=\"1605\">\n<p data-start=\"1540\" data-end=\"1605\"><strong data-start=\"1540\" data-end=\"1552\">Scanning<\/strong> &ndash; SE4750 eller SE4770 1D\/2D scanner i f&ouml;retagsklass.<\/p>\n<\/li>\n<li data-start=\"1606\" data-end=\"1693\">\n<p data-start=\"1608\" data-end=\"1693\"><strong data-start=\"1608\" data-end=\"1624\">Anslutningsm&ouml;jligheter<\/strong> &ndash; Wi-Fi 802.11 a\/b\/g\/n\/ac\/r\/k\/v, Bluetooth 5.0, GPS (Wi-Fi-baserad).<\/p>\n<\/li>\n<li data-start=\"1694\" data-end=\"1759\">\n<p data-start=\"1696\" data-end=\"1759\"><strong data-start=\"1696\" data-end=\"1707\">Batteri<\/strong> &ndash; 4620 mAh PowerPrecision+ Li-Ion, hot-swappable.<\/p>\n<\/li>\n<li data-start=\"1760\" data-end=\"1859\">\n<p data-start=\"1762\" data-end=\"1859\"><strong data-start=\"1762\" data-end=\"1774\">S&auml;kerhet<\/strong> &ndash; Zebras Mobility DNA-verktyg, f&ouml;retagss&auml;kerhet f&ouml;r Android, LifeGuard&trade; f&ouml;r Android.<\/p>\n<\/li>\n<li data-start=\"1860\" data-end=\"1968\">\n<p data-start=\"1862\" data-end=\"1968\"><strong data-start=\"1862\" data-end=\"1878\">Tillg&auml;nglighet<\/strong> &ndash; Erbjuds som <strong data-start=\"1892\" data-end=\"1903\">EX-DEMO<\/strong> (l&auml;tt anv&auml;nda demoenheter) och <strong data-start=\"1934\" data-end=\"1948\">NEW IN BOX<\/strong> (fabriksf&ouml;rseglad).<\/p>\n<\/li>\n<\/ul><h2 data-start=\"1970\" data-end=\"2005\">Viktiga f&ouml;rdelar med Zebra TC72<\/h2><h3 data-start=\"2007\" data-end=\"2050\">Rugged prestanda utan kompromisser<\/h3><p data-start=\"2051\" data-end=\"2365\">TC72 &auml;r byggd f&ouml;r att klara de tuffaste milj&ouml;erna. Med IP67\/IP65-klassning och MIL-STD-810G-testning klarar den fall, damm, extrema temperaturer och neds&auml;nkning i vatten. Detta s&auml;kerst&auml;ller att frontlinjeteam kan f&ouml;rlita sig p&aring; TC72 i lagerlokaler, butikslokaler eller tillverkningsanl&auml;ggningar utan r&auml;dsla f&ouml;r driftstopp.  <\/p><h3 data-start=\"2367\" data-end=\"2398\">Display som kan l&auml;sas av i solljus<\/h3><p data-start=\"2399\" data-end=\"2662\">Den 4,7&Prime; HD-peksk&auml;rmen &auml;r byggd f&ouml;r alla ljusf&ouml;rh&aring;llanden. Med Corning&reg; Gorilla&reg; Glass-skydd st&aring;r den emot repor och st&ouml;tar samtidigt som den reagerar p&aring; ber&ouml;ring med handskar och i v&aring;tt tillst&aring;nd. Detta s&auml;kerst&auml;ller tydlig synlighet och tillf&ouml;rlitlig anv&auml;ndning b&aring;de inomhus och utomhus.  <\/p><h3 data-start=\"2664\" data-end=\"2695\">Scanning i f&ouml;retagsklass<\/h3><p data-start=\"2696\" data-end=\"2957\">TC72 &auml;r utrustad med Zebras SE4750- eller SE4770-skanner och f&aring;ngar b&aring;de 1D- och 2D-streckkoder med hastighet och noggrannhet. Fr&aring;n skadade etiketter till d&aring;ligt tryckta streckkoder s&auml;kerst&auml;ller TC72 smidig skanningsprestanda, vilket minskar fel och f&ouml;rb&auml;ttrar arbetsproduktiviteten. <\/p><h3 data-start=\"2959\" data-end=\"2987\">Kraft f&ouml;r ett fullt skift<\/h3><p data-start=\"2988\" data-end=\"3215\">PowerPrecision+-batteriet p&aring; 4620 mAh klarar l&aring;nga arbetspass och hot-swap-funktionen g&ouml;r att arbetsfl&ouml;dena inte avbryts. Detta inneb&auml;r att personalen kan byta batterier utan att st&auml;nga av str&ouml;mmen, vilket maximerar drifttiden i kritiska verksamheter. <\/p><h3 data-start=\"3217\" data-end=\"3261\">Android-s&auml;kerhet och livscykelsupport<\/h3><p data-start=\"3262\" data-end=\"3521\">TC72 har Android 8.1 som kan uppgraderas till Android 11 och ing&aring;r i Zebras LifeGuard&trade;-program, som ger l&aring;ngsiktiga s&auml;kerhetsuppdateringar av operativsystemet. Detta s&auml;kerst&auml;ller att f&ouml;retagsenheter f&ouml;rblir s&auml;kra och kompatibla, skyddar k&auml;nsliga data och f&ouml;rl&auml;nger produktens livscykel. <\/p><h3 data-start=\"3523\" data-end=\"3557\">Flexibla f&ouml;rv&auml;rvsalternativ<\/h3><p data-start=\"3558\" data-end=\"3836\">Organisationer kan v&auml;lja mellan <strong data-start=\"3591\" data-end=\"3608\">EX-DEMO-enheter<\/strong>, som ger kostnadsbesparingar med l&auml;tthanterad demoh&aring;rdvara, eller <strong data-start=\"3674\" data-end=\"3688\">NEW IN BOX-enheter<\/strong> f&ouml;r f&ouml;retag som f&ouml;redrar helt nya, fabriksf&ouml;rseglade system. B&aring;da alternativen backas upp av Zebras tillf&ouml;rlitlighet och Micro Nordics support. <\/p><h3 data-start=\"3838\" data-end=\"3871\">S&ouml;ml&ouml;s Wi-Fi-anslutning<\/h3><p data-start=\"3872\" data-end=\"4145\">TC72 &auml;r en enhet med enbart Wi-Fi och &auml;r optimerad f&ouml;r milj&ouml;er d&auml;r tr&aring;dl&ouml;sa inomhusn&auml;tverk prioriteras. Med st&ouml;d f&ouml;r snabb roaming och avancerade protokoll s&auml;kerst&auml;ller den ett oavbrutet datafl&ouml;de i stora anl&auml;ggningar som lager, detaljhandel och sjukhus. <\/p><h2 data-start=\"4147\" data-end=\"4182\">Idealiska anv&auml;ndningsomr&aring;den f&ouml;r Zebra TC72<\/h2><ul data-start=\"4184\" data-end=\"4766\">\n<li data-start=\"4184\" data-end=\"4302\">\n<p data-start=\"4186\" data-end=\"4302\"><strong data-start=\"4186\" data-end=\"4212\">Detaljhandel och bes&ouml;ksn&auml;ring<\/strong> &ndash; Mobila kassasystem, inventering och kundtj&auml;nst i butiker och restauranger.<\/p>\n<\/li>\n<li data-start=\"4303\" data-end=\"4427\">\n<p data-start=\"4305\" data-end=\"4427\"><strong data-start=\"4305\" data-end=\"4334\">Lagerh&aring;llning och logistik<\/strong> &ndash; tillf&ouml;rlitlig streckkodsl&auml;sning och Wi-Fi-anslutning f&ouml;r lagerhantering och orderplockning.<\/p>\n<\/li>\n<li data-start=\"4428\" data-end=\"4526\">\n<p data-start=\"4430\" data-end=\"4526\"><strong data-start=\"4430\" data-end=\"4447\">Tillverkning<\/strong> &ndash; H&aring;llbar design och f&ouml;retagsscanning f&ouml;r monteringslinjer och verkstadsgolv.<\/p>\n<\/li>\n<li data-start=\"4527\" data-end=\"4633\">\n<p data-start=\"4529\" data-end=\"4633\"><strong data-start=\"4529\" data-end=\"4543\">Sjukv&aring;rd<\/strong> &ndash; Rugged mobilitet och s&auml;ker Android-milj&ouml; f&ouml;r patientv&aring;rd och tillg&aring;ngshantering.<\/p>\n<\/li>\n<li data-start=\"4634\" data-end=\"4766\">\n<p data-start=\"4636\" data-end=\"4766\"><strong data-start=\"4636\" data-end=\"4667\">F&auml;ltservice (Wi-Fi-first)<\/strong> &ndash; L&auml;mpar sig f&ouml;r arbetsfl&ouml;den d&auml;r teamen fr&auml;mst arbetar i Wi-Fi-n&auml;tverk med begr&auml;nsat behov av 4G\/5G.<\/p>\n<\/li>\n<\/ul><h2 data-start=\"4768\" data-end=\"4817\">Produktj&auml;mf&ouml;relser: Zebra TC72 Alternativ<\/h2><p data-start=\"4819\" data-end=\"4925\">F&ouml;r organisationer som j&auml;mf&ouml;r rugged handhelds &auml;r andra relevanta produkter som finns tillg&auml;ngliga hos Micro Nordic<\/p><ul data-start=\"4927\" data-end=\"5383\">\n<li data-start=\"4927\" data-end=\"5069\">\n<p data-start=\"4929\" data-end=\"5069\"><a href=\"https:\/\/micronordic.com\/product\/zebra-tc77-mobile-handheld-computer-refurbished\/\"><strong data-start=\"4929\" data-end=\"4975\">Zebra TC77 Handheld Mobile Computer<\/strong><\/a> &ndash; Den mobilanpassade varianten av TC72, som erbjuder full 4G\/WWAN-mobilitet tillsammans med Wi-Fi.<\/p>\n<\/li>\n<li data-start=\"5070\" data-end=\"5208\">\n<p data-start=\"5072\" data-end=\"5208\"><a href=\"https:\/\/micronordic.com\/product\/zebra-tc58-handheld-mobile-computer\/\"><strong data-start=\"5072\" data-end=\"5109\">Zebra TC58 Handheld Mobile Computer<\/strong> <\/a>&ndash; En n&auml;sta generations modell med 5G-anslutning, avancerad skanning och kraftfullare bearbetning.<\/p>\n<\/li>\n<li data-start=\"5209\" data-end=\"5383\">\n<p data-start=\"5211\" data-end=\"5383\"><a href=\"https:\/\/micronordic.com\/product\/honeywell-ct40xp-mobile-handheld-computer-refurbished\/\"><strong data-start=\"5211\" data-end=\"5254\">Honeywell CT40 Handheld Mobile Computer<\/strong> <\/a>&ndash; En m&aring;ngsidig, rugged mobil dator som balanserar b&auml;rbarhet med f&ouml;retagsprestanda, tillg&auml;nglig som b&aring;de ny och EX-DEMO.<\/p>\n<\/li>\n<\/ul>\n","protected":false},"excerpt":{"rendered":"<p>V\u00c4LJ EN VARIANT NEDAN! Ring oss om du beh\u00f6ver hj\u00e4lp med att hitta r\u00e4tt produktvariant. <\/p>\n<h3>Specifikationer:<\/h3>\n<ul>\n<li><strong>Sk\u00e4rm:<\/strong> 4,7\u2033 HD (1280\u00d7720), l\u00e4sbar i solljus, fungerar med handskar och v\u00e5ta fingrar<\/li>\n<li><strong>Processor:<\/strong> Qualcomm Snapdragon\u2122 660 octa-core, 2,2 GHz<\/li>\n<li><strong>Grafik:<\/strong> Integrerad Adreno\u2122 512 GPU<\/li>\n<li><strong>Minne:<\/strong> 4 GB RAM<\/li>\n<li><strong>Lagringsutrymme:<\/strong> 32 GB internt, utbyggbart via microSD upp till 256 GB<\/li>\n<li><strong>Anslutningsm\u00f6jligheter:<\/strong> Wi-Fi 802.11 a\/b\/g\/n\/ac\/r\/k\/v, Bluetooth 5.0<\/li>\n<li><strong>Rugged certifieringar:<\/strong> MIL-STD-810G, IP65\/IP67, 2,4 m fallmotst\u00e5nd med st\u00f6vel<\/li>\n<li><strong>Skanning:<\/strong> SE4750 eller SE4770 1D\/2D scanner i f\u00f6retagsklass<\/li>\n<li><strong>Batteri:<\/strong> 4620 mAh Li-Ion, hot-swappable<\/li>\n<li><strong>M\u00e5tt och vikt:<\/strong> 155 \u00d7 75,5 \u00d7 18,6 mm, ca 260 g <\/li>\n<li><strong>Garanti: <\/strong>Finns som EX-DEMO (12 m\u00e5naders garanti) eller NEW IN BOX (2 \u00e5rs garanti)<\/li>\n<\/ul>\n<p><strong>V\u00e4nligen v\u00e4lj r\u00e4tt modell nedan innan du l\u00e4gger den i varukorgen<\/strong><\/p>\n","protected":false},"author":24,"featured_media":44230,"template":"","meta":{"_acf_changed":false,"inline_featured_image":false},"product-condition":[5286],"product_brand":[9005],"product_cat":[5224,5217,5223],"product_tag":[5512,5518,5516,5513,5517,5514,5515],"class_list":{"0":"post-80341","1":"product","2":"type-product","3":"status-publish","4":"has-post-thumbnail","6":"product-condition-ex-demo","7":"product_brand-zebra","8":"product_cat-zebra","9":"product_cat-all-barcode-scanners","10":"product_cat-refurbished-rugged-hardware","11":"product_tag-tc720l-0me24b0-a6","12":"product_tag-tc720l-0me24b0-ea","13":"product_tag-tc720l-0me24b0-tn","14":"product_tag-tc720l-0mj24b0-a6","15":"product_tag-tc720l-0mk24b0-a6","16":"product_tag-tc720l-0ml24b0-a6","17":"product_tag-tc720l-1me24b0-a6","18":"pa_model-part-number-tc720l-0me24b0-a6","19":"pa_model-part-number-tc720l-0me24b0-ea","20":"pa_model-part-number-tc720l-0mj24b0-a6","21":"pa_model-part-number-tc720l-0mk24b0-a6","22":"pa_model-part-number-tc720l-0ml24b0-a6","23":"pa_model-part-number-tc720l-1me24b0-a6","25":"first","26":"instock","27":"taxable","28":"shipping-taxable","29":"purchasable","30":"product-type-variable"},"acf":[],"_links":{"self":[{"href":"https:\/\/micronordic.com\/sv\/wp-json\/wp\/v2\/product\/80341","targetHints":{"allow":["GET"]}}],"collection":[{"href":"https:\/\/micronordic.com\/sv\/wp-json\/wp\/v2\/product"}],"about":[{"href":"https:\/\/micronordic.com\/sv\/wp-json\/wp\/v2\/types\/product"}],"author":[{"embeddable":true,"href":"https:\/\/micronordic.com\/sv\/wp-json\/wp\/v2\/users\/24"}],"version-history":[{"count":2,"href":"https:\/\/micronordic.com\/sv\/wp-json\/wp\/v2\/product\/80341\/revisions"}],"predecessor-version":[{"id":98122,"href":"https:\/\/micronordic.com\/sv\/wp-json\/wp\/v2\/product\/80341\/revisions\/98122"}],"wp:featuredmedia":[{"embeddable":true,"href":"https:\/\/micronordic.com\/sv\/wp-json\/wp\/v2\/media\/44230"}],"wp:attachment":[{"href":"https:\/\/micronordic.com\/sv\/wp-json\/wp\/v2\/media?parent=80341"}],"wp:term":[{"taxonomy":"product-condition","embeddable":true,"href":"https:\/\/micronordic.com\/sv\/wp-json\/wp\/v2\/product-condition?post=80341"},{"taxonomy":"product_brand","embeddable":true,"href":"https:\/\/micronordic.com\/sv\/wp-json\/wp\/v2\/product_brand?post=80341"},{"taxonomy":"product_cat","embeddable":true,"href":"https:\/\/micronordic.com\/sv\/wp-json\/wp\/v2\/product_cat?post=80341"},{"taxonomy":"product_tag","embeddable":true,"href":"https:\/\/micronordic.com\/sv\/wp-json\/wp\/v2\/product_tag?post=80341"}],"curies":[{"name":"wp","href":"https:\/\/api.w.org\/{rel}","templated":true}]}}