{"id":80331,"date":"2022-11-29T14:14:09","date_gmt":"2022-11-29T13:14:09","guid":{"rendered":"https:\/\/micronordic.com\/product\/dell-latitude-rugged-extreme-5430-ny\/"},"modified":"2025-10-30T12:04:08","modified_gmt":"2025-10-30T11:04:08","slug":"dell-rugged-extreme-5430-new","status":"publish","type":"product","link":"https:\/\/micronordic.com\/sv\/product\/dell-rugged-extreme-5430-new\/","title":{"rendered":"Dell Latitude 5430 Rugged Extreme Laptop (NY)"},"content":{"rendered":"<?xml encoding=\"utf-8\" ?><h2 data-start=\"269\" data-end=\"320\">Dell Latitude 5430 Rugged Extreme Laptop (NY)<\/h2><p data-start=\"322\" data-end=\"661\"><strong data-start=\"326\" data-end=\"370\">Dell Latitude 5430 Rugged Extreme Laptop<\/strong> &auml;r en <strong data-start=\"326\" data-end=\"370\">Semi-Rugged-enhet<\/strong> som &auml;r byggd f&ouml;r yrkesverksamma som beh&ouml;ver en balans mellan prestanda, mobilitet och h&aring;llbarhet. Den &auml;r l&auml;ttare och mer kompakt &auml;n Fully Rugged Laptops och ger s&auml;kerhet i f&ouml;retagsklass, avancerade anslutningsm&ouml;jligheter och l&aring;ng drifttid samtidigt som den &auml;r t&aring;lig i milit&auml;rklass. <\/p><p data-start=\"663\" data-end=\"1053\">Hos <strong data-start=\"666\" data-end=\"682\">Micro Nordic<\/strong> erbjuds Dell Latitude 5430 som <strong data-start=\"721\" data-end=\"728\">NYA<\/strong> enheter, vilket ger organisationer den senaste tekniken f&ouml;r rugged laptops med Dells globala 3-&aring;rsgaranti och support. Med sin kompakta 14-tums formfaktor, kraftfulla Intel&reg;-processorer och m&aring;ngsidiga expansionsalternativ &auml;r 5430 ett bepr&ouml;vat val f&ouml;r branscher som kr&auml;ver mobilitet och motst&aring;ndskraft under utmanande f&ouml;rh&aring;llanden. <\/p><h2 data-start=\"1055\" data-end=\"1113\">Viktiga funktioner i Dell Latitude 5430 Rugged Extreme<\/h2><ul data-start=\"1115\" data-end=\"2028\">\n<li data-start=\"1115\" data-end=\"1228\">\n<p data-start=\"1117\" data-end=\"1228\"><strong data-start=\"1117\" data-end=\"1139\">Semi-Rugged design<\/strong> &ndash; MIL-STD-810H-certifierad och IP53-klassad, motst&aring;ndskraftig mot damm, vibrationer och fall p&aring; 3 fot.<\/p>\n<\/li>\n<li data-start=\"1229\" data-end=\"1355\">\n<p data-start=\"1231\" data-end=\"1355\"><strong data-start=\"1231\" data-end=\"1242\">Sk&auml;rm<\/strong> &ndash; 14&Prime; FHD (1920&times;1080) sk&auml;rm som kan l&auml;sas i solljus med upp till 1100 nits ljusstyrka och peksk&auml;rm som kan anv&auml;ndas med handskar.<\/p>\n<\/li>\n<li data-start=\"1356\" data-end=\"1436\">\n<p data-start=\"1358\" data-end=\"1436\"><strong data-start=\"1358\" data-end=\"1371\">Processor<\/strong> &ndash; 11:e generationens Intel&reg; Core&trade; i5 eller i7, med vPro&reg;-st&ouml;d som tillval.<\/p>\n<\/li>\n<li data-start=\"1437\" data-end=\"1498\">\n<p data-start=\"1439\" data-end=\"1498\"><strong data-start=\"1439\" data-end=\"1449\">Minne<\/strong> &ndash; 8 GB (basmodell), uppgraderingsbart till 64 GB DDR4 RAM.<\/p>\n<\/li>\n<li data-start=\"1499\" data-end=\"1560\">\n<p data-start=\"1501\" data-end=\"1560\"><strong data-start=\"1501\" data-end=\"1512\">Lagring<\/strong> &ndash; 256 GB SSD (basmodell), uppgraderingsbar till upp till 2 TB.<\/p>\n<\/li>\n<li data-start=\"1561\" data-end=\"1650\">\n<p data-start=\"1563\" data-end=\"1650\"><strong data-start=\"1563\" data-end=\"1575\">Grafik<\/strong> &ndash; Integrerad Intel&reg; Iris&reg; Xe eller diskret NVIDIA&reg; T500-grafik (tillval).<\/p>\n<\/li>\n<li data-start=\"1651\" data-end=\"1727\">\n<p data-start=\"1653\" data-end=\"1727\"><strong data-start=\"1653\" data-end=\"1669\">Anslutningsm&ouml;jligheter<\/strong> &ndash; Wi-Fi 6E, Bluetooth 5.1, 4G LTE\/5G (tillval) och GPS.<\/p>\n<\/li>\n<li data-start=\"1728\" data-end=\"1832\">\n<p data-start=\"1730\" data-end=\"1832\"><strong data-start=\"1730\" data-end=\"1742\">S&auml;kerhet<\/strong> &ndash; TPM 2.0, fingeravtrycksl&auml;sare, smartkortsl&auml;sare, NFC och Dell Data Guardian-funktioner.<\/p>\n<\/li>\n<li data-start=\"1833\" data-end=\"1935\">\n<p data-start=\"1835\" data-end=\"1935\"><strong data-start=\"1835\" data-end=\"1846\">Batteri<\/strong> &ndash; Dubbla utbytbara batterier med ExpressCharge&trade;, ger upp till 25 timmars drifttid.<\/p>\n<\/li>\n<li data-start=\"1936\" data-end=\"2028\">\n<p data-start=\"1938\" data-end=\"2028\"><strong data-start=\"1938\" data-end=\"1948\">Vikt<\/strong> &ndash; Fr&aring;n 1,97 kg, vilket g&ouml;r den till en av de l&auml;ttaste 14&Prime; Semi-Rugged laptops.<\/p>\n<\/li>\n<\/ul><h2 data-start=\"2030\" data-end=\"2073\">Viktiga f&ouml;rdelar med Dell Latitude 5430<\/h2><h3 data-start=\"2075\" data-end=\"2103\">Portabel, rugged design<\/h3><p data-start=\"2104\" data-end=\"2346\">Dell Latitude 5430 &auml;r utformad f&ouml;r anv&auml;ndare som beh&ouml;ver robust tillf&ouml;rlitlighet utan den extra vikt som ett helt ruggat system inneb&auml;r. Med en vikt p&aring; under 2 kg &auml;r det den l&auml;ttaste 14-tums Semi-Rugged Laptop i sin klass, vilket g&ouml;r den idealisk f&ouml;r mobila proffs. <\/p><h3 data-start=\"2348\" data-end=\"2383\">Peksk&auml;rm som kan l&auml;sas av i solljus<\/h3><p data-start=\"2384\" data-end=\"2577\">Den 14-tums FHD-sk&auml;rmen ger upp till 1100 nits ljusstyrka f&ouml;r synlighet i direkt solljus. Peksk&auml;rmen kan anv&auml;ndas med handskar och ger smidig anv&auml;ndning i utomhus- och industrimilj&ouml;er. <\/p><h3 data-start=\"2579\" data-end=\"2616\">Tillf&ouml;rlitlig prestanda f&ouml;r f&ouml;retag<\/h3><p data-start=\"2617\" data-end=\"2898\">5430 drivs av Intel&reg; Core&trade;-processorer med upp till 64 GB DDR4 RAM och h&ouml;ghastighets SSD-lagring och hanterar multitasking, f&auml;ltprogramvara och f&ouml;retagsapplikationer med l&auml;tthet. NVIDIA&reg; T500-grafik som tillval ger ytterligare prestanda f&ouml;r visualisering och tekniska arbetsbelastningar. <\/p><h3 data-start=\"2900\" data-end=\"2927\">Anslutningsm&ouml;jligheter &ouml;verallt<\/h3><p data-start=\"2928\" data-end=\"3102\">Wi-Fi 6E, Bluetooth 5.1 och 4G\/5G som tillval ger alltid uppkoppling f&ouml;r f&auml;ltteamen. Integrerad GPS ger &ouml;kad precision f&ouml;r transport-, f&ouml;rs&ouml;rjnings- och f&ouml;rsvarsapplikationer. <\/p><h3 data-start=\"3104\" data-end=\"3131\">F&ouml;rl&auml;ngd batteritid<\/h3><p data-start=\"3132\" data-end=\"3328\">Dubbla utbytbara batterier m&ouml;jligg&ouml;r kontinuerlig drift ute p&aring; f&auml;ltet, med Dells ExpressCharge&trade; som ger snabb laddning. Medarbetarna kan r&auml;kna med upp till 25 timmars drifttid f&ouml;r oavbrutna arbetsfl&ouml;den. <\/p><h3 data-start=\"3330\" data-end=\"3355\">S&auml;kerhet f&ouml;r f&ouml;retag<\/h3><p data-start=\"3356\" data-end=\"3590\">Latitude 5430 har st&ouml;d f&ouml;r Dells avancerade s&auml;kerhetsfunktioner, inklusive TPM 2.0, autentisering med smartkort och fingeravtryck samt h&aring;rdvarukryptering som tillval. Dessa &aring;tg&auml;rder s&auml;kerst&auml;ller &ouml;verensst&auml;mmelse med f&ouml;retags- och myndighetsstandarder. <\/p><h2 data-start=\"3592\" data-end=\"3639\">Idealiska anv&auml;ndningsomr&aring;den f&ouml;r Dell Latitude 5430<\/h2><ul data-start=\"3641\" data-end=\"4103\">\n<li data-start=\"3641\" data-end=\"3735\">\n<p data-start=\"3643\" data-end=\"3735\"><strong data-start=\"3643\" data-end=\"3672\">F&auml;ltservice och allm&auml;nnyttiga tj&auml;nster<\/strong> &ndash; Rugged prestanda med l&aring;ng batteritid f&ouml;r tekniker.<\/p>\n<\/li>\n<li data-start=\"3736\" data-end=\"3824\">\n<p data-start=\"3738\" data-end=\"3824\"><strong data-start=\"3738\" data-end=\"3763\">Transport &amp; logistik<\/strong> &ndash; GPS-baserad mobilitet f&ouml;r vagnparks- och lagerverksamhet.<\/p>\n<\/li>\n<li data-start=\"3825\" data-end=\"3908\">\n<p data-start=\"3827\" data-end=\"3908\"><strong data-start=\"3827\" data-end=\"3856\">F&ouml;rsvar &amp; brottsbek&auml;mpning<\/strong> &ndash; S&auml;ker mobil datoranv&auml;ndning med rugged skydd.<\/p>\n<\/li>\n<li data-start=\"3909\" data-end=\"4004\">\n<p data-start=\"3911\" data-end=\"4004\"><strong data-start=\"3911\" data-end=\"3939\">Tillverkning &amp; industri<\/strong> &ndash; Motst&aring;ndskraftig mot damm, vibrationer och fall i fabriksinst&auml;llningar.<\/p>\n<\/li>\n<li data-start=\"4005\" data-end=\"4103\">\n<p data-start=\"4007\" data-end=\"4103\"><strong data-start=\"4007\" data-end=\"4024\">Allm&auml;n s&auml;kerhet<\/strong> &ndash; Tillf&ouml;rlitlig anslutning och sk&auml;rm som kan l&auml;sas i solljus f&ouml;r kritiska uppdrag.<\/p>\n<\/li>\n<\/ul><h2 data-start=\"4105\" data-end=\"4162\">Produktj&auml;mf&ouml;relser: Alternativ till Dell Latitude 5430<\/h2><p data-start=\"4164\" data-end=\"4264\">F&ouml;r organisationer som utv&auml;rderar alternativ finns det andra Rugged Laptops tillg&auml;ngliga hos Micro Nordic, t.ex:<\/p><ul data-start=\"4266\" data-end=\"4644\">\n<li data-start=\"4266\" data-end=\"4405\">\n<p data-start=\"4268\" data-end=\"4405\"><a href=\"https:\/\/micronordic.com\/product\/dell-latitude-7330-rugged-extreme\/\"><strong data-start=\"4268\" data-end=\"4318\">Dell Latitude 7330 Rugged Extreme Laptop<\/strong><\/a> &ndash; En Fully Rugged 13,3&Prime; laptop som erbjuder starkare h&aring;llbarhet i en mindre formfaktor.<\/p>\n<\/li>\n<li data-start=\"4406\" data-end=\"4526\">\n<p data-start=\"4408\" data-end=\"4526\"><a href=\"https:\/\/micronordic.com\/product\/getac-b360-g2-fully-rugged-laptop\/\"><strong data-start=\"4408\" data-end=\"4445\">Getac B360 G2 Fully Rugged Laptop<\/strong> <\/a>&ndash; En 13,3&Prime; Fully Rugged Laptop med Windows som &auml;r utformad f&ouml;r extrema f&auml;ltmilj&ouml;er.<\/p>\n<\/li>\n<li data-start=\"4527\" data-end=\"4644\">\n<p data-start=\"4529\" data-end=\"4644\"><a href=\"https:\/\/micronordic.com\/product\/panasonic-toughbook-fz-55\/\"><strong data-start=\"4529\" data-end=\"4555\">Panasonic Toughbook 55<\/strong> <strong>MK1-MK3<\/strong> <\/a>&ndash; En modul&auml;r Semi Rugged Laptop med starka expansionsm&ouml;jligheter och balanserad b&auml;rbarhet.<\/p>\n<\/li>\n<\/ul>\n","protected":false},"excerpt":{"rendered":"<h3>Specifikationer:<\/h3>\n<ul>\n<li><strong>Sk\u00e4rm:<\/strong> 14\u2033 FHD (1920\u00d71080), upp till 1100 nits solljusavl\u00e4sbar, handskanpassad peksk\u00e4rm<\/li>\n<li><strong>Processor:<\/strong> 11:e generationens Intel\u00ae Core\u2122 i5\/i7, vPro\u00ae som tillval<\/li>\n<li><strong>Grafik:<\/strong> Integrerad Intel\u00ae Iris\u00ae Xe eller NVIDIA\u00ae T500 (tillval)<\/li>\n<li><strong>Minne:<\/strong> 8 GB (basmodell), uppgraderingsbart 64 GB DDR4 RAM<\/li>\n<li><strong>Lagring:<\/strong> 256 GB (basmodell), uppgraderingsbar 2 TB SSD<\/li>\n<li><strong>Anslutningsm\u00f6jligheter:<\/strong> Wi-Fi 6E, Bluetooth 5.1, 4G LTE\/5G (tillval), GPS<\/li>\n<li><strong>Rugged certifieringar:<\/strong> MIL-STD-810H, IP53, 3 ft fallmotst\u00e5nd<\/li>\n<li><strong>S\u00e4kerhet:<\/strong> TPM 2.0, fingeravtrycksl\u00e4sare, smartkortsl\u00e4sare, NFC<\/li>\n<li><strong>Batteri:<\/strong> Dubbla utbytbara batterier, upp till 25 timmars drifttid<\/li>\n<li><strong>M\u00e5tt och vikt:<\/strong> 342 \u00d7 242 \u00d7 32 mm, fr\u00e5n 1,97 kg<\/li>\n<li><strong>Garanti:<\/strong> NY 3 \u00e5rs garanti med global support fr\u00e5n Dell<\/li>\n<\/ul>\n","protected":false},"author":24,"featured_media":99969,"template":"","meta":{"_acf_changed":false,"inline_featured_image":false},"product-condition":[5257],"product_brand":[8938],"product_cat":[5218,5215,5221],"product_tag":[],"class_list":{"0":"post-80331","1":"product","2":"type-product","3":"status-publish","4":"has-post-thumbnail","6":"product-condition-new-in-box","7":"product_brand-dell","8":"product_cat-dell-rugged","9":"product_cat-all-rugged-laptops","10":"product_cat-new-in-box-rugged-hardware","12":"first","13":"instock","14":"taxable","15":"shipping-taxable","16":"purchasable","17":"product-type-simple"},"acf":[],"_links":{"self":[{"href":"https:\/\/micronordic.com\/sv\/wp-json\/wp\/v2\/product\/80331","targetHints":{"allow":["GET"]}}],"collection":[{"href":"https:\/\/micronordic.com\/sv\/wp-json\/wp\/v2\/product"}],"about":[{"href":"https:\/\/micronordic.com\/sv\/wp-json\/wp\/v2\/types\/product"}],"author":[{"embeddable":true,"href":"https:\/\/micronordic.com\/sv\/wp-json\/wp\/v2\/users\/24"}],"version-history":[{"count":1,"href":"https:\/\/micronordic.com\/sv\/wp-json\/wp\/v2\/product\/80331\/revisions"}],"predecessor-version":[{"id":87947,"href":"https:\/\/micronordic.com\/sv\/wp-json\/wp\/v2\/product\/80331\/revisions\/87947"}],"wp:featuredmedia":[{"embeddable":true,"href":"https:\/\/micronordic.com\/sv\/wp-json\/wp\/v2\/media\/99969"}],"wp:attachment":[{"href":"https:\/\/micronordic.com\/sv\/wp-json\/wp\/v2\/media?parent=80331"}],"wp:term":[{"taxonomy":"product-condition","embeddable":true,"href":"https:\/\/micronordic.com\/sv\/wp-json\/wp\/v2\/product-condition?post=80331"},{"taxonomy":"product_brand","embeddable":true,"href":"https:\/\/micronordic.com\/sv\/wp-json\/wp\/v2\/product_brand?post=80331"},{"taxonomy":"product_cat","embeddable":true,"href":"https:\/\/micronordic.com\/sv\/wp-json\/wp\/v2\/product_cat?post=80331"},{"taxonomy":"product_tag","embeddable":true,"href":"https:\/\/micronordic.com\/sv\/wp-json\/wp\/v2\/product_tag?post=80331"}],"curies":[{"name":"wp","href":"https:\/\/api.w.org\/{rel}","templated":true}]}}