{"id":80327,"date":"2022-11-01T11:30:36","date_gmt":"2022-11-01T10:30:36","guid":{"rendered":"https:\/\/micronordic.com\/product\/panasonic-toughbook-fz-40-fz40-mk2-i5-ny\/"},"modified":"2025-11-18T17:26:26","modified_gmt":"2025-11-18T16:26:26","slug":"panasonic-toughbook-fz-40-mk1-i7new","status":"publish","type":"product","link":"https:\/\/micronordic.com\/sv\/product\/panasonic-toughbook-fz-40-mk1-i7new\/","title":{"rendered":"Panasonic Toughbook 40 MK1-MK2 (NY)"},"content":{"rendered":"<?xml encoding=\"utf-8\" ?><h2 data-start=\"254\" data-end=\"295\">Panasonic Toughbook 40 MK1-MK2 (NY)<\/h2><p data-start=\"297\" data-end=\"688\"><strong data-start=\"301\" data-end=\"327\">Panasonic Toughbook 40<\/strong> representerar h&ouml;jdpunkten inom tekniken f&ouml;r Rugged Laptop, utformad f&ouml;r f&ouml;rsvar, brottsbek&auml;mpning, f&auml;ltservice och industrier d&auml;r kompromissl&ouml;s prestanda och h&aring;llbarhet &auml;r avg&ouml;rande. Med en 14-tums sk&auml;rm som kan l&auml;sas i dagsljus, modul&auml;r design och den senaste Intel&reg;-processorkraften balanserar Toughbook 40 avancerad prestanda med rugged p&aring;litlighet. <\/p><p data-start=\"690\" data-end=\"1015\">Hos <strong data-start=\"693\" data-end=\"709\">Micro Nordic<\/strong> finns Toughbook 40 tillg&auml;nglig som <strong data-start=\"744\" data-end=\"763\">helt nya (NEW)<\/strong> modeller (med 3 &aring;rs garanti) eller som <strong data-start=\"777\" data-end=\"806\">Certified Pre-Owned (CPO <\/strong>) (med 12 m&aring;naders garanti), vilket ger f&ouml;retag flexibiliteten att v&auml;lja mellan en helt ny investering eller en renoverad, kostnadseffektiv l&ouml;sning som har genomg&aring;tt omfattande tester och byte av komponenter f&ouml;r att fungera n&auml;stan som ny.<\/p><h2 data-start=\"1017\" data-end=\"1064\">Viktiga funktioner i Panasonic Toughbook 40<\/h2><ul data-start=\"1066\" data-end=\"2092\">\n<li data-start=\"1066\" data-end=\"1198\">\n<p data-start=\"1068\" data-end=\"1198\"><strong data-start=\"1068\" data-end=\"1091\">Ultra rugged design<\/strong> &ndash; MIL-STD-810H och IP66-certifierad, motst&aring;ndskraftig mot fall, vatten, damm, vibrationer och extrema temperaturer.<\/p>\n<\/li>\n<li data-start=\"1199\" data-end=\"1321\">\n<p data-start=\"1201\" data-end=\"1321\"><strong data-start=\"1201\" data-end=\"1212\">Sk&auml;rm<\/strong> &ndash; 14&Prime; FHD (1920&times;1080) peksk&auml;rm som kan l&auml;sas i dagsljus med 1200 nits ljusstyrka och handskaktiverad anv&auml;ndbarhet.<\/p>\n<\/li>\n<li data-start=\"1322\" data-end=\"1445\">\n<p data-start=\"1324\" data-end=\"1445\"><strong data-start=\"1324\" data-end=\"1337\">Processor<\/strong> &ndash; 11:e generationens Intel&reg; Core&trade; i5 och i7 vPro&trade;-alternativ, byggda f&ouml;r multitasking och kr&auml;vande f&auml;lttill&auml;mpningar.<\/p>\n<\/li>\n<li data-start=\"1446\" data-end=\"1503\">\n<p data-start=\"1448\" data-end=\"1503\"><strong data-start=\"1448\" data-end=\"1458\">Minne<\/strong> &ndash; Konfigurerbart fr&aring;n 16 GB upp till 64 GB RAM.<\/p>\n<\/li>\n<li data-start=\"1504\" data-end=\"1570\">\n<p data-start=\"1506\" data-end=\"1570\"><strong data-start=\"1506\" data-end=\"1517\">Lagring<\/strong> &ndash; Standard 512 GB NVMe SSD, utbyggbar upp till 2 TB.<\/p>\n<\/li>\n<li data-start=\"1571\" data-end=\"1716\">\n<p data-start=\"1573\" data-end=\"1716\"><strong data-start=\"1573\" data-end=\"1594\">Modul&auml;r expansion<\/strong> &ndash; Fyra expansionsomr&aring;den m&ouml;jligg&ouml;r anpassning med optiska enheter, autentiseringsl&auml;sare, I\/O-portar eller ett andra batteri.<\/p>\n<\/li>\n<li data-start=\"1717\" data-end=\"1792\">\n<p data-start=\"1719\" data-end=\"1792\"><strong data-start=\"1719\" data-end=\"1735\">Anslutningsm&ouml;jligheter<\/strong> &ndash; Wi-Fi 6, Bluetooth 5.1, 4G LTE\/5G (tillval) och GPS.<\/p>\n<\/li>\n<li data-start=\"1793\" data-end=\"1899\">\n<p data-start=\"1795\" data-end=\"1899\"><strong data-start=\"1795\" data-end=\"1807\">S&auml;kerhet<\/strong> &ndash; St&ouml;d f&ouml;r flera olika typer av autentisering, inklusive smartkort, fingeravtryck och ansiktsigenk&auml;nning.<\/p>\n<\/li>\n<li data-start=\"1900\" data-end=\"1997\">\n<p data-start=\"1902\" data-end=\"1997\"><strong data-start=\"1902\" data-end=\"1913\">Batteri<\/strong> &ndash; Dubbla utbytbara batterier med upp till 36 timmars drifttid (med det andra batteriet).<\/p>\n<\/li>\n<li data-start=\"1998\" data-end=\"2092\">\n<p data-start=\"2000\" data-end=\"2092\"><strong data-start=\"2000\" data-end=\"2018\">Konfigurationer<\/strong> &ndash; Finns i b&aring;de <strong data-start=\"2039\" data-end=\"2046\">NEW-<\/strong> och <strong data-start=\"2051\" data-end=\"2080\">Certified Pre-Owned (CPO)<\/strong> -versioner. Ny levereras med 3 &aring;rs standardgaranti. Certifierad begagnad levereras med 12 m&aring;naders garanti.  <\/p>\n<\/li>\n<\/ul><h2 data-start=\"2094\" data-end=\"2141\">De viktigaste f&ouml;rdelarna med Panasonic Toughbook 40<\/h2><h3 data-start=\"2143\" data-end=\"2194\">Rugged prestanda f&ouml;r uppdragskritiska uppgifter<\/h3><p data-start=\"2195\" data-end=\"2470\">Toughbook 40 &auml;r byggd f&ouml;r de mest kr&auml;vande milj&ouml;erna och &auml;r MIL-STD-810H- och IP66-certifierad, vilket inneb&auml;r att den inte bara &auml;r motst&aring;ndskraftig mot st&ouml;tar, damm och vatten utan &auml;ven klarar extrema milj&ouml;f&ouml;rh&aring;llanden. Dess chassi i magnesiumlegering garanterar l&aring;ngvarig h&aring;llbarhet. <\/p><h3 data-start=\"2472\" data-end=\"2509\">Stor display som kan l&auml;sas av i dagsljus<\/h3><p data-start=\"2510\" data-end=\"2713\">Den 14-tums FHD-peksk&auml;rmen med 1200 nits ljusstyrka s&auml;kerst&auml;ller synlighet i starkt solljus eller utmanande f&auml;ltf&ouml;rh&aring;llanden. Handskaktiverad multi-touch f&ouml;rb&auml;ttrar anv&auml;ndbarheten f&ouml;r utomhus- och taktiska team. <\/p><h3 data-start=\"2715\" data-end=\"2740\">Modul&auml;r flexibilitet<\/h3><p data-start=\"2741\" data-end=\"2993\">Med fyra anv&auml;ndarkonfigurerbara expansionsplatser kan Toughbook 40 anpassas till olika arbetsfl&ouml;den. Bland alternativen finns streckkodsl&auml;sare, extra lagringsutrymme, specialportar eller extra kraftaggregat, vilket g&ouml;r den till en av de mest m&aring;ngsidiga rugged laptops p&aring; marknaden. <\/p><h3 data-start=\"2995\" data-end=\"3040\">L&aring;ng batteritid med st&ouml;d f&ouml;r hot-swap<\/h3><p data-start=\"3041\" data-end=\"3250\">Toughbook 40 &auml;r utrustad med dubbla batterier som kan bytas ut direkt och ger upp till 36 timmars drifttid n&auml;r den konfigureras med ett andra batteri. Detta s&auml;kerst&auml;ller kontinuerlig drift p&aring; f&auml;ltet utan driftstopp. <\/p><h3 data-start=\"3252\" data-end=\"3310\">Alternativ f&ouml;r varje budget: NY eller certifierat begagnad<\/h3><p data-start=\"3311\" data-end=\"3770\">Hos <strong data-start=\"3314\" data-end=\"3330\">Micro Nordic<\/strong> kan kunderna v&auml;lja mellan <strong data-start=\"3361\" data-end=\"3393\">helt nya Toughbook 40-enheter<\/strong> eller <strong data-start=\"3397\" data-end=\"3427\">Certified Pre-Owned-modeller<\/strong>. Nya modeller har den senaste h&aring;rdvaran och full garantisupport, medan Certified Pre-Owned-enheter har genomg&aring;tt grundlig renovering, testning och komponentbyte, vilket ger n&auml;stan samma prestanda till en l&auml;gre kostnad. Detta dubbla erbjudande g&ouml;r det m&ouml;jligt f&ouml;r organisationer att anpassa ink&ouml;pen till b&aring;de operativa behov och budgetbegr&auml;nsningar.  <\/p><h2 data-start=\"3772\" data-end=\"3823\">Idealiska anv&auml;ndningsomr&aring;den f&ouml;r Panasonic Toughbook 40<\/h2><ul data-start=\"3825\" data-end=\"4367\">\n<li data-start=\"3825\" data-end=\"3927\">\n<p data-start=\"3827\" data-end=\"3927\"><strong data-start=\"3827\" data-end=\"3858\">F&ouml;rsvar och r&auml;ttsv&auml;sende<\/strong> &ndash; uppdragskritisk tillf&ouml;rlitlighet med s&auml;kerhet f&ouml;r flera autentiseringar.<\/p>\n<\/li>\n<li data-start=\"3928\" data-end=\"4040\">\n<p data-start=\"3930\" data-end=\"4040\"><strong data-start=\"3930\" data-end=\"3961\">Verktyg och f&auml;ltservice<\/strong> &ndash; Batterier som kan bytas ut direkt och modul&auml;ra till&auml;gg f&ouml;r flexibel f&auml;ltverksamhet.<\/p>\n<\/li>\n<li data-start=\"4041\" data-end=\"4145\">\n<p data-start=\"4043\" data-end=\"4145\"><strong data-start=\"4043\" data-end=\"4079\">Tillverkning och tung industri<\/strong> &ndash; Rugged motst&aring;ndskraft mot vibrationer, damm och extrema f&ouml;rh&aring;llanden.<\/p>\n<\/li>\n<li data-start=\"4146\" data-end=\"4247\">\n<p data-start=\"4148\" data-end=\"4247\"><strong data-start=\"4148\" data-end=\"4180\">Transport och logistik<\/strong> &ndash; L&aring;ng drifttid och GPS-anslutning f&ouml;r mobil vagnparkshantering.<\/p>\n<\/li>\n<li data-start=\"4248\" data-end=\"4367\">\n<p data-start=\"4250\" data-end=\"4367\"><strong data-start=\"4250\" data-end=\"4290\">Allm&auml;n s&auml;kerhet och r&auml;ddningstj&auml;nst<\/strong> &ndash; Stor sk&auml;rm och stark tr&aring;dl&ouml;s anslutning f&ouml;r realtidsoperationer.<\/p>\n<\/li>\n<\/ul><h2 data-start=\"4369\" data-end=\"4430\">Produktj&auml;mf&ouml;relser: Panasonic Toughbook 40 Alternativ<\/h2><p data-start=\"4432\" data-end=\"4532\">F&ouml;r organisationer som utv&auml;rderar alternativ finns det andra Rugged Laptops tillg&auml;ngliga hos Micro Nordic, t.ex:<\/p><ul data-start=\"4534\" data-end=\"4923\">\n<li data-start=\"4534\" data-end=\"4659\">\n<p data-start=\"4536\" data-end=\"4659\"><a href=\"https:\/\/micronordic.com\/product\/panasonic-toughbook-fz-55\/\"><strong data-start=\"4536\" data-end=\"4562\">Panasonic Toughbook 55<\/strong> <\/a>&ndash; En Semi-Rugged modul&auml;r laptop som erbjuder l&auml;gre vikt och flexibel expansion till en l&auml;gre kostnad.<\/p>\n<\/li>\n<li data-start=\"4660\" data-end=\"4787\">\n<p data-start=\"4662\" data-end=\"4787\"><a href=\"https:\/\/micronordic.com\/product\/getac-b360-g2-fully-rugged-laptop\/\"><strong data-start=\"4662\" data-end=\"4699\">Getac B360 G2 Fully Rugged Laptop<\/strong><\/a> &ndash; En 13,3&Prime; Fully Rugged Laptop med Windows som &auml;r byggd f&ouml;r f&auml;ltarbete i tuffa milj&ouml;er.<\/p>\n<\/li>\n<li data-start=\"4788\" data-end=\"4923\">\n<p data-start=\"4790\" data-end=\"4923\"><a href=\"https:\/\/micronordic.com\/product\/dell-latitude-7330-rugged-extreme\/\"><strong data-start=\"4790\" data-end=\"4834\">Dell Latitude 7330 Rugged Extreme Laptop<\/strong><\/a> &ndash; En Fully Rugged Laptop p&aring; 13,3&Prime; som kombinerar h&aring;llbarhet med stark f&ouml;retagsintegration.<\/p>\n<\/li>\n<\/ul>\n","protected":false},"excerpt":{"rendered":"<h3>Specifikationer:<\/h3>\n<ul>\n<li><strong>Sk\u00e4rm:<\/strong> 14\u2033 FHD (1920\u00d71080), 1200 nits dagsljusl\u00e4sbar peksk\u00e4rm<\/li>\n<li><strong>Processor:<\/strong> Intel\u00ae Core\u2122 i5\/i7 vPro\u2122, 11:e generationen<\/li>\n<li><strong>Grafik:<\/strong> Integrerad Intel\u00ae Iris\u00ae Xe-grafik<\/li>\n<li><strong>Minne:<\/strong> 16 GB (basmodell), uppgraderingsbart till 64 GB RAM<\/li>\n<li><strong>Lagring:<\/strong> 512 GB (basmodell), uppgraderingsbar till 2 TB NVMe SSD<\/li>\n<li><strong>Anslutningsm\u00f6jligheter:<\/strong> Wi-Fi 6, Bluetooth 5.1, 4G LTE\/5G (tillval), GPS<\/li>\n<li><strong>Rugged-certifieringar:<\/strong> MIL-STD-810H, IP66<\/li>\n<li><strong>Expansion:<\/strong> Fyra modul\u00e4ra platser f\u00f6r lagring, portar eller autentiseringsl\u00e4sare<\/li>\n<li><strong>Batteri:<\/strong> Dubbla utbytbara batterier, upp till 36 timmars drifttid (med det andra batteriet)<\/li>\n<li><strong>M\u00e5tt och vikt:<\/strong> 354 \u00d7 301 \u00d7 54,4 mm, ca 3,35 kg <\/li>\n<li><strong>Garanti:<\/strong> 3 \u00e5rs garanti (NY) eller 12 m\u00e5naders garanti (Certified Pre-Owned)<\/li>\n<\/ul>\n","protected":false},"author":24,"featured_media":99849,"template":"","meta":{"_acf_changed":false,"inline_featured_image":false},"product-condition":[5257],"product_brand":[8977],"product_cat":[5222,5215,5221],"product_tag":[],"class_list":{"0":"post-80327","1":"product","2":"type-product","3":"status-publish","4":"has-post-thumbnail","6":"product-condition-new-in-box","7":"product_brand-panasonic","8":"product_cat-panasonic-toughbook","9":"product_cat-all-rugged-laptops","10":"product_cat-new-in-box-rugged-hardware","12":"first","13":"instock","14":"taxable","15":"shipping-taxable","16":"purchasable","17":"product-type-simple"},"acf":[],"_links":{"self":[{"href":"https:\/\/micronordic.com\/sv\/wp-json\/wp\/v2\/product\/80327","targetHints":{"allow":["GET"]}}],"collection":[{"href":"https:\/\/micronordic.com\/sv\/wp-json\/wp\/v2\/product"}],"about":[{"href":"https:\/\/micronordic.com\/sv\/wp-json\/wp\/v2\/types\/product"}],"author":[{"embeddable":true,"href":"https:\/\/micronordic.com\/sv\/wp-json\/wp\/v2\/users\/24"}],"version-history":[{"count":2,"href":"https:\/\/micronordic.com\/sv\/wp-json\/wp\/v2\/product\/80327\/revisions"}],"predecessor-version":[{"id":98314,"href":"https:\/\/micronordic.com\/sv\/wp-json\/wp\/v2\/product\/80327\/revisions\/98314"}],"wp:featuredmedia":[{"embeddable":true,"href":"https:\/\/micronordic.com\/sv\/wp-json\/wp\/v2\/media\/99849"}],"wp:attachment":[{"href":"https:\/\/micronordic.com\/sv\/wp-json\/wp\/v2\/media?parent=80327"}],"wp:term":[{"taxonomy":"product-condition","embeddable":true,"href":"https:\/\/micronordic.com\/sv\/wp-json\/wp\/v2\/product-condition?post=80327"},{"taxonomy":"product_brand","embeddable":true,"href":"https:\/\/micronordic.com\/sv\/wp-json\/wp\/v2\/product_brand?post=80327"},{"taxonomy":"product_cat","embeddable":true,"href":"https:\/\/micronordic.com\/sv\/wp-json\/wp\/v2\/product_cat?post=80327"},{"taxonomy":"product_tag","embeddable":true,"href":"https:\/\/micronordic.com\/sv\/wp-json\/wp\/v2\/product_tag?post=80327"}],"curies":[{"name":"wp","href":"https:\/\/api.w.org\/{rel}","templated":true}]}}