{"id":80325,"date":"2022-07-22T15:50:54","date_gmt":"2022-07-22T13:50:54","guid":{"rendered":"https:\/\/micronordic.com\/product\/honeywell-ct40-xp-mobil-handdator-renoverad\/"},"modified":"2025-11-17T17:26:05","modified_gmt":"2025-11-17T16:26:05","slug":"honeywell-ct40xp-mobile-handheld-computer-refurbished","status":"publish","type":"product","link":"https:\/\/micronordic.com\/sv\/product\/honeywell-ct40xp-mobile-handheld-computer-refurbished\/","title":{"rendered":"Honeywell CT40 XP Handheld Mobile Computer (EX-DEMO)"},"content":{"rendered":"<?xml encoding=\"utf-8\" ?><h2 data-start=\"324\" data-end=\"379\">Honeywell Dolphin CT40 XP Handheld Mobile Computer<\/h2><p data-start=\"381\" data-end=\"730\"><strong data-start=\"385\" data-end=\"439\">Honeywell Dolphin CT40 XP Handheld Mobile Computer<\/strong> &auml;r en m&aring;ngsidig enhet i f&ouml;retagsklass som &auml;r utformad f&ouml;r att f&ouml;rb&auml;ttra produktiviteten, anslutningsm&ouml;jligheterna och anv&auml;ndarupplevelsen i kr&auml;vande arbetsfl&ouml;den. CT40 XP kombinerar ergonomi i smartphone-stil med rugged h&aring;llbarhet, st&ouml;der moderna Android&trade;-applikationer och levererar l&aring;ngsiktig aff&auml;rsprestanda.<\/p><p data-start=\"732\" data-end=\"798\">Hos <strong data-start=\"735\" data-end=\"751\">Micro Nordic<\/strong> finns CT40 XP tillg&auml;nglig i tv&aring; olika utf&ouml;randen:<\/p><ul data-start=\"799\" data-end=\"1134\">\n<li data-start=\"799\" data-end=\"875\">\n<p data-start=\"801\" data-end=\"875\"><strong data-start=\"801\" data-end=\"818\">NEW-IN-BOX :<\/strong> En fabriksf&ouml;rseglad enhet med <strong>2 &aring;rs<\/strong> fullst&auml;ndig <strong>tillverkargaranti<\/strong>.<\/p>\n<\/li>\n<li data-start=\"876\" data-end=\"1134\">\n<p data-start=\"878\" data-end=\"1134\"><strong data-start=\"878\" data-end=\"890\">EX-DEMO:<\/strong> En rabatterad enhet som har anv&auml;nts l&auml;tt i demonstrationssyfte, med utbytt h&ouml;lje och digitaliseringsenheter. Alla standardtillbeh&ouml;r ing&aring;r om inget annat anges. EX-DEMO-enheter levereras med <strong>12 m&aring;naders garanti.<\/strong>  <\/p>\n<\/li>\n<\/ul><p data-start=\"1136\" data-end=\"1308\">Detta dubbla erbjudande ger organisationerna m&ouml;jlighet att v&auml;lja mellan <strong data-start=\"1198\" data-end=\"1221\">det senaste f&ouml;rseglade lagret<\/strong> eller ett <strong data-start=\"1227\" data-end=\"1262\">kostnadsbesparande EX-DEMO-alternativ<\/strong> som fortfarande ger tillf&ouml;rlitlighet f&ouml;r f&ouml;retaget.<\/p><h2 data-start=\"1310\" data-end=\"1352\">Viktiga funktioner i Honeywell CT40 XP<\/h2><ul data-start=\"1354\" data-end=\"2402\">\n<li data-start=\"1354\" data-end=\"1461\">\n<p data-start=\"1356\" data-end=\"1461\"><strong data-start=\"1356\" data-end=\"1381\">Kompakt, rugged design<\/strong> &ndash; L&auml;tt och ergonomisk, byggd f&ouml;r detaljhandel, logistik och f&auml;ltmobilitet.<\/p>\n<\/li>\n<li data-start=\"1462\" data-end=\"1579\">\n<p data-start=\"1464\" data-end=\"1579\"><strong data-start=\"1464\" data-end=\"1478\">H&aring;llbarhet<\/strong> &ndash; MIL-STD-810G-testad, fallmotst&aring;nd p&aring; 1,8 m (med st&ouml;vel) och IP67-t&auml;tning mot damm och vatten.<\/p>\n<\/li>\n<li data-start=\"1580\" data-end=\"1689\">\n<p data-start=\"1582\" data-end=\"1689\"><strong data-start=\"1582\" data-end=\"1593\">Display<\/strong> &ndash; 5-tums HD-peksk&auml;rm med l&auml;sbarhet utomhus, kan anv&auml;ndas med handskar och i v&aring;ta f&ouml;rh&aring;llanden.<\/p>\n<\/li>\n<li data-start=\"1690\" data-end=\"1826\">\n<p data-start=\"1692\" data-end=\"1826\"><strong data-start=\"1692\" data-end=\"1707\">Prestanda<\/strong> &ndash; Qualcomm Snapdragon&reg; 660 octa-core processor s&auml;kerst&auml;ller smidig multitasking och Android Enterprise-klar prestanda.<\/p>\n<\/li>\n<li data-start=\"1827\" data-end=\"1948\">\n<p data-start=\"1829\" data-end=\"1948\"><strong data-start=\"1829\" data-end=\"1849\">Operativsystem<\/strong> &ndash; Levereras med Android 9, kan uppgraderas till Android 11 och senare med Honeywell Mobility Edge&trade;.<\/p>\n<\/li>\n<li data-start=\"1949\" data-end=\"2062\">\n<p data-start=\"1951\" data-end=\"2062\"><strong data-start=\"1951\" data-end=\"1967\">Datainsamling<\/strong> &ndash; Integrerad Honeywell FlexRange&trade;-imager f&ouml;r snabb streckkodsl&auml;sning p&aring; korta och l&aring;nga avst&aring;nd.<\/p>\n<\/li>\n<li data-start=\"2063\" data-end=\"2191\">\n<p data-start=\"2065\" data-end=\"2191\"><strong data-start=\"2065\" data-end=\"2081\">Batteritid<\/strong> &ndash; Smart batteri med h&ouml;g kapacitet utformat f&ouml;r drift under hela arbetspasset, med st&ouml;d f&ouml;r hot swap f&ouml;r ut&ouml;kad anv&auml;ndning.<\/p>\n<\/li>\n<li data-start=\"2192\" data-end=\"2262\">\n<p data-start=\"2194\" data-end=\"2262\"><strong data-start=\"2194\" data-end=\"2210\">Anslutningsm&ouml;jligheter<\/strong> &ndash; Wi-Fi, Bluetooth 5.0, 4G LTE (tillval) och NFC.<\/p>\n<\/li>\n<li data-start=\"2263\" data-end=\"2402\">\n<p data-start=\"2265\" data-end=\"2402\"><strong data-start=\"2265\" data-end=\"2293\">S&auml;kerhet och hanterbarhet<\/strong> &ndash; Honeywell Mobility Edge&trade;-plattformen tillhandah&aring;ller s&auml;kerhetsuppdateringar under hela livscykeln och centraliserad enhetshantering.<\/p>\n<\/li>\n<\/ul><h2 data-start=\"2404\" data-end=\"2436\">De viktigaste f&ouml;rdelarna med CT40 XP<\/h2><h3 data-start=\"2438\" data-end=\"2462\">Rugged men &auml;nd&aring; kompakt<\/h3><p data-start=\"2463\" data-end=\"2668\">CT40 XP &auml;r en balans mellan formfaktor i konsumentstil och rugged skydd. Den t&aring;l dagliga fall, vibrationer och dammexponering, samtidigt som den &auml;r tunn och b&auml;rbar f&ouml;r frontlinjearbetare. <\/p><h3 data-start=\"2670\" data-end=\"2696\">Produktivitet hela dagen<\/h3><p data-start=\"2697\" data-end=\"2921\">En kraftfull Snapdragon-processor, i kombination med l&aring;ng batteritid och hot swap-funktionalitet, s&auml;kerst&auml;ller oavbruten drift under hela skift. Medarbetarna f&ouml;rblir uppkopplade och produktiva, &auml;ven i milj&ouml;er med h&ouml;g efterfr&aring;gan. <\/p><h3 data-start=\"2923\" data-end=\"2952\">Datainsamling f&ouml;r f&ouml;retag<\/h3><p data-start=\"2953\" data-end=\"3162\">Den integrerade FlexRange&trade;-skannern l&auml;ser snabbt streckkoder p&aring; flera olika avst&aring;nd, &auml;ven om de &auml;r skadade eller d&aring;ligt tryckta. Detta st&ouml;der lagerhantering i detaljhandeln, logistiska arbetsfl&ouml;den och datainsamling i f&auml;lt. <\/p><h3 data-start=\"3164\" data-end=\"3194\">Android redo f&ouml;r f&ouml;retag<\/h3><p data-start=\"3195\" data-end=\"3388\">Med Honeywell Mobility Edge&trade; f&aring;r f&ouml;retag ut&ouml;kat Android-support och regelbundna s&auml;kerhetsuppdateringar. Detta f&ouml;rl&auml;nger enhetens livscykel j&auml;mf&ouml;rt med smartphones i konsumentklass. <\/p><h3 data-start=\"3390\" data-end=\"3438\">Kostnadsbesparande flexibilitet med EX-DEMO-enheter<\/h3><p data-start=\"3439\" data-end=\"3679\">EX-DEMO-versioner av CT40 XP ger organisationer m&ouml;jlighet att k&ouml;pa en fullt fungerande enhet till ett reducerat pris. Med nya h&ouml;ljen och digitaliserare ser de h&auml;r enheterna ut och k&auml;nns n&auml;stan som nya samtidigt som de erbjuder ett budgetv&auml;nligt alternativ. <\/p><h2 data-start=\"3681\" data-end=\"3701\">Idealiska anv&auml;ndningsfall<\/h2><ul data-start=\"3703\" data-end=\"4096\">\n<li data-start=\"3703\" data-end=\"3792\">\n<p data-start=\"3705\" data-end=\"3792\"><strong data-start=\"3705\" data-end=\"3729\">Detaljhandel och hotell<\/strong> &ndash; mobila kassor, lagerhantering och kundengagemang.<\/p>\n<\/li>\n<li data-start=\"3793\" data-end=\"3891\">\n<p data-start=\"3795\" data-end=\"3891\"><strong data-start=\"3795\" data-end=\"3820\">Transport &amp; logistik<\/strong> &ndash; Scanning och realtidskommunikation i lagerlokaler eller p&aring; resande fot.<\/p>\n<\/li>\n<li data-start=\"3892\" data-end=\"3984\">\n<p data-start=\"3894\" data-end=\"3984\"><strong data-start=\"3894\" data-end=\"3911\">F&auml;ltservice<\/strong> &ndash; tillf&ouml;rlitlig datainsamling och anslutning f&ouml;r tekniker ute p&aring; f&auml;ltet.<\/p>\n<\/li>\n<li data-start=\"3985\" data-end=\"4096\">\n<p data-start=\"3987\" data-end=\"4096\"><strong data-start=\"3987\" data-end=\"4001\">Sjukv&aring;rd<\/strong> &ndash; Slitstark men &auml;nd&aring; l&auml;tt, l&auml;mplig f&ouml;r arbetsfl&ouml;den inom patientv&aring;rd (med s&auml;rskilda tillbeh&ouml;r).<\/p>\n<\/li>\n<\/ul><h2 data-start=\"4098\" data-end=\"4154\">Produktj&auml;mf&ouml;relser: Honeywell CT40 XP Alternativ<\/h2><p data-start=\"4156\" data-end=\"4263\">Organisationer som &ouml;verv&auml;ger alternativ till CT40 XP kan utforska andra rugged handdatorer hos Micro Nordic:<\/p><ul data-start=\"4265\" data-end=\"4672\">\n<li data-start=\"4265\" data-end=\"4407\">\n<p data-start=\"4267\" data-end=\"4407\"><a href=\"https:\/\/micronordic.com\/product\/zebra-tc52-mobile-handheld-computer-refurbished\/\"><strong data-start=\"4267\" data-end=\"4316\">Zebra TC52 Handheld Mobile Computer <\/strong><\/a> &ndash; En bepr&ouml;vad &auml;ldre Android-enhet som finns tillg&auml;nglig renoverad, perfekt f&ouml;r kostnadsmedvetna k&ouml;pare.<\/p>\n<\/li>\n<li data-start=\"4408\" data-end=\"4539\">\n<p data-start=\"4410\" data-end=\"4539\"><a href=\"https:\/\/micronordic.com\/product\/zebra-tc58-handheld-mobile-computer\/\"><strong data-start=\"4410\" data-end=\"4453\">Zebra TC58 Handheld Mobile Computer <\/strong><\/a> &ndash; En nyare generation Android-handdator med 5G-anslutning och starkare bearbetning.<\/p>\n<\/li>\n<li><a href=\"https:\/\/micronordic.com\/product\/honeywell-ck65-mobile-handheld-computer-refurbished\/\"><strong data-start=\"4542\" data-end=\"4585\">Honeywell CK65 Handdator <\/strong><\/a><strong data-start=\"4542\" data-end=\"4585\"><a href=\"https:\/\/micronordic.com\/product\/honeywell-ck65-mobile-handheld-computer-refurbished\/\">Mobil dator<\/a><\/strong> &ndash; En st&ouml;rre, rugged handdator med ut&ouml;kat skanningsomr&aring;de och alternativ f&ouml;r fysisk knappsats.<\/li>\n<\/ul>\n","protected":false},"excerpt":{"rendered":"<p>V\u00c4LJ EN VARIANT NEDAN! Ring oss om du beh\u00f6ver hj\u00e4lp med att hitta r\u00e4tt produktvariant. <\/p>\n<h3>Specifikationer:<\/h3>\n<ul>\n<li><strong>Sk\u00e4rm:<\/strong> 5\u2033 HD (1280\u00d7720), l\u00e4sbar i solljus, st\u00f6d f\u00f6r handskar och v\u00e5t ber\u00f6ring<\/li>\n<li><strong>Processor:<\/strong> Qualcomm Snapdragon\u00ae 660 octa-core, 2,2 GHz<\/li>\n<li><strong>Grafik:<\/strong> Adreno\u2122 GPU<\/li>\n<li><strong>Minne:<\/strong> 3 GB eller 4 GB RAM<\/li>\n<li><strong>Lagringsutrymme:<\/strong> 32 GB eller 64 GB flash, utbyggbart via microSD<\/li>\n<li><strong>Anslutningsm\u00f6jligheter:<\/strong> Wi-Fi, Bluetooth 5.0, 4G LTE (tillval), NFC<\/li>\n<li><strong>Rugged certifieringar:<\/strong> MIL-STD-810G, IP67, fallmotst\u00e5nd p\u00e5 1,8 m (med st\u00f6vel)<\/li>\n<li><strong>S\u00e4kerhet:<\/strong> Honeywell Mobility Edge\u2122, st\u00f6d f\u00f6r regelbundna Android-uppdateringar<\/li>\n<li><strong>Batteri:<\/strong> 4040 mAh l\u00f6stagbart Li-ion, hot-swappable<\/li>\n<li><strong>M\u00e5tt och vikt:<\/strong> 162 \u00d7 77 \u00d7 18 mm, ca 280 g <\/li>\n<li><strong>Garanti:<\/strong> NEW-IN-BOX med 2 \u00e5rs full garanti, EX-DEMO med 12 m\u00e5naders begr\u00e4nsad garanti<\/li>\n<\/ul>\n<p><strong>V\u00e4nligen v\u00e4lj r\u00e4tt modell nedan innan du l\u00e4gger den i varukorgen<\/strong><\/p>\n","protected":false},"author":24,"featured_media":100511,"template":"","meta":{"_acf_changed":false,"inline_featured_image":false},"product-condition":[5286],"product_brand":[8965],"product_cat":[5220,5217,5223],"product_tag":[],"class_list":{"0":"post-80325","1":"product","2":"type-product","3":"status-publish","4":"has-post-thumbnail","6":"product-condition-ex-demo","7":"product_brand-honeywell-intermec","8":"product_cat-honeywell-intermec","9":"product_cat-all-barcode-scanners","10":"product_cat-refurbished-rugged-hardware","11":"pa_model-part-number-ct40p-l0n-27r11de","12":"pa_model-part-number-ct40p-l1n-26r11be","13":"pa_model-part-number-ct40p-l1n-27r11be","14":"pa_model-part-number-ct40p-l1n-28r11be","16":"first","17":"instock","18":"taxable","19":"shipping-taxable","20":"purchasable","21":"product-type-variable"},"acf":[],"_links":{"self":[{"href":"https:\/\/micronordic.com\/sv\/wp-json\/wp\/v2\/product\/80325","targetHints":{"allow":["GET"]}}],"collection":[{"href":"https:\/\/micronordic.com\/sv\/wp-json\/wp\/v2\/product"}],"about":[{"href":"https:\/\/micronordic.com\/sv\/wp-json\/wp\/v2\/types\/product"}],"author":[{"embeddable":true,"href":"https:\/\/micronordic.com\/sv\/wp-json\/wp\/v2\/users\/24"}],"version-history":[{"count":5,"href":"https:\/\/micronordic.com\/sv\/wp-json\/wp\/v2\/product\/80325\/revisions"}],"predecessor-version":[{"id":98221,"href":"https:\/\/micronordic.com\/sv\/wp-json\/wp\/v2\/product\/80325\/revisions\/98221"}],"wp:featuredmedia":[{"embeddable":true,"href":"https:\/\/micronordic.com\/sv\/wp-json\/wp\/v2\/media\/100511"}],"wp:attachment":[{"href":"https:\/\/micronordic.com\/sv\/wp-json\/wp\/v2\/media?parent=80325"}],"wp:term":[{"taxonomy":"product-condition","embeddable":true,"href":"https:\/\/micronordic.com\/sv\/wp-json\/wp\/v2\/product-condition?post=80325"},{"taxonomy":"product_brand","embeddable":true,"href":"https:\/\/micronordic.com\/sv\/wp-json\/wp\/v2\/product_brand?post=80325"},{"taxonomy":"product_cat","embeddable":true,"href":"https:\/\/micronordic.com\/sv\/wp-json\/wp\/v2\/product_cat?post=80325"},{"taxonomy":"product_tag","embeddable":true,"href":"https:\/\/micronordic.com\/sv\/wp-json\/wp\/v2\/product_tag?post=80325"}],"curies":[{"name":"wp","href":"https:\/\/api.w.org\/{rel}","templated":true}]}}