{"id":80319,"date":"2021-08-24T14:07:48","date_gmt":"2021-08-24T12:07:48","guid":{"rendered":"https:\/\/micronordic.com\/product\/honeywell-intermec-ck75-mobil-handdator-renoverad\/"},"modified":"2025-11-18T17:06:31","modified_gmt":"2025-11-18T16:06:31","slug":"honeywell-intermec-ck75-mobile-handheld-computer-refurbished","status":"publish","type":"product","link":"https:\/\/micronordic.com\/sv\/product\/honeywell-intermec-ck75-mobile-handheld-computer-refurbished\/","title":{"rendered":"Honeywell CK75 Handheld Mobile Computer (EX-DEMO)"},"content":{"rendered":"<?xml encoding=\"utf-8\" ?><h2 data-start=\"306\" data-end=\"358\">Honeywell CK75 Handheld Mobile Computer (EX-DEMO)<\/h2><p data-start=\"360\" data-end=\"674\"><strong data-start=\"364\" data-end=\"407\">Honeywell CK75 Handheld Mobile Computer<\/strong> &auml;r en ultraruggad mobil enhet som &auml;r konstruerad f&ouml;r extrema industri- och logistikmilj&ouml;er. Den &auml;r kompakt men &auml;nd&aring; kraftfull och kombinerar avancerad skanning, flexibla operativsystem och exceptionell h&aring;llbarhet f&ouml;r att h&aring;lla medarbetarna produktiva under de tuffaste f&ouml;rh&aring;llandena. <\/p><p>Hos <strong data-start=\"679\" data-end=\"695\">Micro Nordic<\/strong> finns CK75 tillg&auml;nglig som <strong data-start=\"722\" data-end=\"739\">EX-DEMO-enheter<\/strong>. Dessa enheter har anv&auml;nts kortvarigt f&ouml;r demonstrationer, renoverats professionellt med nya plaster och digitizers, testats fullst&auml;ndigt och verifierats f&ouml;r prestanda. De levereras med 12 m&aring;naders garanti och erbjuder f&ouml;retag premium rugged teknik till en reducerad kostnad.  <\/p><h2 data-start=\"1030\" data-end=\"1067\">Viktiga funktioner i Honeywell CK75<\/h2><ul data-start=\"1069\" data-end=\"2250\">\n<li data-start=\"1069\" data-end=\"1186\">\n<p data-start=\"1071\" data-end=\"1186\"><strong data-start=\"1071\" data-end=\"1100\">Ultra-rugged konstruktion<\/strong> &ndash; IP67-certifierad, falltestad fr&aring;n 2,4 m (8 ft) och byggd f&ouml;r att klara 2 000 tumlingar.<\/p>\n<\/li>\n<li data-start=\"1187\" data-end=\"1304\">\n<p data-start=\"1189\" data-end=\"1304\"><strong data-start=\"1189\" data-end=\"1221\">Kompakt och l&auml;tt design<\/strong> &ndash; Cirka 31 % mindre och l&auml;ttare &auml;n j&auml;mf&ouml;rbara ultra rugged handdatorer.<\/p>\n<\/li>\n<li data-start=\"1305\" data-end=\"1423\">\n<p data-start=\"1307\" data-end=\"1423\"><strong data-start=\"1307\" data-end=\"1337\">Flexibla operativsystem<\/strong> &ndash; St&ouml;d f&ouml;r b&aring;de Windows Embedded Handheld 6.5 och Android 6.0 f&ouml;r smidig migrering.<\/p>\n<\/li>\n<li data-start=\"1424\" data-end=\"1537\">\n<p data-start=\"1426\" data-end=\"1537\"><strong data-start=\"1426\" data-end=\"1454\">2D-bildtagare med ut&ouml;kad r&auml;ckvidd<\/strong> &ndash; l&auml;ser streckkoder fr&aring;n kort till l&aring;ngt avst&aring;nd, vilket &ouml;kar noggrannheten och produktiviteten.<\/p>\n<\/li>\n<li data-start=\"1538\" data-end=\"1664\">\n<p data-start=\"1540\" data-end=\"1664\"><strong data-start=\"1540\" data-end=\"1574\">Version f&ouml;r kylf&ouml;rvaring finns tillg&auml;nglig<\/strong> &ndash; uppv&auml;rmd display och skannerf&ouml;nster som tillval f&ouml;r frys- och kylmilj&ouml;er.<\/p>\n<\/li>\n<li data-start=\"1665\" data-end=\"1771\">\n<p data-start=\"1667\" data-end=\"1771\"><strong data-start=\"1667\" data-end=\"1692\">Tr&aring;dl&ouml;s anslutning<\/strong> &ndash; Dual-band Wi-Fi (802.11 a\/b\/g\/n) och Bluetooth f&ouml;r tillf&ouml;rlitlig kommunikation.<\/p>\n<\/li>\n<li data-start=\"1772\" data-end=\"1882\">\n<p data-start=\"1774\" data-end=\"1882\"><strong data-start=\"1774\" data-end=\"1797\">Effektiv processor<\/strong> &ndash; drivs av en 1,5 GHz dubbelk&auml;rnig processor f&ouml;r snabb applikationsprestanda.<\/p>\n<\/li>\n<li data-start=\"1883\" data-end=\"1985\">\n<p data-start=\"1885\" data-end=\"1985\"><strong data-start=\"1885\" data-end=\"1910\">Batteri med h&ouml;g kapacitet<\/strong> &ndash; 5.200 mAh Li-ion-batteri med st&ouml;d f&ouml;r hot-swapping f&ouml;r l&auml;ngre drift.<\/p>\n<\/li>\n<li data-start=\"1986\" data-end=\"2131\">\n<p data-start=\"1988\" data-end=\"2131\"><strong data-start=\"1988\" data-end=\"2032\">Scanning och dataf&aring;ngst i f&ouml;retagsklass<\/strong> &ndash; EX25 Near\/Far-imager som tillval f&ouml;r maximal flexibilitet i lager- och logistikapplikationer.<\/p>\n<\/li>\n<li data-start=\"2132\" data-end=\"2250\">\n<p data-start=\"2134\" data-end=\"2250\"><strong data-start=\"2134\" data-end=\"2157\">Renoverad f&ouml;r att h&aring;lla<\/strong> &ndash; Alla EX-DEMO-enheter &auml;r uppdaterade och testade f&ouml;r att s&auml;kerst&auml;lla full funktionalitet och tillf&ouml;rlitlighet.<\/p>\n<\/li>\n<\/ul><h2 data-start=\"2252\" data-end=\"2289\">De viktigaste f&ouml;rdelarna med Honeywell CK75<\/h2><h3 data-start=\"2291\" data-end=\"2331\">Rugged prestanda till en l&auml;gre kostnad<\/h3><p data-start=\"2332\" data-end=\"2517\">EX-DEMO-enheter erbjuder samma h&aring;llbarhet och prestanda som nya modeller till ett betydligt l&auml;gre pris. Varje enhet &auml;r helt &aring;terst&auml;lld och kvalitetskontrollerad av tekniker f&ouml;re &aring;terf&ouml;rs&auml;ljning. <\/p><h3 data-start=\"2519\" data-end=\"2559\">M&aring;ngsidigt st&ouml;d f&ouml;r operativsystem<\/h3><p data-start=\"2560\" data-end=\"2719\">CK75 kan k&ouml;ra b&aring;de Windows och Android, vilket g&ouml;r den till ett utm&auml;rkt val f&ouml;r f&ouml;retag som &ouml;verg&aring;r till moderna plattformar utan att f&ouml;rlora &auml;ldre kompatibilitet.<\/p><h3 data-start=\"2721\" data-end=\"2755\">Tillf&ouml;rlitlig scanning med l&aring;ng r&auml;ckvidd<\/h3><p data-start=\"2756\" data-end=\"2927\">Den valfria bildtagaren med ut&ouml;kad r&auml;ckvidd m&ouml;jligg&ouml;r snabb och exakt streckkodsavl&auml;sning fr&aring;n n&auml;ra kontakt till stora hyllavst&aring;nd, vilket &ouml;kar effektiviteten i lagerverksamheten.<\/p><h3 data-start=\"2929\" data-end=\"2965\">Redo f&ouml;r extrema milj&ouml;er<\/h3><p data-start=\"2966\" data-end=\"3128\">Med en IP67-t&auml;tning och ett robust h&ouml;lje t&aring;l CK75 damm, fukt och fall. Cold Storage-utg&aring;van s&auml;kerst&auml;ller tillf&ouml;rlitlig funktion &auml;ven i fryszoner. <\/p><h3 data-start=\"3130\" data-end=\"3159\">Kontinuerlig anslutning<\/h3><p data-start=\"3160\" data-end=\"3313\">Dual-band Wi-Fi och Bluetooth h&aring;ller f&auml;lt- och lagerarbetare anslutna till f&ouml;retagssystem, vilket s&auml;kerst&auml;ller datautbyte i realtid och korrekta arbetsfl&ouml;den.<\/p><h3 data-start=\"3315\" data-end=\"3357\">Bepr&ouml;vad tillf&ouml;rlitlighet fr&aring;n Micro Nordic<\/h3><p data-start=\"3358\" data-end=\"3524\">Hos <strong data-start=\"3361\" data-end=\"3377\">Micro Nordic<\/strong> renoveras varje EX-DEMO Honeywell CK75 enligt strikta standarder och &auml;r redo f&ouml;r drifts&auml;ttning med en f&ouml;rnyad garanti och valfri servicef&ouml;rl&auml;ngning.<\/p><h2 data-start=\"374\" data-end=\"395\"><strong data-start=\"374\" data-end=\"393\">Idealiska anv&auml;ndningsfall<\/strong><\/h2><ul data-start=\"396\" data-end=\"923\">\n<li data-start=\"396\" data-end=\"491\">\n<p data-start=\"398\" data-end=\"491\"><strong data-start=\"398\" data-end=\"427\">Field Service &amp; Utilities<\/strong> &ndash; Tillf&ouml;rlitlig f&ouml;r inspektion, underh&aring;ll och kapitalf&ouml;rvaltning.<\/p>\n<\/li>\n<li data-start=\"492\" data-end=\"598\">\n<p data-start=\"494\" data-end=\"598\"><strong data-start=\"494\" data-end=\"532\">Public Safety &amp; Emergency Response<\/strong> &ndash; Uppdragsklar prestanda f&ouml;r polis, brandk&aring;r och r&auml;ddningsteam.<\/p>\n<\/li>\n<li data-start=\"599\" data-end=\"715\">\n<p data-start=\"601\" data-end=\"715\"><strong data-start=\"601\" data-end=\"642\">Tillverkning och industriell verksamhet<\/strong> &ndash; Rugged tillf&ouml;rlitlighet med modul&auml;r anpassning f&ouml;r processer p&aring; plats.<\/p>\n<\/li>\n<li data-start=\"716\" data-end=\"817\">\n<p data-start=\"718\" data-end=\"817\"><strong data-start=\"718\" data-end=\"740\">Milit&auml;r &amp; F&ouml;rsvar<\/strong> &ndash; Bepr&ouml;vad prestanda i taktiska och operativa milj&ouml;er med h&ouml;ga p&aring;frestningar.<\/p>\n<\/li>\n<li data-start=\"818\" data-end=\"923\">\n<p data-start=\"820\" data-end=\"923\"><strong data-start=\"820\" data-end=\"845\">Transport &amp; Logistik<\/strong> &ndash; Effektiviserad data&aring;tkomst och navigering i vagnparks- och lagerverksamheter<\/p>\n<\/li>\n<\/ul><h2 data-start=\"3750\" data-end=\"3772\">Produktj&auml;mf&ouml;relser<\/h2><p data-start=\"3774\" data-end=\"3968\"><strong data-start=\"3778\" data-end=\"3796\">Honeywell CK75<\/strong> ger ultrarugged prestanda f&ouml;r arbetsfl&ouml;den inom industri och logistik. F&ouml;r organisationer som &ouml;verv&auml;ger alternativ finns det relevanta alternativ tillg&auml;ngliga hos Micro Nordic, bland annat <\/p><ul data-start=\"3970\" data-end=\"4335\">\n<li data-start=\"3970\" data-end=\"4103\">\n<p data-start=\"3972\" data-end=\"4103\"><a href=\"https:\/\/micronordic.com\/product\/honeywell-ck65-mobile-handheld-computer-refurbished\/\"><strong data-start=\"3972\" data-end=\"4015\">Honeywell CK65 Handdator <\/strong><\/a><strong data-start=\"3972\" data-end=\"4015\"><a href=\"https:\/\/micronordic.com\/product\/honeywell-ck65-mobile-handheld-computer-refurbished\/\">Mobil dator<\/a><\/strong> &ndash; Den moderna efterf&ouml;ljaren till CK75 med Android 10, snabbare CPU och ut&ouml;kat st&ouml;d.<\/p>\n<\/li>\n<li data-start=\"4104\" data-end=\"4215\">\n<p data-start=\"4106\" data-end=\"4215\"><a href=\"https:\/\/micronordic.com\/product\/zebra-tc58-handheld-mobile-computer\/\"><strong data-start=\"4106\" data-end=\"4143\">Zebra TC58 Handheld Mobile Computer<\/strong><\/a> &ndash; En avancerad 5G-ready Android-handdator f&ouml;r dataintensiva arbetsfl&ouml;den.<\/p>\n<\/li>\n<li data-start=\"4216\" data-end=\"4335\">\n<p data-start=\"4218\" data-end=\"4335\"><a href=\"http:\/\/tc52\" target=\"_blank\"><strong data-start=\"4218\" data-end=\"4258\">Zebra TC52 Handheld Mobile Computer<\/strong><\/a> &ndash; En &auml;ldre renoverad enhet som &auml;r idealisk f&ouml;r kostnadsmedvetna rugged-implementeringar.<\/p>\n<\/li>\n<\/ul>\n","protected":false},"excerpt":{"rendered":"<p>V\u00c4LJ EN VARIANT NEDAN! Ring oss om du beh\u00f6ver hj\u00e4lp med att hitta r\u00e4tt produktvariant. <\/p>\n<h3>Specifikationer:<\/h3>\n<ul>\n<li><strong>Display:<\/strong> 3,5\u2033 QVGA (480\u00d7640) peksk\u00e4rm som kan l\u00e4sas i solljus<\/li>\n<li><strong>Processor:<\/strong> 1,5 GHz dubbelk\u00e4rnig TI OMAP 4470<\/li>\n<li><strong>Grafik:<\/strong> Integrerad grafikmotor<\/li>\n<li><strong>Minne:<\/strong> Ut\u00f6kningsbart via microSD<\/li>\n<li><strong>Lagring:<\/strong> Intern flash + microSD-kortplats<\/li>\n<li><strong>Anslutningsm\u00f6jligheter:<\/strong> Wi-Fi med dubbla band (802.11 a\/b\/g\/n), Bluetooth 4.x<\/li>\n<li><strong>Rugged-certifieringar:<\/strong> IP67, fallh\u00f6jd 2,4 m, 2.000 tumlingar<\/li>\n<li><strong>S\u00e4kerhet:<\/strong> S\u00e4kerhetsmoduler p\u00e5 OS-niv\u00e5 f\u00f6r Windows\/Android<\/li>\n<li><strong>Batteri:<\/strong> 5.200 mAh Li-ion-batteri som kan bytas ut under drift<\/li>\n<li><strong>M\u00e5tt och vikt:<\/strong> 237 \u00d7 80 \u00d7 50 mm, ca 584 g med batteri <\/li>\n<li><strong>Garanti:<\/strong> 12 m\u00e5naders EX-DEMO-garanti<\/li>\n<\/ul>\n<p><strong>V\u00e4nligen v\u00e4lj r\u00e4tt modell nedan innan du l\u00e4gger den i varukorgen<\/strong><\/p>\n","protected":false},"author":16,"featured_media":61668,"template":"","meta":{"_acf_changed":false,"inline_featured_image":false},"product-condition":[5286],"product_brand":[8965],"product_cat":[5220,5217,5223],"product_tag":[6583,4888],"class_list":{"0":"post-80319","1":"product","2":"type-product","3":"status-publish","4":"has-post-thumbnail","6":"product-condition-ex-demo","7":"product_brand-honeywell-intermec","8":"product_cat-honeywell-intermec","9":"product_cat-all-barcode-scanners","10":"product_cat-refurbished-rugged-hardware","11":"product_tag-ck75","12":"product_tag-wrd-sv","13":"pa_model-part-number-ck75aa6ec00a6400","14":"pa_model-part-number-ck75aa6ec00w1400","15":"pa_model-part-number-ck75aa6en00a6400","16":"pa_model-part-number-ck75aa6en00w1420","17":"pa_model-part-number-ck75ab6en00a6400","18":"pa_model-part-number-ck75ab6en00w1400","19":"pa_model-part-number-ck75ab6mn00a6400","20":"pa_model-part-number-ck75ab6mn00w1420","22":"first","23":"instock","24":"taxable","25":"shipping-taxable","26":"purchasable","27":"product-type-variable"},"acf":[],"_links":{"self":[{"href":"https:\/\/micronordic.com\/sv\/wp-json\/wp\/v2\/product\/80319","targetHints":{"allow":["GET"]}}],"collection":[{"href":"https:\/\/micronordic.com\/sv\/wp-json\/wp\/v2\/product"}],"about":[{"href":"https:\/\/micronordic.com\/sv\/wp-json\/wp\/v2\/types\/product"}],"author":[{"embeddable":true,"href":"https:\/\/micronordic.com\/sv\/wp-json\/wp\/v2\/users\/16"}],"version-history":[{"count":3,"href":"https:\/\/micronordic.com\/sv\/wp-json\/wp\/v2\/product\/80319\/revisions"}],"predecessor-version":[{"id":98283,"href":"https:\/\/micronordic.com\/sv\/wp-json\/wp\/v2\/product\/80319\/revisions\/98283"}],"wp:featuredmedia":[{"embeddable":true,"href":"https:\/\/micronordic.com\/sv\/wp-json\/wp\/v2\/media\/61668"}],"wp:attachment":[{"href":"https:\/\/micronordic.com\/sv\/wp-json\/wp\/v2\/media?parent=80319"}],"wp:term":[{"taxonomy":"product-condition","embeddable":true,"href":"https:\/\/micronordic.com\/sv\/wp-json\/wp\/v2\/product-condition?post=80319"},{"taxonomy":"product_brand","embeddable":true,"href":"https:\/\/micronordic.com\/sv\/wp-json\/wp\/v2\/product_brand?post=80319"},{"taxonomy":"product_cat","embeddable":true,"href":"https:\/\/micronordic.com\/sv\/wp-json\/wp\/v2\/product_cat?post=80319"},{"taxonomy":"product_tag","embeddable":true,"href":"https:\/\/micronordic.com\/sv\/wp-json\/wp\/v2\/product_tag?post=80319"}],"curies":[{"name":"wp","href":"https:\/\/api.w.org\/{rel}","templated":true}]}}