{"id":80297,"date":"2020-10-06T15:08:54","date_gmt":"2020-10-06T13:08:54","guid":{"rendered":"https:\/\/micronordic.com\/product\/dell-latitude-14-rugged-extreme-7424-ny\/"},"modified":"2025-11-20T18:00:22","modified_gmt":"2025-11-20T17:00:22","slug":"dell-latitude-14-rugged-extreme-7424-i7","status":"publish","type":"product","link":"https:\/\/micronordic.com\/sv\/product\/dell-latitude-14-rugged-extreme-7424-i7\/","title":{"rendered":"Dell Latitude 7424 Rugged Extreme (PRE-OWNED)"},"content":{"rendered":"<?xml encoding=\"utf-8\" ?><h2 data-start=\"0\" data-end=\"36\">Dell Latitude 7424 Rugged Extreme (Certified Pre-Owned)<\/h2><p data-start=\"38\" data-end=\"628\"><strong data-start=\"42\" data-end=\"79\">Dell Latitude 7424 Rugged Extreme<\/strong> &auml;r en helt rugged <strong data-start=\"98\" data-end=\"109\">Windows<\/strong> laptop som &auml;r konstruerad f&ouml;r team som arbetar d&auml;r vanliga b&auml;rbara datorer inte fungerar &ndash; p&aring; fabriksgolv, i fordon, p&aring; dep&aring;er och p&aring; platser utomhus. Den &auml;r byggd f&ouml;r att t&aring;la vibrationer, damm, fukt och frekventa transporter och kombinerar h&aring;llbar konstruktion med responsiv prestanda, starka I\/O och servicev&auml;nlighet. F&ouml;r organisationer som standardiserar p&aring; en p&aring;litlig f&auml;ltenhet ger <strong data-start=\"482\" data-end=\"519\">Dell Latitude 7424 Rugged Extreme<\/strong> den blandning av drifttid, ergonomi och hanterbarhet som kr&auml;vs f&ouml;r l&aring;nga arbetspass och uppdragskritiska uppgifter.<\/p><p data-start=\"38\" data-end=\"628\">Oavsett om du uppgraderar en &aring;ldrande flotta eller ut&ouml;kar kapaciteten f&ouml;r s&auml;songsbetonad verksamhet ger <strong data-start=\"722\" data-end=\"759\">Dell Latitude 7424 Rugged Extreme<\/strong> den v&auml;lbekanta anv&auml;ndbarheten hos en laptop med &ouml;verlevnadsf&ouml;rm&aring;gan hos ett specialbyggt f&auml;ltverktyg &ndash; redo f&ouml;r snabba lanseringar, enkelt underh&aring;ll och konsekvent anv&auml;ndarutbildning f&ouml;r alla roller. V&aring;ra <strong>Certified Pre-Owned-enheter levereras med 12 m&aring;naders garanti.<\/strong><\/p><h2 data-start=\"945\" data-end=\"1001\">Viktiga funktioner i Dell Latitude 7424 Rugged Extreme<\/h2><ul data-start=\"1002\" data-end=\"2767\">\n<li data-start=\"1002\" data-end=\"1213\">\n<p data-start=\"1004\" data-end=\"1213\"><strong data-start=\"1004\" data-end=\"1014\">Robust chassi<\/strong> &ndash; Fully Rugged design motst&aring;r dagliga st&ouml;tar, vibrationer, damm och fukt under transport, montering i fordon och arbete p&aring; plats, vilket skyddar interna komponenter genom kr&auml;vande arbetscykler.<\/p>\n<\/li>\n<li data-start=\"1214\" data-end=\"1426\">\n<p data-start=\"1216\" data-end=\"1426\"><strong>Displayalternativ<\/strong> som kan <strong data-start=\"1216\" data-end=\"1237\">l&auml;sas i solljus<\/strong> &ndash; paneler som kan anv&auml;ndas utomhus g&ouml;r att instrumentpaneler, formul&auml;r och scheman kan l&auml;sas i blandat ljus; touchkonfigurationer g&ouml;r det m&ouml;jligt att anv&auml;nda handskar p&aring; utvalda modeller f&ouml;r korrekt inmatning i f&auml;lt.<\/p>\n<\/li>\n<li data-start=\"1427\" data-end=\"1613\">\n<p data-start=\"1429\" data-end=\"1613\"><strong data-start=\"1429\" data-end=\"1443\">Responsiv prestanda<\/strong> &ndash; Flerk&auml;rniga processorer i aff&auml;rsklass och snabb NVMe-lagring g&ouml;r att diagnostik, fj&auml;rrsupport, CAD-visningsprogram och kontorsappar fungerar smidigt under alla skift.<\/p>\n<\/li>\n<li data-start=\"1614\" data-end=\"1789\">\n<p data-start=\"1616\" data-end=\"1789\"><strong data-start=\"1616\" data-end=\"1631\">Uppgraderingsbar design<\/strong> &ndash; Tillg&auml;ngliga fack f&ouml;r minne och lagring f&ouml;rl&auml;nger livscykelv&auml;rdet och g&ouml;r det m&ouml;jligt f&ouml;r IT-avdelningen att anpassa konfigurationer eller byta ut delar snabbt f&ouml;r att h&aring;lla enheterna i drift.<\/p>\n<\/li>\n<li data-start=\"1790\" data-end=\"1977\">\n<p data-start=\"1792\" data-end=\"1977\"><strong data-start=\"1792\" data-end=\"1802\">Moderna<\/strong> <strong>anslutningsm&ouml;jligheter<\/strong> &ndash; Tillf&ouml;rlitlig Wi-Fi och Bluetooth f&ouml;r uppgifter p&aring; plats, med mobilt bredband och GNSS som tillval f&ouml;r att uppr&auml;tth&aring;lla datafl&ouml;det och platsnoggrannheten &auml;ven utanf&ouml;r fasta n&auml;tverk.<\/p>\n<\/li>\n<li data-start=\"1978\" data-end=\"2178\">\n<p data-start=\"1980\" data-end=\"2178\"><strong>I\/O och dockning<\/strong> med <strong data-start=\"1980\" data-end=\"1994\">h&ouml;g hastighet<\/strong> &ndash; Ett rugged portutbud och robusta dockningsstationer f&ouml;r skrivbord och fordon effektiviserar laddning, anv&auml;ndning av kringutrustning (skrivare, skannrar, instrument) och snabba byten mellan f&auml;lt och kontor.<\/p>\n<\/li>\n<li data-start=\"2179\" data-end=\"2378\">\n<p data-start=\"2181\" data-end=\"2378\"><strong>F&ouml;retagss&auml;kerhet och hanterbarhet<\/strong> &ndash; H&aring;rdvarust&ouml;dda skydd och flera autentiseringsalternativ anpassar sig till f&ouml;retagets policyer; konsekvent bildhantering g&ouml;r att distributionerna blir enhetliga i olika team.<\/p>\n<\/li>\n<li data-start=\"2379\" data-end=\"2578\">\n<p data-start=\"2381\" data-end=\"2578\"><strong data-start=\"2381\" data-end=\"2396\">Servicev&auml;nlig<\/strong> <strong>layout<\/strong> &ndash; Verktygstillg&auml;ngliga komponenter och modul&auml;ra batterier bidrar till att minska stillest&aring;ndstiden; delar som kan bytas ut p&aring; plats ger en f&ouml;ruts&auml;gbar total &auml;gandekostnad j&auml;mf&ouml;rt med slutna konsumentprodukter.<\/p>\n<\/li>\n<li data-start=\"2579\" data-end=\"2767\">\n<p data-start=\"2581\" data-end=\"2767\"><strong>Ekosystem<\/strong> av <strong data-start=\"2581\" data-end=\"2594\">tillbeh&ouml;r<\/strong> &ndash; B&auml;rbara l&ouml;sningar, reservbatterier, laddare och datainsamlingstill&auml;gg skr&auml;ddarsyr laptopen f&ouml;r varje roll &ndash; fr&aring;n tekniker och inspekt&ouml;rer till arbetsledare och centraler.<\/p>\n<\/li>\n<\/ul><h2 data-start=\"2769\" data-end=\"2825\">Viktiga f&ouml;rdelar med Dell Latitude 7424 Rugged Extreme<\/h2><h3 data-start=\"2827\" data-end=\"2866\">Byggd f&ouml;r de tuffaste milj&ouml;erna<\/h3><p data-start=\"2867\" data-end=\"3064\">En Fully Rugged-konstruktion motst&aring;r vibrationer, damm, fukt och fall som &auml;r vanliga vid montering i fordon och frekventa f&ouml;rflyttningar mellan olika platser, vilket hj&auml;lper personalen att h&aring;lla sig produktiv med f&auml;rre enhetsrelaterade avbrott.<\/p><h3 data-start=\"3066\" data-end=\"3106\">Ergonomi f&ouml;r laptop, flexibilitet i f&auml;lt<\/h3><p data-start=\"3107\" data-end=\"3307\">En ljus <strong data-start=\"3116\" data-end=\"3127\">Windows-arbetsyta<\/strong>, ett taktilt tangentbord och exakt inmatning minskar antalet fel n&auml;r du granskar ritningar och matar in data i tr&aring;nga utrymmen eller varierande belysning &ndash; p&aring; b&auml;nken, i hytten eller p&aring; arbetsplatsen.<\/p><h3 data-start=\"3309\" data-end=\"3343\">Kraft som varar hela dagen<\/h3><p data-start=\"3344\" data-end=\"3532\">Flexibla batterialternativ &ndash; inklusive utbytbara batterier i utvalda konfigurationer &ndash; hj&auml;lper till att uppr&auml;tth&aring;lla applikationssessioner under skiftbyten och l&auml;ngre samtal, vilket minimerar omstarter och f&ouml;rlorat arbete.<\/p><h3 data-start=\"3534\" data-end=\"3573\">S&ouml;ml&ouml;s konnektivitet och datafl&ouml;de<\/h3><p data-start=\"3574\" data-end=\"3790\">Starka tr&aring;dl&ouml;sa alternativ och dockning f&ouml;r fordon\/bord g&ouml;r att biljetter, loggar, foton och bevis synkroniseras i bakgrunden. Arbetsledarna ser uppdateringar i r&auml;tt tid medan teamen r&ouml;r sig mellan kontoret, fordon och avl&auml;gsna platser.<\/p><h3 data-start=\"3792\" data-end=\"3812\">Redo f&ouml;r fordonsflottor<\/h3><p data-start=\"3813\" data-end=\"4026\">Konsekvent bildbehandling, s&auml;ker autentisering och snabb service&aring;tkomst s&auml;nker den totala &auml;gandekostnaden. IT kan standardisera utrullningar, byta delar snabbt och h&aring;lla verksamhetskritiska enheter i rotation med minimala avbrott.<\/p><h2 data-start=\"4028\" data-end=\"4046\">Idealiska anv&auml;ndningsfall<\/h2><ul data-start=\"4047\" data-end=\"4726\">\n<li data-start=\"4047\" data-end=\"4189\">\n<p data-start=\"4049\" data-end=\"4189\"><strong data-start=\"4049\" data-end=\"4079\">Public Safety &amp; Government<\/strong> &ndash; Rapportskrivning, CAD\/AVL-&aring;tkomst, bevishantering och s&auml;ker kommunikation i fordon och p&aring; stationer.<\/p>\n<\/li>\n<li data-start=\"4190\" data-end=\"4333\">\n<p data-start=\"4192\" data-end=\"4333\"><strong data-start=\"4192\" data-end=\"4221\">Field Service &amp; Utilities<\/strong> &ndash; Diagnostik av tillg&aring;ngar, konfiguration och uppdatering av arbetsorder i sk&aring;p, stolpar, transformatorstationer och p&aring; avl&auml;gsna platser.<\/p>\n<\/li>\n<li data-start=\"4334\" data-end=\"4454\">\n<p data-start=\"4336\" data-end=\"4454\"><strong data-start=\"4336\" data-end=\"4366\">Tillverkning &amp; Industri<\/strong> &ndash; HMI-&aring;tkomst, WIP-sp&aring;rning, underh&aring;llsprocedurer och kvalitetskontroller n&auml;ra linjen.<\/p>\n<\/li>\n<li data-start=\"4455\" data-end=\"4586\">\n<p data-start=\"4457\" data-end=\"4586\"><strong data-start=\"4457\" data-end=\"4487\">Transport &amp; Logistik<\/strong> &ndash; Koordinering av varv, ruttplanering, lageravst&auml;mning och hantering av etiketter och dokument i farten.<\/p>\n<\/li>\n<li data-start=\"4587\" data-end=\"4726\">\n<p data-start=\"4589\" data-end=\"4726\"><strong data-start=\"4589\" data-end=\"4614\">Energi och byggnation<\/strong> &ndash; Plangranskning, besiktningsdata, punchlistor och dokumentation p&aring; plats d&auml;r damm, vibrationer och v&auml;der &auml;r vanliga.<\/p>\n<\/li>\n<\/ul><h2 data-start=\"4728\" data-end=\"4792\">Produktj&auml;mf&ouml;relser f&ouml;r Dell Latitude 7424 Rugged Extreme<\/h2><ul data-start=\"4793\" data-end=\"5386\">\n<li data-start=\"4793\" data-end=\"5006\">\n<p data-start=\"4795\" data-end=\"5006\"><a href=\"https:\/\/micronordic.com\/product\/getac-b360-g2-fully-rugged-laptop\/\"><strong data-start=\"4795\" data-end=\"4809\">Getac B360<\/strong><\/a> &ndash; V&auml;lj <strong data-start=\"4819\" data-end=\"4827\">B360<\/strong> n&auml;r maximal rugged &ouml;verlevnad och ett traditionellt clamshell kr&auml;vs; v&auml;lj Dell <strong data-start=\"4911\" data-end=\"4948\">Latitude 7424 Rugged Extreme<\/strong> f&ouml;r anpassning till Dells ekosystem och stark servicef&ouml;rm&aring;ga.<\/p>\n<\/li>\n<li data-start=\"5007\" data-end=\"5211\">\n<p data-start=\"5009\" data-end=\"5211\"><a href=\"https:\/\/micronordic.com\/product\/panasonic-toughbook-fz-55\/\"><strong data-start=\"5009\" data-end=\"5035\">Panasonic Toughbook 55<\/strong><\/a> &ndash; V&auml;lj <strong data-start=\"5043\" data-end=\"5059\">Toughbook 55<\/strong> om expansion av modul&auml;ra fack &auml;r en prioritet; v&auml;lj <strong data-start=\"5105\" data-end=\"5142\">Dell Latitude 7424 Rugged Extreme<\/strong> f&ouml;r en bekant Dell-hanteringsstack och enkla uppgraderingar.<\/p>\n<\/li>\n<li data-start=\"5212\" data-end=\"5386\">\n<p data-start=\"5214\" data-end=\"5386\"><a href=\"https:\/\/micronordic.com\/product\/getac-s410-g5-semi-rugged-notebook\/\"><strong data-start=\"5214\" data-end=\"5231\">Getac S410 G5<\/strong><\/a> &ndash; V&auml;lj <strong data-start=\"5241\" data-end=\"5252\">S410 G5<\/strong> f&ouml;r ett semi rugged, l&auml;ttare b&auml;rbart alternativ; v&auml;lj <strong data-start=\"5301\" data-end=\"5338\">Dell Latitude 7424 Rugged Extreme<\/strong> n&auml;r fully <strong data-start=\"5301\" data-end=\"5338\">Rugged-h&aring;llbarhet<\/strong> inte &auml;r f&ouml;rhandlingsbart.<\/p>\n<\/li>\n<\/ul>\n","protected":false},"excerpt":{"rendered":"<h3>Specifikationer:<\/h3>\n<ul>\n<li><strong>Sk\u00e4rm:<\/strong> 14\u2033-klass, utomhusanv\u00e4ndbar; pekalternativ (handskanpassad p\u00e5 utvalda konfigurationer)<\/li>\n<li><strong>Processor:<\/strong> Business-class Intel\u00ae Core\u2122-plattform (modellberoende)<\/li>\n<li><strong>Grafik:<\/strong> Integrerad; diskreta alternativ p\u00e5 utvalda konfigurationer<\/li>\n<li><strong>Minne:<\/strong> 8 GB DDR4; uppgraderingsbart till 64 GB<\/li>\n<li><strong>Lagring:<\/strong> 256 NVMe SSD; uppgraderingsbar till 2 TB<\/li>\n<li><strong>Anslutningsm\u00f6jligheter:<\/strong> Wi-Fi, Bluetooth; WWAN och GNSS som tillval; dockningsstation f\u00f6r skrivbord\/fordon; omfattande I\/O (USB, HDMI\/DisplayPort, Ethernet)<\/li>\n<li><strong>Rugged-certifieringar:<\/strong> Fully Rugged design med MIL-STD-testning och intr\u00e4ngningsskydd (modellberoende)<\/li>\n<li><strong>S\u00e4kerhet:<\/strong> H\u00e5rdvarubaserat skydd med autentiseringsalternativ f\u00f6r f\u00f6retag<\/li>\n<li><strong>Batteri:<\/strong> Batterier med l\u00e5ng livsl\u00e4ngd; utbytbara p\u00e5 utvalda konfigurationer<\/li>\n<li><strong>M\u00e5tt och vikt:<\/strong> Rugged 14\u2033 laptop-klass (varierar beroende p\u00e5 konfiguration)<\/li>\n<li><strong>Garanti:<\/strong> 12 m\u00e5naders garanti fr\u00e5n Micro Nordic<\/li>\n<\/ul>\n","protected":false},"author":16,"featured_media":99728,"template":"","meta":{"_acf_changed":false,"inline_featured_image":false},"product-condition":[5285],"product_brand":[8938],"product_cat":[5218,5215],"product_tag":[],"class_list":{"0":"post-80297","1":"product","2":"type-product","3":"status-publish","4":"has-post-thumbnail","6":"product-condition-pre-owned","7":"product_brand-dell","8":"product_cat-dell-rugged","9":"product_cat-all-rugged-laptops","11":"first","12":"instock","13":"taxable","14":"shipping-taxable","15":"purchasable","16":"product-type-simple"},"acf":[],"_links":{"self":[{"href":"https:\/\/micronordic.com\/sv\/wp-json\/wp\/v2\/product\/80297","targetHints":{"allow":["GET"]}}],"collection":[{"href":"https:\/\/micronordic.com\/sv\/wp-json\/wp\/v2\/product"}],"about":[{"href":"https:\/\/micronordic.com\/sv\/wp-json\/wp\/v2\/types\/product"}],"author":[{"embeddable":true,"href":"https:\/\/micronordic.com\/sv\/wp-json\/wp\/v2\/users\/16"}],"version-history":[{"count":5,"href":"https:\/\/micronordic.com\/sv\/wp-json\/wp\/v2\/product\/80297\/revisions"}],"predecessor-version":[{"id":98760,"href":"https:\/\/micronordic.com\/sv\/wp-json\/wp\/v2\/product\/80297\/revisions\/98760"}],"wp:featuredmedia":[{"embeddable":true,"href":"https:\/\/micronordic.com\/sv\/wp-json\/wp\/v2\/media\/99728"}],"wp:attachment":[{"href":"https:\/\/micronordic.com\/sv\/wp-json\/wp\/v2\/media?parent=80297"}],"wp:term":[{"taxonomy":"product-condition","embeddable":true,"href":"https:\/\/micronordic.com\/sv\/wp-json\/wp\/v2\/product-condition?post=80297"},{"taxonomy":"product_brand","embeddable":true,"href":"https:\/\/micronordic.com\/sv\/wp-json\/wp\/v2\/product_brand?post=80297"},{"taxonomy":"product_cat","embeddable":true,"href":"https:\/\/micronordic.com\/sv\/wp-json\/wp\/v2\/product_cat?post=80297"},{"taxonomy":"product_tag","embeddable":true,"href":"https:\/\/micronordic.com\/sv\/wp-json\/wp\/v2\/product_tag?post=80297"}],"curies":[{"name":"wp","href":"https:\/\/api.w.org\/{rel}","templated":true}]}}