{"id":80289,"date":"2020-10-06T15:08:51","date_gmt":"2020-10-06T13:08:51","guid":{"rendered":"https:\/\/micronordic.com\/product\/honeywell-granit-1980i-kabel-ex-stativ-ny\/"},"modified":"2025-11-18T18:27:02","modified_gmt":"2025-11-18T17:27:02","slug":"honeywell-granit-1980i-cable-ex-stand","status":"publish","type":"product","link":"https:\/\/micronordic.com\/sv\/product\/honeywell-granit-1980i-cable-ex-stand\/","title":{"rendered":"Honeywell Granit &#8211; 1980i &#8211; Kabel &#8211; Ex. Stativ (NY)"},"content":{"rendered":"<?xml encoding=\"utf-8\" ?><h2 data-start=\"0\" data-end=\"54\">Honeywell Granit 1980i &ndash; Kabel &ndash; Ex. Stativ <\/h2><p data-start=\"56\" data-end=\"592\"><strong data-start=\"60\" data-end=\"95\">Honeywell Intermec Granit 1980i<\/strong> (kabel &ndash; ex. stativ) &auml;r en helt industriell streckkodsl&auml;sare med l&aring;ng r&auml;ckvidd som &auml;r byggd f&ouml;r tuffa milj&ouml;er i lager, varv och tillverkningsanl&auml;ggningar. Som en sladdansluten enhet ger den kontinuerlig str&ouml;mf&ouml;rs&ouml;rjning och j&auml;mn genomstr&ouml;mning vid fasta stationer, medan dess bildmotor med l&aring;ng r&auml;ckvidd f&aring;ngar avl&auml;gsna racketiketter och streckkoder p&aring; n&auml;ra h&aring;ll utan l&auml;gesv&auml;xling. Den h&auml;r konfigurationen har inget <strong data-start=\"476\" data-end=\"496\">stativ<\/strong>, vilket g&ouml;r den till ett enkelt plug-and-scan-val f&ouml;r b&auml;nkar, transport&ouml;rer och inspektionsceller.  <\/p><p data-start=\"594\" data-end=\"863\">F&ouml;r organisationer som standardiserar p&aring; h&aring;llbar skanning med h&ouml;g r&auml;ckvidd kombinerar <strong data-start=\"663\" data-end=\"698\">Honeywell Granit 1980i<\/strong> rugged konstruktion, ut&ouml;kad r&auml;ckvidd och flottv&auml;nlig drifts&auml;ttning &ndash; vilket minskar antalet omskanningar, minskar operat&ouml;rens tr&ouml;tthet och h&aring;ller linjerna i r&ouml;relse under h&ouml;g efterfr&aring;gan.<\/p><p data-start=\"594\" data-end=\"863\"><strong>Nya produkter har 2 &aring;rs tillverkargaranti.<\/strong><\/p><h2 data-start=\"865\" data-end=\"939\">Viktiga egenskaper hos Honeywell Granit 1980i &ndash; Kabel &ndash; Ex. Stativ <\/h2><ul data-start=\"940\" data-end=\"2262\">\n<li data-start=\"940\" data-end=\"1110\">\n<p data-start=\"942\" data-end=\"1110\"><strong data-start=\"942\" data-end=\"952\">Sladdansluten<\/strong> <strong>drift<\/strong> &ndash; str&ouml;m\/data via direktkabel f&ouml;r oavbrutna skift och j&auml;mn prestanda vid fasta stationer &ndash; inga batterier att hantera eller laddningscykler att h&aring;lla reda p&aring;.<\/p>\n<\/li>\n<li data-start=\"1111\" data-end=\"1285\">\n<p data-start=\"1113\" data-end=\"1285\"><strong>Avbildning av<\/strong> <strong>omr&aring;den<\/strong> med <strong data-start=\"1113\" data-end=\"1127\">l&aring;ng r&auml;ckvidd<\/strong> &ndash; l&auml;ser 1D\/2D-streckkoder fr&aring;n mycket n&auml;ra till avl&auml;gsna st&auml;llplatser, vilket st&ouml;der arbetsfl&ouml;den f&ouml;r pallar\/st&auml;ll utan att beh&ouml;va kliva av utrustningen eller omplaceras.<\/p>\n<\/li>\n<li data-start=\"1286\" data-end=\"1442\">\n<p data-start=\"1288\" data-end=\"1442\"><strong data-start=\"1288\" data-end=\"1298\">Rugged<\/strong> <strong>konstruktion<\/strong> &ndash; Industriellt h&ouml;lje som t&aring;l damm, fukt, vibrationer och upprepade st&ouml;tar f&ouml;r att &ouml;verleva verkliga lager- och anl&auml;ggningsmissbruk.<\/p>\n<\/li>\n<li data-start=\"1443\" data-end=\"1579\">\n<p data-start=\"1445\" data-end=\"1579\"><strong>Avkodning<\/strong> med <strong data-start=\"1445\" data-end=\"1463\">h&ouml;g tolerans<\/strong> &ndash; f&aring;ngar upp slitna, l&aring;gkontrasterade, krympf&ouml;rpackade och b&ouml;jda etiketter f&ouml;r att minimera antalet omskanningar och l&aring;ngsammare linjer.<\/p>\n<\/li>\n<li data-start=\"1580\" data-end=\"1727\">\n<p data-start=\"1582\" data-end=\"1727\"><strong>Ergonomi<\/strong> <strong data-start=\"1582\" data-end=\"1602\">med fokus p&aring; operat&ouml;ren<\/strong> &ndash; balanserat grepp, responsiv avtryckare och tydlig siktning\/feedback minskar tr&ouml;ttheten vid scanning av stora volymer.<\/p>\n<\/li>\n<li data-start=\"1728\" data-end=\"1878\">\n<p data-start=\"1730\" data-end=\"1878\"><strong>Effektivt<\/strong> <strong data-start=\"1730\" data-end=\"1742\">arbetsfl&ouml;de<\/strong> &ndash; omedelbar beredskap med sladdl&ouml;s enkelhet passar packb&auml;nkar, mottagningsbanor och QC-punkter d&auml;r drifttiden &auml;r avg&ouml;rande.<\/p>\n<\/li>\n<li data-start=\"1879\" data-end=\"2007\">\n<p data-start=\"1881\" data-end=\"2007\"><strong data-start=\"1881\" data-end=\"1893\">Flexibel<\/strong> <strong>integration<\/strong> &ndash; fungerar med vanliga POS\/WMS\/ERP-system; standardiserade profiler g&ouml;r att lanseringar p&aring; flera platser blir enhetliga.<\/p>\n<\/li>\n<li data-start=\"2008\" data-end=\"2137\">\n<p data-start=\"2010\" data-end=\"2137\"><strong data-start=\"2010\" data-end=\"2025\">Servicev&auml;nlig<\/strong> <strong>design<\/strong> &ndash; Robust kabeldragning och utbytbara slitdelar f&ouml;rl&auml;nger livscykeln och bidrar till att kontrollera den totala &auml;gandekostnaden.<\/p>\n<\/li>\n<li data-start=\"2138\" data-end=\"2262\">\n<p data-start=\"2140\" data-end=\"2262\"><strong data-start=\"2140\" data-end=\"2158\">H&ouml;rbar\/visuell<\/strong> <strong>bekr&auml;ftelse<\/strong> &ndash; Positiva ljudsignaler och statuslysdioder bekr&auml;ftar bra avl&auml;sning i bullriga eller ljusa milj&ouml;er.<\/p>\n<\/li>\n<\/ul><h2 data-start=\"2264\" data-end=\"2318\">De viktigaste f&ouml;rdelarna med Honeywell Granit 1980i<\/h2><h3 data-start=\"2320\" data-end=\"2363\">Byggd f&ouml;r tuffa industriella milj&ouml;er<\/h3><p data-start=\"2364\" data-end=\"2527\">Ett f&ouml;rst&auml;rkt h&ouml;lje och en slagt&aring;lig design klarar damm, fukt, vibrationer och fall &ndash; vilket g&ouml;r att personalen kan arbeta produktivt i lager, p&aring; varv och i produktionsomr&aring;den.<\/p><h3 data-start=\"2529\" data-end=\"2560\">St&ouml;rre r&auml;ckvidd, f&auml;rre steg<\/h3><p data-start=\"2561\" data-end=\"2724\">Den l&aring;ngr&auml;ckviddiga bildtagaren l&auml;ser av etiketter p&aring; n&auml;ra h&aring;ll p&aring; h&ouml;ga hyllor, vilket minskar antalet f&ouml;rflyttningar, ompositioneringar av plockare och demonteringar av utrustning &ndash; vilket g&ouml;r arbetet snabbare och f&ouml;rb&auml;ttrar s&auml;kerheten.<\/p><h3 data-start=\"2726\" data-end=\"2769\">Konsekvent genomstr&ouml;mning vid fasta stationer<\/h3><p data-start=\"2770\" data-end=\"2938\">Sladdansluten str&ouml;m och data ger f&ouml;ruts&auml;gbar prestanda skift efter skift. Team undviker batteribyten, parningssteg och tr&aring;dl&ouml;sa avbrott, vilket g&ouml;r att processerna kan h&aring;llas enligt schema. <\/p><h3 data-start=\"2940\" data-end=\"2968\">L&auml;gre &auml;garkostnader<\/h3><p data-start=\"2969\" data-end=\"3127\">T&aring;liga kablar, servicev&auml;nliga komponenter och ett stabilt ekosystem av tillbeh&ouml;r f&ouml;rl&auml;nger livscykelv&auml;rdet, f&ouml;renklar reservdelsplaneringen och minskar underh&aring;llsavbrotten.<\/p><h3 data-start=\"3129\" data-end=\"3162\">Snabbare tr&auml;ning, mindre tr&ouml;tthet<\/h3><p data-start=\"3163\" data-end=\"3303\">Tydligt sikte, &aring;terkopplingssignaler och v&auml;lbekant ergonomi f&ouml;rkortar uppstartstiden f&ouml;r s&auml;songsanst&auml;lld personal och minskar belastningen p&aring; operat&ouml;ren vid h&ouml;ga volymer.<\/p><h2 data-start=\"3305\" data-end=\"3323\">Idealiska anv&auml;ndningsfall<\/h2><ul data-start=\"3324\" data-end=\"3933\">\n<li data-start=\"3324\" data-end=\"3463\">\n<p data-start=\"3326\" data-end=\"3463\"><strong data-start=\"3326\" data-end=\"3354\">Lager &amp; Distribution<\/strong> &ndash; Skanning av hyllkantsetiketter med l&aring;ng r&auml;ckvidd f&ouml;r inlagring, plockning och cykelr&auml;kning; snabb bearbetning vid packb&auml;nkar.<\/p>\n<\/li>\n<li data-start=\"3464\" data-end=\"3592\">\n<p data-start=\"3466\" data-end=\"3592\"><strong data-start=\"3466\" data-end=\"3496\">Tillverkning och industri<\/strong> &ndash; WIP-f&aring;ngst vid linjen, verifiering av delar och QA-kontrollpunkter i dammiga och bullriga milj&ouml;er.<\/p>\n<\/li>\n<li data-start=\"3593\" data-end=\"3711\">\n<p data-start=\"3595\" data-end=\"3711\"><strong data-start=\"3595\" data-end=\"3620\">Transport &amp; Logistik<\/strong> &ndash; Cross-dock-banor, paketsortering, inkommande\/utg&aring;ende verifiering under tidspress.<\/p>\n<\/li>\n<li data-start=\"3712\" data-end=\"3829\">\n<p data-start=\"3714\" data-end=\"3829\"><strong data-start=\"3714\" data-end=\"3738\">Retail Back-of-House<\/strong> &ndash; Mottagning och lagerstyrning i lagerlokaler d&auml;r h&aring;llbarhet betyder mer &auml;n mobilitet.<\/p>\n<\/li>\n<li data-start=\"3830\" data-end=\"3933\">\n<p data-start=\"3832\" data-end=\"3933\"><strong data-start=\"3832\" data-end=\"3856\">F&auml;ltservicedep&aring;er<\/strong> &ndash; mottagning, reparationssp&aring;rning och m&auml;rkning av tillg&aring;ngar vid disk- och b&auml;nkstationer.<\/p>\n<\/li>\n<\/ul><h2 data-start=\"3935\" data-end=\"3997\">Produktj&auml;mf&ouml;relser f&ouml;r Honeywell Granit 1980i<\/h2><ul data-start=\"3998\" data-end=\"4479\">\n<li data-start=\"3998\" data-end=\"4163\">\n<p data-start=\"4000\" data-end=\"4163\"><a href=\"https:\/\/micronordic.com\/product\/honeywell-granit-1981i-bt-w-cradle\/\"><strong data-start=\"4000\" data-end=\"4035\">Honeywell Granit 1981i<\/strong> <\/a>&ndash; V&auml;lj <strong data-start=\"4045\" data-end=\"4054\">1981i<\/strong> f&ouml;r sladdl&ouml;s mobilitet med l&aring;ng r&auml;ckvidd; v&auml;lj <strong data-start=\"4096\" data-end=\"4105\">1980i<\/strong> n&auml;r sladdansluten tillf&ouml;rlitlighet vid fasta stationer f&ouml;redras.<\/p>\n<\/li>\n<li data-start=\"4164\" data-end=\"4327\">\n<p data-start=\"4166\" data-end=\"4327\"><a href=\"https:\/\/micronordic.com\/product\/honeywell-granit-1910i-cable-ex-stand\/\"><strong data-start=\"4166\" data-end=\"4201\">Honeywell Granit 1910i Intermec<\/strong> <\/a>&ndash; V&auml;lj <strong data-start=\"4209\" data-end=\"4218\">1910i<\/strong> f&ouml;r scanning med sladd med balanserad r&auml;ckvidd i tr&auml;ngre arbetsomr&aring;den; v&auml;lj <strong data-start=\"4282\" data-end=\"4291\">1980i<\/strong> f&ouml;r ut&ouml;kad r&auml;ckvidd till h&ouml;ga hyllor.<\/p>\n<\/li>\n<\/ul>\n","protected":false},"excerpt":{"rendered":"<h3>Specifikationer:<\/h3>\n<ul>\n<li><strong>Anslutningsm\u00f6jligheter:<\/strong> Sladdansluten (data + str\u00f6m via kabel); integreras med vanliga POS\/WMS\/ERP-system<\/li>\n<li><strong>Rugged certifieringar:<\/strong> Industriellt h\u00f6lje utformat f\u00f6r att t\u00e5la st\u00f6tar, damm, fukt och vibrationer<\/li>\n<li><strong>S\u00e4kerhet:<\/strong> Standard v\u00e4rdansluten (kabelansluten); ingen tr\u00e5dl\u00f6s parkoppling kr\u00e4vs<\/li>\n<li><strong>Batteri:<\/strong> Ej till\u00e4mpligt (sladdansluten str\u00f6mf\u00f6rs\u00f6rjning)<\/li>\n<li><strong>M\u00e5tt och vikt:<\/strong> Handh\u00e5llen industriell formfaktor (varierar beroende p\u00e5 konfiguration)<\/li>\n<li><strong>Garanti: <\/strong>Nya produkter har 2 \u00e5rs tillverkargaranti<\/li>\n<\/ul>\n","protected":false},"author":16,"featured_media":96530,"template":"","meta":{"_acf_changed":false,"inline_featured_image":false},"product-condition":[5257],"product_brand":[8965],"product_cat":[5220,5217,5221],"product_tag":[4888],"class_list":{"0":"post-80289","1":"product","2":"type-product","3":"status-publish","4":"has-post-thumbnail","6":"product-condition-new-in-box","7":"product_brand-honeywell-intermec","8":"product_cat-honeywell-intermec","9":"product_cat-all-barcode-scanners","10":"product_cat-new-in-box-rugged-hardware","11":"product_tag-wrd-sv","13":"first","14":"instock","15":"taxable","16":"shipping-taxable","17":"purchasable","18":"product-type-simple"},"acf":[],"_links":{"self":[{"href":"https:\/\/micronordic.com\/sv\/wp-json\/wp\/v2\/product\/80289","targetHints":{"allow":["GET"]}}],"collection":[{"href":"https:\/\/micronordic.com\/sv\/wp-json\/wp\/v2\/product"}],"about":[{"href":"https:\/\/micronordic.com\/sv\/wp-json\/wp\/v2\/types\/product"}],"author":[{"embeddable":true,"href":"https:\/\/micronordic.com\/sv\/wp-json\/wp\/v2\/users\/16"}],"version-history":[{"count":2,"href":"https:\/\/micronordic.com\/sv\/wp-json\/wp\/v2\/product\/80289\/revisions"}],"predecessor-version":[{"id":98471,"href":"https:\/\/micronordic.com\/sv\/wp-json\/wp\/v2\/product\/80289\/revisions\/98471"}],"wp:featuredmedia":[{"embeddable":true,"href":"https:\/\/micronordic.com\/sv\/wp-json\/wp\/v2\/media\/96530"}],"wp:attachment":[{"href":"https:\/\/micronordic.com\/sv\/wp-json\/wp\/v2\/media?parent=80289"}],"wp:term":[{"taxonomy":"product-condition","embeddable":true,"href":"https:\/\/micronordic.com\/sv\/wp-json\/wp\/v2\/product-condition?post=80289"},{"taxonomy":"product_brand","embeddable":true,"href":"https:\/\/micronordic.com\/sv\/wp-json\/wp\/v2\/product_brand?post=80289"},{"taxonomy":"product_cat","embeddable":true,"href":"https:\/\/micronordic.com\/sv\/wp-json\/wp\/v2\/product_cat?post=80289"},{"taxonomy":"product_tag","embeddable":true,"href":"https:\/\/micronordic.com\/sv\/wp-json\/wp\/v2\/product_tag?post=80289"}],"curies":[{"name":"wp","href":"https:\/\/api.w.org\/{rel}","templated":true}]}}