{"id":80287,"date":"2020-10-06T15:08:51","date_gmt":"2020-10-06T13:08:51","guid":{"rendered":"https:\/\/micronordic.com\/product\/honeywell-granit-1910i-kabel-ex-stativ-ny\/"},"modified":"2025-11-18T18:14:01","modified_gmt":"2025-11-18T17:14:01","slug":"honeywell-granit-1910i-cable-ex-stand","status":"publish","type":"product","link":"https:\/\/micronordic.com\/sv\/product\/honeywell-granit-1910i-cable-ex-stand\/","title":{"rendered":"Honeywell Granit &#8211; 1910i &#8211; Kabel &#8211; Ex. Stativ (NY)"},"content":{"rendered":"<?xml encoding=\"utf-8\" ?><h2 data-start=\"0\" data-end=\"54\">Honeywell Granit 1910i &ndash; Kabel &ndash; Ex. Stativ <\/h2><p data-start=\"56\" data-end=\"693\"><strong data-start=\"60\" data-end=\"95\">Honeywell Intermec Granit 1910i<\/strong> (kabel &ndash; utan stativ) &auml;r en sladdansluten streckkodsl&auml;sare av industriell kvalitet som &auml;r byggd f&ouml;r snabb och tillf&ouml;rlitlig avl&auml;sning i kr&auml;vande milj&ouml;er &ndash; lager, tillverkning, varv och servicehallar. Som en del av Honeywell Granit-familjen kombinerar den ett t&aring;ligt h&ouml;lje med en bildmotor som l&auml;ser streckkoder av d&aring;lig kvalitet, l&aring;g kontrast och krympf&ouml;rpackade streckkoder som &auml;r vanliga i verklig logistik. Den h&auml;r konfigurationen &auml;r <strong data-start=\"502\" data-end=\"512\">sladdansluten<\/strong> f&ouml;r kontinuerlig str&ouml;m och data via kabel och har <strong data-start=\"557\" data-end=\"577\">inget stativ<\/strong>, vilket g&ouml;r den till ett enkelt plug-and-scan-val f&ouml;r fasta arbetsstationer, packb&auml;nkar och stationer vid linjen.  <\/p><p data-start=\"695\" data-end=\"913\">F&ouml;r team som standardiserar &ouml;ver skift och stationer ger <strong data-start=\"751\" data-end=\"786\">Honeywell Granit 1910i<\/strong> en h&aring;llbar konstruktion, konsekvent avkodning och enkel installation av maskinparken &ndash; vilket minskar antalet omskanningar, flaskhalsar och driftstopp.<\/p><p data-start=\"695\" data-end=\"913\"><strong>Nya produkter har 2 &aring;rs tillverkargaranti.<\/strong><\/p><h2 data-start=\"915\" data-end=\"989\">Viktiga egenskaper hos Honeywell Granit 1910i &ndash; Kabel &ndash; Ex. Stativ <\/h2><ul data-start=\"990\" data-end=\"2268\">\n<li data-start=\"990\" data-end=\"1141\">\n<p data-start=\"992\" data-end=\"1141\"><strong data-start=\"992\" data-end=\"1002\">Sladdansluten<\/strong> <strong>drift<\/strong> &ndash; Direkt kabelanslutning ger kontinuerlig str&ouml;mf&ouml;rs&ouml;rjning och stabila data &ndash; perfekt f&ouml;r fasta stationer d&auml;r drifttid och enkelhet &auml;r viktigt.<\/p>\n<\/li>\n<li data-start=\"1142\" data-end=\"1296\">\n<p data-start=\"1144\" data-end=\"1296\"><strong data-start=\"1144\" data-end=\"1154\">Rugged<\/strong> <strong>konstruktion<\/strong> &ndash; Industriellt h&ouml;lje som motst&aring;r damm, fukt, vibrationer och vardagliga st&ouml;tar f&ouml;r att h&aring;lla skannrarna i drift under tuffa arbetscykler.<\/p>\n<\/li>\n<li data-start=\"1297\" data-end=\"1442\">\n<p data-start=\"1299\" data-end=\"1442\"><strong data-start=\"1299\" data-end=\"1319\">H&ouml;gpresterande<\/strong> <strong>bildbehandling<\/strong> &ndash; Area Imager avkodar 1D\/2D-streckkoder snabbt, &auml;ven n&auml;r etiketterna &auml;r slitna, har l&aring;g kontrast, &auml;r b&ouml;jda eller &auml;r inplastade.<\/p>\n<\/li>\n<li data-start=\"1443\" data-end=\"1586\">\n<p data-start=\"1445\" data-end=\"1586\"><strong data-start=\"1445\" data-end=\"1466\">Anv&auml;ndarv&auml;nlig<\/strong> <strong>ergonomi<\/strong> &ndash; balanserat grepp, tydlig avtryckare och tydlig siktning\/feedback minskar tr&ouml;tthet och hj&auml;lper till att p&aring;skynda repetitiv scanning.<\/p>\n<\/li>\n<li data-start=\"1587\" data-end=\"1720\">\n<p data-start=\"1589\" data-end=\"1720\"><strong>Effektivt<\/strong> <strong data-start=\"1589\" data-end=\"1601\">arbetsfl&ouml;de<\/strong> &ndash; omedelbar beredskap och inga batterier att hantera g&ouml;r den perfekt f&ouml;r b&auml;nkar, transport&ouml;rer och mottagningsbanor.<\/p>\n<\/li>\n<li data-start=\"1721\" data-end=\"1868\">\n<p data-start=\"1723\" data-end=\"1868\"><strong data-start=\"1723\" data-end=\"1735\">Flexibel<\/strong> <strong>anslutning<\/strong> &ndash; fungerar med vanliga POS-, WMS- och ERP-system; enkla profiler g&ouml;r det m&ouml;jligt f&ouml;r IT-avdelningen att distribuera enhetliga inst&auml;llningar p&aring; olika platser.<\/p>\n<\/li>\n<li data-start=\"1869\" data-end=\"2003\">\n<p data-start=\"1871\" data-end=\"2003\"><strong data-start=\"1871\" data-end=\"1886\">Servicev&auml;nlig<\/strong> <strong>design<\/strong> &ndash; Tillg&auml;ngliga slitdelar och robusta kablar bidrar till att f&ouml;rl&auml;nga livscykeln och h&aring;lla den totala &auml;gandekostnaden f&ouml;ruts&auml;gbar.<\/p>\n<\/li>\n<li data-start=\"2004\" data-end=\"2139\">\n<p data-start=\"2006\" data-end=\"2139\"><strong data-start=\"2006\" data-end=\"2024\">H&ouml;rbar\/visuell<\/strong> <strong>bekr&auml;ftelse<\/strong> &ndash; ljudsignal och statuslysdioder bekr&auml;ftar bra avl&auml;sning i bullriga eller ljusa milj&ouml;er, vilket minskar antalet omskanningar.<\/p>\n<\/li>\n<li data-start=\"2140\" data-end=\"2268\">\n<p data-start=\"2142\" data-end=\"2268\"><strong>Monteringsalternativ<\/strong> &ndash; Kompatibel med tillbeh&ouml;r f&ouml;r scanning i presentationsstil (stativ ing&aring;r inte i denna konfiguration).<\/p>\n<\/li>\n<\/ul><h2 data-start=\"2270\" data-end=\"2324\">De viktigaste f&ouml;rdelarna med Honeywell Granit 1910i<\/h2><h3 data-start=\"2326\" data-end=\"2369\">Byggd f&ouml;r tuffa industriella milj&ouml;er<\/h3><p data-start=\"2370\" data-end=\"2533\">Ett f&ouml;rst&auml;rkt h&ouml;lje st&aring;r emot damm, fukt, vibrationer och st&ouml;tar s&aring; att teamen kan vara produktiva i lager, fabriker och varv utan enhetsrelaterade f&ouml;rseningar.<\/p><h3 data-start=\"2535\" data-end=\"2565\">Konsekventa, exakta skanningar<\/h3><p data-start=\"2566\" data-end=\"2701\">En avancerad omr&aring;desavbildare f&aring;ngar snabbt upp skadade koder och koder med l&aring;g kontrast, vilket f&ouml;rb&auml;ttrar genomstr&ouml;mningen vid mottagning, plockning och packning.<\/p><h3 data-start=\"2703\" data-end=\"2734\">Enkel, stationsf&auml;rdig installation<\/h3><p data-start=\"2735\" data-end=\"2887\">Sladdansluten str&ouml;m\/data eliminerar batterihantering och kopplingssteg. Standardiserade konfigurationer g&ouml;r utrullningen f&ouml;ruts&auml;gbar &ouml;ver b&auml;nkar och linjer. <\/p><h3 data-start=\"2889\" data-end=\"2917\">L&auml;gre &auml;garkostnader<\/h3><p data-start=\"2918\" data-end=\"3056\">Rugged kablage, utbytbara slitdelar och ett stabilt ekosystem av tillbeh&ouml;r bidrar till att f&ouml;rl&auml;nga livscykelv&auml;rdet och minska underh&aring;llsavbrotten.<\/p><h3 data-start=\"3058\" data-end=\"3078\">Komfort f&ouml;r operat&ouml;ren<\/h3><p data-start=\"3079\" data-end=\"3203\">Ergonomi, sikte och tydlig &aring;terkoppling minskar tr&ouml;tthet och utbildningstid &ndash; anv&auml;ndbart f&ouml;r skift med h&ouml;g volym och s&auml;songsuppstarter.<\/p><h2 data-start=\"3205\" data-end=\"3223\">Idealiska anv&auml;ndningsfall<\/h2><ul data-start=\"3224\" data-end=\"3785\">\n<li data-start=\"3224\" data-end=\"3341\">\n<p data-start=\"3226\" data-end=\"3341\"><strong data-start=\"3226\" data-end=\"3254\">Lager &amp; Distribution<\/strong> &ndash; Inkommande\/utg&aring;ende, put-away, cykelr&auml;kning och plockverifiering vid fasta stationer.<\/p>\n<\/li>\n<li data-start=\"3342\" data-end=\"3460\">\n<p data-start=\"3344\" data-end=\"3460\"><strong data-start=\"3344\" data-end=\"3374\">Tillverkning och industri<\/strong> &ndash; WIP-scanning vid linjen, verifiering av delar och kvalitetskontroller vid b&auml;nkar och celler.<\/p>\n<\/li>\n<li data-start=\"3461\" data-end=\"3577\">\n<p data-start=\"3463\" data-end=\"3577\"><strong data-start=\"3463\" data-end=\"3488\">Transport &amp; Logistik<\/strong> &ndash; Cross-dock-banor, paketsortering och returhantering med kontinuerlig scanning.<\/p>\n<\/li>\n<li data-start=\"3578\" data-end=\"3684\">\n<p data-start=\"3580\" data-end=\"3684\"><strong data-start=\"3580\" data-end=\"3604\">Retail Back-of-House<\/strong> &ndash; Mottagning, lagerkontroll och p&aring;fyllning av varor i lagerlokaler och lageromr&aring;den.<\/p>\n<\/li>\n<li data-start=\"3685\" data-end=\"3785\">\n<p data-start=\"3687\" data-end=\"3785\"><strong data-start=\"3687\" data-end=\"3711\">Dep&aring;er f&ouml;r f&auml;ltservice<\/strong> &ndash; mottagning av enheter, sp&aring;rning av reparationer och m&auml;rkning av tillg&aring;ngar vid servicediskar.<\/p>\n<\/li>\n<\/ul><h2 data-start=\"3787\" data-end=\"3849\">Produktj&auml;mf&ouml;relser f&ouml;r Honeywell Granit 1910i<\/h2><ul data-start=\"3850\" data-end=\"4349\">\n<li data-start=\"3850\" data-end=\"4007\">\n<p data-start=\"3852\" data-end=\"4007\"><a href=\"https:\/\/micronordic.com\/product\/honeywell-granit-1980i-cable-ex-stand\/\"><strong data-start=\"3852\" data-end=\"3887\">Honeywell Granit 1980i<\/strong> <\/a>&ndash; V&auml;lj <strong data-start=\"3897\" data-end=\"3906\">1980i<\/strong> f&ouml;r sladdansluten scanning med l&aring;ng r&auml;ckvidd; v&auml;lj <strong data-start=\"3946\" data-end=\"3962\">Granit 1910i<\/strong> f&ouml;r balanserad r&auml;ckvidd och kompakt ergonomi.<\/p>\n<\/li>\n<li data-start=\"4008\" data-end=\"4186\">\n<p data-start=\"4010\" data-end=\"4186\"><a href=\"https:\/\/micronordic.com\/product\/honeywell-granit-1911i-ig-cordless-w-base\/\"><strong data-start=\"4010\" data-end=\"4048\">Honeywell Granit 1911i IG<\/strong><\/a> &ndash; V&auml;lj <strong data-start=\"4056\" data-end=\"4068\">1911i IG<\/strong> f&ouml;r sladdl&ouml;s mobilitet med en bas; v&auml;lj <strong data-start=\"4109\" data-end=\"4125\">Granit 1910i<\/strong> n&auml;r sladdl&ouml;s enkelhet och kontinuerlig kraft f&ouml;redras.<\/p>\n<\/li>\n<\/ul>\n","protected":false},"excerpt":{"rendered":"<h3>Specifikationer:<\/h3>\n<ul>\n<li><strong>Anslutningsm\u00f6jligheter:<\/strong> Sladdansluten (data\/str\u00f6m via kabel); kompatibel med vanliga POS\/WMS\/ERP-system<\/li>\n<li><strong>Rugged certifieringar:<\/strong> Industriellt h\u00f6lje utformat f\u00f6r damm-, fukt-, vibrations- och slagt\u00e5lighet<\/li>\n<li><strong>S\u00e4kerhet:<\/strong> Standard v\u00e4rdbaserad s\u00e4kerhet\/parning kr\u00e4vs inte (kabelansluten)<\/li>\n<li><strong>Batteri:<\/strong> Ej till\u00e4mpligt (sladdansluten str\u00f6mf\u00f6rs\u00f6rjning)<\/li>\n<li><strong>M\u00e5tt och vikt:<\/strong> Handh\u00e5llen industriell formfaktor (varierar beroende p\u00e5 konfiguration)<\/li>\n<li><strong>Garanti:<\/strong> Nya produkter har 2 \u00e5rs tillverkargaranti<\/li>\n<\/ul>\n","protected":false},"author":16,"featured_media":96560,"template":"","meta":{"_acf_changed":false,"inline_featured_image":false},"product-condition":[5257],"product_brand":[8965],"product_cat":[5220,5217,5221],"product_tag":[4888],"class_list":{"0":"post-80287","1":"product","2":"type-product","3":"status-publish","4":"has-post-thumbnail","6":"product-condition-new-in-box","7":"product_brand-honeywell-intermec","8":"product_cat-honeywell-intermec","9":"product_cat-all-barcode-scanners","10":"product_cat-new-in-box-rugged-hardware","11":"product_tag-wrd-sv","13":"first","14":"instock","15":"taxable","16":"shipping-taxable","17":"purchasable","18":"product-type-simple"},"acf":[],"_links":{"self":[{"href":"https:\/\/micronordic.com\/sv\/wp-json\/wp\/v2\/product\/80287","targetHints":{"allow":["GET"]}}],"collection":[{"href":"https:\/\/micronordic.com\/sv\/wp-json\/wp\/v2\/product"}],"about":[{"href":"https:\/\/micronordic.com\/sv\/wp-json\/wp\/v2\/types\/product"}],"author":[{"embeddable":true,"href":"https:\/\/micronordic.com\/sv\/wp-json\/wp\/v2\/users\/16"}],"version-history":[{"count":2,"href":"https:\/\/micronordic.com\/sv\/wp-json\/wp\/v2\/product\/80287\/revisions"}],"predecessor-version":[{"id":98458,"href":"https:\/\/micronordic.com\/sv\/wp-json\/wp\/v2\/product\/80287\/revisions\/98458"}],"wp:featuredmedia":[{"embeddable":true,"href":"https:\/\/micronordic.com\/sv\/wp-json\/wp\/v2\/media\/96560"}],"wp:attachment":[{"href":"https:\/\/micronordic.com\/sv\/wp-json\/wp\/v2\/media?parent=80287"}],"wp:term":[{"taxonomy":"product-condition","embeddable":true,"href":"https:\/\/micronordic.com\/sv\/wp-json\/wp\/v2\/product-condition?post=80287"},{"taxonomy":"product_brand","embeddable":true,"href":"https:\/\/micronordic.com\/sv\/wp-json\/wp\/v2\/product_brand?post=80287"},{"taxonomy":"product_cat","embeddable":true,"href":"https:\/\/micronordic.com\/sv\/wp-json\/wp\/v2\/product_cat?post=80287"},{"taxonomy":"product_tag","embeddable":true,"href":"https:\/\/micronordic.com\/sv\/wp-json\/wp\/v2\/product_tag?post=80287"}],"curies":[{"name":"wp","href":"https:\/\/api.w.org\/{rel}","templated":true}]}}