{"id":80285,"date":"2020-10-06T15:08:51","date_gmt":"2020-10-06T13:08:51","guid":{"rendered":"https:\/\/micronordic.com\/product\/honeywell-granit-1911i-ig-sladdlos-med-bas-ny\/"},"modified":"2025-11-18T18:00:21","modified_gmt":"2025-11-18T17:00:21","slug":"honeywell-granit-1911i-ig-cordless-w-base","status":"publish","type":"product","link":"https:\/\/micronordic.com\/sv\/product\/honeywell-granit-1911i-ig-cordless-w-base\/","title":{"rendered":"Honeywell Granit &#8211; 1911i IG &#8211; Sladdl\u00f6s &#8211; Med bas (NY)"},"content":{"rendered":"<?xml encoding=\"utf-8\" ?><div class=\"relative my-1 min-h-6\">\n<div class=\"relative flex origin-top-left flex-col gap-2 overflow-x-clip\">\n<div class=\"relative w-full text-start\">\n<h2 class=\"flex w-full flex-col items-start justify-between text-start\">Honeywell Granit 1911i IG &ndash; Sladdl&ouml;s &ndash; Med bas<\/h2>\n<\/div>\n<\/div>\n<\/div><div class=\"min-h-8 text-message relative flex w-full flex-col items-end gap-2 text-start break-words whitespace-normal [.text-message+&amp;]:mt-5\" dir=\"auto\" data-message-author-role=\"assistant\" data-message-id=\"1d00f139-3bfc-4ce7-9417-c64271cde5cc\" data-message-model-slug=\"gpt-5-thinking\">\n<div class=\"flex w-full flex-col gap-1 empty:hidden first:pt-[1px]\">\n<div class=\"streaming-animation markdown prose dark:prose-invert w-full break-words light markdown-new-styling\">\n<p data-start=\"62\" data-end=\"671\"><strong data-start=\"66\" data-end=\"104\">Honeywell Intermec Granit 1911i IG<\/strong> &auml;r en extremt t&aring;lig, sladdl&ouml;s streckkodsl&auml;sare f&ouml;r industrin som &auml;r utformad f&ouml;r snabb och tillf&ouml;rlitlig registrering i lager, varv, fabriker och f&auml;ltarbeten. Den bygger p&aring; Honeywell Granits plattform och kombinerar ett t&aring;ligt h&ouml;lje med en motor f&ouml;r omr&aring;desavbildning som hanterar slitna, l&aring;gkontrast- och krympf&ouml;rpackade streckkoder som &auml;r vanliga i logistik i den verkliga v&auml;rlden. Denna &rdquo;<strong data-start=\"450\" data-end=\"463\">With Base<\/strong>&rdquo;-konfiguration inkluderar en Charge &amp; Communication Base f&ouml;r laddning och stabil tr&aring;dl&ouml;s kommunikation, s&aring; att teamen kan anv&auml;nda ett enda, f&auml;rdigt kit vid b&auml;nkar, packstationer och fordonsf&auml;sten.  <\/p>\n<p data-start=\"673\" data-end=\"933\">F&ouml;r chefer som standardiserar i kr&auml;vande milj&ouml;er kombinerar <strong data-start=\"735\" data-end=\"773\">Honeywell Granit 1911i IG<\/strong> sladdl&ouml;s mobilitet med bepr&ouml;vad robusthet och enkel hantering av vagnparken &ndash; s&aring; att uppgifterna kan utf&ouml;ras samtidigt som stillest&aring;ndstiden och underh&aring;llskostnaderna minimeras. <strong>Nya produkter har 2 &aring;rs tillverkargaranti.<\/strong><\/p>\n<h2 data-start=\"935\" data-end=\"1015\">Viktiga egenskaper hos Honeywell Granit 1911i IG &ndash; Sladdl&ouml;s &ndash; Med bas<\/h2>\n<ul data-start=\"1016\" data-end=\"2627\">\n<li data-start=\"1016\" data-end=\"1204\">\n<p data-start=\"1018\" data-end=\"1204\"><strong data-start=\"1018\" data-end=\"1030\">Sladdl&ouml;st<\/strong> <strong>arbetsfl&ouml;de<\/strong> &ndash; Tr&aring;dl&ouml;s Bluetooth-drift med en parkopplad bas g&ouml;r att anv&auml;ndarna kan r&ouml;ra sig fritt runt pallar, st&auml;llningar och transport&ouml;rer samtidigt som de uppr&auml;tth&aring;ller en stabil l&auml;nk f&ouml;r data och laddning.<\/p>\n<\/li>\n<li data-start=\"1205\" data-end=\"1401\">\n<p data-start=\"1207\" data-end=\"1401\"><strong data-start=\"1207\" data-end=\"1217\">Rugged<\/strong> <strong>konstruktion<\/strong> &ndash; Industriellt h&ouml;lje som st&aring;r emot damm, fukt, vibrationer och upprepade st&ouml;tar, vilket g&ouml;r att enheten &ouml;verlever fall, tumlingar och den dagliga h&aring;rda hanteringen p&aring; kajer och linjer.<\/p>\n<\/li>\n<li data-start=\"1402\" data-end=\"1587\">\n<p data-start=\"1404\" data-end=\"1587\"><strong data-start=\"1404\" data-end=\"1424\">H&ouml;gpresterande<\/strong> <strong>bildbehandling<\/strong> &ndash; Area Imager avkodar 1D- och 2D-symboler snabbt, &auml;ven n&auml;r etiketterna &auml;r repade, blekta, har l&aring;g kontrast eller &auml;r t&auml;ckta av film, vilket minskar antalet omskanningar och f&ouml;rseningar.<\/p>\n<\/li>\n<li data-start=\"1588\" data-end=\"1765\">\n<p data-start=\"1590\" data-end=\"1765\"><strong data-start=\"1590\" data-end=\"1609\">Arbetarv&auml;nlig<\/strong> <strong>ergonomi<\/strong> &ndash; balanserat grepp, tydlig avtryckare och ljusstarka riktmedel\/feedback minskar tr&ouml;ttheten och g&ouml;r det l&auml;ttare att hitta r&auml;tt under skift med h&ouml;g volym och h&ouml;g arbetsbelastning.<\/p>\n<\/li>\n<li data-start=\"1766\" data-end=\"1931\">\n<p data-start=\"1768\" data-end=\"1931\"><strong>Kraft<\/strong> <strong data-start=\"1768\" data-end=\"1782\">f&ouml;r l&aring;nga arbet<\/strong> spass &ndash; Batteri med h&ouml;g kapacitet st&ouml;der ut&ouml;kad skanning; s&auml;tt ner enheten i den medf&ouml;ljande basen mellan arbetsuppgifterna f&ouml;r att ladda upp den utan att &auml;ndra arbetsfl&ouml;den.<\/p>\n<\/li>\n<li data-start=\"1932\" data-end=\"2123\">\n<p data-start=\"1934\" data-end=\"2123\"><strong>Enkelhet<\/strong> med <strong data-start=\"1934\" data-end=\"1948\">bas<\/strong> &ndash; Charge &amp; Communication Base g&ouml;r det enkelt att para ihop, montera p&aring; skrivbord eller v&auml;gg och dra kablar p&aring; ett enkelt s&auml;tt; en bas kan st&ouml;dja effektiv enhetsrotation p&aring; delade stationer.<\/p>\n<\/li>\n<li data-start=\"2124\" data-end=\"2300\">\n<p data-start=\"2126\" data-end=\"2300\"><strong data-start=\"2126\" data-end=\"2138\">Flexibel<\/strong> <strong>integration<\/strong> &ndash; fungerar med vanliga POS-, WMS- och ERP-konfigurationer; profiler och inst&auml;llningar kan standardiseras s&aring; att nya skannrar kan anv&auml;ndas med minimal konfiguration.<\/p>\n<\/li>\n<li data-start=\"2301\" data-end=\"2471\">\n<p data-start=\"2303\" data-end=\"2471\"><strong data-start=\"2303\" data-end=\"2318\">Servicev&auml;nlig<\/strong> <strong>design<\/strong> &ndash; Slitagekomponenter som kan bytas ut p&aring; f&auml;ltet och ett tillg&auml;ngligt batteri bidrar till att f&ouml;rl&auml;nga livscykeln och h&aring;lla den totala &auml;gandekostnaden f&ouml;ruts&auml;gbar under olika drifts&auml;ttningar.<\/p>\n<\/li>\n<li data-start=\"2472\" data-end=\"2627\">\n<p data-start=\"2474\" data-end=\"2627\"><strong data-start=\"2474\" data-end=\"2492\">H&ouml;rbar\/visuell<\/strong> <strong>&aring;terkoppling<\/strong> &ndash; Tydlig ljudsignal och statuslysdioder bekr&auml;ftar bra avl&auml;sning i bullriga eller ljusa milj&ouml;er, vilket minskar antalet omskanningar och h&aring;ller k&ouml;erna flytande.<\/p>\n<\/li>\n<\/ul>\n<h2 data-start=\"2629\" data-end=\"2686\">Viktiga f&ouml;rdelar med Honeywell Granit 1911i IG<\/h2>\n<h3 data-start=\"2688\" data-end=\"2731\">Byggd f&ouml;r tuffa industriella milj&ouml;er<\/h3>\n<p data-start=\"2732\" data-end=\"2898\">Ett specialbyggt, rugged h&ouml;lje st&aring;r emot damm, fukt, vibrationer och st&ouml;tar som f&ouml;rekommer i lager och p&aring; varv, vilket hj&auml;lper team att undvika driftstopp p&aring; grund av enhetsfel.<\/p>\n<h3 data-start=\"2900\" data-end=\"2932\">Mobilitet utan kompromisser<\/h3>\n<p data-start=\"2933\" data-end=\"3101\">Sladdl&ouml;s drift med en dedikerad bas ger r&ouml;relsefrihet runt pallar och fordon samtidigt som en konsekvent anslutning uppr&auml;tth&aring;lls f&ouml;r snabb och exakt datainsamling.<\/p>\n<h3 data-start=\"3103\" data-end=\"3128\">Snabbare och renare skanningar<\/h3>\n<p data-start=\"3129\" data-end=\"3298\">En motor f&ouml;r omr&aring;desavbildning l&auml;ser utmanande streckkoder p&aring; wellpapp, krympfilm och b&ouml;jda ytor &ndash; vilket f&ouml;rb&auml;ttrar genomstr&ouml;mningen, minskar k&ouml;erna och minskar operat&ouml;rsfrustrationen.<\/p>\n<h3 data-start=\"3300\" data-end=\"3330\">L&auml;gre friktion i verksamheten<\/h3>\n<p data-start=\"3331\" data-end=\"3494\">Drop-in-laddning, enkel parkoppling och standardiserade konfigurationsprofiler g&ouml;r det enkelt att distribuera, rotera och underh&aring;lla enheter mellan olika skift och stationer.<\/p>\n<h3 data-start=\"3496\" data-end=\"3524\">Flottv&auml;nligt &auml;gande<\/h3>\n<p data-start=\"3525\" data-end=\"3677\">Utbytbara slitdelar och robusta tillbeh&ouml;r f&ouml;rl&auml;nger livscykelv&auml;rdet, medan konsekvent ergonomi och &aring;terkopplingssignaler f&ouml;rkortar uppl&auml;rningstiden f&ouml;r ny personal.<\/p>\n<h2 data-start=\"3679\" data-end=\"3697\">Idealiska anv&auml;ndningsfall<\/h2>\n<ul data-start=\"3698\" data-end=\"4280\">\n<li data-start=\"3698\" data-end=\"3820\">\n<p data-start=\"3700\" data-end=\"3820\"><strong data-start=\"3700\" data-end=\"3728\">Lager &amp; Distribution<\/strong> &ndash; Inkommande\/utg&aring;ende, put-away, cykelr&auml;kning och plockverifiering runt st&auml;llningar och bryggor.<\/p>\n<\/li>\n<li data-start=\"3821\" data-end=\"3940\">\n<p data-start=\"3823\" data-end=\"3940\"><strong data-start=\"3823\" data-end=\"3853\">Tillverkning och industri<\/strong> &ndash; WIP-scanning vid linjen, verifiering av delar och kvalitetskontroller i bullriga och dammiga milj&ouml;er.<\/p>\n<\/li>\n<li data-start=\"3941\" data-end=\"4051\">\n<p data-start=\"3943\" data-end=\"4051\"><strong data-start=\"3943\" data-end=\"3968\">Transport &amp; Logistik<\/strong> &ndash; Cross-dock- och varvsverksamhet, paketsortering och lastning\/lossning av rutter.<\/p>\n<\/li>\n<li data-start=\"4052\" data-end=\"4170\">\n<p data-start=\"4054\" data-end=\"4170\"><strong data-start=\"4054\" data-end=\"4078\">Retail Back-of-House<\/strong> &ndash; Mottagning, lagerh&aring;llning och p&aring;fyllning d&auml;r h&aring;llbarhet och mobilitet &auml;r viktigt.<\/p>\n<\/li>\n<li data-start=\"4171\" data-end=\"4280\">\n<p data-start=\"4173\" data-end=\"4280\"><strong data-start=\"4173\" data-end=\"4202\">Field Service &amp; Utilities<\/strong> &ndash; Skanning av tillg&aring;ngar och m&auml;tare p&aring; mobila arbetsplatser och under tuffa v&auml;derf&ouml;rh&aring;llanden.<\/p>\n<\/li>\n<\/ul>\n<h2 data-start=\"4282\" data-end=\"4347\">Produktj&auml;mf&ouml;relser f&ouml;r Honeywell Granit 1911i IG<\/h2>\n<ul data-start=\"4348\" data-end=\"4947\">\n<li data-start=\"4348\" data-end=\"4563\">\n<p data-start=\"4350\" data-end=\"4563\"><a href=\"https:\/\/micronordic.com\/product\/honeywell-granit-1981i-bt-w-cradle\/\"><strong>Honeywell Intermec Granit 1981i<\/strong><\/a> &ndash; V&auml;lj <strong data-start=\"4395\" data-end=\"4411\">Granit 1981i<\/strong> n&auml;r du beh&ouml;ver sladdl&ouml;s scanning med l&aring;ng r&auml;ckvidd (t.ex. hylletiketter p&aring; avst&aring;nd); v&auml;lj <strong data-start=\"4499\" data-end=\"4518\">Granit 1911i IG<\/strong> f&ouml;r balanserad r&auml;ckvidd och ergonomi f&ouml;r hela dagen.<\/p>\n<\/li>\n<li data-start=\"4564\" data-end=\"4743\">\n<p data-start=\"4566\" data-end=\"4743\"><a href=\"https:\/\/micronordic.com\/product\/honeywell-granit-1980i-cable-ex-stand\/\"><strong data-start=\"4566\" data-end=\"4601\">Honeywell Granit 1980i Intermec<\/strong> <\/a>&ndash; V&auml;lj <strong data-start=\"4609\" data-end=\"4625\">Granit 1980i<\/strong> f&ouml;r en sladdansluten installation med l&aring;ng r&auml;ckvidd vid fasta stationer; v&auml;lj <strong data-start=\"4680\" data-end=\"4699\">Granit 1911i IG<\/strong> f&ouml;r sladdl&ouml;s frihet med en kompakt bas.<\/p>\n<\/li>\n<li data-start=\"4744\" data-end=\"4947\">\n<p data-start=\"4746\" data-end=\"4947\"><a href=\"https:\/\/micronordic.com\/product\/honeywell-xenon-xp-1952g-cable-w-stand\/\"><strong data-start=\"4746\" data-end=\"4774\">Honeywell Xenon XP 1952g<\/strong><\/a> &ndash; V&auml;lj <strong data-start=\"4784\" data-end=\"4802\">Xenon XP 1952g<\/strong> f&ouml;r sladdl&ouml;sa arbetsfl&ouml;den inom detaljhandel och l&auml;tt industri; v&auml;lj <strong data-start=\"4858\" data-end=\"4877\">Granit 1911i IG<\/strong> n&auml;r du beh&ouml;ver tyngre konstruktion och industriell &ouml;verlevnad.<\/p>\n<\/li>\n<\/ul>\n<\/div>\n<\/div>\n<\/div>\n","protected":false},"excerpt":{"rendered":"<h3>Specifikationer<\/h3>\n<ul>\n<li><strong>Anslutningsm\u00f6jligheter:<\/strong> Tr\u00e5dl\u00f6s Bluetooth; inkluderar Charge &amp; Communication Base f\u00f6r parkoppling, data och laddning<\/li>\n<li><strong>Rugged-certifieringar:<\/strong> Industriellt rugged h\u00f6lje; slag-, damm- och fuktt\u00e5lighet<\/li>\n<li><strong>S\u00e4kerhet:<\/strong> Standardl\u00e4gen f\u00f6r parkoppling\/autentisering med Bluetooth<\/li>\n<li><strong>Batteri:<\/strong> Uppladdningsbart batteri f\u00f6r l\u00e4ngre arbetspass; laddning via medf\u00f6ljande bas<\/li>\n<li><strong>M\u00e5tt och vikt:<\/strong> Handh\u00e5llen industriell formfaktor (varierar beroende p\u00e5 konfiguration)<\/li>\n<li><strong>Garanti: <\/strong>Nya produkter har 2 \u00e5rs tillverkargaranti<\/li>\n<\/ul>\n","protected":false},"author":16,"featured_media":96605,"template":"","meta":{"_acf_changed":false,"inline_featured_image":false},"product-condition":[5257],"product_brand":[8965],"product_cat":[5220,5217,5221],"product_tag":[4888],"class_list":{"0":"post-80285","1":"product","2":"type-product","3":"status-publish","4":"has-post-thumbnail","6":"product-condition-new-in-box","7":"product_brand-honeywell-intermec","8":"product_cat-honeywell-intermec","9":"product_cat-all-barcode-scanners","10":"product_cat-new-in-box-rugged-hardware","11":"product_tag-wrd-sv","13":"first","14":"instock","15":"taxable","16":"shipping-taxable","17":"purchasable","18":"product-type-simple"},"acf":[],"_links":{"self":[{"href":"https:\/\/micronordic.com\/sv\/wp-json\/wp\/v2\/product\/80285","targetHints":{"allow":["GET"]}}],"collection":[{"href":"https:\/\/micronordic.com\/sv\/wp-json\/wp\/v2\/product"}],"about":[{"href":"https:\/\/micronordic.com\/sv\/wp-json\/wp\/v2\/types\/product"}],"author":[{"embeddable":true,"href":"https:\/\/micronordic.com\/sv\/wp-json\/wp\/v2\/users\/16"}],"version-history":[{"count":2,"href":"https:\/\/micronordic.com\/sv\/wp-json\/wp\/v2\/product\/80285\/revisions"}],"predecessor-version":[{"id":98431,"href":"https:\/\/micronordic.com\/sv\/wp-json\/wp\/v2\/product\/80285\/revisions\/98431"}],"wp:featuredmedia":[{"embeddable":true,"href":"https:\/\/micronordic.com\/sv\/wp-json\/wp\/v2\/media\/96605"}],"wp:attachment":[{"href":"https:\/\/micronordic.com\/sv\/wp-json\/wp\/v2\/media?parent=80285"}],"wp:term":[{"taxonomy":"product-condition","embeddable":true,"href":"https:\/\/micronordic.com\/sv\/wp-json\/wp\/v2\/product-condition?post=80285"},{"taxonomy":"product_brand","embeddable":true,"href":"https:\/\/micronordic.com\/sv\/wp-json\/wp\/v2\/product_brand?post=80285"},{"taxonomy":"product_cat","embeddable":true,"href":"https:\/\/micronordic.com\/sv\/wp-json\/wp\/v2\/product_cat?post=80285"},{"taxonomy":"product_tag","embeddable":true,"href":"https:\/\/micronordic.com\/sv\/wp-json\/wp\/v2\/product_tag?post=80285"}],"curies":[{"name":"wp","href":"https:\/\/api.w.org\/{rel}","templated":true}]}}