{"id":80279,"date":"2018-04-26T13:46:58","date_gmt":"2018-04-26T11:46:58","guid":{"rendered":"https:\/\/micronordic.com\/product\/zebra-tc55-mobil-handdator-renoverad\/"},"modified":"2025-11-20T11:44:43","modified_gmt":"2025-11-20T10:44:43","slug":"zebra-tc55-mobile-handheld-computer-refurbished","status":"publish","type":"product","link":"https:\/\/micronordic.com\/sv\/product\/zebra-tc55-mobile-handheld-computer-refurbished\/","title":{"rendered":"Zebra TC55 Handheld Mobile Computer (EX-DEMO)"},"content":{"rendered":"<?xml encoding=\"utf-8\" ?><h2 data-start=\"480\" data-end=\"527\">Zebra TC55 Handheld Mobile Computer (EX-DEMO)<\/h2><p data-start=\"529\" data-end=\"1086\"><strong data-start=\"533\" data-end=\"572\">Zebra TC55 Handheld Mobile Computer<\/strong> kombinerar kraften hos en smartphone med h&aring;llbarheten hos en rugged f&ouml;retagsenhet. Den &auml;r utformad f&ouml;r f&auml;ltmobilitet och detaljhandelsverksamhet och ger tillf&ouml;rlitlig datainsamling, kommunikation och prestanda i ett kompakt och l&auml;tt format. TC55 finns tillg&auml;nglig hos <strong data-start=\"824\" data-end=\"840\">Micro Nordic<\/strong> som en <strong data-start=\"847\" data-end=\"858\">EX-DEMO-enhet<\/strong> och erbjuder ett exceptionellt v&auml;rde &ndash; fullt testad, renoverad och i n&auml;stan nyskick. TC55CH-varianten representerar specifika konfigurationer f&ouml;r regionala skillnader eller h&aring;rdvaruskillnader, t.ex. kamera och anslutningsm&ouml;jligheter. <strong>12 m&aring;naders<\/strong><strong> EX-DEMO-garanti.<\/strong>   <\/p><h2 data-start=\"1088\" data-end=\"1148\">Viktiga funktioner i Zebra TC55 Handheld Mobile Computer<\/h2><ul data-start=\"1149\" data-end=\"1957\">\n<li data-start=\"1149\" data-end=\"1229\">\n<p data-start=\"1151\" data-end=\"1229\"><strong data-start=\"1151\" data-end=\"1179\">Rugged smartphone-design<\/strong> &ndash; Kompakt 4,3&Prime;-enhet byggd f&ouml;r f&ouml;retagsanv&auml;ndning.<\/p>\n<\/li>\n<li data-start=\"1230\" data-end=\"1334\">\n<p data-start=\"1232\" data-end=\"1334\"><strong data-start=\"1232\" data-end=\"1258\">Peksk&auml;rmens h&aring;llbarhet<\/strong> &ndash; Corning&reg; Gorilla&reg; Glass 2 skyddar b&aring;de displayen och scannerf&ouml;nstret.<\/p>\n<\/li>\n<li data-start=\"1335\" data-end=\"1424\">\n<p data-start=\"1337\" data-end=\"1424\"><strong data-start=\"1337\" data-end=\"1366\">Skanning i f&ouml;retagsklass<\/strong> &ndash; Integrerad 1D\/2D-bildtagare f&ouml;r exakt streckkodsinl&auml;sning.<\/p>\n<\/li>\n<li data-start=\"1425\" data-end=\"1514\">\n<p data-start=\"1427\" data-end=\"1514\"><strong data-start=\"1427\" data-end=\"1452\">Tillf&ouml;rlitlig anslutning<\/strong> &ndash; 4G LTE, Wi-Fi och Bluetooth&reg; f&ouml;r s&ouml;ml&ouml;s kommunikation.<\/p>\n<\/li>\n<li data-start=\"1515\" data-end=\"1612\">\n<p data-start=\"1517\" data-end=\"1612\"><strong data-start=\"1517\" data-end=\"1547\">Integration av r&ouml;st och data<\/strong> &ndash; St&ouml;d f&ouml;r PTT (Push-to-Talk) och VoIP f&ouml;r teamsamarbete.<\/p>\n<\/li>\n<li data-start=\"1613\" data-end=\"1695\">\n<p data-start=\"1615\" data-end=\"1695\"><strong data-start=\"1615\" data-end=\"1644\">Ergonomisk och l&auml;ttviktig<\/strong> &ndash; smidig formfaktor som passar f&ouml;r anv&auml;ndning med en hand.<\/p>\n<\/li>\n<li data-start=\"1696\" data-end=\"1775\">\n<p data-start=\"1698\" data-end=\"1775\"><strong data-start=\"1698\" data-end=\"1721\">Batteriprestanda<\/strong> &ndash; Kraft hela dagen med batterialternativ som kan bytas ut direkt.<\/p>\n<\/li>\n<li data-start=\"1776\" data-end=\"1859\">\n<p data-start=\"1778\" data-end=\"1859\"><strong data-start=\"1778\" data-end=\"1800\">Android OS-st&ouml;d<\/strong> &ndash; plattform f&ouml;r f&ouml;retag som &auml;r optimerad f&ouml;r aff&auml;rsappar.<\/p>\n<\/li>\n<li data-start=\"1860\" data-end=\"1957\">\n<p data-start=\"1862\" data-end=\"1957\"><strong data-start=\"1862\" data-end=\"1883\">EX-DEMO-skick<\/strong> &ndash; Fullst&auml;ndigt renoverad, testad och rengjord av Micro Nordics tekniker.<\/p>\n<\/li>\n<\/ul><h2 data-start=\"1959\" data-end=\"1976\">Viktiga f&ouml;rdelar<\/h2><h3 data-start=\"1978\" data-end=\"2009\">Kompakt och rugged design<\/h3><p data-start=\"2010\" data-end=\"2273\">TC55 &ouml;verbryggar klyftan mellan personliga och professionella enheter. Den &auml;r lika intuitiv som en smartphone men &auml;nd&aring; skyddad mot fall, damm och fukt med IP67-klassning. Den &auml;r utformad f&ouml;r mobila arbetare och &auml;r tillr&auml;ckligt tunn f&ouml;r fickan men tillr&auml;ckligt t&aring;lig f&ouml;r f&auml;ltet.  <\/p><h3 data-start=\"2275\" data-end=\"2306\">EX-DEMO Kvalitet och v&auml;rde<\/h3><p data-start=\"2307\" data-end=\"2600\">Varje <strong data-start=\"2312\" data-end=\"2323\">EX-DEMO<\/strong> TC55 har noggrant inspekterats, testats och &aring;terst&auml;llts f&ouml;r att s&auml;kerst&auml;lla felfri prestanda. Enheten kan levereras i generisk f&ouml;rpackning men inneh&aring;ller standardtillbeh&ouml;r. Med 12 m&aring;naders garanti &auml;r det ett prisv&auml;rt s&auml;tt att f&aring; tillg&aring;ng till mobilitet av professionell kvalitet.  <\/p><h3 data-start=\"2602\" data-end=\"2629\">&Ouml;verl&auml;gsen dataf&aring;ngst<\/h3><p data-start=\"2630\" data-end=\"2877\">TC55 &auml;r utrustad med Zebras avancerade skanningsmotor och l&auml;ser b&aring;de 1D- och 2D-streckkoder snabbt och exakt. Oavsett om du skannar biljetter, produktetiketter eller leveransdokumentation garanterar den exakta resultat &ndash; &auml;ven p&aring; skadade eller d&aring;ligt tryckta koder. <\/p><h3 data-start=\"2879\" data-end=\"2907\">S&ouml;ml&ouml;s kommunikation<\/h3><p data-start=\"2908\" data-end=\"3133\">TC55 har st&ouml;d f&ouml;r 4G LTE, Wi-Fi och Bluetooth, vilket g&ouml;r att mobila medarbetare kan h&aring;lla kontakten var som helst. Push-to-Talk och VoIP f&ouml;r f&ouml;retag m&ouml;jligg&ouml;r omedelbar kommunikation mellan team, vilket f&ouml;rb&auml;ttrar samordningen och effektiviteten i arbetsfl&ouml;det. <\/p><h3 data-start=\"3135\" data-end=\"3158\">Regionala varianter<\/h3><p data-start=\"3159\" data-end=\"3427\"><strong data-start=\"3163\" data-end=\"3179\">Zebra TC55CH-beteckningen<\/strong> h&auml;nvisar till specifika konfigurationsvarianter av TC55-plattformen. Beroende p&aring; marknad och h&aring;rdvara kan den inneh&aring;lla NFC, kameraalternativ eller regionspecifikt WWAN-st&ouml;d &ndash; allt utformat f&ouml;r att uppr&auml;tth&aring;lla kompatibilitet mellan globala implementeringar. <\/p><h2 data-start=\"3429\" data-end=\"3449\">Idealiska anv&auml;ndningsfall<\/h2><ul data-start=\"3450\" data-end=\"3975\">\n<li data-start=\"3450\" data-end=\"3567\">\n<p data-start=\"3452\" data-end=\"3567\"><strong data-start=\"3452\" data-end=\"3481\">Field Service &amp; Utilities<\/strong> &ndash; Tillf&ouml;rlitlig datainsamling och anslutning f&ouml;r inspektioner, reparationer och underh&aring;ll.<\/p>\n<\/li>\n<li data-start=\"3568\" data-end=\"3664\">\n<p data-start=\"3570\" data-end=\"3664\"><strong data-start=\"3570\" data-end=\"3594\">Retail &amp; Hospitality<\/strong> &ndash; Effektiviserade inventeringskontroller och mobila f&ouml;rs&auml;ljningsst&auml;llen.<\/p>\n<\/li>\n<li data-start=\"3665\" data-end=\"3770\">\n<p data-start=\"3667\" data-end=\"3770\"><strong data-start=\"3667\" data-end=\"3697\">Transport &amp; Logistik<\/strong> &ndash; Effektiv paketsp&aring;rning, leveransbevis och uppdateringar i realtid.<\/p>\n<\/li>\n<li data-start=\"3771\" data-end=\"3865\">\n<p data-start=\"3773\" data-end=\"3865\"><strong data-start=\"3773\" data-end=\"3797\">Warehouse Operations<\/strong> &ndash; Kompakt skanningsl&ouml;sning f&ouml;r sm&aring;skaliga lagermilj&ouml;er.<\/p>\n<\/li>\n<li data-start=\"3866\" data-end=\"3975\">\n<p data-start=\"3868\" data-end=\"3975\"><strong data-start=\"3868\" data-end=\"3899\">Offentlig sektor och inspektioner<\/strong> &ndash; Slitstark handdator f&ouml;r tillg&aring;ngskontroll och rapportering under utomhusf&ouml;rh&aring;llanden.<\/p>\n<\/li>\n<\/ul><h2 data-start=\"3977\" data-end=\"4001\">Produktj&auml;mf&ouml;relser<\/h2><p data-start=\"4002\" data-end=\"4164\"><strong data-start=\"4006\" data-end=\"4020\">Zebra TC55<\/strong> erbjuder rugged mobilitet i en kompakt smartphone-formfaktor. F&ouml;r organisationer som utforskar alternativ som finns tillg&auml;ngliga hos <strong data-start=\"4135\" data-end=\"4151\">Micro Nordic<\/strong>, &ouml;verv&auml;g: <\/p><ul data-start=\"4165\" data-end=\"4534\">\n<li data-start=\"4165\" data-end=\"4282\">\n<p data-start=\"4167\" data-end=\"4282\"><a href=\"https:\/\/micronordic.com\/product\/zebra-tc52-mobile-handheld-computer-refurbished\/\"><strong data-start=\"4167\" data-end=\"4206\">Zebra TC52 Handheld Mobile Computer <\/strong><\/a> &ndash; En nyare, snabbare Android-baserad enhet f&ouml;r moderna f&ouml;retagsdrifts&auml;ttningar.<\/p>\n<\/li>\n<li data-start=\"4283\" data-end=\"4396\">\n<p data-start=\"4285\" data-end=\"4396\"><a href=\"https:\/\/micronordic.com\/product\/zebra-tc56-mobile-handheld-computer-refurbished\/\"><strong data-start=\"4285\" data-end=\"4324\">Zebra TC56 Handheld Mobile Computer <\/strong><\/a> &ndash; En avancerad modell med f&ouml;rb&auml;ttrad ergonomi och 4G LTE-funktioner.<\/p>\n<\/li>\n<li data-start=\"4397\" data-end=\"4534\">\n<p data-start=\"4399\" data-end=\"4534\"><a href=\"https:\/\/micronordic.com\/product\/zebra-tc75x-mobile-handheld-computer-refurbished\/\"><strong data-start=\"4399\" data-end=\"4449\">Zebra TC75x Handheld Mobile Computer <\/strong><\/a>&ndash; En st&ouml;rre, ultraruggad handdator som erbjuder ut&ouml;kad h&aring;llbarhet f&ouml;r industriell anv&auml;ndning.<\/p>\n<\/li>\n<\/ul>\n","protected":false},"excerpt":{"rendered":"<p>V\u00c4LJ EN VARIANT NEDAN! Ring oss om du beh\u00f6ver hj\u00e4lp med att hitta r\u00e4tt produktvariant. <\/p>\n<h3>Specifikationer:<\/h3>\n<ul>\n<li><strong>Display:<\/strong> 4,3\u2033 WVGA (800\u00d7480) kapacitiv peksk\u00e4rm, Corning\u00ae Gorilla\u00ae Glass 2<\/li>\n<li><strong>Processor:<\/strong> 1,5 GHz dubbelk\u00e4rnig Qualcomm\u00ae Snapdragon\u2122<\/li>\n<li><strong>Grafik:<\/strong> Integrerad grafikmotor<\/li>\n<li><strong>Minne:<\/strong> 1 GB RAM<\/li>\n<li><strong>Lagringsutrymme:<\/strong> 8 GB flash, utbyggbart via microSD<\/li>\n<li><strong>Anslutningsm\u00f6jligheter:<\/strong> 4G LTE, Wi-Fi 802.11 a\/b\/g\/n, Bluetooth\u00ae 4.0, GPS<\/li>\n<li><strong>Rugged certifieringar:<\/strong> IP67-t\u00e4tning, fallmotst\u00e5nd p\u00e5 1,2 m (4 ft)<\/li>\n<li><strong>S\u00e4kerhet:<\/strong> Android\u2122 f\u00f6retagsfunktioner, hantering p\u00e5 enhetsniv\u00e5<\/li>\n<li><strong>Batteri:<\/strong> 2940 mAh l\u00f6stagbart Li-ion, hot-swappable<\/li>\n<li><strong>M\u00e5tt och vikt:<\/strong> 137 \u00d7 69 \u00d7 15,9 mm, ca 213 g <\/li>\n<li><strong>Garanti:<\/strong> 12 m\u00e5naders EX-DEMO-garanti fr\u00e5n Micro Nordic<\/li>\n<\/ul>\n<p><strong>V\u00e4nligen v\u00e4lj r\u00e4tt modell nedan innan du l\u00e4gger den i varukorgen<\/strong><\/p>\n","protected":false},"author":16,"featured_media":100308,"template":"","meta":{"_acf_changed":false,"inline_featured_image":false},"product-condition":[5286],"product_brand":[9005],"product_cat":[5224,5217,5223],"product_tag":[],"class_list":{"0":"post-80279","1":"product","2":"type-product","3":"status-publish","4":"has-post-thumbnail","6":"product-condition-ex-demo","7":"product_brand-zebra","8":"product_cat-zebra","9":"product_cat-all-barcode-scanners","10":"product_cat-refurbished-rugged-hardware","11":"pa_model-part-number-tc55ah-g011ee","12":"pa_model-part-number-tc55ah-g011es","13":"pa_model-part-number-tc55ah-gc11ee","14":"pa_model-part-number-tc55ah-gc11es","15":"pa_model-part-number-tc55ah-j011ee","16":"pa_model-part-number-tc55ah-j011es","17":"pa_model-part-number-tc55ah-jc11ee","18":"pa_model-part-number-tc55ah-jc11es","19":"pa_model-part-number-tc55ah-kj11es","20":"pa_model-part-number-tc55ch-g011es","22":"first","23":"instock","24":"taxable","25":"shipping-taxable","26":"purchasable","27":"product-type-variable"},"acf":[],"_links":{"self":[{"href":"https:\/\/micronordic.com\/sv\/wp-json\/wp\/v2\/product\/80279","targetHints":{"allow":["GET"]}}],"collection":[{"href":"https:\/\/micronordic.com\/sv\/wp-json\/wp\/v2\/product"}],"about":[{"href":"https:\/\/micronordic.com\/sv\/wp-json\/wp\/v2\/types\/product"}],"author":[{"embeddable":true,"href":"https:\/\/micronordic.com\/sv\/wp-json\/wp\/v2\/users\/16"}],"version-history":[{"count":2,"href":"https:\/\/micronordic.com\/sv\/wp-json\/wp\/v2\/product\/80279\/revisions"}],"predecessor-version":[{"id":98514,"href":"https:\/\/micronordic.com\/sv\/wp-json\/wp\/v2\/product\/80279\/revisions\/98514"}],"wp:featuredmedia":[{"embeddable":true,"href":"https:\/\/micronordic.com\/sv\/wp-json\/wp\/v2\/media\/100308"}],"wp:attachment":[{"href":"https:\/\/micronordic.com\/sv\/wp-json\/wp\/v2\/media?parent=80279"}],"wp:term":[{"taxonomy":"product-condition","embeddable":true,"href":"https:\/\/micronordic.com\/sv\/wp-json\/wp\/v2\/product-condition?post=80279"},{"taxonomy":"product_brand","embeddable":true,"href":"https:\/\/micronordic.com\/sv\/wp-json\/wp\/v2\/product_brand?post=80279"},{"taxonomy":"product_cat","embeddable":true,"href":"https:\/\/micronordic.com\/sv\/wp-json\/wp\/v2\/product_cat?post=80279"},{"taxonomy":"product_tag","embeddable":true,"href":"https:\/\/micronordic.com\/sv\/wp-json\/wp\/v2\/product_tag?post=80279"}],"curies":[{"name":"wp","href":"https:\/\/api.w.org\/{rel}","templated":true}]}}