{"id":80277,"date":"2018-04-26T13:46:57","date_gmt":"2018-04-26T11:46:57","guid":{"rendered":"https:\/\/micronordic.com\/product\/zebra-tc70-tc700k-mobil-handdator-renoverad\/"},"modified":"2025-11-20T12:43:38","modified_gmt":"2025-11-20T11:43:38","slug":"zebra-tc70-rugged-touch-computer-refurbished","status":"publish","type":"product","link":"https:\/\/micronordic.com\/sv\/product\/zebra-tc70-rugged-touch-computer-refurbished\/","title":{"rendered":"Zebra TC70 Handheld Mobile Computer (EX-DEMO)"},"content":{"rendered":"<?xml encoding=\"utf-8\" ?><h2 data-start=\"492\" data-end=\"552\">Zebra TC70 Handheld Mobile Computer (EX-DEMO \/ NEW-IN-BOX)<\/h2><p data-start=\"554\" data-end=\"1056\"><strong data-start=\"558\" data-end=\"597\">Zebra TC70 Handheld Mobile Computer<\/strong> &auml;r en rugged f&ouml;retagsenhet som blandar den intuitiva designen hos en smartphone med den h&aring;llbarhet och funktionalitet som kr&auml;vs f&ouml;r professionell anv&auml;ndning. Den &auml;r byggd f&ouml;r kr&auml;vande branscher som logistik, tillverkning och detaljhandel och s&auml;kerst&auml;ller tillf&ouml;rlitlig datainsamling och kommunikation &auml;ven i de tuffaste milj&ouml;erna. <\/p><p>TC70 finns tillg&auml;nglig hos <strong data-start=\"921\" data-end=\"937\">Micro Nordic<\/strong> som b&aring;de <strong data-start=\"946\" data-end=\"957\">EX-DEMO<\/strong> och <strong data-start=\"962\" data-end=\"976\">NEW-IN-BOX<\/strong> och erbjuder flexibilitet f&ouml;r alla budgetar &ndash; helt renoverad eller helt ny. EX-DEMO-enheter inkluderar en 12-m&aring;naders garanti fr&aring;n Micro Nordic, medan NEW-IN-BOX-enheter inkluderar den vanliga 2-&aring;rsgarantin fr&aring;n tillverkaren. <\/p><h2 data-start=\"1058\" data-end=\"1118\">Viktiga funktioner i Zebra TC70 Handheld Mobile Computer<\/h2><ul data-start=\"1119\" data-end=\"1921\">\n<li data-start=\"1119\" data-end=\"1206\">\n<p data-start=\"1121\" data-end=\"1206\"><strong data-start=\"1121\" data-end=\"1148\">Design i f&ouml;retagsklass<\/strong> &ndash; Kombinerar smartphone-anv&auml;ndbarhet med rugged h&aring;llbarhet.<\/p>\n<\/li>\n<li data-start=\"1207\" data-end=\"1311\">\n<p data-start=\"1209\" data-end=\"1311\"><strong data-start=\"1209\" data-end=\"1232\">Peksk&auml;rm<\/strong> &ndash; 4,7&Prime; Corning&reg; Gorilla&reg; Glass 2-sk&auml;rm som fungerar med handskar eller v&aring;ta h&auml;nder.<\/p>\n<\/li>\n<li data-start=\"1312\" data-end=\"1415\">\n<p data-start=\"1314\" data-end=\"1415\"><strong data-start=\"1314\" data-end=\"1338\">Kraftfull prestanda<\/strong> &ndash; dubbelk&auml;rnig processor p&aring; 1,7 GHz med Android&trade; OS f&ouml;r moderna f&ouml;retagsappar.<\/p>\n<\/li>\n<li data-start=\"1416\" data-end=\"1523\">\n<p data-start=\"1418\" data-end=\"1523\"><strong data-start=\"1418\" data-end=\"1447\">Avancerad streckkodsl&auml;sning<\/strong> &ndash; Integrerad SE4750 1D\/2D-imager f&ouml;r blixtsnabb och exakt avl&auml;sning.<\/p>\n<\/li>\n<li data-start=\"1524\" data-end=\"1623\">\n<p data-start=\"1526\" data-end=\"1623\"><strong data-start=\"1526\" data-end=\"1551\">Tillf&ouml;rlitlig anslutning<\/strong> &ndash; Wi-Fi med dubbla band (802.11 a\/b\/g\/n), Bluetooth&reg; 4.0 och NFC som tillval.<\/p>\n<\/li>\n<li data-start=\"1624\" data-end=\"1720\">\n<p data-start=\"1626\" data-end=\"1720\"><strong data-start=\"1626\" data-end=\"1658\">Byggd f&ouml;r tuffa milj&ouml;er<\/strong> &ndash; IP67-klassad, falltestad upp till 2,4 m (8 ft) p&aring; betong.<\/p>\n<\/li>\n<li data-start=\"1721\" data-end=\"1804\">\n<p data-start=\"1723\" data-end=\"1804\"><strong data-start=\"1723\" data-end=\"1752\">Flexibel energihantering<\/strong> &ndash; Batteri med h&ouml;g kapacitet f&ouml;r produktivitet hela dagen.<\/p>\n<\/li>\n<li data-start=\"1805\" data-end=\"1921\">\n<p data-start=\"1807\" data-end=\"1921\"><strong data-start=\"1807\" data-end=\"1831\">Konfigurerbara alternativ<\/strong> &ndash; Finns som <strong data-start=\"1847\" data-end=\"1858\">EX-DEMO<\/strong> (testad och renoverad) eller <strong data-start=\"1887\" data-end=\"1901\">NEW-IN-BOX<\/strong> (fabriksf&ouml;rseglad).<\/p>\n<\/li>\n<\/ul><h2 data-start=\"1923\" data-end=\"1940\">Viktiga f&ouml;rdelar<\/h2><h3 data-start=\"1942\" data-end=\"1980\">Byggd f&ouml;r de tuffaste arbetsfl&ouml;dena<\/h3><p data-start=\"1981\" data-end=\"2232\">TC70:s ruggade h&ouml;lje och IP67-t&auml;tning skyddar den mot fall, damm och vatten, vilket g&ouml;r den idealisk f&ouml;r lager, produktionslinjer och f&auml;ltarbete utomhus. Den ger den prestanda och tillf&ouml;rlitlighet som kr&auml;vs f&ouml;r kontinuerlig daglig anv&auml;ndning utan kompromisser. <\/p><h3 data-start=\"2234\" data-end=\"2277\">Val mellan EX-DEMO och NEW-IN-BOX<\/h3><p data-start=\"2278\" data-end=\"2615\">Hos <strong data-start=\"2281\" data-end=\"2297\">Micro Nordic<\/strong> kan kunderna v&auml;lja mellan <strong data-start=\"2328\" data-end=\"2339\">EX-DEMO-enheter<\/strong> &ndash; noggrant testade, rengjorda och &aring;terst&auml;llda till n&auml;stan nyskick &ndash; och <strong data-start=\"2416\" data-end=\"2430\">NEW-IN-BOX-enheter<\/strong> som &auml;r fabriksf&ouml;rseglade och or&ouml;rda. B&aring;da erbjuder utm&auml;rkt prestanda, men EX-DEMO-alternativet ger betydande kostnadsbesparingar f&ouml;r f&ouml;retag som hanterar storskaliga implementeringar. <\/p><h3 data-start=\"2617\" data-end=\"2653\">&Ouml;verl&auml;gsen skanning och noggrannhet<\/h3><p data-start=\"2654\" data-end=\"2878\">TC70 &auml;r utrustad med Zebras SE4750-imager och f&aring;ngar 1D- och 2D-streckkoder direkt, &auml;ven om de &auml;r skadade eller d&aring;ligt utskrivna. Medarbetarna kan skanna streckkoder i olika vinklar och p&aring; olika avst&aring;nd, vilket f&ouml;rb&auml;ttrar arbetsfl&ouml;dets effektivitet och noggrannhet. <\/p><h3 data-start=\"2880\" data-end=\"2922\">Intuitiv peksk&auml;rm och ergonomi<\/h3><p data-start=\"2923\" data-end=\"3137\">Den 4,7&Prime; stora peksk&auml;rmen &auml;r ljusstark, handskkompatibel och rept&aring;lig, vilket ger s&ouml;ml&ouml;s interaktion i alla milj&ouml;er. Den ergonomiska formfaktorn ger komfort under l&aring;nga arbetspass och minskar tr&ouml;ttheten hos operat&ouml;ren. <\/p><h3 data-start=\"3139\" data-end=\"3166\">S&auml;ker och hanterbar<\/h3><p data-start=\"3167\" data-end=\"3381\">Med Android&trade;-verktyg f&ouml;r f&ouml;retagshantering och Zebras programvarusvit Mobility DNA &auml;r TC70 s&auml;ker, skalbar och enkel att integrera med befintliga IT-system &ndash; vilket g&ouml;r enhetshanteringen enkel f&ouml;r f&ouml;retag.<\/p><h2 data-start=\"3383\" data-end=\"3403\">Idealiska anv&auml;ndningsfall<\/h2><ul data-start=\"3404\" data-end=\"3886\">\n<li data-start=\"3404\" data-end=\"3516\">\n<p data-start=\"3406\" data-end=\"3516\"><strong data-start=\"3406\" data-end=\"3431\">Lager &amp; Logistik<\/strong> &ndash; Snabb scanning och tillf&ouml;rlitlig uppkoppling f&ouml;r orderplockning och lagerstyrning.<\/p>\n<\/li>\n<li data-start=\"3517\" data-end=\"3615\">\n<p data-start=\"3519\" data-end=\"3615\"><strong data-start=\"3519\" data-end=\"3549\">Tillverkning och produktion<\/strong> &ndash; Rugged och exakt f&ouml;r monteringslinjer och kvalitetsinspektion.<\/p>\n<\/li>\n<li data-start=\"3616\" data-end=\"3698\">\n<p data-start=\"3618\" data-end=\"3698\"><strong data-start=\"3618\" data-end=\"3644\">Retail &amp; Point of Sale<\/strong> &ndash; Effektiviserad mobil utcheckning och hyllhantering.<\/p>\n<\/li>\n<li data-start=\"3699\" data-end=\"3788\">\n<p data-start=\"3701\" data-end=\"3788\"><strong data-start=\"3701\" data-end=\"3732\">F&auml;ltservice och underh&aring;ll<\/strong> &ndash; P&aring;litlig prestanda utomhus och l&aring;ng batteritid.<\/p>\n<\/li>\n<li data-start=\"3789\" data-end=\"3886\">\n<p data-start=\"3791\" data-end=\"3886\"><strong data-start=\"3791\" data-end=\"3820\">Public Sector &amp; Utilities<\/strong> &ndash; H&aring;llbar dataf&aring;ngst f&ouml;r dokumentation av inspektioner och reparationer.<\/p>\n<\/li>\n<\/ul><h2 data-start=\"3888\" data-end=\"3912\">Produktj&auml;mf&ouml;relser<\/h2><p data-start=\"3913\" data-end=\"4094\"><strong data-start=\"3917\" data-end=\"3931\">Zebra TC70<\/strong> levererar smartphone-liknande anv&auml;ndbarhet i kombination med rugged h&aring;llbarhet f&ouml;r professionell anv&auml;ndning. F&ouml;r organisationer som j&auml;mf&ouml;r alternativ hos <strong data-start=\"4065\" data-end=\"4081\">Micro Nordic<\/strong>, &ouml;verv&auml;g: <\/p><ul data-start=\"4095\" data-end=\"4482\">\n<li data-start=\"4095\" data-end=\"4220\">\n<p data-start=\"4097\" data-end=\"4220\"><a href=\"https:\/\/micronordic.com\/product\/zebra-tc75x-mobile-handheld-computer-refurbished\/\"><strong data-start=\"4097\" data-end=\"4147\">Zebra TC75x Handheld Mobile Computer <\/strong><\/a> &ndash; En mer avancerad version med 4G LTE-anslutning och ut&ouml;kad r&auml;ckvidd.<\/p>\n<\/li>\n<li data-start=\"4221\" data-end=\"4348\">\n<p data-start=\"4223\" data-end=\"4348\"><a href=\"https:\/\/micronordic.com\/product\/zebra-tc77-mobile-handheld-computer-refurbished\/\"><strong data-start=\"4223\" data-end=\"4268\">Zebra TC77 Handheld Mobile Computer <\/strong><\/a> &ndash; N&auml;sta generations efterf&ouml;ljare med uppgraderad bearbetning och 5G-funktioner.<\/p>\n<\/li>\n<li data-start=\"4349\" data-end=\"4482\">\n<p data-start=\"4351\" data-end=\"4482\"><a href=\"https:\/\/micronordic.com\/product\/zebra-tc56-mobile-handheld-computer-refurbished\/\"><strong data-start=\"4351\" data-end=\"4400\">Zebra TC56 Handheld Mobile Computer <\/strong><\/a> &ndash; En l&auml;ttare Semi-Rugged-modell som erbjuder f&ouml;rb&auml;ttrad mobilitet och Wi-Fi-prestanda.<\/p>\n<\/li>\n<\/ul>\n","protected":false},"excerpt":{"rendered":"<p>V\u00c4LJ EN VARIANT NEDAN! Ring oss om du beh\u00f6ver hj\u00e4lp med att hitta r\u00e4tt produktvariant. <\/p>\n<h3>Specifikationer:<\/h3>\n<ul>\n<li><strong>Sk\u00e4rm:<\/strong> 4,7\u2033 HD (1280\u00d7720) kapacitiv peksk\u00e4rm, Corning\u00ae Gorilla\u00ae Glass 2<\/li>\n<li><strong>Processor:<\/strong> Dubbelk\u00e4rnig 1,7 GHz OMAP 4<\/li>\n<li><strong>Grafik:<\/strong> Integrerad grafikmotor<\/li>\n<li><strong>Minne:<\/strong> 1 GB RAM \/ 8 GB Flash<\/li>\n<li><strong>Lagring:<\/strong> microSD-kortplats (upp till 32 GB)<\/li>\n<li><strong>Anslutningsm\u00f6jligheter:<\/strong> Wi-Fi 802.11 a\/b\/g\/n, Bluetooth\u00ae 4.0, NFC (tillval)<\/li>\n<li><strong>Rugged certifieringar:<\/strong> IP67, 2,4 m (8 ft) fallt\u00e5lighet<\/li>\n<li><strong>S\u00e4kerhet:<\/strong> Android\u2122-hanteringsverktyg i f\u00f6retagsklass<\/li>\n<li><strong>Batteri:<\/strong> 4620 mAh Li-ion l\u00f6stagbart batteri<\/li>\n<li><strong>M\u00e5tt och vikt:<\/strong> 161 \u00d7 84 \u00d7 28 mm, ca 376 g med batteri <\/li>\n<li><strong>Garanti:<\/strong> 12 m\u00e5nader EX-DEMO \/ 2 \u00e5r NEW-IN-BOX<\/li>\n<\/ul>\n<p><strong>V\u00e4nligen v\u00e4lj r\u00e4tt modell nedan innan du l\u00e4gger den i varukorgen<\/strong><\/p>\n","protected":false},"author":16,"featured_media":100353,"template":"","meta":{"_acf_changed":false,"inline_featured_image":false},"product-condition":[5286],"product_brand":[9005],"product_cat":[5224,5217,5223],"product_tag":[3562,3492,3548,3520,3534,3506],"class_list":{"0":"post-80277","1":"product","2":"type-product","3":"status-publish","4":"has-post-thumbnail","6":"product-condition-ex-demo","7":"product_brand-zebra","8":"product_cat-zebra","9":"product_cat-all-barcode-scanners","10":"product_cat-refurbished-rugged-hardware","11":"product_tag-tc700h-gc11es-ia-sv","12":"product_tag-tc700h-gc11es-in-sv","13":"product_tag-tc700h-gc11es-na-sv","14":"product_tag-tc700h-kc11es-ia-sv","15":"product_tag-tc700h-kc11es-in-sv","16":"product_tag-tc700h-kc11es-na-sv","17":"pa_model-part-number-tc700j-0wc22b0-a3","18":"pa_model-part-number-tc700k-02b22b0-a6","19":"pa_model-part-number-tc700k-02b24b0-a6","20":"pa_model-part-number-tc700k-0mb22b0-a6","21":"pa_model-part-number-tc700k-0mb24b0-a6","23":"first","24":"instock","25":"taxable","26":"shipping-taxable","27":"purchasable","28":"product-type-variable","29":"has-default-attributes"},"acf":[],"_links":{"self":[{"href":"https:\/\/micronordic.com\/sv\/wp-json\/wp\/v2\/product\/80277","targetHints":{"allow":["GET"]}}],"collection":[{"href":"https:\/\/micronordic.com\/sv\/wp-json\/wp\/v2\/product"}],"about":[{"href":"https:\/\/micronordic.com\/sv\/wp-json\/wp\/v2\/types\/product"}],"author":[{"embeddable":true,"href":"https:\/\/micronordic.com\/sv\/wp-json\/wp\/v2\/users\/16"}],"version-history":[{"count":2,"href":"https:\/\/micronordic.com\/sv\/wp-json\/wp\/v2\/product\/80277\/revisions"}],"predecessor-version":[{"id":98541,"href":"https:\/\/micronordic.com\/sv\/wp-json\/wp\/v2\/product\/80277\/revisions\/98541"}],"wp:featuredmedia":[{"embeddable":true,"href":"https:\/\/micronordic.com\/sv\/wp-json\/wp\/v2\/media\/100353"}],"wp:attachment":[{"href":"https:\/\/micronordic.com\/sv\/wp-json\/wp\/v2\/media?parent=80277"}],"wp:term":[{"taxonomy":"product-condition","embeddable":true,"href":"https:\/\/micronordic.com\/sv\/wp-json\/wp\/v2\/product-condition?post=80277"},{"taxonomy":"product_brand","embeddable":true,"href":"https:\/\/micronordic.com\/sv\/wp-json\/wp\/v2\/product_brand?post=80277"},{"taxonomy":"product_cat","embeddable":true,"href":"https:\/\/micronordic.com\/sv\/wp-json\/wp\/v2\/product_cat?post=80277"},{"taxonomy":"product_tag","embeddable":true,"href":"https:\/\/micronordic.com\/sv\/wp-json\/wp\/v2\/product_tag?post=80277"}],"curies":[{"name":"wp","href":"https:\/\/api.w.org\/{rel}","templated":true}]}}