{"id":80275,"date":"2018-04-26T13:46:57","date_gmt":"2018-04-26T11:46:57","guid":{"rendered":"https:\/\/micronordic.com\/product\/zebra-tc75-tc75ah-mobil-handdator-renoverad\/"},"modified":"2025-11-20T11:51:37","modified_gmt":"2025-11-20T10:51:37","slug":"zebra-tc75-mobile-handheld-computer-refurbished","status":"publish","type":"product","link":"https:\/\/micronordic.com\/sv\/product\/zebra-tc75-mobile-handheld-computer-refurbished\/","title":{"rendered":"Zebra TC75 Handheld Mobile Computer (EX-DEMO)"},"content":{"rendered":"<?xml encoding=\"utf-8\" ?><h2 data-start=\"482\" data-end=\"542\">Zebra TC75 Handheld Mobile Computer (EX-DEMO \/ NEW-IN-BOX)<\/h2><p data-start=\"544\" data-end=\"1059\"><strong data-start=\"548\" data-end=\"587\">Zebra TC75 Handheld Mobile Computer<\/strong> tar f&ouml;retagets mobilitet till n&auml;sta niv&aring; med 4G LTE-anslutning, en rugged konstruktion och en h&ouml;gpresterande Android&trade;-plattform. Den &auml;r utformad f&ouml;r yrkesverksamma som beh&ouml;ver tillf&ouml;rlitlig kommunikation och data&aring;tkomst p&aring; f&auml;ltet och kombinerar de b&auml;sta funktionerna i TC70 med ut&ouml;kade anslutningsm&ouml;jligheter och f&ouml;rb&auml;ttrad h&aring;llbarhet. TC75 finns tillg&auml;nglig hos <g id=\"gid_1\">Micro Nordic<\/g> som b&aring;de <g id=\"gid_2\">EX-DEMO<\/g> och <g id=\"gid_3\">NEW-IN-BOX<\/g> och &auml;r en smart investering f&ouml;r f&ouml;retag som s&ouml;ker p&aring;litlig och rugged prestanda. EX-DEMO-enheter har 12 m&aring;naders garanti, medan NEW-IN-BOX-enheter har den vanliga 2-&aring;rsgarantin fr&aring;n tillverkaren.   <\/p><h2 data-start=\"1061\" data-end=\"1121\">Viktiga funktioner i Zebra TC75 Handheld Mobile Computer<\/h2><ul data-start=\"1122\" data-end=\"1862\">\n<li data-start=\"1122\" data-end=\"1219\">\n<p data-start=\"1124\" data-end=\"1219\"><strong data-start=\"1124\" data-end=\"1152\">Rugged enterprise design<\/strong> &ndash; Kombinerar smartphone-anv&auml;ndbarhet med industriklassad t&aring;lighet.<\/p>\n<\/li>\n<li data-start=\"1220\" data-end=\"1317\">\n<p data-start=\"1222\" data-end=\"1317\"><strong data-start=\"1222\" data-end=\"1245\">4G LTE-anslutning<\/strong> &ndash; ger tillg&aring;ng till data, applikationer och kommunikation i realtid.<\/p>\n<\/li>\n<li data-start=\"1318\" data-end=\"1428\">\n<p data-start=\"1320\" data-end=\"1428\"><strong data-start=\"1320\" data-end=\"1353\">Stor h&ouml;guppl&ouml;st<\/strong> sk&auml;rm &ndash; 4,7&Prime; Corning&reg; Gorilla&reg; Glass 2 peksk&auml;rm f&ouml;r klarhet och motst&aring;ndskraft.<\/p>\n<\/li>\n<li data-start=\"1429\" data-end=\"1533\">\n<p data-start=\"1431\" data-end=\"1533\"><strong data-start=\"1431\" data-end=\"1454\">Enterprise scanning<\/strong> &ndash; Inbyggd SE4750-imager f&ouml;r 1D\/2D-streckkodsinl&auml;sning, &auml;ven under d&aring;liga f&ouml;rh&aring;llanden.<\/p>\n<\/li>\n<li data-start=\"1534\" data-end=\"1605\">\n<p data-start=\"1536\" data-end=\"1605\"><strong data-start=\"1536\" data-end=\"1553\">Kraft hela dagen<\/strong> &ndash; Batteri med h&ouml;g kapacitet och m&ouml;jlighet till hot-swap.<\/p>\n<\/li>\n<li data-start=\"1606\" data-end=\"1737\">\n<p data-start=\"1608\" data-end=\"1737\"><strong data-start=\"1608\" data-end=\"1641\">Konfigurerbara k&ouml;palternativ<\/strong> &ndash; V&auml;lj mellan <strong data-start=\"1659\" data-end=\"1670\">EX-DEMO<\/strong> (professionellt renoverad) eller <strong data-start=\"1703\" data-end=\"1717\">NEW-IN-BOX<\/strong> (fabriksf&ouml;rseglad).<\/p>\n<\/li>\n<li data-start=\"1738\" data-end=\"1862\">\n<p data-start=\"1740\" data-end=\"1862\"><strong data-start=\"1740\" data-end=\"1773\">Ekosystem f&ouml;r f&ouml;retagsprogramvara<\/strong> &ndash; Kompatibel med Zebra Mobility DNA f&ouml;r verktyg f&ouml;r hantering, s&auml;kerhet och anslutning.<\/p>\n<\/li>\n<\/ul><h2 data-start=\"1864\" data-end=\"1881\">Viktiga f&ouml;rdelar<\/h2><h3 data-start=\"1883\" data-end=\"1931\">F&ouml;rb&auml;ttrad uppkoppling f&ouml;r f&auml;ltarbete<\/h3><p data-start=\"1932\" data-end=\"2220\">TC75 ut&ouml;kar kapaciteten hos sin f&ouml;reg&aring;ngare TC70 genom att l&auml;gga till 4G LTE-st&ouml;d, vilket g&ouml;r det m&ouml;jligt f&ouml;r f&auml;ltarbetare att h&aring;lla kontakten var som helst. Oavsett om de befinner sig p&aring; verkstadsgolvet, i en leveransbil eller ute p&aring; f&auml;ltet kan anv&auml;ndarna komma &aring;t molnsystem, kommunicera direkt och synkronisera data s&ouml;ml&ouml;st. <\/p><h3 data-start=\"2222\" data-end=\"2260\">Byggd f&ouml;r kr&auml;vande milj&ouml;er<\/h3><p data-start=\"2261\" data-end=\"2470\">Med IP67-t&auml;tning och fallt&aring;lighet upp till 2,4 meter &auml;r TC75 utformad f&ouml;r att klara st&ouml;tar, vibrationer, damm och vatten. Den fungerar tillf&ouml;rlitligt i lagerlokaler, fabriker och p&aring; arbetsplatser utomhus. <\/p><h3 data-start=\"2472\" data-end=\"2503\">Flexibla k&ouml;palternativ<\/h3><p data-start=\"2504\" data-end=\"2588\">Hos <strong data-start=\"2507\" data-end=\"2523\">Micro Nordic<\/strong> finns TC75 tillg&auml;nglig som b&aring;de <strong data-start=\"2555\" data-end=\"2566\">EX-DEMO<\/strong> och <strong data-start=\"2571\" data-end=\"2585\">NEW-IN-BOX<\/strong>.<\/p><ul data-start=\"2589\" data-end=\"2860\">\n<li data-start=\"2589\" data-end=\"2753\">\n<p data-start=\"2591\" data-end=\"2753\"><strong data-start=\"2591\" data-end=\"2602\">EX-DEMO-modellerna<\/strong> genomg&aring;r en fullst&auml;ndig renovering &ndash; inklusive ny plast, digitizer och funktionstest &ndash; vilket ger ett kostnadseffektivt alternativ till nya enheter.<\/p>\n<\/li>\n<li data-start=\"2754\" data-end=\"2860\">\n<p data-start=\"2756\" data-end=\"2860\"><strong data-start=\"2756\" data-end=\"2770\">NEW-IN-BOX-enheter<\/strong> &auml;r helt nya och fabriksf&ouml;rseglade, perfekt f&ouml;r f&ouml;retag som kr&auml;ver nya installationer.<\/p>\n<\/li>\n<\/ul><h3 data-start=\"2862\" data-end=\"2890\">Effektiv datainsamling<\/h3><p data-start=\"2891\" data-end=\"3086\">Zebras SE4750-imager s&auml;kerst&auml;ller snabb och exakt streckkodsskanning, &auml;ven p&aring; skadade etiketter. Den st&ouml;der en m&auml;ngd olika skanningsvinklar och avst&aring;nd, vilket optimerar produktiviteten i datatunga arbetsfl&ouml;den. <\/p><h3 data-start=\"3088\" data-end=\"3123\">Byggd f&ouml;r Android&trade; Enterprise<\/h3><p data-start=\"3124\" data-end=\"3270\">TC75 st&ouml;der moderna Android&trade;-verktyg i f&ouml;retagsklass, vilket garanterar s&auml;ker enhetshantering och kompatibilitet med kritiska aff&auml;rsapplikationer.<\/p><h2 data-start=\"3272\" data-end=\"3292\">Idealiska anv&auml;ndningsfall<\/h2><ul data-start=\"3293\" data-end=\"3769\">\n<li data-start=\"3293\" data-end=\"3386\">\n<p data-start=\"3295\" data-end=\"3386\"><strong data-start=\"3295\" data-end=\"3324\">Field Service &amp; Utilities<\/strong> &ndash; Tillf&ouml;rlitlig 4G-&aring;tkomst f&ouml;r inspektion, reparation och rapportering.<\/p>\n<\/li>\n<li data-start=\"3387\" data-end=\"3488\">\n<p data-start=\"3389\" data-end=\"3488\"><strong data-start=\"3389\" data-end=\"3419\">Logistics &amp; Transportation<\/strong> &ndash; Sp&aring;rning av data i realtid f&ouml;r leveranser och lagerverksamhet.<\/p>\n<\/li>\n<li data-start=\"3489\" data-end=\"3564\">\n<p data-start=\"3491\" data-end=\"3564\"><strong data-start=\"3491\" data-end=\"3508\">Tillverkning<\/strong> &ndash; H&aring;llbar och exakt f&ouml;r hantering av produktionslinjer.<\/p>\n<\/li>\n<li data-start=\"3565\" data-end=\"3661\">\n<p data-start=\"3567\" data-end=\"3661\"><strong data-start=\"3567\" data-end=\"3588\">Retail Operations<\/strong> &ndash; M&ouml;jligg&ouml;r mobil kassa- och lagerhantering var som helst i butiken.<\/p>\n<\/li>\n<li data-start=\"3662\" data-end=\"3769\">\n<p data-start=\"3664\" data-end=\"3769\"><strong data-start=\"3664\" data-end=\"3702\">Public Safety &amp; Emergency Response<\/strong> &ndash; Rugged design som passar f&ouml;r r&auml;ddningspersonal och polis.<\/p>\n<\/li>\n<\/ul><h2 data-start=\"3771\" data-end=\"3795\">Produktj&auml;mf&ouml;relser<\/h2><p data-start=\"3796\" data-end=\"3934\"><strong data-start=\"3800\" data-end=\"3814\">Zebra TC75<\/strong> kombinerar rugged mobilitet med mobilanslutning. F&ouml;r alternativa alternativ som finns tillg&auml;ngliga hos <strong data-start=\"3905\" data-end=\"3921\">Micro Nordic<\/strong>, &ouml;verv&auml;g: <\/p><ul data-start=\"3935\" data-end=\"4265\">\n<li data-start=\"3935\" data-end=\"4035\">\n<p data-start=\"3937\" data-end=\"4035\"><a href=\"https:\/\/micronordic.com\/product\/zebra-tc70-rugged-touch-computer-refurbished\/\"><strong data-start=\"3937\" data-end=\"3976\">Zebra TC70 Handheld Mobile Computer<\/strong><\/a> &ndash; Liknande design, endast Wi-Fi-modell f&ouml;r arbetsfl&ouml;den inomhus.<\/p>\n<\/li>\n<li data-start=\"4036\" data-end=\"4155\">\n<p data-start=\"4038\" data-end=\"4155\"><a href=\"https:\/\/micronordic.com\/product\/zebra-tc77-mobile-handheld-computer-refurbished\/\"><strong data-start=\"4038\" data-end=\"4077\">Zebra TC77 Handheld Mobile Computer<\/strong> <\/a>&ndash; N&auml;sta generations efterf&ouml;ljare med 5G-beredskap och f&ouml;rb&auml;ttrad prestanda.<\/p>\n<\/li>\n<li data-start=\"4156\" data-end=\"4265\">\n<p data-start=\"4158\" data-end=\"4265\"><a href=\"https:\/\/micronordic.com\/product\/zebra-tc56-mobile-handheld-computer-refurbished\/\"><strong data-start=\"4158\" data-end=\"4197\">Zebra TC56 Handheld Mobile Computer<\/strong> <\/a>&ndash; Ett l&auml;ttare Semi-Rugged-alternativ f&ouml;r kombinerad inomhus- och utomhusanv&auml;ndning.<\/p>\n<\/li>\n<\/ul>\n","protected":false},"excerpt":{"rendered":"<p>V\u00c4LJ EN VARIANT NEDAN! Ring oss om du beh\u00f6ver hj\u00e4lp med att hitta r\u00e4tt produktvariant. <\/p>\n<h3>Specifikationer:<\/h3>\n<ul>\n<li><strong>Sk\u00e4rm:<\/strong> 4,7\u2033 HD (1280\u00d7720) kapacitiv peksk\u00e4rm, Corning\u00ae Gorilla\u00ae Glass 2<\/li>\n<li><strong>Processor:<\/strong> Dubbelk\u00e4rnig 1,7 GHz OMAP 4<\/li>\n<li><strong>Grafik:<\/strong> Integrerad grafikmotor<\/li>\n<li><strong>Minne:<\/strong> 1 GB RAM \/ 8 GB Flash<\/li>\n<li><strong>Lagring:<\/strong> microSD-kortplats (upp till 32 GB)<\/li>\n<li><strong>Anslutningsm\u00f6jligheter:<\/strong> 4G LTE, Wi-Fi 802.11 a\/b\/g\/n, Bluetooth\u00ae 4.0, NFC (tillval)<\/li>\n<li><strong>Rugged certifieringar:<\/strong> IP67, 2,4 m (8 ft) fallt\u00e5lighet<\/li>\n<li><strong>S\u00e4kerhet:<\/strong> Android\u2122-hanteringsverktyg i f\u00f6retagsklass<\/li>\n<li><strong>Batteri:<\/strong> 4620 mAh Li-ion-batteri som kan bytas ut direkt<\/li>\n<li><strong>M\u00e5tt och vikt:<\/strong> 161 \u00d7 84 \u00d7 28 mm, ca 376 g med batteri <\/li>\n<li><strong>Garanti:<\/strong> 12 m\u00e5nader EX-DEMO \/ 2 \u00e5r NEW-IN-BOX<\/li>\n<\/ul>\n<p><strong>V\u00e4nligen v\u00e4lj r\u00e4tt modell nedan innan du l\u00e4gger den i varukorgen<\/strong><\/p>\n","protected":false},"author":16,"featured_media":100384,"template":"","meta":{"_acf_changed":false,"inline_featured_image":false},"product-condition":[5286],"product_brand":[9005],"product_cat":[5224,5217,5223],"product_tag":[3660,3618,3730,3632,3576,3716,3590,3702,3604,3688,3646,3674],"class_list":{"0":"post-80275","1":"product","2":"type-product","3":"status-publish","4":"has-post-thumbnail","6":"product-condition-ex-demo","7":"product_brand-zebra","8":"product_cat-zebra","9":"product_cat-all-barcode-scanners","10":"product_cat-refurbished-rugged-hardware","11":"product_tag-tc75ah-ga11es-a2-sv","12":"product_tag-tc75ah-ka11es-a1-sv","13":"product_tag-tc75ah-ka11es-a2-sv","14":"product_tag-tc75bh-ga11es-sv","15":"product_tag-tc75bh-ga11es-br-sv","16":"product_tag-tc75bh-ga11es-ia-sv","17":"product_tag-tc75bh-ga11es-tw-sv","18":"product_tag-tc75bh-ka11es-sv","19":"product_tag-tc75bh-ka11es-br-sv","20":"product_tag-tc75bh-ka11es-ia-sv","21":"product_tag-tc75bh-ka11es-tw-sv","22":"product_tag-tc75bh-ka11ms-cn-sv","23":"pa_model-part-number-tc75ah-ga11es","24":"pa_model-part-number-tc75ah-ga11es-a2","25":"pa_model-part-number-tc75ah-ka11es-a2","26":"pa_model-part-number-tc75bh-ga11es","27":"pa_model-part-number-tc75bh-ka11es","28":"pa_model-part-number-tc75fk-22b22ad-a6","30":"first","31":"instock","32":"taxable","33":"shipping-taxable","34":"purchasable","35":"product-type-variable"},"acf":[],"_links":{"self":[{"href":"https:\/\/micronordic.com\/sv\/wp-json\/wp\/v2\/product\/80275","targetHints":{"allow":["GET"]}}],"collection":[{"href":"https:\/\/micronordic.com\/sv\/wp-json\/wp\/v2\/product"}],"about":[{"href":"https:\/\/micronordic.com\/sv\/wp-json\/wp\/v2\/types\/product"}],"author":[{"embeddable":true,"href":"https:\/\/micronordic.com\/sv\/wp-json\/wp\/v2\/users\/16"}],"version-history":[{"count":2,"href":"https:\/\/micronordic.com\/sv\/wp-json\/wp\/v2\/product\/80275\/revisions"}],"predecessor-version":[{"id":98526,"href":"https:\/\/micronordic.com\/sv\/wp-json\/wp\/v2\/product\/80275\/revisions\/98526"}],"wp:featuredmedia":[{"embeddable":true,"href":"https:\/\/micronordic.com\/sv\/wp-json\/wp\/v2\/media\/100384"}],"wp:attachment":[{"href":"https:\/\/micronordic.com\/sv\/wp-json\/wp\/v2\/media?parent=80275"}],"wp:term":[{"taxonomy":"product-condition","embeddable":true,"href":"https:\/\/micronordic.com\/sv\/wp-json\/wp\/v2\/product-condition?post=80275"},{"taxonomy":"product_brand","embeddable":true,"href":"https:\/\/micronordic.com\/sv\/wp-json\/wp\/v2\/product_brand?post=80275"},{"taxonomy":"product_cat","embeddable":true,"href":"https:\/\/micronordic.com\/sv\/wp-json\/wp\/v2\/product_cat?post=80275"},{"taxonomy":"product_tag","embeddable":true,"href":"https:\/\/micronordic.com\/sv\/wp-json\/wp\/v2\/product_tag?post=80275"}],"curies":[{"name":"wp","href":"https:\/\/api.w.org\/{rel}","templated":true}]}}