{"id":80271,"date":"2018-04-26T13:46:55","date_gmt":"2018-04-26T11:46:55","guid":{"rendered":"https:\/\/micronordic.com\/product\/zebra-mc3200-mobil-handdator-renoverad\/"},"modified":"2025-11-24T16:59:35","modified_gmt":"2025-11-24T15:59:35","slug":"zebra-mc3200-mobile-handheld-computer-refurbished","status":"publish","type":"product","link":"https:\/\/micronordic.com\/sv\/product\/zebra-mc3200-mobile-handheld-computer-refurbished\/","title":{"rendered":"Zebra MC3200 Handheld Mobile Computer (EX-DEMO)"},"content":{"rendered":"<?xml encoding=\"utf-8\" ?><h2 data-start=\"461\" data-end=\"510\">Zebra MC3200 Handheld Mobile Computer (EX-DEMO)<\/h2><p data-start=\"512\" data-end=\"975\"><strong data-start=\"516\" data-end=\"557\">Zebra MC3200 Handheld Mobile Computer<\/strong> &auml;r en h&aring;llbar och m&aring;ngsidig enhet i mellanklassen som &auml;r byggd f&ouml;r professionell skanning och dataf&aring;ngst. Den &auml;r utformad f&ouml;r att &ouml;ka effektiviteten i lager-, detaljhandels- och logistikmilj&ouml;er och kombinerar tillf&ouml;rlitlig prestanda med ergonomisk komfort. Den h&auml;r modellen &auml;r tillg&auml;nglig fr&aring;n <strong data-start=\"812\" data-end=\"828\">Micro Nordic<\/strong> som en <strong data-start=\"835\" data-end=\"846\">EX-DEMO-enhet<\/strong> och har testats, renoverats och verifierats f&ouml;r att leverera tillf&ouml;rlitlig drift till ett mycket konkurrenskraftigt pris.  <\/p><p data-start=\"512\" data-end=\"975\"><strong>Ex-Demo enheter inkluderar en 12-m&aring;naders garanti fr&aring;n Micro Nordic.<\/strong><\/p><h2 data-start=\"977\" data-end=\"1039\">Viktiga funktioner i Zebra MC3200 Handheld Mobile Computer<\/h2><ul data-start=\"1040\" data-end=\"1889\">\n<li data-start=\"1040\" data-end=\"1184\">\n<p data-start=\"1042\" data-end=\"1184\">Pistol- <strong data-start=\"1042\" data-end=\"1077\">eller tegelstensdesign<\/strong> &ndash; V&auml;lj mellan ett traditionellt pistolgrepp f&ouml;r snabb scanning eller en modell med rak kropp f&ouml;r handh&aring;llen anv&auml;ndning.<\/p>\n<\/li>\n<li data-start=\"1185\" data-end=\"1265\">\n<p data-start=\"1187\" data-end=\"1265\"><strong data-start=\"1187\" data-end=\"1216\">L&auml;tt och ergonomisk<\/strong> &ndash; minskar f&ouml;rarens tr&ouml;tthet under l&aring;nga arbetspass.<\/p>\n<\/li>\n<li data-start=\"1266\" data-end=\"1362\">\n<p data-start=\"1268\" data-end=\"1362\"><strong data-start=\"1268\" data-end=\"1300\">Prestanda p&aring; f&ouml;retagsniv&aring;<\/strong> &ndash; Dual-core-processor s&auml;kerst&auml;ller smidig hantering av applikationer.<\/p>\n<\/li>\n<li data-start=\"1363\" data-end=\"1469\">\n<p data-start=\"1365\" data-end=\"1469\"><strong data-start=\"1365\" data-end=\"1394\">Avancerad streckkodsl&auml;sning<\/strong> &ndash; l&auml;ser 1D- och 2D-streckkoder snabbt, &auml;ven om de &auml;r skadade eller d&aring;ligt tryckta.<\/p>\n<\/li>\n<li data-start=\"1470\" data-end=\"1582\">\n<p data-start=\"1472\" data-end=\"1582\"><strong data-start=\"1472\" data-end=\"1499\">Flera konfigurationer<\/strong> &ndash; St&ouml;d f&ouml;r b&aring;de Android&trade; och Windows CE 7.0 f&ouml;r flexibel integrering i f&ouml;retag.<\/p>\n<\/li>\n<li data-start=\"1583\" data-end=\"1695\">\n<p data-start=\"1585\" data-end=\"1695\"><strong data-start=\"1585\" data-end=\"1609\">Slitstark konstruktion<\/strong> &ndash; Falltestad till 1,8 m och t&auml;tad enligt IP54-standarden f&ouml;r damm- och st&auml;nkskydd.<\/p>\n<\/li>\n<li data-start=\"1696\" data-end=\"1774\">\n<p data-start=\"1698\" data-end=\"1774\"><strong data-start=\"1698\" data-end=\"1723\">Batteri som kan bytas<\/strong> direkt &ndash; m&ouml;jligg&ouml;r kontinuerlig drift utan driftstopp.<\/p>\n<\/li>\n<li data-start=\"1775\" data-end=\"1889\">\n<p data-start=\"1777\" data-end=\"1889\"><strong data-start=\"1777\" data-end=\"1802\">EX-DEMO-certifiering<\/strong> &ndash; Fullst&auml;ndigt renoverad och verifierad, vilket garanterar l&aring;ngvarig prestanda till reducerad kostnad.<\/p>\n<\/li>\n<\/ul><h2 data-start=\"1891\" data-end=\"1908\">Viktiga f&ouml;rdelar<\/h2><h3 data-start=\"1910\" data-end=\"1950\">Kostnadseffektiv mobilitet f&ouml;r f&ouml;retag<\/h3><p data-start=\"1951\" data-end=\"2227\"><strong data-start=\"1955\" data-end=\"1971\">Zebra MC3200<\/strong> erbjuder prestanda f&ouml;r f&ouml;retag utan prislappen f&ouml;r en ny enhet. Varje EX-DEMO-enhet som s&auml;ljs av <strong data-start=\"2062\" data-end=\"2078\">Micro Nordic<\/strong> har genomg&aring;tt omfattande inspektion, reng&ouml;ring och komponentbyte &ndash; vilket ger tillf&ouml;rlitlig kvalitet till en br&aring;kdel av kostnaden f&ouml;r ny h&aring;rdvara. <\/p><h3 data-start=\"2229\" data-end=\"2261\">Ergonomisk pistolliknande design<\/h3><p data-start=\"2262\" data-end=\"2457\">MC3200:s <strong data-start=\"2275\" data-end=\"2303\">pistolliknande avtryckarhandtag<\/strong> g&ouml;r det m&ouml;jligt f&ouml;r anv&auml;ndare att utf&ouml;ra skanning av stora volymer med minimal anstr&auml;ngning, vilket g&ouml;r den perfekt f&ouml;r lagerplockare, logistikpersonal och butikskontrollanter.<\/p><h3 data-start=\"2459\" data-end=\"2509\">S&ouml;ml&ouml;s integration med f&ouml;retagssystem<\/h3><p data-start=\"2510\" data-end=\"2736\">MC3200 &auml;r kompatibel med Android&trade;- och Windows CE-plattformar och st&ouml;der popul&auml;ra lager- och inventariehanteringsapplikationer. Den kan ocks&aring; integreras med Zebras Mobility DNA-svit f&ouml;r enkel installation och fj&auml;rrhantering av enheter. <\/p><h3 data-start=\"2738\" data-end=\"2763\">Rugged och p&aring;litlig<\/h3><p data-start=\"2764\" data-end=\"2966\">MC3200 &auml;r byggd f&ouml;r h&aring;llbarhet och t&aring;l fall, damm och temperaturv&auml;xlingar. Oavsett om den anv&auml;nds i ett dammigt lager eller p&aring; ett hektiskt butiksgolv h&aring;ller den h&auml;r enheten verksamheten ig&aring;ng p&aring; ett effektivt s&auml;tt. <\/p><h3 data-start=\"2968\" data-end=\"3007\">Fullst&auml;ndigt renoverad EX-DEMO-kvalitet<\/h3><p data-start=\"3008\" data-end=\"3247\">Alla <strong data-start=\"3012\" data-end=\"3023\">EX-DEMO-enheter<\/strong> &auml;r noggrant testade, med utbytta plaster, digitaliserare och batterier d&auml;r s&aring; beh&ouml;vs. Enheterna levereras i generiska bruna l&aring;dor med standardtillbeh&ouml;r &ndash; ett smart och h&aring;llbart val f&ouml;r kostnadsmedvetna f&ouml;retag. <\/p><h2 data-start=\"3249\" data-end=\"3269\">Idealiska anv&auml;ndningsfall<\/h2><ul data-start=\"3270\" data-end=\"3720\">\n<li data-start=\"3270\" data-end=\"3361\">\n<p data-start=\"3272\" data-end=\"3361\"><strong data-start=\"3272\" data-end=\"3299\">Lager &amp; Logistik<\/strong> &ndash; Effektivt f&ouml;r orderplockning, packning och godssp&aring;rning.<\/p>\n<\/li>\n<li data-start=\"3362\" data-end=\"3446\">\n<p data-start=\"3364\" data-end=\"3446\"><strong data-start=\"3364\" data-end=\"3392\">Retail Inventory Control<\/strong> &ndash; effektiviserar lagerhantering och prisuppdateringar.<\/p>\n<\/li>\n<li data-start=\"3447\" data-end=\"3542\">\n<p data-start=\"3449\" data-end=\"3542\"><strong data-start=\"3449\" data-end=\"3477\">Manufacturing Operations<\/strong> &ndash; Tillf&ouml;rlitlig scanning och kommunikation p&aring; produktionsgolvet.<\/p>\n<\/li>\n<li data-start=\"3543\" data-end=\"3626\">\n<p data-start=\"3545\" data-end=\"3626\"><strong data-start=\"3545\" data-end=\"3576\">F&auml;ltservice och underh&aring;ll<\/strong> &ndash; H&aring;llbar f&ouml;r sp&aring;rning av tillg&aring;ngar utomhus eller mobilt.<\/p>\n<\/li>\n<li data-start=\"3627\" data-end=\"3720\">\n<p data-start=\"3629\" data-end=\"3720\"><strong data-start=\"3629\" data-end=\"3660\">Distribution &amp; Supply Chain<\/strong> &ndash; Realtidsskanning f&ouml;r smidigt datafl&ouml;de och effektivitet.<\/p>\n<\/li>\n<\/ul><h2 data-start=\"3722\" data-end=\"3746\">Produktj&auml;mf&ouml;relser<\/h2><p data-start=\"3747\" data-end=\"3822\">F&ouml;r organisationer som &ouml;verv&auml;ger alternativ erbjuder <strong data-start=\"3791\" data-end=\"3807\">Micro Nordic<\/strong> ocks&aring;:<\/p><ul data-start=\"3823\" data-end=\"4197\">\n<li data-start=\"3823\" data-end=\"3965\">\n<p data-start=\"3825\" data-end=\"3965\"><a href=\"https:\/\/micronordic.com\/product\/zebra-mc3300-mobile-handheld-computer-refurbished\/\"><strong data-start=\"3825\" data-end=\"3876\">Zebra MC3300 Handheld Mobile Computer<\/strong> <\/a>&ndash; N&auml;sta generations modell med Android&trade;, f&ouml;rb&auml;ttrad ergonomi och snabbare bearbetning.<\/p>\n<\/li>\n<li data-start=\"3966\" data-end=\"4080\">\n<p data-start=\"3968\" data-end=\"4080\"><a href=\"https:\/\/micronordic.com\/product\/zebra-mc9200-mobile-handheld-computer-refurbished\/\"><strong data-start=\"3968\" data-end=\"4009\">Zebra MC9200 Handheld Mobile Computer<\/strong> <\/a>&ndash; En avancerad pistolskanner med &ouml;verl&auml;gsen r&auml;ckvidd och h&aring;llbarhet.<\/p>\n<\/li>\n<li data-start=\"4081\" data-end=\"4197\">\n<p data-start=\"4083\" data-end=\"4197\"><strong data-start=\"4083\" data-end=\"4135\"><a href=\"https:\/\/micronordic.com\/product\/zebra-tc57ho-mobile-handheld-computer-refurbished\/\">Zebra TC75 Handheld Mobile Computer<\/a> <\/strong>&ndash; En rugged Android-enhet med peksk&auml;rm f&ouml;r mobil anv&auml;ndning ute p&aring; f&auml;ltet.<\/p>\n<\/li>\n<\/ul>\n","protected":false},"excerpt":{"rendered":"<p>V\u00c4LJ EN VARIANT NEDAN! Ring oss om du beh\u00f6ver hj\u00e4lp med att hitta r\u00e4tt produktvariant. <\/p>\n<h3>Specifikationer:<\/h3>\n<ul>\n<li><strong>Sk\u00e4rm:<\/strong> 3,2\u2033 QVGA-peksk\u00e4rm i f\u00e4rg<\/li>\n<li><strong>Processor:<\/strong> Dubbelk\u00e4rnig 1 GHz OMAP 4-processor<\/li>\n<li><strong>Grafik:<\/strong> Integrerad grafikmotor<\/li>\n<li><strong>Minne:<\/strong> 512 MB \/ 1 GB RAM-alternativ<\/li>\n<li><strong>Lagring:<\/strong> 2 GB \/ 4 GB Flash, utbyggbar via microSD (upp till 32 GB)<\/li>\n<li><strong>Anslutningsm\u00f6jligheter:<\/strong> Wi-Fi 802.11 a\/b\/g\/n, Bluetooth\u00ae 2.1 + EDR<\/li>\n<li><strong>Rugged certifieringar:<\/strong> IP54, 1,8 m (6 ft) fallt\u00e5lighet<\/li>\n<li><strong>S\u00e4kerhet:<\/strong> F\u00f6retagss\u00e4kerhet och kryptering p\u00e5 OS-niv\u00e5<\/li>\n<li><strong>Batteri:<\/strong> 2740 mAh Li-ion-batteri som kan bytas ut direkt<\/li>\n<li><strong>M\u00e5tt och vikt:<\/strong> 193 \u00d7 70 \u00d7 35 mm, ca 370 g med batteri <\/li>\n<li><strong>Garanti:<\/strong> 12 m\u00e5naders EX-DEMO-garanti fr\u00e5n Micro Nordic<\/li>\n<\/ul>\n<p><strong>V\u00e4nligen v\u00e4lj r\u00e4tt modell nedan innan du l\u00e4gger den i varukorgen<\/strong><\/p>\n","protected":false},"author":16,"featured_media":100451,"template":"","meta":{"_acf_changed":false,"inline_featured_image":false},"product-condition":[5286],"product_brand":[9005],"product_cat":[5224,5217,5223],"product_tag":[],"class_list":{"0":"post-80271","1":"product","2":"type-product","3":"status-publish","4":"has-post-thumbnail","6":"product-condition-ex-demo","7":"product_brand-zebra","8":"product_cat-zebra","9":"product_cat-all-barcode-scanners","10":"product_cat-refurbished-rugged-hardware","11":"pa_model-part-number-mc32n0-gf4hcle0a","12":"pa_model-part-number-mc32n0-gi3hcheia","13":"pa_model-part-number-mc32n0-gl2hcle0a","14":"pa_model-part-number-mc32n0-gl4haheia","15":"pa_model-part-number-mc32n0-rl2sclk0a","16":"pa_model-part-number-mc32n0-rl3sclc0a","17":"pa_model-part-number-mc32n0-rl4saheia","18":"pa_model-part-number-mc32n0-si3hcle0a","19":"pa_model-part-number-mc32n0-si3scheia","20":"pa_model-part-number-mc32n0-si4scle0a","22":"first","23":"instock","24":"taxable","25":"shipping-taxable","26":"purchasable","27":"product-type-variable"},"acf":[],"_links":{"self":[{"href":"https:\/\/micronordic.com\/sv\/wp-json\/wp\/v2\/product\/80271","targetHints":{"allow":["GET"]}}],"collection":[{"href":"https:\/\/micronordic.com\/sv\/wp-json\/wp\/v2\/product"}],"about":[{"href":"https:\/\/micronordic.com\/sv\/wp-json\/wp\/v2\/types\/product"}],"author":[{"embeddable":true,"href":"https:\/\/micronordic.com\/sv\/wp-json\/wp\/v2\/users\/16"}],"version-history":[{"count":2,"href":"https:\/\/micronordic.com\/sv\/wp-json\/wp\/v2\/product\/80271\/revisions"}],"predecessor-version":[{"id":98612,"href":"https:\/\/micronordic.com\/sv\/wp-json\/wp\/v2\/product\/80271\/revisions\/98612"}],"wp:featuredmedia":[{"embeddable":true,"href":"https:\/\/micronordic.com\/sv\/wp-json\/wp\/v2\/media\/100451"}],"wp:attachment":[{"href":"https:\/\/micronordic.com\/sv\/wp-json\/wp\/v2\/media?parent=80271"}],"wp:term":[{"taxonomy":"product-condition","embeddable":true,"href":"https:\/\/micronordic.com\/sv\/wp-json\/wp\/v2\/product-condition?post=80271"},{"taxonomy":"product_brand","embeddable":true,"href":"https:\/\/micronordic.com\/sv\/wp-json\/wp\/v2\/product_brand?post=80271"},{"taxonomy":"product_cat","embeddable":true,"href":"https:\/\/micronordic.com\/sv\/wp-json\/wp\/v2\/product_cat?post=80271"},{"taxonomy":"product_tag","embeddable":true,"href":"https:\/\/micronordic.com\/sv\/wp-json\/wp\/v2\/product_tag?post=80271"}],"curies":[{"name":"wp","href":"https:\/\/api.w.org\/{rel}","templated":true}]}}