{"id":101929,"date":"2025-11-24T17:39:06","date_gmt":"2025-11-24T16:39:06","guid":{"rendered":"https:\/\/micronordic.com\/product\/dell-pro-rugged-13-laptop-ny\/"},"modified":"2026-01-20T12:12:49","modified_gmt":"2026-01-20T11:12:49","slug":"dell-pro-rugged-13-laptop","status":"publish","type":"product","link":"https:\/\/micronordic.com\/sv\/product\/dell-pro-rugged-13-laptop\/","title":{"rendered":"Dell Pro Rugged 13 Laptop (NY)"},"content":{"rendered":"<?xml encoding=\"utf-8\" ?><h2 data-start=\"47\" data-end=\"81\">Dell Pro Rugged 13 Laptop (NY)<\/h2><p data-start=\"83\" data-end=\"608\"><strong data-start=\"87\" data-end=\"116\">Dell Pro Rugged 13 Laptop<\/strong> &auml;r en kompakt, <strong>helt rugged<\/strong> Windows-notebook som &auml;r konstruerad f&ouml;r tillf&ouml;rlitlig prestanda i kr&auml;vande f&auml;ltmilj&ouml;er. Den &auml;r utformad f&ouml;r att fungera d&auml;r b&auml;rbara datorer f&ouml;r konsumenter misslyckas och kombinerar f&ouml;rst&auml;rkt konstruktion med komponenter i f&ouml;retagsklass, f&ouml;rseglad I\/O och starka anslutningsm&ouml;jligheter. F&ouml;r team som arbetar i fordon, dep&aring;er, fabriker, utomhusanl&auml;ggningar eller avl&auml;gsna platser ger den en balans mellan b&auml;rbarhet, h&aring;llbarhet och professionell produktivitet som st&ouml;der l&aring;nga skift och uppdragskritiska uppgifter.  <\/p><p data-start=\"610\" data-end=\"1004\">Som en <strong data-start=\"615\" data-end=\"622\">ny<\/strong> enhet har <strong data-start=\"635\" data-end=\"664\">Dell Pro Rugged 13 Laptop<\/strong> <strong data-start=\"676\" data-end=\"695\">3 &aring;rs standardgaranti fr&aring;n tillverkaren<\/strong>, vilket ger ett l&aring;ngsiktigt skydd f&ouml;r organisationer som standardiserar p&aring; h&aring;llbar mobil databehandling. Med taktil inmatning, ett b&auml;rbart fotavtryck och ett bepr&ouml;vat ekosystem f&ouml;r tillbeh&ouml;r hj&auml;lper den medarbetarna att h&aring;lla sig produktiva i utmanande arbetsfl&ouml;den &ndash; fr&aring;n inspektioner och tillg&aring;ngshantering till dokumentation, diagnostik och rapportering. <\/p><h2 data-start=\"1006\" data-end=\"1054\">Viktiga funktioner i Dell Pro Fully Rugged 13 Laptop<\/h2><ul data-start=\"1055\" data-end=\"2490\">\n<li data-start=\"1055\" data-end=\"1208\">\n<p data-start=\"1057\" data-end=\"1208\"><strong data-start=\"1057\" data-end=\"1075\">Robust chassi<\/strong> &ndash; Fully Rugged design skyddar mot fall, vibrationer, damm och fukt f&ouml;r l&aring;ngsiktig tillf&ouml;rlitlighet p&aring; f&auml;ltet och i fordon.<\/p>\n<\/li>\n<li data-start=\"1209\" data-end=\"1350\">\n<p data-start=\"1211\" data-end=\"1350\"><strong data-start=\"1211\" data-end=\"1240\">Display som kan l&auml;sas i solljus<\/strong> &ndash; 1400-nit panel som kan anv&auml;ndas utomhus med handske\/stylus touch-alternativ h&aring;ller sk&auml;rmarna l&auml;sbara i ljusa f&ouml;rh&aring;llanden.<\/p>\n<\/li>\n<li data-start=\"1351\" data-end=\"1515\">\n<p data-start=\"1353\" data-end=\"1515\"><strong data-start=\"1353\" data-end=\"1379\">Responsiv prestanda<\/strong> &ndash; Moderna Intel Core Ultra- och H-serieprocessorer med integrerad grafik st&ouml;der AI-uppgifter, tunga arbetsbelastningar och arbetsfl&ouml;den med flera appar.<\/p>\n<\/li>\n<li data-start=\"1516\" data-end=\"1670\">\n<p data-start=\"1518\" data-end=\"1670\"><strong data-start=\"1518\" data-end=\"1542\">B&auml;rbar formfaktor<\/strong> &ndash; En kompakt 13&Prime;-design ger fullskalig Windows-prestanda med l&auml;gre vikt, perfekt f&ouml;r mobila medarbetare och tr&aring;nga arbetsutrymmen.<\/p>\n<\/li>\n<li data-start=\"1671\" data-end=\"1811\">\n<p data-start=\"1673\" data-end=\"1811\"><strong data-start=\"1673\" data-end=\"1704\">Anpassningsbara konfigurationer<\/strong> &ndash; Flexibla alternativ f&ouml;r minne, lagring och anslutningsm&ouml;jligheter hj&auml;lper IT-avdelningen att balansera prestanda, kostnad och livscykel.<\/p>\n<\/li>\n<li data-start=\"1812\" data-end=\"1959\">\n<p data-start=\"1814\" data-end=\"1959\"><strong data-start=\"1814\" data-end=\"1839\">Tillf&ouml;rlitlig anslutning<\/strong> &ndash; Wi-Fi 6\/6E\/7, 5G\/4G LTE som tillval och diskret GPS-st&ouml;d ger s&auml;ker &aring;tkomst i avl&auml;gsna och mobila milj&ouml;er.<\/p>\n<\/li>\n<li data-start=\"1960\" data-end=\"2103\">\n<p data-start=\"1962\" data-end=\"2103\"><strong data-start=\"1962\" data-end=\"1992\">H&ouml;ghastighetsportar och dockning<\/strong> &ndash; Thunderbolt 4\/USB-C, I\/O-fack (tillval), fordons- och kontorsdockor effektiviserar &ouml;verg&aring;ngar och anv&auml;ndning av kringutrustning.<\/p>\n<\/li>\n<li data-start=\"2104\" data-end=\"2241\">\n<p data-start=\"2106\" data-end=\"2241\"><strong data-start=\"2106\" data-end=\"2142\">F&ouml;retagss&auml;kerhet och -hantering<\/strong> &ndash; H&aring;rdvarust&ouml;dda skydd, BIOS-kontroller och enhetstelemetri st&ouml;der f&ouml;retagets IT-policyer.<\/p>\n<\/li>\n<li data-start=\"2242\" data-end=\"2364\">\n<p data-start=\"2244\" data-end=\"2364\"><strong data-start=\"2244\" data-end=\"2266\">Servicev&auml;nlig design<\/strong> &ndash; Batterier som kan bytas direkt och komponenter som &auml;r &aring;tkomliga f&ouml;r anv&auml;ndaren f&ouml;rl&auml;nger livscykeln och f&ouml;renklar reparationer.<\/p>\n<\/li>\n<li data-start=\"2365\" data-end=\"2490\">\n<p data-start=\"2367\" data-end=\"2490\"><strong data-start=\"2367\" data-end=\"2390\">Ekosystem f&ouml;r tillbeh&ouml;r<\/strong> &ndash; fordonsdockor, laddare, handtag och f&auml;sten st&ouml;der arbetsfl&ouml;den fr&aring;n servicebilar till kontrollrum.<\/p>\n<\/li>\n<\/ul><h2 data-start=\"2492\" data-end=\"2540\">Viktiga f&ouml;rdelar med Dell Pro Rugged 13 Laptop<\/h2><h3 data-start=\"2542\" data-end=\"2577\">Byggd f&ouml;r de tuffaste arbetsdagarna<\/h3><p data-start=\"2578\" data-end=\"2722\">Ett rugged h&ouml;lje st&aring;r emot fall, fukt, damm och vibrationer, vilket s&auml;kerst&auml;ller konsekvent drifttid utomhus, i fordon och p&aring; industriomr&aring;den.<\/p><h3 data-start=\"2724\" data-end=\"2763\">Kompakt mobilitet utan kompromisser<\/h3><p data-start=\"2764\" data-end=\"2896\">En 13&Prime; Rugged Laptop ger fullskalig Windows-datoranv&auml;ndning i ett b&auml;rbart format &ndash; perfekt f&ouml;r platsbes&ouml;k, patruller och mobila arbetare.<\/p><h3 data-start=\"2898\" data-end=\"2944\">Starka anslutningsm&ouml;jligheter, varhelst arbetet sker<\/h3><p data-start=\"2945\" data-end=\"3066\">Tillf&ouml;rlitlig tr&aring;dl&ouml;s kommunikation och mobilt bredband (tillval) ser till att informationen fl&ouml;dar mellan team, fordon och backoffice-system.<\/p><h3 data-start=\"3068\" data-end=\"3107\">F&ouml;ruts&auml;gbar total &auml;gandekostnad<\/h3><p data-start=\"3108\" data-end=\"3249\">Komponenter som kan servas p&aring; plats, standardiserade konfigurationer och en 3-&aring;rsgaranti ger l&aring;ngsiktig stabilitet i maskinparken och l&auml;gre operativa risker.<\/p><h3 data-start=\"3251\" data-end=\"3277\">Drifts&auml;ttning redo f&ouml;r flottan<\/h3><p data-start=\"3278\" data-end=\"3409\">F&ouml;retagsalternativ f&ouml;r bildbehandling, enhetshantering och s&auml;kerhet g&ouml;r det enkelt att distribuera i team, skift och p&aring; flera platser.<\/p><h2 data-start=\"3411\" data-end=\"3429\">Idealiska anv&auml;ndningsfall<\/h2><ul data-start=\"3430\" data-end=\"4049\">\n<li data-start=\"3430\" data-end=\"3558\">\n<p data-start=\"3432\" data-end=\"3558\"><strong data-start=\"3432\" data-end=\"3462\">Public Safety &amp; Government<\/strong> &ndash; Databehandling i fordon, s&auml;ker data&aring;tkomst, incidentrapportering och dokumentation p&aring; resande fot.<\/p>\n<\/li>\n<li data-start=\"3559\" data-end=\"3677\">\n<p data-start=\"3561\" data-end=\"3677\"><strong data-start=\"3561\" data-end=\"3590\">Field Service &amp; Utilities<\/strong> &ndash; Inspektion av tillg&aring;ngar, diagnostik, underh&aring;llsrapportering och arbetsfl&ouml;den f&ouml;r fj&auml;rrservice.<\/p>\n<\/li>\n<li data-start=\"3678\" data-end=\"3795\">\n<p data-start=\"3680\" data-end=\"3795\"><strong data-start=\"3680\" data-end=\"3708\">Lager &amp; Distribution<\/strong> &ndash; Arbetsorder, <strong data-start=\"3680\" data-end=\"3708\">lagersystem<\/strong>, hamnarbete och datainmatning fr&aring;n truckar eller skrivbord.<\/p>\n<\/li>\n<li data-start=\"3796\" data-end=\"3920\">\n<p data-start=\"3798\" data-end=\"3920\"><strong data-start=\"3798\" data-end=\"3828\">Tillverkning &amp; Industri<\/strong> &ndash; Kvalitetskontroller, WIP-&aring;tkomst, HMI-uppgifter och underh&aring;llsprocedurer i tuffa milj&ouml;er.<\/p>\n<\/li>\n<li data-start=\"3921\" data-end=\"4049\">\n<p data-start=\"3923\" data-end=\"4049\"><strong data-start=\"3923\" data-end=\"3948\">Transport &amp; Logistik<\/strong> &ndash; Ruttplanering, telematikintegration, etiketthantering och bang&aring;rdshantering med tillf&ouml;rlitlig mobil &aring;tkomst.<\/p>\n<\/li>\n<\/ul><h2 data-start=\"4051\" data-end=\"4107\">Produktj&auml;mf&ouml;relser f&ouml;r Dell Pro Rugged 13 Laptop<\/h2><ul data-start=\"4108\" data-end=\"4600\">\n<li data-start=\"4108\" data-end=\"4256\">\n<p data-start=\"4110\" data-end=\"4256\"><a href=\"https:\/\/micronordic.com\/product\/getac-v110-g7-touch-fully-rugged-notebook\/\"><strong data-start=\"4110\" data-end=\"4127\">Getac V110 G7<\/strong><\/a> &ndash; V&auml;lj V110 G7 f&ouml;r en konvertibel 2-i-1 i rugged design; v&auml;lj Dell Pro Rugged 13 Laptop f&ouml;r en l&auml;ttare traditionell clamshell.<\/p>\n<\/li>\n<li data-start=\"4257\" data-end=\"4432\">\n<p data-start=\"4259\" data-end=\"4432\"><a href=\"https:\/\/micronordic.com\/product\/panasonic-toughbook-fz-55\/\"><strong data-start=\"4259\" data-end=\"4285\">Panasonic Toughbook 55<\/strong><\/a> &ndash; V&auml;lj Toughbook 55 om modul&auml;ra expansionsfack &auml;r avg&ouml;rande; v&auml;lj Dell Pro Rugged 13 Laptop f&ouml;r enklare b&auml;rbarhet och standardiserade specifikationer f&ouml;r vagnparken.<\/p>\n<\/li>\n<li data-start=\"4433\" data-end=\"4600\">\n<p data-start=\"4435\" data-end=\"4600\"><a href=\"https:\/\/micronordic.com\/product\/dell-rugged-extreme-5430-new\/\"><strong data-start=\"79\" data-end=\"108\">Dell Latitude Rugged 5430<\/strong><\/a> &ndash; V&auml;lj Latitude 5430 Rugged om du f&ouml;redrar en mer traditionell, robust b&auml;rbar dator f&ouml;r f&ouml;retag med bredare tillg&auml;nglighet och bepr&ouml;vade f&auml;ltinstallationer. V&auml;lj Dell Pro Rugged 13 Laptop om du vill ha ett l&auml;ttare, mer kompakt och helt robust system som &auml;r optimerat f&ouml;r mobilitet.<\/p>\n<\/li>\n<\/ul>\n","protected":false},"excerpt":{"rendered":"<h3>Specifikationer<\/h3>\n<ul>\n<li><strong>Sk\u00e4rm:<\/strong> 13\u2033 l\u00e4sbar utomhus; handske\/stylus touch som tillval<\/li>\n<li><strong>Processor:<\/strong> Intel\u00ae Core\u2122 Ultra \/ H-serien (konfigurerbar)<\/li>\n<li><strong>Grafik:<\/strong> Integrerad GPU (Intel Iris Xe \/ Intel Arc, modellberoende)<\/li>\n<li><strong>Minne:<\/strong> 16 GB LPDDR5x (basmodell), uppgraderingsbart till 64 GB<\/li>\n<li><strong>Lagring:<\/strong> 256 GB PCIe NVMe SSD (basmodell), uppgraderingsbar till 2 TB<\/li>\n<li><strong>Anslutningsm\u00f6jligheter:<\/strong> Wi-Fi 6\/6E\/7, Bluetooth; 5G\/4G LTE och GNSS som tillval; st\u00f6djer rugged dockning<\/li>\n<li><strong>Rugged certifieringar:<\/strong> MIL-STD-810H, IP65, driftomr\u00e5de -29 \u00b0C till 63 \u00b0C<\/li>\n<li><strong>S\u00e4kerhet:<\/strong> BIOS-skydd, TPM, fingeravtrycks-\/smartkortsalternativ<\/li>\n<li><strong>Batteri:<\/strong> Hot-swappable st\u00f6d f\u00f6r dubbla batterier f\u00f6r l\u00e5nga arbetspass<\/li>\n<li><strong>M\u00e5tt och vikt:<\/strong> H\u00f6jd 1,43\u2033 (36,5 mm), fr\u00e5n 2,4 kg (5,29 lb)<\/li>\n<li><strong>Garanti:<\/strong> 3 \u00e5rs garanti (NY enhet)<\/li>\n<\/ul>\n","protected":false},"author":24,"featured_media":99924,"template":"","meta":{"_acf_changed":false,"inline_featured_image":false},"product-condition":[5257],"product_brand":[8938],"product_cat":[5215,5221,5218],"product_tag":[],"class_list":{"0":"post-101929","1":"product","2":"type-product","3":"status-publish","4":"has-post-thumbnail","6":"product-condition-new-in-box","7":"product_brand-dell","8":"product_cat-all-rugged-laptops","9":"product_cat-new-in-box-rugged-hardware","10":"product_cat-dell-rugged","12":"first","13":"instock","14":"taxable","15":"shipping-taxable","16":"purchasable","17":"product-type-simple"},"acf":[],"_links":{"self":[{"href":"https:\/\/micronordic.com\/sv\/wp-json\/wp\/v2\/product\/101929","targetHints":{"allow":["GET"]}}],"collection":[{"href":"https:\/\/micronordic.com\/sv\/wp-json\/wp\/v2\/product"}],"about":[{"href":"https:\/\/micronordic.com\/sv\/wp-json\/wp\/v2\/types\/product"}],"author":[{"embeddable":true,"href":"https:\/\/micronordic.com\/sv\/wp-json\/wp\/v2\/users\/24"}],"version-history":[{"count":1,"href":"https:\/\/micronordic.com\/sv\/wp-json\/wp\/v2\/product\/101929\/revisions"}],"predecessor-version":[{"id":101969,"href":"https:\/\/micronordic.com\/sv\/wp-json\/wp\/v2\/product\/101929\/revisions\/101969"}],"wp:featuredmedia":[{"embeddable":true,"href":"https:\/\/micronordic.com\/sv\/wp-json\/wp\/v2\/media\/99924"}],"wp:attachment":[{"href":"https:\/\/micronordic.com\/sv\/wp-json\/wp\/v2\/media?parent=101929"}],"wp:term":[{"taxonomy":"product-condition","embeddable":true,"href":"https:\/\/micronordic.com\/sv\/wp-json\/wp\/v2\/product-condition?post=101929"},{"taxonomy":"product_brand","embeddable":true,"href":"https:\/\/micronordic.com\/sv\/wp-json\/wp\/v2\/product_brand?post=101929"},{"taxonomy":"product_cat","embeddable":true,"href":"https:\/\/micronordic.com\/sv\/wp-json\/wp\/v2\/product_cat?post=101929"},{"taxonomy":"product_tag","embeddable":true,"href":"https:\/\/micronordic.com\/sv\/wp-json\/wp\/v2\/product_tag?post=101929"}],"curies":[{"name":"wp","href":"https:\/\/api.w.org\/{rel}","templated":true}]}}