{"id":101909,"date":"2025-11-25T17:23:15","date_gmt":"2025-11-25T16:23:15","guid":{"rendered":"https:\/\/micronordic.com\/product\/dell-pro-rugged-14-laptop-ny\/"},"modified":"2026-01-20T12:39:04","modified_gmt":"2026-01-20T11:39:04","slug":"dell-pro-rugged-14-laptop","status":"publish","type":"product","link":"https:\/\/micronordic.com\/sv\/product\/dell-pro-rugged-14-laptop\/","title":{"rendered":"Dell Pro Rugged 14 Laptop (NY)"},"content":{"rendered":"<?xml encoding=\"utf-8\" ?><h2 data-start=\"101\" data-end=\"135\">Dell Pro Rugged 14 Laptop (NY)<\/h2><p data-start=\"137\" data-end=\"536\"><strong data-start=\"141\" data-end=\"170\">Dell Pro Rugged 14 Laptop<\/strong> &auml;r en <strong data-start=\"176\" data-end=\"206\">Semi-Rugged Windows Laptop<\/strong> som &auml;r utformad f&ouml;r kr&auml;vande arbetsmilj&ouml;er som kr&auml;ver h&aring;llbarhet utan vikten och kostnaden f&ouml;r Fully <strong data-start=\"141\" data-end=\"170\">Rugged-enheter<\/strong>. Den &auml;r idealisk f&ouml;r f&auml;ltkontor, fordon, logistikanl&auml;ggningar, lager och industrianl&auml;ggningar och ger ett starkare skydd &auml;n vanliga b&auml;rbara datorer f&ouml;r f&ouml;retag samtidigt som den &auml;r l&auml;ttare &auml;n traditionella Fully Rugged-system. <\/p><p data-start=\"538\" data-end=\"957\">Den &auml;r byggd med f&ouml;rb&auml;ttrad milj&ouml;t&auml;tning, st&ouml;tskydd och komponenter i f&ouml;retagsklass och ger praktisk mobilitet f&ouml;r tekniker, personal inom allm&auml;n s&auml;kerhet och f&auml;ltarbetare som arbetar i utmanande arbetsfl&ouml;den inomhus och utomhus.<\/p><p data-start=\"538\" data-end=\"957\">Som <strong data-start=\"779\" data-end=\"786\">NEW-enhet<\/strong> har Dell Pro Rugged 14 Laptop <strong data-start=\"836\" data-end=\"855\">3 &aring;rs garanti<\/strong>, vilket ger l&aring;ngsiktigt v&auml;rde och tillf&ouml;rlitlighet f&ouml;r organisationer som standardiserar p&aring; rugged mobil databehandling.<\/p><h2 data-start=\"959\" data-end=\"1007\">Viktiga funktioner i Dell Pro Rugged 14 Laptop<\/h2><ul data-start=\"1008\" data-end=\"2341\">\n<li data-start=\"1008\" data-end=\"1139\">\n<p data-start=\"1010\" data-end=\"1139\"><strong data-start=\"1010\" data-end=\"1033\">Semi-Rugged-chassi<\/strong> &ndash; F&ouml;rst&auml;rkt konstruktion skyddar interna komponenter fr&aring;n st&ouml;tar, vibrationer, damm och vardagliga faror i f&auml;lt.<\/p>\n<\/li>\n<li data-start=\"1140\" data-end=\"1274\">\n<p data-start=\"1142\" data-end=\"1274\"><strong data-start=\"1142\" data-end=\"1171\">Sk&auml;rm som kan l&auml;sas i solljus<\/strong> &ndash; 14&Prime; Full HD-panel med handskv&auml;nlig touch som tillval s&auml;kerst&auml;ller synlighet i blandad utomhusbelysning.<\/p>\n<\/li>\n<li data-start=\"1275\" data-end=\"1411\">\n<p data-start=\"1277\" data-end=\"1411\"><strong data-start=\"1277\" data-end=\"1303\">Responsiv prestanda<\/strong> &ndash; Intel&reg; Core&trade; Ultra-processorer hanterar diagnostik, rapportering, ERP-system och f&auml;ltarbetsfl&ouml;den med flera applikationer.<\/p>\n<\/li>\n<li data-start=\"1412\" data-end=\"1552\">\n<p data-start=\"1414\" data-end=\"1552\"><strong data-start=\"1414\" data-end=\"1443\">Produktivitet i storformat<\/strong> &ndash; En 14&Prime;-sk&auml;rm ger mer arbetsutrymme f&ouml;r datainmatning, scheman, kartl&auml;ggning och inspektionstill&auml;mpningar.<\/p>\n<\/li>\n<li data-start=\"1553\" data-end=\"1688\">\n<p data-start=\"1555\" data-end=\"1688\"><strong data-start=\"1555\" data-end=\"1586\">Anpassningsbara konfigurationer<\/strong> &ndash; Flexibla alternativ f&ouml;r minne, lagring och anslutningsm&ouml;jligheter g&ouml;r det m&ouml;jligt f&ouml;r IT-avdelningen att skr&auml;ddarsy system f&ouml;r olika roller och budgetar.<\/p>\n<\/li>\n<li data-start=\"1689\" data-end=\"1825\">\n<p data-start=\"1691\" data-end=\"1825\"><strong data-start=\"1691\" data-end=\"1716\">Tillf&ouml;rlitlig anslutning<\/strong> &ndash; Wi-Fi 6E\/7, Bluetooth och mobilt bredband (tillval) h&aring;ller teamen uppkopplade i avl&auml;gsna eller mobila verksamheter.<\/p>\n<\/li>\n<li data-start=\"1826\" data-end=\"1964\">\n<p data-start=\"1828\" data-end=\"1964\"><strong data-start=\"1828\" data-end=\"1858\">H&ouml;ghastighetsportar och dockning<\/strong> &ndash; USB-C\/Thunderbolt och rugged dockningsalternativ effektiviserar &ouml;verg&aring;ngar mellan butik, fordon och kontor.<\/p>\n<\/li>\n<li data-start=\"1965\" data-end=\"2092\">\n<p data-start=\"1967\" data-end=\"2092\"><strong data-start=\"1967\" data-end=\"2003\">F&ouml;retagss&auml;kerhet och -hantering<\/strong> &ndash; Modern autentisering och BIOS-kontroller st&ouml;der skyddad drifts&auml;ttning av flottan i stor skala.<\/p>\n<\/li>\n<li data-start=\"2093\" data-end=\"2216\">\n<p data-start=\"2095\" data-end=\"2216\"><strong data-start=\"2095\" data-end=\"2117\">Servicev&auml;nlig design<\/strong> &ndash; Anv&auml;ndartillg&auml;ngliga komponenter f&ouml;renklar underh&aring;llet, minskar stillest&aring;ndstiden och f&ouml;rl&auml;nger produktens livscykel.<\/p>\n<\/li>\n<li data-start=\"2217\" data-end=\"2341\">\n<p data-start=\"2219\" data-end=\"2341\"><strong data-start=\"2219\" data-end=\"2242\">Ekosystem f&ouml;r tillbeh&ouml;r<\/strong> &ndash; St&ouml;d f&ouml;r laddare, f&auml;sten, fordonsdockor och rugged tillbeh&ouml;r optimerade f&ouml;r mobila arbetsplatser.<\/p>\n<\/li>\n<\/ul><h2 data-start=\"2343\" data-end=\"2391\">Viktiga f&ouml;rdelar med Dell Pro Rugged 14 Laptop<\/h2><h3 data-start=\"2393\" data-end=\"2440\">Robust mobilitet utan Fully Rugged bulk<\/h3><p data-start=\"2441\" data-end=\"2567\">Den Semi-Rugged-konstruktionen klarar tuffa arbetsmilj&ouml;er samtidigt som den &auml;r l&auml;ttare &auml;n traditionella helt Rugged Laptop-datorer.<\/p><h3 data-start=\"2569\" data-end=\"2617\">St&ouml;rre arbetsyta f&ouml;r kr&auml;vande f&auml;ltarbeten<\/h3><p data-start=\"2618\" data-end=\"2738\">En 14&Prime;-sk&auml;rm f&ouml;rb&auml;ttrar produktiviteten f&ouml;r anv&auml;ndare som arbetar med scheman, formul&auml;r, kartverktyg och komplexa inspektionsdata.<\/p><h3 data-start=\"2740\" data-end=\"2791\">Stark konnektivitet i blandade milj&ouml;er<\/h3><p data-start=\"2792\" data-end=\"2930\">H&ouml;gpresterande tr&aring;dl&ouml;st och mobilt bredband (tillval) ger tillg&aring;ng till operativa system fr&aring;n lager, fordon eller f&auml;lt.<\/p><h3 data-start=\"2932\" data-end=\"2961\">F&ouml;ruts&auml;gbart v&auml;rde p&aring; flottan<\/h3><p data-start=\"2962\" data-end=\"3093\">Reservdelar som kan underh&aring;llas, standardiserade konfigurationer och 3 &aring;rs garanti s&auml;nker den totala &auml;gandekostnaden och f&ouml;renklar livscykelplaneringen.<\/p><h3 data-start=\"3095\" data-end=\"3132\">Redo f&ouml;r drifts&auml;ttning i f&ouml;retag<\/h3><p data-start=\"3133\" data-end=\"3253\">S&auml;kerhetsverktyg, hanteringskontroller och konsekvent h&aring;rdvara underl&auml;ttar utrullning i olika team, p&aring; olika platser och i olika arbetsfl&ouml;den.<\/p><h2 data-start=\"3255\" data-end=\"3273\">Idealiska anv&auml;ndningsfall<\/h2><ul data-start=\"3274\" data-end=\"3822\">\n<li data-start=\"3274\" data-end=\"3385\">\n<p data-start=\"3276\" data-end=\"3385\"><strong data-start=\"3276\" data-end=\"3306\">Public Safety &amp; Government<\/strong> &ndash; Mobil datatillg&aring;ng, rapportering, fordonsdatorer och s&auml;ker dokumentation.<\/p>\n<\/li>\n<li data-start=\"3386\" data-end=\"3495\">\n<p data-start=\"3388\" data-end=\"3495\"><strong data-start=\"3388\" data-end=\"3417\">Field Service &amp; Utilities<\/strong> &ndash; Diagnostik, underh&aring;llsloggar, inspektionsarbete och uppdateringar av serviceorder.<\/p>\n<\/li>\n<li data-start=\"3496\" data-end=\"3605\">\n<p data-start=\"3498\" data-end=\"3605\"><strong data-start=\"3498\" data-end=\"3526\">Lager &amp; Distribution<\/strong> &ndash; Yard control, routingsystem, streckkodsprogram och driftterminaler.<\/p>\n<\/li>\n<li data-start=\"3606\" data-end=\"3717\">\n<p data-start=\"3608\" data-end=\"3717\"><strong data-start=\"3608\" data-end=\"3638\">Tillverkning &amp; Industri<\/strong> &ndash; Kvalitetskontroller, underh&aring;llssystem, produktionsverktyg och arbetsfl&ouml;den f&ouml;r tillg&aring;ngar.<\/p>\n<\/li>\n<li data-start=\"3718\" data-end=\"3822\">\n<p data-start=\"3720\" data-end=\"3822\"><strong data-start=\"3720\" data-end=\"3745\">Transport &amp; Logistik<\/strong> &ndash; Ruttplanering, transportdokumentation, digitala formul&auml;r och uppgifter f&ouml;r vagnparkshantering.<\/p>\n<\/li>\n<\/ul><h2 data-start=\"3824\" data-end=\"3880\">Produktj&auml;mf&ouml;relser f&ouml;r Dell Pro Rugged 14 Laptop<\/h2><ul data-start=\"3881\" data-end=\"4375\">\n<li data-start=\"3881\" data-end=\"4029\">\n<p data-start=\"3883\" data-end=\"4029\"><a href=\"https:\/\/micronordic.com\/product\/dell-pro-rugged-13-laptop\/\"><strong data-start=\"3883\" data-end=\"3912\">Dell Pro Rugged 13 b&auml;rbar dator<\/strong><\/a> &ndash; V&auml;lj 13&Prime; f&ouml;r ett l&auml;ttare Semi-Rugged-alternativ; v&auml;lj <strong data-start=\"3967\" data-end=\"3989\">Dell Pro Rugged 14<\/strong> f&ouml;r mer sk&auml;rmutrymme och synlighet.<\/p>\n<\/li>\n<li data-start=\"4030\" data-end=\"4214\">\n<p data-start=\"4032\" data-end=\"4214\"><a href=\"https:\/\/micronordic.com\/product\/dell-rugged-extreme-5430-new\/\"><strong data-start=\"4032\" data-end=\"4061\">Dell Latitude Rugged 5430<\/strong><\/a> &ndash; V&auml;lj Latitude 5430 Rugged f&ouml;r bredare st&ouml;d f&ouml;r IT-ekosystem; v&auml;lj <strong data-start=\"4133\" data-end=\"4155\">Dell Pro Rugged 14<\/strong> f&ouml;r balanserat robust skydd till l&auml;gre vikt och kostnad.<\/p>\n<\/li>\n<li data-start=\"4215\" data-end=\"4375\">\n<p data-start=\"4217\" data-end=\"4375\"><a href=\"https:\/\/micronordic.com\/product\/panasonic-toughbook-fz-55\/\"><strong data-start=\"4217\" data-end=\"4243\">Panasonic Toughbook 55<\/strong><\/a> &ndash; V&auml;lj Toughbook 55 f&ouml;r modul&auml;r expansion; v&auml;lj <strong data-start=\"4296\" data-end=\"4318\">Dell Pro Rugged 14<\/strong> f&ouml;r enklare och mer kostnadseffektiv <strong data-start=\"4296\" data-end=\"4318\">Semi-Rugged-h&aring;llbarhet<\/strong>.<\/p>\n<\/li>\n<\/ul>\n","protected":false},"excerpt":{"rendered":"<h3>Specifikationer:<\/h3>\n<ul>\n<li><strong>Display:<\/strong> 14\u2033 l\u00e4sbar utomhus; handskv\u00e4nlig touch som tillval<\/li>\n<li><strong>Processor:<\/strong> Intel\u00ae Core\u2122 Ultra-serien (konfigurerbar)<\/li>\n<li><strong>Grafik:<\/strong> Integrerad GPU (modellberoende)<\/li>\n<li><strong>Minne:<\/strong> 8 GB DDR5 (basmodell), uppgraderingsbart till 64 GB<\/li>\n<li><strong>Lagring:<\/strong> 256 GB PCIe NVMe SSD (basmodell), uppgraderingsbar till 2 TB<\/li>\n<li><strong>Anslutningsm\u00f6jligheter:<\/strong> Wi-Fi 6E\/7, Bluetooth; mobilt bredband och GNSS som tillval<\/li>\n<li><strong>Rugged-certifieringar:<\/strong> Semi-Rugged; f\u00f6rb\u00e4ttrat st\u00f6t- och milj\u00f6skydd<\/li>\n<li><strong>S\u00e4kerhet:<\/strong> TPM, BIOS-skydd, smartkort\/fingeravtrycksl\u00e4sare (tillval)<\/li>\n<li><strong>Batteri:<\/strong> L\u00e5ng h\u00e5llbarhet med st\u00f6d f\u00f6r hot-swappable<\/li>\n<li><strong>M\u00e5tt och vikt:<\/strong> Rugged 14\u2033 laptop-form (varierar beroende p\u00e5 konfiguration)<\/li>\n<li><strong>Garanti:<\/strong> 3 \u00e5rs garanti (NY enhet)<\/li>\n<\/ul>\n","protected":false},"author":24,"featured_media":99909,"template":"","meta":{"_acf_changed":false,"inline_featured_image":false},"product-condition":[5257],"product_brand":[8938],"product_cat":[5215,5221,5218],"product_tag":[],"class_list":{"0":"post-101909","1":"product","2":"type-product","3":"status-publish","4":"has-post-thumbnail","6":"product-condition-new-in-box","7":"product_brand-dell","8":"product_cat-all-rugged-laptops","9":"product_cat-new-in-box-rugged-hardware","10":"product_cat-dell-rugged","12":"first","13":"instock","14":"taxable","15":"shipping-taxable","16":"purchasable","17":"product-type-simple"},"acf":[],"_links":{"self":[{"href":"https:\/\/micronordic.com\/sv\/wp-json\/wp\/v2\/product\/101909","targetHints":{"allow":["GET"]}}],"collection":[{"href":"https:\/\/micronordic.com\/sv\/wp-json\/wp\/v2\/product"}],"about":[{"href":"https:\/\/micronordic.com\/sv\/wp-json\/wp\/v2\/types\/product"}],"author":[{"embeddable":true,"href":"https:\/\/micronordic.com\/sv\/wp-json\/wp\/v2\/users\/24"}],"version-history":[{"count":1,"href":"https:\/\/micronordic.com\/sv\/wp-json\/wp\/v2\/product\/101909\/revisions"}],"predecessor-version":[{"id":101985,"href":"https:\/\/micronordic.com\/sv\/wp-json\/wp\/v2\/product\/101909\/revisions\/101985"}],"wp:featuredmedia":[{"embeddable":true,"href":"https:\/\/micronordic.com\/sv\/wp-json\/wp\/v2\/media\/99909"}],"wp:attachment":[{"href":"https:\/\/micronordic.com\/sv\/wp-json\/wp\/v2\/media?parent=101909"}],"wp:term":[{"taxonomy":"product-condition","embeddable":true,"href":"https:\/\/micronordic.com\/sv\/wp-json\/wp\/v2\/product-condition?post=101909"},{"taxonomy":"product_brand","embeddable":true,"href":"https:\/\/micronordic.com\/sv\/wp-json\/wp\/v2\/product_brand?post=101909"},{"taxonomy":"product_cat","embeddable":true,"href":"https:\/\/micronordic.com\/sv\/wp-json\/wp\/v2\/product_cat?post=101909"},{"taxonomy":"product_tag","embeddable":true,"href":"https:\/\/micronordic.com\/sv\/wp-json\/wp\/v2\/product_tag?post=101909"}],"curies":[{"name":"wp","href":"https:\/\/api.w.org\/{rel}","templated":true}]}}