{"id":46119,"date":"2024-08-02T13:58:55","date_gmt":"2024-08-02T11:58:55","guid":{"rendered":"https:\/\/micronordic.com\/product\/zebra-et60-rugged-enterprise-tablet-new\/"},"modified":"2025-11-24T12:17:34","modified_gmt":"2025-11-24T11:17:34","slug":"zebra-et60-rugged-enterprise-tablet","status":"publish","type":"product","link":"https:\/\/micronordic.com\/pt-pt\/product\/zebra-et60-rugged-enterprise-tablet\/","title":{"rendered":"Zebra ET60 Rugged Tablet (NOVO)"},"content":{"rendered":"<?xml encoding=\"utf-8\" ?><h2 data-start=\"341\" data-end=\"380\">Zebra ET60 Rugged Tablet empresarial<\/h2><p data-start=\"382\" data-end=\"886\">O <strong data-start=\"386\" data-end=\"425\">Zebra ET60 Rugged Enterprise Tablet<\/strong> &eacute; um dispositivo totalmente Rugged projetado para os ambientes mais exigentes. Constru&iacute;do para oferecer desempenho confi&aacute;vel em setores como log&iacute;stica, manufatura, servi&ccedil;os p&uacute;blicos e seguran&ccedil;a p&uacute;blica, o ET60 oferece durabilidade excecional, conetividade de alta velocidade e configura&ccedil;&otilde;es flex&iacute;veis. Com teclados destac&aacute;veis opcionais e um dock para ve&iacute;culos, ele se transforma facilmente em um substituto do Rugged Laptop, tornando-o um dos tablets robustos mais vers&aacute;teis da Zebra at&eacute; hoje. Os produtos novos t&ecirc;m uma garantia do fabricante de 2 anos.<\/p><h2 data-start=\"888\" data-end=\"937\">Principais carater&iacute;sticas do Zebra ET60 Rugged Tablet<\/h2><ul data-start=\"939\" data-end=\"1969\">\n<li data-start=\"939\" data-end=\"1044\">\n<p data-start=\"941\" data-end=\"1044\"><strong data-start=\"941\" data-end=\"964\">Design Fully R<\/strong> ugged &ndash; certificado MIL-STD-810H, classifica&ccedil;&atilde;o IP66 e testado contra quedas para uma durabilidade extrema.<\/p>\n<\/li>\n<li data-start=\"1045\" data-end=\"1161\">\n<p data-start=\"1047\" data-end=\"1161\"><strong data-start=\"1047\" data-end=\"1079\">Ecr&atilde; de 12&Prime; leg&iacute;vel no exterior<\/strong> &ndash; Ecr&atilde; t&aacute;til ultra-brilhante com suporte para luvas e toque h&uacute;mido para quaisquer condi&ccedil;&otilde;es.<\/p>\n<\/li>\n<li data-start=\"1162\" data-end=\"1257\">\n<p data-start=\"1164\" data-end=\"1257\"><strong data-start=\"1164\" data-end=\"1187\">Processamento potente<\/strong> &ndash; processador octa-core Qualcomm&reg; 6490 com capacidades avan&ccedil;adas de IA.<\/p>\n<\/li>\n<li data-start=\"1258\" data-end=\"1382\">\n<p data-start=\"1260\" data-end=\"1382\"><strong data-start=\"1260\" data-end=\"1284\">Fator de forma flex&iacute;vel<\/strong> &ndash; Design convert&iacute;vel com teclado rugged opcional e base de liga&ccedil;&atilde;o para ve&iacute;culos para fluxos de trabalho ao estilo de um laptop.<\/p>\n<\/li>\n<li data-start=\"1383\" data-end=\"1488\">\n<p data-start=\"1385\" data-end=\"1488\"><strong data-start=\"1385\" data-end=\"1418\">Conectividade de classe empresarial<\/strong> &ndash; Wi-Fi 6E, Bluetooth 5.2, GPS e 5G opcional para mobilidade no terreno.<\/p>\n<\/li>\n<li data-start=\"1489\" data-end=\"1577\">\n<p data-start=\"1491\" data-end=\"1577\"><strong data-start=\"1491\" data-end=\"1515\">Bateria de longa dura&ccedil;&atilde;o<\/strong> &ndash; Op&ccedil;&otilde;es de bateria de alta capacidade com suporte para troca a quente.<\/p>\n<\/li>\n<li data-start=\"1578\" data-end=\"1668\">\n<p data-start=\"1580\" data-end=\"1668\"><strong data-start=\"1580\" data-end=\"1605\">Captura avan&ccedil;ada de dados<\/strong> &ndash; Leitor de c&oacute;digos de barras 2D integrado e c&acirc;maras de alta resolu&ccedil;&atilde;o.<\/p>\n<\/li>\n<li data-start=\"1669\" data-end=\"1779\">\n<p data-start=\"1671\" data-end=\"1779\"><strong data-start=\"1671\" data-end=\"1699\">Ferramentas Zebra Mobility DNA<\/strong> &ndash; Conjunto de software pr&eacute;-carregado para implanta&ccedil;&atilde;o, gerenciamento e opera&ccedil;&otilde;es seguras.<\/p>\n<\/li>\n<li data-start=\"1780\" data-end=\"1889\">\n<p data-start=\"1782\" data-end=\"1889\"><strong data-start=\"1782\" data-end=\"1805\">Acess&oacute;rios modulares<\/strong> &ndash; Suporta docas, suportes, m&oacute;dulos de expans&atilde;o e solu&ccedil;&otilde;es de carregamento para empresas.<\/p>\n<\/li>\n<li data-start=\"1890\" data-end=\"1969\">\n<p data-start=\"1892\" data-end=\"1969\"><strong data-start=\"1892\" data-end=\"1913\">Garantia inclu&iacute;da<\/strong> &ndash; Apoiado pela garantia limitada padr&atilde;o de 2 anos da Zebra.<\/p>\n<\/li>\n<\/ul><h2 data-start=\"1971\" data-end=\"2031\">Principais benef&iacute;cios do Zebra ET60 Rugged Tablet empresarial<\/h2><h3 data-start=\"2033\" data-end=\"2080\">Fiabilidade rugged para ambientes agressivos<\/h3><p data-start=\"2081\" data-end=\"2368\">O ET60 foi concebido especificamente para condi&ccedil;&otilde;es extremas, com certifica&ccedil;&atilde;o MIL-STD-810H e veda&ccedil;&atilde;o IP66 que protegem contra poeira, &aacute;gua, vibra&ccedil;&atilde;o e temperaturas extremas. Desde armaz&eacute;ns a trabalho de campo no exterior, o ET60 garante um desempenho ininterrupto onde os Tablets de consumo falhariam.<\/p><h3 data-start=\"2370\" data-end=\"2403\">Visibilidade superior do ecr&atilde;<\/h3><p data-start=\"2404\" data-end=\"2697\">Com um grande ecr&atilde; ultra-brilhante de 12&Prime;, o ET60 oferece uma excelente legibilidade em interiores e exteriores. O ecr&atilde; suporta a entrada de dados com luvas e com toque h&uacute;mido, facilitando a utiliza&ccedil;&atilde;o em ambientes com chuva, neve ou p&oacute;. Esta visibilidade &eacute; essencial para os trabalhadores que dependem de dados em tempo real no terreno.<\/p><h3 data-start=\"2699\" data-end=\"2732\">Processamento de alto desempenho<\/h3><p data-start=\"2733\" data-end=\"3031\">Equipado com o processador octa-core Qualcomm&reg; 6490, o ET60 oferece desempenho de n&iacute;vel empresarial para cargas de trabalho exigentes, como mapeamento GIS, rastreamento de log&iacute;stica e aplicativos complexos de servi&ccedil;o de campo. A sua arquitetura preparada para IA garante uma adaptabilidade &agrave; prova de futuro para solu&ccedil;&otilde;es empresariais emergentes.<\/p><h3 data-start=\"3033\" data-end=\"3060\">Fator de forma vers&aacute;til<\/h3><p data-start=\"3061\" data-end=\"3317\">O ET60 &eacute; mais do que apenas um tablet. Com o seu teclado robusto opcional e a sua base para ve&iacute;culos, pode funcionar como um substituto do Rugged Laptop. Esta versatilidade permite que as organiza&ccedil;&otilde;es reduzam as frotas de dispositivos ao consolidar laptops e tablets numa &uacute;nica plataforma.<\/p><h3 data-start=\"3319\" data-end=\"3357\">Conectividade empresarial em qualquer lugar<\/h3><p data-start=\"3358\" data-end=\"3603\">Com suporte de Wi-Fi 6E, Bluetooth 5.2, GPS e 5G opcional, o ET60 mant&eacute;m as equipas ligadas em todas as situa&ccedil;&otilde;es. Quer seja numa f&aacute;brica, num ve&iacute;culo em movimento ou em opera&ccedil;&otilde;es de campo remotas, a comunica&ccedil;&atilde;o fi&aacute;vel de alta velocidade garante uma produtividade cont&iacute;nua.<\/p><h3 data-start=\"3605\" data-end=\"3641\">Pot&ecirc;ncia alargada para turnos longos<\/h3><p data-start=\"3642\" data-end=\"3883\">Concebido para utiliza&ccedil;&atilde;o durante todo o dia, o ET60 oferece baterias de elevada capacidade com suporte de troca a quente, permitindo aos trabalhadores substituir as baterias em movimento sem interromper os fluxos de trabalho. Isto torna-o especialmente adequado para turnos longos e opera&ccedil;&otilde;es 24 horas por dia, 7 dias por semana.<\/p><h3 data-start=\"3885\" data-end=\"3920\">Digitaliza&ccedil;&atilde;o e imagiologia avan&ccedil;adas<\/h3><p data-start=\"3921\" data-end=\"4149\">Com um scanner 2D integrado e c&acirc;maras de alta resolu&ccedil;&atilde;o, o ET60 permite uma captura de dados r&aacute;pida e precisa. Desde a leitura de c&oacute;digos de barras na log&iacute;stica &agrave; documenta&ccedil;&atilde;o de imagens no servi&ccedil;o no terreno, melhora a efici&ecirc;ncia e reduz os erros.<\/p><h3 data-start=\"4151\" data-end=\"4179\">Ecossistema de ADN da mobilidade<\/h3><p data-start=\"4180\" data-end=\"4421\">Pr&eacute;-carregado com o conjunto de software Mobility DNA da Zebra, o ET60 oferece uma solu&ccedil;&atilde;o empresarial completa. Ferramentas para implanta&ccedil;&atilde;o, seguran&ccedil;a, otimiza&ccedil;&atilde;o da conetividade e gerenciamento de usu&aacute;rios d&atilde;o &agrave;s equipes de TI controle e aumentam a produtividade dos funcion&aacute;rios.<\/p><h3 data-start=\"4423\" data-end=\"4467\">Com o apoio da garantia e do suporte da Zebra<\/h3><p data-start=\"4468\" data-end=\"4695\">O ET60 inclui uma garantia limitada de tr&ecirc;s anos, garantindo confiabilidade a longo prazo. Os servi&ccedil;os de suporte empresarial da Zebra estendem ainda mais o gerenciamento do ciclo de vida, dando &agrave;s organiza&ccedil;&otilde;es tranquilidade e reduzindo o custo total de propriedade.<\/p><h2 data-start=\"4697\" data-end=\"4750\">Casos de uso ideais para o Rugged Tablet Zebra ET60<\/h2><ul data-start=\"4752\" data-end=\"5297\">\n<li data-start=\"4752\" data-end=\"4865\">\n<p data-start=\"4754\" data-end=\"4865\"><strong data-start=\"4754\" data-end=\"4781\">Log&iacute;stica e armazenamento<\/strong> &ndash; Acompanhamento de invent&aacute;rio em tempo real, leitura de c&oacute;digos de barras e fluxos de trabalho montados em empilhadores.<\/p>\n<\/li>\n<li data-start=\"4866\" data-end=\"4975\">\n<p data-start=\"4868\" data-end=\"4975\"><strong data-start=\"4868\" data-end=\"4897\">Servi&ccedil;o de campo e servi&ccedil;os p&uacute;blicos<\/strong> &ndash; Dispositivo dur&aacute;vel e ligado para inspec&ccedil;&otilde;es, relat&oacute;rios e manuten&ccedil;&atilde;o.<\/p>\n<\/li>\n<li data-start=\"4976\" data-end=\"5085\">\n<p data-start=\"4978\" data-end=\"5085\"><strong data-start=\"4978\" data-end=\"4995\">Fabrico<\/strong> &ndash; Fi&aacute;vel em ambientes de produ&ccedil;&atilde;o com desafios de poeira, vibra&ccedil;&atilde;o e temperatura.<\/p>\n<\/li>\n<li data-start=\"5086\" data-end=\"5189\">\n<p data-start=\"5088\" data-end=\"5189\"><strong data-start=\"5088\" data-end=\"5115\">Seguran&ccedil;a p&uacute;blica e defesa<\/strong> &ndash; Comunica&ccedil;&atilde;o segura e desempenho rugged para opera&ccedil;&otilde;es na linha da frente.<\/p>\n<\/li>\n<li data-start=\"5190\" data-end=\"5297\">\n<p data-start=\"5192\" data-end=\"5297\"><strong data-start=\"5192\" data-end=\"5224\">Transporte e gest&atilde;o de frotas<\/strong> &ndash; As solu&ccedil;&otilde;es de ancoragem e a conetividade 5G permitem centros de comando m&oacute;veis.<\/p>\n<\/li>\n<\/ul><h2 data-start=\"139\" data-end=\"175\">Compara&ccedil;&otilde;es de produtos Zebra ET60<\/h2><p data-start=\"177\" data-end=\"374\">O Zebra ET60 Rugged Tablet oferece uma versatilidade inigual&aacute;vel ao preencher a lacuna entre os tablets robustos e os laptops. Para as empresas que est&atilde;o a comparar alternativas, outros dispositivos robustos dispon&iacute;veis na MicroNordic incluem:<\/p><ul data-start=\"376\" data-end=\"778\">\n<li data-start=\"376\" data-end=\"501\">\n<p data-start=\"378\" data-end=\"501\"><a href=\"https:\/\/micronordic.com\/product\/zebra-et65-rugged-enterprise-tablet\/\"><strong data-start=\"378\" data-end=\"417\">Tablet empresarial robusto ET65 da Zebra<\/strong><\/a> &ndash; Um modelo estreitamente relacionado com capacidades avan&ccedil;adas de exterior e design 5G-first.<\/p>\n<\/li>\n<li data-start=\"502\" data-end=\"634\">\n<p data-start=\"504\" data-end=\"634\"><a href=\"https:\/\/micronordic.com\/product\/getac-f110-touch-fully-rugged-tablet\/\"><strong data-start=\"504\" data-end=\"538\">Getac F110 Fully Rugged Tablet<\/strong><\/a> &ndash; Um Tablet Windows de 11,6&Prime; totalmente rugged constru&iacute;do para aplica&ccedil;&otilde;es industriais e de campo exigentes.<\/p>\n<\/li>\n<li data-start=\"635\" data-end=\"778\">\n<p data-start=\"637\" data-end=\"778\"><a href=\"https:\/\/micronordic.com\/product\/panasonic-toughpad-fz-m1-refurbished\/\"><strong data-start=\"637\" data-end=\"694\">Panasonic TOUGHBOOK FZ-M1 Rugged Tablet (Recondicionado)<\/strong><\/a> &ndash; Um Tablet robusto de 7&Prime; mais pequeno que proporciona portabilidade para fluxos de trabalho especializados.<\/p>\n<\/li>\n<\/ul>\n","protected":false},"excerpt":{"rendered":"<h3>Especifica\u00e7\u00f5es:<\/h3>\n<ul>\n<li><strong>Ecr\u00e3:<\/strong> Ecr\u00e3 t\u00e1til ultra-brilhante de 12\u2033, leg\u00edvel \u00e0 luz do sol, compat\u00edvel com luvas e toque h\u00famido<\/li>\n<li><strong>Processador:<\/strong> Processador octa-core Qualcomm\u00ae 6490 com acelera\u00e7\u00e3o de IA<\/li>\n<li><strong>Gr\u00e1ficos:<\/strong> GPU Qualcomm Adreno integrada<\/li>\n<li><strong>Mem\u00f3ria:<\/strong> At\u00e9 8 GB de RAM<\/li>\n<li><strong>Armazenamento:<\/strong> 64 GB &#8211; 128 GB UFS, expans\u00edvel atrav\u00e9s de microSD<\/li>\n<li><strong>Conectividade:<\/strong> Wi-Fi 6E, Bluetooth 5.2, GPS, 5G opcional<\/li>\n<li><strong>Certifica\u00e7\u00f5es robustas:<\/strong> MIL-STD-810H, IP66, resistente a quedas<\/li>\n<li><strong>Seguran\u00e7a:<\/strong> Seguran\u00e7a do Android Enterprise, compatibilidade com EMM<\/li>\n<li><strong>Bateria:<\/strong> Op\u00e7\u00f5es de bateria standard e alargada com permuta direta<\/li>\n<li><strong>Dimens\u00f5es e peso:<\/strong> Modelo de aprox. 12\u2033, ~1,3 kg<\/li>\n<li><strong>Garantia:<\/strong> Garantia padr\u00e3o limitada a 2 anos<\/li>\n<\/ul>\n","protected":false},"author":24,"featured_media":100170,"template":"","meta":{"_acf_changed":false,"inline_featured_image":false},"product-condition":[5248],"product_brand":[9010],"product_cat":[5214,5210,5209],"product_tag":[],"class_list":{"0":"post-46119","1":"product","2":"type-product","3":"status-publish","4":"has-post-thumbnail","6":"product-condition-new-in-box","7":"product_brand-zebra","8":"product_cat-all-rugged-tablets","9":"product_cat-new-in-box-rugged-hardware","10":"product_cat-zebra","12":"first","13":"instock","14":"taxable","15":"shipping-taxable","16":"purchasable","17":"product-type-simple"},"acf":[],"_links":{"self":[{"href":"https:\/\/micronordic.com\/pt-pt\/wp-json\/wp\/v2\/product\/46119","targetHints":{"allow":["GET"]}}],"collection":[{"href":"https:\/\/micronordic.com\/pt-pt\/wp-json\/wp\/v2\/product"}],"about":[{"href":"https:\/\/micronordic.com\/pt-pt\/wp-json\/wp\/v2\/types\/product"}],"author":[{"embeddable":true,"href":"https:\/\/micronordic.com\/pt-pt\/wp-json\/wp\/v2\/users\/24"}],"version-history":[{"count":4,"href":"https:\/\/micronordic.com\/pt-pt\/wp-json\/wp\/v2\/product\/46119\/revisions"}],"predecessor-version":[{"id":99094,"href":"https:\/\/micronordic.com\/pt-pt\/wp-json\/wp\/v2\/product\/46119\/revisions\/99094"}],"wp:featuredmedia":[{"embeddable":true,"href":"https:\/\/micronordic.com\/pt-pt\/wp-json\/wp\/v2\/media\/100170"}],"wp:attachment":[{"href":"https:\/\/micronordic.com\/pt-pt\/wp-json\/wp\/v2\/media?parent=46119"}],"wp:term":[{"taxonomy":"product-condition","embeddable":true,"href":"https:\/\/micronordic.com\/pt-pt\/wp-json\/wp\/v2\/product-condition?post=46119"},{"taxonomy":"product_brand","embeddable":true,"href":"https:\/\/micronordic.com\/pt-pt\/wp-json\/wp\/v2\/product_brand?post=46119"},{"taxonomy":"product_cat","embeddable":true,"href":"https:\/\/micronordic.com\/pt-pt\/wp-json\/wp\/v2\/product_cat?post=46119"},{"taxonomy":"product_tag","embeddable":true,"href":"https:\/\/micronordic.com\/pt-pt\/wp-json\/wp\/v2\/product_tag?post=46119"}],"curies":[{"name":"wp","href":"https:\/\/api.w.org\/{rel}","templated":true}]}}