{"id":46115,"date":"2024-08-02T13:58:55","date_gmt":"2024-08-02T11:58:55","guid":{"rendered":"https:\/\/micronordic.com\/product\/zebra-et40-rugged-enterprise-tablet-new\/"},"modified":"2025-11-24T12:15:42","modified_gmt":"2025-11-24T11:15:42","slug":"zebra-et40-rugged-enterprise-tablet","status":"publish","type":"product","link":"https:\/\/micronordic.com\/pt-pt\/product\/zebra-et40-rugged-enterprise-tablet\/","title":{"rendered":"Zebra ET40 Rugged Tablet (NOVO)"},"content":{"rendered":"<?xml encoding=\"utf-8\" ?><h2 data-start=\"283\" data-end=\"322\">Zebra ET40 Rugged Tablet empresarial<\/h2><p data-start=\"324\" data-end=\"841\">O <strong data-start=\"328\" data-end=\"367\">Zebra ET40 Rugged Tablet Empresarial<\/strong> foi projetado para empresas que exigem mais do que os dispositivos de consumo podem oferecer. Combinando um fator de forma leve com durabilidade de n&iacute;vel empresarial, o ET40 oferece uma solu&ccedil;&atilde;o econ&ocirc;mica para setores como varejo, hotelaria, transporte, log&iacute;stica e servi&ccedil;os de campo. Com certifica&ccedil;&otilde;es rugged, captura de dados avan&ccedil;ada e desempenho duradouro, o ET40 garante opera&ccedil;&otilde;es fi&aacute;veis, quer seja no ch&atilde;o de f&aacute;brica, no armaz&eacute;m ou no campo. Os novos produtos t&ecirc;m uma garantia do fabricante de 2 anos.<\/p><h2 data-start=\"843\" data-end=\"892\">Principais carater&iacute;sticas do Zebra ET40 Rugged Tablet<\/h2><ul data-start=\"894\" data-end=\"1953\">\n<li data-start=\"894\" data-end=\"1009\">\n<p data-start=\"896\" data-end=\"1009\"><strong data-start=\"896\" data-end=\"913\">Design rugged<\/strong> &ndash; Testado contra quedas de 1,2 m em bet&atilde;o e certificado IP65 para prote&ccedil;&atilde;o contra p&oacute; e &aacute;gua.<\/p>\n<\/li>\n<li data-start=\"1010\" data-end=\"1120\">\n<p data-start=\"1012\" data-end=\"1120\"><strong data-start=\"1012\" data-end=\"1039\">Ecr&atilde; de alta visibilidade<\/strong> &ndash; Ecr&atilde; t&aacute;til FHD de 10,1&Prime; com legibilidade &agrave; luz do dia e suporte para toque com luvas\/molhado.<\/p>\n<\/li>\n<li data-start=\"1121\" data-end=\"1244\">\n<p data-start=\"1123\" data-end=\"1244\"><strong data-start=\"1123\" data-end=\"1155\">Desempenho de classe empresarial<\/strong> &ndash; Equipado com um processador octa-core com um processamento multitarefa e de aplica&ccedil;&otilde;es sem problemas.<\/p>\n<\/li>\n<li data-start=\"1245\" data-end=\"1344\">\n<p data-start=\"1247\" data-end=\"1344\"><strong data-start=\"1247\" data-end=\"1273\">Conectividade vers&aacute;til<\/strong> &ndash; Wi-Fi 6, Bluetooth 5.0 e 4G LTE opcional para opera&ccedil;&otilde;es m&oacute;veis.<\/p>\n<\/li>\n<li data-start=\"1345\" data-end=\"1436\">\n<p data-start=\"1347\" data-end=\"1436\"><strong data-start=\"1347\" data-end=\"1369\">Pronto para a captura de dados<\/strong> &ndash; Leitor de c&oacute;digos de barras 2D integrado e c&acirc;mara traseira de alta resolu&ccedil;&atilde;o.<\/p>\n<\/li>\n<li data-start=\"1437\" data-end=\"1535\">\n<p data-start=\"1439\" data-end=\"1535\"><strong data-start=\"1439\" data-end=\"1462\">Flexibilidade da bateria<\/strong> &ndash; Bateria de longa dura&ccedil;&atilde;o com capacidade de troca a quente para uma utiliza&ccedil;&atilde;o ininterrupta.<\/p>\n<\/li>\n<li data-start=\"1536\" data-end=\"1649\">\n<p data-start=\"1538\" data-end=\"1649\"><strong data-start=\"1538\" data-end=\"1560\">Conjunto Mobility DNA<\/strong> &ndash; Inclui ferramentas de software empresarial da Zebra para configura&ccedil;&atilde;o, gerenciamento e seguran&ccedil;a de dispositivos.<\/p>\n<\/li>\n<li data-start=\"1650\" data-end=\"1740\">\n<p data-start=\"1652\" data-end=\"1740\"><strong data-start=\"1652\" data-end=\"1681\">Leve e ergon&oacute;mico<\/strong> &ndash; Formato fino concebido para uma utiliza&ccedil;&atilde;o confort&aacute;vel durante todo o dia.<\/p>\n<\/li>\n<li data-start=\"1741\" data-end=\"1852\">\n<p data-start=\"1743\" data-end=\"1852\"><strong data-start=\"1743\" data-end=\"1773\">Acess&oacute;rios prontos a utilizar<\/strong> &ndash; Suporta solu&ccedil;&otilde;es de ancoragem, suportes para ve&iacute;culos e solu&ccedil;&otilde;es de carregamento de n&iacute;vel empresarial.<\/p>\n<\/li>\n<li data-start=\"1853\" data-end=\"1953\">\n<p data-start=\"1855\" data-end=\"1953\"><strong data-start=\"1855\" data-end=\"1876\">Garantia inclu&iacute;da<\/strong> &ndash; Garantia limitada padr&atilde;o de 2 anos com op&ccedil;&otilde;es de servi&ccedil;o e suporte da Zebra.<\/p>\n<\/li>\n<\/ul><h2 data-start=\"1955\" data-end=\"2015\">Principais benef&iacute;cios do Zebra ET40 Rugged Tablet empresarial<\/h2><h3 data-start=\"2017\" data-end=\"2064\">Durabilidade rugged com design leve<\/h3><p data-start=\"2065\" data-end=\"2263\">O ET40 foi concebido para resistir a quedas, p&oacute; e exposi&ccedil;&atilde;o &agrave; &aacute;gua, mantendo-se leve e f&aacute;cil de transportar. Com pouco mais de 1 kg, oferece portabilidade sem comprometer a fiabilidade rugged.<\/p><h3 data-start=\"2265\" data-end=\"2295\">Ecr&atilde; leg&iacute;vel no exterior<\/h3><p data-start=\"2296\" data-end=\"2525\">O ecr&atilde; FHD de 10,1&Prime; proporciona uma visibilidade cristalina em ambientes interiores e exteriores. Com suporte para luvas e toque h&uacute;mido, os trabalhadores podem interagir com o dispositivo independentemente das condi&ccedil;&otilde;es, garantindo fluxos de trabalho ininterruptos.<\/p><h3 data-start=\"2527\" data-end=\"2578\">Processamento potente para aplica&ccedil;&otilde;es empresariais<\/h3><p data-start=\"2579\" data-end=\"2829\">Equipado com um processador octa-core avan&ccedil;ado, o ET40 lida com aplica&ccedil;&otilde;es empresariais com facilidade. Quer esteja a executar software de POS no retalho, sistemas de agendamento na hotelaria ou rastreio de activos na log&iacute;stica, o desempenho mant&eacute;m-se suave e reativo.<\/p><h3 data-start=\"2831\" data-end=\"2860\">Conectividade cont&iacute;nua<\/h3><p data-start=\"2861\" data-end=\"3123\">O ET40 suporta Wi-Fi 6 e Bluetooth 5.0 para comunica&ccedil;&otilde;es de alta velocidade. Para as equipas no terreno, o 4G LTE opcional assegura o acesso ininterrupto a dados cr&iacute;ticos e a aplica&ccedil;&otilde;es baseadas na nuvem. Esta conetividade permite a colabora&ccedil;&atilde;o e a tomada de decis&otilde;es em tempo real.<\/p><h3 data-start=\"3125\" data-end=\"3152\">Captura avan&ccedil;ada de dados<\/h3><p data-start=\"3153\" data-end=\"3397\">Com o leitor de c&oacute;digos de barras 2D incorporado e a c&acirc;mara de alta resolu&ccedil;&atilde;o, o ET40 simplifica os fluxos de trabalho, como a gest&atilde;o de invent&aacute;rio, o seguimento de pacotes e a captura de documentos. Mesmo os c&oacute;digos de barras danificados ou mal impressos podem ser lidos com rapidez e precis&atilde;o.<\/p><h3 data-start=\"3399\" data-end=\"3426\">Vida &uacute;til prolongada da bateria<\/h3><p data-start=\"3427\" data-end=\"3642\">Concebida para turnos longos, a bateria de alta capacidade do ET40 suporta um dia inteiro de trabalho. A capacidade de troca a quente garante um tempo de inatividade zero, permitindo que as baterias sejam substitu&iacute;das em movimento sem desligar o dispositivo.<\/p><h3 data-start=\"3644\" data-end=\"3679\">Ecossistema de software empresarial<\/h3><p data-start=\"3680\" data-end=\"3939\">O conjunto Zebra Mobility DNA aprimora o ET40 com ferramentas para configura&ccedil;&atilde;o segura de dispositivos, conetividade Wi-Fi otimizada e maior produtividade do usu&aacute;rio. Recursos como Enterprise Home Screen e StageNow simplificam a implanta&ccedil;&atilde;o e o gerenciamento em grandes frotas de dispositivos.<\/p><h3 data-start=\"3941\" data-end=\"3976\">Garantia e assist&ecirc;ncia fi&aacute;veis<\/h3><p data-start=\"3977\" data-end=\"4189\">Apoiado por uma garantia limitada padr&atilde;o de tr&ecirc;s anos, o ET40 oferece tranquilidade para as empresas. As ofertas de servi&ccedil;os da Zebra ampliam ainda mais o gerenciamento do ciclo de vida dos dispositivos, garantindo o m&aacute;ximo de ROI e o m&iacute;nimo de tempo de inatividade.<\/p><h2 data-start=\"4191\" data-end=\"4244\">Casos de uso ideais para o Rugged Tablet Zebra ET40<\/h2><ul data-start=\"4246\" data-end=\"4780\">\n<li data-start=\"4246\" data-end=\"4350\">\n<p data-start=\"4248\" data-end=\"4350\"><strong data-start=\"4248\" data-end=\"4272\">Retalho e hotelaria<\/strong> &ndash; POS m&oacute;vel, gest&atilde;o de invent&aacute;rio e servi&ccedil;o ao cliente na loja.<\/p>\n<\/li>\n<li data-start=\"4351\" data-end=\"4452\">\n<p data-start=\"4353\" data-end=\"4452\"><strong data-start=\"4353\" data-end=\"4383\">Transporte e log&iacute;stica<\/strong> &ndash; Seguimento em tempo real, leitura de c&oacute;digos de barras e confirma&ccedil;&atilde;o de entrega.<\/p>\n<\/li>\n<li data-start=\"4453\" data-end=\"4567\">\n<p data-start=\"4455\" data-end=\"4567\"><strong data-start=\"4455\" data-end=\"4484\">Servi&ccedil;os no terreno e utilit&aacute;rios<\/strong> &ndash; Desempenho fi&aacute;vel para inspec&ccedil;&otilde;es, manuten&ccedil;&atilde;o e relat&oacute;rios no terreno.<\/p>\n<\/li>\n<li data-start=\"4568\" data-end=\"4667\">\n<p data-start=\"4570\" data-end=\"4667\"><strong data-start=\"4570\" data-end=\"4585\">Armazenamento<\/strong> &ndash; Recolha, embalagem e controlo de stocks eficientes com digitaliza&ccedil;&atilde;o e conetividade.<\/p>\n<\/li>\n<li data-start=\"4668\" data-end=\"4780\">\n<p data-start=\"4670\" data-end=\"4780\"><strong data-start=\"4670\" data-end=\"4687\">Setor p&uacute;blico<\/strong> &ndash; Um dispositivo dur&aacute;vel e port&aacute;til para trabalhadores da linha da frente que necessitam de fluxos de trabalho seguros e ligados.<\/p>\n<\/li>\n<\/ul><h2 data-start=\"281\" data-end=\"317\">Compara&ccedil;&otilde;es de produtos Zebra ET40<\/h2><p data-start=\"319\" data-end=\"549\">O Zebra ET40 Rugged Tablet foi concebido como um tablet empresarial econ&oacute;mico e robusto que equilibra durabilidade, portabilidade e desempenho. Para as organiza&ccedil;&otilde;es que est&atilde;o avaliando alternativas, outras solu&ccedil;&otilde;es robustas dispon&iacute;veis na <strong>Micro Nordic<\/strong> incluem:<\/p><ul data-start=\"551\" data-end=\"927\">\n<li data-start=\"551\" data-end=\"672\">\n<p data-start=\"553\" data-end=\"672\"><a href=\"https:\/\/micronordic.com\/product\/zebra-et45-rugged-enterprise-tablet\/\"><strong data-start=\"553\" data-end=\"581\">Tablet robusto ET45 da Zebra<\/strong> <\/a>&ndash; Design semelhante ao ET40, mas com conetividade estendida e recursos voltados para o campo.<\/p>\n<\/li>\n<li data-start=\"673\" data-end=\"802\">\n<p data-start=\"675\" data-end=\"802\"><a href=\"https:\/\/micronordic.com\/product\/panasonic-toughpad-fz-m1-refurbished\/\"><strong data-start=\"675\" data-end=\"718\">Rugged Tablet Panasonic TOUGHBOOK FZ-M1<\/strong><\/a> &ndash; Um tablet de 7&Prime; totalmente rugged constru&iacute;do para uma portabilidade extrema e uma utiliza&ccedil;&atilde;o exigente no terreno.<\/p>\n<\/li>\n<li data-start=\"803\" data-end=\"927\">\n<p data-start=\"805\" data-end=\"927\"><strong data-start=\"805\" data-end=\"839\"><a href=\"https:\/\/micronordic.com\/product\/getac-f110-touch-fully-rugged-tablet\/\">Getac F110 Fully Rugged Tablet <\/a><\/strong>&ndash; Um Tablet robusto maior de 11,6&Prime; concebido para utilizadores que necessitam de espa&ccedil;o de ecr&atilde; adicional.<\/p>\n<\/li>\n<\/ul><p>&nbsp;<\/p>\n","protected":false},"excerpt":{"rendered":"<h3>Especifica\u00e7\u00f5es:<\/h3>\n<ul>\n<li><strong>Ecr\u00e3:<\/strong> Ecr\u00e3 t\u00e1til de 10,1\u2033 FHD (1920\u00d71200), leg\u00edvel \u00e0 luz do sol, com suporte para luvas e toque h\u00famido<\/li>\n<li><strong>Processador:<\/strong> Processador Qualcomm Snapdragon Octa-core<\/li>\n<li><strong>Gr\u00e1ficos:<\/strong> GPU Qualcomm Adreno integrada<\/li>\n<li><strong>Mem\u00f3ria:<\/strong> Op\u00e7\u00f5es de 4 GB &#8211; 8 GB de RAM<\/li>\n<li><strong>Armazenamento:<\/strong> 64 GB &#8211; 128 GB eMMC, expans\u00edvel atrav\u00e9s de microSD<\/li>\n<li><strong>Conectividade:<\/strong> Wi-Fi 6, Bluetooth 5.0, 4G LTE opcional<\/li>\n<li><strong>Certifica\u00e7\u00f5es robustas:<\/strong> Testado com MIL-STD-810H, certificado IP65, resist\u00eancia a quedas de 4 p\u00e9s<\/li>\n<li><strong>Seguran\u00e7a:<\/strong> Seguran\u00e7a Android Enterprise, suporte opcional para gest\u00e3o da mobilidade empresarial<\/li>\n<li><strong>Bateria:<\/strong> Op\u00e7\u00f5es de bateria padr\u00e3o ou alargada, permut\u00e1vel a quente<\/li>\n<li><strong>Dimens\u00f5es e peso:<\/strong> modelo de 10,1\u2033 aprox. 1,04 kg<\/li>\n<li><strong>Garantia:<\/strong> Garantia padr\u00e3o limitada a 2 anos<\/li>\n<\/ul>\n","protected":false},"author":24,"featured_media":100155,"template":"","meta":{"_acf_changed":false,"inline_featured_image":false},"product-condition":[5248],"product_brand":[9010],"product_cat":[5214,5210,5209],"product_tag":[],"class_list":{"0":"post-46115","1":"product","2":"type-product","3":"status-publish","4":"has-post-thumbnail","6":"product-condition-new-in-box","7":"product_brand-zebra","8":"product_cat-all-rugged-tablets","9":"product_cat-new-in-box-rugged-hardware","10":"product_cat-zebra","12":"first","13":"instock","14":"taxable","15":"shipping-taxable","16":"purchasable","17":"product-type-simple"},"acf":[],"_links":{"self":[{"href":"https:\/\/micronordic.com\/pt-pt\/wp-json\/wp\/v2\/product\/46115","targetHints":{"allow":["GET"]}}],"collection":[{"href":"https:\/\/micronordic.com\/pt-pt\/wp-json\/wp\/v2\/product"}],"about":[{"href":"https:\/\/micronordic.com\/pt-pt\/wp-json\/wp\/v2\/types\/product"}],"author":[{"embeddable":true,"href":"https:\/\/micronordic.com\/pt-pt\/wp-json\/wp\/v2\/users\/24"}],"version-history":[{"count":4,"href":"https:\/\/micronordic.com\/pt-pt\/wp-json\/wp\/v2\/product\/46115\/revisions"}],"predecessor-version":[{"id":99089,"href":"https:\/\/micronordic.com\/pt-pt\/wp-json\/wp\/v2\/product\/46115\/revisions\/99089"}],"wp:featuredmedia":[{"embeddable":true,"href":"https:\/\/micronordic.com\/pt-pt\/wp-json\/wp\/v2\/media\/100155"}],"wp:attachment":[{"href":"https:\/\/micronordic.com\/pt-pt\/wp-json\/wp\/v2\/media?parent=46115"}],"wp:term":[{"taxonomy":"product-condition","embeddable":true,"href":"https:\/\/micronordic.com\/pt-pt\/wp-json\/wp\/v2\/product-condition?post=46115"},{"taxonomy":"product_brand","embeddable":true,"href":"https:\/\/micronordic.com\/pt-pt\/wp-json\/wp\/v2\/product_brand?post=46115"},{"taxonomy":"product_cat","embeddable":true,"href":"https:\/\/micronordic.com\/pt-pt\/wp-json\/wp\/v2\/product_cat?post=46115"},{"taxonomy":"product_tag","embeddable":true,"href":"https:\/\/micronordic.com\/pt-pt\/wp-json\/wp\/v2\/product_tag?post=46115"}],"curies":[{"name":"wp","href":"https:\/\/api.w.org\/{rel}","templated":true}]}}