{"id":46113,"date":"2024-08-01T20:13:44","date_gmt":"2024-08-01T18:13:44","guid":{"rendered":"https:\/\/micronordic.com\/product\/zebra-tc58e-handheld-mobile-computer-new\/"},"modified":"2025-11-17T10:42:40","modified_gmt":"2025-11-17T09:42:40","slug":"zebra-tc58e-handheld-mobile-computer","status":"publish","type":"product","link":"https:\/\/micronordic.com\/pt-pt\/product\/zebra-tc58e-handheld-mobile-computer\/","title":{"rendered":"Zebra TC58e Handheld Mobile Computer (NOVO)"},"content":{"rendered":"<?xml encoding=\"utf-8\" ?><h2 data-start=\"289\" data-end=\"327\">Computador m&oacute;vel robusto Zebra TC58e<\/h2><p data-start=\"329\" data-end=\"787\">O <strong data-start=\"333\" data-end=\"371\">Zebra TC58e Hand<\/strong> held <strong data-start=\"333\" data-end=\"371\">Mobile Computer robusto<\/strong> oferece a &uacute;ltima gera&ccedil;&atilde;o de mobilidade empresarial num design compacto de m&atilde;o. Constru&iacute;do para setores exigentes, como log&iacute;stica, retalho, transporte e servi&ccedil;os de campo, o TC58e combina durabilidade rugged, conetividade 5G, captura avan&ccedil;ada de dados e bateria de longa dura&ccedil;&atilde;o. Quer seja utilizado no interior ou no exterior, proporciona aos trabalhadores uma ferramenta fi&aacute;vel, potente e segura para fluxos de trabalho de miss&atilde;o cr&iacute;tica.   Os produtos novos t&ecirc;m uma garantia do fabricante de 2 anos.<\/p><h2 data-start=\"789\" data-end=\"825\">Principais carater&iacute;sticas do Zebra TC58e<\/h2><ul data-start=\"827\" data-end=\"1768\">\n<li data-start=\"827\" data-end=\"949\">\n<p data-start=\"829\" data-end=\"949\"><strong data-start=\"829\" data-end=\"846\">Design rugged<\/strong> &ndash; classifica&ccedil;&atilde;o IP65\/IP68 para resist&ecirc;ncia ao p&oacute; e &agrave; &aacute;gua, e testado contra quedas para durabilidade em condi&ccedil;&otilde;es dif&iacute;ceis.<\/p>\n<\/li>\n<li data-start=\"950\" data-end=\"1055\">\n<p data-start=\"952\" data-end=\"1055\"><strong data-start=\"952\" data-end=\"975\">Ecr&atilde; brilhante de 6,0&Prime;<\/strong> &ndash; Ecr&atilde; t&aacute;til Full HD+ com 600 nits de brilho, suporte para luvas e toque h&uacute;mido.<\/p>\n<\/li>\n<li data-start=\"1056\" data-end=\"1149\">\n<p data-start=\"1058\" data-end=\"1149\"><strong data-start=\"1058\" data-end=\"1079\">Processamento moderno<\/strong> &ndash; A plataforma Qualcomm&reg; octa-core garante um desempenho r&aacute;pido e eficiente.<\/p>\n<\/li>\n<li data-start=\"1150\" data-end=\"1231\">\n<p data-start=\"1152\" data-end=\"1231\"><strong data-start=\"1152\" data-end=\"1179\">Conectividade empresarial<\/strong> &ndash; 5G, Wi-Fi 6E, Bluetooth, GPS e op&ccedil;&otilde;es eSIM.<\/p>\n<\/li>\n<li data-start=\"1232\" data-end=\"1333\">\n<p data-start=\"1234\" data-end=\"1333\"><strong data-start=\"1234\" data-end=\"1250\">Captura de dados<\/strong> &ndash; Leitor de c&oacute;digos de barras 2D integrado (SE4720) e c&acirc;maras traseira de 16 MP e frontal de 8 MP.<\/p>\n<\/li>\n<li data-start=\"1334\" data-end=\"1428\">\n<p data-start=\"1336\" data-end=\"1428\"><strong data-start=\"1336\" data-end=\"1362\">Bateria com permutador de calor<\/strong> &ndash; a bateria de 4680 mAh suporta turnos cont&iacute;nuos sem tempo de inatividade.<\/p>\n<\/li>\n<li data-start=\"1429\" data-end=\"1500\">\n<p data-start=\"1431\" data-end=\"1500\"><strong data-start=\"1431\" data-end=\"1453\">Design leve<\/strong> &ndash; Com um peso aproximado de 282 g para uma utiliza&ccedil;&atilde;o di&aacute;ria f&aacute;cil. <\/p>\n<\/li>\n<li data-start=\"1501\" data-end=\"1595\">\n<p data-start=\"1503\" data-end=\"1595\"><strong data-start=\"1503\" data-end=\"1524\">Seguran&ccedil;a incorporada<\/strong> &ndash; Android Enterprise ready, com carater&iacute;sticas de seguran&ccedil;a de n&iacute;vel empresarial.<\/p>\n<\/li>\n<li data-start=\"1596\" data-end=\"1697\">\n<p data-start=\"1598\" data-end=\"1697\"><strong data-start=\"1598\" data-end=\"1620\">Ferramentas Mobility DNA<\/strong> &ndash; O ecossistema de aplicativos da Zebra para simplificar a configura&ccedil;&atilde;o, a implanta&ccedil;&atilde;o e o gerenciamento.<\/p>\n<\/li>\n<li data-start=\"1698\" data-end=\"1768\">\n<p data-start=\"1700\" data-end=\"1768\"><strong data-start=\"1700\" data-end=\"1712\">Garantia<\/strong> &ndash; Apoiada por uma garantia padr&atilde;o limitada de 2 anos do fabricante.<\/p>\n<\/li>\n<\/ul><h2 data-start=\"1770\" data-end=\"1829\">Principais benef&iacute;cios do computador m&oacute;vel robusto Zebra TC58e<\/h2><h3 data-start=\"1831\" data-end=\"1873\">Fiabilidade rugged num formato compacto<\/h3><p data-start=\"1874\" data-end=\"2063\">Apesar do seu design leve e fino, o TC58e &eacute; totalmente rugged. Com veda&ccedil;&atilde;o IP65\/IP68 e resist&ecirc;ncia a quedas, ele prospera em ambientes exigentes onde os smartphones de consumo falhariam. <\/p><h3 data-start=\"2065\" data-end=\"2096\">Visibilidade clara em qualquer lugar<\/h3><p data-start=\"2097\" data-end=\"2301\">O ecr&atilde; de 6,0&Prime; proporciona uma excelente nitidez a 600 nits, garantindo a facilidade de utiliza&ccedil;&atilde;o em interiores e exteriores. Com suporte para luvas e toque h&uacute;mido, os trabalhadores podem manter-se produtivos em condi&ccedil;&otilde;es de chuva, p&oacute; ou frio. <\/p><h3 data-start=\"2303\" data-end=\"2332\">Conectividade de alta velocidade<\/h3><p data-start=\"2333\" data-end=\"2573\">Concebido como o primeiro computador m&oacute;vel 5G, o TC58e permite a transfer&ecirc;ncia ultra-r&aacute;pida de dados, a transmiss&atilde;o de v&iacute;deo e a utiliza&ccedil;&atilde;o de aplica&ccedil;&otilde;es em tempo real. Combinado com Wi-Fi 6E e Bluetooth 5.0, garante liga&ccedil;&otilde;es est&aacute;veis e flex&iacute;veis em todos os fluxos de trabalho. <\/p><h3 data-start=\"2575\" data-end=\"2602\">Captura avan&ccedil;ada de dados<\/h3><p data-start=\"2603\" data-end=\"2838\">O leitor de c&oacute;digos de barras SE4720 integrado processa com rapidez e precis&atilde;o at&eacute; mesmo c&oacute;digos de barras danificados ou mal impressos. Em conjunto com c&acirc;maras de alta resolu&ccedil;&atilde;o, o TC58e &eacute; ideal para prova de entrega, documenta&ccedil;&atilde;o de activos e fluxos de trabalho de retalho. <\/p><h3 data-start=\"2840\" data-end=\"2878\">Bateria para funcionamento cont&iacute;nuo<\/h3><p data-start=\"2879\" data-end=\"3058\">A bateria de 4680 mAh com capacidade de troca a quente permite aos trabalhadores manter os dispositivos a funcionar durante longos turnos. As baterias podem ser substitu&iacute;das sem desligar, garantindo fluxos de trabalho ininterruptos. <\/p><h3 data-start=\"3060\" data-end=\"3099\">Seguran&ccedil;a empresarial e ecossistema<\/h3><p data-start=\"3100\" data-end=\"3326\">Executando o Android com as ferramentas do Mobility DNA da Zebra, o TC58e combina hardware e software em uma verdadeira solu&ccedil;&atilde;o pronta para a empresa. As equipes de TI podem agilizar a implanta&ccedil;&atilde;o, aplicar pol&iacute;ticas e otimizar a conetividade entre os dispositivos. <\/p><h3 data-start=\"3328\" data-end=\"3361\">Vers&aacute;til em todos os sectores<\/h3><p data-start=\"3362\" data-end=\"3579\">Do ch&atilde;o da loja aos cami&otilde;es de entrega, o TC58e adapta-se perfeitamente. A sua combina&ccedil;&atilde;o de robustez, digitaliza&ccedil;&atilde;o, conetividade e portabilidade torna-o adequado para log&iacute;stica, servi&ccedil;os de campo e opera&ccedil;&otilde;es de retalho. <\/p><h2 data-start=\"3581\" data-end=\"3621\">Casos de uso ideais para o Zebra TC58e<\/h2><ul data-start=\"3623\" data-end=\"4131\">\n<li data-start=\"3623\" data-end=\"3721\">\n<p data-start=\"3625\" data-end=\"3721\"><strong data-start=\"3625\" data-end=\"3649\">Retalho e hotelaria<\/strong> &ndash; POS m&oacute;vel, controlos de invent&aacute;rio e envolvimento do cliente no local.<\/p>\n<\/li>\n<li data-start=\"3722\" data-end=\"3827\">\n<p data-start=\"3724\" data-end=\"3827\"><strong data-start=\"3724\" data-end=\"3754\">Transporte e log&iacute;stica<\/strong> &ndash; Prova de entrega, gest&atilde;o de rotas em tempo real e seguimento de encomendas.<\/p>\n<\/li>\n<li data-start=\"3828\" data-end=\"3927\">\n<p data-start=\"3830\" data-end=\"3927\"><strong data-start=\"3830\" data-end=\"3859\">Servi&ccedil;o de campo e servi&ccedil;os p&uacute;blicos<\/strong> &ndash; Inspec&ccedil;&otilde;es, repara&ccedil;&otilde;es e recolha de dados em ambientes exteriores.<\/p>\n<\/li>\n<li data-start=\"3928\" data-end=\"4022\">\n<p data-start=\"3930\" data-end=\"4022\"><strong data-start=\"3930\" data-end=\"3945\">Armazenamento<\/strong> &ndash; Picking, scanning e gest&atilde;o de stocks em condi&ccedil;&otilde;es industriais rugged.<\/p>\n<\/li>\n<li data-start=\"4023\" data-end=\"4131\">\n<p data-start=\"4025\" data-end=\"4131\"><strong data-start=\"4025\" data-end=\"4055\">Seguran&ccedil;a p&uacute;blica e administra&ccedil;&atilde;o p&uacute;blica<\/strong> &ndash; Comunica&ccedil;&atilde;o e documenta&ccedil;&atilde;o fi&aacute;veis e seguras para os trabalhadores da linha da frente.<\/p>\n<\/li>\n<\/ul><h2 data-start=\"4133\" data-end=\"4169\">Compara&ccedil;&otilde;es de produtos Zebra TC58e<\/h2><p data-start=\"224\" data-end=\"448\">O Zebra TC58e representa a mais nova gera&ccedil;&atilde;o de dispositivos port&aacute;teis robustos, optimizados para conetividade 5G e fluxos de trabalho avan&ccedil;ados. Para organiza&ccedil;&otilde;es que est&atilde;o a considerar alternativas, outros dispositivos robustos dispon&iacute;veis na Micro Nordic incluem: <\/p><ul data-start=\"450\" data-end=\"871\">\n<li data-start=\"450\" data-end=\"588\">\n<p data-start=\"452\" data-end=\"588\"><a href=\"https:\/\/micronordic.com\/product\/zebra-tc53e-handheld-mobile-computer\/\"><strong data-start=\"452\" data-end=\"490\">Zebra TC53e Handheld Mobile Computer<\/strong> <\/a>&ndash; Uma variante apenas Wi-Fi da mesma plataforma, ideal quando a conetividade celular n&atilde;o &eacute; necess&aacute;ria.<\/p>\n<\/li>\n<li data-start=\"589\" data-end=\"733\">\n<p data-start=\"591\" data-end=\"733\"><a href=\"https:\/\/micronordic.com\/product\/zebra-tc77-mobile-handheld-computer-refurbished\/\"><strong data-start=\"591\" data-end=\"635\">Zebra TC77 Handheld Mobile Computer<\/strong><\/a>&ndash; Um dispositivo legado rugged dispon&iacute;vel recondicionado, oferecendo durabilidade pesada a um custo menor.<\/p>\n<\/li>\n<li data-start=\"734\" data-end=\"871\">\n<p data-start=\"736\" data-end=\"871\"><a href=\"https:\/\/micronordic.com\/product\/zebra-et65-rugged-enterprise-tablet\/\"><strong data-start=\"736\" data-end=\"775\">Zebra ET65 Rugged Tablet<\/strong><\/a> &ndash; Um Tablet robusto maior de 12&Prime; com conetividade 5G para fluxos de trabalho que exigem mais espa&ccedil;o de ecr&atilde;.<\/p>\n<\/li>\n<\/ul>\n","protected":false},"excerpt":{"rendered":"<h3>Especifica\u00e7\u00f5es:<\/h3>\n<ul>\n<li><strong>Ecr\u00e3:<\/strong> 6.0\u2033 FHD+ (2160\u00d71080), 600 nits de luminosidade, suporte para luvas e toque h\u00famido<\/li>\n<li><strong>Processador:<\/strong> Qualcomm octa-core at\u00e9 2,4 GHz<\/li>\n<li><strong>Mem\u00f3ria e armazenamento:<\/strong> 6 GB de RAM, 64 GB de flash<\/li>\n<li><strong>Conectividade:<\/strong> 5G, Wi-Fi 6E, Bluetooth 5.0, GPS, eSIM<\/li>\n<li><strong>Capta\u00e7\u00e3o de dados e c\u00e2maras:<\/strong> gerador de imagens 2D (SE4720), c\u00e2mara traseira de 16 MP, c\u00e2mara frontal de 8 MP<\/li>\n<li>Bateria<strong>:<\/strong> Bateria de 4680 mAh com capacidade de troca a quente<\/li>\n<li><strong>Certifica\u00e7\u00f5es robustas:<\/strong> Classifica\u00e7\u00e3o IP65\/IP68, resistente a quedas<\/li>\n<li><strong>Seguran\u00e7a:<\/strong> Funcionalidades Android Enterprise, NFC, encripta\u00e7\u00e3o de n\u00edvel empresarial<\/li>\n<li><strong>Dimens\u00f5es e peso:<\/strong> Aprox. 282 g <\/li>\n<li><strong>Garantia:<\/strong> 2 anos de garantia padr\u00e3o limitada pelo fabricante<\/li>\n<\/ul>\n","protected":false},"author":24,"featured_media":100291,"template":"","meta":{"_acf_changed":false,"inline_featured_image":false},"product-condition":[5248],"product_brand":[9010],"product_cat":[5209,5213,5210],"product_tag":[],"class_list":{"0":"post-46113","1":"product","2":"type-product","3":"status-publish","4":"has-post-thumbnail","6":"product-condition-new-in-box","7":"product_brand-zebra","8":"product_cat-zebra","9":"product_cat-all-barcode-scanners","10":"product_cat-new-in-box-rugged-hardware","12":"first","13":"instock","14":"taxable","15":"shipping-taxable","16":"purchasable","17":"product-type-simple"},"acf":[],"_links":{"self":[{"href":"https:\/\/micronordic.com\/pt-pt\/wp-json\/wp\/v2\/product\/46113","targetHints":{"allow":["GET"]}}],"collection":[{"href":"https:\/\/micronordic.com\/pt-pt\/wp-json\/wp\/v2\/product"}],"about":[{"href":"https:\/\/micronordic.com\/pt-pt\/wp-json\/wp\/v2\/types\/product"}],"author":[{"embeddable":true,"href":"https:\/\/micronordic.com\/pt-pt\/wp-json\/wp\/v2\/users\/24"}],"version-history":[{"count":3,"href":"https:\/\/micronordic.com\/pt-pt\/wp-json\/wp\/v2\/product\/46113\/revisions"}],"predecessor-version":[{"id":97844,"href":"https:\/\/micronordic.com\/pt-pt\/wp-json\/wp\/v2\/product\/46113\/revisions\/97844"}],"wp:featuredmedia":[{"embeddable":true,"href":"https:\/\/micronordic.com\/pt-pt\/wp-json\/wp\/v2\/media\/100291"}],"wp:attachment":[{"href":"https:\/\/micronordic.com\/pt-pt\/wp-json\/wp\/v2\/media?parent=46113"}],"wp:term":[{"taxonomy":"product-condition","embeddable":true,"href":"https:\/\/micronordic.com\/pt-pt\/wp-json\/wp\/v2\/product-condition?post=46113"},{"taxonomy":"product_brand","embeddable":true,"href":"https:\/\/micronordic.com\/pt-pt\/wp-json\/wp\/v2\/product_brand?post=46113"},{"taxonomy":"product_cat","embeddable":true,"href":"https:\/\/micronordic.com\/pt-pt\/wp-json\/wp\/v2\/product_cat?post=46113"},{"taxonomy":"product_tag","embeddable":true,"href":"https:\/\/micronordic.com\/pt-pt\/wp-json\/wp\/v2\/product_tag?post=46113"}],"curies":[{"name":"wp","href":"https:\/\/api.w.org\/{rel}","templated":true}]}}