{"id":46107,"date":"2024-08-01T20:13:06","date_gmt":"2024-08-01T18:13:06","guid":{"rendered":"https:\/\/micronordic.com\/product\/zebra-tc53-handheld-mobile-computer-new\/"},"modified":"2025-11-24T12:07:56","modified_gmt":"2025-11-24T11:07:56","slug":"zebra-tc53-handheld-mobile-computer","status":"publish","type":"product","link":"https:\/\/micronordic.com\/pt-pt\/product\/zebra-tc53-handheld-mobile-computer\/","title":{"rendered":"Zebra TC53 Handheld Mobile Computer (NOVO)"},"content":{"rendered":"<?xml encoding=\"utf-8\" ?><h2 data-start=\"306\" data-end=\"343\">Zebra TC53 Handheld Mobile Computer robusto<\/h2><p data-start=\"345\" data-end=\"824\">O <strong data-start=\"349\" data-end=\"386\">Zebra TC53 Handheld Mobile Computer<\/strong> &eacute; um avan&ccedil;ado <strong data-start=\"349\" data-end=\"386\">computador de<\/strong> m&atilde;o empresarial projetado para organiza&ccedil;&otilde;es que precisam de desempenho, conetividade e durabilidade robusta num dispositivo fino e moderno. Como parte da s&eacute;rie TC5X, o TC53 combina o design rugged da Zebra com uma abordagem que prioriza o Wi-Fi, tornando-o a solu&ccedil;&atilde;o perfeita para empresas que operam principalmente em ambientes internos. Seja no varejo, armazenamento ou hotelaria, o TC53 oferece efici&ecirc;ncia, visibilidade e confiabilidade a longo prazo.<\/p><p class=\"p1\">Os produtos novos t&ecirc;m uma garantia do fabricante de 2 anos.<\/p><h2 data-start=\"826\" data-end=\"861\">Principais carater&iacute;sticas do Zebra TC53:<\/h2><ul data-start=\"863\" data-end=\"1798\">\n<li data-start=\"863\" data-end=\"982\">\n<p data-start=\"865\" data-end=\"982\"><strong data-start=\"865\" data-end=\"886\">Durabilidade rugged<\/strong> &ndash; certificado IP65\/IP68 e testado contra quedas, garantindo um desempenho consistente em ambientes dif&iacute;ceis.<\/p>\n<\/li>\n<li data-start=\"983\" data-end=\"1090\">\n<p data-start=\"985\" data-end=\"1090\"><strong data-start=\"985\" data-end=\"1006\">Ecr&atilde; FHD+ de 6,0&Prime;<\/strong> &ndash; 600 nits de brilho, suporte para toque com luvas e com &aacute;gua e prote&ccedil;&atilde;o Gorilla Glass.<\/p>\n<\/li>\n<li data-start=\"1091\" data-end=\"1206\">\n<p data-start=\"1093\" data-end=\"1206\"><strong data-start=\"1093\" data-end=\"1118\">Processamento de alta velocidade<\/strong> &ndash; processador Qualcomm&reg; 6490 octa-core com acelera&ccedil;&atilde;o de IA para aplica&ccedil;&otilde;es exigentes.<\/p>\n<\/li>\n<li data-start=\"1207\" data-end=\"1288\">\n<p data-start=\"1209\" data-end=\"1288\"><strong data-start=\"1209\" data-end=\"1236\">Conectividade empresarial<\/strong> &ndash; Wi-Fi 6E, Bluetooth 5.2, GPS e op&ccedil;&otilde;es eSIM.<\/p>\n<\/li>\n<li data-start=\"1289\" data-end=\"1379\">\n<p data-start=\"1291\" data-end=\"1379\"><strong data-start=\"1291\" data-end=\"1307\">Captura de dados<\/strong> &ndash; Scanner 2D SE4720 integrado, c&acirc;mara traseira de 16 MP, c&acirc;mara frontal de 8 MP.<\/p>\n<\/li>\n<li data-start=\"1380\" data-end=\"1450\">\n<p data-start=\"1382\" data-end=\"1450\"><strong data-start=\"1382\" data-end=\"1393\">Bateria<\/strong> &ndash; Bateria de 4680 mAh com capacidade de troca a quente para um funcionamento durante todo o dia.<\/p>\n<\/li>\n<li data-start=\"1451\" data-end=\"1531\">\n<p data-start=\"1453\" data-end=\"1531\"><strong data-start=\"1453\" data-end=\"1475\">Design leve<\/strong> &ndash; Formato fino e ergon&oacute;mico, com um peso aproximado de 282 g.<\/p>\n<\/li>\n<li data-start=\"1532\" data-end=\"1619\">\n<p data-start=\"1534\" data-end=\"1619\"><strong data-start=\"1534\" data-end=\"1562\">Android Enterprise ready<\/strong> &ndash; Suporte de SO de n&iacute;vel empresarial com ciclo de vida alargado.<\/p>\n<\/li>\n<li data-start=\"1620\" data-end=\"1730\">\n<p data-start=\"1622\" data-end=\"1730\"><strong data-start=\"1622\" data-end=\"1644\">Ferramentas Mobility DNA<\/strong> &ndash; O conjunto de software da Zebra para implanta&ccedil;&atilde;o, gerenciamento e otimiza&ccedil;&atilde;o de conetividade.<\/p>\n<\/li>\n<li data-start=\"1731\" data-end=\"1798\">\n<p data-start=\"1733\" data-end=\"1798\"><strong data-start=\"1733\" data-end=\"1745\">Garantia<\/strong> &ndash; Apoiado pela garantia limitada de 2 anos do fabricante da Zebra.<\/p>\n<\/li>\n<\/ul><h2 data-start=\"1800\" data-end=\"1858\">Principais benef&iacute;cios do computador m&oacute;vel robusto Zebra TC53<\/h2><h3 data-start=\"1860\" data-end=\"1906\">Robustez fi&aacute;vel para opera&ccedil;&otilde;es di&aacute;rias<\/h3><p data-start=\"1907\" data-end=\"2066\">O TC53 oferece veda&ccedil;&atilde;o IP65\/IP68 e resist&ecirc;ncia a quedas, assegurando que resiste a fluxos de trabalho atarefados em armaz&eacute;ns, ambientes de retalho e log&iacute;stica interior.<\/p><h3 data-start=\"2068\" data-end=\"2103\">Ecr&atilde; brilhante e funcional<\/h3><p data-start=\"2104\" data-end=\"2277\">O seu ecr&atilde; FHD+ de 6,0&Prime; com suporte para luvas e toque h&uacute;mido garante produtividade em todas as condi&ccedil;&otilde;es. O resistente vidro Gorilla Glass oferece prote&ccedil;&atilde;o contra riscos e impactos.<\/p><h3 data-start=\"2279\" data-end=\"2319\">Wi-Fi First para desempenho em interiores<\/h3><p data-start=\"2320\" data-end=\"2510\">Ao contr&aacute;rio do TC58, o TC53 est&aacute; optimizado para ambientes Wi-Fi-first, o que o torna a escolha certa para empresas que dependem de redes sem fios de n&iacute;vel empresarial no interior de edif&iacute;cios ou armaz&eacute;ns.<\/p><h3 data-start=\"2512\" data-end=\"2549\">Processamento suave e eficiente<\/h3><p data-start=\"2550\" data-end=\"2743\">Com um processador octa-core Qualcomm&reg; 6490, o TC53 oferece a velocidade e a efici&ecirc;ncia necess&aacute;rias para aplica&ccedil;&otilde;es multitarefa e orientadas por IA, como gerenciamento de invent&aacute;rio e an&aacute;lise preditiva.<\/p><h3 data-start=\"2745\" data-end=\"2772\">Captura de dados sem falhas<\/h3><p data-start=\"2773\" data-end=\"2937\">Equipado com o scanner de c&oacute;digos de barras SE4720 da Zebra e c&acirc;maras de alta resolu&ccedil;&atilde;o, o TC53 permite aos utilizadores capturar c&oacute;digos de barras, documentos e imagens com rapidez e precis&atilde;o.<\/p><h3 data-start=\"2939\" data-end=\"2969\">Bateria concebida para turnos<\/h3><p data-start=\"2970\" data-end=\"3150\">A bateria de 4680 mAh com capacidade de troca a quente garante um funcionamento cont&iacute;nuo durante longos turnos. Os trabalhadores podem substituir as baterias sem se desligarem, mantendo o tempo de funcionamento em todos os fluxos de trabalho.<\/p><h3 data-start=\"3152\" data-end=\"3191\">Seguran&ccedil;a empresarial e ecossistema<\/h3><p data-start=\"3192\" data-end=\"3354\">Executando o Android Enterprise e aprimorado com as ferramentas do Mobility DNA da Zebra, o TC53 combina seguran&ccedil;a, capacidade de gerenciamento e produtividade em um pacote simplificado.<\/p><h3 data-start=\"3356\" data-end=\"3382\">Concebido para o conforto<\/h3><p data-start=\"3383\" data-end=\"3498\">Com um peso de apenas 282 g, o TC53 &eacute; leve e port&aacute;til, reduzindo a fadiga do utilizador e mantendo as certifica&ccedil;&otilde;es rugged.<\/p><h2 data-start=\"3500\" data-end=\"3539\">Casos de uso ideais para o Zebra TC53<\/h2><ul data-start=\"3541\" data-end=\"3985\">\n<li data-start=\"3541\" data-end=\"3632\">\n<p data-start=\"3543\" data-end=\"3632\"><strong data-start=\"3543\" data-end=\"3567\">Retalho e hotelaria<\/strong> &ndash; POS, gest&atilde;o de stocks e envolvimento do cliente no local.<\/p>\n<\/li>\n<li data-start=\"3633\" data-end=\"3718\">\n<p data-start=\"3635\" data-end=\"3718\"><strong data-start=\"3635\" data-end=\"3662\">Armazenamento e log&iacute;stica<\/strong> &ndash; Controlo de invent&aacute;rio, digitaliza&ccedil;&atilde;o e cumprimento de encomendas.<\/p>\n<\/li>\n<li data-start=\"3719\" data-end=\"3810\">\n<p data-start=\"3721\" data-end=\"3810\"><strong data-start=\"3721\" data-end=\"3738\">Fabrico<\/strong> &ndash; Aplica&ccedil;&otilde;es de ch&atilde;o de f&aacute;brica que requerem durabilidade e capta&ccedil;&atilde;o r&aacute;pida de dados.<\/p>\n<\/li>\n<li data-start=\"3811\" data-end=\"3906\">\n<p data-start=\"3813\" data-end=\"3906\"><strong data-start=\"3813\" data-end=\"3835\">Apoio aos cuidados de sa&uacute;de<\/strong> &ndash; Acompanhamento de doentes, gest&atilde;o de equipamentos e acesso seguro a dados.<\/p>\n<\/li>\n<li data-start=\"3907\" data-end=\"3985\">\n<p data-start=\"3909\" data-end=\"3985\"><strong data-start=\"3909\" data-end=\"3926\">Servi&ccedil;o de campo<\/strong> &ndash; Opera&ccedil;&otilde;es port&aacute;teis robustas em ambientes ricos em Wi-Fi.<\/p>\n<\/li>\n<\/ul><h2 data-start=\"3987\" data-end=\"4022\">Compara&ccedil;&otilde;es de produtos Zebra TC53<\/h2><p data-start=\"177\" data-end=\"365\">O Zebra TC53 est&aacute; optimizado para ambientes Wi-Fi-first, mantendo a fiabilidade rugged. Para as organiza&ccedil;&otilde;es que est&atilde;o a considerar alternativas, outros produtos relevantes da Micro Nordic incluem:<\/p><ul data-start=\"367\" data-end=\"789\">\n<li data-start=\"367\" data-end=\"497\">\n<p data-start=\"369\" data-end=\"497\"><a href=\"https:\/\/micronordic.com\/product\/zebra-tc58-handheld-mobile-computer\/\"><strong data-start=\"369\" data-end=\"406\">Zebra TC58 Handheld Mobile Computer<\/strong> <\/a>&ndash; A variante habilitada para celular com 5G para empresas que precisam de mobilidade externa avan&ccedil;ada.<\/p>\n<\/li>\n<li data-start=\"498\" data-end=\"653\">\n<p data-start=\"500\" data-end=\"653\"><a href=\"https:\/\/micronordic.com\/product\/zebra-tc52-mobile-handheld-computer-refurbished\/\"><strong data-start=\"500\" data-end=\"540\">Zebra TC52 Handheld Mobile Computer<\/strong><\/a>&ndash; Um modelo antigo dispon&iacute;vel recondicionado, ideal para opera&ccedil;&otilde;es sens&iacute;veis ao custo que ainda exigem durabilidade robusta.<\/p>\n<\/li>\n<li data-start=\"654\" data-end=\"789\">\n<p data-start=\"656\" data-end=\"789\"><a href=\"https:\/\/micronordic.com\/product\/zebra-tc22-handheld-mobile-computer\/\"><strong data-start=\"656\" data-end=\"693\">Zebra TC22 Handheld Mobile Computer<\/strong><\/a>&ndash; Uma alternativa compacta e econ&oacute;mica para organiza&ccedil;&otilde;es que precisam de um computador de m&atilde;o robusto mais pequeno.<\/p>\n<\/li>\n<\/ul>\n","protected":false},"excerpt":{"rendered":"<h3>Especifica\u00e7\u00f5es:<\/h3>\n<ul>\n<li><strong>Ecr\u00e3:<\/strong> 6.0\u2033 FHD+ (2160\u00d71080), 600 nits de luminosidade, Gorilla Glass, suporte para luvas e toque h\u00famido<\/li>\n<li><strong>Processador:<\/strong> Processador octa-core Qualcomm\u00ae 6490 com acelera\u00e7\u00e3o de IA<\/li>\n<li><strong>Mem\u00f3ria e armazenamento:<\/strong> 6 GB de RAM, 64 GB de flash<\/li>\n<li><strong>Conectividade:<\/strong> Wi-Fi 6E, Bluetooth 5.2, GPS, eSIM<\/li>\n<li><strong>Captura de dados e c\u00e2maras:<\/strong> Scanner 2D SE4720, c\u00e2maras traseira de 16 MP e frontal de 8 MP<\/li>\n<li>Bateria<strong>:<\/strong> Bateria de 4680 mAh com capacidade de troca a quente<\/li>\n<li><strong>Certifica\u00e7\u00f5es robustas:<\/strong> IP65\/IP68, resistente a quedas<\/li>\n<li><strong>Seguran\u00e7a:<\/strong> Funcionalidades Android Enterprise, encripta\u00e7\u00e3o de n\u00edvel empresarial, NFC<\/li>\n<li><strong>Dimens\u00f5es e peso:<\/strong> Aprox. 282 g<\/li>\n<li><strong><strong>Garantia: <\/strong><\/strong>Garantia padr\u00e3o limitada de 2 anos do fabricante<\/li>\n<\/ul>\n","protected":false},"author":24,"featured_media":100261,"template":"","meta":{"_acf_changed":false,"inline_featured_image":false},"product-condition":[5248],"product_brand":[9010],"product_cat":[5209,5213,5210],"product_tag":[],"class_list":{"0":"post-46107","1":"product","2":"type-product","3":"status-publish","4":"has-post-thumbnail","6":"product-condition-new-in-box","7":"product_brand-zebra","8":"product_cat-zebra","9":"product_cat-all-barcode-scanners","10":"product_cat-new-in-box-rugged-hardware","12":"first","13":"instock","14":"taxable","15":"shipping-taxable","16":"purchasable","17":"product-type-simple"},"acf":[],"_links":{"self":[{"href":"https:\/\/micronordic.com\/pt-pt\/wp-json\/wp\/v2\/product\/46107","targetHints":{"allow":["GET"]}}],"collection":[{"href":"https:\/\/micronordic.com\/pt-pt\/wp-json\/wp\/v2\/product"}],"about":[{"href":"https:\/\/micronordic.com\/pt-pt\/wp-json\/wp\/v2\/types\/product"}],"author":[{"embeddable":true,"href":"https:\/\/micronordic.com\/pt-pt\/wp-json\/wp\/v2\/users\/24"}],"version-history":[{"count":4,"href":"https:\/\/micronordic.com\/pt-pt\/wp-json\/wp\/v2\/product\/46107\/revisions"}],"predecessor-version":[{"id":99072,"href":"https:\/\/micronordic.com\/pt-pt\/wp-json\/wp\/v2\/product\/46107\/revisions\/99072"}],"wp:featuredmedia":[{"embeddable":true,"href":"https:\/\/micronordic.com\/pt-pt\/wp-json\/wp\/v2\/media\/100261"}],"wp:attachment":[{"href":"https:\/\/micronordic.com\/pt-pt\/wp-json\/wp\/v2\/media?parent=46107"}],"wp:term":[{"taxonomy":"product-condition","embeddable":true,"href":"https:\/\/micronordic.com\/pt-pt\/wp-json\/wp\/v2\/product-condition?post=46107"},{"taxonomy":"product_brand","embeddable":true,"href":"https:\/\/micronordic.com\/pt-pt\/wp-json\/wp\/v2\/product_brand?post=46107"},{"taxonomy":"product_cat","embeddable":true,"href":"https:\/\/micronordic.com\/pt-pt\/wp-json\/wp\/v2\/product_cat?post=46107"},{"taxonomy":"product_tag","embeddable":true,"href":"https:\/\/micronordic.com\/pt-pt\/wp-json\/wp\/v2\/product_tag?post=46107"}],"curies":[{"name":"wp","href":"https:\/\/api.w.org\/{rel}","templated":true}]}}