{"id":46103,"date":"2024-08-01T20:12:43","date_gmt":"2024-08-01T18:12:43","guid":{"rendered":"https:\/\/micronordic.com\/product\/zebra-tc22-handheld-mobile-computer-new\/"},"modified":"2025-11-24T12:06:27","modified_gmt":"2025-11-24T11:06:27","slug":"zebra-tc22-handheld-mobile-computer","status":"publish","type":"product","link":"https:\/\/micronordic.com\/pt-pt\/product\/zebra-tc22-handheld-mobile-computer\/","title":{"rendered":"Zebra TC22 Handheld Mobile Computer (NOVO)"},"content":{"rendered":"<?xml encoding=\"utf-8\" ?><h2 data-start=\"315\" data-end=\"352\">Zebra TC22 Handheld Mobile Computer robusto<\/h2><p data-start=\"354\" data-end=\"781\">O <strong data-start=\"358\" data-end=\"395\">Zebra TC22 Handheld Mobile Computer<\/strong> foi projetado para oferecer &agrave;s empresas um dispositivo de m&atilde;o empresarial acess&iacute;vel, por&eacute;m poderoso e rugged. Compacto, leve e f&aacute;cil de usar, ele combina durabilidade robusta com recursos de desempenho modernos. Otimizado para ambientes que priorizam o Wi-Fi, o TC22 &eacute; uma escolha inteligente para aplica&ccedil;&otilde;es de varejo, armazenagem, hotelaria e servi&ccedil;os de campo leves, onde mobilidade e economia s&atilde;o essenciais.<\/p><p class=\"p1\">Os produtos novos t&ecirc;m uma garantia do fabricante de 2 anos.<\/p><h2 data-start=\"783\" data-end=\"818\">Principais carater&iacute;sticas do Zebra TC22<\/h2><ul data-start=\"820\" data-end=\"1708\">\n<li data-start=\"820\" data-end=\"912\">\n<p data-start=\"822\" data-end=\"912\"><strong data-start=\"822\" data-end=\"838\">Constru&ccedil;&atilde;o rugged<\/strong> &ndash; certificado IP65\/IP68 e resistente a quedas com prote&ccedil;&atilde;o Gorilla Glass.<\/p>\n<\/li>\n<li data-start=\"913\" data-end=\"997\">\n<p data-start=\"915\" data-end=\"997\"><strong data-start=\"915\" data-end=\"936\">Ecr&atilde; FHD+ de 6,0&Prime;<\/strong> &ndash; Ecr&atilde; de alta resolu&ccedil;&atilde;o com suporte para luvas e toque h&uacute;mido.<\/p>\n<\/li>\n<li data-start=\"998\" data-end=\"1087\">\n<p data-start=\"1000\" data-end=\"1087\"><strong data-start=\"1000\" data-end=\"1023\">Processador eficiente<\/strong> &ndash; plataforma Qualcomm Snapdragon hex-core para um funcionamento suave.<\/p>\n<\/li>\n<li data-start=\"1088\" data-end=\"1173\">\n<p data-start=\"1090\" data-end=\"1173\"><strong data-start=\"1090\" data-end=\"1106\">Conectividade<\/strong> &ndash; Wi-Fi 6E e Bluetooth 5.2 para uma liga&ccedil;&atilde;o em rede empresarial fi&aacute;vel.<\/p>\n<\/li>\n<li data-start=\"1174\" data-end=\"1277\">\n<p data-start=\"1176\" data-end=\"1277\"><strong data-start=\"1176\" data-end=\"1192\">Captura de dados<\/strong> &ndash; Op&ccedil;&otilde;es de scanner integradas, incluindo SE4710 (standard) ou SE55 (gama avan&ccedil;ada).<\/p>\n<\/li>\n<li data-start=\"1278\" data-end=\"1363\">\n<p data-start=\"1280\" data-end=\"1363\"><strong data-start=\"1280\" data-end=\"1299\">Op&ccedil;&otilde;es de bateria<\/strong> &ndash; Bateria amov&iacute;vel padr&atilde;o de 3.800 mAh ou bateria alargada de 5.200 mAh.<\/p>\n<\/li>\n<li data-start=\"1364\" data-end=\"1447\">\n<p data-start=\"1366\" data-end=\"1447\"><strong data-start=\"1366\" data-end=\"1388\">Design leve<\/strong> &ndash; Perfil fino, pesando pouco mais de 230 g, para turnos longos.<\/p>\n<\/li>\n<li data-start=\"1448\" data-end=\"1526\">\n<p data-start=\"1450\" data-end=\"1526\"><strong data-start=\"1450\" data-end=\"1478\">Android Enterprise ready<\/strong> &ndash; SO seguro com suporte para futuras actualiza&ccedil;&otilde;es.<\/p>\n<\/li>\n<li data-start=\"1527\" data-end=\"1639\">\n<p data-start=\"1529\" data-end=\"1639\"><strong data-start=\"1529\" data-end=\"1551\">Ferramentas Mobility DNA<\/strong> &ndash; Ecossistema de software da Zebra para implanta&ccedil;&atilde;o, gerenciamento e otimiza&ccedil;&atilde;o de conetividade.<\/p>\n<\/li>\n<li data-start=\"1640\" data-end=\"1708\">\n<p data-start=\"1642\" data-end=\"1708\"><strong data-start=\"1642\" data-end=\"1654\">Garantia<\/strong> &ndash; Apoiado pela garantia limitada de 2 anos do fabricante da Zebra.<\/p>\n<\/li>\n<\/ul><h2 data-start=\"1710\" data-end=\"1768\">Principais benef&iacute;cios do computador m&oacute;vel robusto Zebra TC22<\/h2><h3 data-start=\"1770\" data-end=\"1797\">Robusto e acess&iacute;vel<\/h3><p data-start=\"1798\" data-end=\"2022\">O TC22 oferece a durabilidade rugged pela qual a Zebra &eacute; conhecida, mas a um custo mais baixo. Isso o torna adequado para implementa&ccedil;&otilde;es em grande escala em que a sensibilidade ao pre&ccedil;o &eacute; um fator, sem comprometer os recursos robustos essenciais.<\/p><h3 data-start=\"2024\" data-end=\"2058\">Ecr&atilde; claro para o trabalho di&aacute;rio<\/h3><p data-start=\"2059\" data-end=\"2236\">O seu ecr&atilde; de 6,0&Prime; com capacidade para luvas e toque h&uacute;mido garante a sua utiliza&ccedil;&atilde;o em todas as condi&ccedil;&otilde;es. Desde o ch&atilde;o de f&aacute;brica at&eacute; aos armaz&eacute;ns, o pessoal pode ver e interagir facilmente com as aplica&ccedil;&otilde;es.<\/p><h3 data-start=\"2238\" data-end=\"2274\">Desempenho em tarefas quotidianas<\/h3><p data-start=\"2275\" data-end=\"2450\">O processador Qualcomm suporta verifica&ccedil;&otilde;es de invent&aacute;rio, aplica&ccedil;&otilde;es POS e gest&atilde;o de tarefas com um desempenho suave. Foi concebido para fluxos de trabalho em que a efici&ecirc;ncia &eacute; fundamental.<\/p><h3 data-start=\"2452\" data-end=\"2479\">Captura de dados fi&aacute;vel<\/h3><p data-start=\"2480\" data-end=\"2658\">Com a op&ccedil;&atilde;o de escolha entre os motores de leitura SE4710 e SE55, o TC22 lida com tudo, desde leituras de c&oacute;digos de barras de perto at&eacute; tarefas de longo alcance, tornando-o flex&iacute;vel para diversos casos de utiliza&ccedil;&atilde;o.<\/p><h3 data-start=\"2660\" data-end=\"2690\">Op&ccedil;&otilde;es flex&iacute;veis de bateria<\/h3><p data-start=\"2691\" data-end=\"2884\">As empresas podem escolher entre baterias standard e alargadas, dependendo da dura&ccedil;&atilde;o do turno e da intensidade de utiliza&ccedil;&atilde;o. O design amov&iacute;vel significa que as baterias podem ser trocadas em segundos sem tempo de inatividade.<\/p><h3 data-start=\"2886\" data-end=\"2919\">Leve e confort&aacute;vel<\/h3><p data-start=\"2920\" data-end=\"3073\">Com pouco mais de 230 g, o TC22 foi concebido para proporcionar conforto durante longos turnos. O seu design fino e ergon&oacute;mico reduz a fadiga e facilita o transporte durante todo o dia.<\/p><h3 data-start=\"3075\" data-end=\"3106\">Seguran&ccedil;a pronta para a empresa<\/h3><p data-start=\"3107\" data-end=\"3274\">Com suporte para Android Enterprise e as ferramentas Mobility DNA da Zebra, o TC22 garante prote&ccedil;&atilde;o de dados, implanta&ccedil;&atilde;o simplificada e f&aacute;cil gerenciamento de dispositivos em toda a frota.<\/p><h2 data-start=\"3276\" data-end=\"3315\">Casos de uso ideais para o Zebra TC22<\/h2><ul data-start=\"3317\" data-end=\"3720\">\n<li data-start=\"3317\" data-end=\"3413\">\n<p data-start=\"3319\" data-end=\"3413\"><strong data-start=\"3319\" data-end=\"3343\">Retalho e hotelaria<\/strong> &ndash; POS m&oacute;vel, verifica&ccedil;&atilde;o de pre&ccedil;os, servi&ccedil;o ao cliente e gest&atilde;o de encomendas.<\/p>\n<\/li>\n<li data-start=\"3414\" data-end=\"3531\">\n<p data-start=\"3416\" data-end=\"3531\"><strong data-start=\"3416\" data-end=\"3443\">Armazenagem e log&iacute;stica<\/strong> &ndash; Picking, gest&atilde;o de stocks e contagem de ciclos em ambientes de armaz&eacute;m ligeiros.<\/p>\n<\/li>\n<li data-start=\"3532\" data-end=\"3616\">\n<p data-start=\"3534\" data-end=\"3616\"><strong data-start=\"3534\" data-end=\"3558\">Hotelaria e eventos<\/strong> &ndash; Check-in de h&oacute;spedes, leitura de bilhetes e encomendas m&oacute;veis.<\/p>\n<\/li>\n<li data-start=\"3617\" data-end=\"3720\">\n<p data-start=\"3619\" data-end=\"3720\"><strong data-start=\"3619\" data-end=\"3649\">Servi&ccedil;o no terreno (servi&ccedil;o ligeiro)<\/strong> &ndash; Tarefas no local em ambientes ricos em Wi-Fi em que a portabilidade &eacute; fundamental.<\/p>\n<\/li>\n<\/ul><h2 data-start=\"3722\" data-end=\"3757\">Compara&ccedil;&otilde;es de produtos Zebra TC22<\/h2><p data-start=\"138\" data-end=\"297\">O Zebra TC22 oferece uma solu&ccedil;&atilde;o econ&oacute;mica e rugged para empresas focadas em ambientes Wi-Fi. Outras op&ccedil;&otilde;es relevantes dispon&iacute;veis na Micro Nordic incluem:<\/p><ul data-start=\"299\" data-end=\"692\">\n<li data-start=\"299\" data-end=\"420\">\n<p data-start=\"301\" data-end=\"420\"><a href=\"https:\/\/micronordic.com\/product\/zebra-tc58-handheld-mobile-computer\/\"><strong data-start=\"301\" data-end=\"338\">Zebra TC58 Handheld Mobile Computer<\/strong><\/a>&ndash; Uma variante de ponta pronta para 5G com recursos avan&ccedil;ados para fluxos de trabalho exigentes.<\/p>\n<\/li>\n<li data-start=\"421\" data-end=\"538\">\n<p data-start=\"423\" data-end=\"538\"><a href=\"https:\/\/micronordic.com\/product\/zebra-tc53-handheld-mobile-computer\/\"><strong data-start=\"423\" data-end=\"460\">Zebra TC53 Handheld Mobile Computer<\/strong><\/a> &ndash; Um dispositivo que prioriza o Wi-Fi com desempenho mais forte e recursos avan&ccedil;ados.<\/p>\n<\/li>\n<li data-start=\"539\" data-end=\"692\">\n<p data-start=\"541\" data-end=\"692\"><a href=\"https:\/\/micronordic.com\/product\/zebra-tc52-mobile-handheld-computer-refurbished\/\"><strong data-start=\"541\" data-end=\"581\">Zebra TC52 Handheld Mobile Computer<\/strong><\/a>&ndash; Um modelo antigo dispon&iacute;vel recondicionado, ideal para empresas conscientes dos custos que precisam de mobilidade robusta comprovada.<\/p>\n<\/li>\n<\/ul><div class=\"description-part-numbers\"><br>Model Part numbers<br>WLMT0-T22B6ABC2-A6 | WLMT0-T22B6ABE2-A6 | WLMT0-T22B6CBC2-A6 | WLMT0-T22B6CBE2-A6 | WLMT0-T22B8ABC8-A6 | WLMT0-T22B8ABD8-A6 | WLMT0-T22B8CBD8-A6<\/div>\n","protected":false},"excerpt":{"rendered":"<h3>Especifica\u00e7\u00f5es:<\/h3>\n<ul>\n<li><strong>Ecr\u00e3:<\/strong> 6,0\u2033 FHD+ (1080\u00d72160), suporte para luvas e toque h\u00famido<\/li>\n<li><strong>Processador:<\/strong> Plataforma Qualcomm Snapdragon hex-core<\/li>\n<li><strong>Mem\u00f3ria e armazenamento:<\/strong> 6 GB de RAM, 64 GB de flash<\/li>\n<li><strong>Conectividade:<\/strong> Wi-Fi 6E, Bluetooth 5.2<\/li>\n<li><strong>Captura de dados e c\u00e2maras:<\/strong> Scanner SE4710 ou SE55, c\u00e2mara traseira de 16 MP, c\u00e2mara frontal de 5 MP<\/li>\n<li><strong>Bateria:<\/strong> 3.800 mAh padr\u00e3o ou 5.200 mAh estendida, amov\u00edvel<\/li>\n<li><strong>Certifica\u00e7\u00f5es robustas:<\/strong> IP65 \/ IP68, testado contra quedas<\/li>\n<li><strong>Seguran\u00e7a:<\/strong> Funcionalidades Android Enterprise, NFC, encripta\u00e7\u00e3o de n\u00edvel empresarial<\/li>\n<li><strong>Dimens\u00f5es e peso:<\/strong> ~165 \u00d7 76 \u00d7 12,5 mm, aprox. 236 g<\/li>\n<li><strong><strong>Garantia: <\/strong><\/strong>Garantia padr\u00e3o limitada de 2 anos do fabricante<\/li>\n<\/ul>\n","protected":false},"author":24,"featured_media":100246,"template":"","meta":{"_acf_changed":false,"inline_featured_image":false},"product-condition":[5248],"product_brand":[9010],"product_cat":[5209,5213,5210],"product_tag":[],"class_list":{"0":"post-46103","1":"product","2":"type-product","3":"status-publish","4":"has-post-thumbnail","6":"product-condition-new-in-box","7":"product_brand-zebra","8":"product_cat-zebra","9":"product_cat-all-barcode-scanners","10":"product_cat-new-in-box-rugged-hardware","12":"first","13":"instock","14":"taxable","15":"shipping-taxable","16":"purchasable","17":"product-type-variable"},"acf":[],"_links":{"self":[{"href":"https:\/\/micronordic.com\/pt-pt\/wp-json\/wp\/v2\/product\/46103","targetHints":{"allow":["GET"]}}],"collection":[{"href":"https:\/\/micronordic.com\/pt-pt\/wp-json\/wp\/v2\/product"}],"about":[{"href":"https:\/\/micronordic.com\/pt-pt\/wp-json\/wp\/v2\/types\/product"}],"author":[{"embeddable":true,"href":"https:\/\/micronordic.com\/pt-pt\/wp-json\/wp\/v2\/users\/24"}],"version-history":[{"count":4,"href":"https:\/\/micronordic.com\/pt-pt\/wp-json\/wp\/v2\/product\/46103\/revisions"}],"predecessor-version":[{"id":99070,"href":"https:\/\/micronordic.com\/pt-pt\/wp-json\/wp\/v2\/product\/46103\/revisions\/99070"}],"wp:featuredmedia":[{"embeddable":true,"href":"https:\/\/micronordic.com\/pt-pt\/wp-json\/wp\/v2\/media\/100246"}],"wp:attachment":[{"href":"https:\/\/micronordic.com\/pt-pt\/wp-json\/wp\/v2\/media?parent=46103"}],"wp:term":[{"taxonomy":"product-condition","embeddable":true,"href":"https:\/\/micronordic.com\/pt-pt\/wp-json\/wp\/v2\/product-condition?post=46103"},{"taxonomy":"product_brand","embeddable":true,"href":"https:\/\/micronordic.com\/pt-pt\/wp-json\/wp\/v2\/product_brand?post=46103"},{"taxonomy":"product_cat","embeddable":true,"href":"https:\/\/micronordic.com\/pt-pt\/wp-json\/wp\/v2\/product_cat?post=46103"},{"taxonomy":"product_tag","embeddable":true,"href":"https:\/\/micronordic.com\/pt-pt\/wp-json\/wp\/v2\/product_tag?post=46103"}],"curies":[{"name":"wp","href":"https:\/\/api.w.org\/{rel}","templated":true}]}}