{"id":46101,"date":"2024-06-25T20:47:43","date_gmt":"2024-06-25T18:47:43","guid":{"rendered":"https:\/\/micronordic.com\/product\/getac-x600-fully-rugged-mobile-workstation-new\/"},"modified":"2025-10-28T14:42:33","modified_gmt":"2025-10-28T13:42:33","slug":"getac-x600-fully-rugged-mobile-workstation","status":"publish","type":"product","link":"https:\/\/micronordic.com\/pt-pt\/product\/getac-x600-fully-rugged-mobile-workstation\/","title":{"rendered":"Getac X600 Fully Rugged Mobile Workstation (NOVO)"},"content":{"rendered":"<?xml encoding=\"utf-8\" ?><h2 data-start=\"435\" data-end=\"481\">Esta&ccedil;&atilde;o de trabalho m&oacute;vel Getac X600 Fully Rugged Mobile<\/h2><p data-start=\"483\" data-end=\"1092\">A <strong data-start=\"487\" data-end=\"533\">esta&ccedil;&atilde;o de trabalho m&oacute;vel Getac X600 Fully Rugged Mobile<\/strong> foi concebida para profissionais que necessitam de um desempenho de classe de esta&ccedil;&atilde;o de trabalho em ambientes onde os laptops comuns n&atilde;o conseguem sobreviver. Ao contr&aacute;rio dos notebooks robustos padr&atilde;o, o X600 foi projetado como uma <strong data-start=\"723\" data-end=\"745\">esta&ccedil;&atilde;o de trabalho m&oacute;vel<\/strong>, oferecendo a pot&ecirc;ncia de uma esta&ccedil;&atilde;o de trabalho de mesa com a mobilidade e a durabilidade de um dispositivo totalmente rugged. Constru&iacute;do para resistir a condi&ccedil;&otilde;es extremas e equipado com processadores, gr&aacute;ficos e op&ccedil;&otilde;es de expans&atilde;o de alta qualidade, o X600 &eacute; a melhor escolha para ind&uacute;strias como a de defesa, engenharia, petr&oacute;leo e g&aacute;s e opera&ccedil;&otilde;es de campo de miss&atilde;o cr&iacute;tica.<\/p><h2 data-start=\"1094\" data-end=\"1129\">Principais carater&iacute;sticas do Getac X600<\/h2><ul data-start=\"1131\" data-end=\"2262\">\n<li data-start=\"1131\" data-end=\"1272\">\n<p data-start=\"1133\" data-end=\"1272\"><strong data-start=\"1133\" data-end=\"1163\">Certifica&ccedil;&atilde;o Fully Rugged<\/strong> &ndash; classifica&ccedil;&atilde;o MIL-STD-810H, MIL-STD-461G e IP66; resistente a quedas de 4 p&eacute;s, poeira, vibra&ccedil;&atilde;o e entrada de &aacute;gua.<\/p>\n<\/li>\n<li data-start=\"1273\" data-end=\"1427\">\n<p data-start=\"1275\" data-end=\"1427\"><strong data-start=\"1275\" data-end=\"1298\">Ecr&atilde; de grandes dimens&otilde;es de 15,6&Prime;<\/strong> &ndash; Ecr&atilde; Full HD leg&iacute;vel &agrave; luz do sol com 1.000 nits de brilho e tecnologia LumiBond&reg; 2.0 para funcionamento com luvas e toque h&uacute;mido.<\/p>\n<\/li>\n<li data-start=\"1428\" data-end=\"1576\">\n<p data-start=\"1430\" data-end=\"1576\"><strong data-start=\"1430\" data-end=\"1462\">Processamento de classe de esta&ccedil;&atilde;o de trabalho<\/strong> &ndash; processadores Intel&reg; Core&trade; i5\/i7 ou Xeon&reg; de 11&ordf; gera&ccedil;&atilde;o, gr&aacute;ficos NVIDIA&reg; RTX A2000 opcionais e suporte de mem&oacute;ria ECC.<\/p>\n<\/li>\n<li data-start=\"1577\" data-end=\"1746\">\n<p data-start=\"1579\" data-end=\"1746\"><strong data-start=\"1579\" data-end=\"1607\">Expansibilidade empresarial<\/strong> &ndash; Duas baterias hot-swappable, at&eacute; 128 GB de RAM DDR4, ranhuras de expans&atilde;o PCI\/PCIe (modelos Pro) e v&aacute;rias op&ccedil;&otilde;es de armazenamento (RAID 0\/1\/5).<\/p>\n<\/li>\n<li data-start=\"1747\" data-end=\"1878\">\n<p data-start=\"1749\" data-end=\"1878\"><strong data-start=\"1749\" data-end=\"1770\">Conectividade rica<\/strong> &ndash; Wi-Fi 6, Bluetooth 5.2, 4G LTE\/5G opcional e E\/S avan&ccedil;ada, incluindo Thunderbolt&trade; 4 e portas antigas.<\/p>\n<\/li>\n<li data-start=\"1879\" data-end=\"2014\">\n<p data-start=\"1881\" data-end=\"2014\"><strong data-start=\"1881\" data-end=\"1903\">Design pronto para o campo<\/strong> &ndash; Operacional em temperaturas de -29 &deg;C a 63 &deg;C, com teclado que permite o uso com luvas e portas de E\/S personaliz&aacute;veis.<\/p>\n<\/li>\n<li data-start=\"2015\" data-end=\"2155\">\n<p data-start=\"2017\" data-end=\"2155\"><strong data-start=\"2017\" data-end=\"2040\">Seguran&ccedil;a empresarial<\/strong> &ndash; TPM 2.0, leitor de cart&otilde;es inteligentes, reconhecimento facial Windows Hello, leitor de impress&otilde;es digitais e unidades com encripta&ccedil;&atilde;o autom&aacute;tica.<\/p>\n<\/li>\n<li data-start=\"2156\" data-end=\"2262\">\n<p data-start=\"2158\" data-end=\"2262\"><strong data-start=\"2158\" data-end=\"2183\">Fiabilidade a longo prazo<\/strong> &ndash; Apoiado por uma garantia de 3 anos, incluindo danos acidentais.<\/p>\n<\/li>\n<\/ul><h2 data-start=\"2264\" data-end=\"2331\">Principais vantagens da esta&ccedil;&atilde;o de trabalho m&oacute;vel Getac X600 Fully Rugged Mobile<\/h2><h3 data-start=\"2333\" data-end=\"2375\">Pot&ecirc;ncia de classe de esta&ccedil;&atilde;o de trabalho no terreno<\/h3><p data-start=\"2376\" data-end=\"2902\">Ao contr&aacute;rio dos Rugged Laptops, como o S410 ou o S510, o X600 &eacute; classificado como uma <strong data-start=\"2452\" data-end=\"2474\">esta&ccedil;&atilde;o de trabalho m&oacute;vel<\/strong>. Isso significa que oferece a mesma pot&ecirc;ncia de processamento e capacidade de expans&atilde;o que se espera de uma esta&ccedil;&atilde;o de trabalho de desktop &ndash; processadores Intel Xeon, gr&aacute;ficos NVIDIA RTX de n&iacute;vel profissional, mem&oacute;ria ECC e armazenamento em v&aacute;rias unidades &ndash; fornecidos num formato port&aacute;til e Fully Rugged. Para engenheiros, analistas e operadores de defesa, isso se traduz em CAD, modelagem 3D, mapeamento GIS e an&aacute;lise de dados de miss&atilde;o cr&iacute;tica sem interrup&ccedil;&otilde;es, onde quer que o trabalho exija.<\/p><h3 data-start=\"2904\" data-end=\"2934\">Fiabilidade Fully Rugged<\/h3><p data-start=\"2935\" data-end=\"3259\">O X600 est&aacute; certificado de acordo com as normas MIL-STD-810H, MIL-STD-461G e IP66. Resiste a quedas, vibra&ccedil;&otilde;es, &aacute;gua e poeira, mantendo-se operacional em temperaturas extremas que variam de -29 &deg;C a 63 &deg;C. Isto assegura um funcionamento ininterrupto em condi&ccedil;&otilde;es adversas, como desertos, plataformas offshore ou instala&ccedil;&otilde;es militares.<\/p><h3 data-start=\"3261\" data-end=\"3297\">Ecr&atilde; avan&ccedil;ado para utiliza&ccedil;&atilde;o no terreno<\/h3><p data-start=\"3298\" data-end=\"3558\">O ecr&atilde; FHD de 15,6&Prime; com 1.000 nits de brilho garante visibilidade mesmo sob luz solar direta. A tecnologia LumiBond&reg; 2.0 aumenta a nitidez e permite utilizar o ecr&atilde; t&aacute;til com luvas ou em condi&ccedil;&otilde;es de humidade, apoiando a produtividade em todos os ambientes.<\/p><h3 data-start=\"3560\" data-end=\"3593\">Mem&oacute;ria e armazenamento escal&aacute;veis<\/h3><p data-start=\"3594\" data-end=\"3864\">Com at&eacute; 128 GB de RAM DDR4 e v&aacute;rias ranhuras para SSD, incluindo configura&ccedil;&otilde;es RAID, o X600 pode lidar facilmente com aplica&ccedil;&otilde;es com grande volume de dados. As ranhuras PCI\/PCIe opcionais nos modelos Pro aumentam ainda mais a funcionalidade, tornando-o adapt&aacute;vel a fluxos de trabalho altamente especializados.<\/p><h3 data-start=\"3866\" data-end=\"3891\">Alimenta&ccedil;&atilde;o Hot-Swappable<\/h3><p data-start=\"3892\" data-end=\"4095\">O X600 possui baterias duplas de troca a quente, permitindo um funcionamento cont&iacute;nuo sem desligar. Este design permite um desempenho durante todo o dia no terreno, mesmo quando as oportunidades de carregamento s&atilde;o limitadas.<\/p><h3 data-start=\"4097\" data-end=\"4131\">Seguran&ccedil;a empresarial incorporada<\/h3><p data-start=\"4132\" data-end=\"4409\">As funcionalidades de seguran&ccedil;a incluem TPM 2.0, reconhecimento facial Windows Hello, leitura de impress&otilde;es digitais e suporte para cart&otilde;es inteligentes. Combinado com unidades opcionais com auto-encripta&ccedil;&atilde;o, o X600 garante a integridade dos dados para ind&uacute;strias sens&iacute;veis, como a defesa, os servi&ccedil;os p&uacute;blicos e as infra-estruturas cr&iacute;ticas.<\/p><h3 data-start=\"4411\" data-end=\"4447\">Conectividade onde quer que trabalhe<\/h3><p data-start=\"4448\" data-end=\"4676\">Com Wi-Fi 6, Bluetooth 5.2, 4G LTE\/5G opcional e Thunderbolt&trade; 4, o X600 proporciona uma conetividade r&aacute;pida e segura. A sua combina&ccedil;&atilde;o de portas de E\/S modernas e antigas assegura a compatibilidade com equipamento existente e tecnologias futuras.<\/p><h2 data-start=\"4678\" data-end=\"4717\">Casos de utiliza&ccedil;&atilde;o ideais para o Getac X600<\/h2><ul data-start=\"4719\" data-end=\"5346\">\n<li data-start=\"4719\" data-end=\"4848\">\n<p data-start=\"4721\" data-end=\"4848\"><strong data-start=\"4721\" data-end=\"4743\">Defesa e militar<\/strong> &ndash; Tratamento seguro de dados de miss&atilde;o cr&iacute;tica, cartografia GIS e opera&ccedil;&otilde;es t&aacute;cticas em ambientes extremos.<\/p>\n<\/li>\n<li data-start=\"4849\" data-end=\"4968\">\n<p data-start=\"4851\" data-end=\"4968\"><strong data-start=\"4851\" data-end=\"4879\">Engenharia e design CAD<\/strong> &ndash; Processamento de classe de esta&ccedil;&atilde;o de trabalho para modela&ccedil;&atilde;o 3D, simula&ccedil;&atilde;o e revis&atilde;o de design no local.<\/p>\n<\/li>\n<li data-start=\"4969\" data-end=\"5094\">\n<p data-start=\"4971\" data-end=\"5094\"><strong data-start=\"4971\" data-end=\"4996\">Explora&ccedil;&atilde;o de petr&oacute;leo e g&aacute;s<\/strong> &ndash; An&aacute;lise baseada no terreno e tomada de decis&otilde;es em tempo real em condi&ccedil;&otilde;es offshore e onshore rugged.<\/p>\n<\/li>\n<li data-start=\"5095\" data-end=\"5214\">\n<p data-start=\"5097\" data-end=\"5214\"><strong data-start=\"5097\" data-end=\"5119\">Servi&ccedil;os p&uacute;blicos e energia<\/strong> &ndash; Inspe&ccedil;&atilde;o de infra-estruturas, gest&atilde;o de activos e aplica&ccedil;&otilde;es com grande volume de dados no terreno.<\/p>\n<\/li>\n<li data-start=\"5215\" data-end=\"5346\">\n<p data-start=\"5217\" data-end=\"5346\"><strong data-start=\"5217\" data-end=\"5255\">Seguran&ccedil;a p&uacute;blica e resposta a emerg&ecirc;ncias<\/strong> &ndash; Alimenta&ccedil;&atilde;o fi&aacute;vel de esta&ccedil;&otilde;es de trabalho m&oacute;veis para coordena&ccedil;&atilde;o de crises, cartografia e comunica&ccedil;&atilde;o.<\/p>\n<\/li>\n<\/ul><h2 data-start=\"5348\" data-end=\"5383\">Compara&ccedil;&otilde;es de produtos Getac X600<\/h2><p data-start=\"172\" data-end=\"370\">O Getac X600 destaca-se como uma esta&ccedil;&atilde;o de trabalho m&oacute;vel Fully Rugged, oferecendo mais pot&ecirc;ncia e capacidade de expans&atilde;o do que os Rugged Laptops padr&atilde;o. Para as empresas que est&atilde;o a avaliar as op&ccedil;&otilde;es, a MicroNordic tamb&eacute;m oferece:<\/p><ul data-start=\"372\" data-end=\"863\">\n<li data-start=\"372\" data-end=\"623\">\n<p data-start=\"374\" data-end=\"623\"><strong data-start=\"374\" data-end=\"424\">Getac X600 Pro Fully Rugged Mobile Workstation<\/strong> &ndash; Este produto pode ser configurado para um modelo Pro. Por favor, selecione o modelo no topo da p&aacute;gina. A vers&atilde;o PRO adiciona ranhuras de expans&atilde;o PCI\/PCIe, conetividade avan&ccedil;ada e escalabilidade de armazenamento melhorada.<\/p>\n<\/li>\n<li data-start=\"624\" data-end=\"737\">\n<p data-start=\"626\" data-end=\"737\"><a href=\"https:\/\/micronordic.com\/product\/getac-b360-g2-fully-rugged-laptop\/\"><strong data-start=\"626\" data-end=\"654\">Rugged Laptop Getac B360<\/strong><\/a> &ndash; Um Rugged Laptop de 13,3&Prime; totalmente robusto, concebido para mobilidade no terreno em condi&ccedil;&otilde;es extremas.<\/p>\n<\/li>\n<li data-start=\"738\" data-end=\"863\">\n<p data-start=\"740\" data-end=\"863\"><a href=\"https:\/\/micronordic.com\/product\/panasonic-toughbook-fz-55\/\"><strong data-start=\"740\" data-end=\"766\">Panasonic TOUGHBOOK 55<\/strong><\/a> &ndash; Um laptop modular Semi-Rugged, que oferece uma mobilidade mais leve mas menos pot&ecirc;ncia em compara&ccedil;&atilde;o com o X600.<\/p>\n<\/li>\n<\/ul>\n","protected":false},"excerpt":{"rendered":"<h3>Especifica\u00e7\u00f5es:<\/h3>\n<ul>\n<li><strong>Ecr\u00e3:<\/strong> 15,6\u2033 FHD (1920\u00d71080), 1.000 nits, LumiBond\u00ae 2.0 com suporte para toque com luvas\/molhado<\/li>\n<li><strong>Processador:<\/strong> Intel\u00ae Core\u2122 i5\/i7 ou Xeon\u00ae de 11\u00aa gera\u00e7\u00e3o<\/li>\n<li><strong>Gr\u00e1ficos:<\/strong> Intel\u00ae UHD integrada ou NVIDIA\u00ae RTX A2000 opcional<\/li>\n<li><strong>Mem\u00f3ria:<\/strong> 16 GB DDR4 (modelo b\u00e1sico), atualiz\u00e1vel at\u00e9 64 GB<\/li>\n<li><strong>Armazenamento: <\/strong>SSD PCIe de 512 GB (modelo b\u00e1sico), atualiz\u00e1vel para 1 TB<\/li>\n<li><strong>Conectividade:<\/strong> Wi-Fi 6, Bluetooth 5.2, 4G LTE\/5G opcional, Thunderbolt\u2122 4<\/li>\n<li><strong>Certifica\u00e7\u00f5es robustas:<\/strong> MIL-STD-810H, MIL-STD-461G, IP66, resistente a quedas at\u00e9 4 p\u00e9s<\/li>\n<li><strong>Seguran\u00e7a:<\/strong> TPM 2.0, leitor de impress\u00f5es digitais, Windows Hello, cart\u00e3o inteligente, SSDs com auto-encripta\u00e7\u00e3o<\/li>\n<li><strong>Bateria:<\/strong> Duas baterias hot-swappable para funcionamento cont\u00ednuo<\/li>\n<li><strong>Dimens\u00f5es e peso:<\/strong> ~39,4 \u00d7 29,1 \u00d7 5,1 cm, aprox. 5,2 kg<\/li>\n<li><strong>Garantia:<\/strong> 3 anos de garantia de para-choques a para-choques<\/li>\n<\/ul>\n","protected":false},"author":24,"featured_media":99756,"template":"","meta":{"_acf_changed":false,"inline_featured_image":false},"product-condition":[5248],"product_brand":[8960],"product_cat":[5206,5212,5210],"product_tag":[],"class_list":{"0":"post-46101","1":"product","2":"type-product","3":"status-publish","4":"has-post-thumbnail","6":"product-condition-new-in-box","7":"product_brand-getac","8":"product_cat-getac-rugged","9":"product_cat-all-rugged-laptops","10":"product_cat-new-in-box-rugged-hardware","12":"first","13":"instock","14":"taxable","15":"shipping-taxable","16":"purchasable","17":"product-type-simple"},"acf":[],"_links":{"self":[{"href":"https:\/\/micronordic.com\/pt-pt\/wp-json\/wp\/v2\/product\/46101","targetHints":{"allow":["GET"]}}],"collection":[{"href":"https:\/\/micronordic.com\/pt-pt\/wp-json\/wp\/v2\/product"}],"about":[{"href":"https:\/\/micronordic.com\/pt-pt\/wp-json\/wp\/v2\/types\/product"}],"author":[{"embeddable":true,"href":"https:\/\/micronordic.com\/pt-pt\/wp-json\/wp\/v2\/users\/24"}],"version-history":[{"count":2,"href":"https:\/\/micronordic.com\/pt-pt\/wp-json\/wp\/v2\/product\/46101\/revisions"}],"predecessor-version":[{"id":87693,"href":"https:\/\/micronordic.com\/pt-pt\/wp-json\/wp\/v2\/product\/46101\/revisions\/87693"}],"wp:featuredmedia":[{"embeddable":true,"href":"https:\/\/micronordic.com\/pt-pt\/wp-json\/wp\/v2\/media\/99756"}],"wp:attachment":[{"href":"https:\/\/micronordic.com\/pt-pt\/wp-json\/wp\/v2\/media?parent=46101"}],"wp:term":[{"taxonomy":"product-condition","embeddable":true,"href":"https:\/\/micronordic.com\/pt-pt\/wp-json\/wp\/v2\/product-condition?post=46101"},{"taxonomy":"product_brand","embeddable":true,"href":"https:\/\/micronordic.com\/pt-pt\/wp-json\/wp\/v2\/product_brand?post=46101"},{"taxonomy":"product_cat","embeddable":true,"href":"https:\/\/micronordic.com\/pt-pt\/wp-json\/wp\/v2\/product_cat?post=46101"},{"taxonomy":"product_tag","embeddable":true,"href":"https:\/\/micronordic.com\/pt-pt\/wp-json\/wp\/v2\/product_tag?post=46101"}],"curies":[{"name":"wp","href":"https:\/\/api.w.org\/{rel}","templated":true}]}}