{"id":46099,"date":"2024-06-24T18:12:21","date_gmt":"2024-06-24T16:12:21","guid":{"rendered":"https:\/\/micronordic.com\/product\/getac-ux10-g3-fully-rugged-tablet-new\/"},"modified":"2025-11-13T20:32:03","modified_gmt":"2025-11-13T19:32:03","slug":"getac-ux10-g3-fully-rugged-tablet","status":"publish","type":"product","link":"https:\/\/micronordic.com\/pt-pt\/product\/getac-ux10-g3-fully-rugged-tablet\/","title":{"rendered":"Getac UX10 G3 Fully Rugged Tablet (NOVO)"},"content":{"rendered":"<?xml encoding=\"utf-8\" ?><h2 data-start=\"256\" data-end=\"293\">Getac UX10 G3 Fully Rugged Tablet<\/h2><p data-start=\"295\" data-end=\"827\">O Getac UX10 G3 &eacute; um Tablet de 10.1&Prime; totalmente Rugged, concebido para proporcionar um desempenho, durabilidade e mobilidade sem compromissos. Criado para ind&uacute;strias que exigem confiabilidade em condi&ccedil;&otilde;es desafiadoras &ndash; como servi&ccedil;os de campo, servi&ccedil;os p&uacute;blicos, defesa e seguran&ccedil;a p&uacute;blica &ndash; o UX10 G3 garante que os profissionais possam permanecer produtivos onde quer que o trabalho os leve. A sua combina&ccedil;&atilde;o de certifica&ccedil;&otilde;es robustas, poderosos processadores Intel&reg; Core&trade; e conetividade flex&iacute;vel torna-o num dos tablets robustos mais fi&aacute;veis dispon&iacute;veis no mercado atualmente.<\/p><h2 data-start=\"829\" data-end=\"867\">Principais carater&iacute;sticas do Getac UX10 G3<\/h2><ul data-start=\"869\" data-end=\"1959\">\n<li data-start=\"869\" data-end=\"1005\">\n<p data-start=\"871\" data-end=\"1005\"><strong data-start=\"871\" data-end=\"898\">Durabilidade Fully Rugged<\/strong> &ndash; certifica&ccedil;&atilde;o MIL-STD-810H e IP66, testado contra quedas de 6 p&eacute;s (1,8 m), com gama de funcionamento de -29 &deg;C a +63 &deg;C.<\/p>\n<\/li>\n<li data-start=\"1006\" data-end=\"1147\">\n<p data-start=\"1008\" data-end=\"1147\"><strong data-start=\"1008\" data-end=\"1043\">Ecr&atilde; de 10,1&Prime; leg&iacute;vel &agrave; luz do sol<\/strong> &ndash; ecr&atilde; t&aacute;til FHD (1920&times;1200) LumiBond&reg;, 1.000 nits de brilho, oper&aacute;vel com luvas, caneta ou dedo.<\/p>\n<\/li>\n<li data-start=\"1148\" data-end=\"1300\">\n<p data-start=\"1150\" data-end=\"1300\"><strong data-start=\"1150\" data-end=\"1173\">Processamento potente<\/strong> &ndash; processadores Intel&reg; Core&trade; i5\/i7 de 12&ordf; gera&ccedil;&atilde;o, vPro&reg; opcional, que suportam aplica&ccedil;&otilde;es empresariais exigentes e de miss&atilde;o cr&iacute;tica.<\/p>\n<\/li>\n<li data-start=\"1301\" data-end=\"1388\">\n<p data-start=\"1303\" data-end=\"1388\"><strong data-start=\"1303\" data-end=\"1320\">Energia para todo o dia<\/strong> &ndash; As baterias de troca a quente permitem uma utiliza&ccedil;&atilde;o cont&iacute;nua sem tempo de inatividade.<\/p>\n<\/li>\n<li data-start=\"1389\" data-end=\"1487\">\n<p data-start=\"1391\" data-end=\"1487\"><strong data-start=\"1391\" data-end=\"1413\">Expans&atilde;o flex&iacute;vel<\/strong> &ndash; Portas dedicadas opcionais para suporte de s&eacute;rie, LAN e leitor de c&oacute;digos de barras.<\/p>\n<\/li>\n<li data-start=\"1488\" data-end=\"1600\">\n<p data-start=\"1490\" data-end=\"1600\"><strong data-start=\"1490\" data-end=\"1513\">Conectividade moderna<\/strong> &ndash; Wi-Fi 6E, Bluetooth 5.3, 4G LTE ou 5G opcional e GPS para cobertura global no terreno.<\/p>\n<\/li>\n<li data-start=\"1601\" data-end=\"1733\">\n<p data-start=\"1603\" data-end=\"1733\"><strong data-start=\"1603\" data-end=\"1624\">Seguran&ccedil;a avan&ccedil;ada<\/strong> &ndash; TPM 2.0, scanner de impress&otilde;es digitais, op&ccedil;&otilde;es de leitor de cart&otilde;es inteligentes e RFID, para al&eacute;m do reconhecimento facial Windows Hello.<\/p>\n<\/li>\n<li data-start=\"1734\" data-end=\"1855\">\n<p data-start=\"1736\" data-end=\"1855\"><strong data-start=\"1736\" data-end=\"1760\">Mobilidade leve<\/strong> &ndash; Design fino e ergon&oacute;mico que pesa pouco mais de 1,3 kg para uma portabilidade confort&aacute;vel no terreno.<\/p>\n<\/li>\n<li data-start=\"1856\" data-end=\"1959\">\n<p data-start=\"1858\" data-end=\"1959\"><strong data-start=\"1858\" data-end=\"1879\">Garantia inclu&iacute;da<\/strong> &ndash; Garantia limitada padr&atilde;o de 3 anos com o suporte robusto abrangente da Getac.<\/p>\n<\/li>\n<\/ul><h2 data-start=\"1961\" data-end=\"2006\">Principais vantagens do Tablet Getac UX10 G3<\/h2><h3 data-start=\"2008\" data-end=\"2045\">Fiabilidade rugged no terreno<\/h3><p data-start=\"2046\" data-end=\"2400\">O Getac UX10 G3 foi concebido para funcionar em condi&ccedil;&otilde;es em que os tablets de consumo normais n&atilde;o conseguem sobreviver. Com a sua constru&ccedil;&atilde;o Fully Rugged, veda&ccedil;&atilde;o IP66 e resist&ecirc;ncia a quedas at&eacute; 1,5 metros, resiste ao p&oacute;, &agrave; &aacute;gua, &agrave;s vibra&ccedil;&otilde;es e aos choques. Quer seja utilizado sob chuva intensa, calor extremo ou frio intenso, o UX10 G3 garante um funcionamento cont&iacute;nuo sem compromissos.<\/p><h3 data-start=\"2402\" data-end=\"2438\">Visibilidade exterior excecional<\/h3><p data-start=\"2439\" data-end=\"2732\">Equipado com um ecr&atilde; FHD LumiBond&reg; de 10,1&Prime;, o UX10 G3 proporciona imagens n&iacute;tidas e claras, mesmo sob luz solar direta. Com um brilho de 1.000 nits e um ecr&atilde; multi-toque reativo que funciona com luvas, stylus ou com as m&atilde;os nuas, os trabalhadores no terreno podem contar com uma visibilidade consistente em qualquer ambiente.<\/p><h3 data-start=\"2734\" data-end=\"2768\">Desempenho de n&iacute;vel empresarial<\/h3><p data-start=\"2769\" data-end=\"3062\">Equipado com os mais recentes processadores Intel&reg; Core&trade; de 12.&ordf; gera&ccedil;&atilde;o, o UX10 G3 proporciona um forte desempenho para software empresarial exigente, an&aacute;lise de dados e fluxos de trabalho de miss&atilde;o cr&iacute;tica. Combinado com a mem&oacute;ria DDR5 e o armazenamento SSD, garante tempos de resposta r&aacute;pidos e multitarefas sem falhas no terreno.<\/p><h3 data-start=\"3064\" data-end=\"3097\">Mobilidade sem compromissos<\/h3><p data-start=\"3098\" data-end=\"3382\">Apesar do seu design rugged, o UX10 G3 permanece leve e port&aacute;til, com pouco mais de 1,3 kg. O seu formato fino facilita o transporte durante todo o turno, enquanto as al&ccedil;as de m&atilde;o, as al&ccedil;as de ombro e as bases de liga&ccedil;&atilde;o para ve&iacute;culos opcionais aumentam a facilidade de utiliza&ccedil;&atilde;o numa vasta gama de ambientes de trabalho.<\/p><h3 data-start=\"3384\" data-end=\"3423\">Conectividade para fluxos de trabalho modernos<\/h3><p data-start=\"3424\" data-end=\"3707\">Com Wi-Fi 6E, Bluetooth 5.3 e 4G LTE ou 5G opcionais, o UX10 G3 permite o acesso a dados em tempo real, comunica&ccedil;&atilde;o e servi&ccedil;os de localiza&ccedil;&atilde;o onde quer que o trabalho seja efectuado. Isto garante uma colabora&ccedil;&atilde;o perfeita entre as equipas no terreno e a sede, reduzindo o tempo de inatividade e melhorando a efici&ecirc;ncia.<\/p><h3 data-start=\"3709\" data-end=\"3737\">Personaliza&ccedil;&atilde;o flex&iacute;vel<\/h3><p data-start=\"3738\" data-end=\"4019\">O design modular da UX10 G3 permite que as empresas adaptem o dispositivo &agrave;s suas necessidades espec&iacute;ficas. As op&ccedil;&otilde;es de expans&atilde;o incluem portas para liga&ccedil;&otilde;es de s&eacute;rie antigas, LAN dedicada ou um leitor de c&oacute;digos de barras integrado, tornando o UX10 G3 adapt&aacute;vel a diferentes fluxos de trabalho e ind&uacute;strias.<\/p><h3 data-start=\"4021\" data-end=\"4049\">Prote&ccedil;&atilde;o segura de dados<\/h3><p data-start=\"4050\" data-end=\"4343\">A seguran&ccedil;a &eacute; uma prioridade m&aacute;xima para o UX10 G3, que inclui TPM 2.0, armazenamento com auto-encripta&ccedil;&atilde;o, suporte para cart&otilde;es inteligentes e RFID, leitura de impress&otilde;es digitais e reconhecimento facial Windows Hello. Estas funcionalidades ajudam as organiza&ccedil;&otilde;es a cumprir requisitos de conformidade rigorosos, mantendo os dados sens&iacute;veis protegidos.<\/p><h2 data-start=\"4345\" data-end=\"4387\">Casos de utiliza&ccedil;&atilde;o ideais para o Getac UX10 G3<\/h2><ul data-start=\"4389\" data-end=\"5195\">\n<li data-start=\"4389\" data-end=\"4562\">\n<p data-start=\"4391\" data-end=\"4562\"><strong data-start=\"4391\" data-end=\"4422\">Servi&ccedil;os de campo e utilit&aacute;rios<\/strong> &ndash; A legibilidade fi&aacute;vel em exteriores, as baterias de troca a quente e a durabilidade rugged garantem fluxos de trabalho cont&iacute;nuos em ambientes remotos ou adversos.<\/p>\n<\/li>\n<li data-start=\"4563\" data-end=\"4741\">\n<p data-start=\"4565\" data-end=\"4741\"><strong data-start=\"4565\" data-end=\"4594\">Seguran&ccedil;a p&uacute;blica e defesa<\/strong> &ndash; As funcionalidades de seguran&ccedil;a de miss&atilde;o cr&iacute;tica e a fiabilidade rugged fazem do UX10 G3 uma ferramenta de confian&ccedil;a para a pol&iacute;cia, bombeiros, militares e opera&ccedil;&otilde;es de salvamento.<\/p>\n<\/li>\n<li data-start=\"4742\" data-end=\"4887\">\n<p data-start=\"4744\" data-end=\"4887\"><strong data-start=\"4744\" data-end=\"4758\">Cuidados de sa&uacute;de<\/strong> &ndash; Design Fully Rugged, mas leve, adequado para rondas hospitalares, visitas ao domic&iacute;lio ou resposta a emerg&ecirc;ncias com f&aacute;cil higieniza&ccedil;&atilde;o.<\/p>\n<\/li>\n<li data-start=\"4888\" data-end=\"5049\">\n<p data-start=\"4890\" data-end=\"5049\"><strong data-start=\"4890\" data-end=\"4922\">Ind&uacute;stria e fabrico<\/strong> &ndash; Suporta poeiras, vibra&ccedil;&otilde;es e temperaturas vari&aacute;veis, proporcionando uma plataforma fi&aacute;vel para opera&ccedil;&otilde;es em f&aacute;bricas e armaz&eacute;ns.<\/p>\n<\/li>\n<li data-start=\"5050\" data-end=\"5195\">\n<p data-start=\"5052\" data-end=\"5195\"><strong data-start=\"5052\" data-end=\"5079\">Transporte e log&iacute;stica<\/strong> &ndash; O GPS, a conetividade m&oacute;vel e as capacidades de dados em tempo real mant&ecirc;m as opera&ccedil;&otilde;es de frota e log&iacute;stica a funcionar sem problemas.<\/p>\n<\/li>\n<\/ul><h2 data-start=\"5197\" data-end=\"5235\">Compara&ccedil;&otilde;es de produtos Getac UX10 G3<\/h2><p data-start=\"5237\" data-end=\"5413\">O Getac UX10 G3 oferece o equil&iacute;brio perfeito entre portabilidade, durabilidade rugged e desempenho empresarial. Para as organiza&ccedil;&otilde;es que est&atilde;o a explorar alternativas, a Micro Nordic tamb&eacute;m oferece:<\/p><ul data-start=\"5415\" data-end=\"5856\">\n<li data-start=\"5415\" data-end=\"5553\">\n<p data-start=\"5417\" data-end=\"5553\"><a href=\"https:\/\/micronordic.com\/product\/getac-f110-touch-fully-rugged-tablet\/\"><strong data-start=\"5417\" data-end=\"5451\">Getac F110 Fully Rugged Tablet<\/strong> <\/a>&ndash; Um tablet rugged maior de 11,6&Prime; para utilizadores que necessitam de mais espa&ccedil;o no ecr&atilde; e capacidade multitarefa.<\/p>\n<\/li>\n<li data-start=\"5554\" data-end=\"5695\">\n<p data-start=\"5556\" data-end=\"5695\"><a href=\"https:\/\/micronordic.com\/product\/dell-latitude-rugged-extreme-7230-tablet\/\"><strong data-start=\"988\" data-end=\"1032\">Dell Latitude 7230 Rugged Extreme Tablet<\/strong><\/a> &ndash; Um Tablet Windows de 12&Prime; Fully Rugged que fornece uma plataforma alternativa com um forte desempenho e legibilidade em exteriores.<\/p>\n<\/li>\n<li data-start=\"5696\" data-end=\"5856\">\n<p data-start=\"5698\" data-end=\"5856\"><a href=\"https:\/\/micronordic.com\/product\/panasonic-toughpad-fz-m1-refurbished\/\"><strong data-start=\"5698\" data-end=\"5741\">Panasonic TOUGHBOOK FZ-M1<\/strong><\/a>&ndash; Um tablet compacto de 7&Prime; rugged concebido para m&aacute;xima portabilidade, dispon&iacute;vel remodelado como uma op&ccedil;&atilde;o econ&oacute;mica.<\/p>\n<\/li>\n<\/ul>\n","protected":false},"excerpt":{"rendered":"<h3>Especifica\u00e7\u00f5es:<\/h3>\n<ul>\n<li><strong>Ecr\u00e3:<\/strong> Ecr\u00e3 t\u00e1til LumiBond\u00ae de 10,1\u2033 FHD (1920\u00d71200), 1000 nits leg\u00edvel \u00e0 luz solar<\/li>\n<li><strong>Processador:<\/strong> Intel\u00ae Core\u2122 i5\/i7 de 12\u00aa gera\u00e7\u00e3o com gr\u00e1ficos Iris\u00ae Xe<\/li>\n<li><strong>Gr\u00e1ficos:<\/strong> Intel\u00ae Iris\u00ae Xe integrada<\/li>\n<li><strong>Mem\u00f3ria:<\/strong> 8 GB de RAM (modelo b\u00e1sico), atualiz\u00e1vel at\u00e9 32 GB DDR4<\/li>\n<li><strong>Armazenamento:<\/strong> SSD de 256 GB (modelo b\u00e1sico), atualiz\u00e1vel para 1 TB PCIe<\/li>\n<li><strong>Conectividade:<\/strong> Wi-Fi 6E, Bluetooth 5.3, 4G LTE\/5G opcional e GPS<\/li>\n<li><strong>Certifica\u00e7\u00f5es robustas:<\/strong> MIL-STD-810H, IP66, resist\u00eancia a quedas de 6 p\u00e9s<\/li>\n<li><strong>Seguran\u00e7a:<\/strong> TPM 2.0, leitor de impress\u00f5es digitais, leitor de cart\u00f5es inteligentes, RFID\/NFC, Windows Hello<\/li>\n<li><strong>Bateria:<\/strong> Baterias duplas de troca a quente, pacote opcional de alta capacidade<\/li>\n<li><strong>Dimens\u00f5es e peso:<\/strong> Aprox. 280 \u00d7 192 \u00d7 23,5 mm, 1,4 kg<\/li>\n<li><strong>Garantia:<\/strong> 3 anos, de para-choques a para-choques<\/li>\n<\/ul>\n","protected":false},"author":24,"featured_media":100185,"template":"","meta":{"_acf_changed":false,"inline_featured_image":false},"product-condition":[5248],"product_brand":[8960],"product_cat":[5206,5214,5210],"product_tag":[],"class_list":{"0":"post-46099","1":"product","2":"type-product","3":"status-publish","4":"has-post-thumbnail","6":"product-condition-new-in-box","7":"product_brand-getac","8":"product_cat-getac-rugged","9":"product_cat-all-rugged-tablets","10":"product_cat-new-in-box-rugged-hardware","12":"first","13":"instock","14":"taxable","15":"shipping-taxable","16":"purchasable","17":"product-type-simple"},"acf":[],"_links":{"self":[{"href":"https:\/\/micronordic.com\/pt-pt\/wp-json\/wp\/v2\/product\/46099","targetHints":{"allow":["GET"]}}],"collection":[{"href":"https:\/\/micronordic.com\/pt-pt\/wp-json\/wp\/v2\/product"}],"about":[{"href":"https:\/\/micronordic.com\/pt-pt\/wp-json\/wp\/v2\/types\/product"}],"author":[{"embeddable":true,"href":"https:\/\/micronordic.com\/pt-pt\/wp-json\/wp\/v2\/users\/24"}],"version-history":[{"count":2,"href":"https:\/\/micronordic.com\/pt-pt\/wp-json\/wp\/v2\/product\/46099\/revisions"}],"predecessor-version":[{"id":97648,"href":"https:\/\/micronordic.com\/pt-pt\/wp-json\/wp\/v2\/product\/46099\/revisions\/97648"}],"wp:featuredmedia":[{"embeddable":true,"href":"https:\/\/micronordic.com\/pt-pt\/wp-json\/wp\/v2\/media\/100185"}],"wp:attachment":[{"href":"https:\/\/micronordic.com\/pt-pt\/wp-json\/wp\/v2\/media?parent=46099"}],"wp:term":[{"taxonomy":"product-condition","embeddable":true,"href":"https:\/\/micronordic.com\/pt-pt\/wp-json\/wp\/v2\/product-condition?post=46099"},{"taxonomy":"product_brand","embeddable":true,"href":"https:\/\/micronordic.com\/pt-pt\/wp-json\/wp\/v2\/product_brand?post=46099"},{"taxonomy":"product_cat","embeddable":true,"href":"https:\/\/micronordic.com\/pt-pt\/wp-json\/wp\/v2\/product_cat?post=46099"},{"taxonomy":"product_tag","embeddable":true,"href":"https:\/\/micronordic.com\/pt-pt\/wp-json\/wp\/v2\/product_tag?post=46099"}],"curies":[{"name":"wp","href":"https:\/\/api.w.org\/{rel}","templated":true}]}}