{"id":46093,"date":"2023-10-10T18:37:26","date_gmt":"2023-10-10T16:37:26","guid":{"rendered":"https:\/\/micronordic.com\/product\/tablet-dell-latitude-12-rugged-extreme-7230-novo\/"},"modified":"2025-11-13T20:32:41","modified_gmt":"2025-11-13T19:32:41","slug":"dell-latitude-rugged-extreme-7230-tablet","status":"publish","type":"product","link":"https:\/\/micronordic.com\/pt-pt\/product\/dell-latitude-rugged-extreme-7230-tablet\/","title":{"rendered":"Dell Latitude 7230 Rugged Extreme Tablet (NOVO)"},"content":{"rendered":"<?xml encoding=\"utf-8\" ?><h2 data-start=\"308\" data-end=\"353\">Dell Latitude 7230 Rugged Extreme Tablet<\/h2><p data-start=\"355\" data-end=\"863\">O <strong data-start=\"359\" data-end=\"403\">Dell Latitude 7230 Rugged Extreme Tablet<\/strong> foi concebido para profissionais que necessitam de uma pot&ecirc;ncia de computa&ccedil;&atilde;o fi&aacute;vel nos ambientes mais adversos. Combinando uma durabilidade extrema, um desempenho de n&iacute;vel empresarial e uma mobilidade leve, este Tablet totalmente rugged foi concebido para sectores onde os dispositivos de consumo normais n&atilde;o conseguem sobreviver. Desde opera&ccedil;&otilde;es de defesa e socorristas a servi&ccedil;os p&uacute;blicos, petr&oacute;leo e g&aacute;s e servi&ccedil;os de campo, o Latitude 7230 garante que as equipas se mant&ecirc;m ligadas, produtivas e seguras em todos os cen&aacute;rios.<\/p><h2 data-start=\"865\" data-end=\"917\">Principais carater&iacute;sticas do Rugged Tablet Latitude 7230<\/h2><ul data-start=\"919\" data-end=\"1945\">\n<li data-start=\"919\" data-end=\"1027\">\n<p data-start=\"921\" data-end=\"1027\"><strong data-start=\"921\" data-end=\"942\">Durabilidade rugged<\/strong> &ndash; certifica&ccedil;&atilde;o MIL-STD-810H e IP65, resistente a quedas, poeira, vibra&ccedil;&atilde;o e &aacute;gua.<\/p>\n<\/li>\n<li data-start=\"1028\" data-end=\"1145\">\n<p data-start=\"1030\" data-end=\"1145\"><strong data-start=\"1030\" data-end=\"1065\">Ecr&atilde; de 12,0&Prime; leg&iacute;vel &agrave; luz do sol<\/strong> &ndash; painel Full HD (1920&times;1200) com 1200 nits de brilho, suporte para luvas e caneta.<\/p>\n<\/li>\n<li data-start=\"1146\" data-end=\"1259\">\n<p data-start=\"1148\" data-end=\"1259\"><strong data-start=\"1148\" data-end=\"1172\">Desempenho potente<\/strong> &ndash; Processadores Intel&reg; Core&trade; i3\/i5\/i7 de 12&ordf; gera&ccedil;&atilde;o, vPro&reg; opcional para gest&atilde;o avan&ccedil;ada.<\/p>\n<\/li>\n<li data-start=\"1260\" data-end=\"1344\">\n<p data-start=\"1262\" data-end=\"1344\"><strong data-start=\"1262\" data-end=\"1274\">Gr&aacute;ficos<\/strong> &ndash; Gr&aacute;ficos Intel&reg; Iris Xe integrados (dispon&iacute;veis nos modelos i5\/i7).<\/p>\n<\/li>\n<li data-start=\"1345\" data-end=\"1408\">\n<p data-start=\"1347\" data-end=\"1408\"><strong data-start=\"1347\" data-end=\"1357\">Mem&oacute;ria<\/strong> &ndash; Configur&aacute;vel de 8 GB a 32 GB de RAM LPDDR5.<\/p>\n<\/li>\n<li data-start=\"1409\" data-end=\"1483\">\n<p data-start=\"1411\" data-end=\"1483\"><strong data-start=\"1411\" data-end=\"1422\">Armazenamento<\/strong> &ndash; SSD PCIe NVMe at&eacute; 2 TB para um acesso r&aacute;pido e fi&aacute;vel aos dados.<\/p>\n<\/li>\n<li data-start=\"1484\" data-end=\"1589\">\n<p data-start=\"1486\" data-end=\"1589\"><strong data-start=\"1486\" data-end=\"1502\">Conectividade<\/strong> &ndash; Wi-Fi 6E, Bluetooth 5.2, 4G\/5G LTE opcional com eSIM e GPS para mobilidade global.<\/p>\n<\/li>\n<li data-start=\"1590\" data-end=\"1667\">\n<p data-start=\"1592\" data-end=\"1667\"><strong data-start=\"1592\" data-end=\"1624\">Baterias duplas de troca a quente<\/strong> &ndash; Funcionamento cont&iacute;nuo sem tempo de inatividade.<\/p>\n<\/li>\n<li data-start=\"1668\" data-end=\"1780\">\n<p data-start=\"1670\" data-end=\"1780\"><strong data-start=\"1670\" data-end=\"1693\">Seguran&ccedil;a empresarial<\/strong> &ndash; TPM 2.0, Windows Hello, leitor de impress&otilde;es digitais, leitores opcionais de cart&otilde;es inteligentes e RFID.<\/p>\n<\/li>\n<li data-start=\"1781\" data-end=\"1863\">\n<p data-start=\"1783\" data-end=\"1863\"><strong data-start=\"1783\" data-end=\"1798\">Portabilidade<\/strong> &ndash; Design leve (aprox. 1,3 kg) optimizado para utiliza&ccedil;&atilde;o no terreno.<\/p>\n<\/li>\n<li data-start=\"1864\" data-end=\"1945\">\n<p data-start=\"1866\" data-end=\"1945\"><strong data-start=\"1866\" data-end=\"1878\">Garantia<\/strong> &ndash; Garantia standard limitada a 3 anos com op&ccedil;&otilde;es Dell ProSupport.<\/p>\n<\/li>\n<\/ul><h2 data-start=\"1947\" data-end=\"1990\">Principais vantagens do Dell Latitude 7230<\/h2><h3 data-start=\"1992\" data-end=\"2025\">Mobilidade sem compromissos<\/h3><p data-start=\"2026\" data-end=\"2407\">Ao contr&aacute;rio dos laptops robustos mais volumosos, o Latitude 7230 oferece um formato compacto sem sacrificar a robustez. Com pouco mais de 1,3 kg, &eacute; f&aacute;cil de transportar durante longos turnos no terreno, mas o seu chassis dur&aacute;vel foi testado para resistir a quedas, p&oacute;, &aacute;gua e temperaturas extremas. Este equil&iacute;brio torna-o a solu&ccedil;&atilde;o perfeita para as equipas que necessitam de mobilidade e durabilidade em igual medida.<\/p><h3 data-start=\"2409\" data-end=\"2440\">Ecr&atilde; leg&iacute;vel &agrave; luz solar<\/h3><p data-start=\"2441\" data-end=\"2722\">O ecr&atilde; FHD de 12,0&Prime; proporciona uma excelente visibilidade com um brilho de at&eacute; 1200 nits, garantindo a sua utiliza&ccedil;&atilde;o mesmo sob luz solar direta. Com entrada de dados com capacidade para luvas e caneta, os profissionais podem continuar a trabalhar em ambientes h&uacute;midos, poeirentos ou frios sem perder o controlo sobre o seu dispositivo.<\/p><h3 data-start=\"2724\" data-end=\"2760\">Pot&ecirc;ncia fi&aacute;vel para turnos longos<\/h3><p data-start=\"2761\" data-end=\"3059\">As baterias duplas de troca a quente garantem produtividade durante todo o dia. Os trabalhadores em &aacute;reas remotas podem substituir as baterias gastas em movimento, sem desligar o tablet ou interromper os fluxos de trabalho. Esta funcionalidade &eacute; essencial para as equipas de servi&ccedil;os p&uacute;blicos, defesa ou servi&ccedil;os de emerg&ecirc;ncia, onde o tempo de inatividade n&atilde;o &eacute; uma op&ccedil;&atilde;o.<\/p><h3 data-start=\"3061\" data-end=\"3092\">Seguran&ccedil;a de n&iacute;vel empresarial<\/h3><p data-start=\"3093\" data-end=\"3380\">A prote&ccedil;&atilde;o de dados &eacute; uma prioridade com TPM 2.0 integrado, reconhecimento facial Windows Hello, autentica&ccedil;&atilde;o de impress&otilde;es digitais e leitores opcionais de cart&otilde;es inteligentes ou RFID. Estas funcionalidades de seguran&ccedil;a est&atilde;o em conformidade com as rigorosas normas da ind&uacute;stria, garantindo a prote&ccedil;&atilde;o de dados sens&iacute;veis em ambientes de alto risco.<\/p><h3 data-start=\"3382\" data-end=\"3404\">Sempre ligado<\/h3><p data-start=\"3405\" data-end=\"3720\">O Latitude 7230 foi concebido para uma comunica&ccedil;&atilde;o fi&aacute;vel e acesso em tempo real &agrave; informa&ccedil;&atilde;o. Com Wi-Fi 6E, Bluetooth 5.2 e 5G LTE opcional com GPS, mant&eacute;m as equipas ligadas, quer estejam no interior, no exterior ou em movimento. Isto garante a efici&ecirc;ncia em sectores em que o tempo e os dados precisos s&atilde;o essenciais.<\/p><h3 data-start=\"3722\" data-end=\"3753\">F&aacute;cil de implementar e gerir<\/h3><p data-start=\"3754\" data-end=\"4012\">Para os departamentos de TI, o 7230 inclui a capacidade de gest&atilde;o de n&iacute;vel empresarial da Dell com processadores vPro&reg; opcionais. Os dispositivos podem ser implementados, geridos e actualizados remotamente, reduzindo as despesas gerais de TI e assegurando uma integra&ccedil;&atilde;o perfeita na infraestrutura existente da empresa.<\/p><h3 data-start=\"4014\" data-end=\"4050\">Compatibilidade com ecossistemas robustos<\/h3><p data-start=\"4051\" data-end=\"4322\">O Latitude 7230 funciona na perfei&ccedil;&atilde;o com o ecossistema rugged da Dell, incluindo bases de liga&ccedil;&atilde;o, teclados e suportes para ve&iacute;culos. Esta adaptabilidade permite &agrave;s empresas configurar o dispositivo para t&eacute;cnicos no terreno, ve&iacute;culos de emerg&ecirc;ncia ou esta&ccedil;&otilde;es de trabalho industriais, consoante as suas necessidades.<\/p><h2 data-start=\"4324\" data-end=\"4367\">Casos de utiliza&ccedil;&atilde;o ideais para o Dell Latitude 7230<\/h2><ul data-start=\"4369\" data-end=\"5027\">\n<li data-start=\"4369\" data-end=\"4497\">\n<p data-start=\"4371\" data-end=\"4497\"><strong data-start=\"4371\" data-end=\"4400\">Seguran&ccedil;a p&uacute;blica e defesa<\/strong> &ndash; Computa&ccedil;&atilde;o segura e pronta para o terreno para socorristas, for&ccedil;as policiais e opera&ccedil;&otilde;es de defesa.<\/p>\n<\/li>\n<li data-start=\"4498\" data-end=\"4633\">\n<p data-start=\"4500\" data-end=\"4633\"><strong data-start=\"4500\" data-end=\"4531\">Servi&ccedil;os p&uacute;blicos e de campo<\/strong> &ndash; Acesso m&oacute;vel fi&aacute;vel para t&eacute;cnicos que inspeccionam condutas, redes el&eacute;ctricas ou infra-estruturas.<\/p>\n<\/li>\n<li data-start=\"4634\" data-end=\"4768\">\n<p data-start=\"4636\" data-end=\"4768\"><strong data-start=\"4636\" data-end=\"4660\">Petr&oacute;leo, g&aacute;s e minas<\/strong> &ndash; Suportar condi&ccedil;&otilde;es extremas em ambientes remotos onde a durabilidade e a conetividade s&atilde;o essenciais.<\/p>\n<\/li>\n<li data-start=\"4769\" data-end=\"4903\">\n<p data-start=\"4771\" data-end=\"4903\"><strong data-start=\"4771\" data-end=\"4803\">Transportes e log&iacute;stica<\/strong> &ndash; Comunica&ccedil;&atilde;o em tempo real, controlo de invent&aacute;rio e navega&ccedil;&atilde;o para opera&ccedil;&otilde;es de frotas e armaz&eacute;ns.<\/p>\n<\/li>\n<li data-start=\"4904\" data-end=\"5027\">\n<p data-start=\"4906\" data-end=\"5027\"><strong data-start=\"4906\" data-end=\"4938\">Fabrico e ind&uacute;stria<\/strong> &ndash; Concebidos para suportar vibra&ccedil;&otilde;es, poeiras e temperaturas extremas em f&aacute;bricas movimentadas.<\/p>\n<\/li>\n<\/ul><h2 data-start=\"5029\" data-end=\"5086\">Compara&ccedil;&otilde;es de produtos: Alternativas ao Dell Latitude 7230<\/h2><p data-start=\"5088\" data-end=\"5190\">Para as empresas que est&atilde;o a considerar tablets robustos, outras op&ccedil;&otilde;es relevantes dispon&iacute;veis na Micro Nordic incluem:<\/p><ul data-start=\"5192\" data-end=\"5604\">\n<li data-start=\"5192\" data-end=\"5320\">\n<p data-start=\"5194\" data-end=\"5320\"><a href=\"https:\/\/micronordic.com\/product\/getac-ux10-g3-fully-rugged-tablet\/\"><strong data-start=\"5194\" data-end=\"5231\">Getac UX10 G3 Fully Rugged Tablet<\/strong> <\/a>&ndash; Um Tablet compacto de 10,1&Prime; que oferece portabilidade leve com prote&ccedil;&atilde;o totalmente rugged.<\/p>\n<\/li>\n<li data-start=\"5321\" data-end=\"5469\">\n<p data-start=\"5323\" data-end=\"5469\"><a href=\"https:\/\/micronordic.com\/product\/panasonic-toughpad-fz-m1-refurbished\/\"><strong data-start=\"5323\" data-end=\"5380\">Rugged Tablet Panasonic TOUGHBOOK FZ-M1<\/strong> <\/a>&ndash; Um Tablet de 7&Prime; totalmente rugged concebido para uma portabilidade extrema e para compradores conscientes dos custos.<\/p>\n<\/li>\n<li data-start=\"5470\" data-end=\"5604\">\n<p data-start=\"5472\" data-end=\"5604\"><a href=\"https:\/\/micronordic.com\/product\/zebra-et65-rugged-enterprise-tablet\/\"><strong data-start=\"5472\" data-end=\"5511\">Zebra ET65 Rugged Tablet para empresas<\/strong> <\/a>&ndash; Um Tablet robusto de 12&Prime; baseado em Android constru&iacute;do para conetividade 5G-first e fluxos de trabalho ao ar livre.<\/p>\n<\/li>\n<\/ul>\n","protected":false},"excerpt":{"rendered":"<h3>Especifica\u00e7\u00f5es:<\/h3>\n<ul>\n<li><strong>Ecr\u00e3:<\/strong> 12.0\u2033 FHD (1920\u00d71200), 1200 nits de brilho, entrada de luva e caneta<\/li>\n<li><strong>Processador:<\/strong> Intel\u00ae Core\u2122 i3 \/ i5 \/ i7 de 12\u00aa gera\u00e7\u00e3o, vPro\u00ae opcional<\/li>\n<li><strong>Gr\u00e1ficos:<\/strong> Gr\u00e1ficos Intel\u00ae Iris Xe (modelos i5\/i7)<\/li>\n<li><strong>Mem\u00f3ria:<\/strong> 8 GB de RAM (modelo b\u00e1sico), atualiz\u00e1vel para 32 GB de RAM LPDDR5<\/li>\n<li><strong>Armazenamento:<\/strong> 256 SSD PCIe NVMe (modelo b\u00e1sico), atualiz\u00e1vel at\u00e9 2 TB<\/li>\n<li><strong>Conectividade:<\/strong> Wi-Fi 6E, Bluetooth 5.2, 4G\/5G LTE opcional com GPS<\/li>\n<li><strong>Certifica\u00e7\u00f5es robustas:<\/strong> MIL-STD-810H, IP65, testado contra quedas, testado quanto \u00e0 gama de temperaturas<\/li>\n<li><strong>Seguran\u00e7a:<\/strong> TPM 2.0, Windows Hello, leitor de impress\u00f5es digitais, cart\u00e3o inteligente e RFID opcionais<\/li>\n<li><strong>Bateria:<\/strong> Baterias duplas de troca a quente para um tempo de funcionamento alargado<\/li>\n<li><strong>Dimens\u00f5es e peso:<\/strong> Aprox. 1,3 kg<\/li>\n<li><strong>Garantia:<\/strong> Garantia limitada de 3 anos com ProSupport opcional<\/li>\n<\/ul>\n","protected":false},"author":24,"featured_media":100050,"template":"","meta":{"_acf_changed":false,"inline_featured_image":false},"product-condition":[5248],"product_brand":[8943],"product_cat":[5205,5214,5210],"product_tag":[],"class_list":{"0":"post-46093","1":"product","2":"type-product","3":"status-publish","4":"has-post-thumbnail","6":"product-condition-new-in-box","7":"product_brand-dell","8":"product_cat-dell-rugged","9":"product_cat-all-rugged-tablets","10":"product_cat-new-in-box-rugged-hardware","12":"first","13":"instock","14":"taxable","15":"shipping-taxable","16":"purchasable","17":"product-type-simple"},"acf":[],"_links":{"self":[{"href":"https:\/\/micronordic.com\/pt-pt\/wp-json\/wp\/v2\/product\/46093","targetHints":{"allow":["GET"]}}],"collection":[{"href":"https:\/\/micronordic.com\/pt-pt\/wp-json\/wp\/v2\/product"}],"about":[{"href":"https:\/\/micronordic.com\/pt-pt\/wp-json\/wp\/v2\/types\/product"}],"author":[{"embeddable":true,"href":"https:\/\/micronordic.com\/pt-pt\/wp-json\/wp\/v2\/users\/24"}],"version-history":[{"count":2,"href":"https:\/\/micronordic.com\/pt-pt\/wp-json\/wp\/v2\/product\/46093\/revisions"}],"predecessor-version":[{"id":97650,"href":"https:\/\/micronordic.com\/pt-pt\/wp-json\/wp\/v2\/product\/46093\/revisions\/97650"}],"wp:featuredmedia":[{"embeddable":true,"href":"https:\/\/micronordic.com\/pt-pt\/wp-json\/wp\/v2\/media\/100050"}],"wp:attachment":[{"href":"https:\/\/micronordic.com\/pt-pt\/wp-json\/wp\/v2\/media?parent=46093"}],"wp:term":[{"taxonomy":"product-condition","embeddable":true,"href":"https:\/\/micronordic.com\/pt-pt\/wp-json\/wp\/v2\/product-condition?post=46093"},{"taxonomy":"product_brand","embeddable":true,"href":"https:\/\/micronordic.com\/pt-pt\/wp-json\/wp\/v2\/product_brand?post=46093"},{"taxonomy":"product_cat","embeddable":true,"href":"https:\/\/micronordic.com\/pt-pt\/wp-json\/wp\/v2\/product_cat?post=46093"},{"taxonomy":"product_tag","embeddable":true,"href":"https:\/\/micronordic.com\/pt-pt\/wp-json\/wp\/v2\/product_tag?post=46093"}],"curies":[{"name":"wp","href":"https:\/\/api.w.org\/{rel}","templated":true}]}}