{"id":46085,"date":"2023-02-03T10:28:50","date_gmt":"2023-02-03T09:28:50","guid":{"rendered":"https:\/\/micronordic.com\/product\/zebra-tc720l-computador-tatil-robusto-recondicionado\/"},"modified":"2025-11-17T12:44:33","modified_gmt":"2025-11-17T11:44:33","slug":"zebra-tc720l-rugged-touch-computer-refurbished","status":"publish","type":"product","link":"https:\/\/micronordic.com\/pt-pt\/product\/zebra-tc720l-rugged-touch-computer-refurbished\/","title":{"rendered":"Zebra TC72 Handheld Mobile Computer (EX-DEMO)"},"content":{"rendered":"<?xml encoding=\"utf-8\" ?><h2 data-start=\"267\" data-end=\"314\">Zebra TC72 Handheld Mobile Computer robusto<\/h2><p data-start=\"316\" data-end=\"769\">O <strong data-start=\"320\" data-end=\"366\">Zebra TC72 Handheld Mobile Computer robusto<\/strong> foi projetado para empresas que precisam de um dispositivo m&oacute;vel poderoso, confi&aacute;vel e ultra-robusto para opera&ccedil;&otilde;es de linha de frente. Como o &uacute;nico companheiro Wi-Fi do TC77, o TC72 oferece desempenho excecional, escaneamento avan&ccedil;ado e seguran&ccedil;a pronta para a empresa. Est&aacute; dispon&iacute;vel na Micro Nordic como <strong data-start=\"656\" data-end=\"673\">unidades EX-DEMO<\/strong> e <strong data-start=\"678\" data-end=\"692\">NOVO NA CAIXA<\/strong>, proporcionando &agrave;s organiza&ccedil;&otilde;es flexibilidade para equilibrar custo e desempenho.  <\/p><p data-start=\"316\" data-end=\"769\">As unidades EX-DEMO incluem uma <strong data-start=\"24\" data-end=\"44\">garantia de 12 meses<\/strong>, enquanto <strong data-start=\"52\" data-end=\"83\">os scanners robustos novos de f&aacute;brica<\/strong> s&atilde;o fornecidos com uma <strong data-start=\"104\" data-end=\"132\">garantia padr&atilde;o de 2 anos<\/strong> para uma tranquilidade fi&aacute;vel.<\/p><article class=\"text-token-text-primary w-full focus:outline-none [--shadow-height:45px] has-data-writing-block:pointer-events-none has-data-writing-block:-mt-(--shadow-height) has-data-writing-block:pt-(--shadow-height) [&amp;:has([data-writing-block])&gt;*]:pointer-events-auto [content-visibility:auto] supports-[content-visibility:auto]:[contain-intrinsic-size:auto_100lvh] scroll-mt-[calc(var(--header-height)+min(200px,max(70px,20svh)))]\" dir=\"auto\" tabindex=\"-1\" data-turn-id=\"f528b850-6584-4b34-aac1-df93fd9290ef\" data-testid=\"conversation-turn-48\" data-scroll-anchor=\"false\" data-turn=\"assistant\">\n<div class=\"text-base my-auto mx-auto [--thread-content-margin:--spacing(4)] thread-sm:[--thread-content-margin:--spacing(6)] thread-lg:[--thread-content-margin:--spacing(16)] px-(--thread-content-margin)\">\n<div class=\"[--thread-content-max-width:40rem] thread-lg:[--thread-content-max-width:48rem] mx-auto max-w-(--thread-content-max-width) flex-1 group\/turn-messages focus-visible:outline-hidden relative flex w-full min-w-0 flex-col agent-turn\" tabindex=\"-1\">\n<div class=\"z-0 flex min-h-[46px] justify-start\">Com o seu brilhante ecr&atilde; HD de 4,7&Prime;, processador octa-core Qualcomm Snapdragon&trade; e suporte Android de n&iacute;vel empresarial, o TC72 &eacute; uma escolha de confian&ccedil;a para ind&uacute;strias que exigem conetividade ininterrupta, fiabilidade rugged e suporte de longo ciclo de vida.<\/div>\n<\/div>\n<\/div>\n<\/article><h2 data-start=\"1019\" data-end=\"1054\">Principais carater&iacute;sticas do Zebra TC72<\/h2><ul data-start=\"1056\" data-end=\"1968\">\n<li data-start=\"1056\" data-end=\"1165\">\n<p data-start=\"1058\" data-end=\"1165\"><strong data-start=\"1058\" data-end=\"1075\">Design robusto<\/strong> &ndash; certificado MIL-STD-810G, classifica&ccedil;&atilde;o IP65\/IP67, sobrevive a quedas at&eacute; 2,4 m com uma prote&ccedil;&atilde;o rugosa.<\/p>\n<\/li>\n<li data-start=\"1166\" data-end=\"1269\">\n<p data-start=\"1168\" data-end=\"1269\"><strong data-start=\"1168\" data-end=\"1179\">Ecr&atilde;<\/strong> &ndash; Ecr&atilde; t&aacute;til de 4,7&Prime; HD (1280&times;720), leg&iacute;vel &agrave; luz do sol, compat&iacute;vel com luvas e dedos molhados.<\/p>\n<\/li>\n<li data-start=\"1270\" data-end=\"1334\">\n<p data-start=\"1272\" data-end=\"1334\"><strong data-start=\"1272\" data-end=\"1285\">Processador<\/strong> &ndash; Qualcomm Snapdragon&trade; 660 octa-core, 2,2 GHz.<\/p>\n<\/li>\n<li data-start=\"1335\" data-end=\"1438\">\n<p data-start=\"1337\" data-end=\"1438\"><strong data-start=\"1337\" data-end=\"1357\">Sistema operativo<\/strong> &ndash; Android 8.1 Oreo, atualiz&aacute;vel para Android 11 com suporte LifeGuard&trade; da Zebra.<\/p>\n<\/li>\n<li data-start=\"1439\" data-end=\"1465\">\n<p data-start=\"1441\" data-end=\"1465\"><strong data-start=\"1441\" data-end=\"1451\">Mem&oacute;ria<\/strong> &ndash; 4 GB de RAM.<\/p>\n<\/li>\n<li data-start=\"1466\" data-end=\"1537\">\n<p data-start=\"1468\" data-end=\"1537\"><strong data-start=\"1468\" data-end=\"1479\">Armazenamento<\/strong> &ndash; 32 GB internos, expans&iacute;veis com microSD at&eacute; 256 GB.<\/p>\n<\/li>\n<li data-start=\"1538\" data-end=\"1605\">\n<p data-start=\"1540\" data-end=\"1605\"><strong data-start=\"1540\" data-end=\"1552\">Digitaliza&ccedil;&atilde;o<\/strong> &ndash; Scanner 1D\/2D de classe empresarial SE4750 ou SE4770.<\/p>\n<\/li>\n<li data-start=\"1606\" data-end=\"1693\">\n<p data-start=\"1608\" data-end=\"1693\"><strong data-start=\"1608\" data-end=\"1624\">Conectividade<\/strong> &ndash; Wi-Fi 802.11 a\/b\/g\/n\/ac\/r\/k\/v, Bluetooth 5.0, GPS (com base em Wi-Fi).<\/p>\n<\/li>\n<li data-start=\"1694\" data-end=\"1759\">\n<p data-start=\"1696\" data-end=\"1759\"><strong data-start=\"1696\" data-end=\"1707\">Bateria<\/strong> &ndash; 4620 mAh PowerPrecision+ Li-Ion, permut&aacute;vel a quente.<\/p>\n<\/li>\n<li data-start=\"1760\" data-end=\"1859\">\n<p data-start=\"1762\" data-end=\"1859\"><strong data-start=\"1762\" data-end=\"1774\">Seguran&ccedil;a<\/strong> &ndash; Ferramentas Mobility DNA da Zebra, seguran&ccedil;a empresarial para Android, LifeGuard&trade; para Android.<\/p>\n<\/li>\n<li data-start=\"1860\" data-end=\"1968\">\n<p data-start=\"1862\" data-end=\"1968\"><strong data-start=\"1862\" data-end=\"1878\">Disponibilidade<\/strong> &ndash; Oferecido como <strong data-start=\"1892\" data-end=\"1903\">EX-DEMO<\/strong> (unidades de demonstra&ccedil;&atilde;o ligeiramente usadas) e <strong data-start=\"1934\" data-end=\"1948\">NOVO NA CAIXA<\/strong> (selado de f&aacute;brica).<\/p>\n<\/li>\n<\/ul><h2 data-start=\"1970\" data-end=\"2005\">Principais vantagens do Zebra TC72<\/h2><h3 data-start=\"2007\" data-end=\"2050\">Desempenho rugged sem compromissos<\/h3><p data-start=\"2051\" data-end=\"2365\">O TC72 foi constru&iacute;do para sobreviver aos ambientes mais adversos. Com uma classifica&ccedil;&atilde;o IP67\/IP65 e testes MIL-STD-810G, resiste a quedas, poeira, temperaturas extremas e submers&atilde;o em &aacute;gua. Isto garante que as equipas da linha da frente podem contar com o TC72 em armaz&eacute;ns, salas de apoio ao retalho ou locais de fabrico sem receio de tempo de inatividade.  <\/p><h3 data-start=\"2367\" data-end=\"2398\">Ecr&atilde; leg&iacute;vel &agrave; luz solar<\/h3><p data-start=\"2399\" data-end=\"2662\">O ecr&atilde; t&aacute;til HD de 4,7&Prime; foi concebido para todas as condi&ccedil;&otilde;es de ilumina&ccedil;&atilde;o. Com a prote&ccedil;&atilde;o Corning&reg; Gorilla&reg; Glass, resiste a riscos e impactos, mantendo-se sens&iacute;vel ao toque com luvas e com &aacute;gua. Isto garante uma visibilidade n&iacute;tida e uma utiliza&ccedil;&atilde;o fi&aacute;vel tanto no interior como no exterior.  <\/p><h3 data-start=\"2664\" data-end=\"2695\">Digitaliza&ccedil;&atilde;o de n&iacute;vel empresarial<\/h3><p data-start=\"2696\" data-end=\"2957\">Equipado com o scanner SE4750 ou SE4770 da Zebra, o TC72 captura c&oacute;digos de barras 1D e 2D com velocidade e precis&atilde;o. De etiquetas danificadas a c&oacute;digos de barras mal impressos, o TC72 garante um desempenho de escaneamento suave, reduzindo erros e aumentando a produtividade do trabalhador. <\/p><h3 data-start=\"2959\" data-end=\"2987\">Pot&ecirc;ncia para um turno completo<\/h3><p data-start=\"2988\" data-end=\"3215\">A bateria PowerPrecision+ de 4620 mAh suporta longos turnos de trabalho e a funcionalidade hot-swap mant&eacute;m os fluxos de trabalho sem interrup&ccedil;&otilde;es. Isto significa que a equipa pode substituir as baterias sem desligar, maximizando o tempo de funcionamento em opera&ccedil;&otilde;es cr&iacute;ticas. <\/p><h3 data-start=\"3217\" data-end=\"3261\">Seguran&ccedil;a do Android e suporte ao ciclo de vida<\/h3><p data-start=\"3262\" data-end=\"3521\">Com Android 8.1 atualiz&aacute;vel para Android 11, o TC72 faz parte do programa LifeGuard&trade; da Zebra, que oferece atualiza&ccedil;&otilde;es de seguran&ccedil;a do sistema operacional a longo prazo. Isso garante que os dispositivos empresariais permane&ccedil;am seguros e em conformidade, protegendo dados confidenciais e estendendo o ciclo de vida do produto. <\/p><h3 data-start=\"3523\" data-end=\"3557\">Op&ccedil;&otilde;es de aquisi&ccedil;&atilde;o flex&iacute;veis<\/h3><p data-start=\"3558\" data-end=\"3836\">As organiza&ccedil;&otilde;es podem escolher entre <strong data-start=\"3591\" data-end=\"3608\">unidades EX-DEMO<\/strong>, que oferecem economia de custos com hardware de demonstra&ccedil;&atilde;o pouco manuseado, ou dispositivos <strong data-start=\"3674\" data-end=\"3688\">NOVOS NA CAIXA<\/strong> para empresas que preferem sistemas novos e lacrados de f&aacute;brica. Ambas as op&ccedil;&otilde;es t&ecirc;m o respaldo da confiabilidade da Zebra e do suporte da Micro Nordic. <\/p><h3 data-start=\"3838\" data-end=\"3871\">Conectividade Wi-Fi sem falhas<\/h3><p data-start=\"3872\" data-end=\"4145\">Sendo um dispositivo apenas Wi-Fi, o TC72 est&aacute; optimizado para ambientes em que as redes sem fios interiores s&atilde;o a prioridade. Com suporte para roaming r&aacute;pido e protocolos avan&ccedil;ados, garante um fluxo de dados ininterrupto em grandes instala&ccedil;&otilde;es, como armaz&eacute;ns, opera&ccedil;&otilde;es de retalho e hospitais. <\/p><h2 data-start=\"4147\" data-end=\"4182\">Casos de utiliza&ccedil;&atilde;o ideais para o Zebra TC72<\/h2><ul data-start=\"4184\" data-end=\"4766\">\n<li data-start=\"4184\" data-end=\"4302\">\n<p data-start=\"4186\" data-end=\"4302\"><strong data-start=\"4186\" data-end=\"4212\">Retalho e hotelaria<\/strong> &ndash; POS m&oacute;vel, controlos de invent&aacute;rio e apoio ao servi&ccedil;o ao cliente em lojas e restaurantes.<\/p>\n<\/li>\n<li data-start=\"4303\" data-end=\"4427\">\n<p data-start=\"4305\" data-end=\"4427\"><strong data-start=\"4305\" data-end=\"4334\">Armazenagem e log&iacute;stica<\/strong> &ndash; Leitura fi&aacute;vel de c&oacute;digos de barras e conetividade Wi-Fi para gest&atilde;o de stocks e recolha de encomendas.<\/p>\n<\/li>\n<li data-start=\"4428\" data-end=\"4526\">\n<p data-start=\"4430\" data-end=\"4526\"><strong data-start=\"4430\" data-end=\"4447\">Fabrico<\/strong> &ndash; Conce&ccedil;&atilde;o duradoura e digitaliza&ccedil;&atilde;o empresarial para linhas de montagem e ch&atilde;o de f&aacute;brica.<\/p>\n<\/li>\n<li data-start=\"4527\" data-end=\"4633\">\n<p data-start=\"4529\" data-end=\"4633\">Cuidados <strong data-start=\"4529\" data-end=\"4543\">de sa&uacute;de<\/strong> &ndash; Mobilidade rugged e ambiente Android seguro para cuidados a pacientes e gest&atilde;o de activos.<\/p>\n<\/li>\n<li data-start=\"4634\" data-end=\"4766\">\n<p data-start=\"4636\" data-end=\"4766\"><strong data-start=\"4636\" data-end=\"4667\">Servi&ccedil;o no terreno (Wi-Fi-first)<\/strong> &ndash; Adequado para fluxos de trabalho em que as equipas trabalham principalmente em redes Wi-Fi com necessidade limitada de 4G\/5G.<\/p>\n<\/li>\n<\/ul><h2 data-start=\"4768\" data-end=\"4817\">Compara&ccedil;&otilde;es de produtos: Alternativas ao Zebra TC72<\/h2><p data-start=\"4819\" data-end=\"4925\">Para as organiza&ccedil;&otilde;es que est&atilde;o a comparar dispositivos port&aacute;teis robustos, outros produtos relevantes dispon&iacute;veis na Micro Nordic incluem:<\/p><ul data-start=\"4927\" data-end=\"5383\">\n<li data-start=\"4927\" data-end=\"5069\">\n<p data-start=\"4929\" data-end=\"5069\"><a href=\"https:\/\/micronordic.com\/product\/zebra-tc77-mobile-handheld-computer-refurbished\/\"><strong data-start=\"4929\" data-end=\"4975\">Zebra TC77 Handheld Mobile Computer<\/strong><\/a> &ndash; A variante habilitada para celular do TC72, oferecendo total mobilidade 4G\/WWAN juntamente com Wi-Fi.<\/p>\n<\/li>\n<li data-start=\"5070\" data-end=\"5208\">\n<p data-start=\"5072\" data-end=\"5208\"><a href=\"https:\/\/micronordic.com\/product\/zebra-tc58-handheld-mobile-computer\/\"><strong data-start=\"5072\" data-end=\"5109\">Zebra TC58 Handheld Mobile Computer<\/strong> <\/a>&ndash; Um modelo de &uacute;ltima gera&ccedil;&atilde;o com conetividade 5G, escaneamento avan&ccedil;ado e processamento mais poderoso.<\/p>\n<\/li>\n<li data-start=\"5209\" data-end=\"5383\">\n<p data-start=\"5211\" data-end=\"5383\"><a href=\"https:\/\/micronordic.com\/product\/honeywell-ct40xp-mobile-handheld-computer-refurbished\/\"><strong data-start=\"5211\" data-end=\"5254\">Computador port&aacute;til Mobile Computer CT40 da Honeywell<\/strong> <\/a>&ndash; Um computador m&oacute;vel rugged vers&aacute;til que equilibra a portabilidade com o desempenho empresarial, dispon&iacute;vel como novo e EX-DEMO.<\/p>\n<\/li>\n<\/ul>\n","protected":false},"excerpt":{"rendered":"<p>SELECCIONE UMA VARIANTE ABAIXO! Contacte-nos se precisar de ajuda para encontrar a variante de produto certa. <\/p>\n<h3>Especifica\u00e7\u00f5es:<\/h3>\n<ul>\n<li><strong>Ecr\u00e3:<\/strong> 4,7\u2033 HD (1280\u00d7720), leg\u00edvel \u00e0 luz do sol, funciona com luvas e dedos molhados<\/li>\n<li><strong>Processador:<\/strong> Qualcomm Snapdragon\u2122 660 octa-core, 2,2 GHz<\/li>\n<li><strong>Gr\u00e1ficos:<\/strong> GPU Adreno\u2122 512 integrada<\/li>\n<li><strong>Mem\u00f3ria:<\/strong> 4 GB DE RAM<\/li>\n<li><strong>Armazenamento:<\/strong> 32 GB interno, expans\u00edvel via microSD at\u00e9 256 GB<\/li>\n<li><strong>Conectividade:<\/strong> Wi-Fi 802.11 a\/b\/g\/n\/ac\/r\/k\/v, Bluetooth 5.0<\/li>\n<li><strong>Certifica\u00e7\u00f5es robustas:<\/strong> MIL-STD-810G, IP65\/IP67, resist\u00eancia a quedas de 2,4 m com bota<\/li>\n<li><strong>Digitaliza\u00e7\u00e3o:<\/strong> Scanner 1D\/2D de classe empresarial SE4750 ou SE4770<\/li>\n<li><strong>Bateria:<\/strong> 4620 mAh Li-Ion, permut\u00e1vel a quente<\/li>\n<li><strong>Dimens\u00f5es e peso:<\/strong> 155 \u00d7 75,5 \u00d7 18,6 mm, aprox. 260 g <\/li>\n<li><strong>Garantia: <\/strong>Dispon\u00edvel como EX-DEMO (garantia de 12 meses) ou NOVO NA CAIXA (garantia de 2 anos)<\/li>\n<\/ul>\n<p><strong>Por favor, escolha o modelo correto abaixo, antes de o adicionar ao carrinho<\/strong><\/p>\n","protected":false},"author":24,"featured_media":44228,"template":"","meta":{"_acf_changed":false,"inline_featured_image":false},"product-condition":[5282],"product_brand":[9010],"product_cat":[5209,5213,5207],"product_tag":[3890,3968,3942,3903,3955,3916,3929],"class_list":{"0":"post-46085","1":"product","2":"type-product","3":"status-publish","4":"has-post-thumbnail","6":"product-condition-ex-demo","7":"product_brand-zebra","8":"product_cat-zebra","9":"product_cat-all-barcode-scanners","10":"product_cat-refurbished-rugged-hardware","11":"product_tag-tc720l-0me24b0-a6-pt-pt","12":"product_tag-tc720l-0me24b0-ea-pt-pt","13":"product_tag-tc720l-0me24b0-tn-pt-pt","14":"product_tag-tc720l-0mj24b0-a6-pt-pt","15":"product_tag-tc720l-0mk24b0-a6-pt-pt","16":"product_tag-tc720l-0ml24b0-a6-pt-pt","17":"product_tag-tc720l-1me24b0-a6-pt-pt","18":"pa_model-part-number-tc720l-0me24b0-a6","19":"pa_model-part-number-tc720l-0me24b0-ea","20":"pa_model-part-number-tc720l-0mj24b0-a6","21":"pa_model-part-number-tc720l-0mk24b0-a6","22":"pa_model-part-number-tc720l-0ml24b0-a6","23":"pa_model-part-number-tc720l-1me24b0-a6","25":"first","26":"instock","27":"taxable","28":"shipping-taxable","29":"purchasable","30":"product-type-variable"},"acf":[],"_links":{"self":[{"href":"https:\/\/micronordic.com\/pt-pt\/wp-json\/wp\/v2\/product\/46085","targetHints":{"allow":["GET"]}}],"collection":[{"href":"https:\/\/micronordic.com\/pt-pt\/wp-json\/wp\/v2\/product"}],"about":[{"href":"https:\/\/micronordic.com\/pt-pt\/wp-json\/wp\/v2\/types\/product"}],"author":[{"embeddable":true,"href":"https:\/\/micronordic.com\/pt-pt\/wp-json\/wp\/v2\/users\/24"}],"version-history":[{"count":2,"href":"https:\/\/micronordic.com\/pt-pt\/wp-json\/wp\/v2\/product\/46085\/revisions"}],"predecessor-version":[{"id":98118,"href":"https:\/\/micronordic.com\/pt-pt\/wp-json\/wp\/v2\/product\/46085\/revisions\/98118"}],"wp:featuredmedia":[{"embeddable":true,"href":"https:\/\/micronordic.com\/pt-pt\/wp-json\/wp\/v2\/media\/44228"}],"wp:attachment":[{"href":"https:\/\/micronordic.com\/pt-pt\/wp-json\/wp\/v2\/media?parent=46085"}],"wp:term":[{"taxonomy":"product-condition","embeddable":true,"href":"https:\/\/micronordic.com\/pt-pt\/wp-json\/wp\/v2\/product-condition?post=46085"},{"taxonomy":"product_brand","embeddable":true,"href":"https:\/\/micronordic.com\/pt-pt\/wp-json\/wp\/v2\/product_brand?post=46085"},{"taxonomy":"product_cat","embeddable":true,"href":"https:\/\/micronordic.com\/pt-pt\/wp-json\/wp\/v2\/product_cat?post=46085"},{"taxonomy":"product_tag","embeddable":true,"href":"https:\/\/micronordic.com\/pt-pt\/wp-json\/wp\/v2\/product_tag?post=46085"}],"curies":[{"name":"wp","href":"https:\/\/api.w.org\/{rel}","templated":true}]}}