{"id":46071,"date":"2022-11-01T11:30:36","date_gmt":"2022-11-01T10:30:36","guid":{"rendered":"https:\/\/micronordic.com\/product\/panasonic-toughbook-fz-40-fz40-mk1-i5-novo\/"},"modified":"2025-11-18T17:26:29","modified_gmt":"2025-11-18T16:26:29","slug":"panasonic-toughbook-fz-40-mk1-i7new","status":"publish","type":"product","link":"https:\/\/micronordic.com\/pt-pt\/product\/panasonic-toughbook-fz-40-mk1-i7new\/","title":{"rendered":"Panasonic Toughbook 40 MK1-MK2 (NOVO)"},"content":{"rendered":"<?xml encoding=\"utf-8\" ?><h2 data-start=\"254\" data-end=\"295\">Panasonic Toughbook 40 MK1-MK2 (NOVO)<\/h2><p data-start=\"297\" data-end=\"688\">O <strong data-start=\"301\" data-end=\"327\">Panasonic Toughbook 40<\/strong> representa o auge da tecnologia Rugged Laptop, concebido para a defesa, aplica&ccedil;&atilde;o da lei, servi&ccedil;os de campo e ind&uacute;strias onde o desempenho e a durabilidade sem compromissos s&atilde;o essenciais. Com um ecr&atilde; de 14 polegadas leg&iacute;vel &agrave; luz do dia, design modular e poder de processamento Intel&reg; de ponta, o Toughbook 40 equilibra desempenho avan&ccedil;ado com fiabilidade rugged. <\/p><p data-start=\"690\" data-end=\"1015\">Na <strong data-start=\"693\" data-end=\"709\">Micro Nordic<\/strong>, o Toughbook 40 est&aacute; dispon&iacute;vel como modelo <strong data-start=\"744\" data-end=\"763\">novo (NOVO)<\/strong> (com 3 anos de garantia) ou como modelo <strong data-start=\"777\" data-end=\"806\">pr&eacute;-propriedade certificada (CPO) <\/strong>(com 12 meses de garantia), dando &agrave;s empresas a flexibilidade de escolher entre um investimento totalmente novo ou uma solu&ccedil;&atilde;o remodelada e econ&oacute;mica que foi submetida a testes exaustivos e &agrave; substitui&ccedil;&atilde;o de componentes para ter um desempenho pr&oacute;ximo do novo.<\/p><h2 data-start=\"1017\" data-end=\"1064\">Principais carater&iacute;sticas do Panasonic Toughbook 40<\/h2><ul data-start=\"1066\" data-end=\"2092\">\n<li data-start=\"1066\" data-end=\"1198\">\n<p data-start=\"1068\" data-end=\"1198\"><strong data-start=\"1068\" data-end=\"1091\">Design ultra-r&iacute;gido<\/strong> &ndash; certifica&ccedil;&atilde;o MIL-STD-810H e IP66, resistente a quedas, &aacute;gua, poeira, vibra&ccedil;&atilde;o e temperaturas extremas.<\/p>\n<\/li>\n<li data-start=\"1199\" data-end=\"1321\">\n<p data-start=\"1201\" data-end=\"1321\"><strong data-start=\"1201\" data-end=\"1212\">Ecr&atilde;<\/strong> &ndash; Ecr&atilde; t&aacute;til de 14&Prime; FHD (1920&times;1080) leg&iacute;vel &agrave; luz do dia, com 1200 nits de brilho e possibilidade de utiliza&ccedil;&atilde;o com luvas.<\/p>\n<\/li>\n<li data-start=\"1322\" data-end=\"1445\">\n<p data-start=\"1324\" data-end=\"1445\"><strong data-start=\"1324\" data-end=\"1337\">Processador<\/strong> &ndash; Op&ccedil;&otilde;es Intel&reg; Core&trade; i5 e i7 vPro&trade; de 11&ordf; gera&ccedil;&atilde;o, concebidas para multitarefas e aplica&ccedil;&otilde;es exigentes no terreno.<\/p>\n<\/li>\n<li data-start=\"1446\" data-end=\"1503\">\n<p data-start=\"1448\" data-end=\"1503\"><strong data-start=\"1448\" data-end=\"1458\">Mem&oacute;ria<\/strong> &ndash; Configur&aacute;vel entre 16 GB e 64 GB de RAM.<\/p>\n<\/li>\n<li data-start=\"1504\" data-end=\"1570\">\n<p data-start=\"1506\" data-end=\"1570\"><strong data-start=\"1506\" data-end=\"1517\">Armazenamento<\/strong> &ndash; SSD NVMe de 512 GB padr&atilde;o, expans&iacute;vel at&eacute; 2 TB.<\/p>\n<\/li>\n<li data-start=\"1571\" data-end=\"1716\">\n<p data-start=\"1573\" data-end=\"1716\"><strong data-start=\"1573\" data-end=\"1594\">Expans&atilde;o modular<\/strong> &ndash; Quatro &aacute;reas de expans&atilde;o permitem a personaliza&ccedil;&atilde;o com unidades &oacute;pticas, leitores de autentica&ccedil;&atilde;o, portas de E\/S ou uma segunda bateria.<\/p>\n<\/li>\n<li data-start=\"1717\" data-end=\"1792\">\n<p data-start=\"1719\" data-end=\"1792\"><strong data-start=\"1719\" data-end=\"1735\">Conectividade<\/strong> &ndash; Wi-Fi 6, Bluetooth 5.1, 4G LTE\/5G opcional e GPS.<\/p>\n<\/li>\n<li data-start=\"1793\" data-end=\"1899\">\n<p data-start=\"1795\" data-end=\"1899\"><strong data-start=\"1795\" data-end=\"1807\">Seguran&ccedil;a<\/strong> &ndash; Suporte de autentica&ccedil;&atilde;o m&uacute;ltipla, incluindo cart&atilde;o inteligente, impress&atilde;o digital e reconhecimento facial.<\/p>\n<\/li>\n<li data-start=\"1900\" data-end=\"1997\">\n<p data-start=\"1902\" data-end=\"1997\"><strong data-start=\"1902\" data-end=\"1913\">Bateria<\/strong> &ndash; Duas baterias de permuta a quente com at&eacute; 36 horas de autonomia (com a segunda bateria).<\/p>\n<\/li>\n<li data-start=\"1998\" data-end=\"2092\">\n<p data-start=\"2000\" data-end=\"2092\"><strong data-start=\"2000\" data-end=\"2018\">Configura&ccedil;&otilde;es<\/strong> &ndash; Dispon&iacute;veis nas vers&otilde;es <strong data-start=\"2039\" data-end=\"2046\">NOVO<\/strong> e <strong data-start=\"2051\" data-end=\"2080\">Certificado de Pr&eacute;-Ocupa&ccedil;&atilde;o (CPO)<\/strong>. O novo tem uma garantia standard de 3 anos. A vers&atilde;o Certified Pre-Owned tem uma garantia de 12 meses.  <\/p>\n<\/li>\n<\/ul><h2 data-start=\"2094\" data-end=\"2141\">Principais vantagens do Panasonic Toughbook 40<\/h2><h3 data-start=\"2143\" data-end=\"2194\">Desempenho rugged para tarefas de miss&atilde;o cr&iacute;tica<\/h3><p data-start=\"2195\" data-end=\"2470\">Concebido para os ambientes mais exigentes, o Toughbook 40 possui certifica&ccedil;&atilde;o MIL-STD-810H e IP66, o que significa que n&atilde;o s&oacute; &eacute; resistente a choques, poeiras e &aacute;gua, como tamb&eacute;m pode suportar condi&ccedil;&otilde;es ambientais extremas. O seu chassis em liga de magn&eacute;sio assegura uma durabilidade duradoura. <\/p><h3 data-start=\"2472\" data-end=\"2509\">Ecr&atilde; grande leg&iacute;vel &agrave; luz do dia<\/h3><p data-start=\"2510\" data-end=\"2713\">O ecr&atilde; t&aacute;til FHD de 14 polegadas com 1200 nits de brilho garante visibilidade sob luz solar intensa ou em condi&ccedil;&otilde;es de campo dif&iacute;ceis. O multi-toque com luvas melhora a usabilidade para equipas t&aacute;cticas e de exterior. <\/p><h3 data-start=\"2715\" data-end=\"2740\">Flexibilidade modular<\/h3><p data-start=\"2741\" data-end=\"2993\">Com quatro ranhuras de expans&atilde;o configur&aacute;veis pelo utilizador, o Toughbook 40 adapta-se a diversos fluxos de trabalho. As op&ccedil;&otilde;es incluem leitores de c&oacute;digos de barras, armazenamento adicional, portas especializadas ou unidades de alimenta&ccedil;&atilde;o extra, tornando-o num dos mais vers&aacute;teis Rugged Laptops do mercado. <\/p><h3 data-start=\"2995\" data-end=\"3040\">Bateria de longa dura&ccedil;&atilde;o com suporte para troca a quente<\/h3><p data-start=\"3041\" data-end=\"3250\">Equipado com duas baterias hot-swappable, o Toughbook 40 proporciona at&eacute; 36 horas de tempo de funcionamento quando configurado com uma segunda bateria. Isto assegura um funcionamento cont&iacute;nuo em implementa&ccedil;&otilde;es no terreno sem tempo de inatividade. <\/p><h3 data-start=\"3252\" data-end=\"3310\">Op&ccedil;&otilde;es para todos os or&ccedil;amentos: NOVO ou certificado como usado<\/h3><p data-start=\"3311\" data-end=\"3770\">Na <strong data-start=\"3314\" data-end=\"3330\">Micro Nordic<\/strong>, os clientes podem escolher entre <strong data-start=\"3361\" data-end=\"3393\">unidades novas do Toughbook 40<\/strong> ou <strong data-start=\"3397\" data-end=\"3427\">modelos certificados como usados<\/strong>. Os modelos NOVOS oferecem o hardware mais recente e suporte de garantia total, enquanto as unidades Pr&eacute;-Obrigadas Certificadas foram submetidas a uma remodela&ccedil;&atilde;o, testes e substitui&ccedil;&atilde;o de componentes minuciosos, oferecendo praticamente o mesmo desempenho a um custo reduzido. Esta oferta dupla permite &agrave;s organiza&ccedil;&otilde;es alinhar as compras com as necessidades operacionais e as restri&ccedil;&otilde;es or&ccedil;amentais.  <\/p><h2 data-start=\"3772\" data-end=\"3823\">Casos de utiliza&ccedil;&atilde;o ideais para o Panasonic Toughbook 40<\/h2><ul data-start=\"3825\" data-end=\"4367\">\n<li data-start=\"3825\" data-end=\"3927\">\n<p data-start=\"3827\" data-end=\"3927\"><strong data-start=\"3827\" data-end=\"3858\">Defesa e aplica&ccedil;&atilde;o da lei<\/strong> &ndash; Fiabilidade de miss&atilde;o cr&iacute;tica com seguran&ccedil;a de autentica&ccedil;&atilde;o m&uacute;ltipla.<\/p>\n<\/li>\n<li data-start=\"3928\" data-end=\"4040\">\n<p data-start=\"3930\" data-end=\"4040\"><strong data-start=\"3930\" data-end=\"3961\">Utilit&aacute;rios e servi&ccedil;os no terreno<\/strong> &ndash; Baterias de troca a quente e complementos modulares para opera&ccedil;&otilde;es no terreno flex&iacute;veis.<\/p>\n<\/li>\n<li data-start=\"4041\" data-end=\"4145\">\n<p data-start=\"4043\" data-end=\"4145\"><strong data-start=\"4043\" data-end=\"4079\">Fabrico e ind&uacute;stria pesada<\/strong> &ndash; Resist&ecirc;ncia rugged a vibra&ccedil;&otilde;es, poeiras e condi&ccedil;&otilde;es extremas.<\/p>\n<\/li>\n<li data-start=\"4146\" data-end=\"4247\">\n<p data-start=\"4148\" data-end=\"4247\"><strong data-start=\"4148\" data-end=\"4180\">Transportes e log&iacute;stica<\/strong> &ndash; Longo tempo de funcionamento e conetividade GPS para gest&atilde;o m&oacute;vel de frotas.<\/p>\n<\/li>\n<li data-start=\"4248\" data-end=\"4367\">\n<p data-start=\"4250\" data-end=\"4367\"><strong data-start=\"4250\" data-end=\"4290\">Seguran&ccedil;a p&uacute;blica e servi&ccedil;os de emerg&ecirc;ncia<\/strong> &ndash; Ecr&atilde; de grandes dimens&otilde;es e forte conetividade sem fios para opera&ccedil;&otilde;es em tempo real.<\/p>\n<\/li>\n<\/ul><h2 data-start=\"4369\" data-end=\"4430\">Compara&ccedil;&otilde;es de produtos: Alternativas ao Panasonic Toughbook 40<\/h2><p data-start=\"4432\" data-end=\"4532\">Para as organiza&ccedil;&otilde;es que est&atilde;o a avaliar alternativas, outros Rugged Laptops dispon&iacute;veis na Micro Nordic incluem:<\/p><ul data-start=\"4534\" data-end=\"4923\">\n<li data-start=\"4534\" data-end=\"4659\">\n<p data-start=\"4536\" data-end=\"4659\"><a href=\"https:\/\/micronordic.com\/product\/panasonic-toughbook-fz-55\/\"><strong data-start=\"4536\" data-end=\"4562\">Panasonic Toughbook 55<\/strong> <\/a>&ndash; Um laptop modular Semi-Rugged que oferece um peso mais leve e uma expans&atilde;o flex&iacute;vel a um custo mais baixo.<\/p>\n<\/li>\n<li data-start=\"4660\" data-end=\"4787\">\n<p data-start=\"4662\" data-end=\"4787\"><a href=\"https:\/\/micronordic.com\/product\/getac-b360-g2-fully-rugged-laptop\/\"><strong data-start=\"4662\" data-end=\"4699\">Getac B360 G2 Fully Rugged Laptop<\/strong><\/a> &ndash; Um laptop Windows de 13,3&Prime; Fully Rugged constru&iacute;do para a mobilidade no terreno em ambientes adversos.<\/p>\n<\/li>\n<li data-start=\"4788\" data-end=\"4923\">\n<p data-start=\"4790\" data-end=\"4923\"><a href=\"https:\/\/micronordic.com\/product\/dell-latitude-7330-rugged-extreme\/\"><strong data-start=\"4790\" data-end=\"4834\">Dell Latitude 7330 Rugged Extreme Laptop<\/strong><\/a> &ndash; Um Rugged Laptop de 13,3&Prime; totalmente robusto que combina durabilidade com uma forte integra&ccedil;&atilde;o empresarial.<\/p>\n<\/li>\n<\/ul>\n","protected":false},"excerpt":{"rendered":"<h3>Especifica\u00e7\u00f5es:<\/h3>\n<ul>\n<li><strong>Ecr\u00e3:<\/strong> Ecr\u00e3 t\u00e1til de 14\u2033 FHD (1920\u00d71080), 1200 nits, leg\u00edvel \u00e0 luz do dia<\/li>\n<li><strong>Processador:<\/strong> Intel\u00ae Core\u2122 i5\/i7 vPro\u2122, 11\u00aa gera\u00e7\u00e3o<\/li>\n<li><strong>Gr\u00e1ficos:<\/strong> Gr\u00e1ficos integrados Intel\u00ae Iris\u00ae Xe<\/li>\n<li><strong>Mem\u00f3ria:<\/strong> 16 GB (modelo b\u00e1sico), atualiz\u00e1vel at\u00e9 64 GB de RAM<\/li>\n<li><strong>Armazenamento:<\/strong> 512 GB (modelo b\u00e1sico), atualiz\u00e1vel para SSD NVMe de 2 TB<\/li>\n<li><strong>Conectividade:<\/strong> Wi-Fi 6, Bluetooth 5.1, 4G LTE\/5G opcional, GPS<\/li>\n<li><strong>Certifica\u00e7\u00f5es rugged:<\/strong> MIL-STD-810H, IP66<\/li>\n<li><strong>Expans\u00e3o:<\/strong> Quatro ranhuras modulares para armazenamento, portas ou leitores de autentica\u00e7\u00e3o<\/li>\n<li><strong>Bateria:<\/strong> Baterias duplas de troca a quente, at\u00e9 36 horas de autonomia (com a segunda bateria)<\/li>\n<li><strong>Dimens\u00f5es e peso:<\/strong> 354 \u00d7 301 \u00d7 54,4 mm, aprox. 3,35 kg <\/li>\n<li><strong>Garantia:<\/strong> 3 anos de garantia (NOVO) ou 12 meses de garantia (Certificado Pr\u00e9-Owned)<\/li>\n<\/ul>\n","protected":false},"author":24,"featured_media":99847,"template":"","meta":{"_acf_changed":false,"inline_featured_image":false},"product-condition":[5248],"product_brand":[8979],"product_cat":[5211,5212,5210],"product_tag":[],"class_list":{"0":"post-46071","1":"product","2":"type-product","3":"status-publish","4":"has-post-thumbnail","6":"product-condition-new-in-box","7":"product_brand-panasonic","8":"product_cat-panasonic-toughbook","9":"product_cat-all-rugged-laptops","10":"product_cat-new-in-box-rugged-hardware","12":"first","13":"instock","14":"taxable","15":"shipping-taxable","16":"purchasable","17":"product-type-simple"},"acf":[],"_links":{"self":[{"href":"https:\/\/micronordic.com\/pt-pt\/wp-json\/wp\/v2\/product\/46071","targetHints":{"allow":["GET"]}}],"collection":[{"href":"https:\/\/micronordic.com\/pt-pt\/wp-json\/wp\/v2\/product"}],"about":[{"href":"https:\/\/micronordic.com\/pt-pt\/wp-json\/wp\/v2\/types\/product"}],"author":[{"embeddable":true,"href":"https:\/\/micronordic.com\/pt-pt\/wp-json\/wp\/v2\/users\/24"}],"version-history":[{"count":2,"href":"https:\/\/micronordic.com\/pt-pt\/wp-json\/wp\/v2\/product\/46071\/revisions"}],"predecessor-version":[{"id":98318,"href":"https:\/\/micronordic.com\/pt-pt\/wp-json\/wp\/v2\/product\/46071\/revisions\/98318"}],"wp:featuredmedia":[{"embeddable":true,"href":"https:\/\/micronordic.com\/pt-pt\/wp-json\/wp\/v2\/media\/99847"}],"wp:attachment":[{"href":"https:\/\/micronordic.com\/pt-pt\/wp-json\/wp\/v2\/media?parent=46071"}],"wp:term":[{"taxonomy":"product-condition","embeddable":true,"href":"https:\/\/micronordic.com\/pt-pt\/wp-json\/wp\/v2\/product-condition?post=46071"},{"taxonomy":"product_brand","embeddable":true,"href":"https:\/\/micronordic.com\/pt-pt\/wp-json\/wp\/v2\/product_brand?post=46071"},{"taxonomy":"product_cat","embeddable":true,"href":"https:\/\/micronordic.com\/pt-pt\/wp-json\/wp\/v2\/product_cat?post=46071"},{"taxonomy":"product_tag","embeddable":true,"href":"https:\/\/micronordic.com\/pt-pt\/wp-json\/wp\/v2\/product_tag?post=46071"}],"curies":[{"name":"wp","href":"https:\/\/api.w.org\/{rel}","templated":true}]}}