{"id":46065,"date":"2022-01-01T13:30:07","date_gmt":"2022-01-01T12:30:07","guid":{"rendered":"https:\/\/micronordic.com\/product\/panasonic-toughbook-fz-g2-fzg2-mk1-novo\/"},"modified":"2025-11-18T17:37:11","modified_gmt":"2025-11-18T16:37:11","slug":"panasonic-toughbook-fz-g2","status":"publish","type":"product","link":"https:\/\/micronordic.com\/pt-pt\/product\/panasonic-toughbook-fz-g2\/","title":{"rendered":"Panasonic Toughbook FZ-G2 MK1-MK3 (NOVO)"},"content":{"rendered":"<?xml encoding=\"utf-8\" ?><h2 data-start=\"485\" data-end=\"523\">Panasonic Toughbook FZ-G2 MK1-MK3<\/h2><p data-start=\"525\" data-end=\"909\">O <strong data-start=\"529\" data-end=\"558\">Panasonic Toughbook FZ-G2<\/strong> continua o legado de excel&ecirc;ncia da Panasonic em computa&ccedil;&atilde;o rugged, concebido para profissionais que exigem pot&ecirc;ncia, flexibilidade e durabilidade em todos os ambientes. Sendo um <strong data-start=\"723\" data-end=\"760\">Tablet Windows de 10.1&Prime; totalmente rugged<\/strong>, combina um desempenho avan&ccedil;ado com expans&atilde;o modular, assegurando um funcionamento sem falhas em aplica&ccedil;&otilde;es industriais, militares e de servi&ccedil;o no terreno. <\/p><p data-start=\"911\" data-end=\"1220\">Na <strong data-start=\"914\" data-end=\"930\">Micro Nordic<\/strong>, o <strong data-start=\"936\" data-end=\"945\">FZ-G2<\/strong> est&aacute; dispon&iacute;vel em v&aacute;rias configura&ccedil;&otilde;es &ndash; a <strong data-start=\"999\" data-end=\"1020\">vers&atilde;o<\/strong> mais recente <strong data-start=\"999\" data-end=\"1020\">MK3 (NOVO)<\/strong> e <strong data-start=\"1034\" data-end=\"1083\">as gera&ccedil;&otilde;es<\/strong> anteriores <strong data-start=\"1034\" data-end=\"1083\">MK1 e MK2 (Certificado de pr&eacute;-propriedade)<\/strong>. Isto d&aacute; aos clientes a liberdade de escolher entre um desempenho de ponta ou um valor excecional com a fiabilidade comprovada da Panasonic. NOVO ou CERTIFICADO PR&Eacute;-OPERADO, oferecendo flexibilidade para compradores preocupados com o desempenho e com o or&ccedil;amento. Os modelos NOVOS incluem uma <strong>garantia<\/strong> padr&atilde;o <strong>do fabricante de 3 anos<\/strong>, assegurando fiabilidade e suporte a longo prazo, enquanto as unidades PR&Eacute;-PROPRIET&Aacute;RIAS CERTIFICADAS v&ecirc;m com uma <strong>garantia de 12 meses<\/strong>, proporcionando um excelente valor apoiado por uma renova&ccedil;&atilde;o minuciosa e testes de qualidade.   <\/p><h2 data-start=\"1222\" data-end=\"1270\">Principais carater&iacute;sticas do Panasonic Toughbook FZ-G2<\/h2><ul data-start=\"1272\" data-end=\"2702\">\n<li data-start=\"1272\" data-end=\"1386\">\n<p data-start=\"1274\" data-end=\"1386\"><strong data-start=\"1274\" data-end=\"1297\">Design Fully Rugged<\/strong> &ndash; Certifica&ccedil;&atilde;o MIL-STD-810H e IP65; constru&iacute;do para resistir a quedas, &aacute;gua, p&oacute; e vibra&ccedil;&otilde;es.<\/p>\n<\/li>\n<li data-start=\"1387\" data-end=\"1506\">\n<p data-start=\"1389\" data-end=\"1506\">Ecr&atilde; <strong data-start=\"1389\" data-end=\"1414\">t&aacute;til QHD de 10,1&Prime;<\/strong> &ndash; Ecr&atilde; de 1<strong data-start=\"1389\" data-end=\"1414\">.<\/strong> 000 nits leg&iacute;vel &agrave; luz do sol com entrada para luva e caneta para utiliza&ccedil;&atilde;o no exterior.<\/p>\n<\/li>\n<li data-start=\"1507\" data-end=\"1692\">\n<p data-start=\"1509\" data-end=\"1692\"><strong data-start=\"1509\" data-end=\"1539\">Processadores Intel&reg; potentes<\/strong> &ndash; MK1-MK2 equipados com CPUs Intel&reg; Core&trade; i5\/i7 de 10&ordf; gera&ccedil;&atilde;o; MK3 atualizado para Intel&reg; Core&trade; i5\/i7 de 12&ordf; gera&ccedil;&atilde;o com desempenho e efici&ecirc;ncia energ&eacute;tica melhorados.<\/p>\n<\/li>\n<li data-start=\"1693\" data-end=\"1868\">\n<p data-start=\"1695\" data-end=\"1868\"><strong data-start=\"1695\" data-end=\"1720\">Compartimento de expans&atilde;o modular<\/strong> &ndash; Configur&aacute;vel para leitor de c&oacute;digo de barras, leitor de cart&atilde;o inteligente ou portas adicionais &ndash; tornando-o um dos tablets robustos mais personaliz&aacute;veis do mercado.<\/p>\n<\/li>\n<li data-start=\"1869\" data-end=\"2002\">\n<p data-start=\"1871\" data-end=\"2002\"><strong data-start=\"1871\" data-end=\"1902\">Suporte de teclado amov&iacute;vel<\/strong> &ndash; Transforma-se facilmente numa esta&ccedil;&atilde;o de trabalho 2 em 1 rugged quando emparelhado com a base de teclado opcional.<\/p>\n<\/li>\n<li data-start=\"2003\" data-end=\"2129\">\n<p data-start=\"2005\" data-end=\"2129\"><strong data-start=\"2005\" data-end=\"2030\">Conectividade avan&ccedil;ada<\/strong> &ndash; Wi-Fi 6, Bluetooth 5.1, 4G\/5G LTE opcional, GPS e portas antigas para compatibilidade universal.<\/p>\n<\/li>\n<li data-start=\"2130\" data-end=\"2239\">\n<p data-start=\"2132\" data-end=\"2239\"><strong data-start=\"2132\" data-end=\"2164\">Sistema de bateria com troca a quente<\/strong> &ndash; Permite um funcionamento ininterrupto durante turnos longos, mesmo no terreno.<\/p>\n<\/li>\n<li data-start=\"2240\" data-end=\"2362\">\n<p data-start=\"2242\" data-end=\"2362\"><strong data-start=\"2242\" data-end=\"2265\">Seguran&ccedil;a empresarial<\/strong> &ndash; TPM 2.0, Windows Hello, scanner de impress&otilde;es digitais e suporte opcional para cart&atilde;o inteligente ou leitor RFID.<\/p>\n<\/li>\n<li data-start=\"2363\" data-end=\"2556\">\n<p data-start=\"2365\" data-end=\"2556\"><strong data-start=\"2365\" data-end=\"2401\">Disponibilidade de produtos usados certificados<\/strong> &ndash; As unidades MK1 e MK2 recondicionadas profissionalmente s&atilde;o submetidas a testes exaustivos e &agrave; substitui&ccedil;&atilde;o de componentes, oferecendo um desempenho quase novo a um custo reduzido.<\/p>\n<\/li>\n<li data-start=\"2557\" data-end=\"2702\">\n<p data-start=\"2559\" data-end=\"2702\"><strong data-start=\"2559\" data-end=\"2595\">Compatibilidade com acess&oacute;rios<\/strong> anteriores &ndash; Suporta muitos acess&oacute;rios de modelos anteriores das s&eacute;ries FZ-G1 e CF, minimizando os custos de transi&ccedil;&atilde;o da frota.<\/p>\n<\/li>\n<\/ul><h2 data-start=\"2704\" data-end=\"2752\">Principais vantagens do Panasonic Toughbook FZ-G2<\/h2><h3 data-start=\"2754\" data-end=\"2795\">Constru&iacute;do para os ambientes mais adversos<\/h3><p data-start=\"2796\" data-end=\"3088\">O <strong data-start=\"2800\" data-end=\"2819\">Toughbook FZ-G2<\/strong> foi concebido para prosperar onde os tablets de consumo falham. Desde a resposta de emerg&ecirc;ncia &agrave; inspe&ccedil;&atilde;o industrial, proporciona um desempenho de miss&atilde;o cr&iacute;tica sob chuva, poeira e temperaturas extremas, enquanto a sua veda&ccedil;&atilde;o IP65 e o chassis de magn&eacute;sio rugged garantem uma durabilidade a longo prazo. <\/p><h3 data-start=\"3090\" data-end=\"3115\">Flexibilidade modular<\/h3><p data-start=\"3116\" data-end=\"3356\">Poucos tablets se equiparam &agrave; modularidade <strong data-start=\"3138\" data-end=\"3149\">do FZ-G2<\/strong>. Os seus compartimentos de expans&atilde;o permitem a personaliza&ccedil;&atilde;o no terreno, para que as empresas possam adicionar leitores de c&oacute;digos de barras, portas de s&eacute;rie ou leitores de cart&otilde;es inteligentes, dependendo do fluxo de trabalho &ndash; sem necessidade de substituir todo o dispositivo. <\/p><h3 data-start=\"3358\" data-end=\"3403\">Desempenho melhorado ao longo das gera&ccedil;&otilde;es<\/h3><p data-start=\"3404\" data-end=\"3676\">O modelo <strong data-start=\"3408\" data-end=\"3421\">MK3 (NOVO)<\/strong> introduz as CPUs de 12&ordf; gera&ccedil;&atilde;o da Intel, melhorando significativamente a efici&ecirc;ncia energ&eacute;tica e o multitasking. Entretanto, as vers&otilde;es <strong data-start=\"3532\" data-end=\"3567\">MK1 e MK2 certificadas como pr&eacute;-propriedade<\/strong> continuam a oferecer uma computa&ccedil;&atilde;o robusta a um custo inferior, o que as torna ideais para implementa&ccedil;&otilde;es que se preocupam com o or&ccedil;amento. <\/p><h3 data-start=\"3678\" data-end=\"3720\">Bateria de longa dura&ccedil;&atilde;o e facilidade de manuten&ccedil;&atilde;o<\/h3><p data-start=\"3721\" data-end=\"3956\">Com baterias hot-swap e baterias de alta capacidade opcionais, o <strong data-start=\"3794\" data-end=\"3803\">FZ-G2<\/strong> pode funcionar durante um dia inteiro de trabalho &ndash; e mais. Componentes como SSDs e baterias s&atilde;o substitu&iacute;veis pelo utilizador, aumentando a vida &uacute;til do produto e reduzindo o tempo de inatividade. <\/p><h3 data-start=\"3958\" data-end=\"3984\">Seguro e conectado<\/h3><p data-start=\"3985\" data-end=\"4175\">A seguran&ccedil;a integrada de n&iacute;vel empresarial mant&eacute;m os dados sens&iacute;veis protegidos, enquanto a conetividade sem fios moderna assegura uma comunica&ccedil;&atilde;o, captura de dados e acesso remoto sem falhas &ndash; mesmo no terreno.<\/p><h3 data-start=\"4177\" data-end=\"4206\">Op&ccedil;&otilde;es inteligentes de propriedade<\/h3><p data-start=\"4207\" data-end=\"4530\"><strong data-start=\"4207\" data-end=\"4223\">A Micro Nordic<\/strong> fornece o <strong data-start=\"4237\" data-end=\"4266\">Panasonic Toughbook FZ-G2<\/strong> como <em data-start=\"4275\" data-end=\"4280\">NOVO<\/em> (MK3) e <em data-start=\"4291\" data-end=\"4312\">CERTIFICADO PR&Eacute;-OPERADO<\/em> (MK1 &amp; MK2). Cada unidade de Pr&eacute;-propriedade Certificada &eacute; totalmente testada, renovada e verificada para proporcionar um elevado desempenho por uma fra&ccedil;&atilde;o do pre&ccedil;o original &ndash; uma escolha sustent&aacute;vel e econ&oacute;mica para utilizadores profissionais. <\/p><h2 data-start=\"4532\" data-end=\"4550\">Casos de utiliza&ccedil;&atilde;o ideais<\/h2><ul data-start=\"4552\" data-end=\"5079\">\n<li data-start=\"4552\" data-end=\"4647\">\n<p data-start=\"4554\" data-end=\"4647\"><strong data-start=\"4554\" data-end=\"4583\">Servi&ccedil;o de Campo e Utilidades<\/strong> &ndash; Fi&aacute;vel para inspe&ccedil;&atilde;o, manuten&ccedil;&atilde;o e gest&atilde;o de activos.<\/p>\n<\/li>\n<li data-start=\"4648\" data-end=\"4754\">\n<p data-start=\"4650\" data-end=\"4754\"><strong data-start=\"4650\" data-end=\"4688\">Seguran&ccedil;a p&uacute;blica e resposta a emerg&ecirc;ncias<\/strong> &ndash; Desempenho pronto para a miss&atilde;o para a pol&iacute;cia, bombeiros e equipas de salvamento.<\/p>\n<\/li>\n<li data-start=\"4755\" data-end=\"4871\">\n<p data-start=\"4757\" data-end=\"4871\"><strong data-start=\"4757\" data-end=\"4798\">Fabrico e opera&ccedil;&otilde;es industriais<\/strong> &ndash; Fiabilidade rugged com personaliza&ccedil;&atilde;o modular para processos no local.<\/p>\n<\/li>\n<li data-start=\"4872\" data-end=\"4973\">\n<p data-start=\"4874\" data-end=\"4973\"><strong data-start=\"4874\" data-end=\"4896\">Militar e Defesa<\/strong> &ndash; Desempenho comprovado em ambientes t&aacute;cticos e operacionais de elevada tens&atilde;o.<\/p>\n<\/li>\n<li data-start=\"4974\" data-end=\"5079\">\n<p data-start=\"4976\" data-end=\"5079\"><strong data-start=\"4976\" data-end=\"5001\">Transporte e Log&iacute;stica<\/strong> &ndash; Acesso a dados e navega&ccedil;&atilde;o simplificados em opera&ccedil;&otilde;es de frota e armaz&eacute;m.<\/p>\n<\/li>\n<\/ul><h2 data-start=\"5081\" data-end=\"5103\">Compara&ccedil;&otilde;es de produtos<\/h2><p data-start=\"5105\" data-end=\"5296\">O <strong data-start=\"5109\" data-end=\"5138\">Panasonic Toughbook FZ-G2<\/strong> oferece uma pot&ecirc;ncia de computa&ccedil;&atilde;o rugged num design compacto e modular. Para as organiza&ccedil;&otilde;es que est&atilde;o a comparar op&ccedil;&otilde;es, as alternativas relevantes dispon&iacute;veis na Micro Nordic incluem: <\/p><ul data-start=\"5298\" data-end=\"5670\">\n<li data-start=\"5298\" data-end=\"5421\">\n<p data-start=\"5300\" data-end=\"5421\"><a href=\"https:\/\/micronordic.com\/product\/panasonic-toughbook-cf-33\/\"><strong data-start=\"5300\" data-end=\"5339\">Panasonic Toughbook CF-33 <\/strong><\/a> &ndash; Um dispositivo 2-em-1 totalmente rugged com teclado amov&iacute;vel e um ecr&atilde; maior de 12&Prime;.<\/p>\n<\/li>\n<li data-start=\"5422\" data-end=\"5550\">\n<p data-start=\"5424\" data-end=\"5550\"><strong data-start=\"5424\" data-end=\"5458\"><a href=\"https:\/\/micronordic.com\/product\/getac-f110-touch-fully-rugged-tablet\/\">Getac F110 Fully Rugged Tablet<\/a><\/strong> &ndash; Um Tablet robusto de 11,6&Prime; que oferece um maior espa&ccedil;o no ecr&atilde; e um melhor desempenho da CPU.<\/p>\n<\/li>\n<li data-start=\"5551\" data-end=\"5670\">\n<p data-start=\"5553\" data-end=\"5670\"><a href=\"https:\/\/micronordic.com\/product\/zebra-et65-rugged-enterprise-tablet\/\"><strong data-start=\"5553\" data-end=\"5592\">Zebra ET65 Rugged Tablet<\/strong> <\/a>&ndash; Um Tablet Android de 12&Prime; rugged constru&iacute;do para conetividade e fluxos de trabalho ao ar livre.<\/p>\n<\/li>\n<\/ul>\n","protected":false},"excerpt":{"rendered":"<h3>Especifica\u00e7\u00f5es:<\/h3>\n<ul>\n<li><strong>Ecr\u00e3:<\/strong> Ecr\u00e3 t\u00e1til de 10,1\u2033 QHD (1920\u00d71200), 1.000 nits, compat\u00edvel com luvas e canetas<\/li>\n<li><strong>Processador:<\/strong> Intel\u00ae Core\u2122 i5 \/ i7 (10\u00aa-12\u00aa gera\u00e7\u00e3o, consoante a vers\u00e3o MK)<\/li>\n<li><strong>Gr\u00e1ficos:<\/strong> Gr\u00e1ficos integrados Intel\u00ae UHD \/ Iris\u00ae Xe<\/li>\n<li><strong>Mem\u00f3ria:<\/strong> 16 GB de RAM (modelo b\u00e1sico, atualiz\u00e1vel para 32 GB)<\/li>\n<li><strong>Armazenamento:<\/strong> SSD de 512 GB (modelo b\u00e1sico), atualiz\u00e1vel para 2 TB NVMe<\/li>\n<li><strong>Conectividade:<\/strong> Wi-Fi 6, Bluetooth 5.1, 4G\/5G LTE opcional, GPS, USB-C, HDMI, LAN<\/li>\n<li><strong>Certifica\u00e7\u00f5es robustas:<\/strong> MIL-STD-810H, classifica\u00e7\u00e3o IP65, teste de queda de 1,2 m<\/li>\n<li><strong>Seguran\u00e7a:<\/strong> TPM 2.0, leitor de impress\u00f5es digitais, Windows Hello, cart\u00e3o inteligente e op\u00e7\u00f5es RFID<\/li>\n<li><strong>Bateria:<\/strong> Baterias duplas de troca a quente, at\u00e9 18 horas de autonomia<\/li>\n<li><strong>Dimens\u00f5es e peso:<\/strong> 272 \u00d7 196 \u00d7 23,5 mm, aprox. 1,19 kg <\/li>\n<li><strong>Garantia:<\/strong> 3 anos de garantia (NOVO) ou 12 meses de garantia (Certificado Pr\u00e9-Owned)<\/li>\n<\/ul>\n","protected":false},"author":16,"featured_media":100095,"template":"","meta":{"_acf_changed":false,"inline_featured_image":false},"product-condition":[5248],"product_brand":[8979],"product_cat":[5211,5214,5210],"product_tag":[],"class_list":{"0":"post-46065","1":"product","2":"type-product","3":"status-publish","4":"has-post-thumbnail","6":"product-condition-new-in-box","7":"product_brand-panasonic","8":"product_cat-panasonic-toughbook","9":"product_cat-all-rugged-tablets","10":"product_cat-new-in-box-rugged-hardware","12":"first","13":"instock","14":"taxable","15":"shipping-taxable","16":"purchasable","17":"product-type-simple"},"acf":[],"_links":{"self":[{"href":"https:\/\/micronordic.com\/pt-pt\/wp-json\/wp\/v2\/product\/46065","targetHints":{"allow":["GET"]}}],"collection":[{"href":"https:\/\/micronordic.com\/pt-pt\/wp-json\/wp\/v2\/product"}],"about":[{"href":"https:\/\/micronordic.com\/pt-pt\/wp-json\/wp\/v2\/types\/product"}],"author":[{"embeddable":true,"href":"https:\/\/micronordic.com\/pt-pt\/wp-json\/wp\/v2\/users\/16"}],"version-history":[{"count":2,"href":"https:\/\/micronordic.com\/pt-pt\/wp-json\/wp\/v2\/product\/46065\/revisions"}],"predecessor-version":[{"id":98352,"href":"https:\/\/micronordic.com\/pt-pt\/wp-json\/wp\/v2\/product\/46065\/revisions\/98352"}],"wp:featuredmedia":[{"embeddable":true,"href":"https:\/\/micronordic.com\/pt-pt\/wp-json\/wp\/v2\/media\/100095"}],"wp:attachment":[{"href":"https:\/\/micronordic.com\/pt-pt\/wp-json\/wp\/v2\/media?parent=46065"}],"wp:term":[{"taxonomy":"product-condition","embeddable":true,"href":"https:\/\/micronordic.com\/pt-pt\/wp-json\/wp\/v2\/product-condition?post=46065"},{"taxonomy":"product_brand","embeddable":true,"href":"https:\/\/micronordic.com\/pt-pt\/wp-json\/wp\/v2\/product_brand?post=46065"},{"taxonomy":"product_cat","embeddable":true,"href":"https:\/\/micronordic.com\/pt-pt\/wp-json\/wp\/v2\/product_cat?post=46065"},{"taxonomy":"product_tag","embeddable":true,"href":"https:\/\/micronordic.com\/pt-pt\/wp-json\/wp\/v2\/product_tag?post=46065"}],"curies":[{"name":"wp","href":"https:\/\/api.w.org\/{rel}","templated":true}]}}