{"id":46063,"date":"2021-08-24T14:07:48","date_gmt":"2021-08-24T12:07:48","guid":{"rendered":"https:\/\/micronordic.com\/product\/computador-de-mao-movel-honeywell-intermec-ck75-recondicionado\/"},"modified":"2025-11-18T17:05:56","modified_gmt":"2025-11-18T16:05:56","slug":"honeywell-intermec-ck75-mobile-handheld-computer-refurbished","status":"publish","type":"product","link":"https:\/\/micronordic.com\/pt-pt\/product\/honeywell-intermec-ck75-mobile-handheld-computer-refurbished\/","title":{"rendered":"Honeywell CK75 Handheld Mobile Computer (EX-DEMO)"},"content":{"rendered":"<?xml encoding=\"utf-8\" ?><h2 data-start=\"306\" data-end=\"358\">Honeywell CK75 Handheld Mobile Computer (EX-DEMO)<\/h2><p data-start=\"360\" data-end=\"674\">O <strong data-start=\"364\" data-end=\"407\">Honeywell CK75 Handheld Mobile Computer<\/strong> &eacute; um dispositivo m&oacute;vel ultra-robusto concebido para ambientes industriais e log&iacute;sticos extremos. Compacto mas potente, combina digitaliza&ccedil;&atilde;o avan&ccedil;ada, op&ccedil;&otilde;es de sistema operativo flex&iacute;veis e durabilidade excecional para manter os trabalhadores produtivos nas condi&ccedil;&otilde;es mais adversas. <\/p><p>Na <strong data-start=\"679\" data-end=\"695\">Micro Nordic<\/strong>, o CK75 est&aacute; dispon&iacute;vel como <strong data-start=\"722\" data-end=\"739\">unidades EX-DEMO<\/strong>. Estes dispositivos foram brevemente utilizados para demonstra&ccedil;&otilde;es, profissionalmente renovados com novos pl&aacute;sticos e digitalizadores, totalmente testados e verificados quanto ao desempenho. S&atilde;o fornecidos com uma garantia de 12 meses, oferecendo &agrave;s empresas tecnologia rugged de primeira qualidade a um custo reduzido.  <\/p><h2 data-start=\"1030\" data-end=\"1067\">Principais carater&iacute;sticas do Honeywell CK75<\/h2><ul data-start=\"1069\" data-end=\"2250\">\n<li data-start=\"1069\" data-end=\"1186\">\n<p data-start=\"1071\" data-end=\"1186\"><strong data-start=\"1071\" data-end=\"1100\">Constru&ccedil;&atilde;o ultra-r&iacute;gida<\/strong> &ndash; Certifica&ccedil;&atilde;o IP67, testado contra quedas de 2,4 m (8 p&eacute;s) e constru&iacute;do para suportar 2.000 quedas.<\/p>\n<\/li>\n<li data-start=\"1187\" data-end=\"1304\">\n<p data-start=\"1189\" data-end=\"1304\"><strong data-start=\"1189\" data-end=\"1221\">Design compacto e leve<\/strong> &ndash; Aproximadamente 31% mais pequeno e mais leve do que os dispositivos port&aacute;teis ultra-resistentes compar&aacute;veis.<\/p>\n<\/li>\n<li data-start=\"1305\" data-end=\"1423\">\n<p data-start=\"1307\" data-end=\"1423\"><strong data-start=\"1307\" data-end=\"1337\">Sistemas operativos flex&iacute;veis<\/strong> &ndash; Suporta tanto o Windows Embedded Handheld 6.5 como o Android 6.0 para uma migra&ccedil;&atilde;o suave.<\/p>\n<\/li>\n<li data-start=\"1424\" data-end=\"1537\">\n<p data-start=\"1426\" data-end=\"1537\"><strong data-start=\"1426\" data-end=\"1454\">Imager 2D de alcance alargado<\/strong> &ndash; L&ecirc; c&oacute;digos de barras de curto a longo alcance, aumentando a precis&atilde;o e a produtividade.<\/p>\n<\/li>\n<li data-start=\"1538\" data-end=\"1664\">\n<p data-start=\"1540\" data-end=\"1664\"><strong data-start=\"1540\" data-end=\"1574\">Vers&atilde;o para armazenamento a frio dispon&iacute;vel<\/strong> &ndash; Ecr&atilde; aquecido opcional e janela de leitura para ambientes de congela&ccedil;&atilde;o e refrigera&ccedil;&atilde;o.<\/p>\n<\/li>\n<li data-start=\"1665\" data-end=\"1771\">\n<p data-start=\"1667\" data-end=\"1771\"><strong data-start=\"1667\" data-end=\"1692\">Conectividade sem fios<\/strong> &ndash; Wi-Fi de banda dupla (802.11 a\/b\/g\/n) e Bluetooth para uma comunica&ccedil;&atilde;o fi&aacute;vel.<\/p>\n<\/li>\n<li data-start=\"1772\" data-end=\"1882\">\n<p data-start=\"1774\" data-end=\"1882\"><strong data-start=\"1774\" data-end=\"1797\">Processador eficiente<\/strong> &ndash; Equipado com um processador dual-core de 1,5 GHz para um desempenho r&aacute;pido das aplica&ccedil;&otilde;es.<\/p>\n<\/li>\n<li data-start=\"1883\" data-end=\"1985\">\n<p data-start=\"1885\" data-end=\"1985\"><strong data-start=\"1885\" data-end=\"1910\">Bateria de alta capacidade<\/strong> &ndash; A bateria de i&otilde;es de l&iacute;tio de 5.200 mAh suporta a troca a quente para um funcionamento prolongado.<\/p>\n<\/li>\n<li data-start=\"1986\" data-end=\"2131\">\n<p data-start=\"1988\" data-end=\"2131\"><strong data-start=\"1988\" data-end=\"2032\">Digitaliza&ccedil;&atilde;o e captura de dados de n&iacute;vel empresarial<\/strong> &ndash; Imaginador EX25 Near\/Far opcional para m&aacute;xima flexibilidade em aplica&ccedil;&otilde;es de armaz&eacute;m e log&iacute;stica.<\/p>\n<\/li>\n<li data-start=\"2132\" data-end=\"2250\">\n<p data-start=\"2134\" data-end=\"2250\"><strong data-start=\"2134\" data-end=\"2157\">Recondicionado para durar<\/strong> &ndash; Todas as unidades EX-DEMO s&atilde;o actualizadas e testadas para garantir total funcionalidade e fiabilidade.<\/p>\n<\/li>\n<\/ul><h2 data-start=\"2252\" data-end=\"2289\">Principais vantagens do Honeywell CK75<\/h2><h3 data-start=\"2291\" data-end=\"2331\">Desempenho rugged a um custo mais baixo<\/h3><p data-start=\"2332\" data-end=\"2517\">Os dispositivos EX-DEMO oferecem a mesma durabilidade e desempenho dos modelos novos a um pre&ccedil;o significativamente reduzido. Cada unidade &eacute; totalmente restaurada e a sua qualidade &eacute; verificada por t&eacute;cnicos antes de ser revendida. <\/p><h3 data-start=\"2519\" data-end=\"2559\">Suporte vers&aacute;til para sistemas operativos<\/h3><p data-start=\"2560\" data-end=\"2719\">O CK75 pode funcionar tanto com Windows como com Android, o que o torna uma excelente escolha para empresas que est&atilde;o a fazer a transi&ccedil;&atilde;o para plataformas modernas sem perder a compatibilidade com o legado.<\/p><h3 data-start=\"2721\" data-end=\"2755\">Digitaliza&ccedil;&atilde;o fi&aacute;vel de longo alcance<\/h3><p data-start=\"2756\" data-end=\"2927\">O gerador de imagens de alcance alargado opcional permite uma leitura r&aacute;pida e precisa dos c&oacute;digos de barras, desde o contacto pr&oacute;ximo at&eacute; &agrave;s dist&acirc;ncias mais elevadas das prateleiras, aumentando a efici&ecirc;ncia das opera&ccedil;&otilde;es de armaz&eacute;m.<\/p><h3 data-start=\"2929\" data-end=\"2965\">Preparado para ambientes extremos<\/h3><p data-start=\"2966\" data-end=\"3128\">Com um selo IP67 e uma caixa robusta, o CK75 resiste ao p&oacute;, &agrave; humidade e &agrave;s quedas. A edi&ccedil;&atilde;o Cold Storage garante uma funcionalidade fi&aacute;vel mesmo em zonas de congela&ccedil;&atilde;o. <\/p><h3 data-start=\"3130\" data-end=\"3159\">Conectividade cont&iacute;nua<\/h3><p data-start=\"3160\" data-end=\"3313\">O Wi-Fi de banda dupla e o Bluetooth mant&ecirc;m os trabalhadores no terreno e no armaz&eacute;m ligados aos sistemas empresariais, garantindo a troca de dados em tempo real e a precis&atilde;o do fluxo de trabalho.<\/p><h3 data-start=\"3315\" data-end=\"3357\">Fiabilidade comprovada da Micro Nordic<\/h3><p data-start=\"3358\" data-end=\"3524\">Na <strong data-start=\"3361\" data-end=\"3377\">Micro Nordic<\/strong>, cada EX-DEMO Honeywell CK75 &eacute; renovado de acordo com normas rigorosas e est&aacute; pronto a ser utilizado com uma garantia renovada e uma extens&atilde;o de servi&ccedil;o opcional.<\/p><h2 data-start=\"374\" data-end=\"395\"><strong data-start=\"374\" data-end=\"393\">Casos de utiliza&ccedil;&atilde;o ideais<\/strong><\/h2><ul data-start=\"396\" data-end=\"923\">\n<li data-start=\"396\" data-end=\"491\">\n<p data-start=\"398\" data-end=\"491\"><strong data-start=\"398\" data-end=\"427\">Servi&ccedil;o de Campo e Utilidades<\/strong> &ndash; Fi&aacute;vel para inspe&ccedil;&atilde;o, manuten&ccedil;&atilde;o e gest&atilde;o de activos.<\/p>\n<\/li>\n<li data-start=\"492\" data-end=\"598\">\n<p data-start=\"494\" data-end=\"598\"><strong data-start=\"494\" data-end=\"532\">Seguran&ccedil;a p&uacute;blica e resposta a emerg&ecirc;ncias<\/strong> &ndash; Desempenho pronto para a miss&atilde;o para a pol&iacute;cia, bombeiros e equipas de salvamento.<\/p>\n<\/li>\n<li data-start=\"599\" data-end=\"715\">\n<p data-start=\"601\" data-end=\"715\"><strong data-start=\"601\" data-end=\"642\">Fabrico e opera&ccedil;&otilde;es industriais<\/strong> &ndash; Fiabilidade rugged com personaliza&ccedil;&atilde;o modular para processos no local.<\/p>\n<\/li>\n<li data-start=\"716\" data-end=\"817\">\n<p data-start=\"718\" data-end=\"817\"><strong data-start=\"718\" data-end=\"740\">Militar e Defesa<\/strong> &ndash; Desempenho comprovado em ambientes t&aacute;cticos e operacionais de elevada tens&atilde;o.<\/p>\n<\/li>\n<li data-start=\"818\" data-end=\"923\">\n<p data-start=\"820\" data-end=\"923\"><strong data-start=\"820\" data-end=\"845\">Transporte e Log&iacute;stica<\/strong> &ndash; Acesso a dados e navega&ccedil;&atilde;o simplificados em opera&ccedil;&otilde;es de frota e armaz&eacute;m<\/p>\n<\/li>\n<\/ul><h2 data-start=\"3750\" data-end=\"3772\">Compara&ccedil;&otilde;es de produtos<\/h2><p data-start=\"3774\" data-end=\"3968\">O <strong data-start=\"3778\" data-end=\"3796\">Honeywell CK75<\/strong> proporciona um desempenho ultra rugged para fluxos de trabalho industriais e log&iacute;sticos. Para as organiza&ccedil;&otilde;es que est&atilde;o a considerar alternativas, as op&ccedil;&otilde;es relevantes dispon&iacute;veis na Micro Nordic incluem: <\/p><ul data-start=\"3970\" data-end=\"4335\">\n<li data-start=\"3970\" data-end=\"4103\">\n<p data-start=\"3972\" data-end=\"4103\"><a href=\"https:\/\/micronordic.com\/product\/honeywell-ck65-mobile-handheld-computer-refurbished\/\"><strong data-start=\"3972\" data-end=\"4015\">Computador de m&atilde;o Honeywell CK65 <\/strong><\/a><strong data-start=\"3972\" data-end=\"4015\"><a href=\"https:\/\/micronordic.com\/product\/honeywell-ck65-mobile-handheld-computer-refurbished\/\">Computador m&oacute;vel<\/a><\/strong> &ndash; O sucessor moderno do CK75 com Android 10, CPU mais r&aacute;pida e suporte alargado.<\/p>\n<\/li>\n<li data-start=\"4104\" data-end=\"4215\">\n<p data-start=\"4106\" data-end=\"4215\"><a href=\"https:\/\/micronordic.com\/product\/zebra-tc58-handheld-mobile-computer\/\"><strong data-start=\"4106\" data-end=\"4143\">Zebra TC58 Handheld Mobile Computer<\/strong><\/a> &ndash; Um avan&ccedil;ado computador de m&atilde;o com Android pronto para 5G para fluxos de trabalho com uso intensivo de dados.<\/p>\n<\/li>\n<li data-start=\"4216\" data-end=\"4335\">\n<p data-start=\"4218\" data-end=\"4335\"><a href=\"http:\/\/tc52\" target=\"_blank\"><strong data-start=\"4218\" data-end=\"4258\">Zebra TC52 Handheld Mobile Computer<\/strong><\/a> &ndash; Um dispositivo antigo recondicionado, ideal para implanta&ccedil;&otilde;es robustas que se preocupam com o custo.<\/p>\n<\/li>\n<\/ul>\n","protected":false},"excerpt":{"rendered":"<p>SELECCIONE UMA VARIANTE ABAIXO! Contacte-nos se precisar de ajuda para encontrar a variante de produto certa. <\/p>\n<h3>Especifica\u00e7\u00f5es:<\/h3>\n<ul>\n<li><strong>Ecr\u00e3:<\/strong> Ecr\u00e3 t\u00e1til de 3,5\u2033 QVGA (480\u00d7640) leg\u00edvel \u00e0 luz do sol<\/li>\n<li><strong>Processador:<\/strong> 1,5 GHz dual-core TI OMAP 4470<\/li>\n<li><strong>Gr\u00e1ficos:<\/strong> Motor gr\u00e1fico integrado<\/li>\n<li><strong>Mem\u00f3ria:<\/strong> Expans\u00edvel atrav\u00e9s de microSD<\/li>\n<li><strong>Armazenamento:<\/strong> Flash interno + ranhura para microSD<\/li>\n<li><strong>Conectividade:<\/strong> Wi-Fi de banda dupla (802.11 a\/b\/g\/n), Bluetooth 4.x<\/li>\n<li><strong>Certifica\u00e7\u00f5es rugged:<\/strong> IP67, queda de 2,4 m, 2.000 tombos<\/li>\n<li><strong>Seguran\u00e7a:<\/strong> M\u00f3dulos de seguran\u00e7a Windows\/Android ao n\u00edvel do SO<\/li>\n<li>Bateria<strong>:<\/strong> Bateria de i\u00f5es de l\u00edtio de 5.200 mAh com permutador de calor<\/li>\n<li><strong>Dimens\u00f5es e peso:<\/strong> 237 \u00d7 80 \u00d7 50 mm, aprox. 584 g com bateria <\/li>\n<li><strong>Garantia:<\/strong> 12 meses de garantia EX-DEMO<\/li>\n<\/ul>\n<p><strong>Por favor, escolha o modelo correto abaixo, antes de o adicionar ao carrinho<\/strong><\/p>\n","protected":false},"author":16,"featured_media":61666,"template":"","meta":{"_acf_changed":false,"inline_featured_image":false},"product-condition":[5282],"product_brand":[8966],"product_cat":[5208,5213,5207],"product_tag":[4919,4878],"class_list":{"0":"post-46063","1":"product","2":"type-product","3":"status-publish","4":"has-post-thumbnail","6":"product-condition-ex-demo","7":"product_brand-honeywell-intermec","8":"product_cat-honeywell-intermec","9":"product_cat-all-barcode-scanners","10":"product_cat-refurbished-rugged-hardware","11":"product_tag-ck75-pt-pt","12":"product_tag-wrd-pt-pt","13":"pa_model-part-number-ck75aa6ec00a6400","14":"pa_model-part-number-ck75aa6ec00w1400","15":"pa_model-part-number-ck75aa6en00a6400","16":"pa_model-part-number-ck75aa6en00w1420","17":"pa_model-part-number-ck75ab6en00a6400","18":"pa_model-part-number-ck75ab6en00w1400","19":"pa_model-part-number-ck75ab6mn00a6400","20":"pa_model-part-number-ck75ab6mn00w1420","22":"first","23":"instock","24":"taxable","25":"shipping-taxable","26":"purchasable","27":"product-type-variable"},"acf":[],"_links":{"self":[{"href":"https:\/\/micronordic.com\/pt-pt\/wp-json\/wp\/v2\/product\/46063","targetHints":{"allow":["GET"]}}],"collection":[{"href":"https:\/\/micronordic.com\/pt-pt\/wp-json\/wp\/v2\/product"}],"about":[{"href":"https:\/\/micronordic.com\/pt-pt\/wp-json\/wp\/v2\/types\/product"}],"author":[{"embeddable":true,"href":"https:\/\/micronordic.com\/pt-pt\/wp-json\/wp\/v2\/users\/16"}],"version-history":[{"count":3,"href":"https:\/\/micronordic.com\/pt-pt\/wp-json\/wp\/v2\/product\/46063\/revisions"}],"predecessor-version":[{"id":98281,"href":"https:\/\/micronordic.com\/pt-pt\/wp-json\/wp\/v2\/product\/46063\/revisions\/98281"}],"wp:featuredmedia":[{"embeddable":true,"href":"https:\/\/micronordic.com\/pt-pt\/wp-json\/wp\/v2\/media\/61666"}],"wp:attachment":[{"href":"https:\/\/micronordic.com\/pt-pt\/wp-json\/wp\/v2\/media?parent=46063"}],"wp:term":[{"taxonomy":"product-condition","embeddable":true,"href":"https:\/\/micronordic.com\/pt-pt\/wp-json\/wp\/v2\/product-condition?post=46063"},{"taxonomy":"product_brand","embeddable":true,"href":"https:\/\/micronordic.com\/pt-pt\/wp-json\/wp\/v2\/product_brand?post=46063"},{"taxonomy":"product_cat","embeddable":true,"href":"https:\/\/micronordic.com\/pt-pt\/wp-json\/wp\/v2\/product_cat?post=46063"},{"taxonomy":"product_tag","embeddable":true,"href":"https:\/\/micronordic.com\/pt-pt\/wp-json\/wp\/v2\/product_tag?post=46063"}],"curies":[{"name":"wp","href":"https:\/\/api.w.org\/{rel}","templated":true}]}}