{"id":46051,"date":"2020-12-16T10:41:49","date_gmt":"2020-12-16T09:41:49","guid":{"rendered":"https:\/\/micronordic.com\/product\/cabo-honeywell-xenon-xp-1952g-com-suporte-novo\/"},"modified":"2025-11-18T17:09:34","modified_gmt":"2025-11-18T16:09:34","slug":"honeywell-xenon-xp-1952g-cable-w-stand","status":"publish","type":"product","link":"https:\/\/micronordic.com\/pt-pt\/product\/honeywell-xenon-xp-1952g-cable-w-stand\/","title":{"rendered":"Leitor port\u00e1til de c\u00f3digos de barras Honeywell Xenon XP 1952g (NOVO)"},"content":{"rendered":"<?xml encoding=\"utf-8\" ?><h2 data-start=\"483\" data-end=\"536\">Leitor port&aacute;til de c&oacute;digos de barras Honeywell Xenon XP 1952g<\/h2><p>O <strong data-start=\"542\" data-end=\"570\">Honeywell Xenon XP 1952g<\/strong> &eacute; um leitor de c&oacute;digos de barras port&aacute;til de elevado desempenho, concebido para uma leitura r&aacute;pida, fi&aacute;vel e sem fios em aplica&ccedil;&otilde;es de retalho, log&iacute;stica, cuidados de sa&uacute;de e industriais. Combinando tecnologia de imagem avan&ccedil;ada com conforto ergon&oacute;mico, garante precis&atilde;o e produtividade em qualquer ambiente. Dispon&iacute;vel agora na <strong data-start=\"873\" data-end=\"889\">Micro Nordic<\/strong> como uma unidade totalmente nova, o Xenon XP 1952g inclui um <strong data-start=\"941\" data-end=\"956\">suporte de cabo<\/strong> para uma opera&ccedil;&atilde;o flex&iacute;vel com as m&atilde;os livres &ndash; uma combina&ccedil;&atilde;o perfeita de mobilidade e estabilidade.  <\/p><p>Os produtos novos t&ecirc;m uma garantia do fabricante de 2 anos.<\/p><h2 data-start=\"1039\" data-end=\"1088\">Principais carater&iacute;sticas do Honeywell Xenon XP 1952g<\/h2><ul data-start=\"1089\" data-end=\"2083\">\n<li data-start=\"1089\" data-end=\"1221\">\n<p data-start=\"1091\" data-end=\"1221\"><strong data-start=\"1091\" data-end=\"1133\">Desempenho excecional de leitura 1D\/2D<\/strong> &ndash; Captura c&oacute;digos de barras danificados, desbotados ou mal impressos com uma precis&atilde;o l&iacute;der na ind&uacute;stria.<\/p>\n<\/li>\n<li data-start=\"1222\" data-end=\"1315\">\n<p data-start=\"1224\" data-end=\"1315\"><strong data-start=\"1224\" data-end=\"1244\">Liberdade sem fios<\/strong> &ndash; conetividade sem fios Bluetooth 5.0 com at&eacute; 30 metros de alcance.<\/p>\n<\/li>\n<li data-start=\"1316\" data-end=\"1439\">\n<p data-start=\"1318\" data-end=\"1439\"><strong data-start=\"1318\" data-end=\"1342\">Suporte de cabo inclu&iacute;do<\/strong> &ndash; Proporciona uma capacidade de leitura m&atilde;os-livres, ideal para balc&otilde;es de caixa e configura&ccedil;&otilde;es de esta&ccedil;&otilde;es de trabalho.<\/p>\n<\/li>\n<li data-start=\"1440\" data-end=\"1539\">\n<p data-start=\"1442\" data-end=\"1539\"><strong data-start=\"1442\" data-end=\"1468\">Design eficiente em termos de energia<\/strong> &ndash; Bateria de longa dura&ccedil;&atilde;o que suporta mais de 50.000 digitaliza&ccedil;&otilde;es por carga completa.<\/p>\n<\/li>\n<li data-start=\"1540\" data-end=\"1626\">\n<p data-start=\"1542\" data-end=\"1626\"><strong data-start=\"1542\" data-end=\"1561\">Constru&ccedil;&atilde;o ergon&oacute;mica<\/strong> &ndash; Punho leve e equilibrado para uma utiliza&ccedil;&atilde;o confort&aacute;vel e prolongada.<\/p>\n<\/li>\n<li data-start=\"1627\" data-end=\"1749\">\n<p data-start=\"1629\" data-end=\"1749\"><strong data-start=\"1629\" data-end=\"1653\">Constru&ccedil;&atilde;o dur&aacute;vel<\/strong> &ndash; classifica&ccedil;&atilde;o IP41 e teste de queda at&eacute; 1,8 metros para fiabilidade em ambientes industriais e de retalho.<\/p>\n<\/li>\n<li data-start=\"1750\" data-end=\"1850\">\n<p data-start=\"1752\" data-end=\"1850\"><strong data-start=\"1752\" data-end=\"1782\">Compatibilidade &agrave; prova de futuro<\/strong> &ndash; Integra&ccedil;&atilde;o perfeita com sistemas Windows&reg;, Android&trade; e iOS&trade;.<\/p>\n<\/li>\n<li data-start=\"1851\" data-end=\"1967\">\n<p data-start=\"1853\" data-end=\"1967\"><strong data-start=\"1853\" data-end=\"1875\">Op&ccedil;&otilde;es de base inteligente<\/strong> &ndash; Compat&iacute;vel com a base de carregamento e comunica&ccedil;&atilde;o da Honeywell para uma melhor gest&atilde;o dos dispositivos.<\/p>\n<\/li>\n<li data-start=\"1968\" data-end=\"2083\">\n<p data-start=\"1970\" data-end=\"2083\"><strong data-start=\"1970\" data-end=\"1990\">Modelos dispon&iacute;veis<\/strong> &ndash; Configura&ccedil;&otilde;es de alta densidade e de gama padr&atilde;o dispon&iacute;veis para satisfazer diversas necessidades de digitaliza&ccedil;&atilde;o.<\/p>\n<\/li>\n<\/ul><h2 data-start=\"2085\" data-end=\"2102\">Principais benef&iacute;cios<\/h2><h3 data-start=\"2104\" data-end=\"2135\">Precis&atilde;o e desempenho<\/h3><p data-start=\"2136\" data-end=\"2408\">A tecnologia de imagem avan&ccedil;ada da Honeywell garante que o Xenon XP 1952g efectua leituras r&aacute;pidas e precisas, mesmo quando os c&oacute;digos de barras est&atilde;o gastos, manchados ou em superf&iacute;cies curvas. Esta precis&atilde;o reduz o tempo de inatividade e melhora a produtividade em fluxos de trabalho de retalho, cuidados de sa&uacute;de e industriais. <\/p><h3 data-start=\"2410\" data-end=\"2460\">Liberdade sem fios com flexibilidade de m&atilde;os livres<\/h3><p data-start=\"2461\" data-end=\"2770\">Gra&ccedil;as &agrave; conetividade Bluetooth 5.0, os utilizadores podem mover-se livremente num raio de 30 metros da esta&ccedil;&atilde;o base, mantendo uma comunica&ccedil;&atilde;o est&aacute;vel. O <strong data-start=\"2611\" data-end=\"2626\">suporte para cabo<\/strong> inclu&iacute;do permite transi&ccedil;&otilde;es r&aacute;pidas entre a leitura port&aacute;til e a leitura m&atilde;os-livres, tornando-o ideal para ambientes h&iacute;bridos como caixas ou linhas de montagem. <\/p><h3 data-start=\"2772\" data-end=\"2807\">Design rugged e confort&aacute;vel<\/h3><p data-start=\"2808\" data-end=\"3096\">Apesar do seu tamanho compacto, o 1952g oferece uma durabilidade impressionante, sobrevivendo a quedas at&eacute; 1,8 metros e resistindo ao p&oacute; e &agrave; humidade. O design ergon&oacute;mico minimiza o esfor&ccedil;o, permitindo uma opera&ccedil;&atilde;o confort&aacute;vel durante longos turnos &ndash; uma carater&iacute;stica essencial em ambientes movimentados de retalho ou log&iacute;stica. <\/p><h3 data-start=\"3098\" data-end=\"3146\">Bateria de longa dura&ccedil;&atilde;o para funcionamento cont&iacute;nuo<\/h3><p data-start=\"3147\" data-end=\"3369\">Concebido para digitaliza&ccedil;&otilde;es de grande volume, o eficiente sistema de baterias do 1952g suporta mais de 50.000 digitaliza&ccedil;&otilde;es por carga. As baterias de reserva opcionais podem ser trocadas facilmente, assegurando um desempenho ininterrupto em ambientes de elevada procura. <\/p><h3 data-start=\"3371\" data-end=\"3404\">Integra&ccedil;&atilde;o perfeita do sistema<\/h3><p data-start=\"3405\" data-end=\"3666\">O scanner &eacute; compat&iacute;vel com todos os principais sistemas operativos e integra-se facilmente nas plataformas de gest&atilde;o de POS e de armaz&eacute;m. O software EZConfig da Honeywell simplifica a configura&ccedil;&atilde;o, enquanto as bases inteligentes melhoram a efici&ecirc;ncia do carregamento e da comunica&ccedil;&atilde;o em grandes implanta&ccedil;&otilde;es. <\/p><h2 data-start=\"3668\" data-end=\"3688\">Casos de utiliza&ccedil;&atilde;o ideais<\/h2><ul data-start=\"3689\" data-end=\"4210\">\n<li data-start=\"3689\" data-end=\"3798\">\n<p data-start=\"3691\" data-end=\"3798\"><strong data-start=\"3691\" data-end=\"3717\">Retalho e ponto de venda<\/strong> &ndash; Digitaliza&ccedil;&atilde;o eficiente e m&atilde;os-livres com suporte de cabo inclu&iacute;do para caixas r&aacute;pidas.<\/p>\n<\/li>\n<li data-start=\"3799\" data-end=\"3906\">\n<p data-start=\"3801\" data-end=\"3906\"><strong data-start=\"3801\" data-end=\"3826\">Armaz&eacute;m e Log&iacute;stica<\/strong> &ndash; Digitaliza&ccedil;&atilde;o fi&aacute;vel de embalagens e etiquetas de invent&aacute;rio em grandes instala&ccedil;&otilde;es.<\/p>\n<\/li>\n<li data-start=\"3907\" data-end=\"3999\">\n<p data-start=\"3909\" data-end=\"3999\"><strong data-start=\"3909\" data-end=\"3926\">Fabrico<\/strong> &ndash; Desempenho robusto para digitaliza&ccedil;&atilde;o de linhas de produ&ccedil;&atilde;o e controlo de qualidade.<\/p>\n<\/li>\n<li data-start=\"4000\" data-end=\"4104\">\n<p data-start=\"4002\" data-end=\"4104\"><strong data-start=\"4002\" data-end=\"4016\">Cuidados de sa&uacute;de<\/strong> &ndash; Leitura exacta e sem fios de pulseiras e etiquetas de medicamentos para seguran&ccedil;a dos doentes.<\/p>\n<\/li>\n<li data-start=\"4105\" data-end=\"4210\">\n<p data-start=\"4107\" data-end=\"4210\"><strong data-start=\"4107\" data-end=\"4136\">Servi&ccedil;os de Campo e Utilit&aacute;rios<\/strong> &ndash; Flexibilidade sem fios para digitalizar activos e documenta&ccedil;&atilde;o em movimento.<\/p>\n<\/li>\n<\/ul><h2 data-start=\"824\" data-end=\"848\">Compara&ccedil;&otilde;es de produtos<\/h2><p data-start=\"849\" data-end=\"1042\">O Honeywell Xenon XP 1952g oferece um desempenho de digitaliza&ccedil;&atilde;o e flexibilidade l&iacute;deres no sector. Para empresas que estejam a comparar outras op&ccedil;&otilde;es de digitaliza&ccedil;&atilde;o rugged e sem fios na <strong data-start=\"1013\" data-end=\"1029\">Micro Nordic<\/strong>, considere: <\/p><ul data-start=\"1043\" data-end=\"1443\">\n<li data-start=\"1043\" data-end=\"1173\">\n<p data-start=\"1045\" data-end=\"1173\"><a href=\"https:\/\/micronordic.com\/product\/honeywell-granit-1981i-bt-w-cradle\/\"><strong data-start=\"1045\" data-end=\"1071\">Honeywell Granit 1981i<\/strong> <\/a>&ndash; Um scanner sem fios de longo alcance ultra-robusto concebido para armaz&eacute;ns e condi&ccedil;&otilde;es industriais adversas.<\/p>\n<\/li>\n<li data-start=\"1174\" data-end=\"1293\">\n<p data-start=\"1176\" data-end=\"1293\"><a href=\"https:\/\/micronordic.com\/product\/honeywell-granit-1980i-cable-ex-stand\/\"><strong data-start=\"1176\" data-end=\"1202\">Honeywell Granit 1980i<\/strong> <\/a>&ndash; Uma variante com fios que oferece extrema durabilidade e alcance de digitaliza&ccedil;&atilde;o para esta&ccedil;&otilde;es de trabalho fixas.<\/p>\n<\/li>\n<li data-start=\"1294\" data-end=\"1443\">\n<p data-start=\"1296\" data-end=\"1443\"><strong data-start=\"1296\" data-end=\"1332\"><a href=\"https:\/\/micronordic.com\/product\/honeywell-granit-1911i-ig-cordless-w-base\/\">Honeywell Granit 1911i<\/a> <\/strong> &ndash; Um scanner industrial sem fios antigo dispon&iacute;vel remodelado, que oferece um forte desempenho a um custo reduzido.<\/p>\n<\/li>\n<\/ul>\n","protected":false},"excerpt":{"rendered":"<h3>Especifica\u00e7\u00f5es:<\/h3>\n<ul>\n<li><strong>Ecr\u00e3:<\/strong> N\/A (leitor port\u00e1til de c\u00f3digos de barras)<\/li>\n<li><strong>Conectividade:<\/strong> Bluetooth 5.0 (at\u00e9 30 m de alcance); suporte para cabo inclu\u00eddo; compat\u00edvel com Honeywell Charge &amp; Communication Base; compat\u00edvel com Windows, Android, iOS<\/li>\n<li><strong>Certifica\u00e7\u00f5es robustas:<\/strong> IP41; queda testada at\u00e9 1,8 m<\/li>\n<li><strong>Seguran\u00e7a:<\/strong> Modos padr\u00e3o de emparelhamento\/autentica\u00e7\u00e3o Bluetooth<\/li>\n<li><strong>Bateria:<\/strong> Mais de 50.000 digitaliza\u00e7\u00f5es por carga completa; substitu\u00edvel pelo utilizador<\/li>\n<li><strong>Dimens\u00f5es e peso:<\/strong> port\u00e1til, compacto e leve<\/li>\n<li><strong>Garantia: <\/strong>Os novos produtos t\u00eam uma garantia do fabricante de 2 anos.<\/li>\n<\/ul>\n","protected":false},"author":16,"featured_media":61103,"template":"","meta":{"_acf_changed":false,"inline_featured_image":false},"product-condition":[5248],"product_brand":[8966],"product_cat":[5208,5213,5210],"product_tag":[4878],"class_list":{"0":"post-46051","1":"product","2":"type-product","3":"status-publish","4":"has-post-thumbnail","6":"product-condition-new-in-box","7":"product_brand-honeywell-intermec","8":"product_cat-honeywell-intermec","9":"product_cat-all-barcode-scanners","10":"product_cat-new-in-box-rugged-hardware","11":"product_tag-wrd-pt-pt","13":"first","14":"instock","15":"taxable","16":"shipping-taxable","17":"purchasable","18":"product-type-simple"},"acf":[],"_links":{"self":[{"href":"https:\/\/micronordic.com\/pt-pt\/wp-json\/wp\/v2\/product\/46051","targetHints":{"allow":["GET"]}}],"collection":[{"href":"https:\/\/micronordic.com\/pt-pt\/wp-json\/wp\/v2\/product"}],"about":[{"href":"https:\/\/micronordic.com\/pt-pt\/wp-json\/wp\/v2\/types\/product"}],"author":[{"embeddable":true,"href":"https:\/\/micronordic.com\/pt-pt\/wp-json\/wp\/v2\/users\/16"}],"version-history":[{"count":3,"href":"https:\/\/micronordic.com\/pt-pt\/wp-json\/wp\/v2\/product\/46051\/revisions"}],"predecessor-version":[{"id":98286,"href":"https:\/\/micronordic.com\/pt-pt\/wp-json\/wp\/v2\/product\/46051\/revisions\/98286"}],"wp:featuredmedia":[{"embeddable":true,"href":"https:\/\/micronordic.com\/pt-pt\/wp-json\/wp\/v2\/media\/61103"}],"wp:attachment":[{"href":"https:\/\/micronordic.com\/pt-pt\/wp-json\/wp\/v2\/media?parent=46051"}],"wp:term":[{"taxonomy":"product-condition","embeddable":true,"href":"https:\/\/micronordic.com\/pt-pt\/wp-json\/wp\/v2\/product-condition?post=46051"},{"taxonomy":"product_brand","embeddable":true,"href":"https:\/\/micronordic.com\/pt-pt\/wp-json\/wp\/v2\/product_brand?post=46051"},{"taxonomy":"product_cat","embeddable":true,"href":"https:\/\/micronordic.com\/pt-pt\/wp-json\/wp\/v2\/product_cat?post=46051"},{"taxonomy":"product_tag","embeddable":true,"href":"https:\/\/micronordic.com\/pt-pt\/wp-json\/wp\/v2\/product_tag?post=46051"}],"curies":[{"name":"wp","href":"https:\/\/api.w.org\/{rel}","templated":true}]}}