{"id":46041,"date":"2020-10-06T15:08:54","date_gmt":"2020-10-06T13:08:54","guid":{"rendered":"https:\/\/micronordic.com\/product\/dell-latitude-14-rugged-extreme-7424-novo\/"},"modified":"2025-11-18T17:57:58","modified_gmt":"2025-11-18T16:57:58","slug":"dell-latitude-14-rugged-extreme-7424-i7","status":"publish","type":"product","link":"https:\/\/micronordic.com\/pt-pt\/product\/dell-latitude-14-rugged-extreme-7424-i7\/","title":{"rendered":"Dell Latitude 7424 Rugged Extreme (PR\u00c9-OPERADO)"},"content":{"rendered":"<?xml encoding=\"utf-8\" ?><h2 data-start=\"0\" data-end=\"36\">Dell Latitude 7424 Rugged Extreme (certificado como pr&eacute;-propriedade)<\/h2><p data-start=\"38\" data-end=\"628\">O <strong data-start=\"42\" data-end=\"79\">Dell Latitude 7424 Rugged Extreme<\/strong> &eacute; um laptop <strong data-start=\"98\" data-end=\"109\">Windows<\/strong> totalmente robusto, concebido para equipas que trabalham onde os notebooks de consumo falham &ndash; no ch&atilde;o de f&aacute;brica, em ve&iacute;culos, em dep&oacute;sitos e em locais ao ar livre. Concebido para suportar vibra&ccedil;&otilde;es, poeira, humidade e transporte frequente, combina uma constru&ccedil;&atilde;o duradoura com um desempenho de resposta r&aacute;pida, E\/S forte e capacidade de manuten&ccedil;&atilde;o pronta para a frota. Para as organiza&ccedil;&otilde;es que pretendem um dispositivo de campo fi&aacute;vel, o <strong data-start=\"482\" data-end=\"519\">Dell Latitude 7424 Rugged Extreme<\/strong> oferece a combina&ccedil;&atilde;o de tempo de funcionamento, ergonomia e capacidade de gest&atilde;o necess&aacute;ria para turnos longos e tarefas de miss&atilde;o cr&iacute;tica.  <\/p><p data-start=\"38\" data-end=\"628\">Quer esteja a atualizar uma frota envelhecida ou a expandir a capacidade para opera&ccedil;&otilde;es sazonais, o <strong data-start=\"722\" data-end=\"759\">Dell Latitude 7424 Rugged Extreme<\/strong> proporciona a facilidade de utiliza&ccedil;&atilde;o familiar de um laptop com a capacidade de sobreviv&ecirc;ncia de uma ferramenta de campo criada para fins espec&iacute;ficos &ndash; pronta para implementa&ccedil;&otilde;es r&aacute;pidas, manuten&ccedil;&atilde;o f&aacute;cil e forma&ccedil;&atilde;o consistente de utilizadores em todas as fun&ccedil;&otilde;es. <strong>As<\/strong> nossas <strong>unidades certificadas como pr&eacute;-propriedade s&atilde;o fornecidas com uma garantia de 12 meses.<\/strong> <\/p><h2 data-start=\"945\" data-end=\"1001\">Principais carater&iacute;sticas do Dell Latitude 7424 Rugged Extreme<\/h2><ul data-start=\"1002\" data-end=\"2767\">\n<li data-start=\"1002\" data-end=\"1213\">\n<p data-start=\"1004\" data-end=\"1213\"><strong data-start=\"1004\" data-end=\"1014\">Chassis robusto<\/strong> &ndash; O design Fully <strong data-start=\"1004\" data-end=\"1014\">Rugged<\/strong> resiste a choques di&aacute;rios, vibra&ccedil;&atilde;o, poeira e humidade durante o transporte, montagem em ve&iacute;culos e trabalho no local, protegendo os componentes internos atrav&eacute;s de ciclos de trabalho exigentes.<\/p>\n<\/li>\n<li data-start=\"1214\" data-end=\"1426\">\n<p data-start=\"1216\" data-end=\"1426\"><strong>Op&ccedil;&otilde;es de ecr&atilde;<\/strong> <strong data-start=\"1216\" data-end=\"1237\">leg&iacute;veis &agrave; luz do sol<\/strong> &ndash; Os pain&eacute;is que podem ser utilizados no exterior mant&ecirc;m os pain&eacute;is de controlo, formul&aacute;rios e esquemas leg&iacute;veis com luz mista; as configura&ccedil;&otilde;es t&aacute;cteis suportam a utiliza&ccedil;&atilde;o de luvas em modelos selecionados para uma introdu&ccedil;&atilde;o precisa no terreno.<\/p>\n<\/li>\n<li data-start=\"1427\" data-end=\"1613\">\n<p data-start=\"1429\" data-end=\"1613\"><strong data-start=\"1429\" data-end=\"1443\">Desempenho reativo<\/strong> &ndash; Os processadores multi-core de classe empresarial e o r&aacute;pido armazenamento NVMe mant&ecirc;m os diagn&oacute;sticos, o suporte remoto, os visualizadores CAD e as aplica&ccedil;&otilde;es de escrit&oacute;rio a funcionar sem problemas em todos os turnos.<\/p>\n<\/li>\n<li data-start=\"1614\" data-end=\"1789\">\n<p data-start=\"1616\" data-end=\"1789\"><strong data-start=\"1616\" data-end=\"1631\">Design atualiz&aacute;vel<\/strong> &ndash; Os compartimentos acess&iacute;veis para mem&oacute;ria e armazenamento aumentam o valor do ciclo de vida e permitem &agrave;s TI ajustar as configura&ccedil;&otilde;es ou trocar pe&ccedil;as rapidamente para manter as unidades em funcionamento.<\/p>\n<\/li>\n<li data-start=\"1790\" data-end=\"1977\">\n<p data-start=\"1792\" data-end=\"1977\"><strong>Conectividade<\/strong> <strong data-start=\"1792\" data-end=\"1802\">moderna<\/strong> &ndash; Wi-Fi e Bluetooth fi&aacute;veis para tarefas no local, com banda larga m&oacute;vel e GNSS opcionais para manter o fluxo de dados e a precis&atilde;o da localiza&ccedil;&atilde;o longe de redes fixas.<\/p>\n<\/li>\n<li data-start=\"1978\" data-end=\"2178\">\n<p data-start=\"1980\" data-end=\"2178\"><strong>E\/S<\/strong> <strong data-start=\"1980\" data-end=\"1994\">de alta velocidade<\/strong> <strong>e ancoragem<\/strong> &ndash; A rica sele&ccedil;&atilde;o de portas e as robustas ancoragens de secret&aacute;ria\/ve&iacute;culo simplificam o carregamento, a utiliza&ccedil;&atilde;o de perif&eacute;ricos (impressoras, scanners, instrumentos) e as transfer&ecirc;ncias r&aacute;pidas entre o campo e o escrit&oacute;rio.<\/p>\n<\/li>\n<li data-start=\"2179\" data-end=\"2378\">\n<p data-start=\"2181\" data-end=\"2378\"><strong>Seguran&ccedil;a<\/strong> <strong data-start=\"2181\" data-end=\"2195\">empresarial<\/strong> <strong>e capacidade de gest&atilde;o<\/strong> &ndash; As protec&ccedil;&otilde;es suportadas por hardware e as v&aacute;rias op&ccedil;&otilde;es de autentica&ccedil;&atilde;o est&atilde;o alinhadas com as pol&iacute;ticas empresariais; a cria&ccedil;&atilde;o de imagens consistentes mant&eacute;m as implementa&ccedil;&otilde;es uniformes entre as equipas.<\/p>\n<\/li>\n<li data-start=\"2379\" data-end=\"2578\">\n<p data-start=\"2381\" data-end=\"2578\"><strong>Layout<\/strong> <strong data-start=\"2381\" data-end=\"2396\">repar&aacute;vel<\/strong> &ndash; Os componentes acess&iacute;veis por ferramentas e as baterias modulares ajudam a reduzir o tempo de inatividade; as pe&ccedil;as substitu&iacute;veis no terreno suportam um custo total de propriedade previs&iacute;vel em compara&ccedil;&atilde;o com os dispositivos de consumo selados.<\/p>\n<\/li>\n<li data-start=\"2579\" data-end=\"2767\">\n<p data-start=\"2581\" data-end=\"2767\"><strong>Ecossistema<\/strong> <strong data-start=\"2581\" data-end=\"2594\">de acess&oacute;rios<\/strong> &ndash; Solu&ccedil;&otilde;es de transporte, baterias sobresselentes, carregadores e complementos de captura de dados adaptam o laptop a cada fun&ccedil;&atilde;o &ndash; desde t&eacute;cnicos e inspectores a supervisores e despachantes.<\/p>\n<\/li>\n<\/ul><h2 data-start=\"2769\" data-end=\"2825\">Principais vantagens do Dell Latitude 7424 Rugged Extreme<\/h2><h3 data-start=\"2827\" data-end=\"2866\">Constru&iacute;do para os ambientes mais adversos<\/h3><p data-start=\"2867\" data-end=\"3064\">Uma constru&ccedil;&atilde;o Fully Rugged resiste a vibra&ccedil;&otilde;es, poeiras, humidade e quedas comuns &agrave; montagem em ve&iacute;culos e a desloca&ccedil;&otilde;es frequentes entre locais, ajudando as equipas a manterem-se produtivas com menos interrup&ccedil;&otilde;es relacionadas com os dispositivos.<\/p><h3 data-start=\"3066\" data-end=\"3106\">Ergonomia do laptop, flexibilidade no terreno<\/h3><p data-start=\"3107\" data-end=\"3307\">Um espa&ccedil;o de trabalho <strong data-start=\"3116\" data-end=\"3127\">Windows<\/strong> brilhante, um teclado t&aacute;til e uma introdu&ccedil;&atilde;o precisa reduzem os erros ao rever planos e introduzir dados em espa&ccedil;os apertados ou com ilumina&ccedil;&atilde;o mista &ndash; na bancada, na cabina ou no local de trabalho.<\/p><h3 data-start=\"3309\" data-end=\"3343\">Energia que dura o dia inteiro<\/h3><p data-start=\"3344\" data-end=\"3532\">As op&ccedil;&otilde;es flex&iacute;veis de bateria &ndash; incluindo pacotes substitu&iacute;veis em configura&ccedil;&otilde;es selecionadas &ndash; ajudam a manter as sess&otilde;es de aplica&ccedil;&atilde;o durante as mudan&ccedil;as de turno e chamadas prolongadas, minimizando os rein&iacute;cios e a perda de trabalho.<\/p><h3 data-start=\"3534\" data-end=\"3573\">Conectividade e fluxo de dados sem falhas<\/h3><p data-start=\"3574\" data-end=\"3790\">As s&oacute;lidas op&ccedil;&otilde;es sem fios e a ancoragem de ve&iacute;culo\/escrivaninha mant&ecirc;m os bilhetes, registos, fotografias e provas sincronizados em segundo plano. Os supervisores v&ecirc;em actualiza&ccedil;&otilde;es atempadas enquanto as equipas se deslocam entre o escrit&oacute;rio, ve&iacute;culos e locais remotos. <\/p><h3 data-start=\"3792\" data-end=\"3812\">Pronto para as frotas<\/h3><p data-start=\"3813\" data-end=\"4026\">A cria&ccedil;&atilde;o consistente de imagens, a autentica&ccedil;&atilde;o segura e o acesso r&aacute;pido ao servi&ccedil;o reduzem o custo total de propriedade. As TI podem normalizar as implementa&ccedil;&otilde;es, trocar pe&ccedil;as rapidamente e manter as unidades de miss&atilde;o cr&iacute;tica em rota&ccedil;&atilde;o com o m&iacute;nimo de interrup&ccedil;&otilde;es. <\/p><h2 data-start=\"4028\" data-end=\"4046\">Casos de utiliza&ccedil;&atilde;o ideais<\/h2><ul data-start=\"4047\" data-end=\"4726\">\n<li data-start=\"4047\" data-end=\"4189\">\n<p data-start=\"4049\" data-end=\"4189\"><strong data-start=\"4049\" data-end=\"4079\">Seguran&ccedil;a p&uacute;blica e administra&ccedil;&atilde;o p&uacute;blica<\/strong> &ndash; Elabora&ccedil;&atilde;o de relat&oacute;rios, acesso a CAD\/AVL, tratamento de provas e comunica&ccedil;&otilde;es seguras em ve&iacute;culos e nas esta&ccedil;&otilde;es.<\/p>\n<\/li>\n<li data-start=\"4190\" data-end=\"4333\">\n<p data-start=\"4192\" data-end=\"4333\"><strong data-start=\"4192\" data-end=\"4221\">Servi&ccedil;o no terreno e servi&ccedil;os p&uacute;blicos<\/strong> &ndash; Diagn&oacute;stico de activos, configura&ccedil;&atilde;o e actualiza&ccedil;&otilde;es de ordens de trabalho em arm&aacute;rios, postes, subesta&ccedil;&otilde;es e locais remotos.<\/p>\n<\/li>\n<li data-start=\"4334\" data-end=\"4454\">\n<p data-start=\"4336\" data-end=\"4454\"><strong data-start=\"4336\" data-end=\"4366\">Fabrico e Ind&uacute;stria<\/strong> &ndash; Acesso HMI, acompanhamento WIP, procedimentos de manuten&ccedil;&atilde;o e controlos de qualidade junto &agrave; linha.<\/p>\n<\/li>\n<li data-start=\"4455\" data-end=\"4586\">\n<p data-start=\"4457\" data-end=\"4586\"><strong data-start=\"4457\" data-end=\"4487\">Transporte e log&iacute;stica<\/strong> &ndash; Coordena&ccedil;&atilde;o de estaleiros, encaminhamento, reconcilia&ccedil;&atilde;o de invent&aacute;rio e manuseamento de etiquetas\/documentos em movimento.<\/p>\n<\/li>\n<li data-start=\"4587\" data-end=\"4726\">\n<p data-start=\"4589\" data-end=\"4726\"><strong data-start=\"4589\" data-end=\"4614\">Energia e Constru&ccedil;&atilde;o<\/strong> &ndash; Revis&atilde;o de planos, dados de inspe&ccedil;&atilde;o, listas de pend&ecirc;ncias e documenta&ccedil;&atilde;o do local onde a poeira, a vibra&ccedil;&atilde;o e o clima s&atilde;o rotina.<\/p>\n<\/li>\n<\/ul><h2 data-start=\"4728\" data-end=\"4792\">Compara&ccedil;&otilde;es de produtos para o Dell Latitude 7424 Rugged Extreme<\/h2><ul data-start=\"4793\" data-end=\"5386\">\n<li data-start=\"4793\" data-end=\"5006\">\n<p data-start=\"4795\" data-end=\"5006\"><a href=\"https:\/\/micronordic.com\/product\/getac-b360-g2-fully-rugged-laptop\/\"><strong data-start=\"4795\" data-end=\"4809\">Getac B360<\/strong><\/a> &ndash; Escolha <strong data-start=\"4819\" data-end=\"4827\">o B360<\/strong> quando &eacute; necess&aacute;ria a m&aacute;xima capacidade de sobreviv&ecirc;ncia rugged e uma concha tradicional; escolha o <strong data-start=\"4911\" data-end=\"4948\">Dell Latitude 7424 Rugged Extreme<\/strong> para obter o alinhamento com o ecossistema Dell e uma forte capacidade de manuten&ccedil;&atilde;o.<\/p>\n<\/li>\n<li data-start=\"5007\" data-end=\"5211\">\n<p data-start=\"5009\" data-end=\"5211\"><a href=\"https:\/\/micronordic.com\/product\/panasonic-toughbook-fz-55\/\"><strong data-start=\"5009\" data-end=\"5035\">Panasonic Toughbook 55<\/strong><\/a> &ndash; Escolha <strong data-start=\"5043\" data-end=\"5059\">o Toughbook 55<\/strong> se a expans&atilde;o da ba&iacute;a modular for uma prioridade; escolha o <strong data-start=\"5105\" data-end=\"5142\">Dell Latitude 7424 Rugged Extreme<\/strong> para uma pilha de gest&atilde;o familiar da Dell e actualiza&ccedil;&otilde;es simples.<\/p>\n<\/li>\n<li data-start=\"5212\" data-end=\"5386\">\n<p data-start=\"5214\" data-end=\"5386\"><a href=\"https:\/\/micronordic.com\/product\/getac-s410-g5-semi-rugged-notebook\/\"><strong data-start=\"5214\" data-end=\"5231\">Getac S410 G5<\/strong><\/a> &ndash; Selecione <strong data-start=\"5241\" data-end=\"5252\">o S410 G5<\/strong> para uma op&ccedil;&atilde;o Semi-Rugged, mais leve; selecione o <strong data-start=\"5301\" data-end=\"5338\">Dell Latitude 7424 Rugged Extreme<\/strong> quando a durabilidade Fully <strong data-start=\"5301\" data-end=\"5338\">Rugged<\/strong> n&atilde;o for negoci&aacute;vel.<\/p>\n<\/li>\n<\/ul>\n","protected":false},"excerpt":{"rendered":"<h3>Especifica\u00e7\u00f5es:<\/h3>\n<ul>\n<li><strong>Ecr\u00e3:<\/strong> Classe 14\u2033, utiliz\u00e1vel no exterior; op\u00e7\u00f5es t\u00e1cteis (com capacidade para luvas em configura\u00e7\u00f5es selecionadas)<\/li>\n<li><strong>Processador:<\/strong> Plataforma Intel\u00ae Core\u2122 de classe empresarial (dependente do modelo)<\/li>\n<li><strong>Gr\u00e1ficos:<\/strong> Integrada; op\u00e7\u00f5es discretas em configura\u00e7\u00f5es selecionadas<\/li>\n<li><strong>Mem\u00f3ria:<\/strong> 8 GB DDR4; atualiz\u00e1vel at\u00e9 64 GB<\/li>\n<li><strong>Armazenamento:<\/strong> 256 SSD NVMe; atualiz\u00e1vel at\u00e9 2 TB<\/li>\n<li><strong>Conectividade:<\/strong> Wi-Fi, Bluetooth; WWAN e GNSS opcionais; base de liga\u00e7\u00e3o para secret\u00e1ria\/ve\u00edculo; E\/S avan\u00e7ada (USB, HDMI\/DisplayPort, Ethernet)<\/li>\n<li><strong>Certifica\u00e7\u00f5es rugged:<\/strong> Design Fully Rugged com testes MIL-STD e prote\u00e7\u00e3o de entrada (dependente do modelo)<\/li>\n<li><strong>Seguran\u00e7a:<\/strong> Prote\u00e7\u00e3o suportada por hardware com op\u00e7\u00f5es de autentica\u00e7\u00e3o empresarial<\/li>\n<li><strong>Bateria:<\/strong> Baterias de longa dura\u00e7\u00e3o; substitu\u00edveis em configura\u00e7\u00f5es selecionadas<\/li>\n<li><strong>Dimens\u00f5es e peso:<\/strong> Classe de laptop Rugged 14\u2033 (varia consoante a configura\u00e7\u00e3o)<\/li>\n<li><strong>Garantia:<\/strong> 12 meses de garantia da Micro Nordic<\/li>\n<\/ul>\n","protected":false},"author":16,"featured_media":99726,"template":"","meta":{"_acf_changed":false,"inline_featured_image":false},"product-condition":[5281],"product_brand":[8943],"product_cat":[5205,5212],"product_tag":[],"class_list":{"0":"post-46041","1":"product","2":"type-product","3":"status-publish","4":"has-post-thumbnail","6":"product-condition-pre-owned","7":"product_brand-dell","8":"product_cat-dell-rugged","9":"product_cat-all-rugged-laptops","11":"first","12":"instock","13":"taxable","14":"shipping-taxable","15":"purchasable","16":"product-type-simple"},"acf":[],"_links":{"self":[{"href":"https:\/\/micronordic.com\/pt-pt\/wp-json\/wp\/v2\/product\/46041","targetHints":{"allow":["GET"]}}],"collection":[{"href":"https:\/\/micronordic.com\/pt-pt\/wp-json\/wp\/v2\/product"}],"about":[{"href":"https:\/\/micronordic.com\/pt-pt\/wp-json\/wp\/v2\/types\/product"}],"author":[{"embeddable":true,"href":"https:\/\/micronordic.com\/pt-pt\/wp-json\/wp\/v2\/users\/16"}],"version-history":[{"count":3,"href":"https:\/\/micronordic.com\/pt-pt\/wp-json\/wp\/v2\/product\/46041\/revisions"}],"predecessor-version":[{"id":98424,"href":"https:\/\/micronordic.com\/pt-pt\/wp-json\/wp\/v2\/product\/46041\/revisions\/98424"}],"wp:featuredmedia":[{"embeddable":true,"href":"https:\/\/micronordic.com\/pt-pt\/wp-json\/wp\/v2\/media\/99726"}],"wp:attachment":[{"href":"https:\/\/micronordic.com\/pt-pt\/wp-json\/wp\/v2\/media?parent=46041"}],"wp:term":[{"taxonomy":"product-condition","embeddable":true,"href":"https:\/\/micronordic.com\/pt-pt\/wp-json\/wp\/v2\/product-condition?post=46041"},{"taxonomy":"product_brand","embeddable":true,"href":"https:\/\/micronordic.com\/pt-pt\/wp-json\/wp\/v2\/product_brand?post=46041"},{"taxonomy":"product_cat","embeddable":true,"href":"https:\/\/micronordic.com\/pt-pt\/wp-json\/wp\/v2\/product_cat?post=46041"},{"taxonomy":"product_tag","embeddable":true,"href":"https:\/\/micronordic.com\/pt-pt\/wp-json\/wp\/v2\/product_tag?post=46041"}],"curies":[{"name":"wp","href":"https:\/\/api.w.org\/{rel}","templated":true}]}}