{"id":46037,"date":"2020-10-06T15:08:54","date_gmt":"2020-10-06T13:08:54","guid":{"rendered":"https:\/\/micronordic.com\/product\/dell-latitude-14-rugged-extreme-5424-novo\/"},"modified":"2025-11-18T17:55:20","modified_gmt":"2025-11-18T16:55:20","slug":"dell-latitude-rugged-14-5424-i5","status":"publish","type":"product","link":"https:\/\/micronordic.com\/pt-pt\/product\/dell-latitude-rugged-14-5424-i5\/","title":{"rendered":"Dell Latitude 5424 Rugged Extreme (PR\u00c9-OPERADO)"},"content":{"rendered":"<?xml encoding=\"utf-8\" ?><div class=\"relative my-1 min-h-6\">\n<div class=\"relative flex origin-top-left flex-col gap-2 overflow-x-clip\">\n<div class=\"relative w-full text-start\">\n<h2 class=\"flex w-full flex-col items-start justify-between text-start\">Dell Latitude 5424 Rugged Extreme (certificado como pr&eacute;-propriedade)<\/h2>\n<\/div>\n<\/div>\n<\/div><div class=\"min-h-8 text-message relative flex w-full flex-col items-end gap-2 text-start break-words whitespace-normal [.text-message+&amp;]:mt-5\" dir=\"auto\" data-message-author-role=\"assistant\" data-message-id=\"54dcb5e5-0dd1-4649-9306-7a490208c893\" data-message-model-slug=\"gpt-5-thinking\">\n<div class=\"flex w-full flex-col gap-1 empty:hidden first:pt-[1px]\">\n<div class=\"streaming-animation markdown prose dark:prose-invert w-full break-words light markdown-new-styling\">\n<p data-start=\"60\" data-end=\"656\">O <strong data-start=\"64\" data-end=\"101\">Dell Latitude 5424 Rugged Extreme<\/strong> (usado certificado) proporciona uma computa&ccedil;&atilde;o <strong data-start=\"144\" data-end=\"155\">Windows<\/strong> fi&aacute;vel para equipas que trabalham fora do escrit&oacute;rio &ndash; no ch&atilde;o de f&aacute;brica, em ve&iacute;culos e em locais exteriores. Como unidade usada certificada, foi submetida a uma inspe&ccedil;&atilde;o profissional, substitui&ccedil;&atilde;o de componentes, quando necess&aacute;rio, e diagn&oacute;stico completo para proporcionar um desempenho est&aacute;vel no dia a dia a um custo de entrada inferior ao dos novos dispositivos. Os nossos Rugged Laptops e Tablets usados t&ecirc;m uma garantia de 1 ano. Ao equilibrar durabilidade, portabilidade e facilidade de manuten&ccedil;&atilde;o, o <strong data-start=\"531\" data-end=\"568\">Dell Latitude 5424 Rugged Extreme<\/strong> oferece &agrave;s organiza&ccedil;&otilde;es uma plataforma comprovada que pode ser implementada em escala com um tempo de funcionamento previs&iacute;vel.   <\/p>\n<p data-start=\"60\" data-end=\"656\">Quer esteja a expandir uma frota ou a substituir equipamento antigo, o <strong data-start=\"720\" data-end=\"757\">Dell Latitude 5424 Rugged Extreme<\/strong> combina uma prote&ccedil;&atilde;o robusta com um desempenho de resposta r&aacute;pida, op&ccedil;&otilde;es de bateria flex&iacute;veis e um amplo suporte de acess&oacute;rios &ndash; sem o peso ou o volume dos sistemas Fully <strong data-start=\"720\" data-end=\"757\">Rugged<\/strong>. <strong>Os produtos EX-DEMO t&ecirc;m garantia de 12 meses da Micro Nordic.<\/strong><\/p>\n<h2 data-start=\"918\" data-end=\"974\">Principais carater&iacute;sticas do Dell Latitude 5424 Rugged Extreme<\/h2>\n<ul data-start=\"975\" data-end=\"2692\">\n<li data-start=\"975\" data-end=\"1158\">\n<p data-start=\"977\" data-end=\"1158\">Chassis <strong data-start=\"977\" data-end=\"987\">rugged<\/strong> &ndash; Concebido para suportar choques di&aacute;rios, vibra&ccedil;&otilde;es, poeira e humidade ocasional, protegendo os componentes internos durante o transporte, a montagem no ve&iacute;culo e o trabalho no local.<\/p>\n<\/li>\n<li data-start=\"1159\" data-end=\"1361\">\n<p data-start=\"1161\" data-end=\"1361\">Op&ccedil;&otilde;es de ecr&atilde; <strong data-start=\"1161\" data-end=\"1182\">leg&iacute;veis &agrave; luz do sol<\/strong> &ndash; Os pain&eacute;is utiliz&aacute;veis no exterior melhoram a clareza em condi&ccedil;&otilde;es de ilumina&ccedil;&atilde;o mista; as configura&ccedil;&otilde;es t&aacute;cteis suportam a utiliza&ccedil;&atilde;o de luvas em modelos selecionados para uma introdu&ccedil;&atilde;o precisa em formul&aacute;rios e esquemas.<\/p>\n<\/li>\n<li data-start=\"1362\" data-end=\"1548\">\n<p data-start=\"1364\" data-end=\"1548\">Desempenho <strong data-start=\"1364\" data-end=\"1378\">reativo<\/strong> &ndash; Os processadores multi-core de classe empresarial e o r&aacute;pido armazenamento NVMe mant&ecirc;m os diagn&oacute;sticos, o suporte remoto, os visualizadores CAD e as aplica&ccedil;&otilde;es de escrit&oacute;rio a funcionar sem problemas em todos os turnos.<\/p>\n<\/li>\n<li data-start=\"1549\" data-end=\"1729\">\n<p data-start=\"1551\" data-end=\"1729\">Design <strong data-start=\"1551\" data-end=\"1566\">atualiz&aacute;vel<\/strong> &ndash; Os compartimentos acess&iacute;veis para mem&oacute;ria e armazenamento aumentam o valor do ciclo de vida, permitindo &agrave;s TI ajustar as configura&ccedil;&otilde;es ou trocar pe&ccedil;as rapidamente para manter as unidades em funcionamento.<\/p>\n<\/li>\n<li data-start=\"1730\" data-end=\"1904\">\n<p data-start=\"1732\" data-end=\"1904\">Conectividade <strong data-start=\"1732\" data-end=\"1742\">moderna<\/strong> &ndash; Wi-Fi e Bluetooth fi&aacute;veis para tarefas no local, com banda larga m&oacute;vel e GNSS opcionais para manter o fluxo de dados e a precis&atilde;o da localiza&ccedil;&atilde;o fora da rede.<\/p>\n<\/li>\n<li data-start=\"1905\" data-end=\"2108\">\n<p data-start=\"1907\" data-end=\"2108\">E\/S <strong data-start=\"1907\" data-end=\"1921\">de alta velocidade<\/strong> e ancoragem &ndash; A rica sele&ccedil;&atilde;o de portas e as robustas docas de secret&aacute;ria\/ve&iacute;culo simplificam o carregamento, a utiliza&ccedil;&atilde;o de perif&eacute;ricos (impressoras, scanners, instrumentos) e as transfer&ecirc;ncias entre o campo e o escrit&oacute;rio.<\/p>\n<\/li>\n<li data-start=\"2109\" data-end=\"2308\">\n<p data-start=\"2111\" data-end=\"2308\">Seguran&ccedil;a <strong data-start=\"2111\" data-end=\"2125\">empresarial<\/strong> e capacidade de gest&atilde;o &ndash; As protec&ccedil;&otilde;es suportadas por hardware e as v&aacute;rias op&ccedil;&otilde;es de autentica&ccedil;&atilde;o est&atilde;o em conformidade com as pol&iacute;ticas empresariais; a cria&ccedil;&atilde;o de imagens consistentes mant&eacute;m as implementa&ccedil;&otilde;es uniformes entre as equipas.<\/p>\n<\/li>\n<li data-start=\"2309\" data-end=\"2503\">\n<p data-start=\"2311\" data-end=\"2503\">Layout <strong data-start=\"2311\" data-end=\"2326\">repar&aacute;vel<\/strong> &ndash; Os componentes acess&iacute;veis por ferramentas e as baterias modulares reduzem o tempo de inatividade; as pe&ccedil;as substitu&iacute;veis no terreno ajudam a controlar o custo total de propriedade em compara&ccedil;&atilde;o com os dispositivos de consumo selados.<\/p>\n<\/li>\n<li data-start=\"2504\" data-end=\"2692\">\n<p data-start=\"2506\" data-end=\"2692\">Ecossistema <strong data-start=\"2506\" data-end=\"2519\">de acess&oacute;rios<\/strong> &ndash; Solu&ccedil;&otilde;es de transporte, baterias sobresselentes, carregadores e complementos de captura de dados adaptam o laptop a cada fun&ccedil;&atilde;o &ndash; desde t&eacute;cnicos e inspectores a supervisores e despachantes.<\/p>\n<\/li>\n<\/ul>\n<h2 data-start=\"2694\" data-end=\"2750\">Principais vantagens do Dell Latitude 5424 Rugged Extreme<\/h2>\n<h3 data-start=\"2752\" data-end=\"2798\">Constru&iacute;do para as condi&ccedil;&otilde;es mais adversas do dia a dia<\/h3>\n<p data-start=\"2799\" data-end=\"2995\">Uma constru&ccedil;&atilde;o robusta resiste a choques, vibra&ccedil;&otilde;es, p&oacute; e humidade comuns &agrave; montagem em ve&iacute;culos e a desloca&ccedil;&otilde;es frequentes entre locais, ajudando as equipas a manterem-se produtivas sem interrup&ccedil;&otilde;es relacionadas com o dispositivo.<\/p>\n<h3 data-start=\"2997\" data-end=\"3037\">Ergonomia do laptop, flexibilidade no terreno<\/h3>\n<p data-start=\"3038\" data-end=\"3238\">Um espa&ccedil;o de trabalho <strong data-start=\"3047\" data-end=\"3058\">Windows<\/strong> brilhante, um teclado t&aacute;til e uma introdu&ccedil;&atilde;o precisa reduzem os erros ao rever planos e introduzir dados em espa&ccedil;os apertados ou com ilumina&ccedil;&atilde;o mista &ndash; na bancada, na cabina ou no local de trabalho.<\/p>\n<h3 data-start=\"3240\" data-end=\"3274\">Energia que dura o dia inteiro<\/h3>\n<p data-start=\"3275\" data-end=\"3467\">As op&ccedil;&otilde;es flex&iacute;veis de bateria &ndash; incluindo pacotes substitu&iacute;veis em configura&ccedil;&otilde;es selecionadas &ndash; ajudam a manter as sess&otilde;es de aplica&ccedil;&atilde;o durante as mudan&ccedil;as de turno e chamadas de servi&ccedil;o longas, minimizando os rein&iacute;cios e a perda de trabalho.<\/p>\n<h3 data-start=\"3469\" data-end=\"3508\">Conectividade e fluxo de dados sem falhas<\/h3>\n<p data-start=\"3509\" data-end=\"3725\">As s&oacute;lidas op&ccedil;&otilde;es sem fios e a ancoragem de ve&iacute;culo\/escrivaninha mant&ecirc;m os bilhetes, registos, fotografias e provas sincronizados em segundo plano. Os supervisores v&ecirc;em actualiza&ccedil;&otilde;es atempadas enquanto as equipas se deslocam entre o escrit&oacute;rio, os ve&iacute;culos e as localiza&ccedil;&otilde;es remotas. <\/p>\n<h3 data-start=\"3727\" data-end=\"3747\">Pronto para as frotas<\/h3>\n<p data-start=\"3748\" data-end=\"3970\">A cria&ccedil;&atilde;o consistente de imagens, a autentica&ccedil;&atilde;o segura e o acesso r&aacute;pido ao servi&ccedil;o reduzem o custo total de propriedade. O estatuto de pr&eacute;-propriedade certificada permite-lhe escalar a capacidade rapidamente, mantendo uma plataforma previs&iacute;vel tanto para as TI como para os utilizadores finais. <\/p>\n<h2 data-start=\"3972\" data-end=\"3990\">Casos de utiliza&ccedil;&atilde;o ideais<\/h2>\n<ul data-start=\"3991\" data-end=\"4670\">\n<li data-start=\"3991\" data-end=\"4133\">\n<p data-start=\"3993\" data-end=\"4133\"><strong data-start=\"3993\" data-end=\"4023\">Seguran&ccedil;a p&uacute;blica e administra&ccedil;&atilde;o p&uacute;blica<\/strong> &ndash; Elabora&ccedil;&atilde;o de relat&oacute;rios, acesso a CAD\/AVL, tratamento de provas e comunica&ccedil;&otilde;es seguras em ve&iacute;culos e nas esta&ccedil;&otilde;es.<\/p>\n<\/li>\n<li data-start=\"4134\" data-end=\"4277\">\n<p data-start=\"4136\" data-end=\"4277\"><strong data-start=\"4136\" data-end=\"4165\">Servi&ccedil;o no terreno e servi&ccedil;os p&uacute;blicos<\/strong> &ndash; Diagn&oacute;stico de activos, configura&ccedil;&atilde;o e actualiza&ccedil;&otilde;es de ordens de trabalho em arm&aacute;rios, postes, subesta&ccedil;&otilde;es e locais remotos.<\/p>\n<\/li>\n<li data-start=\"4278\" data-end=\"4398\">\n<p data-start=\"4280\" data-end=\"4398\"><strong data-start=\"4280\" data-end=\"4310\">Fabrico e Ind&uacute;stria<\/strong> &ndash; Acesso HMI, acompanhamento WIP, procedimentos de manuten&ccedil;&atilde;o e controlos de qualidade junto &agrave; linha.<\/p>\n<\/li>\n<li data-start=\"4399\" data-end=\"4530\">\n<p data-start=\"4401\" data-end=\"4530\"><strong data-start=\"4401\" data-end=\"4431\">Transporte e log&iacute;stica<\/strong> &ndash; Coordena&ccedil;&atilde;o de estaleiros, encaminhamento, reconcilia&ccedil;&atilde;o de invent&aacute;rio e manuseamento de etiquetas\/documentos em movimento.<\/p>\n<\/li>\n<li data-start=\"4531\" data-end=\"4670\">\n<p data-start=\"4533\" data-end=\"4670\"><strong data-start=\"4533\" data-end=\"4558\">Energia e Constru&ccedil;&atilde;o<\/strong> &ndash; Revis&atilde;o de planos, dados de inspe&ccedil;&atilde;o, listas de pend&ecirc;ncias e documenta&ccedil;&atilde;o do local onde a poeira, a vibra&ccedil;&atilde;o e o clima s&atilde;o rotina.<\/p>\n<\/li>\n<\/ul>\n<h2 data-start=\"4672\" data-end=\"4736\">Compara&ccedil;&otilde;es de produtos para o Dell Latitude 5424 Rugged Extreme<\/h2>\n<ul data-start=\"4737\" data-end=\"5328\">\n<li data-start=\"4737\" data-end=\"4938\">\n<p data-start=\"4739\" data-end=\"4938\"><a href=\"https:\/\/micronordic.com\/product\/getac-s410-g5-semi-rugged-notebook\/\"><strong data-start=\"4739\" data-end=\"4756\">Getac S410 G5<\/strong> &ndash;<\/a> Escolha <strong data-start=\"4766\" data-end=\"4777\">o S410 G5<\/strong> para uma plataforma <strong data-start=\"4840\" data-end=\"4877\">Semi-Rugged<\/strong> com grande capacidade de manuten&ccedil;&atilde;o; escolha o <strong data-start=\"4840\" data-end=\"4877\">Dell Latitude 5424 Rugged Extreme<\/strong> quando pretender o alinhamento com o ecossistema Dell e uma ancoragem comprovada.<\/p>\n<\/li>\n<li data-start=\"4939\" data-end=\"5136\">\n<p data-start=\"4941\" data-end=\"5136\"><a href=\"https:\/\/micronordic.com\/product\/panasonic-toughbook-fz-55\/\"><strong data-start=\"4941\" data-end=\"4967\">Panasonic Toughbook 55<\/strong><\/a> &ndash; Escolha <strong data-start=\"4975\" data-end=\"4991\">o Toughbook 55<\/strong> se der prioridade &agrave; expans&atilde;o de ba&iacute;as modulares; escolha o <strong data-start=\"5038\" data-end=\"5075\">Dell Latitude 5424 Rugged Extreme<\/strong> para uma gest&atilde;o familiar da Dell e actualiza&ccedil;&otilde;es simples.<\/p>\n<\/li>\n<li data-start=\"5137\" data-end=\"5328\">\n<p data-start=\"5139\" data-end=\"5328\"><a href=\"https:\/\/micronordic.com\/product\/getac-b360-g2-fully-rugged-laptop\/\"><strong data-start=\"5139\" data-end=\"5153\">Getac B360<\/strong><\/a> &ndash; Selecione <strong data-start=\"5163\" data-end=\"5171\">o B360<\/strong> quando for necess&aacute;ria a m&aacute;xima capacidade de sobreviv&ecirc;ncia rugged; selecione o <strong data-start=\"5226\" data-end=\"5263\">Dell Latitude 5424 Rugged Extreme<\/strong> para um transporte mais leve e uma durabilidade equilibrada a um custo de entrada mais baixo<\/p>\n<\/li>\n<\/ul>\n<\/div>\n<\/div>\n<\/div>\n","protected":false},"excerpt":{"rendered":"<h3>Especifica\u00e7\u00f5es:<\/h3>\n<ul>\n<li><strong>Ecr\u00e3:<\/strong> Classe 14\u2033, utiliz\u00e1vel no exterior; op\u00e7\u00f5es t\u00e1cteis (com capacidade para luvas em configura\u00e7\u00f5es selecionadas)<\/li>\n<li><strong>Processador:<\/strong> Plataformas Intel\u00ae Core\u2122 ou AMD de classe empresarial (dependente do modelo)<\/li>\n<li><strong>Gr\u00e1ficos:<\/strong> Integrada; op\u00e7\u00f5es discretas em configura\u00e7\u00f5es selecionadas<\/li>\n<li><strong>Mem\u00f3ria:<\/strong> 8 GB DDR4 (modelo b\u00e1sico), atualiz\u00e1vel at\u00e9 64 GB<\/li>\n<li><strong>Armazenamento:<\/strong> 256 SSD NVMe (modelo base), atualiz\u00e1vel at\u00e9 2 TB<\/li>\n<li><strong>Conectividade:<\/strong> Wi-Fi, Bluetooth; WWAN e GNSS opcionais; base de liga\u00e7\u00e3o para secret\u00e1ria\/ve\u00edculo; E\/S avan\u00e7ada (USB, HDMI\/DisplayPort, Ethernet)<\/li>\n<li><strong>Certifica\u00e7\u00f5es rugged:<\/strong> Design rugged com testes MIL-STD e prote\u00e7\u00e3o de entrada (dependente do modelo)<\/li>\n<li><strong>Seguran\u00e7a:<\/strong> Prote\u00e7\u00e3o suportada por hardware com op\u00e7\u00f5es de autentica\u00e7\u00e3o empresarial<\/li>\n<li><strong>Bateria:<\/strong> Baterias de longa dura\u00e7\u00e3o; substitu\u00edveis em configura\u00e7\u00f5es selecionadas<\/li>\n<li><strong>Dimens\u00f5es e peso:<\/strong> Classe de laptop Rugged 14\u2033 (varia consoante a configura\u00e7\u00e3o)<\/li>\n<li><strong>Garantia:<\/strong> 12 meses de cobertura de propriedade certificada<\/li>\n<\/ul>\n","protected":false},"author":16,"featured_media":99741,"template":"","meta":{"_acf_changed":false,"inline_featured_image":false},"product-condition":[5281],"product_brand":[8943],"product_cat":[5205,5212,5207],"product_tag":[],"class_list":{"0":"post-46037","1":"product","2":"type-product","3":"status-publish","4":"has-post-thumbnail","6":"product-condition-pre-owned","7":"product_brand-dell","8":"product_cat-dell-rugged","9":"product_cat-all-rugged-laptops","10":"product_cat-refurbished-rugged-hardware","12":"first","13":"instock","14":"taxable","15":"shipping-taxable","16":"purchasable","17":"product-type-simple"},"acf":[],"_links":{"self":[{"href":"https:\/\/micronordic.com\/pt-pt\/wp-json\/wp\/v2\/product\/46037","targetHints":{"allow":["GET"]}}],"collection":[{"href":"https:\/\/micronordic.com\/pt-pt\/wp-json\/wp\/v2\/product"}],"about":[{"href":"https:\/\/micronordic.com\/pt-pt\/wp-json\/wp\/v2\/types\/product"}],"author":[{"embeddable":true,"href":"https:\/\/micronordic.com\/pt-pt\/wp-json\/wp\/v2\/users\/16"}],"version-history":[{"count":3,"href":"https:\/\/micronordic.com\/pt-pt\/wp-json\/wp\/v2\/product\/46037\/revisions"}],"predecessor-version":[{"id":98410,"href":"https:\/\/micronordic.com\/pt-pt\/wp-json\/wp\/v2\/product\/46037\/revisions\/98410"}],"wp:featuredmedia":[{"embeddable":true,"href":"https:\/\/micronordic.com\/pt-pt\/wp-json\/wp\/v2\/media\/99741"}],"wp:attachment":[{"href":"https:\/\/micronordic.com\/pt-pt\/wp-json\/wp\/v2\/media?parent=46037"}],"wp:term":[{"taxonomy":"product-condition","embeddable":true,"href":"https:\/\/micronordic.com\/pt-pt\/wp-json\/wp\/v2\/product-condition?post=46037"},{"taxonomy":"product_brand","embeddable":true,"href":"https:\/\/micronordic.com\/pt-pt\/wp-json\/wp\/v2\/product_brand?post=46037"},{"taxonomy":"product_cat","embeddable":true,"href":"https:\/\/micronordic.com\/pt-pt\/wp-json\/wp\/v2\/product_cat?post=46037"},{"taxonomy":"product_tag","embeddable":true,"href":"https:\/\/micronordic.com\/pt-pt\/wp-json\/wp\/v2\/product_tag?post=46037"}],"curies":[{"name":"wp","href":"https:\/\/api.w.org\/{rel}","templated":true}]}}