{"id":46031,"date":"2020-10-06T15:08:51","date_gmt":"2020-10-06T13:08:51","guid":{"rendered":"https:\/\/micronordic.com\/product\/honeywell-granit-1910i-cabo-ex-stand-novo\/"},"modified":"2025-11-18T18:24:53","modified_gmt":"2025-11-18T17:24:53","slug":"honeywell-granit-1910i-cable-ex-stand","status":"publish","type":"product","link":"https:\/\/micronordic.com\/pt-pt\/product\/honeywell-granit-1910i-cable-ex-stand\/","title":{"rendered":"Honeywell Granit &#8211; 1910i &#8211; Cabo &#8211; Ex. Suporte (NOVO)"},"content":{"rendered":"<?xml encoding=\"utf-8\" ?><h2 data-start=\"0\" data-end=\"54\">Honeywell Granit 1910i &ndash; Cabo &ndash; Ex. Suporte <\/h2><p data-start=\"56\" data-end=\"693\">O <strong data-start=\"60\" data-end=\"95\">Honeywell Intermec Granit 1910i<\/strong> (Cabo &ndash; Ex. Stand) &eacute; um leitor de c&oacute;digos de barras com fio, de n&iacute;vel industrial, concebido para uma captura r&aacute;pida e fi&aacute;vel em ambientes exigentes &ndash; armaz&eacute;ns, pisos de fabrico, p&aacute;tios e cais de servi&ccedil;o. Fazendo parte da fam&iacute;lia Honeywell Granit, combina uma estrutura resistente com um motor de imagem de &aacute;rea que l&ecirc; c&oacute;digos de barras de baixa qualidade, de baixo contraste e envoltos em pel&iacute;cula retr&aacute;til, normalmente encontrados na log&iacute;stica do mundo real. Esta configura&ccedil;&atilde;o tem <strong data-start=\"502\" data-end=\"512\">fios<\/strong> para alimenta&ccedil;&atilde;o e dados cont&iacute;nuos atrav&eacute;s de um cabo e <strong data-start=\"557\" data-end=\"577\">exclui um suporte<\/strong>, o que a torna uma op&ccedil;&atilde;o simples de ligar e digitalizar para esta&ccedil;&otilde;es de trabalho fixas, bancadas de embalagem e esta&ccedil;&otilde;es de linha.  <\/p><p data-start=\"695\" data-end=\"913\">Para as equipas que uniformizam turnos e esta&ccedil;&otilde;es, o <strong data-start=\"751\" data-end=\"786\">Honeywell Intermec Granit 1910i<\/strong> oferece uma constru&ccedil;&atilde;o dur&aacute;vel, descodifica&ccedil;&atilde;o consistente e configura&ccedil;&atilde;o simples da frota &ndash; reduzindo as novas verifica&ccedil;&otilde;es, os estrangulamentos e o tempo de inatividade do dispositivo.<\/p><p data-start=\"695\" data-end=\"913\"><strong>Os produtos novos t&ecirc;m uma garantia do fabricante de 2 anos.<\/strong><\/p><h2 data-start=\"915\" data-end=\"989\">Principais carater&iacute;sticas do Honeywell Intermec Granit 1910i &ndash; Cabo &ndash; Ex. Suporte <\/h2><ul data-start=\"990\" data-end=\"2268\">\n<li data-start=\"990\" data-end=\"1141\">\n<p data-start=\"992\" data-end=\"1141\"><strong>Funcionamento<\/strong> <strong data-start=\"992\" data-end=\"1002\">com fios<\/strong> &ndash; A liga&ccedil;&atilde;o direta por cabo fornece alimenta&ccedil;&atilde;o cont&iacute;nua e dados est&aacute;veis &ndash; ideal para esta&ccedil;&otilde;es fixas onde o tempo de funcionamento e a simplicidade s&atilde;o importantes.<\/p>\n<\/li>\n<li data-start=\"1142\" data-end=\"1296\">\n<p data-start=\"1144\" data-end=\"1296\"><strong>Constru&ccedil;&atilde;o<\/strong> <strong data-start=\"1144\" data-end=\"1154\">rugged<\/strong> &ndash; A caixa industrial resiste ao p&oacute;, &agrave; humidade, &agrave; vibra&ccedil;&atilde;o e aos impactos di&aacute;rios para manter os scanners a funcionar durante ciclos de trabalho dif&iacute;ceis.<\/p>\n<\/li>\n<li data-start=\"1297\" data-end=\"1442\">\n<p data-start=\"1299\" data-end=\"1442\"><strong>Imagem de<\/strong> <strong data-start=\"1299\" data-end=\"1319\">elevado desempenho<\/strong> &ndash; O gerador de imagens de &aacute;rea descodifica rapidamente c&oacute;digos de barras 1D\/2D, mesmo quando as etiquetas est&atilde;o desgastadas, com pouco contraste, curvadas ou em pel&iacute;cula.<\/p>\n<\/li>\n<li data-start=\"1443\" data-end=\"1586\">\n<p data-start=\"1445\" data-end=\"1586\"><strong>Ergonomia<\/strong> <strong data-start=\"1445\" data-end=\"1466\">f&aacute;cil para o operador<\/strong> &ndash; Punho equilibrado, gatilho n&iacute;tido e mira\/alimenta&ccedil;&atilde;o clara reduzem a fadiga e ajudam a acelerar a digitaliza&ccedil;&atilde;o repetitiva.<\/p>\n<\/li>\n<li data-start=\"1587\" data-end=\"1720\">\n<p data-start=\"1589\" data-end=\"1720\"><strong>Efici&ecirc;ncia<\/strong> <strong data-start=\"1589\" data-end=\"1601\">do fluxo de trabalho<\/strong> &ndash; A prontid&atilde;o instant&acirc;nea e a aus&ecirc;ncia de baterias para gerir tornam-no perfeito para bancadas, transportadores e corredores de rece&ccedil;&atilde;o.<\/p>\n<\/li>\n<li data-start=\"1721\" data-end=\"1868\">\n<p data-start=\"1723\" data-end=\"1868\"><strong>Conectividade<\/strong> <strong data-start=\"1723\" data-end=\"1735\">flex&iacute;vel<\/strong> &ndash; Funciona com sistemas POS, WMS e ERP comuns; perfis simples permitem que as TI implementem defini&ccedil;&otilde;es consistentes em todos os locais.<\/p>\n<\/li>\n<li data-start=\"1869\" data-end=\"2003\">\n<p data-start=\"1871\" data-end=\"2003\"><strong>Design de<\/strong> <strong data-start=\"1871\" data-end=\"1886\">f&aacute;cil manuten&ccedil;&atilde;o<\/strong> &ndash; Pe&ccedil;as de desgaste acess&iacute;veis e cabos robustos ajudam a prolongar o ciclo de vida e a manter o custo total de propriedade previs&iacute;vel.<\/p>\n<\/li>\n<li data-start=\"2004\" data-end=\"2139\">\n<p data-start=\"2006\" data-end=\"2139\"><strong>Confirma&ccedil;&atilde;o<\/strong> <strong data-start=\"2006\" data-end=\"2024\">aud&iacute;vel\/visual<\/strong> &ndash; O sinal sonoro e os LEDs de estado confirmam boas leituras em ambientes ruidosos ou com muita luz, reduzindo o n&uacute;mero de novas leituras.<\/p>\n<\/li>\n<li data-start=\"2140\" data-end=\"2268\">\n<p data-start=\"2142\" data-end=\"2268\"><strong>Op&ccedil;&otilde;es<\/strong> <strong data-start=\"2142\" data-end=\"2154\">de montagem<\/strong> &ndash; Compat&iacute;vel com acess&oacute;rios para digitaliza&ccedil;&atilde;o em estilo de apresenta&ccedil;&atilde;o (suporte n&atilde;o inclu&iacute;do nesta configura&ccedil;&atilde;o).<\/p>\n<\/li>\n<\/ul><h2 data-start=\"2270\" data-end=\"2324\">Principais vantagens do Honeywell Intermec Granit 1910i<\/h2><h3 data-start=\"2326\" data-end=\"2369\">Constru&iacute;do para ambientes industriais adversos<\/h3><p data-start=\"2370\" data-end=\"2533\">Uma estrutura refor&ccedil;ada resiste ao p&oacute;, &agrave; humidade, &agrave; vibra&ccedil;&atilde;o e aos impactos, para que as equipas se mantenham produtivas em armaz&eacute;ns, f&aacute;bricas e estaleiros sem atrasos relacionados com os dispositivos.<\/p><h3 data-start=\"2535\" data-end=\"2565\">Digitaliza&ccedil;&otilde;es consistentes e exactas<\/h3><p data-start=\"2566\" data-end=\"2701\">Um gerador de imagens de &aacute;rea avan&ccedil;ado capta rapidamente c&oacute;digos danificados e de baixo contraste, melhorando o rendimento das tarefas de rece&ccedil;&atilde;o, recolha e embalagem.<\/p><h3 data-start=\"2703\" data-end=\"2734\">Configura&ccedil;&atilde;o simples e pronta para a esta&ccedil;&atilde;o<\/h3><p data-start=\"2735\" data-end=\"2887\">A alimenta&ccedil;&atilde;o\/dados com fios elimina a gest&atilde;o da bateria e os passos de emparelhamento. As configura&ccedil;&otilde;es padronizadas tornam as implementa&ccedil;&otilde;es de frotas previs&iacute;veis em bancadas e linhas. <\/p><h3 data-start=\"2889\" data-end=\"2917\">Menores despesas gerais de propriedade<\/h3><p data-start=\"2918\" data-end=\"3056\">Cablagem rugged, pe&ccedil;as de desgaste substitu&iacute;veis e um ecossistema de acess&oacute;rios est&aacute;vel ajudam a prolongar o valor do ciclo de vida e a reduzir as interrup&ccedil;&otilde;es de manuten&ccedil;&atilde;o.<\/p><h3 data-start=\"3058\" data-end=\"3078\">Conforto do operador<\/h3><p data-start=\"3079\" data-end=\"3203\">A ergonomia, a mira e o feedback claro reduzem a fadiga e o tempo de forma&ccedil;&atilde;o &ndash; &uacute;til para turnos de grande volume e aumentos sazonais.<\/p><h2 data-start=\"3205\" data-end=\"3223\">Casos de utiliza&ccedil;&atilde;o ideais<\/h2><ul data-start=\"3224\" data-end=\"3785\">\n<li data-start=\"3224\" data-end=\"3341\">\n<p data-start=\"3226\" data-end=\"3341\"><strong data-start=\"3226\" data-end=\"3254\">Armaz&eacute;m e distribui&ccedil;&atilde;o<\/strong> &ndash; Entrada\/sa&iacute;da, entrada em armaz&eacute;m, contagens de ciclos e verifica&ccedil;&atilde;o de recolha em esta&ccedil;&otilde;es fixas.<\/p>\n<\/li>\n<li data-start=\"3342\" data-end=\"3460\">\n<p data-start=\"3344\" data-end=\"3460\"><strong data-start=\"3344\" data-end=\"3374\">Fabrico e Ind&uacute;stria<\/strong> &ndash; Verifica&ccedil;&otilde;es WIP na linha de produ&ccedil;&atilde;o, verifica&ccedil;&atilde;o de pe&ccedil;as e controlos de qualidade em bancadas e c&eacute;lulas.<\/p>\n<\/li>\n<li data-start=\"3461\" data-end=\"3577\">\n<p data-start=\"3463\" data-end=\"3577\"><strong data-start=\"3463\" data-end=\"3488\">Transporte e log&iacute;stica<\/strong> &ndash; corredores de cross-dock, classifica&ccedil;&atilde;o de encomendas e processamento de devolu&ccedil;&otilde;es com digitaliza&ccedil;&atilde;o cont&iacute;nua.<\/p>\n<\/li>\n<li data-start=\"3578\" data-end=\"3684\">\n<p data-start=\"3580\" data-end=\"3684\"><strong data-start=\"3580\" data-end=\"3604\">Back-of-House<\/strong> de retalho &ndash; Rece&ccedil;&atilde;o, verifica&ccedil;&atilde;o de stocks e reabastecimento em armaz&eacute;ns e &aacute;reas de prepara&ccedil;&atilde;o.<\/p>\n<\/li>\n<li data-start=\"3685\" data-end=\"3785\">\n<p data-start=\"3687\" data-end=\"3785\"><strong data-start=\"3687\" data-end=\"3711\">Dep&oacute;sitos de servi&ccedil;o no terreno<\/strong> &ndash; Entrada de dispositivos, acompanhamento de repara&ccedil;&otilde;es e etiquetagem de activos nos balc&otilde;es de servi&ccedil;o.<\/p>\n<\/li>\n<\/ul><h2 data-start=\"3787\" data-end=\"3849\">Compara&ccedil;&otilde;es de produtos para o Honeywell Intermec Granit 1910i<\/h2><ul data-start=\"3850\" data-end=\"4349\">\n<li data-start=\"3850\" data-end=\"4007\">\n<p data-start=\"3852\" data-end=\"4007\"><a href=\"https:\/\/micronordic.com\/product\/honeywell-granit-1980i-cable-ex-stand\/\"><strong data-start=\"3852\" data-end=\"3887\">Honeywell Intermec Granit 1980i<\/strong> <\/a>&ndash; Escolha o <strong data-start=\"3897\" data-end=\"3906\">1980i<\/strong> para um scanner com fio de longo alcance; escolha o <strong data-start=\"3946\" data-end=\"3962\">Granit 1910i<\/strong> para um alcance equilibrado e uma ergonomia compacta.<\/p>\n<\/li>\n<li data-start=\"4008\" data-end=\"4186\">\n<p data-start=\"4010\" data-end=\"4186\"><a href=\"https:\/\/micronordic.com\/product\/honeywell-granit-1911i-ig-cordless-w-base\/\"><strong data-start=\"4010\" data-end=\"4048\">Honeywell Intermec Granit 1911i IG<\/strong><\/a> &ndash; Escolha o <strong data-start=\"4056\" data-end=\"4068\">1911i IG<\/strong> para mobilidade sem fios com uma base; escolha <strong data-start=\"4109\" data-end=\"4125\">o Granit 1910i<\/strong> quando preferir simplicidade com fios e pot&ecirc;ncia cont&iacute;nua.<\/p>\n<\/li>\n<\/ul>\n","protected":false},"excerpt":{"rendered":"<h3>Especifica\u00e7\u00f5es:<\/h3>\n<ul>\n<li><strong>Conectividade:<\/strong> Com fio (cabo de dados\/alimenta\u00e7\u00e3o); compat\u00edvel com sistemas POS\/WMS\/ERP comuns<\/li>\n<li><strong>Certifica\u00e7\u00f5es robustas:<\/strong> Caixa industrial concebida para resist\u00eancia ao p\u00f3, \u00e0 humidade, \u00e0 vibra\u00e7\u00e3o e ao impacto<\/li>\n<li><strong>Seguran\u00e7a:<\/strong> Seguran\u00e7a padr\u00e3o baseada em host\/emparelhamento n\u00e3o necess\u00e1rio (com fio)<\/li>\n<li><strong>Bateria:<\/strong> N\u00e3o aplic\u00e1vel (alimenta\u00e7\u00e3o com fio)<\/li>\n<li><strong>Dimens\u00f5es e peso:<\/strong> Fator de forma industrial port\u00e1til (varia consoante a configura\u00e7\u00e3o)<\/li>\n<li><strong>Garantia:<\/strong> Os novos produtos t\u00eam uma garantia do fabricante de 2 anos<\/li>\n<\/ul>\n","protected":false},"author":16,"featured_media":96558,"template":"","meta":{"_acf_changed":false,"inline_featured_image":false},"product-condition":[5248],"product_brand":[8966],"product_cat":[5208,5213,5210],"product_tag":[4878],"class_list":{"0":"post-46031","1":"product","2":"type-product","3":"status-publish","4":"has-post-thumbnail","6":"product-condition-new-in-box","7":"product_brand-honeywell-intermec","8":"product_cat-honeywell-intermec","9":"product_cat-all-barcode-scanners","10":"product_cat-new-in-box-rugged-hardware","11":"product_tag-wrd-pt-pt","13":"first","14":"instock","15":"taxable","16":"shipping-taxable","17":"purchasable","18":"product-type-simple"},"acf":[],"_links":{"self":[{"href":"https:\/\/micronordic.com\/pt-pt\/wp-json\/wp\/v2\/product\/46031","targetHints":{"allow":["GET"]}}],"collection":[{"href":"https:\/\/micronordic.com\/pt-pt\/wp-json\/wp\/v2\/product"}],"about":[{"href":"https:\/\/micronordic.com\/pt-pt\/wp-json\/wp\/v2\/types\/product"}],"author":[{"embeddable":true,"href":"https:\/\/micronordic.com\/pt-pt\/wp-json\/wp\/v2\/users\/16"}],"version-history":[{"count":3,"href":"https:\/\/micronordic.com\/pt-pt\/wp-json\/wp\/v2\/product\/46031\/revisions"}],"predecessor-version":[{"id":98468,"href":"https:\/\/micronordic.com\/pt-pt\/wp-json\/wp\/v2\/product\/46031\/revisions\/98468"}],"wp:featuredmedia":[{"embeddable":true,"href":"https:\/\/micronordic.com\/pt-pt\/wp-json\/wp\/v2\/media\/96558"}],"wp:attachment":[{"href":"https:\/\/micronordic.com\/pt-pt\/wp-json\/wp\/v2\/media?parent=46031"}],"wp:term":[{"taxonomy":"product-condition","embeddable":true,"href":"https:\/\/micronordic.com\/pt-pt\/wp-json\/wp\/v2\/product-condition?post=46031"},{"taxonomy":"product_brand","embeddable":true,"href":"https:\/\/micronordic.com\/pt-pt\/wp-json\/wp\/v2\/product_brand?post=46031"},{"taxonomy":"product_cat","embeddable":true,"href":"https:\/\/micronordic.com\/pt-pt\/wp-json\/wp\/v2\/product_cat?post=46031"},{"taxonomy":"product_tag","embeddable":true,"href":"https:\/\/micronordic.com\/pt-pt\/wp-json\/wp\/v2\/product_tag?post=46031"}],"curies":[{"name":"wp","href":"https:\/\/api.w.org\/{rel}","templated":true}]}}