{"id":46029,"date":"2020-10-06T15:08:51","date_gmt":"2020-10-06T13:08:51","guid":{"rendered":"https:\/\/micronordic.com\/product\/honeywell-granit-1911i-ig-sem-fios-com-base-novo\/"},"modified":"2025-11-18T18:00:24","modified_gmt":"2025-11-18T17:00:24","slug":"honeywell-granit-1911i-ig-cordless-w-base","status":"publish","type":"product","link":"https:\/\/micronordic.com\/pt-pt\/product\/honeywell-granit-1911i-ig-cordless-w-base\/","title":{"rendered":"Honeywell Granit &#8211; 1911i IG &#8211; Sem fios &#8211; Com base (NOVO)"},"content":{"rendered":"<?xml encoding=\"utf-8\" ?><div class=\"relative my-1 min-h-6\">\n<div class=\"relative flex origin-top-left flex-col gap-2 overflow-x-clip\">\n<div class=\"relative w-full text-start\">\n<h2 class=\"flex w-full flex-col items-start justify-between text-start\">Honeywell Granit 1911i IG &ndash; Sem fios &ndash; Com base<\/h2>\n<\/div>\n<\/div>\n<\/div><div class=\"min-h-8 text-message relative flex w-full flex-col items-end gap-2 text-start break-words whitespace-normal [.text-message+&amp;]:mt-5\" dir=\"auto\" data-message-author-role=\"assistant\" data-message-id=\"1d00f139-3bfc-4ce7-9417-c64271cde5cc\" data-message-model-slug=\"gpt-5-thinking\">\n<div class=\"flex w-full flex-col gap-1 empty:hidden first:pt-[1px]\">\n<div class=\"streaming-animation markdown prose dark:prose-invert w-full break-words light markdown-new-styling\">\n<p data-start=\"62\" data-end=\"671\">O <strong data-start=\"66\" data-end=\"104\">Honeywell Granit 1911i IG<\/strong> &eacute; um leitor de c&oacute;digos de barras industrial ultra-dur&aacute;vel e sem fios, concebido para uma captura r&aacute;pida e fi&aacute;vel em armaz&eacute;ns, estaleiros, f&aacute;bricas e opera&ccedil;&otilde;es no terreno. Constru&iacute;do com base na plataforma Granit da Honeywell, combina um inv&oacute;lucro resistente com um motor de imagem de &aacute;rea que lida com c&oacute;digos de barras desgastados, de baixo contraste e envoltos em pel&iacute;cula retr&aacute;til, normalmente encontrados na log&iacute;stica do mundo real. Esta configura&ccedil;&atilde;o &ldquo;<strong data-start=\"450\" data-end=\"463\">Com Base<\/strong>&rdquo; inclui uma Base de Carregamento e Comunica&ccedil;&atilde;o para carregamento e comunica&ccedil;&atilde;o sem fios est&aacute;vel, para que as equipas possam utilizar um &uacute;nico kit pronto a funcionar em bancadas, esta&ccedil;&otilde;es de embalagem e suportes de ve&iacute;culos.  <\/p>\n<p data-start=\"673\" data-end=\"933\">Para os gestores que utilizam ambientes exigentes, o <strong data-start=\"735\" data-end=\"773\">Honeywell Intermec Granit 1911i IG<\/strong> combina a mobilidade sem fios com uma robustez comprovada e uma gest&atilde;o de frotas simples &ndash; mantendo as tarefas em movimento e minimizando o tempo de inatividade e as despesas de manuten&ccedil;&atilde;o. <strong>Os novos produtos t&ecirc;m uma garantia do fabricante de 2 anos.<\/strong><\/p>\n<h2 data-start=\"935\" data-end=\"1015\">Principais carater&iacute;sticas do Honeywell Intermec Granit 1911i IG &ndash; Sem fios &ndash; Com base<\/h2>\n<ul data-start=\"1016\" data-end=\"2627\">\n<li data-start=\"1016\" data-end=\"1204\">\n<p data-start=\"1018\" data-end=\"1204\"><strong>Fluxo de trabalho<\/strong> <strong data-start=\"1018\" data-end=\"1030\">sem<\/strong> fios &ndash; O funcionamento sem fios Bluetooth com uma base emparelhada permite aos utilizadores movimentarem-se livremente em paletes, prateleiras e transportadores, mantendo uma liga&ccedil;&atilde;o est&aacute;vel para dados e carregamento.<\/p>\n<\/li>\n<li data-start=\"1205\" data-end=\"1401\">\n<p data-start=\"1207\" data-end=\"1401\"><strong>Constru&ccedil;&atilde;o<\/strong> <strong data-start=\"1207\" data-end=\"1217\">rugged<\/strong> &ndash; A caixa industrial resiste ao p&oacute;, &agrave; humidade, &agrave; vibra&ccedil;&atilde;o e a impactos repetidos, ajudando o dispositivo a sobreviver a quedas, tombos e ao manuseamento di&aacute;rio em docas e linhas.<\/p>\n<\/li>\n<li data-start=\"1402\" data-end=\"1587\">\n<p data-start=\"1404\" data-end=\"1587\"><strong>Imagem de<\/strong> <strong data-start=\"1404\" data-end=\"1424\">elevado desempenho<\/strong> &ndash; O gerador de imagens de &aacute;rea descodifica rapidamente simbologias 1D e 2D, mesmo quando as etiquetas est&atilde;o riscadas, desbotadas, com pouco contraste ou cobertas por pel&iacute;cula, reduzindo as novas leituras e os atrasos.<\/p>\n<\/li>\n<li data-start=\"1588\" data-end=\"1765\">\n<p data-start=\"1590\" data-end=\"1765\"><strong>Ergonomia<\/strong> <strong data-start=\"1590\" data-end=\"1609\">amiga do trabalhador<\/strong> &ndash; Punho equilibrado, gatilho n&iacute;tido e mira\/feedback brilhante ajudam a reduzir a fadiga e a acelerar a sele&ccedil;&atilde;o durante turnos de grande volume e picos de carga de trabalho.<\/p>\n<\/li>\n<li data-start=\"1766\" data-end=\"1931\">\n<p data-start=\"1768\" data-end=\"1931\"><strong>Energia<\/strong> <strong data-start=\"1768\" data-end=\"1782\">para turnos longos<\/strong> &ndash; A bateria de alta capacidade suporta digitaliza&ccedil;&otilde;es prolongadas; coloque a unidade na base inclu&iacute;da entre tarefas para recargas sem alterar os fluxos de trabalho.<\/p>\n<\/li>\n<li data-start=\"1932\" data-end=\"2123\">\n<p data-start=\"1934\" data-end=\"2123\"><strong>Simplicidade<\/strong> <strong data-start=\"1934\" data-end=\"1948\">pronta para a base<\/strong> &ndash; A base de carregamento e comunica&ccedil;&atilde;o permite um emparelhamento f&aacute;cil, montagem na secret&aacute;ria ou na parede e passagens de cabos limpas; uma base pode suportar uma rota&ccedil;&atilde;o eficiente de dispositivos em esta&ccedil;&otilde;es partilhadas.<\/p>\n<\/li>\n<li data-start=\"2124\" data-end=\"2300\">\n<p data-start=\"2126\" data-end=\"2300\"><strong>Integra&ccedil;&atilde;o<\/strong> <strong data-start=\"2126\" data-end=\"2138\">flex&iacute;vel<\/strong> &ndash; Funciona com configura&ccedil;&otilde;es comuns de POS, WMS e ERP; os perfis e as prefer&ecirc;ncias podem ser normalizados para que os novos scanners se juntem &agrave; frota com uma configura&ccedil;&atilde;o m&iacute;nima.<\/p>\n<\/li>\n<li data-start=\"2301\" data-end=\"2471\">\n<p data-start=\"2303\" data-end=\"2471\"><strong>Design<\/strong> <strong data-start=\"2303\" data-end=\"2318\">repar&aacute;vel<\/strong> &ndash; Os componentes de desgaste substitu&iacute;veis no terreno e a bateria acess&iacute;vel ajudam a prolongar o ciclo de vida e a manter o custo total de propriedade previs&iacute;vel em todas as implementa&ccedil;&otilde;es.<\/p>\n<\/li>\n<li data-start=\"2472\" data-end=\"2627\">\n<p data-start=\"2474\" data-end=\"2627\"><strong>Feedback<\/strong> <strong data-start=\"2474\" data-end=\"2492\">aud&iacute;vel\/visual<\/strong> &ndash; O sinal sonoro claro e os LEDs de estado confirmam as boas leituras em ambientes ruidosos ou com muita luz, reduzindo as novas leituras e mantendo as linhas a fluir.<\/p>\n<\/li>\n<\/ul>\n<h2 data-start=\"2629\" data-end=\"2686\">Principais vantagens do Honeywell Intermec Granit 1911i IG<\/h2>\n<h3 data-start=\"2688\" data-end=\"2731\">Constru&iacute;do para ambientes industriais adversos<\/h3>\n<p data-start=\"2732\" data-end=\"2898\">Um inv&oacute;lucro rugged constru&iacute;do propositadamente resiste ao p&oacute;, &agrave; humidade, &agrave; vibra&ccedil;&atilde;o e aos impactos encontrados em armaz&eacute;ns e estaleiros, ajudando as equipas a evitar tempo de inatividade devido a falhas do dispositivo.<\/p>\n<h3 data-start=\"2900\" data-end=\"2932\">Mobilidade sem compromissos<\/h3>\n<p data-start=\"2933\" data-end=\"3101\">O funcionamento sem fios com uma base dedicada proporciona liberdade de movimentos em torno de paletes e ve&iacute;culos, mantendo uma liga&ccedil;&atilde;o consistente para uma capta&ccedil;&atilde;o de dados r&aacute;pida e precisa.<\/p>\n<h3 data-start=\"3103\" data-end=\"3128\">Verifica&ccedil;&otilde;es mais r&aacute;pidas e mais limpas<\/h3>\n<p data-start=\"3129\" data-end=\"3298\">Um motor de imagem de &aacute;rea l&ecirc; c&oacute;digos de barras dif&iacute;ceis em cart&atilde;o canelado, pel&iacute;cula retr&aacute;til e superf&iacute;cies curvas &ndash; melhorando o rendimento, reduzindo as filas de espera e diminuindo a frustra&ccedil;&atilde;o do operador.<\/p>\n<h3 data-start=\"3300\" data-end=\"3330\">Menor fric&ccedil;&atilde;o operacional<\/h3>\n<p data-start=\"3331\" data-end=\"3494\">O carregamento drop-in, o emparelhamento simples e os perfis de configura&ccedil;&atilde;o padronizados facilitam a implementa&ccedil;&atilde;o, rota&ccedil;&atilde;o e manuten&ccedil;&atilde;o de dispositivos em turnos e esta&ccedil;&otilde;es.<\/p>\n<h3 data-start=\"3496\" data-end=\"3524\">Propriedade amiga da frota<\/h3>\n<p data-start=\"3525\" data-end=\"3677\">As pe&ccedil;as de desgaste substitu&iacute;veis e os acess&oacute;rios robustos aumentam o valor do ciclo de vida, enquanto a ergonomia consistente e as sugest&otilde;es de feedback reduzem o tempo de forma&ccedil;&atilde;o para o novo pessoal.<\/p>\n<h2 data-start=\"3679\" data-end=\"3697\">Casos de utiliza&ccedil;&atilde;o ideais<\/h2>\n<ul data-start=\"3698\" data-end=\"4280\">\n<li data-start=\"3698\" data-end=\"3820\">\n<p data-start=\"3700\" data-end=\"3820\"><strong data-start=\"3700\" data-end=\"3728\">Armaz&eacute;m e distribui&ccedil;&atilde;o<\/strong> &ndash; Entrada\/sa&iacute;da, coloca&ccedil;&atilde;o em armaz&eacute;m, contagens de ciclos e verifica&ccedil;&atilde;o de recolha em prateleiras e docas.<\/p>\n<\/li>\n<li data-start=\"3821\" data-end=\"3940\">\n<p data-start=\"3823\" data-end=\"3940\"><strong data-start=\"3823\" data-end=\"3853\">Fabrico e Ind&uacute;stria<\/strong> &ndash; Varrimentos WIP na linha, verifica&ccedil;&atilde;o de pe&ccedil;as e controlos de qualidade em &aacute;reas ruidosas e poeirentas.<\/p>\n<\/li>\n<li data-start=\"3941\" data-end=\"4051\">\n<p data-start=\"3943\" data-end=\"4051\"><strong data-start=\"3943\" data-end=\"3968\">Transporte e log&iacute;stica<\/strong> &ndash; Opera&ccedil;&otilde;es de cross-dock e de estaleiro, triagem de encomendas e carga\/descarga de itiner&aacute;rios.<\/p>\n<\/li>\n<li data-start=\"4052\" data-end=\"4170\">\n<p data-start=\"4054\" data-end=\"4170\"><strong data-start=\"4054\" data-end=\"4078\">Retalho Back-of-House<\/strong> &ndash; Rece&ccedil;&atilde;o, invent&aacute;rio de retaguarda e reabastecimento onde a durabilidade e a mobilidade s&atilde;o importantes.<\/p>\n<\/li>\n<li data-start=\"4171\" data-end=\"4280\">\n<p data-start=\"4173\" data-end=\"4280\"><strong data-start=\"4173\" data-end=\"4202\">Servi&ccedil;o de campo e servi&ccedil;os p&uacute;blicos<\/strong> &ndash; Digitaliza&ccedil;&atilde;o de activos e contadores em espa&ccedil;os de trabalho m&oacute;veis e condi&ccedil;&otilde;es climat&eacute;ricas adversas.<\/p>\n<\/li>\n<\/ul>\n<h2 data-start=\"4282\" data-end=\"4347\">Compara&ccedil;&otilde;es de produtos para o Honeywell Intermec Granit 1911i IG<\/h2>\n<ul data-start=\"4348\" data-end=\"4947\">\n<li data-start=\"4348\" data-end=\"4563\">\n<p data-start=\"4350\" data-end=\"4563\"><a href=\"https:\/\/micronordic.com\/product\/honeywell-granit-1981i-bt-w-cradle\/\"><strong>Honeywell Intermec Granit 1981i<\/strong><\/a> &ndash; Escolha <strong data-start=\"4395\" data-end=\"4411\">o Granit 1981i<\/strong> quando necessitar de digitaliza&ccedil;&atilde;o sem fios de longo alcance (por exemplo, etiquetas de prateleiras &agrave; dist&acirc;ncia); escolha o <strong data-start=\"4499\" data-end=\"4518\">Granit 1911i IG<\/strong> para um alcance equilibrado e ergonomia para todo o dia.<\/p>\n<\/li>\n<li data-start=\"4564\" data-end=\"4743\">\n<p data-start=\"4566\" data-end=\"4743\"><a href=\"https:\/\/micronordic.com\/product\/honeywell-granit-1980i-cable-ex-stand\/\"><strong data-start=\"4566\" data-end=\"4601\">Honeywell Intermec Granit 1980i<\/strong> <\/a>&ndash; Escolha <strong data-start=\"4609\" data-end=\"4625\">o Granit 1980i<\/strong> para uma configura&ccedil;&atilde;o de longo alcance com fio em esta&ccedil;&otilde;es fixas; escolha <strong data-start=\"4680\" data-end=\"4699\">o Granit 1911i IG<\/strong> para liberdade sem fio com uma base compacta.<\/p>\n<\/li>\n<li data-start=\"4744\" data-end=\"4947\">\n<p data-start=\"4746\" data-end=\"4947\"><a href=\"https:\/\/micronordic.com\/product\/honeywell-xenon-xp-1952g-cable-w-stand\/\"><strong data-start=\"4746\" data-end=\"4774\">Honeywell Xenon XP 1952g<\/strong><\/a> &ndash; Selecione <strong data-start=\"4784\" data-end=\"4802\">o Xenon XP 1952g<\/strong> para fluxos de trabalho sem fios de retalho\/ind&uacute;stria ligeira; selecione o <strong data-start=\"4858\" data-end=\"4877\">Granit 1911i IG<\/strong> quando necessitar de uma constru&ccedil;&atilde;o mais pesada e de capacidade de sobreviv&ecirc;ncia industrial.<\/p>\n<\/li>\n<\/ul>\n<\/div>\n<\/div>\n<\/div>\n","protected":false},"excerpt":{"rendered":"<h3>Especifica\u00e7\u00f5es<\/h3>\n<ul>\n<li><strong>Conectividade:<\/strong> Bluetooth sem fios; inclui a base de carregamento e comunica\u00e7\u00e3o para emparelhamento, dados e carregamento<\/li>\n<li><strong>Certifica\u00e7\u00f5es rugged:<\/strong> Caixa industrial rugged; resist\u00eancia ao impacto, ao p\u00f3 e \u00e0 humidade<\/li>\n<li><strong>Seguran\u00e7a:<\/strong> Modos padr\u00e3o de emparelhamento\/autentica\u00e7\u00e3o Bluetooth<\/li>\n<li><strong>Bateria:<\/strong> Pacote recarreg\u00e1vel concebido para turnos prolongados; carregamento atrav\u00e9s da base inclu\u00edda<\/li>\n<li><strong>Dimens\u00f5es e peso:<\/strong> Fator de forma industrial port\u00e1til (varia consoante a configura\u00e7\u00e3o)<\/li>\n<li><strong>Garantia: <\/strong>Os novos produtos t\u00eam uma garantia do fabricante de 2 anos<\/li>\n<\/ul>\n","protected":false},"author":16,"featured_media":96603,"template":"","meta":{"_acf_changed":false,"inline_featured_image":false},"product-condition":[5248],"product_brand":[8966],"product_cat":[5208,5213,5210],"product_tag":[4878],"class_list":{"0":"post-46029","1":"product","2":"type-product","3":"status-publish","4":"has-post-thumbnail","6":"product-condition-new-in-box","7":"product_brand-honeywell-intermec","8":"product_cat-honeywell-intermec","9":"product_cat-all-barcode-scanners","10":"product_cat-new-in-box-rugged-hardware","11":"product_tag-wrd-pt-pt","13":"first","14":"instock","15":"taxable","16":"shipping-taxable","17":"purchasable","18":"product-type-simple"},"acf":[],"_links":{"self":[{"href":"https:\/\/micronordic.com\/pt-pt\/wp-json\/wp\/v2\/product\/46029","targetHints":{"allow":["GET"]}}],"collection":[{"href":"https:\/\/micronordic.com\/pt-pt\/wp-json\/wp\/v2\/product"}],"about":[{"href":"https:\/\/micronordic.com\/pt-pt\/wp-json\/wp\/v2\/types\/product"}],"author":[{"embeddable":true,"href":"https:\/\/micronordic.com\/pt-pt\/wp-json\/wp\/v2\/users\/16"}],"version-history":[{"count":2,"href":"https:\/\/micronordic.com\/pt-pt\/wp-json\/wp\/v2\/product\/46029\/revisions"}],"predecessor-version":[{"id":98435,"href":"https:\/\/micronordic.com\/pt-pt\/wp-json\/wp\/v2\/product\/46029\/revisions\/98435"}],"wp:featuredmedia":[{"embeddable":true,"href":"https:\/\/micronordic.com\/pt-pt\/wp-json\/wp\/v2\/media\/96603"}],"wp:attachment":[{"href":"https:\/\/micronordic.com\/pt-pt\/wp-json\/wp\/v2\/media?parent=46029"}],"wp:term":[{"taxonomy":"product-condition","embeddable":true,"href":"https:\/\/micronordic.com\/pt-pt\/wp-json\/wp\/v2\/product-condition?post=46029"},{"taxonomy":"product_brand","embeddable":true,"href":"https:\/\/micronordic.com\/pt-pt\/wp-json\/wp\/v2\/product_brand?post=46029"},{"taxonomy":"product_cat","embeddable":true,"href":"https:\/\/micronordic.com\/pt-pt\/wp-json\/wp\/v2\/product_cat?post=46029"},{"taxonomy":"product_tag","embeddable":true,"href":"https:\/\/micronordic.com\/pt-pt\/wp-json\/wp\/v2\/product_tag?post=46029"}],"curies":[{"name":"wp","href":"https:\/\/api.w.org\/{rel}","templated":true}]}}