{"id":46025,"date":"2018-05-06T13:47:11","date_gmt":"2018-05-06T11:47:11","guid":{"rendered":"https:\/\/micronordic.com\/product\/computador-de-mao-movel-zebra-tc51-tc510k-recondicionado\/"},"modified":"2025-11-24T16:59:58","modified_gmt":"2025-11-24T15:59:58","slug":"zebra-tc51-rugged-touch-computer-refurbished","status":"publish","type":"product","link":"https:\/\/micronordic.com\/pt-pt\/product\/zebra-tc51-rugged-touch-computer-refurbished\/","title":{"rendered":"Zebra TC51 Handheld Mobile Computer (EX-DEMO)"},"content":{"rendered":"<?xml encoding=\"utf-8\" ?><h2 data-start=\"0\" data-end=\"48\">Zebra TC51 Handheld Mobile Computer (Ex-Demo)<\/h2><p data-start=\"50\" data-end=\"713\">O <strong data-start=\"54\" data-end=\"68\">Zebra TC51<\/strong> <strong data-start=\"94\" data-end=\"122\">Handheld Mobile Computer<\/strong> &eacute; um <strong data-start=\"94\" data-end=\"122\">computador de m&atilde;o<\/strong> empresarial compacto, concebido para captura de dados r&aacute;pida e fi&aacute;vel e execu&ccedil;&atilde;o de tarefas no retalho, armazenagem, hotelaria e servi&ccedil;o no terreno. Sendo uma unidade <strong data-start=\"245\" data-end=\"256\">Ex-Demo<\/strong>, teve uma breve utiliza&ccedil;&atilde;o de demonstra&ccedil;&atilde;o e foi cuidadosamente renovada antes da revenda &ndash; pe&ccedil;as de desgaste externas substitu&iacute;das (pl&aacute;sticos frontais\/traseiros e digitalizadores), acess&oacute;rios normais inclu&iacute;dos, salvo indica&ccedil;&atilde;o em contr&aacute;rio, e fornecida normalmente numa caixa castanha simples. <\/p><p data-start=\"50\" data-end=\"713\">Os dispositivos Ex-Demo incluem uma <strong>garantia de 12 meses da Micro Nordic<\/strong>, proporcionando um computador m&oacute;vel totalmente funcional a um pre&ccedil;o muito reduzido.<\/p><p data-start=\"715\" data-end=\"965\">Com uma experi&ecirc;ncia familiar do Android, digitaliza&ccedil;&atilde;o empresarial integrada e um ecossistema de acess&oacute;rios comprovado, o <strong data-start=\"821\" data-end=\"835\">Zebra TC51<\/strong> ajuda as equipas a moverem-se mais rapidamente, a reduzirem os erros e a manterem-se ligadas durante turnos atarefados &ndash; no ch&atilde;o de f&aacute;brica, no armaz&eacute;m e na estrada.<\/p><h2 data-start=\"967\" data-end=\"1000\">Principais carater&iacute;sticas do Zebra TC51<\/h2><ul data-start=\"1001\" data-end=\"2276\">\n<li data-start=\"1001\" data-end=\"1173\">\n<p data-start=\"1003\" data-end=\"1173\"><strong>Design<\/strong> <strong data-start=\"1003\" data-end=\"1013\">rugged<\/strong> <strong>mas elegante<\/strong> &ndash; Concebido para suportar os golpes do dia a dia, o p&oacute; e os salpicos ocasionais, mantendo-se fino e acess&iacute;vel para fluxos de trabalho na rece&ccedil;&atilde;o e nos bastidores.<\/p>\n<\/li>\n<li data-start=\"1174\" data-end=\"1317\">\n<p data-start=\"1176\" data-end=\"1317\"><strong data-start=\"1176\" data-end=\"1187\">Plataforma Android<\/strong> &ndash; O Android preparado para as empresas com ferramentas de gest&atilde;o empresarial simplifica a implementa&ccedil;&atilde;o de aplica&ccedil;&otilde;es, as actualiza&ccedil;&otilde;es e a aplica&ccedil;&atilde;o de pol&iacute;ticas.<\/p>\n<\/li>\n<li data-start=\"1318\" data-end=\"1466\">\n<p data-start=\"1320\" data-end=\"1466\"><strong>Digitaliza&ccedil;&atilde;o<\/strong> <strong data-start=\"1320\" data-end=\"1334\">integrada<\/strong> &ndash; A imagem 1D\/2D da empresa l&ecirc; rapidamente etiquetas gastas, com pouco contraste e curvas para reduzir as novas digitaliza&ccedil;&otilde;es e acelerar as transac&ccedil;&otilde;es.<\/p>\n<\/li>\n<li data-start=\"1467\" data-end=\"1619\">\n<p data-start=\"1469\" data-end=\"1619\"><strong>Ecr&atilde;<\/strong> <strong data-start=\"1469\" data-end=\"1490\">leg&iacute;vel &agrave; luz do sol<\/strong> &ndash; O ecr&atilde; t&aacute;til brilhante e amigo das luvas permite uma introdu&ccedil;&atilde;o precisa de formul&aacute;rios, picaretas e fluxos de trabalho guiados em condi&ccedil;&otilde;es de ilumina&ccedil;&atilde;o mista.<\/p>\n<\/li>\n<li data-start=\"1620\" data-end=\"1750\">\n<p data-start=\"1622\" data-end=\"1750\"><strong>Formato<\/strong> <strong data-start=\"1622\" data-end=\"1635\">ergon&oacute;mico<\/strong> &ndash; O peso equilibrado, o toque reativo e os controlos t&aacute;cteis minimizam a fadiga durante tarefas de grande volume.<\/p>\n<\/li>\n<li data-start=\"1751\" data-end=\"1886\">\n<p data-start=\"1753\" data-end=\"1886\"><strong>Sem fios<\/strong> <strong data-start=\"1753\" data-end=\"1765\">fi&aacute;vel<\/strong> &ndash; O Wi-Fi e o Bluetooth da empresa mant&ecirc;m os dados, as mensagens e o push-to-talk a fluir em toda a loja ou armaz&eacute;m.<\/p>\n<\/li>\n<li data-start=\"1887\" data-end=\"2007\">\n<p data-start=\"1889\" data-end=\"2007\"><strong data-start=\"1889\" data-end=\"1899\">Seguro<\/strong> <strong>desde a conce&ccedil;&atilde;o<\/strong> &ndash; As protec&ccedil;&otilde;es suportadas por hardware e as actualiza&ccedil;&otilde;es geridas do SO ajudam a proteger os dispositivos e os dados sens&iacute;veis.<\/p>\n<\/li>\n<li data-start=\"2008\" data-end=\"2132\">\n<p data-start=\"2010\" data-end=\"2132\"><strong data-start=\"2010\" data-end=\"2024\">Gerenci&aacute;vel<\/strong> <strong>em escala<\/strong> &ndash; Configura&ccedil;&atilde;o centralizada, prepara&ccedil;&atilde;o e suporte remoto reduzem a sobrecarga de TI em grandes frotas.<\/p>\n<\/li>\n<li data-start=\"2133\" data-end=\"2276\">\n<p data-start=\"2135\" data-end=\"2276\"><strong>Ecossistema<\/strong> <strong data-start=\"2135\" data-end=\"2148\">de acess&oacute;rios<\/strong> &ndash; Suportes, tren&oacute;s, carregadores e coldres suportam configura&ccedil;&otilde;es espec&iacute;ficas de fun&ccedil;&otilde;es, desde a frente de loja at&eacute; &agrave; sala de stocks e entregas.<\/p>\n<\/li>\n<\/ul><h2 data-start=\"2278\" data-end=\"2311\">Principais vantagens do Zebra TC51<\/h2><h3 data-start=\"2313\" data-end=\"2364\">Constru&iacute;do para condi&ccedil;&otilde;es exigentes no retalho e no terreno<\/h3><p data-start=\"2365\" data-end=\"2520\">Uma constru&ccedil;&atilde;o dur&aacute;vel e orientada para a empresa suporta quedas, poeiras e derrames di&aacute;rios, para que as equipas se mantenham produtivas em ch&atilde;o de f&aacute;brica apinhado, nas salas das traseiras e na rua.<\/p><h3 data-start=\"2522\" data-end=\"2554\">Captura mais r&aacute;pida, menos erros<\/h3><p data-start=\"2555\" data-end=\"2703\">A gera&ccedil;&atilde;o de imagens 1D\/2D integrada e os fluxos de trabalho Android reactivos reduzem as novas verifica&ccedil;&otilde;es e os erros de digita&ccedil;&atilde;o, melhorando os tempos de fila, a precis&atilde;o da separa&ccedil;&atilde;o e a experi&ecirc;ncia do cliente.<\/p><h3 data-start=\"2705\" data-end=\"2736\">Opera&ccedil;&otilde;es sempre ligadas<\/h3><p data-start=\"2737\" data-end=\"2895\">A rede sem fios empresarial fi&aacute;vel mant&eacute;m as tarefas, o invent&aacute;rio e as mensagens sincronizadas em segundo plano enquanto o pessoal se desloca entre o piso de vendas, o armaz&eacute;m e o cais de carga.<\/p><h3 data-start=\"2897\" data-end=\"2941\">Propriedade previs&iacute;vel com valor Ex-Demo<\/h3><p data-start=\"2942\" data-end=\"3113\">O pre&ccedil;o Ex-Demo oferece funcionalidades quase novas com desconto, enquanto as pe&ccedil;as de desgaste substitu&iacute;veis, as baterias e os acess&oacute;rios comprovados prolongam o ciclo de vida e simplificam o planeamento de pe&ccedil;as sobresselentes.<\/p><h3 data-start=\"3115\" data-end=\"3135\">Pronto para as frotas<\/h3><p data-start=\"3136\" data-end=\"3295\">Perfis padronizados, suporte remoto e acess&oacute;rios consistentes facilitam a implementa&ccedil;&atilde;o em escala e mant&ecirc;m os dispositivos prontos para a miss&atilde;o em todos os turnos e locais.<\/p><h2 data-start=\"3297\" data-end=\"3315\">Casos de utiliza&ccedil;&atilde;o ideais<\/h2><ul data-start=\"3316\" data-end=\"3838\">\n<li data-start=\"3316\" data-end=\"3431\">\n<p data-start=\"3318\" data-end=\"3431\"><strong data-start=\"3318\" data-end=\"3342\">Retalho e hotelaria<\/strong> &ndash; Venda assistida, verifica&ccedil;&atilde;o de pre&ccedil;os, consulta de invent&aacute;rio e POS m&oacute;vel na loja.<\/p>\n<\/li>\n<li data-start=\"3432\" data-end=\"3543\">\n<p data-start=\"3434\" data-end=\"3543\"><strong data-start=\"3434\" data-end=\"3462\">Armaz&eacute;m e distribui&ccedil;&atilde;o<\/strong> &ndash; Opera&ccedil;&otilde;es de coloca&ccedil;&atilde;o em armaz&eacute;m, recolha, contagens de ciclos e opera&ccedil;&otilde;es de doca com digitaliza&ccedil;&atilde;o fi&aacute;vel.<\/p>\n<\/li>\n<li data-start=\"3544\" data-end=\"3637\">\n<p data-start=\"3546\" data-end=\"3637\"><strong data-start=\"3546\" data-end=\"3574\">Servi&ccedil;o de campo e entrega<\/strong> &ndash; Ordens de trabalho, prova de entrega e digitaliza&ccedil;&atilde;o de activos em movimento.<\/p>\n<\/li>\n<li data-start=\"3638\" data-end=\"3749\">\n<p data-start=\"3640\" data-end=\"3749\"><strong data-start=\"3640\" data-end=\"3662\">Apoio aos cuidados de sa&uacute;de<\/strong> &ndash; Invent&aacute;rio n&atilde;o cl&iacute;nico, salas de abastecimento e rastreio de equipamento (fluxos de trabalho das instala&ccedil;&otilde;es).<\/p>\n<\/li>\n<li data-start=\"3750\" data-end=\"3838\">\n<p data-start=\"3752\" data-end=\"3838\"><strong data-start=\"3752\" data-end=\"3769\">Fabrico<\/strong> &ndash; Verifica&ccedil;&atilde;o de pe&ccedil;as na linha de produ&ccedil;&atilde;o, controlo WIP e tarefas de manuten&ccedil;&atilde;o.<\/p>\n<\/li>\n<\/ul><h2 data-start=\"3840\" data-end=\"3881\">Compara&ccedil;&otilde;es de produtos para o Zebra TC51<\/h2><ul data-start=\"3882\" data-end=\"4568\">\n<li data-start=\"3882\" data-end=\"4145\">\n<p data-start=\"3884\" data-end=\"4145\"><strong data-start=\"3884\" data-end=\"3998\"><a class=\"decorated-link cursor-pointer\" href=\"https:\/\/micronordic.com\/product\/zebra-tc52-mobile-handheld-computer-refurbished\/\" target=\"_new\" rel=\"noopener\" data-start=\"3886\" data-end=\"3996\">Zebra TC52\/TC52x<\/a><\/strong> &ndash; Dispositivo de m&atilde;o Android mais recente com ciclo de vida prolongado e ergonomia aprimorada; escolha o TC52\/TC52x para uma plataforma mais moderna e suporte de longo prazo ao sistema operacional.<\/p>\n<\/li>\n<li data-start=\"4146\" data-end=\"4361\">\n<p data-start=\"4148\" data-end=\"4361\"><a href=\"https:\/\/micronordic.com\/product\/zebra-tc57ho-mobile-handheld-computer-refurbished\/\"><strong data-start=\"4148\" data-end=\"4250\">Zebra TC57<\/strong> <\/a>&ndash; Modelo irm&atilde;o com telem&oacute;vel integrado para equipas no terreno; escolha o TC57 quando a conetividade de &aacute;rea alargada &eacute; essencial.<\/p>\n<\/li>\n<li data-start=\"4362\" data-end=\"4568\">\n<p data-start=\"4364\" data-end=\"4568\"><a href=\"https:\/\/micronordic.com\/product\/zebra-tc56-mobile-handheld-computer-refurbished\/\"><strong data-start=\"4364\" data-end=\"4466\">Zebra TC56<\/strong> <\/a>&ndash; Irm&atilde;o de gera&ccedil;&atilde;o anterior; selecione o TC56 se precisar de um fator de forma semelhante com WWAN em frotas antigas.<\/p>\n<\/li>\n<\/ul>\n","protected":false},"excerpt":{"rendered":"<p>SELECCIONE UMA VARIANTE ABAIXO! Contacte-nos se precisar de ajuda para encontrar a variante de produto correta. <\/p>\n<h3>Especifica\u00e7\u00f5es:<\/h3>\n<ul>\n<li><strong>Ecr\u00e3:<\/strong> Ecr\u00e3 t\u00e1til brilhante, utiliz\u00e1vel em exteriores; entrada de dados f\u00e1cil de utilizar com luvas<\/li>\n<li><strong>Processador:<\/strong> CPU m\u00f3vel de classe empresarial (baseado em Android)<\/li>\n<li><strong>Gr\u00e1ficos:<\/strong> Integrados<\/li>\n<li><strong>Mem\u00f3ria:<\/strong> RAM configur\u00e1vel para fluxos de trabalho com v\u00e1rias aplica\u00e7\u00f5es<\/li>\n<li><strong>Armazenamento:<\/strong> Armazenamento integrado com op\u00e7\u00f5es de expans\u00e3o (dependente do modelo)<\/li>\n<li><strong>Conectividade:<\/strong> Wi-Fi empresarial, Bluetooth; variantes WWAN opcionais em modelos relacionados; base de liga\u00e7\u00e3o para secret\u00e1ria\/ve\u00edculo<\/li>\n<li><strong>Certifica\u00e7\u00f5es rugged:<\/strong> Durabilidade empresarial para quedas, p\u00f3 e humidade (dependente do modelo)<\/li>\n<li><strong>Seguran\u00e7a:<\/strong> Suporte gerido para Android, autentica\u00e7\u00e3o empresarial e gest\u00e3o de dispositivos<\/li>\n<li><strong>Bateria:<\/strong> Pacote substitu\u00edvel no terreno concebido para utiliza\u00e7\u00e3o em v\u00e1rios turnos; suportes de carregamento dispon\u00edveis<\/li>\n<li><strong>Dimens\u00f5es e peso:<\/strong> Fator de forma port\u00e1til compacto (varia consoante a configura\u00e7\u00e3o)<\/li>\n<li><strong>Garantia:<\/strong> Ex-Demo: 12 meses da Micro Nordic<\/li>\n<\/ul>\n<p><strong>Por favor, escolha o modelo correto abaixo, antes de o adicionar ao carrinho<\/strong><\/p>\n","protected":false},"author":16,"featured_media":61772,"template":"","meta":{"_acf_changed":false,"inline_featured_image":false},"product-condition":[5282],"product_brand":[9010],"product_cat":[5209,5213,5207],"product_tag":[3226,3240,3170,3310,3198,3296,3338,3324,3282,3184,3268,3254,3212],"class_list":{"0":"post-46025","1":"product","2":"type-product","3":"status-publish","4":"has-post-thumbnail","6":"product-condition-ex-demo","7":"product_brand-zebra","8":"product_cat-zebra","9":"product_cat-all-barcode-scanners","10":"product_cat-refurbished-rugged-hardware","11":"product_tag-tc510k-1hdzu2p-a6-pt-pt","12":"product_tag-tc510k-1hdzu4p-a6-pt-pt","13":"product_tag-tc510k-1pazu2p-a6-pt-pt","14":"product_tag-tc510k-1pazu2p-us-pt-pt","15":"product_tag-tc510k-1pazu4p-a6-pt-pt","16":"product_tag-tc510k-1pazu4p-ia-pt-pt","17":"product_tag-tc510k-1pazu4p-us-pt-pt","18":"product_tag-tc510k-2hdzu2p-a6-pt-pt","19":"product_tag-tc510k-2hdzu4p-a6-pt-pt","20":"product_tag-tc510k-2pazu2p-a6-pt-pt","21":"product_tag-tc510k-2pazu2p-us-pt-pt","22":"product_tag-tc510k-2pazu4p-a6-pt-pt","23":"product_tag-tc510k-2pazu4p-us-pt-pt","24":"pa_model-part-number-tc510k-1hdzu2p-a6","25":"pa_model-part-number-tc510k-1hdzu4p-a6","26":"pa_model-part-number-tc510k-1pazu2p-a6","27":"pa_model-part-number-tc510k-1pazu4p-a6","28":"pa_model-part-number-tc510k-2hdzu2p-a6","29":"pa_model-part-number-tc510k-2hdzu4p-a6","30":"pa_model-part-number-tc510k-2pazu2p-a6","31":"pa_model-part-number-tc510k-2pazu2p-us","33":"first","34":"instock","35":"taxable","36":"shipping-taxable","37":"purchasable","38":"product-type-variable","39":"has-default-attributes"},"acf":[],"_links":{"self":[{"href":"https:\/\/micronordic.com\/pt-pt\/wp-json\/wp\/v2\/product\/46025","targetHints":{"allow":["GET"]}}],"collection":[{"href":"https:\/\/micronordic.com\/pt-pt\/wp-json\/wp\/v2\/product"}],"about":[{"href":"https:\/\/micronordic.com\/pt-pt\/wp-json\/wp\/v2\/types\/product"}],"author":[{"embeddable":true,"href":"https:\/\/micronordic.com\/pt-pt\/wp-json\/wp\/v2\/users\/16"}],"version-history":[{"count":3,"href":"https:\/\/micronordic.com\/pt-pt\/wp-json\/wp\/v2\/product\/46025\/revisions"}],"predecessor-version":[{"id":98512,"href":"https:\/\/micronordic.com\/pt-pt\/wp-json\/wp\/v2\/product\/46025\/revisions\/98512"}],"wp:featuredmedia":[{"embeddable":true,"href":"https:\/\/micronordic.com\/pt-pt\/wp-json\/wp\/v2\/media\/61772"}],"wp:attachment":[{"href":"https:\/\/micronordic.com\/pt-pt\/wp-json\/wp\/v2\/media?parent=46025"}],"wp:term":[{"taxonomy":"product-condition","embeddable":true,"href":"https:\/\/micronordic.com\/pt-pt\/wp-json\/wp\/v2\/product-condition?post=46025"},{"taxonomy":"product_brand","embeddable":true,"href":"https:\/\/micronordic.com\/pt-pt\/wp-json\/wp\/v2\/product_brand?post=46025"},{"taxonomy":"product_cat","embeddable":true,"href":"https:\/\/micronordic.com\/pt-pt\/wp-json\/wp\/v2\/product_cat?post=46025"},{"taxonomy":"product_tag","embeddable":true,"href":"https:\/\/micronordic.com\/pt-pt\/wp-json\/wp\/v2\/product_tag?post=46025"}],"curies":[{"name":"wp","href":"https:\/\/api.w.org\/{rel}","templated":true}]}}