{"id":46015,"date":"2018-04-26T13:46:55","date_gmt":"2018-04-26T11:46:55","guid":{"rendered":"https:\/\/micronordic.com\/product\/computador-de-mao-movel-zebra-mc3200-recondicionado\/"},"modified":"2025-11-20T13:24:32","modified_gmt":"2025-11-20T12:24:32","slug":"zebra-mc3200-mobile-handheld-computer-refurbished","status":"publish","type":"product","link":"https:\/\/micronordic.com\/pt-pt\/product\/zebra-mc3200-mobile-handheld-computer-refurbished\/","title":{"rendered":"Zebra MC3200 Handheld Mobile Computer (EX-DEMO)"},"content":{"rendered":"<?xml encoding=\"utf-8\" ?><h2 data-start=\"461\" data-end=\"510\">Zebra MC3200 Handheld Mobile Computer (EX-DEMO)<\/h2><p data-start=\"512\" data-end=\"975\">O <strong data-start=\"516\" data-end=\"557\">Zebra MC3200 Handheld Mobile Computer<\/strong> &eacute; um dispositivo de m&eacute;dio porte dur&aacute;vel e vers&aacute;til, constru&iacute;do para escaneamento e captura de dados profissionais. Concebido para aumentar a efici&ecirc;ncia em ambientes de armazenamento, retalho e log&iacute;stica, combina um desempenho fi&aacute;vel com conforto ergon&oacute;mico. Dispon&iacute;vel na <strong data-start=\"812\" data-end=\"828\">Micro Nordic<\/strong> como uma unidade <strong data-start=\"835\" data-end=\"846\">EX-DEMO<\/strong>, este modelo foi totalmente testado, renovado e verificado para proporcionar um funcionamento fi&aacute;vel a um pre&ccedil;o altamente competitivo.  <\/p><p data-start=\"512\" data-end=\"975\"><strong>As unidades Ex-Demo incluem uma garantia de 12 meses da Micro Nordic.<\/strong><\/p><h2 data-start=\"977\" data-end=\"1039\">Principais recursos do Zebra MC3200 Handheld Mobile Computer<\/h2><ul data-start=\"1040\" data-end=\"1889\">\n<li data-start=\"1040\" data-end=\"1184\">\n<p data-start=\"1042\" data-end=\"1184\"><strong data-start=\"1042\" data-end=\"1077\">Design tipo pistola ou tipo tijolo<\/strong> &ndash; Escolha entre um punho de pistola tradicional para uma leitura r&aacute;pida ou um modelo de corpo reto para utiliza&ccedil;&atilde;o port&aacute;til.<\/p>\n<\/li>\n<li data-start=\"1185\" data-end=\"1265\">\n<p data-start=\"1187\" data-end=\"1265\"><strong data-start=\"1187\" data-end=\"1216\">Leve e ergon&oacute;mico<\/strong> &ndash; Reduz a fadiga do operador durante turnos longos.<\/p>\n<\/li>\n<li data-start=\"1266\" data-end=\"1362\">\n<p data-start=\"1268\" data-end=\"1362\"><strong data-start=\"1268\" data-end=\"1300\">Desempenho de n&iacute;vel empresarial<\/strong> &ndash; O processamento de n&uacute;cleo duplo garante um tratamento suave das aplica&ccedil;&otilde;es.<\/p>\n<\/li>\n<li data-start=\"1363\" data-end=\"1469\">\n<p data-start=\"1365\" data-end=\"1469\"><strong data-start=\"1365\" data-end=\"1394\">Leitura avan&ccedil;ada de c&oacute;digos de barras<\/strong> &ndash; L&ecirc; rapidamente c&oacute;digos de barras 1D e 2D, mesmo quando danificados ou mal impressos.<\/p>\n<\/li>\n<li data-start=\"1470\" data-end=\"1582\">\n<p data-start=\"1472\" data-end=\"1582\"><strong data-start=\"1472\" data-end=\"1499\">M&uacute;ltiplas configura&ccedil;&otilde;es<\/strong> &ndash; Suporta Android&trade; e Windows CE 7.0 para uma integra&ccedil;&atilde;o empresarial flex&iacute;vel.<\/p>\n<\/li>\n<li data-start=\"1583\" data-end=\"1695\">\n<p data-start=\"1585\" data-end=\"1695\"><strong data-start=\"1585\" data-end=\"1609\">Constru&ccedil;&atilde;o duradoura<\/strong> &ndash; Testado contra quedas at&eacute; 1,8 m e selado de acordo com as normas IP54 para resist&ecirc;ncia ao p&oacute; e aos salpicos.<\/p>\n<\/li>\n<li data-start=\"1696\" data-end=\"1774\">\n<p data-start=\"1698\" data-end=\"1774\"><strong data-start=\"1698\" data-end=\"1723\">Bateria de troca a quente<\/strong> &ndash; Permite o funcionamento cont&iacute;nuo sem tempo de inatividade.<\/p>\n<\/li>\n<li data-start=\"1775\" data-end=\"1889\">\n<p data-start=\"1777\" data-end=\"1889\"><strong data-start=\"1777\" data-end=\"1802\">Certifica&ccedil;&atilde;o EX-DEMO<\/strong> &ndash; Totalmente renovado e verificado, garantindo um desempenho duradouro a um custo reduzido.<\/p>\n<\/li>\n<\/ul><h2 data-start=\"1891\" data-end=\"1908\">Principais benef&iacute;cios<\/h2><h3 data-start=\"1910\" data-end=\"1950\">Mobilidade empresarial rent&aacute;vel<\/h3><p data-start=\"1951\" data-end=\"2227\">O <strong data-start=\"1955\" data-end=\"1971\">Zebra MC3200<\/strong> oferece desempenho empresarial sem o pre&ccedil;o de um dispositivo novo. Cada unidade EX-DEMO vendida pela <strong data-start=\"2062\" data-end=\"2078\">Micro Nordic<\/strong> foi submetida a uma abrangente inspe&ccedil;&atilde;o, limpeza e substitui&ccedil;&atilde;o de componentes &ndash; oferecendo qualidade confi&aacute;vel por uma fra&ccedil;&atilde;o do custo de um hardware novo. <\/p><h3 data-start=\"2229\" data-end=\"2261\">Design ergon&oacute;mico tipo pistola<\/h3><p data-start=\"2262\" data-end=\"2457\">A <strong data-start=\"2275\" data-end=\"2303\">pega de gatilho tipo pistola<\/strong> do MC3200 permite que os utilizadores efectuem digitaliza&ccedil;&otilde;es de grande volume com o m&iacute;nimo de esfor&ccedil;o, tornando-o perfeito para os operadores de armaz&eacute;m, pessoal de log&iacute;stica e controladores de stocks de retalho.<\/p><h3 data-start=\"2459\" data-end=\"2509\">Integra&ccedil;&atilde;o perfeita com sistemas empresariais<\/h3><p data-start=\"2510\" data-end=\"2736\">Compat&iacute;vel com as plataformas Android&trade; e Windows CE, o MC3200 suporta aplicativos populares de gerenciamento de armaz&eacute;m e estoque. Ele tamb&eacute;m pode ser integrado ao conjunto Mobility DNA da Zebra para facilitar a configura&ccedil;&atilde;o do dispositivo e o gerenciamento remoto. <\/p><h3 data-start=\"2738\" data-end=\"2763\">Robusto e fi&aacute;vel<\/h3><p data-start=\"2764\" data-end=\"2966\">Constru&iacute;do para ser dur&aacute;vel, o MC3200 resiste a quedas, poeira e flutua&ccedil;&otilde;es de temperatura. Quer seja utilizado num armaz&eacute;m poeirento ou num piso de retalho movimentado, este dispositivo mant&eacute;m as opera&ccedil;&otilde;es a funcionar de forma eficiente. <\/p><h3 data-start=\"2968\" data-end=\"3007\">Qualidade EX-DEMO totalmente renovada<\/h3><p data-start=\"3008\" data-end=\"3247\">Todas as unidades <strong data-start=\"3012\" data-end=\"3023\">EX-DEMO<\/strong> s&atilde;o testadas exaustivamente, com substitui&ccedil;&atilde;o de pl&aacute;sticos, digitalizadores e baterias quando necess&aacute;rio. Os dispositivos s&atilde;o fornecidos em caixas castanhas gen&eacute;ricas com acess&oacute;rios padr&atilde;o &ndash; uma escolha inteligente e sustent&aacute;vel para empresas conscientes dos custos. <\/p><h2 data-start=\"3249\" data-end=\"3269\">Casos de utiliza&ccedil;&atilde;o ideais<\/h2><ul data-start=\"3270\" data-end=\"3720\">\n<li data-start=\"3270\" data-end=\"3361\">\n<p data-start=\"3272\" data-end=\"3361\"><strong data-start=\"3272\" data-end=\"3299\">Armazenamento e log&iacute;stica<\/strong> &ndash; Eficiente para a recolha de encomendas, embalagem e controlo de mercadorias.<\/p>\n<\/li>\n<li data-start=\"3362\" data-end=\"3446\">\n<p data-start=\"3364\" data-end=\"3446\"><strong data-start=\"3364\" data-end=\"3392\">Controlo de invent&aacute;rio de retalho<\/strong> &ndash; Simplifica a gest&atilde;o de stocks e as actualiza&ccedil;&otilde;es de pre&ccedil;os.<\/p>\n<\/li>\n<li data-start=\"3447\" data-end=\"3542\">\n<p data-start=\"3449\" data-end=\"3542\"><strong data-start=\"3449\" data-end=\"3477\">Opera&ccedil;&otilde;es de fabrico<\/strong> &ndash; Digitaliza&ccedil;&atilde;o e comunica&ccedil;&atilde;o fi&aacute;veis na &aacute;rea da produ&ccedil;&atilde;o.<\/p>\n<\/li>\n<li data-start=\"3543\" data-end=\"3626\">\n<p data-start=\"3545\" data-end=\"3626\"><strong data-start=\"3545\" data-end=\"3576\">Servi&ccedil;o de Campo e Manuten&ccedil;&atilde;o<\/strong> &ndash; Dur&aacute;vel para localiza&ccedil;&atilde;o de activos no exterior ou m&oacute;vel.<\/p>\n<\/li>\n<li data-start=\"3627\" data-end=\"3720\">\n<p data-start=\"3629\" data-end=\"3720\"><strong data-start=\"3629\" data-end=\"3660\">Distribui&ccedil;&atilde;o e Cadeia de Fornecimento<\/strong> &ndash; Digitaliza&ccedil;&atilde;o em tempo real para um fluxo de dados suave e eficiente.<\/p>\n<\/li>\n<\/ul><h2 data-start=\"3722\" data-end=\"3746\">Compara&ccedil;&otilde;es de produtos<\/h2><p data-start=\"3747\" data-end=\"3822\">Para as organiza&ccedil;&otilde;es que est&atilde;o a considerar alternativas, <strong data-start=\"3791\" data-end=\"3807\">a Micro Nordic<\/strong> tamb&eacute;m oferece:<\/p><ul data-start=\"3823\" data-end=\"4197\">\n<li data-start=\"3823\" data-end=\"3965\">\n<p data-start=\"3825\" data-end=\"3965\"><a href=\"https:\/\/micronordic.com\/product\/zebra-mc3300-mobile-handheld-computer-refurbished\/\"><strong data-start=\"3825\" data-end=\"3876\">Zebra MC3300 Handheld Mobile Computer<\/strong> <\/a>&ndash; O modelo de &uacute;ltima gera&ccedil;&atilde;o com Android&trade;, ergonomia melhorada e processamento mais r&aacute;pido.<\/p>\n<\/li>\n<li data-start=\"3966\" data-end=\"4080\">\n<p data-start=\"3968\" data-end=\"4080\"><a href=\"https:\/\/micronordic.com\/product\/zebra-mc9200-mobile-handheld-computer-refurbished\/\"><strong data-start=\"3968\" data-end=\"4009\">Zebra MC9200 Handheld Mobile Computer<\/strong> <\/a>&ndash; Um scanner de ponta, tipo pistola, com alcance e durabilidade superiores.<\/p>\n<\/li>\n<li data-start=\"4081\" data-end=\"4197\">\n<p data-start=\"4083\" data-end=\"4197\"><strong data-start=\"4083\" data-end=\"4135\"><a href=\"https:\/\/micronordic.com\/product\/zebra-tc57ho-mobile-handheld-computer-refurbished\/\">Zebra TC75 Handheld Mobile Computer<\/a> <\/strong>&ndash; Um dispositivo robusto com ecr&atilde; t&aacute;til Android para utiliza&ccedil;&atilde;o m&oacute;vel no terreno.<\/p>\n<\/li>\n<\/ul>\n","protected":false},"excerpt":{"rendered":"<p>SELECCIONE UMA VARIANTE ABAIXO! Contacte-nos se precisar de ajuda para encontrar a variante de produto correta. <\/p>\n<h3>Especifica\u00e7\u00f5es:<\/h3>\n<ul>\n<li><strong>Ecr\u00e3:<\/strong> Ecr\u00e3 t\u00e1til QVGA a cores de 3,2<\/li>\n<li><strong>Processador:<\/strong> Processador OMAP 4 dual-core de 1 GHz<\/li>\n<li><strong>Gr\u00e1ficos:<\/strong> Motor gr\u00e1fico integrado<\/li>\n<li><strong>Mem\u00f3ria:<\/strong> Op\u00e7\u00f5es de 512 MB \/ 1 GB de RAM<\/li>\n<li><strong>Armazenamento:<\/strong> 2 GB \/ 4 GB Flash, expans\u00edvel atrav\u00e9s de microSD (at\u00e9 32 GB)<\/li>\n<li><strong>Conectividade:<\/strong> Wi-Fi 802.11 a\/b\/g\/n, Bluetooth\u00ae 2.1 + EDR<\/li>\n<li><strong>Certifica\u00e7\u00f5es robustas:<\/strong> IP54, resist\u00eancia a quedas de 1,8 m (6 p\u00e9s)<\/li>\n<li><strong>Seguran\u00e7a:<\/strong> Seguran\u00e7a e encripta\u00e7\u00e3o empresarial ao n\u00edvel do SO<\/li>\n<li>Bateria<strong>:<\/strong> Bateria de i\u00f5es de l\u00edtio de 2740 mAh com permutador de calor<\/li>\n<li><strong>Dimens\u00f5es e peso:<\/strong> 193 \u00d7 70 \u00d7 35 mm, aprox. 370 g com bateria <\/li>\n<li><strong>Garantia:<\/strong> 12 meses de garantia EX-DEMO da Micro Nordic<\/li>\n<\/ul>\n<p><strong>Por favor, escolha o modelo correto abaixo, antes de o adicionar ao carrinho<\/strong><\/p>\n","protected":false},"author":16,"featured_media":100449,"template":"","meta":{"_acf_changed":false,"inline_featured_image":false},"product-condition":[5282],"product_brand":[9010],"product_cat":[5209,5213,5207],"product_tag":[],"class_list":{"0":"post-46015","1":"product","2":"type-product","3":"status-publish","4":"has-post-thumbnail","6":"product-condition-ex-demo","7":"product_brand-zebra","8":"product_cat-zebra","9":"product_cat-all-barcode-scanners","10":"product_cat-refurbished-rugged-hardware","11":"pa_model-part-number-mc32n0-gf4hcle0a","12":"pa_model-part-number-mc32n0-gi3hcheia","13":"pa_model-part-number-mc32n0-gl2hcle0a","14":"pa_model-part-number-mc32n0-gl4haheia","15":"pa_model-part-number-mc32n0-rl2sclk0a","16":"pa_model-part-number-mc32n0-rl3sclc0a","17":"pa_model-part-number-mc32n0-rl4saheia","18":"pa_model-part-number-mc32n0-si3hcle0a","19":"pa_model-part-number-mc32n0-si3scheia","20":"pa_model-part-number-mc32n0-si4scle0a","22":"first","23":"instock","24":"taxable","25":"shipping-taxable","26":"purchasable","27":"product-type-variable"},"acf":[],"_links":{"self":[{"href":"https:\/\/micronordic.com\/pt-pt\/wp-json\/wp\/v2\/product\/46015","targetHints":{"allow":["GET"]}}],"collection":[{"href":"https:\/\/micronordic.com\/pt-pt\/wp-json\/wp\/v2\/product"}],"about":[{"href":"https:\/\/micronordic.com\/pt-pt\/wp-json\/wp\/v2\/types\/product"}],"author":[{"embeddable":true,"href":"https:\/\/micronordic.com\/pt-pt\/wp-json\/wp\/v2\/users\/16"}],"version-history":[{"count":2,"href":"https:\/\/micronordic.com\/pt-pt\/wp-json\/wp\/v2\/product\/46015\/revisions"}],"predecessor-version":[{"id":98611,"href":"https:\/\/micronordic.com\/pt-pt\/wp-json\/wp\/v2\/product\/46015\/revisions\/98611"}],"wp:featuredmedia":[{"embeddable":true,"href":"https:\/\/micronordic.com\/pt-pt\/wp-json\/wp\/v2\/media\/100449"}],"wp:attachment":[{"href":"https:\/\/micronordic.com\/pt-pt\/wp-json\/wp\/v2\/media?parent=46015"}],"wp:term":[{"taxonomy":"product-condition","embeddable":true,"href":"https:\/\/micronordic.com\/pt-pt\/wp-json\/wp\/v2\/product-condition?post=46015"},{"taxonomy":"product_brand","embeddable":true,"href":"https:\/\/micronordic.com\/pt-pt\/wp-json\/wp\/v2\/product_brand?post=46015"},{"taxonomy":"product_cat","embeddable":true,"href":"https:\/\/micronordic.com\/pt-pt\/wp-json\/wp\/v2\/product_cat?post=46015"},{"taxonomy":"product_tag","embeddable":true,"href":"https:\/\/micronordic.com\/pt-pt\/wp-json\/wp\/v2\/product_tag?post=46015"}],"curies":[{"name":"wp","href":"https:\/\/api.w.org\/{rel}","templated":true}]}}