{"id":101913,"date":"2025-11-25T17:23:15","date_gmt":"2025-11-25T16:23:15","guid":{"rendered":"https:\/\/micronordic.com\/product\/dell-pro-rugged-laptop-14-novo\/"},"modified":"2026-01-20T12:39:39","modified_gmt":"2026-01-20T11:39:39","slug":"dell-pro-rugged-14-laptop","status":"publish","type":"product","link":"https:\/\/micronordic.com\/pt-pt\/product\/dell-pro-rugged-14-laptop\/","title":{"rendered":"Dell Pro Rugged Laptop 14 (NOVO)"},"content":{"rendered":"<?xml encoding=\"utf-8\" ?><h2 data-start=\"101\" data-end=\"135\">Dell Pro Rugged Laptop 14 (NOVO)<\/h2><p data-start=\"137\" data-end=\"536\">O <strong data-start=\"141\" data-end=\"170\">Dell Pro Rugged 14 Laptop<\/strong> &eacute; um <strong data-start=\"176\" data-end=\"206\">laptop Windows Semi-Rugged<\/strong> concebido para ambientes de trabalho exigentes que requerem durabilidade sem o peso e o custo de dispositivos totalmente robustos. Ideal para escrit&oacute;rios no terreno, ve&iacute;culos, locais de log&iacute;stica, armaz&eacute;ns e instala&ccedil;&otilde;es industriais, oferece uma prote&ccedil;&atilde;o mais forte do que os laptops empresariais normais, mantendo-se mais leve do que os sistemas tradicionais totalmente Rugged. <\/p><p data-start=\"538\" data-end=\"957\">Constru&iacute;do com veda&ccedil;&atilde;o ambiental melhorada, prote&ccedil;&atilde;o contra choques e componentes de n&iacute;vel empresarial, proporciona uma mobilidade pr&aacute;tica para t&eacute;cnicos, pessoal de seguran&ccedil;a p&uacute;blica e trabalhadores no terreno que operam em fluxos de trabalho desafiantes em interiores\/exteriores.<\/p><p data-start=\"538\" data-end=\"957\">Sendo um dispositivo <strong data-start=\"779\" data-end=\"786\">NOVO<\/strong>, o Dell Pro Rugged Laptop 14 inclui uma <strong data-start=\"836\" data-end=\"855\">garantia de 3 anos<\/strong>, oferecendo valor e fiabilidade a longo prazo para as organiza&ccedil;&otilde;es que utilizam a computa&ccedil;&atilde;o m&oacute;vel rugged.<\/p><h2 data-start=\"959\" data-end=\"1007\">Principais carater&iacute;sticas do Dell Pro Rugged Laptop 14<\/h2><ul data-start=\"1008\" data-end=\"2341\">\n<li data-start=\"1008\" data-end=\"1139\">\n<p data-start=\"1010\" data-end=\"1139\"><strong data-start=\"1010\" data-end=\"1033\">Chassis Semi R<\/strong> ugged &ndash; A constru&ccedil;&atilde;o refor&ccedil;ada protege os componentes internos contra choques, vibra&ccedil;&otilde;es, poeiras e riscos quotidianos no terreno.<\/p>\n<\/li>\n<li data-start=\"1140\" data-end=\"1274\">\n<p data-start=\"1142\" data-end=\"1274\"><strong data-start=\"1142\" data-end=\"1171\">Ecr&atilde; leg&iacute;vel &agrave; luz do sol<\/strong> &ndash; O painel Full HD de 14&Prime; com toque amig&aacute;vel opcional garante a visibilidade em ambientes exteriores com ilumina&ccedil;&atilde;o mista.<\/p>\n<\/li>\n<li data-start=\"1275\" data-end=\"1411\">\n<p data-start=\"1277\" data-end=\"1411\"><strong data-start=\"1277\" data-end=\"1303\">Desempenho de resposta r&aacute;pida<\/strong> &ndash; Os processadores Intel&reg; Core&trade; Ultra lidam com diagn&oacute;sticos, relat&oacute;rios, sistemas ERP e fluxos de trabalho de campo com v&aacute;rias aplica&ccedil;&otilde;es.<\/p>\n<\/li>\n<li data-start=\"1412\" data-end=\"1552\">\n<p data-start=\"1414\" data-end=\"1552\"><strong data-start=\"1414\" data-end=\"1443\">Produtividade em grande formato<\/strong> &ndash; Um ecr&atilde; de 14&Prime; oferece mais espa&ccedil;o de trabalho para a introdu&ccedil;&atilde;o de dados, esquemas, cartografia e aplica&ccedil;&otilde;es de inspe&ccedil;&atilde;o.<\/p>\n<\/li>\n<li data-start=\"1553\" data-end=\"1688\">\n<p data-start=\"1555\" data-end=\"1688\"><strong data-start=\"1555\" data-end=\"1586\">Configura&ccedil;&otilde;es personaliz&aacute;veis<\/strong> &ndash; As op&ccedil;&otilde;es flex&iacute;veis de mem&oacute;ria, armazenamento e conetividade permitem que as TI adaptem os sistemas a fun&ccedil;&otilde;es e or&ccedil;amentos.<\/p>\n<\/li>\n<li data-start=\"1689\" data-end=\"1825\">\n<p data-start=\"1691\" data-end=\"1825\"><strong data-start=\"1691\" data-end=\"1716\">Conectividade fi&aacute;vel<\/strong> &ndash; Wi-Fi 6E\/7, Bluetooth e banda larga m&oacute;vel opcional mant&ecirc;m as equipas ligadas em opera&ccedil;&otilde;es remotas ou m&oacute;veis.<\/p>\n<\/li>\n<li data-start=\"1826\" data-end=\"1964\">\n<p data-start=\"1828\" data-end=\"1964\"><strong data-start=\"1828\" data-end=\"1858\">Portas e ancoragem de alta velocidade<\/strong> &ndash; USB-C\/Thunderbolt e op&ccedil;&otilde;es de ancoragem rugged simplificam as transi&ccedil;&otilde;es entre a loja, o ve&iacute;culo e o escrit&oacute;rio.<\/p>\n<\/li>\n<li data-start=\"1965\" data-end=\"2092\">\n<p data-start=\"1967\" data-end=\"2092\"><strong data-start=\"1967\" data-end=\"2003\">Seguran&ccedil;a e gest&atilde;o empresarial<\/strong> &ndash; A autentica&ccedil;&atilde;o moderna e os controlos BIOS suportam a implementa&ccedil;&atilde;o de frotas protegidas em escala.<\/p>\n<\/li>\n<li data-start=\"2093\" data-end=\"2216\">\n<p data-start=\"2095\" data-end=\"2216\"><strong data-start=\"2095\" data-end=\"2117\">Design repar&aacute;vel<\/strong> &ndash; Os componentes acess&iacute;veis ao utilizador simplificam a manuten&ccedil;&atilde;o, reduzem o tempo de inatividade e prolongam o ciclo de vida do produto.<\/p>\n<\/li>\n<li data-start=\"2217\" data-end=\"2341\">\n<p data-start=\"2219\" data-end=\"2341\"><strong data-start=\"2219\" data-end=\"2242\">Ecossistema de acess&oacute;rios<\/strong> &ndash; Suporta carregadores, suportes, bases de liga&ccedil;&atilde;o para ve&iacute;culos e acess&oacute;rios rugged optimizados para locais de trabalho m&oacute;veis.<\/p>\n<\/li>\n<\/ul><h2 data-start=\"2343\" data-end=\"2391\">Principais vantagens do Dell Pro Rugged Laptop 14<\/h2><h3 data-start=\"2393\" data-end=\"2440\">Mobilidade robusta sem volume totalmente Rugged<\/h3><p data-start=\"2441\" data-end=\"2567\">A constru&ccedil;&atilde;o Semi-Rugged resiste a ambientes de trabalho dif&iacute;ceis, mantendo-se mais leve do que os tradicionais laptops totalmente robustos.<\/p><h3 data-start=\"2569\" data-end=\"2617\">Espa&ccedil;o de trabalho maior para tarefas exigentes no terreno<\/h3><p data-start=\"2618\" data-end=\"2738\">Um ecr&atilde; de 14&Prime; melhora a produtividade dos utilizadores que trabalham com esquemas, formul&aacute;rios, ferramentas de mapeamento e dados de inspe&ccedil;&atilde;o complexos.<\/p><h3 data-start=\"2740\" data-end=\"2791\">Forte conetividade em ambientes mistos<\/h3><p data-start=\"2792\" data-end=\"2930\">A tecnologia sem fios de elevado desempenho e a banda larga m&oacute;vel opcional mant&ecirc;m o acesso a sistemas operacionais a partir de armaz&eacute;ns, ve&iacute;culos ou locais no terreno.<\/p><h3 data-start=\"2932\" data-end=\"2961\">Valor previs&iacute;vel da frota<\/h3><p data-start=\"2962\" data-end=\"3093\">Pe&ccedil;as que podem ser reparadas, configura&ccedil;&otilde;es normalizadas e uma garantia de 3 anos reduzem o custo total de propriedade e simplificam o planeamento do ciclo de vida.<\/p><h3 data-start=\"3095\" data-end=\"3132\">Pronto para a implementa&ccedil;&atilde;o empresarial<\/h3><p data-start=\"3133\" data-end=\"3253\">As ferramentas de seguran&ccedil;a, os controlos de gest&atilde;o e a consist&ecirc;ncia do hardware permitem uma implementa&ccedil;&atilde;o f&aacute;cil entre equipas, locais e fluxos de trabalho.<\/p><h2 data-start=\"3255\" data-end=\"3273\">Casos de utiliza&ccedil;&atilde;o ideais<\/h2><ul data-start=\"3274\" data-end=\"3822\">\n<li data-start=\"3274\" data-end=\"3385\">\n<p data-start=\"3276\" data-end=\"3385\"><strong data-start=\"3276\" data-end=\"3306\">Seguran&ccedil;a P&uacute;blica e Governo<\/strong> &ndash; Acesso m&oacute;vel a dados, relat&oacute;rios, computa&ccedil;&atilde;o de ve&iacute;culos e documenta&ccedil;&atilde;o segura.<\/p>\n<\/li>\n<li data-start=\"3386\" data-end=\"3495\">\n<p data-start=\"3388\" data-end=\"3495\"><strong data-start=\"3388\" data-end=\"3417\">Servi&ccedil;o de Campo e Utilit&aacute;rios<\/strong> &ndash; Diagn&oacute;sticos, registos de manuten&ccedil;&atilde;o, trabalho de inspe&ccedil;&atilde;o e actualiza&ccedil;&otilde;es de ordens de servi&ccedil;o.<\/p>\n<\/li>\n<li data-start=\"3496\" data-end=\"3605\">\n<p data-start=\"3498\" data-end=\"3605\"><strong data-start=\"3498\" data-end=\"3526\">Armaz&eacute;m e distribui&ccedil;&atilde;o<\/strong> &ndash; Controlo de p&aacute;tios, sistemas de encaminhamento, software de c&oacute;digos de barras e terminais operacionais.<\/p>\n<\/li>\n<li data-start=\"3606\" data-end=\"3717\">\n<p data-start=\"3608\" data-end=\"3717\"><strong data-start=\"3608\" data-end=\"3638\">Fabrico e Ind&uacute;stria<\/strong> &ndash; Controlos de qualidade, sistemas de manuten&ccedil;&atilde;o, ferramentas de produ&ccedil;&atilde;o e fluxos de trabalho de activos.<\/p>\n<\/li>\n<li data-start=\"3718\" data-end=\"3822\">\n<p data-start=\"3720\" data-end=\"3822\"><strong data-start=\"3720\" data-end=\"3745\">Transporte e log&iacute;stica<\/strong> &ndash; Roteiros, documenta&ccedil;&atilde;o de expedi&ccedil;&atilde;o, formul&aacute;rios digitais e tarefas de gest&atilde;o de frotas.<\/p>\n<\/li>\n<\/ul><h2 data-start=\"3824\" data-end=\"3880\">Compara&ccedil;&otilde;es de produtos para o Dell Pro Rugged Laptop 14<\/h2><ul data-start=\"3881\" data-end=\"4375\">\n<li data-start=\"3881\" data-end=\"4029\">\n<p data-start=\"3883\" data-end=\"4029\"><a href=\"https:\/\/micronordic.com\/product\/dell-pro-rugged-13-laptop\/\"><strong data-start=\"3883\" data-end=\"3912\">Rugged Laptop Dell Pro 13<\/strong><\/a> &ndash; Escolha 13&Prime; para uma op&ccedil;&atilde;o mais leve e <strong data-start=\"3967\" data-end=\"3989\">Semi-Rugged<\/strong>; escolha <strong data-start=\"3967\" data-end=\"3989\">Dell Pro Rugged 14<\/strong> para mais espa&ccedil;o no ecr&atilde; e visibilidade.<\/p>\n<\/li>\n<li data-start=\"4030\" data-end=\"4214\">\n<p data-start=\"4032\" data-end=\"4214\"><a href=\"https:\/\/micronordic.com\/product\/dell-rugged-extreme-5430-new\/\"><strong data-start=\"4032\" data-end=\"4061\">Dell Latitude Rugged 5430<\/strong><\/a> &ndash; Escolha o Latitude 5430 Rugged para um suporte mais alargado do ecossistema de TI; escolha o <strong data-start=\"4133\" data-end=\"4155\">Dell Pro Rugged 14<\/strong> para uma prote&ccedil;&atilde;o rugged equilibrada com menor peso e custo.<\/p>\n<\/li>\n<li data-start=\"4215\" data-end=\"4375\">\n<p data-start=\"4217\" data-end=\"4375\"><a href=\"https:\/\/micronordic.com\/product\/panasonic-toughbook-fz-55\/\"><strong data-start=\"4217\" data-end=\"4243\">Panasonic Toughbook 55<\/strong><\/a> &ndash; Selecione o Toughbook 55 para expans&atilde;o modular; selecione o <strong data-start=\"4296\" data-end=\"4318\">Dell Pro Rugged 14<\/strong> para uma durabilidade Semi-Rugged mais simples e econ&oacute;mica.<\/p>\n<\/li>\n<\/ul>\n","protected":false},"excerpt":{"rendered":"<h3>Especifica\u00e7\u00f5es:<\/h3>\n<ul>\n<li><strong>Ecr\u00e3:<\/strong> 14\u2033 leg\u00edvel no exterior; t\u00e1til opcional que permite o uso de luvas<\/li>\n<li><strong>Processador:<\/strong> Intel\u00ae Core\u2122 s\u00e9rie Ultra (configur\u00e1vel)<\/li>\n<li><strong>Gr\u00e1ficos:<\/strong> GPU integrada (dependente do modelo)<\/li>\n<li><strong>Mem\u00f3ria:<\/strong> 8 GB DDR5 (modelo b\u00e1sico), atualiz\u00e1vel at\u00e9 64 GB<\/li>\n<li><strong>Armazenamento:<\/strong> SSD PCIe NVMe de 256 GB (modelo b\u00e1sico), atualiz\u00e1vel para 2 TB<\/li>\n<li><strong>Conectividade:<\/strong> Wi-Fi 6E\/7, Bluetooth; banda larga m\u00f3vel e GNSS opcionais<\/li>\n<li><strong>Certifica\u00e7\u00f5es rugged:<\/strong> Semi Rugged; prote\u00e7\u00e3o ambiental e contra choques melhorada<\/li>\n<li><strong>Seguran\u00e7a:<\/strong> TPM, protec\u00e7\u00f5es da BIOS, leitor opcional de cart\u00f5es inteligentes\/impress\u00f5es digitais<\/li>\n<li><strong>Bateria:<\/strong> Longa dura\u00e7\u00e3o em turnos com suporte para hot-swap<\/li>\n<li><strong>Dimens\u00f5es e peso:<\/strong> Rugged Laptop de 14\u2033 (varia consoante a configura\u00e7\u00e3o)<\/li>\n<li><strong>Garantia:<\/strong> 3 anos de garantia (dispositivo NOVO)<\/li>\n<\/ul>\n","protected":false},"author":24,"featured_media":99907,"template":"","meta":{"_acf_changed":false,"inline_featured_image":false},"product-condition":[5248],"product_brand":[8943],"product_cat":[5212,5210,5205],"product_tag":[],"class_list":{"0":"post-101913","1":"product","2":"type-product","3":"status-publish","4":"has-post-thumbnail","6":"product-condition-new-in-box","7":"product_brand-dell","8":"product_cat-all-rugged-laptops","9":"product_cat-new-in-box-rugged-hardware","10":"product_cat-dell-rugged","12":"first","13":"instock","14":"taxable","15":"shipping-taxable","16":"purchasable","17":"product-type-simple"},"acf":[],"_links":{"self":[{"href":"https:\/\/micronordic.com\/pt-pt\/wp-json\/wp\/v2\/product\/101913","targetHints":{"allow":["GET"]}}],"collection":[{"href":"https:\/\/micronordic.com\/pt-pt\/wp-json\/wp\/v2\/product"}],"about":[{"href":"https:\/\/micronordic.com\/pt-pt\/wp-json\/wp\/v2\/types\/product"}],"author":[{"embeddable":true,"href":"https:\/\/micronordic.com\/pt-pt\/wp-json\/wp\/v2\/users\/24"}],"version-history":[{"count":1,"href":"https:\/\/micronordic.com\/pt-pt\/wp-json\/wp\/v2\/product\/101913\/revisions"}],"predecessor-version":[{"id":101989,"href":"https:\/\/micronordic.com\/pt-pt\/wp-json\/wp\/v2\/product\/101913\/revisions\/101989"}],"wp:featuredmedia":[{"embeddable":true,"href":"https:\/\/micronordic.com\/pt-pt\/wp-json\/wp\/v2\/media\/99907"}],"wp:attachment":[{"href":"https:\/\/micronordic.com\/pt-pt\/wp-json\/wp\/v2\/media?parent=101913"}],"wp:term":[{"taxonomy":"product-condition","embeddable":true,"href":"https:\/\/micronordic.com\/pt-pt\/wp-json\/wp\/v2\/product-condition?post=101913"},{"taxonomy":"product_brand","embeddable":true,"href":"https:\/\/micronordic.com\/pt-pt\/wp-json\/wp\/v2\/product_brand?post=101913"},{"taxonomy":"product_cat","embeddable":true,"href":"https:\/\/micronordic.com\/pt-pt\/wp-json\/wp\/v2\/product_cat?post=101913"},{"taxonomy":"product_tag","embeddable":true,"href":"https:\/\/micronordic.com\/pt-pt\/wp-json\/wp\/v2\/product_tag?post=101913"}],"curies":[{"name":"wp","href":"https:\/\/api.w.org\/{rel}","templated":true}]}}