{"id":90707,"date":"2025-09-29T09:02:23","date_gmt":"2025-09-29T07:02:23","guid":{"rendered":"https:\/\/micronordic.com\/product\/getac-s510-g1-semi-rugged-laptop-nowosc\/"},"modified":"2025-11-17T09:12:47","modified_gmt":"2025-11-17T08:12:47","slug":"product-getac-s510-g1-semi-rugged-laptop","status":"publish","type":"product","link":"https:\/\/micronordic.com\/pl\/product\/product-getac-s510-g1-semi-rugged-laptop\/","title":{"rendered":"Getac S510 G1 Semi-Rugged Laptop (NOWO\u015a\u0106)"},"content":{"rendered":"<?xml encoding=\"utf-8\" ?><h2 data-start=\"222\" data-end=\"258\">Getac S510 G1 Semi-Rugged Laptop<\/h2><p data-start=\"260\" data-end=\"851\">Getac S510 G1 to Semi-Rugged Laptop stworzony do pracy tam, gdzie standardowe urz&#261;dzenia konsumenckie po prostu nie mog&#261;. &#321;&#261;czy w sobie komputery klasy korporacyjnej ze sprawdzon&#261; wytrzyma&#322;o&#347;ci&#261;, dzi&#281;ki czemu jest idealny dla profesjonalist&oacute;w pracuj&#261;cych w &#347;rodowiskach wymagaj&#261;cych zar&oacute;wno wydajno&#347;ci, jak i odporno&#347;ci. Od plac&oacute;w budowy i zak&#322;ad&oacute;w przemys&#322;owych po us&#322;ugi terenowe i operacje bezpiecze&#324;stwa publicznego, S510 G1 zapewnia niezawodno&#347;&#263; bez po&#347;wi&#281;cania szybko&#347;ci, jako&#347;ci wy&#347;wietlania lub elastyczno&#347;ci. Zaprojektowany dla systemu Windows 11 Pro i wyposa&#380;ony w sprz&#281;t gotowy do obs&#322;ugi sztucznej inteligencji, zapewnia przysz&#322;o&#347;ciow&#261; wydajno&#347;&#263; w wielu bran&#380;ach.    Nowe produkty obj&#281;te s&#261; 3-letni&#261; gwarancj&#261; producenta.<\/p><h2 data-start=\"853\" data-end=\"910\">Kluczowe cechy laptopa Getac S510 G1 Semi-Rugged Laptop<\/h2><ul data-start=\"912\" data-end=\"2210\">\n<li data-start=\"912\" data-end=\"1038\">\n<p data-start=\"914\" data-end=\"1038\">Wytrzyma&#322;o&#347;&#263; Semi-Rugged &ndash; certyfikat MIL-STD-810H i IP53, test na upadek z wysoko&#347;ci 3 st&oacute;p i dzia&#322;anie w temperaturach od -29 &deg;C do 63 &deg;C.<\/p>\n<\/li>\n<li data-start=\"1039\" data-end=\"1184\">\n<p data-start=\"1041\" data-end=\"1184\">Wy&#347;wietlacz 15,6&Prime; czytelny w &#347;wietle s&#322;onecznym &ndash; panel FHD o jasno&#347;ci 1000 nit&oacute;w z technologi&#261; LumiBond&reg;, zapewniaj&#261;cy czytelno&#347;&#263; na zewn&#261;trz i obs&#322;ug&#281; dotykow&#261; w r&#281;kawicach.<\/p>\n<\/li>\n<li data-start=\"1185\" data-end=\"1346\">\n<p data-start=\"1187\" data-end=\"1346\">Wydajno&#347;&#263; gotowa na AI &ndash; zasilana przez procesory Intel&reg; Core&trade; Ultra 5\/7 ze zintegrowanym AI Boost, opcjonalnym vPro&reg; i dyskretn&#261; grafik&#261; NVIDIA&reg; Quadro RTX&trade; A500.<\/p>\n<\/li>\n<li data-start=\"1347\" data-end=\"1439\">\n<p data-start=\"1349\" data-end=\"1439\">Podw&oacute;jne baterie z mo&#380;liwo&#347;ci&#261; wymiany podczas pracy &ndash; d&#322;u&#380;szy czas pracy bez przestoj&oacute;w podczas wymiany baterii.<\/p>\n<\/li>\n<li data-start=\"1440\" data-end=\"1603\">\n<p data-start=\"1442\" data-end=\"1603\">Elastyczna rozbudowa &ndash; modu&#322;owa wn&#281;ka multimedialna obs&#322;uguje drugi dysk SSD, nap&#281;d optyczny lub czytnik kod&oacute;w kreskowych; porty Thunderbolt&trade; 4 Type-C umo&#380;liwiaj&#261; szybki transfer danych.<\/p>\n<\/li>\n<li data-start=\"1604\" data-end=\"1738\">\n<p data-start=\"1606\" data-end=\"1738\">Nowoczesna &#322;&#261;czno&#347;&#263; &ndash; Wi-Fi 7, Bluetooth 5.4, obs&#322;uga dw&oacute;ch kart SIM (Nano + eSIM) i opcjonalnie 4G\/5G LTE plus GPS dla globalnej mobilno&#347;ci.<\/p>\n<\/li>\n<li data-start=\"1739\" data-end=\"1888\">\n<p data-start=\"1741\" data-end=\"1888\">Zaawansowane zabezpieczenia &ndash; TPM 2.0, rozpoznawanie twarzy Windows Hello, skaner linii papilarnych, opcje kart inteligentnych i RFID oraz obs&#322;uga samoszyfruj&#261;cych dysk&oacute;w SSD.<\/p>\n<\/li>\n<li data-start=\"1889\" data-end=\"1998\">\n<p data-start=\"1891\" data-end=\"1998\">Klucz Microsoft Copilot &ndash; Dedykowany klucz zapewniaj&#261;cy szybki dost&#281;p do narz&#281;dzi produktywno&#347;ci i wsp&oacute;&#322;pracy opartych na sztucznej inteligencji.<\/p>\n<\/li>\n<li data-start=\"1999\" data-end=\"2118\">\n<p data-start=\"2001\" data-end=\"2118\">Zr&oacute;wnowa&#380;ony projekt &ndash; podwozie wykonane w ponad 45% z materia&#322;&oacute;w pochodz&#261;cych z recyklingu, co zmniejsza wp&#322;yw na &#347;rodowisko.<\/p>\n<\/li>\n<li data-start=\"2119\" data-end=\"2210\">\n<p data-start=\"2121\" data-end=\"2210\">Gwarancja w zestawie &ndash; standardowa 3-letnia ograniczona gwarancja zapewnia spok&oacute;j ducha.<\/p>\n<\/li>\n<\/ul><h2 data-start=\"2212\" data-end=\"2269\">Kluczowe zalety laptopa Getac S510 G1 Semi-Rugged Laptop<\/h2><h3 data-start=\"2271\" data-end=\"2309\">Wytrzyma&#322;a wydajno&#347;&#263; i mobilno&#347;&#263;<\/h3><p data-start=\"2310\" data-end=\"2741\">Getac S510 G1 oferuje idealn&#261; r&oacute;wnowag&#281;: smuklejszy i l&#380;ejszy ni&#380; wiele laptop&oacute;w Fully Rugged, a jednocze&#347;nie wystarczaj&#261;co wytrzyma&#322;y, aby poradzi&#263; sobie z upadkami, kurzem, wibracjami i ekstremalnymi temperaturami. Jako urz&#261;dzenie typu Semi-Rugged, zosta&#322;o stworzone specjalnie dla organizacji, kt&oacute;re potrzebuj&#261; prawdziwej niezawodno&#347;ci bez masy w pe&#322;ni wytrzyma&#322;ych system&oacute;w. Ta r&oacute;wnowaga sprawia, &#380;e jest to praktyczny wyb&oacute;r dla zespo&#322;&oacute;w pracuj&#261;cych w terenie, kt&oacute;re wymagaj&#261; trwa&#322;o&#347;ci i mobilno&#347;ci w r&oacute;wnym stopniu.  <\/p><h3 data-start=\"2743\" data-end=\"2774\">Wy&#347;wietlacz czytelny w &#347;wietle s&#322;onecznym<\/h3><p data-start=\"2775\" data-end=\"3184\">Dzi&#281;ki wy&#347;wietlaczowi FHD o przek&#261;tnej 15,6&Prime; i jasno&#347;ci 1000 nit&oacute;w, S510 G1 zapewnia doskona&#322;&#261; widoczno&#347;&#263; nawet w bezpo&#347;rednim &#347;wietle s&#322;onecznym. Technologia LumiBond&reg; zwi&#281;ksza kontrast i obs&#322;uguje obs&#322;ug&#281; dotykow&#261; w r&#281;kawicach, zapewniaj&#261;c profesjonalistom mo&#380;liwo&#347;&#263; pracy w ka&#380;dych warunkach. W bran&#380;ach takich jak budownictwo i us&#322;ugi komunalne, gdzie praca na zewn&#261;trz jest norm&#261;, monitor ten eliminuje przestoje spowodowane s&#322;ab&#261; widoczno&#347;ci&#261; ekranu.  <\/p><h3 data-start=\"3186\" data-end=\"3212\">Wydajno&#347;&#263; gotowa na sztuczn&#261; inteligencj&#281;<\/h3><p data-start=\"3213\" data-end=\"3701\">Nap&#281;dzany procesorami Intel&reg; Core&trade; Ultra ze zintegrowan&#261; akceleracj&#261; AI i opcjonaln&#261; grafik&#261; NVIDIA&reg; Quadro RTX&trade;, S510 G1 obs&#322;uguje zar&oacute;wno standardowe aplikacje biznesowe, jak i wymagaj&#261;ce obci&#261;&#380;enia, takie jak CAD, GIS i analiza danych. Dzi&#281;ki maksymalnie 64 GB pami&#281;ci RAM DDR5 i rozszerzalnej pami&#281;ci masowej SSD, zosta&#322; zaprojektowany z my&#347;l&#261; o p&#322;ynnej wielozadaniowo&#347;ci i skalowalno&#347;ci. Dedykowany klawisz Microsoft Copilot zapewnia natychmiastowy dost&#281;p do narz&#281;dzi zwi&#281;kszaj&#261;cych produktywno&#347;&#263; opartych na sztucznej inteligencji, zapewniaj&#261;c zespo&#322;om nowy poziom wydajno&#347;ci w terenie.  <\/p><h3 data-start=\"3703\" data-end=\"3722\">Moc przez ca&#322;y dzie&#324;<\/h3><p data-start=\"3723\" data-end=\"4062\">Podw&oacute;jne baterie z mo&#380;liwo&#347;ci&#261; wymiany podczas pracy pozwalaj&#261; na ci&#261;g&#322;e u&#380;ytkowanie w terenie. Profesjonali&#347;ci mog&#261; wymienia&#263; wyczerpane baterie bez wy&#322;&#261;czania urz&#261;dzenia, utrzymuj&#261;c p&#322;ynn&#261; prac&#281; przez ca&#322;y dzie&#324; &ndash; nawet gdy opcje &#322;adowania s&#261; ograniczone. W przypadku d&#322;ugich zmian w odleg&#322;ych lokalizacjach funkcja ta zapewnia sta&#322;y czas pracy i nieprzerwan&#261; produktywno&#347;&#263;.  <\/p><h3 data-start=\"4064\" data-end=\"4099\">Bezpiecze&#324;stwo stworzone dla przedsi&#281;biorstw<\/h3><p data-start=\"4100\" data-end=\"4396\">Ochrona danych jest priorytetem dzi&#281;ki TPM 2.0, Windows Hello, skanerom linii papilarnych, opcjom czytnik&oacute;w kart inteligentnych i RFID oraz obs&#322;udze samoszyfruj&#261;cych dysk&oacute;w SSD. Funkcje te zapewniaj&#261; zgodno&#347;&#263; z korporacyjnymi i rz&#261;dowymi wymogami bezpiecze&#324;stwa, jednocze&#347;nie zmniejszaj&#261;c ryzyko naruszenia danych w terenie. <\/p><h3 data-start=\"4398\" data-end=\"4425\">&#321;&#261;czno&#347;&#263; w dowolnym miejscu<\/h3><p data-start=\"4426\" data-end=\"4793\">Wyposa&#380;ony w Wi-Fi 7, Bluetooth 5.4, dwie karty SIM (Nano + eSIM) i opcjonalnie 4G\/5G LTE z GPS, S510 G1 zapewnia zespo&#322;om &#322;&#261;czno&#347;&#263; niezale&#380;nie od tego, czy s&#261; w biurze, w drodze, czy pracuj&#261; w odleg&#322;ych obszarach. Ten poziom &#322;&#261;czno&#347;ci zapewnia dost&#281;p do danych w czasie rzeczywistym i komunikacj&#281; w r&oacute;&#380;nych &#347;rodowiskach, umo&#380;liwiaj&#261;c p&#322;ynn&#261; prac&#281; nawet w trudnych warunkach. <\/p><h3 data-start=\"4795\" data-end=\"4831\">Wszechstronno&#347;&#263; dla ka&#380;dego przep&#322;ywu pracy<\/h3><p data-start=\"4832\" data-end=\"5231\">Modu&#322;owa wn&#281;ka multimedialna zapewnia niezr&oacute;wnan&#261; wszechstronno&#347;&#263;, umo&#380;liwiaj&#261;c u&#380;ytkownikom dodanie drugiego dysku SSD, nap&#281;du optycznego, a nawet czytnika kod&oacute;w kreskowych w zale&#380;no&#347;ci od ich potrzeb. W po&#322;&#261;czeniu z portami Thunderbolt&trade; 4, S510 G1 &#322;atwo dostosowuje si&#281; do specjalistycznych przep&#322;yw&oacute;w pracy w bran&#380;ach takich jak budownictwo, logistyka i us&#322;ugi u&#380;yteczno&#347;ci publicznej. Ta elastyczno&#347;&#263; oznacza, &#380;e firmy mog&#261; dostosowa&#263; urz&#261;dzenie do zmieniaj&#261;cych si&#281; wymaga&#324; operacyjnych.  <\/p><h3 data-start=\"5233\" data-end=\"5274\">Zaprojektowany dla zr&oacute;wnowa&#380;onych operacji<\/h3><p data-start=\"5275\" data-end=\"5601\">Zbudowany w ponad 45% z materia&#322;&oacute;w pochodz&#261;cych z recyklingu, S510 G1 demonstruje zaanga&#380;owanie firmy Getac w zr&oacute;wnowa&#380;ony rozw&oacute;j. Organizacje mog&#261; inwestowa&#263; w technologi&#281; rugged bez uszczerbku dla cel&oacute;w &#347;rodowiskowych, dzi&#281;ki czemu ten laptop jest odpowiedzialnym wyborem dla nowoczesnych przedsi&#281;biorstw, kt&oacute;re znajduj&#261; si&#281; pod rosn&#261;c&#261; presj&#261;, aby osi&#261;gn&#261;&#263; cele ESG. <\/p><h3 data-start=\"5603\" data-end=\"5633\">Gwarancja i niezawodno&#347;&#263;<\/h3><p data-start=\"5634\" data-end=\"5855\">Obj&#281;ty trzyletni&#261; ograniczon&#261; gwarancj&#261;, S510 G1 zosta&#322; zaprojektowany z my&#347;l&#261; o d&#322;ugotrwa&#322;ej niezawodno&#347;ci. Klienci mog&#261; liczy&#263; na sta&#322;&#261; wydajno&#347;&#263;, solidne wsparcie i spok&oacute;j ducha od sprawdzonego producenta komputer&oacute;w typu rugged. <\/p><h2 data-start=\"5857\" data-end=\"5918\">Idealne przypadki u&#380;ycia dla laptopa Getac S510 G1 Semi-Rugged Laptop<\/h2><ul data-start=\"5920\" data-end=\"6548\">\n<li data-start=\"5920\" data-end=\"6048\">\n<p data-start=\"5922\" data-end=\"6048\"><strong data-start=\"5922\" data-end=\"5951\">Us&#322;ugi terenowe i narz&#281;dzia<\/strong> &ndash; niezawodny dost&#281;p do danych, &#322;&#261;czno&#347;&#263; i czas pracy dla technik&oacute;w pracuj&#261;cych w odleg&#322;ych lokalizacjach.<\/p>\n<\/li>\n<li data-start=\"6049\" data-end=\"6178\">\n<p data-start=\"6051\" data-end=\"6178\"><strong data-start=\"6051\" data-end=\"6083\">Budownictwo i produkcja<\/strong> &ndash; Wytrzyma&#322;o&#347;&#263; Semi Rugged i du&#380;y wy&#347;wietlacz do odczytu na zewn&#261;trz dla kierownik&oacute;w budowy i in&#380;ynier&oacute;w.<\/p>\n<\/li>\n<li data-start=\"6179\" data-end=\"6306\">\n<p data-start=\"6181\" data-end=\"6306\"><strong data-start=\"6181\" data-end=\"6206\">Transport i logistyka<\/strong> &ndash; Komunikacja w czasie rzeczywistym, integracja GPS i ca&#322;odzienne zasilanie dla floty i operacji magazynowych.<\/p>\n<\/li>\n<li data-start=\"6307\" data-end=\"6417\">\n<p data-start=\"6309\" data-end=\"6417\"><strong data-start=\"6309\" data-end=\"6336\">Bezpiecze&#324;stwo publiczne i obrona<\/strong> &ndash; niezawodna wydajno&#347;&#263; i zaawansowane zabezpieczenia dla aplikacji o znaczeniu krytycznym.<\/p>\n<\/li>\n<li data-start=\"6418\" data-end=\"6548\">\n<p data-start=\"6420\" data-end=\"6548\"><strong data-start=\"6420\" data-end=\"6447\">&#346;rodowiska przemys&#322;owe<\/strong> &ndash; Zbudowany, aby wytrzyma&#263; wibracje, kurz i zmienne temperatury w fabrykach lub przemy&#347;le ci&#281;&#380;kim.<\/p>\n<\/li>\n<\/ul><h2 data-start=\"6550\" data-end=\"6588\">Por&oacute;wnanie produkt&oacute;w Getac S510 G1<\/h2><p data-start=\"6590\" data-end=\"6857\">Laptop Getac S510 G1 Semi-Rugged Laptop zosta&#322; zaprojektowany tak, aby sprosta&#263; wymagaj&#261;cym &#347;rodowiskom, pozostaj&#261;c jednocze&#347;nie bardziej mobilnym ni&#380; bardziej masywne modele Fully Rugged. Dla organizacji por&oacute;wnuj&#261;cych swoje opcje, inne systemy Getac dost&#281;pne w MicroNordic mog&#261; by&#263; r&oacute;wnie&#380; warte rozwa&#380;enia: <\/p><ul data-start=\"6859\" data-end=\"7381\">\n<li data-start=\"6859\" data-end=\"7040\">\n<p data-start=\"6861\" data-end=\"7040\"><a href=\"https:\/\/micronordic.com\/product\/getac-s410-g5-semi-rugged-notebook\/\"><strong data-start=\"6861\" data-end=\"6947\">Getac S410 G5<\/strong> <\/a>&ndash; Mniejsze, l&#380;ejsze urz&#261;dzenie typu Semi Rugged, kt&oacute;re oferuje wytrzyma&#322;o&#347;&#263; w umiarkowanych warunkach.<\/p>\n<\/li>\n<li data-start=\"7041\" data-end=\"7201\">\n<p data-start=\"7043\" data-end=\"7201\"><a href=\"https:\/\/micronordic.com\/product\/getac-b360-g2-fully-rugged-laptop\/\"><strong data-start=\"7043\" data-end=\"7130\">Getac B360 G2<\/strong><\/a> &ndash; W pe&#322;ni wytrzyma&#322;a flagowa opcja stworzona do pracy w ekstremalnych warunkach.<\/p>\n<\/li>\n<li data-start=\"7202\" data-end=\"7381\">\n<p data-start=\"7204\" data-end=\"7381\"><a href=\"https:\/\/micronordic.com\/product\/getac-v110-g7-touch-fully-rugged-notebook\/\"><strong data-start=\"7204\" data-end=\"7303\">Getac V110 G7<\/strong><\/a> &ndash; Kompaktowy, w pe&#322;ni rugged konwertowalny laptop 11,6&Prime; do wymagaj&#261;cych zastosowa&#324; w terenie.<\/p>\n<\/li>\n<\/ul>\n","protected":false},"excerpt":{"rendered":"<h3 data-start=\"2381\" data-end=\"2408\">Specyfikacje:<\/h3>\n<ul>\n<li data-start=\"2411\" data-end=\"2514\"><strong data-start=\"2411\" data-end=\"2423\">Wy\u015bwietlacz:<\/strong> 15,6\u2033 FHD (1920\u00d71080), czytelny w \u015bwietle s\u0142onecznym 1000 nit\u00f3w, LumiBond\u00ae z opcjonalnym multi-touch<\/li>\n<li><strong data-start=\"2517\" data-end=\"2531\">Procesor:<\/strong> Intel\u00ae Core\u2122 Ultra 5 \/ Ultra 7, opcjonalnie vPro\u00ae<\/li>\n<li data-start=\"2583\" data-end=\"2660\"><strong data-start=\"2583\" data-end=\"2596\">Grafika:<\/strong> Zintegrowany uk\u0142ad graficzny Intel\u00ae, opcjonalnie NVIDIA\u00ae Quadro RTX\u2122 A500<\/li>\n<li data-start=\"2663\" data-end=\"2698\"><strong data-start=\"2663\" data-end=\"2674\">Pami\u0119\u0107:<\/strong> 8 GB, z mo\u017cliwo\u015bci\u0105 rozbudowy do 64 GB DDR5 RAM<\/li>\n<li data-start=\"2701\" data-end=\"2784\"><strong data-start=\"2701\" data-end=\"2713\">Pami\u0119\u0107 masowa:<\/strong> 256 GB, 2 TB NVMe SSD z mo\u017cliwo\u015bci\u0105 rozbudowy (do 3 TB z opcjonalnym drugim dyskiem SSD)<\/li>\n<li data-start=\"2787\" data-end=\"2857\"><strong data-start=\"2787\" data-end=\"2804\">\u0141\u0105czno\u015b\u0107:<\/strong> Wi-Fi 7, Bluetooth 5.4, opcjonalnie 4G\/5G LTE i GPS<\/li>\n<li data-start=\"2860\" data-end=\"2958\"><strong data-start=\"2860\" data-end=\"2886\">Certyfikaty rugged:<\/strong> MIL-STD-810H, IP53, odporno\u015b\u0107 na upadek z wysoko\u015bci 3 st\u00f3p, dzia\u0142anie w temperaturach od -29 \u00b0C do 63 \u00b0C<\/li>\n<li data-start=\"2961\" data-end=\"3056\"><strong data-start=\"2961\" data-end=\"2974\">Zabezpieczenia:<\/strong> TPM 2.0, skaner linii papilarnych, Windows Hello, opcjonalne czytniki kart inteligentnych i RFID<\/li>\n<li data-start=\"3059\" data-end=\"3123\"><strong data-start=\"3059\" data-end=\"3071\">Bateria:<\/strong> Podw\u00f3jne baterie z mo\u017cliwo\u015bci\u0105 wymiany podczas pracy zapewniaj\u0105 d\u0142u\u017cszy czas dzia\u0142ania<\/li>\n<li data-start=\"3126\" data-end=\"3187\"><strong data-start=\"3126\" data-end=\"3150\">Wymiary i waga:<\/strong> 375 \u00d7 277 \u00d7 39 mm, ok. 2,35 kg <\/li>\n<li data-start=\"3190\" data-end=\"3230\"><strong data-start=\"3190\" data-end=\"3203\">Gwarancja:<\/strong> 3-letnia ograniczona gwarancja<\/li>\n<\/ul>\n","protected":false},"author":24,"featured_media":99800,"template":"","meta":{"_acf_changed":false,"inline_featured_image":false},"product-condition":[5249],"product_brand":[8955],"product_cat":[5201,5197,5204],"product_tag":[],"class_list":{"0":"post-90707","1":"product","2":"type-product","3":"status-publish","4":"has-post-thumbnail","6":"product-condition-new-in-box","7":"product_brand-getac","8":"product_cat-all-rugged-laptops","9":"product_cat-new-in-box-rugged-hardware","10":"product_cat-getac-rugged","12":"first","13":"instock","14":"taxable","15":"shipping-taxable","16":"purchasable","17":"product-type-simple"},"acf":[],"_links":{"self":[{"href":"https:\/\/micronordic.com\/pl\/wp-json\/wp\/v2\/product\/90707","targetHints":{"allow":["GET"]}}],"collection":[{"href":"https:\/\/micronordic.com\/pl\/wp-json\/wp\/v2\/product"}],"about":[{"href":"https:\/\/micronordic.com\/pl\/wp-json\/wp\/v2\/types\/product"}],"author":[{"embeddable":true,"href":"https:\/\/micronordic.com\/pl\/wp-json\/wp\/v2\/users\/24"}],"version-history":[{"count":1,"href":"https:\/\/micronordic.com\/pl\/wp-json\/wp\/v2\/product\/90707\/revisions"}],"predecessor-version":[{"id":97699,"href":"https:\/\/micronordic.com\/pl\/wp-json\/wp\/v2\/product\/90707\/revisions\/97699"}],"wp:featuredmedia":[{"embeddable":true,"href":"https:\/\/micronordic.com\/pl\/wp-json\/wp\/v2\/media\/99800"}],"wp:attachment":[{"href":"https:\/\/micronordic.com\/pl\/wp-json\/wp\/v2\/media?parent=90707"}],"wp:term":[{"taxonomy":"product-condition","embeddable":true,"href":"https:\/\/micronordic.com\/pl\/wp-json\/wp\/v2\/product-condition?post=90707"},{"taxonomy":"product_brand","embeddable":true,"href":"https:\/\/micronordic.com\/pl\/wp-json\/wp\/v2\/product_brand?post=90707"},{"taxonomy":"product_cat","embeddable":true,"href":"https:\/\/micronordic.com\/pl\/wp-json\/wp\/v2\/product_cat?post=90707"},{"taxonomy":"product_tag","embeddable":true,"href":"https:\/\/micronordic.com\/pl\/wp-json\/wp\/v2\/product_tag?post=90707"}],"curies":[{"name":"wp","href":"https:\/\/api.w.org\/{rel}","templated":true}]}}