{"id":46252,"date":"2024-08-02T13:29:58","date_gmt":"2024-08-02T11:29:58","guid":{"rendered":"https:\/\/micronordic.com\/product\/zebra-et65-rugged-enterprise-tablet-new\/"},"modified":"2025-11-24T12:13:25","modified_gmt":"2025-11-24T11:13:25","slug":"zebra-et65-rugged-enterprise-tablet","status":"publish","type":"product","link":"https:\/\/micronordic.com\/pl\/product\/zebra-et65-rugged-enterprise-tablet\/","title":{"rendered":"Zebra ET65 Rugged Tablet (NOWO\u015a\u0106)"},"content":{"rendered":"<?xml encoding=\"utf-8\" ?><h2 data-start=\"384\" data-end=\"423\">Zebra ET65 Rugged Tablet dla przedsi&#281;biorstw<\/h2><p data-start=\"425\" data-end=\"981\"><strong data-start=\"429\" data-end=\"468\">Zebra ET65 Rugged Tablet dla przedsi&#281;biorstw<\/strong> zosta&#322; zaprojektowany z my&#347;l&#261; o najtrudniejszych warunkach pracy na zewn&#261;trz i w &#347;rodowiskach przemys&#322;owych, zapewniaj&#261;c wytrzyma&#322;o&#347;&#263; na najwy&#380;szym poziomie, ultrajasny wy&#347;wietlacz i najnowocze&#347;niejsz&#261; &#322;&#261;czno&#347;&#263;. Bazuj&#261;c na sprawdzonej platformie ET60, ET65 zosta&#322; zoptymalizowany pod k&#261;tem pracy w terenie dzi&#281;ki konstrukcji zgodnej z technologi&#261; 5G, zwi&#281;kszonej dok&#322;adno&#347;ci GPS i doskona&#322;ym certyfikatom rugged. Jest to idealny wyb&oacute;r dla organizacji, kt&oacute;re potrzebuj&#261; wydajnego, elastycznego tabletu, kt&oacute;ry rozwija si&#281; w krytycznych warunkach, takich jak bezpiecze&#324;stwo publiczne, us&#322;ugi u&#380;yteczno&#347;ci publicznej i transport. Nowe produkty obj&#281;te s&#261; 2-letni&#261; gwarancj&#261; producenta.<\/p><h2 data-start=\"983\" data-end=\"1032\">Najwa&#380;niejsze cechy tabletu Zebra ET65 Rugged Tablet<\/h2><ul data-start=\"1034\" data-end=\"2074\">\n<li data-start=\"1034\" data-end=\"1144\">\n<p data-start=\"1036\" data-end=\"1144\"><strong data-start=\"1036\" data-end=\"1059\">Bardzo wytrzyma&#322;a konstrukcja<\/strong> &ndash; certyfikat MIL-STD-810H, stopie&#324; ochrony IP66\/IP68 i odporno&#347;&#263; na upadki zapewniaj&#261; ekstremaln&#261; trwa&#322;o&#347;&#263;.<\/p>\n<\/li>\n<li data-start=\"1145\" data-end=\"1255\">\n<p data-start=\"1147\" data-end=\"1255\"><strong data-start=\"1147\" data-end=\"1175\">Bardzo jasny wy&#347;wietlacz 12&Prime;<\/strong> &ndash; czytelny w &#347;wietle s&#322;onecznym ekran dotykowy o jasno&#347;ci ponad 1000 nit&oacute;w z obs&#322;ug&#261; dotyku w r&#281;kawiczkach i na mokro.<\/p>\n<\/li>\n<li data-start=\"1256\" data-end=\"1354\">\n<p data-start=\"1258\" data-end=\"1354\"><strong data-start=\"1258\" data-end=\"1282\">Wydajno&#347;&#263; nowej generacji<\/strong> &ndash; o&#347;miordzeniowy procesor Qualcomm&reg; 6490 ze zintegrowan&#261; akceleracj&#261; AI.<\/p>\n<\/li>\n<li data-start=\"1355\" data-end=\"1468\">\n<p data-start=\"1357\" data-end=\"1468\"><strong data-start=\"1357\" data-end=\"1382\">&#321;&#261;czno&#347;&#263; 5G-first<\/strong> &ndash; Wbudowane 5G, Wi-Fi 6E, Bluetooth 5.2 i ulepszony GPS dla globalnej mobilno&#347;ci w terenie.<\/p>\n<\/li>\n<li data-start=\"1469\" data-end=\"1582\">\n<p data-start=\"1471\" data-end=\"1582\"><strong data-start=\"1471\" data-end=\"1496\">Wszechstronna forma<\/strong> &ndash; Opcjonalna klawiatura rugged i stacja dokuj&#261;ca do pojazd&oacute;w przekszta&#322;caj&#261; go w zamiennik laptopa.<\/p>\n<\/li>\n<li data-start=\"1583\" data-end=\"1681\">\n<p data-start=\"1585\" data-end=\"1681\"><strong data-start=\"1585\" data-end=\"1612\">Baterie wymieniane podczas pracy<\/strong> &ndash; opcje standardowa i rozszerzona zapewniaj&#261; nieprzerwan&#261; prac&#281; w trybie wielozmianowym.<\/p>\n<\/li>\n<li data-start=\"1682\" data-end=\"1780\">\n<p data-start=\"1684\" data-end=\"1780\"><strong data-start=\"1684\" data-end=\"1717\">Przechwytywanie danych klasy korporacyjnej<\/strong> &ndash; zintegrowany skaner kod&oacute;w kreskowych 2D i kamery o wysokiej rozdzielczo&#347;ci.<\/p>\n<\/li>\n<li data-start=\"1781\" data-end=\"1885\">\n<p data-start=\"1783\" data-end=\"1885\"><strong data-start=\"1783\" data-end=\"1811\">Narz&#281;dzia Zebra Mobility DNA<\/strong> &ndash; ekosystem oprogramowania do wdra&#380;ania urz&#261;dze&#324;, &#322;&#261;czno&#347;ci i bezpiecze&#324;stwa.<\/p>\n<\/li>\n<li data-start=\"1886\" data-end=\"1994\">\n<p data-start=\"1888\" data-end=\"1994\"><strong data-start=\"1888\" data-end=\"1911\">Ekosystem akcesori&oacute;w<\/strong> &ndash; dost&#281;pne stacje dokuj&#261;ce, uchwyty samochodowe i rozwi&#261;zania do &#322;adowania dla przedsi&#281;biorstw.<\/p>\n<\/li>\n<li data-start=\"1995\" data-end=\"2074\">\n<p data-start=\"1997\" data-end=\"2074\"><strong data-start=\"1997\" data-end=\"2018\">Gwarancja<\/strong> &ndash; standardowa 2-letnia ograniczona gwarancja firmy Zebra.<\/p>\n<\/li>\n<\/ul><h2 data-start=\"2076\" data-end=\"2136\">Kluczowe zalety tabletu Zebra ET65 Rugged Tablet dla przedsi&#281;biorstw<\/h2><h3 data-start=\"2138\" data-end=\"2176\">Rugged Performance Beyond Limits<\/h3><p data-start=\"2177\" data-end=\"2473\">Model ET65 zosta&#322; zaprojektowany z my&#347;l&#261; o pracy w najtrudniejszych warunkach. Dzi&#281;ki uszczelnieniu IP66\/IP68 jest odporny na kurz, ulewny deszcz i zanurzenie w wodzie. Certyfikat MIL-STD-810H zapewnia odporno&#347;&#263; na wibracje, wstrz&#261;sy i ekstremalne temperatury, dzi&#281;ki czemu jest to zaufane urz&#261;dzenie dla pracownik&oacute;w pierwszej linii.<\/p><h3 data-start=\"2475\" data-end=\"2509\">Jasny i czytelny w ka&#380;dym miejscu<\/h3><p data-start=\"2510\" data-end=\"2756\">12-calowy, bardzo jasny wy&#347;wietlacz zapewnia doskona&#322;&#261; czytelno&#347;&#263; nawet w bezpo&#347;rednim &#347;wietle s&#322;onecznym. Obs&#322;uga w r&#281;kawicach i na mokro pozwala na nieprzerwane u&#380;ytkowanie w trudnych warunkach pogodowych, umo&#380;liwiaj&#261;c pracownikom terenowym dost&#281;p do krytycznych danych i aplikacji bez &#380;adnych kompromis&oacute;w.<\/p><h3 data-start=\"2758\" data-end=\"2798\">Zoptymalizowany pod k&#261;tem &#322;&#261;czno&#347;ci na zewn&#261;trz<\/h3><p data-start=\"2799\" data-end=\"3092\">W przeciwie&#324;stwie do ET60, ET65 zosta&#322; zaprojektowany jako tablet 5G-first rugged. Dzi&#281;ki zaawansowanej funkcji GPS zapewnia bardzo dok&#322;adne pozycjonowanie, a 5G i Wi-Fi 6E zapewniaj&#261; ultraszybk&#261; komunikacj&#281; dla aplikacji wymagaj&#261;cych du&#380;ej ilo&#347;ci danych, takich jak strumieniowanie wideo na &#380;ywo, mapowanie GIS i zdalne inspekcje.<\/p><h3 data-start=\"3094\" data-end=\"3128\">Wydajno&#347;&#263; klasy korporacyjnej<\/h3><p data-start=\"3129\" data-end=\"3368\">Wyposa&#380;ony w procesor Qualcomm&reg; 6490, ET65 zapewnia pot&#281;&#380;n&#261; wielozadaniowo&#347;&#263; i wydajno&#347;&#263; gotow&#261; na AI. Od przemys&#322;owego gromadzenia danych IoT po wizualizacj&#281; CAD, ET65 zapewnia p&#322;ynne dzia&#322;anie i moc obliczeniow&#261; gotow&#261; na przysz&#322;o&#347;&#263;.<\/p><h3 data-start=\"3370\" data-end=\"3403\">Elastyczna wymiana laptopa<\/h3><p data-start=\"3404\" data-end=\"3669\">Opcjonalna klawiatura typu rugged i stacja dokuj&#261;ca do pojazd&oacute;w przekszta&#322;caj&#261; ET65 w alternatyw&#281; dla laptopa. Ta wszechstronno&#347;&#263; zmniejsza potrzeb&#281; korzystania z wielu urz&#261;dze&#324;, umo&#380;liwiaj&#261;c zespo&#322;om dostosowanie ET65 do r&oacute;&#380;nych przep&#322;yw&oacute;w pracy, zar&oacute;wno w biurze, poje&#378;dzie, jak i w terenie.<\/p><h3 data-start=\"3671\" data-end=\"3699\">Rozszerzona moc baterii<\/h3><p data-start=\"3700\" data-end=\"3907\">Opcje baterii wymienianych podczas pracy zapewniaj&#261; nieprzerwany czas pracy, nawet podczas podw&oacute;jnej zmiany. Pracownicy mog&#261; wymieni&#263; baterie w ci&#261;gu kilku sekund bez wy&#322;&#261;czania urz&#261;dzenia, zapewniaj&#261;c maksymaln&#261; produktywno&#347;&#263; w operacjach o krytycznym znaczeniu.<\/p><h3 data-start=\"3909\" data-end=\"3948\">Niezawodne przechwytywanie i obrazowanie danych<\/h3><p data-start=\"3949\" data-end=\"4192\">Zintegrowany skaner kod&oacute;w kreskowych 2D i kamery o wysokiej rozdzielczo&#347;ci sprawiaj&#261;, &#380;e ET65 idealnie nadaje si&#281; do &#347;ledzenia zasob&oacute;w, dokumentowania stanu i raportowania w czasie rzeczywistym. Technologia skanowania jest zoptymalizowana pod k&#261;tem dok&#322;adno&#347;ci nawet w trudnych warunkach.<\/p><h3 data-start=\"4194\" data-end=\"4227\">Bezpiecze&#324;stwo i gotowo&#347;&#263; do pracy w przedsi&#281;biorstwie<\/h3><p data-start=\"4228\" data-end=\"4463\">Dzi&#281;ki Zebra Mobility DNA, ET65 zapewnia bezpiecze&#324;stwo i &#322;atwo&#347;&#263; zarz&#261;dzania na poziomie korporacyjnym. Zespo&#322;y IT zyskuj&#261; kontrol&#281; dzi&#281;ki narz&#281;dziom takim jak StageNow, Enterprise Home Screen i WorryFree WiFi, zapewniaj&#261;c zoptymalizowan&#261; wydajno&#347;&#263; i ni&#380;szy ca&#322;kowity koszt posiadania.<\/p><h3 data-start=\"4465\" data-end=\"4494\">D&#322;ugoterminowa niezawodno&#347;&#263;<\/h3><p data-start=\"4495\" data-end=\"4700\">Model ET65 jest obj&#281;ty trzyletni&#261; ograniczon&#261; gwarancj&#261; i opcjonalnymi us&#322;ugami wsparcia firmy Zebra. Organizacje mog&#261; polega&#263; na sta&#322;ej wydajno&#347;ci i rozszerzonym zarz&#261;dzaniu cyklem &#380;ycia w przypadku wdro&#380;e&#324; o znaczeniu krytycznym.<\/p><h2 data-start=\"4702\" data-end=\"4755\">Idealne zastosowania dla tabletu Zebra ET65 Rugged Tablet<\/h2><ul data-start=\"4757\" data-end=\"5320\">\n<li data-start=\"4757\" data-end=\"4877\">\n<p data-start=\"4759\" data-end=\"4877\"><strong data-start=\"4759\" data-end=\"4786\">Bezpiecze&#324;stwo publiczne i obrona<\/strong> &ndash; Bezpieczne i wytrzyma&#322;e narz&#281;dzia komunikacyjne dla funkcjonariuszy pierwszej linii i s&#322;u&#380;b ratowniczych.<\/p>\n<\/li>\n<li data-start=\"4878\" data-end=\"4995\">\n<p data-start=\"4880\" data-end=\"4995\"><strong data-start=\"4880\" data-end=\"4909\">Us&#322;ugi komunalne i terenowe<\/strong> &ndash; niezawodno&#347;&#263; w trudnych warunkach pogodowych i odleg&#322;ych obszarach dzi&#281;ki zaawansowanemu GPS i &#322;&#261;czno&#347;ci 5G.<\/p>\n<\/li>\n<li data-start=\"4996\" data-end=\"5107\">\n<p data-start=\"4998\" data-end=\"5107\"><strong data-start=\"4998\" data-end=\"5028\">Transport i logistyka<\/strong> &ndash; przep&#322;ywy pracy w pojazdach, optymalizacja tras i udost&#281;pnianie danych w czasie rzeczywistym.<\/p>\n<\/li>\n<li data-start=\"5108\" data-end=\"5213\">\n<p data-start=\"5110\" data-end=\"5213\"><strong data-start=\"5110\" data-end=\"5140\">Konstrukcja i in&#380;ynieria<\/strong> &ndash; Trwa&#322;a konstrukcja i du&#380;y wy&#347;wietlacz wspieraj&#261; zarz&#261;dzanie projektem na miejscu.<\/p>\n<\/li>\n<li data-start=\"5214\" data-end=\"5320\">\n<p data-start=\"5216\" data-end=\"5320\"><strong data-start=\"5216\" data-end=\"5244\">Produkcja przemys&#322;owa<\/strong> &ndash; dzia&#322;a bez zarzutu w warunkach wibracji, zapylenia i waha&#324; temperatury.<\/p>\n<\/li>\n<\/ul><h2 data-start=\"145\" data-end=\"181\">Por&oacute;wnanie produkt&oacute;w Zebra ET65<\/h2><p data-start=\"183\" data-end=\"412\">Zebra ET65 bazuje na platformie ET60, zapewniaj&#261;c wi&#281;ksz&#261; gotowo&#347;&#263; do pracy na zewn&#261;trz dzi&#281;ki &#322;&#261;czno&#347;ci 5G i certyfikatowi IP68. Dla firm oceniaj&#261;cych alternatywy, inne wytrzyma&#322;e tablety dost&#281;pne w Micro Nordic obejmuj&#261;:<\/p><ul data-start=\"414\" data-end=\"855\">\n<li data-start=\"414\" data-end=\"574\">\n<p data-start=\"416\" data-end=\"574\"><a href=\"https:\/\/micronordic.com\/product\/zebra-et60-rugged-enterprise-tablet\/\"><strong data-start=\"416\" data-end=\"455\">Zebra ET60 Rugged Tablet dla przedsi&#281;biorstw<\/strong><\/a> &ndash; Podstawowa platforma o uniwersalnej obudowie i wzmocnionej wydajno&#347;ci, idealna do pracy w r&oacute;&#380;nych &#347;rodowiskach wewn&#261;trz i na zewn&#261;trz budynk&oacute;w.<\/p>\n<\/li>\n<li data-start=\"575\" data-end=\"698\">\n<p data-start=\"577\" data-end=\"698\"><a href=\"https:\/\/micronordic.com\/product\/getac-f110-touch-fully-rugged-tablet\/\"><strong data-start=\"577\" data-end=\"611\">Getac F110 Fully Rugged Tablet<\/strong><\/a> &ndash; W pe&#322;ni wzmocniony tablet z systemem Windows o przek&#261;tnej 11,6&Prime; przeznaczony do pracy w terenie i w warunkach przemys&#322;owych.<\/p>\n<\/li>\n<li data-start=\"699\" data-end=\"855\">\n<p data-start=\"701\" data-end=\"855\"><a href=\"https:\/\/micronordic.com\/product\/panasonic-toughpad-fz-m1-refurbished\/\"><strong data-start=\"701\" data-end=\"758\">Rugged Tablet Panasonic TOUGHBOOK FZ-M1<\/strong><\/a> &ndash; Kompaktowy 7-calowy Rugged Tablet oferuj&#261;cy przeno&#347;no&#347;&#263; i przyst&#281;pn&#261; cen&#281; do specjalistycznych zastosowa&#324;.<\/p>\n<\/li>\n<\/ul>\n","protected":false},"excerpt":{"rendered":"<h3>Specyfikacje:<\/h3>\n<ul>\n<li><strong>Wy\u015bwietlacz:<\/strong> 12\u2033 ultra-jasny ekran dotykowy FHD, 1000+ nit\u00f3w, obs\u0142uga dotyku w r\u0119kawiczkach i na mokro<\/li>\n<li><strong>Procesor:<\/strong> O\u015bmiordzeniowy procesor Qualcomm\u00ae 6490 z akceleracj\u0105 AI<\/li>\n<li><strong>Grafika:<\/strong> Zintegrowany procesor graficzny Qualcomm Adreno<\/li>\n<li><strong>Pami\u0119\u0107:<\/strong> Do 8 GB RAM<\/li>\n<li><strong>Pami\u0119\u0107 masowa:<\/strong> 64 GB &#8211; 128 GB UFS, z mo\u017cliwo\u015bci\u0105 rozszerzenia przez microSD<\/li>\n<li><strong>\u0141\u0105czno\u015b\u0107:<\/strong> 5G, Wi-Fi 6E, Bluetooth 5.2, GPS<\/li>\n<li><strong>Certyfikaty rugged:<\/strong> MIL-STD-810H, IP66\/IP68, odporno\u015b\u0107 na upadki<\/li>\n<li><strong>Bezpiecze\u0144stwo:<\/strong> Bezpiecze\u0144stwo Android Enterprise, kompatybilno\u015b\u0107 z EMM<\/li>\n<li><strong>Bateria:<\/strong> Standardowa i rozszerzona bateria z mo\u017cliwo\u015bci\u0105 wymiany podczas pracy<\/li>\n<li><strong>Wymiary i waga:<\/strong> Model ok. 12\u2033, ~1,3 kg<\/li>\n<li><strong>Gwarancja:<\/strong> Standardowa 2-letnia ograniczona gwarancja<\/li>\n<\/ul>\n","protected":false},"author":24,"featured_media":100169,"template":"","meta":{"_acf_changed":false,"inline_featured_image":false},"product-condition":[5249],"product_brand":[9016],"product_cat":[5202,5197,5195],"product_tag":[],"class_list":{"0":"post-46252","1":"product","2":"type-product","3":"status-publish","4":"has-post-thumbnail","6":"product-condition-new-in-box","7":"product_brand-zebra","8":"product_cat-all-rugged-tablets","9":"product_cat-new-in-box-rugged-hardware","10":"product_cat-zebra","12":"first","13":"instock","14":"taxable","15":"shipping-taxable","16":"purchasable","17":"product-type-simple"},"acf":[],"_links":{"self":[{"href":"https:\/\/micronordic.com\/pl\/wp-json\/wp\/v2\/product\/46252","targetHints":{"allow":["GET"]}}],"collection":[{"href":"https:\/\/micronordic.com\/pl\/wp-json\/wp\/v2\/product"}],"about":[{"href":"https:\/\/micronordic.com\/pl\/wp-json\/wp\/v2\/types\/product"}],"author":[{"embeddable":true,"href":"https:\/\/micronordic.com\/pl\/wp-json\/wp\/v2\/users\/24"}],"version-history":[{"count":4,"href":"https:\/\/micronordic.com\/pl\/wp-json\/wp\/v2\/product\/46252\/revisions"}],"predecessor-version":[{"id":99083,"href":"https:\/\/micronordic.com\/pl\/wp-json\/wp\/v2\/product\/46252\/revisions\/99083"}],"wp:featuredmedia":[{"embeddable":true,"href":"https:\/\/micronordic.com\/pl\/wp-json\/wp\/v2\/media\/100169"}],"wp:attachment":[{"href":"https:\/\/micronordic.com\/pl\/wp-json\/wp\/v2\/media?parent=46252"}],"wp:term":[{"taxonomy":"product-condition","embeddable":true,"href":"https:\/\/micronordic.com\/pl\/wp-json\/wp\/v2\/product-condition?post=46252"},{"taxonomy":"product_brand","embeddable":true,"href":"https:\/\/micronordic.com\/pl\/wp-json\/wp\/v2\/product_brand?post=46252"},{"taxonomy":"product_cat","embeddable":true,"href":"https:\/\/micronordic.com\/pl\/wp-json\/wp\/v2\/product_cat?post=46252"},{"taxonomy":"product_tag","embeddable":true,"href":"https:\/\/micronordic.com\/pl\/wp-json\/wp\/v2\/product_tag?post=46252"}],"curies":[{"name":"wp","href":"https:\/\/api.w.org\/{rel}","templated":true}]}}