{"id":46250,"date":"2024-08-02T13:58:55","date_gmt":"2024-08-02T11:58:55","guid":{"rendered":"https:\/\/micronordic.com\/product\/zebra-et60-rugged-enterprise-tablet-new\/"},"modified":"2025-11-24T12:17:16","modified_gmt":"2025-11-24T11:17:16","slug":"zebra-et60-rugged-enterprise-tablet","status":"publish","type":"product","link":"https:\/\/micronordic.com\/pl\/product\/zebra-et60-rugged-enterprise-tablet\/","title":{"rendered":"Zebra ET60 Rugged Tablet (NOWO\u015a\u0106)"},"content":{"rendered":"<?xml encoding=\"utf-8\" ?><h2 data-start=\"341\" data-end=\"380\">Zebra ET60 Rugged Tablet dla przedsi&#281;biorstw<\/h2><p data-start=\"382\" data-end=\"886\"><strong data-start=\"386\" data-end=\"425\">Zebra ET60 Rugged Tablet dla przedsi&#281;biorstw<\/strong> to w pe&#322;ni wytrzyma&#322;e urz&#261;dzenie zaprojektowane do pracy w najbardziej wymagaj&#261;cych &#347;rodowiskach. Stworzony z my&#347;l&#261; o zapewnieniu niezawodnej wydajno&#347;ci w bran&#380;ach takich jak logistyka, produkcja, us&#322;ugi komunalne i bezpiecze&#324;stwo publiczne, ET60 zapewnia wyj&#261;tkow&#261; trwa&#322;o&#347;&#263;, szybk&#261; &#322;&#261;czno&#347;&#263; i elastyczne konfiguracje. Dzi&#281;ki opcjonalnym od&#322;&#261;czanym klawiaturom i samochodowej stacji dokuj&#261;cej mo&#380;na go &#322;atwo przekszta&#322;ci&#263; w wytrzyma&#322;y zamiennik laptopa, co czyni go jednym z najbardziej wszechstronnych tablet&oacute;w rugged firmy Zebra. Nowe produkty s&#261; obj&#281;te 2-letni&#261; gwarancj&#261; producenta.<\/p><h2 data-start=\"888\" data-end=\"937\">Najwa&#380;niejsze cechy tabletu Zebra ET60 Rugged Tablet<\/h2><ul data-start=\"939\" data-end=\"1969\">\n<li data-start=\"939\" data-end=\"1044\">\n<p data-start=\"941\" data-end=\"1044\"><strong data-start=\"941\" data-end=\"964\">W pe&#322;ni wytrzyma&#322;a konstrukcja<\/strong> &ndash; certyfikat MIL-STD-810H, klasa szczelno&#347;ci IP66 i odporno&#347;&#263; na upadki zapewniaj&#261; ekstremaln&#261; trwa&#322;o&#347;&#263;.<\/p>\n<\/li>\n<li data-start=\"1045\" data-end=\"1161\">\n<p data-start=\"1047\" data-end=\"1161\"><strong data-start=\"1047\" data-end=\"1079\">12-calowy wy&#347;wietlacz do odczytu na zewn&#261;trz<\/strong> &ndash; bardzo jasny ekran dotykowy z obs&#322;ug&#261; dotyku w r&#281;kawiczkach i na mokro w ka&#380;dych warunkach.<\/p>\n<\/li>\n<li data-start=\"1162\" data-end=\"1257\">\n<p data-start=\"1164\" data-end=\"1257\"><strong data-start=\"1164\" data-end=\"1187\">Wydajne przetwarzanie<\/strong> &ndash; o&#347;miordzeniowy procesor Qualcomm&reg; 6490 z zaawansowanymi mo&#380;liwo&#347;ciami AI.<\/p>\n<\/li>\n<li data-start=\"1258\" data-end=\"1382\">\n<p data-start=\"1260\" data-end=\"1382\"><strong data-start=\"1260\" data-end=\"1284\">Elastyczna forma<\/strong> &ndash; konwertowalna konstrukcja z opcjonaln&#261; klawiatur&#261; rugged i stacj&#261; dokuj&#261;c&#261; dla pojazd&oacute;w do pracy w stylu laptopa.<\/p>\n<\/li>\n<li data-start=\"1383\" data-end=\"1488\">\n<p data-start=\"1385\" data-end=\"1488\"><strong data-start=\"1385\" data-end=\"1418\">&#321;&#261;czno&#347;&#263; klasy korporacyjnej<\/strong> &ndash; Wi-Fi 6E, Bluetooth 5.2, GPS i opcjonalnie 5G dla mobilno&#347;ci w terenie.<\/p>\n<\/li>\n<li data-start=\"1489\" data-end=\"1577\">\n<p data-start=\"1491\" data-end=\"1577\"><strong data-start=\"1491\" data-end=\"1515\">D&#322;ugotrwa&#322;a bateria<\/strong> &ndash; opcje baterii o du&#380;ej pojemno&#347;ci z mo&#380;liwo&#347;ci&#261; wymiany podczas pracy.<\/p>\n<\/li>\n<li data-start=\"1578\" data-end=\"1668\">\n<p data-start=\"1580\" data-end=\"1668\"><strong data-start=\"1580\" data-end=\"1605\">Zaawansowane przechwytywanie danych<\/strong> &ndash; zintegrowany skaner kod&oacute;w kreskowych 2D i kamery o wysokiej rozdzielczo&#347;ci.<\/p>\n<\/li>\n<li data-start=\"1669\" data-end=\"1779\">\n<p data-start=\"1671\" data-end=\"1779\"><strong data-start=\"1671\" data-end=\"1699\">Narz&#281;dzia Zebra Mobility DNA<\/strong> &ndash; wst&#281;pnie za&#322;adowany pakiet oprogramowania do wdra&#380;ania, zarz&#261;dzania i bezpiecznej eksploatacji.<\/p>\n<\/li>\n<li data-start=\"1780\" data-end=\"1889\">\n<p data-start=\"1782\" data-end=\"1889\"><strong data-start=\"1782\" data-end=\"1805\">Modu&#322;owe akcesoria<\/strong> &ndash; obs&#322;uga stacji dokuj&#261;cych, uchwyt&oacute;w, modu&#322;&oacute;w rozszerze&#324; i rozwi&#261;za&#324; do &#322;adowania dla przedsi&#281;biorstw.<\/p>\n<\/li>\n<li data-start=\"1890\" data-end=\"1969\">\n<p data-start=\"1892\" data-end=\"1969\"><strong data-start=\"1892\" data-end=\"1913\">Gwarancja w zestawie<\/strong> &ndash; standardowa 2-letnia ograniczona gwarancja firmy Zebra.<\/p>\n<\/li>\n<\/ul><h2 data-start=\"1971\" data-end=\"2031\">Kluczowe zalety tabletu Zebra ET60 Rugged Tablet dla przedsi&#281;biorstw<\/h2><h3 data-start=\"2033\" data-end=\"2080\">Niezawodno&#347;&#263; w trudnych warunkach pracy dzi&#281;ki technologii Rugged<\/h3><p data-start=\"2081\" data-end=\"2368\">ET60 zosta&#322; zaprojektowany specjalnie do pracy w ekstremalnych warunkach, z certyfikatem MIL-STD-810H i uszczelnieniem IP66, kt&oacute;re chroni przed kurzem, wod&#261;, wibracjami i ekstremalnymi temperaturami. Od magazyn&oacute;w po prac&#281; w terenie, ET60 zapewnia nieprzerwan&#261; wydajno&#347;&#263; tam, gdzie tablety konsumenckie mog&#322;yby zawie&#347;&#263;.<\/p><h3 data-start=\"2370\" data-end=\"2403\">Doskona&#322;a widoczno&#347;&#263; wy&#347;wietlacza<\/h3><p data-start=\"2404\" data-end=\"2697\">Dzi&#281;ki du&#380;emu, 12-calowemu, bardzo jasnemu wy&#347;wietlaczowi, ET60 oferuje doskona&#322;&#261; czytelno&#347;&#263; zar&oacute;wno w pomieszczeniach, jak i na zewn&#261;trz. Ekran obs&#322;uguje wprowadzanie danych dotykowych w r&#281;kawicach i na mokro, co u&#322;atwia obs&#322;ug&#281; w deszczu, &#347;niegu lub zapylonym otoczeniu. Ta widoczno&#347;&#263; jest niezb&#281;dna dla pracownik&oacute;w, kt&oacute;rzy polegaj&#261; na danych w czasie rzeczywistym w terenie.<\/p><h3 data-start=\"2699\" data-end=\"2732\">Wysoka wydajno&#347;&#263; przetwarzania<\/h3><p data-start=\"2733\" data-end=\"3031\">Zasilany o&#347;miordzeniowym procesorem Qualcomm&reg; 6490, ET60 zapewnia wydajno&#347;&#263; klasy korporacyjnej dla wymagaj&#261;cych obci&#261;&#380;e&#324;, takich jak mapowanie GIS, &#347;ledzenie logistyki i z&#322;o&#380;one aplikacje us&#322;ug terenowych. Jego architektura gotowa na sztuczn&#261; inteligencj&#281; zapewnia przysz&#322;o&#347;ciow&#261; zdolno&#347;&#263; adaptacji do nowych rozwi&#261;za&#324; korporacyjnych.<\/p><h3 data-start=\"3033\" data-end=\"3060\">Wszechstronny format<\/h3><p data-start=\"3061\" data-end=\"3317\">ET60 to co&#347; wi&#281;cej ni&#380; tablet. Dzi&#281;ki opcjonalnej wytrzyma&#322;ej klawiaturze i samochodowej stacji dokuj&#261;cej, mo&#380;e funkcjonowa&#263; jako zamiennik laptopa. Ta wszechstronno&#347;&#263; pozwala organizacjom na zmniejszenie floty urz&#261;dze&#324; poprzez konsolidacj&#281; laptop&oacute;w i tablet&oacute;w w jedn&#261; platform&#281;.<\/p><h3 data-start=\"3319\" data-end=\"3357\">&#321;&#261;czno&#347;&#263; korporacyjna w dowolnym miejscu<\/h3><p data-start=\"3358\" data-end=\"3603\">Obs&#322;uguj&#261;c Wi-Fi 6E, Bluetooth 5.2, GPS i opcjonalnie 5G, ET60 zapewnia zespo&#322;om &#322;&#261;czno&#347;&#263; w ka&#380;dej sytuacji. Niezale&#380;nie od tego, czy chodzi o fabryk&#281;, poruszaj&#261;cy si&#281; pojazd, czy zdalne operacje w terenie, niezawodna szybka komunikacja zapewnia ci&#261;g&#322;&#261; produktywno&#347;&#263;.<\/p><h3 data-start=\"3605\" data-end=\"3641\">Rozszerzona moc dla d&#322;ugich zmian<\/h3><p data-start=\"3642\" data-end=\"3883\">Zaprojektowany do ca&#322;odziennego u&#380;ytku, ET60 oferuje baterie o du&#380;ej pojemno&#347;ci z obs&#322;ug&#261; hot-swap, umo&#380;liwiaj&#261;c pracownikom wymian&#281; baterii w podr&oacute;&#380;y bez przerywania pracy. Dzi&#281;ki temu nadaje si&#281; szczeg&oacute;lnie do d&#322;ugich zmian i pracy w trybie 24\/7.<\/p><h3 data-start=\"3885\" data-end=\"3920\">Zaawansowane skanowanie i obrazowanie<\/h3><p data-start=\"3921\" data-end=\"4149\">Dzi&#281;ki zintegrowanemu skanerowi 2D i kamerom o wysokiej rozdzielczo&#347;ci, ET60 umo&#380;liwia szybkie i dok&#322;adne przechwytywanie danych. Od skanowania kod&oacute;w kreskowych w logistyce po dokumentacj&#281; obrazow&#261; w us&#322;ugach terenowych, poprawia wydajno&#347;&#263; i zmniejsza liczb&#281; b&#322;&#281;d&oacute;w.<\/p><h3 data-start=\"4151\" data-end=\"4179\">Ekosystem DNA mobilno&#347;ci<\/h3><p data-start=\"4180\" data-end=\"4421\">Wst&#281;pnie za&#322;adowany pakiet oprogramowania Mobility DNA firmy Zebra, ET60 stanowi kompletne rozwi&#261;zanie dla przedsi&#281;biorstw. Narz&#281;dzia do wdra&#380;ania, zabezpieczania, optymalizacji &#322;&#261;czno&#347;ci i zarz&#261;dzania u&#380;ytkownikami zapewniaj&#261; zespo&#322;om IT kontrol&#281;, jednocze&#347;nie zwi&#281;kszaj&#261;c produktywno&#347;&#263; pracownik&oacute;w.<\/p><h3 data-start=\"4423\" data-end=\"4467\">Wsparcie i gwarancja firmy Zebra<\/h3><p data-start=\"4468\" data-end=\"4695\">ET60 jest obj&#281;ty trzyletni&#261; ograniczon&#261; gwarancj&#261;, co zapewnia d&#322;ugoterminow&#261; niezawodno&#347;&#263;. Oferowane przez firm&#281; Zebra us&#322;ugi wsparcia dla przedsi&#281;biorstw dodatkowo rozszerzaj&#261; zakres zarz&#261;dzania cyklem eksploatacji, zapewniaj&#261;c przedsi&#281;biorstwom spok&oacute;j ducha i ni&#380;szy ca&#322;kowity koszt posiadania.<\/p><h2 data-start=\"4697\" data-end=\"4750\">Idealne zastosowania dla tabletu Zebra ET60 Rugged Tablet<\/h2><ul data-start=\"4752\" data-end=\"5297\">\n<li data-start=\"4752\" data-end=\"4865\">\n<p data-start=\"4754\" data-end=\"4865\"><strong data-start=\"4754\" data-end=\"4781\">Logistyka i magazynowanie<\/strong> &ndash; &#347;ledzenie zapas&oacute;w w czasie rzeczywistym, skanowanie kod&oacute;w kreskowych i przep&#322;ywy pracy na w&oacute;zkach wid&#322;owych.<\/p>\n<\/li>\n<li data-start=\"4866\" data-end=\"4975\">\n<p data-start=\"4868\" data-end=\"4975\"><strong data-start=\"4868\" data-end=\"4897\">Serwis terenowy i us&#322;ugi komunalne<\/strong> &ndash; Trwa&#322;e i po&#322;&#261;czone urz&#261;dzenie do inspekcji, raportowania i konserwacji.<\/p>\n<\/li>\n<li data-start=\"4976\" data-end=\"5085\">\n<p data-start=\"4978\" data-end=\"5085\"><strong data-start=\"4978\" data-end=\"4995\">Produkcja<\/strong> &ndash; niezawodno&#347;&#263; w &#347;rodowiskach produkcyjnych, w kt&oacute;rych wyst&#281;puje zapylenie, wibracje i wysokie temperatury.<\/p>\n<\/li>\n<li data-start=\"5086\" data-end=\"5189\">\n<p data-start=\"5088\" data-end=\"5189\"><strong data-start=\"5088\" data-end=\"5115\">Bezpiecze&#324;stwo publiczne i obrona<\/strong> &ndash; bezpieczna komunikacja i wysoka wydajno&#347;&#263; na pierwszej linii frontu.<\/p>\n<\/li>\n<li data-start=\"5190\" data-end=\"5297\">\n<p data-start=\"5192\" data-end=\"5297\"><strong data-start=\"5192\" data-end=\"5224\">Zarz&#261;dzanie transportem i flot&#261;<\/strong> &ndash; rozwi&#261;zania do dokowania i &#322;&#261;czno&#347;&#263; 5G umo&#380;liwiaj&#261; tworzenie mobilnych centr&oacute;w dowodzenia.<\/p>\n<\/li>\n<\/ul><h2 data-start=\"139\" data-end=\"175\">Por&oacute;wnanie produkt&oacute;w Zebra ET60<\/h2><p data-start=\"177\" data-end=\"374\">Zebra ET60 Rugged Tablet zapewnia niezr&oacute;wnan&#261; wszechstronno&#347;&#263;, wype&#322;niaj&#261;c luk&#281; mi&#281;dzy wytrzyma&#322;ymi tabletami i laptopami. Dla firm por&oacute;wnuj&#261;cych alternatywy, inne urz&#261;dzenia rugged dost&#281;pne w MicroNordic obejmuj&#261;:<\/p><ul data-start=\"376\" data-end=\"778\">\n<li data-start=\"376\" data-end=\"501\">\n<p data-start=\"378\" data-end=\"501\"><a href=\"https:\/\/micronordic.com\/product\/zebra-et65-rugged-enterprise-tablet\/\"><strong data-start=\"378\" data-end=\"417\">Zebra ET65 Rugged Tablet dla przedsi&#281;biorstw<\/strong><\/a> &ndash; Blisko spokrewniony model z zaawansowanymi funkcjami outdoorowymi i konstrukcj&#261; dostosowan&#261; do sieci 5G.<\/p>\n<\/li>\n<li data-start=\"502\" data-end=\"634\">\n<p data-start=\"504\" data-end=\"634\"><a href=\"https:\/\/micronordic.com\/product\/getac-f110-touch-fully-rugged-tablet\/\"><strong data-start=\"504\" data-end=\"538\">Getac F110 Fully Rugged Tablet<\/strong><\/a> &ndash; W pe&#322;ni wytrzyma&#322;y tablet z systemem Windows o przek&#261;tnej 11,6&Prime; przeznaczony do wymagaj&#261;cych zastosowa&#324; przemys&#322;owych i terenowych.<\/p>\n<\/li>\n<li data-start=\"635\" data-end=\"778\">\n<p data-start=\"637\" data-end=\"778\"><a href=\"https:\/\/micronordic.com\/product\/panasonic-toughpad-fz-m1-refurbished\/\"><strong data-start=\"637\" data-end=\"694\">Panasonic TOUGHBOOK FZ-M1 Rugged Tablet (odnowiony)<\/strong><\/a> &ndash; Mniejszy 7-calowy tablet typu rugged zapewniaj&#261;cy przeno&#347;no&#347;&#263; w specjalistycznych zastosowaniach.<\/p>\n<\/li>\n<\/ul>\n","protected":false},"excerpt":{"rendered":"<h3>Specyfikacje:<\/h3>\n<ul>\n<li><strong>Wy\u015bwietlacz:<\/strong> 12\u2033 bardzo jasny ekran dotykowy, czytelny w \u015bwietle s\u0142onecznym, obs\u0142uga dotyku w r\u0119kawiczkach i na mokro<\/li>\n<li><strong>Procesor:<\/strong> O\u015bmiordzeniowy procesor Qualcomm\u00ae 6490 z akceleracj\u0105 AI<\/li>\n<li><strong>Grafika:<\/strong> Zintegrowany procesor graficzny Qualcomm Adreno<\/li>\n<li><strong>Pami\u0119\u0107:<\/strong> Do 8 GB RAM<\/li>\n<li><strong>Pami\u0119\u0107 masowa:<\/strong> 64 GB &#8211; 128 GB UFS, z mo\u017cliwo\u015bci\u0105 rozszerzenia przez microSD<\/li>\n<li><strong>\u0141\u0105czno\u015b\u0107:<\/strong> Wi-Fi 6E, Bluetooth 5.2, GPS, opcjonalnie 5G<\/li>\n<li><strong>Certyfikaty rugged:<\/strong> MIL-STD-810H, IP66, odporno\u015b\u0107 na upadki<\/li>\n<li><strong>Bezpiecze\u0144stwo:<\/strong> Bezpiecze\u0144stwo Android Enterprise, kompatybilno\u015b\u0107 z EMM<\/li>\n<li><strong>Bateria:<\/strong> Standardowa i rozszerzona bateria z mo\u017cliwo\u015bci\u0105 wymiany podczas pracy<\/li>\n<li><strong>Wymiary i waga:<\/strong> Model ok. 12\u2033, ~1,3 kg<\/li>\n<li><strong>Gwarancja:<\/strong> Standardowa 2-letnia ograniczona gwarancja<\/li>\n<\/ul>\n","protected":false},"author":24,"featured_media":100169,"template":"","meta":{"_acf_changed":false,"inline_featured_image":false},"product-condition":[5249],"product_brand":[9016],"product_cat":[5202,5197,5195],"product_tag":[],"class_list":{"0":"post-46250","1":"product","2":"type-product","3":"status-publish","4":"has-post-thumbnail","6":"product-condition-new-in-box","7":"product_brand-zebra","8":"product_cat-all-rugged-tablets","9":"product_cat-new-in-box-rugged-hardware","10":"product_cat-zebra","12":"first","13":"instock","14":"taxable","15":"shipping-taxable","16":"purchasable","17":"product-type-simple"},"acf":[],"_links":{"self":[{"href":"https:\/\/micronordic.com\/pl\/wp-json\/wp\/v2\/product\/46250","targetHints":{"allow":["GET"]}}],"collection":[{"href":"https:\/\/micronordic.com\/pl\/wp-json\/wp\/v2\/product"}],"about":[{"href":"https:\/\/micronordic.com\/pl\/wp-json\/wp\/v2\/types\/product"}],"author":[{"embeddable":true,"href":"https:\/\/micronordic.com\/pl\/wp-json\/wp\/v2\/users\/24"}],"version-history":[{"count":4,"href":"https:\/\/micronordic.com\/pl\/wp-json\/wp\/v2\/product\/46250\/revisions"}],"predecessor-version":[{"id":99093,"href":"https:\/\/micronordic.com\/pl\/wp-json\/wp\/v2\/product\/46250\/revisions\/99093"}],"wp:featuredmedia":[{"embeddable":true,"href":"https:\/\/micronordic.com\/pl\/wp-json\/wp\/v2\/media\/100169"}],"wp:attachment":[{"href":"https:\/\/micronordic.com\/pl\/wp-json\/wp\/v2\/media?parent=46250"}],"wp:term":[{"taxonomy":"product-condition","embeddable":true,"href":"https:\/\/micronordic.com\/pl\/wp-json\/wp\/v2\/product-condition?post=46250"},{"taxonomy":"product_brand","embeddable":true,"href":"https:\/\/micronordic.com\/pl\/wp-json\/wp\/v2\/product_brand?post=46250"},{"taxonomy":"product_cat","embeddable":true,"href":"https:\/\/micronordic.com\/pl\/wp-json\/wp\/v2\/product_cat?post=46250"},{"taxonomy":"product_tag","embeddable":true,"href":"https:\/\/micronordic.com\/pl\/wp-json\/wp\/v2\/product_tag?post=46250"}],"curies":[{"name":"wp","href":"https:\/\/api.w.org\/{rel}","templated":true}]}}